{"id":32330,"date":"2023-07-27T03:28:00","date_gmt":"2023-07-27T01:28:00","guid":{"rendered":"https:\/\/staging.praxas.com\/product\/sin%20categor\u00eda\/dpm-950\/"},"modified":"2025-10-09T09:43:50","modified_gmt":"2025-10-09T07:43:50","slug":"dpm-950","status":"publish","type":"product","link":"https:\/\/praxas.com\/es\/product\/uncategorized-es\/dpm-950\/","title":{"rendered":"DPM 950"},"content":{"rendered":"<p>Este medidor de panel grande tiene una pantalla LCD de 3\u00bd d\u00edgitos con una altura de d\u00edgitos de 19 mm (0,75&#8243;) y retroiluminaci\u00f3n LED. Con lectura de 200 mV c.c. a fondo de escala, autocero y autopolaridad, este medidor se conecta directamente a una toma IDC de 16 v\u00edas y se puede instalar en un panel mediante el bisel, la ventana y los clips suministrados. El DPM 950 es una pieza popular de bajo coste, normalmente almacenada en grandes cantidades y adecuada para nuevos dise\u00f1os.<\/p>\n","protected":false},"excerpt":{"rendered":"<p>Volt\u00edmetro LCD grande con retroiluminaci\u00f3n LED<\/p>\n","protected":false},"featured_media":32331,"template":"","meta":{"_acf_changed":false,"content-type":"","_uag_custom_page_level_css":""},"product_brand":[],"product_cat":[2646],"product_tag":[],"class_list":{"0":"post-32330","1":"product","2":"type-product","3":"status-publish","4":"has-post-thumbnail","6":"product_cat-uncategorized-es","8":"first","9":"instock","10":"taxable","11":"shipping-taxable","12":"purchasable","13":"product-type-simple"},"bundled_by":[],"bundle_stock_status":"instock","bundle_stock_quantity":100,"bundle_virtual":false,"bundle_layout":"","bundle_add_to_cart_form_location":"","bundle_editable_in_cart":false,"bundle_sold_individually_context":"","bundle_item_grouping":"","bundle_min_size":"","bundle_max_size":"","bundle_price":[],"bundled_items":[],"bundle_sell_ids":[],"acf":[],"spectra_custom_meta":{"_wcml_average_rating":[null],"_wcml_review_count":[null],"_wcml_rating_count":[null],"_download_limit":["-1","-1"],"_download_expiry":["-1","-1"],"_downloadable":["no","no"],"_sku":["DPM 950","DPM 950"],"_stock_status":["instock","instock","instock","instock","instock","instock"],"_sold_individually":["no","no"],"_tax_class":["",""],"_tax_status":["taxable","taxable"],"_virtual":["no","no"],"_weight":["0.063"],"_width":["0"],"_height":["0"],"_length":["0"],"total_sales":["0","0"],"product_datasheet":["10892"],"_product_datasheet":["field_650ad7d6ea3a0"],"_connectivity":["field_64dce263bb57c"],"brand":["Lascar"],"_brand":["field_64ddf62ed2593"],"brand_image":["10548"],"_brand_image":["field_650c5e7c84cae"],"_specifications_table":["field_65044e1db92a8"],"_resources":["field_650849c6945ee"],"_accessories":["field_650849e6945f0"],"_faqs":["field_650859523d8d5"],"_calibration_suitable_ids_gb":["field_654b4c4acb54a"],"_calibration_suitable_ids_us":["field_654b4c56cb54b"],"_show_in_calibration_suitable":["field_654cfb691d345"],"_usd_price_4":["field_651570dcac479"],"_usd_price_9":["field_6515713eb4807"],"_usd_price_24":["field_65157141b4809"],"_usd_price_49":["field_65157140b4808"],"_usd_price_99":["field_6515715bb480a"],"_gbp_price_4":["field_6515716e83bfa"],"_gbp_price_9":["field_6515724783bfb"],"_gbp_price_24":["field_6515724b83bfc"],"_gbp_price_49":["field_6515725983bfd"],"_gbp_price_99":["field_6515725d83bfe"],"_usdhk_price_4":["field_6515726f83bff"],"_usdhk_price_9":["field_6515727c83c00"],"_usdhk_price_24":["field_6515728083c01"],"_usdhk_price_49":["field_6515728983c02"],"_usdhk_price_99":["field_6515728e83c03"],"stock_options":["In stock"],"_stock_options":["field_6544b605dc7f9"],"_top_nav_excluded":[""],"_cms_nav_minihome":[""],"wcml_sync_hash":["a:1:{s:15:\"postmeta_fields\";s:32:\"f7699496f0feb742e0e2085e2b21a9b1\";}"],"attr_label_translations":["a:0:{}"],"_product_attributes":["a:1:{s:17:\"pa_product-family\";a:6:{s:4:\"name\";s:17:\"pa_product-family\";s:5:\"value\";s:0:\"\";s:8:\"position\";i:0;s:10:\"is_visible\";i:1;s:12:\"is_variation\";i:0;s:11:\"is_taxonomy\";i:1;}}"],"_product_image_gallery":["32332,32333,32334"],"_thumbnail_id":["32331"],"_crosssell_ids":["a:0:{}"],"_stock":["100.000000"],"connectivity":[""],"_display_data_alarm":["field_667d647bcb066"],"_calibration":["field_66a0ddd599972"],"_shipping":["field_66852535c98a5"],"_refrigerant_cabinet":["field_66852557c98a6"],"_main_specifications":["field_66855b25b1245"],"_last_translation_edit_mode":["translation-editor"],"_backorders":["no","no"],"_manage_stock":["no","no"],"rank_math_primary_product_cat":["0"],"faqs":["<span class=\"ui-provider bge bgf bgd bgg bgh bgi bgj bgk bgl bgm bgn bgo bgp bgq bgr bgs bgt bgu bgv bgw bgx bgy bgz bha bhb bhc bhd bhe bhf bhg bhh bhi bhj bhk bhl\" dir=\"ltr\">[accordion]\n[accordion_header]Tengo algunas dudas sobre la aplicaci\u00f3n de mi panel de instrumentos. \u00bfHay alguna gu\u00eda de solicitud que pueda consultar?[\/accordion_header]\n[accordion_section]S\u00ed, consulta nuestra <strong><a href=\"\/wp-content\/uploads\/display_application_notes_iss_3-1.pdf\">Gu\u00eda de Aplicaci\u00f3n de Instrumentaci\u00f3n de Paneles<\/a><\/strong>[\/accordion_section]\n[\/accordion]<\/span>\n\n<a class=\"button button-secondary\" href=\"\/support\/panel-instruments\/\">M\u00e1s apoyo<\/a>"],"usd_price_4":["0.00"],"usd_price_9":["0.00"],"usd_price_24":["0.00"],"usd_price_49":["0.00"],"usd_price_99":["0.00"],"gbp_price_49":["0.00"],"gbp_price_99":["0.00"],"usdhk_price_49":["0.00"],"usdhk_price_99":["0.00"],"_wpml_word_count":["87"],"_other_features":[""],"min_temp":[""],"max_temp":[""],"_min_temp":[""],"_max_temp":[""],"_other_features_arctiko":[""],"rank_math_title":["DPM 950 | Volt\u00edmetro LCD grande con retroiluminaci\u00f3n LED | Praxas"],"rank_math_description":["\u00a1Descubre el DPM 950! Un volt\u00edmetro LCD grande de Lascar con retroiluminaci\u00f3n LED, altura de los d\u00edgitos de 19 mm y lectura de escala completa de 200 mV. Perfecto para dise\u00f1os innovadores."],"rank_math_focus_keyword":["DPM 950"],"specifications_table":["<table class=\"specifications\">\n<tbody>\n<tr class=\"even-row\">\n<td class=\"left-td\">Precisi\u00f3n (error global)<\/td>\n<td>0,05 0,1 % (\u00b11 recuento)<\/td>\n<\/tr>\n<tr class=\"odd-row\">\n<td class=\"left-td\">Temperatura de funcionamiento<\/td>\n<td>De 0 a 50 \u00b0C (de 32 a 122 \u00b0F)<\/td>\n<\/tr>\n<tr class=\"even-row\">\n<td class=\"left-td\">Frecuencia de muestreo<\/td>\n<td>3 muestras\/seg<\/td>\n<\/tr>\n<tr class=\"odd-row\">\n<td class=\"left-td\">Tensi\u00f3n de alimentaci\u00f3n<\/td>\n<td>7,5 a 14 V c.c.<\/td>\n<\/tr>\n<tr class=\"even-row\">\n<td class=\"left-td\">Corriente de alimentaci\u00f3n<\/td>\n<td>150 uA<\/td>\n<\/tr>\n<\/tbody>\n<\/table>"],"resources":["<ul class=\"resources-list\">\n \t<li><img src=\"https:\/\/praxas.com\/wp-content\/uploads\/document-icon.png\" alt=\"Icono de documento\"><a href=\"https:\/\/praxas.com\/wp-content\/uploads\/dpm-950-1.pdf\" target=\"_blank\" rel=\"noopener\">Ficha t\u00e9cnica del DPM 950<\/a><\/li>\n \t<li><img src=\"https:\/\/praxas.com\/wp-content\/uploads\/document-icon.png\" alt=\"Icono de documento\">\n<a href=\"https:\/\/praxas.com\/wp-content\/uploads\/display_application_notes_iss_3-4-1.pdf\" target=\"_blank\" rel=\"noopener\">Notas de aplicaci\u00f3n del panel de instrumentos<\/a><\/li>\n \t<li><img src=\"https:\/\/praxas.com\/wp-content\/uploads\/document-icon.png\" alt=\"Icono de documento\"><a href=\"https:\/\/praxas.com\/wp-content\/uploads\/declaration-of-conformity_panelmeters_iss3_30-06-2020-3-1.pdf\" target=\"_blank\" rel=\"noopener\">Declaraci\u00f3n de conformidad<\/a><\/li>\n<\/ul>\n\u00a0"],"accessories":["[products skus=\"BEZ 900-IP\"]"],"gbp_price_4":["46.07"],"gbp_price_9":["44.63"],"gbp_price_24":["43.19"],"usdhk_price_4":["61"],"usdhk_price_9":["59.09"],"usdhk_price_24":["57.19"],"_uag_page_assets":["a:9:{s:3:\"css\";s:0:\"\";s:2:\"js\";s:0:\"\";s:18:\"current_block_list\";a:0:{}s:8:\"uag_flag\";b:0;s:11:\"uag_version\";s:10:\"1775212209\";s:6:\"gfonts\";a:0:{}s:10:\"gfonts_url\";s:0:\"\";s:12:\"gfonts_files\";a:0:{}s:14:\"uag_faq_layout\";b:0;}"],"_regular_price":["63.2","63.2"],"_price":["63.2","63.2"],"hubwoo_ecomm_pro_id":["25288378267"],"_max_variation_price":[""],"_max_variation_regular_price":[""],"_max_variation_sale_price":[""],"_min_variation_price":[""],"_min_variation_regular_price":[""],"_min_variation_sale_price":[""],"_sale_price":[""],"_wc_pb_base_regular_price":[""],"_wc_pb_base_sale_price":[""],"_wc_pb_base_price":[""],"_wc_sw_max_price":[""],"_wc_sw_max_regular_price":[""],"_wc_rating_count":[""],"_wc_review_count":[""],"_wc_average_rating":[0]},"uagb_featured_image_src":{"full":["https:\/\/praxas.com\/wp-content\/uploads\/PanelPilot-Panel-Instruments-DPM-950-Straight.png",800,463,false],"thumbnail":["https:\/\/praxas.com\/wp-content\/uploads\/PanelPilot-Panel-Instruments-DPM-950-Straight-150x150.png",150,150,true],"medium":["https:\/\/praxas.com\/wp-content\/uploads\/PanelPilot-Panel-Instruments-DPM-950-Straight-300x174.png",300,174,true],"medium_large":["https:\/\/praxas.com\/wp-content\/uploads\/PanelPilot-Panel-Instruments-DPM-950-Straight-768x444.png",768,444,true],"large":["https:\/\/praxas.com\/wp-content\/uploads\/PanelPilot-Panel-Instruments-DPM-950-Straight.png",800,463,false],"1536x1536":["https:\/\/praxas.com\/wp-content\/uploads\/PanelPilot-Panel-Instruments-DPM-950-Straight.png",800,463,false],"2048x2048":["https:\/\/praxas.com\/wp-content\/uploads\/PanelPilot-Panel-Instruments-DPM-950-Straight.png",800,463,false],"crunchify-admin-post-featured-image":["https:\/\/praxas.com\/wp-content\/uploads\/PanelPilot-Panel-Instruments-DPM-950-Straight-120x69.png",120,69,true],"commercegurus-pdp-large":["https:\/\/praxas.com\/wp-content\/uploads\/PanelPilot-Panel-Instruments-DPM-950-Straight.png",800,463,false],"commercegurus-plp-mobile":["https:\/\/praxas.com\/wp-content\/uploads\/PanelPilot-Panel-Instruments-DPM-950-Straight-441x255.png",441,255,true],"cgkit_image_swatch":["https:\/\/praxas.com\/wp-content\/uploads\/PanelPilot-Panel-Instruments-DPM-950-Straight-100x100.png",100,100,true],"woocommerce_thumbnail":["https:\/\/praxas.com\/wp-content\/uploads\/PanelPilot-Panel-Instruments-DPM-950-Straight-300x174.png",300,174,true],"woocommerce_single":["https:\/\/praxas.com\/wp-content\/uploads\/PanelPilot-Panel-Instruments-DPM-950-Straight.png",800,463,false],"woocommerce_gallery_thumbnail":["https:\/\/praxas.com\/wp-content\/uploads\/PanelPilot-Panel-Instruments-DPM-950-Straight-150x87.png",150,87,true]},"uagb_author_info":{"display_name":"AndyS","author_link":"https:\/\/praxas.com\/es\/author\/"},"uagb_comment_info":0,"uagb_excerpt":"Volt\u00edmetro LCD grande con retroiluminaci\u00f3n LED","_links":{"self":[{"href":"https:\/\/praxas.com\/es\/wp-json\/wp\/v2\/product\/32330","targetHints":{"allow":["GET"]}}],"collection":[{"href":"https:\/\/praxas.com\/es\/wp-json\/wp\/v2\/product"}],"about":[{"href":"https:\/\/praxas.com\/es\/wp-json\/wp\/v2\/types\/product"}],"wp:featuredmedia":[{"embeddable":true,"href":"https:\/\/praxas.com\/es\/wp-json\/wp\/v2\/media\/32331"}],"wp:attachment":[{"href":"https:\/\/praxas.com\/es\/wp-json\/wp\/v2\/media?parent=32330"}],"wp:term":[{"taxonomy":"product_brand","embeddable":true,"href":"https:\/\/praxas.com\/es\/wp-json\/wp\/v2\/product_brand?post=32330"},{"taxonomy":"product_cat","embeddable":true,"href":"https:\/\/praxas.com\/es\/wp-json\/wp\/v2\/product_cat?post=32330"},{"taxonomy":"product_tag","embeddable":true,"href":"https:\/\/praxas.com\/es\/wp-json\/wp\/v2\/product_tag?post=32330"}],"curies":[{"name":"wp","href":"https:\/\/api.w.org\/{rel}","templated":true}]}}