{"id":32353,"date":"2023-07-27T03:28:00","date_gmt":"2023-07-27T01:28:00","guid":{"rendered":"https:\/\/staging.praxas.com\/product\/sin%20categor\u00eda\/dpm-942\/"},"modified":"2025-10-09T09:43:57","modified_gmt":"2025-10-09T07:43:57","slug":"dpm-942","status":"publish","type":"product","link":"https:\/\/praxas.com\/es\/product\/uncategorized-es\/dpm-942\/","title":{"rendered":"DPM 942"},"content":{"rendered":"<p>Este gran indicador alimentado por bucle tiene una pantalla LCD de 3\u00bd d\u00edgitos con una altura de d\u00edgitos de 19 mm (0,75&#8243;). La calibraci\u00f3n se realiza mediante dos potenci\u00f3metros multivuelta y la conexi\u00f3n al bucle de corriente se realiza mediante dos terminales de tornillo. El DPM 942 es una pieza popular de bajo coste, normalmente almacenada en grandes cantidades y adecuada para nuevos dise\u00f1os.<\/p>\n","protected":false},"excerpt":{"rendered":"<p>Gran medidor LCD de 4-20 mA alimentado por bucle<\/p>\n","protected":false},"featured_media":32354,"template":"","meta":{"_acf_changed":false,"content-type":"","_uag_custom_page_level_css":""},"product_brand":[],"product_cat":[2646],"product_tag":[1571],"class_list":{"0":"post-32353","1":"product","2":"type-product","3":"status-publish","4":"has-post-thumbnail","6":"product_cat-uncategorized-es","7":"product_tag-mostrar","9":"first","10":"instock","11":"taxable","12":"shipping-taxable","13":"purchasable","14":"product-type-simple"},"bundled_by":[],"bundle_stock_status":"instock","bundle_stock_quantity":99,"bundle_virtual":false,"bundle_layout":"","bundle_add_to_cart_form_location":"","bundle_editable_in_cart":false,"bundle_sold_individually_context":"","bundle_item_grouping":"","bundle_min_size":"","bundle_max_size":"","bundle_price":[],"bundled_items":[],"bundle_sell_ids":[],"acf":[],"spectra_custom_meta":{"_wcml_average_rating":[null],"_wcml_review_count":[null],"_wcml_rating_count":[null],"_download_limit":["-1","-1"],"_download_expiry":["-1","-1"],"_downloadable":["no","no"],"_sku":["DPM 942","DPM 942"],"_stock_status":["instock","instock","instock","instock","instock","instock","instock","instock"],"_sold_individually":["no","no"],"_tax_class":["",""],"_tax_status":["taxable","taxable"],"_virtual":["no","no"],"_weight":["0.065"],"_width":["0"],"_height":["0"],"_length":["0"],"total_sales":["1","1"],"product_datasheet":["10872"],"_product_datasheet":["field_650ad7d6ea3a0"],"_connectivity":["field_64dce263bb57c"],"brand":["Lascar"],"_brand":["field_64ddf62ed2593"],"brand_image":["10548"],"_brand_image":["field_650c5e7c84cae"],"_specifications_table":["field_65044e1db92a8"],"_resources":["field_650849c6945ee"],"_accessories":["field_650849e6945f0"],"_faqs":["field_650859523d8d5"],"_calibration_suitable_ids_gb":["field_654b4c4acb54a"],"_calibration_suitable_ids_us":["field_654b4c56cb54b"],"_show_in_calibration_suitable":["field_654cfb691d345"],"_usd_price_4":["field_651570dcac479"],"_usd_price_9":["field_6515713eb4807"],"_usd_price_24":["field_65157141b4809"],"_usd_price_49":["field_65157140b4808"],"_usd_price_99":["field_6515715bb480a"],"_gbp_price_4":["field_6515716e83bfa"],"_gbp_price_9":["field_6515724783bfb"],"_gbp_price_24":["field_6515724b83bfc"],"_gbp_price_49":["field_6515725983bfd"],"_gbp_price_99":["field_6515725d83bfe"],"_usdhk_price_4":["field_6515726f83bff"],"_usdhk_price_9":["field_6515727c83c00"],"_usdhk_price_24":["field_6515728083c01"],"_usdhk_price_49":["field_6515728983c02"],"_usdhk_price_99":["field_6515728e83c03"],"stock_options":["Available in 3 to 5 days"],"_stock_options":["field_6544b605dc7f9"],"_top_nav_excluded":[""],"_cms_nav_minihome":[""],"wcml_sync_hash":["a:1:{s:15:\"postmeta_fields\";s:32:\"4b39cc9df3879e5665930ddc7d32ede6\";}"],"attr_label_translations":["a:0:{}"],"_product_attributes":["a:1:{s:17:\"pa_product-family\";a:6:{s:4:\"name\";s:17:\"pa_product-family\";s:5:\"value\";s:0:\"\";s:8:\"position\";i:0;s:10:\"is_visible\";i:1;s:12:\"is_variation\";i:0;s:11:\"is_taxonomy\";i:1;}}"],"_product_image_gallery":["32355,32356,32357"],"_thumbnail_id":["32354"],"_crosssell_ids":["a:0:{}"],"_stock":["99.000000"],"connectivity":[""],"_display_data_alarm":["field_667d647bcb066"],"_calibration":["field_66a0ddd599972"],"_shipping":["field_66852535c98a5"],"_refrigerant_cabinet":["field_66852557c98a6"],"_main_specifications":["field_66855b25b1245"],"_last_translation_edit_mode":["translation-editor"],"_backorders":["no","no"],"_manage_stock":["no","no"],"rank_math_primary_product_cat":["0"],"faqs":["<span class=\"ui-provider bge bgf bgd bgg bgh bgi bgj bgk bgl bgm bgn bgo bgp bgq bgr bgs bgt bgu bgv bgw bgx bgy bgz bha bhb bhc bhd bhe bhf bhg bhh bhi bhj bhk bhl\" dir=\"ltr\">[accordion]\n[accordion_header]Tengo algunas dudas sobre la aplicaci\u00f3n de mi panel de instrumentos. \u00bfHay alguna gu\u00eda de solicitud que pueda consultar?[\/accordion_header]\n[accordion_section]S\u00ed, consulta nuestra <strong><a href=\"\/wp-content\/uploads\/display_application_notes_iss_3-1.pdf\">Gu\u00eda de Aplicaci\u00f3n de Instrumentaci\u00f3n de Paneles<\/a><\/strong>[\/accordion_section]\n[\/accordion]<\/span>\n\n<a class=\"button button-secondary\" href=\"\/support\/panel-instruments\/\">M\u00e1s apoyo<\/a>"],"_wpml_word_count":["74"],"_other_features":["field_686fa2aa98dce"],"min_temp":[""],"max_temp":[""],"_min_temp":["field_67ea5eb4e0a77"],"_max_temp":["field_67ea5f81e0a79"],"usd_price_4":["0.00"],"usd_price_9":["0.00"],"usd_price_24":["0.00"],"usd_price_49":["0.00"],"usd_price_99":["0.00"],"gbp_price_49":["0.00"],"gbp_price_99":["0.00"],"usdhk_price_49":["0.00"],"usdhk_price_99":["0.00"],"_other_features_arctiko":[""],"rank_math_title":["DPM 942 | Medidor de corriente LCD de 4-20mA de gran tama\u00f1o alimentado por bucle"],"rank_math_description":["\u00a1Descubre el amper\u00edmetro DPM 942 para Lascar! Un gran medidor LCD de 4-20 mA alimentado por bucle con una impresionante altura de d\u00edgitos de 19 mm. Calibraci\u00f3n sin esfuerzo y conexiones seguras."],"rank_math_focus_keyword":["DPM 942"],"specifications_table":["<table class=\"specifications\">\n<tbody>\n<tr class=\"even-row\">\n<td class=\"left-td\">Precisi\u00f3n (error global)<\/td>\n<td>0,05 0,1 % (\u00b11 recuento)<\/td>\n<\/tr>\n<tr class=\"odd-row\">\n<td class=\"left-td\">Temperatura de funcionamiento<\/td>\n<td>De 0 a 50 \u00b0C (de 32 a 122 \u00b0F)<\/td>\n<\/tr>\n<tr class=\"even-row\">\n<td class=\"left-td\">Frecuencia de muestreo<\/td>\n<td>3 muestras\/seg<\/td>\n<\/tr>\n<tr class=\"odd-row\">\n<td class=\"left-td\">Ca\u00edda de voltios del bucle<\/td>\n<td>3,9 a 4,8 V c.c.<\/td>\n<\/tr>\n<tr class=\"even-row\">\n<td class=\"left-td\">Corriente de alimentaci\u00f3n<\/td>\n<td>4-20 mA<\/td>\n<\/tr>\n<\/tbody>\n<\/table>"],"resources":["<ul class=\"resources-list\">\n \t<li><img src=\"https:\/\/praxas.com\/wp-content\/uploads\/document-icon.png\" alt=\"Icono de documento\"><a href=\"https:\/\/praxas.com\/wp-content\/uploads\/dpm-942_issue_9-04_2019-1.pdf\" target=\"_blank\" rel=\"noopener\">Ficha t\u00e9cnica del DPM 942<\/a><\/li>\n \t<li><img src=\"https:\/\/praxas.com\/wp-content\/uploads\/document-icon.png\" alt=\"Icono de documento\"><a href=\"https:\/\/praxas.com\/wp-content\/uploads\/display_application_notes_iss_3-11.pdf\" target=\"_blank\" rel=\"noopener\">Notas de aplicaci\u00f3n del panel de instrumentos<\/a><\/li>\n \t<li><img src=\"https:\/\/praxas.com\/wp-content\/uploads\/document-icon.png\" alt=\"Icono de documento\"><a href=\"https:\/\/praxas.com\/wp-content\/uploads\/declaration-of-conformity_panelmeters_iss3_30-06-2020-12.pdf\" target=\"_blank\" rel=\"noopener\">Declaraci\u00f3n de conformidad<\/a><\/li>\n<\/ul>\n\u00a0"],"accessories":["[products skus=\"BEZ 900-IP\"]"],"gbp_price_4":["60.47"],"gbp_price_9":["58.58"],"gbp_price_24":["56.69"],"usdhk_price_4":["79.24"],"usdhk_price_9":["76.76"],"usdhk_price_24":["74.29"],"_uag_page_assets":["a:9:{s:3:\"css\";s:0:\"\";s:2:\"js\";s:0:\"\";s:18:\"current_block_list\";a:0:{}s:8:\"uag_flag\";b:0;s:11:\"uag_version\";s:10:\"1775212209\";s:6:\"gfonts\";a:0:{}s:10:\"gfonts_url\";s:0:\"\";s:12:\"gfonts_files\";a:0:{}s:14:\"uag_faq_layout\";b:0;}"],"_regular_price":["83.2","83.2"],"_price":["83.2","83.2"],"hubwoo_ecomm_pro_id":["25315075975"],"_max_variation_price":[""],"_max_variation_regular_price":[""],"_max_variation_sale_price":[""],"_min_variation_price":[""],"_min_variation_regular_price":[""],"_min_variation_sale_price":[""],"_sale_price":[""],"_wc_pb_base_regular_price":[""],"_wc_pb_base_sale_price":[""],"_wc_pb_base_price":[""],"_wc_sw_max_price":[""],"_wc_sw_max_regular_price":[""],"_wc_rating_count":[""],"_wc_review_count":[""],"_wc_average_rating":[0]},"uagb_featured_image_src":{"full":["https:\/\/praxas.com\/wp-content\/uploads\/PanelPilot-Panel-Instruments-DPM-942-Straight-1.png",800,463,false],"thumbnail":["https:\/\/praxas.com\/wp-content\/uploads\/PanelPilot-Panel-Instruments-DPM-942-Straight-1-150x150.png",150,150,true],"medium":["https:\/\/praxas.com\/wp-content\/uploads\/PanelPilot-Panel-Instruments-DPM-942-Straight-1-300x174.png",300,174,true],"medium_large":["https:\/\/praxas.com\/wp-content\/uploads\/PanelPilot-Panel-Instruments-DPM-942-Straight-1-768x444.png",768,444,true],"large":["https:\/\/praxas.com\/wp-content\/uploads\/PanelPilot-Panel-Instruments-DPM-942-Straight-1.png",800,463,false],"1536x1536":["https:\/\/praxas.com\/wp-content\/uploads\/PanelPilot-Panel-Instruments-DPM-942-Straight-1.png",800,463,false],"2048x2048":["https:\/\/praxas.com\/wp-content\/uploads\/PanelPilot-Panel-Instruments-DPM-942-Straight-1.png",800,463,false],"crunchify-admin-post-featured-image":["https:\/\/praxas.com\/wp-content\/uploads\/PanelPilot-Panel-Instruments-DPM-942-Straight-1-120x69.png",120,69,true],"commercegurus-pdp-large":["https:\/\/praxas.com\/wp-content\/uploads\/PanelPilot-Panel-Instruments-DPM-942-Straight-1.png",800,463,false],"commercegurus-plp-mobile":["https:\/\/praxas.com\/wp-content\/uploads\/PanelPilot-Panel-Instruments-DPM-942-Straight-1-441x255.png",441,255,true],"cgkit_image_swatch":["https:\/\/praxas.com\/wp-content\/uploads\/PanelPilot-Panel-Instruments-DPM-942-Straight-1-100x100.png",100,100,true],"woocommerce_thumbnail":["https:\/\/praxas.com\/wp-content\/uploads\/PanelPilot-Panel-Instruments-DPM-942-Straight-1-300x174.png",300,174,true],"woocommerce_single":["https:\/\/praxas.com\/wp-content\/uploads\/PanelPilot-Panel-Instruments-DPM-942-Straight-1.png",800,463,false],"woocommerce_gallery_thumbnail":["https:\/\/praxas.com\/wp-content\/uploads\/PanelPilot-Panel-Instruments-DPM-942-Straight-1-150x87.png",150,87,true]},"uagb_author_info":{"display_name":"AndyS","author_link":"https:\/\/praxas.com\/es\/author\/"},"uagb_comment_info":0,"uagb_excerpt":"Gran medidor LCD de 4-20 mA alimentado por bucle","_links":{"self":[{"href":"https:\/\/praxas.com\/es\/wp-json\/wp\/v2\/product\/32353","targetHints":{"allow":["GET"]}}],"collection":[{"href":"https:\/\/praxas.com\/es\/wp-json\/wp\/v2\/product"}],"about":[{"href":"https:\/\/praxas.com\/es\/wp-json\/wp\/v2\/types\/product"}],"wp:featuredmedia":[{"embeddable":true,"href":"https:\/\/praxas.com\/es\/wp-json\/wp\/v2\/media\/32354"}],"wp:attachment":[{"href":"https:\/\/praxas.com\/es\/wp-json\/wp\/v2\/media?parent=32353"}],"wp:term":[{"taxonomy":"product_brand","embeddable":true,"href":"https:\/\/praxas.com\/es\/wp-json\/wp\/v2\/product_brand?post=32353"},{"taxonomy":"product_cat","embeddable":true,"href":"https:\/\/praxas.com\/es\/wp-json\/wp\/v2\/product_cat?post=32353"},{"taxonomy":"product_tag","embeddable":true,"href":"https:\/\/praxas.com\/es\/wp-json\/wp\/v2\/product_tag?post=32353"}],"curies":[{"name":"wp","href":"https:\/\/api.w.org\/{rel}","templated":true}]}}