{"id":32669,"date":"2023-06-28T12:33:00","date_gmt":"2023-06-28T10:33:00","guid":{"rendered":"https:\/\/staging.praxas.com\/product\/sin%20categor\u00eda\/bez-700-ip\/"},"modified":"2025-10-09T09:37:37","modified_gmt":"2025-10-09T07:37:37","slug":"bez-700-ip","status":"publish","type":"product","link":"https:\/\/praxas.com\/es\/product\/uncategorized-es\/bez-700-ip\/","title":{"rendered":"BEZ 700-IP"},"content":{"rendered":"<p>Este bisel montado en panel con clasificaci\u00f3n IP67 \/ NEMA 4X es compatible con el <strong><br \/>\n  <a href=\"https:\/\/praxas.com\/es\/product\/uncategorized-es\/dpm-742-bl\/\">DPM 742-BL<\/a><br \/>\n<\/strong>, <strong><br \/>\n  <a href=\"https:\/\/praxas.com\/es\/product\/uncategorized-es\/dpm-750s-bl\/\">DPM 750S-BL<\/a><br \/>\n<\/strong> y <strong><br \/>\n  <a href=\"https:\/\/praxas.com\/es\/product\/uncategorized-es\/dpm-750s-eb-w\/\">DPM 750S-EB-W<\/a><br \/>\n<\/strong> y ofrece una clasificaci\u00f3n IP67 \/ NEMA 4X desde la parte frontal.<\/p>\n<p>Los tornillos de fijaci\u00f3n permiten un montaje r\u00e1pido y sencillo del m\u00f3dulo y el bisel en el panel. Su robusta y atractiva construcci\u00f3n de aleaci\u00f3n le da un acabado profesional. BEZ 700-IP es ideal para aplicaciones en las que la entrada de humedad o part\u00edculas suponga un problema.<\/p>\n","protected":false},"excerpt":{"rendered":"<p>Bisel estanco para la serie 700 de medidores<\/p>\n","protected":false},"featured_media":32670,"template":"","meta":{"_acf_changed":false,"content-type":"","_uag_custom_page_level_css":""},"product_brand":[],"product_cat":[2646],"product_tag":[],"class_list":{"0":"post-32669","1":"product","2":"type-product","3":"status-publish","4":"has-post-thumbnail","6":"product_cat-uncategorized-es","8":"first","9":"instock","10":"taxable","11":"shipping-taxable","12":"purchasable","13":"product-type-simple"},"bundled_by":[],"bundle_stock_status":"instock","bundle_stock_quantity":100,"bundle_virtual":false,"bundle_layout":"","bundle_add_to_cart_form_location":"","bundle_editable_in_cart":false,"bundle_sold_individually_context":"","bundle_item_grouping":"","bundle_min_size":"","bundle_max_size":"","bundle_price":[],"bundled_items":[],"bundle_sell_ids":[],"acf":[],"spectra_custom_meta":{"_wcml_average_rating":[null],"_wcml_review_count":[null],"_wcml_rating_count":[null],"_download_limit":["-1","-1"],"_download_expiry":["-1","-1"],"_downloadable":["no","no"],"_sku":["BEZ 700-IP","BEZ 700-IP"],"_stock_status":["instock","instock","instock","instock","instock","instock"],"_sold_individually":["no","no"],"_tax_class":["",""],"_tax_status":["taxable","taxable"],"_virtual":["no","no"],"total_sales":["0","0"],"product_datasheet":["10636"],"_product_datasheet":["field_650ad7d6ea3a0"],"_connectivity":["field_64dce263bb57c","field_64dce263bb57c"],"brand":["Lascar","Lascar"],"_brand":["field_64ddf62ed2593","field_64ddf62ed2593"],"brand_image":["10548"],"_brand_image":["field_650c5e7c84cae"],"_specifications_table":["field_65044e1db92a8"],"_resources":["field_650849c6945ee"],"_accessories":["field_650849e6945f0","field_650849e6945f0"],"_faqs":["field_650859523d8d5"],"_calibration_suitable_ids_gb":["field_654b4c4acb54a"],"_calibration_suitable_ids_us":["field_654b4c56cb54b"],"_show_in_calibration_suitable":["field_654cfb691d345"],"_usd_price_4":["field_651570dcac479"],"_usd_price_9":["field_6515713eb4807"],"_usd_price_24":["field_65157141b4809"],"_usd_price_49":["field_65157140b4808"],"_usd_price_99":["field_6515715bb480a"],"_gbp_price_4":["field_6515716e83bfa"],"_gbp_price_9":["field_6515724783bfb"],"_gbp_price_24":["field_6515724b83bfc"],"_gbp_price_49":["field_6515725983bfd"],"_gbp_price_99":["field_6515725d83bfe"],"_usdhk_price_4":["field_6515726f83bff"],"_usdhk_price_9":["field_6515727c83c00"],"_usdhk_price_24":["field_6515728083c01"],"_usdhk_price_49":["field_6515728983c02"],"_usdhk_price_99":["field_6515728e83c03"],"stock_options":["In stock"],"_stock_options":["field_6544b605dc7f9"],"_top_nav_excluded":[""],"_cms_nav_minihome":[""],"wcml_sync_hash":["a:1:{s:15:\"postmeta_fields\";s:32:\"7d858a1c69ac6d8cdab8e62296603b98\";}"],"attr_label_translations":["a:0:{}"],"_product_attributes":["a:1:{s:17:\"pa_product-family\";a:6:{s:4:\"name\";s:17:\"pa_product-family\";s:5:\"value\";s:0:\"\";s:8:\"position\";i:0;s:10:\"is_visible\";i:1;s:12:\"is_variation\";i:0;s:11:\"is_taxonomy\";i:1;}}"],"_product_image_gallery":["32671,32672"],"_thumbnail_id":["32670"],"_crosssell_ids":["a:0:{}"],"_stock":["100.000000"],"connectivity":["",""],"_display_data_alarm":["field_667d647bcb066"],"_calibration":["field_66a0ddd599972"],"_shipping":["field_66852535c98a5"],"_refrigerant_cabinet":["field_66852557c98a6"],"_main_specifications":["field_66855b25b1245"],"_backorders":["no","no"],"_manage_stock":["no","no"],"_weight":["0.053"],"_width":["2"],"_height":["1"],"_length":["3.5","3.5"],"_last_translation_edit_mode":["translation-editor"],"rank_math_primary_product_cat":["95","95"],"faqs":["[accordion]\n[accordion_header]Tengo algunas dudas sobre la aplicaci\u00f3n de mi panel de instrumentos. \u00bfHay alguna gu\u00eda de solicitud que pueda consultar?[\/accordion_header]\n[accordion_section]S\u00ed, consulta nuestra <strong><a href=\"\/wp-content\/uploads\/display_application_notes_iss_3-1.pdf\" target=\"_blank\" rel=\"noopener\">Gu\u00eda de Aplicaci\u00f3n de Instrumentaci\u00f3n de Paneles<\/a><\/strong>[\/accordion_section]\n[\/accordion]\n\n<a class=\"button button-orange\" href=\"\/support\/panel-instruments\/\">M\u00e1s ayuda<\/a>"],"usd_price_4":["0.00"],"usd_price_9":["0.00"],"usd_price_24":["0.00"],"usd_price_49":["0.00"],"usd_price_99":["0.00"],"gbp_price_49":["0.00"],"gbp_price_99":["0.00"],"usdhk_price_49":["0.00"],"usdhk_price_99":["0.00"],"_wpml_word_count":["84"],"_other_features":[""],"min_temp":[""],"max_temp":[""],"_min_temp":[""],"_max_temp":[""],"_other_features_arctiko":[""],"rank_math_title":["BEZ 700-IP | Bisel estanco para la serie 700 de medidores"],"rank_math_description":["Este bisel montado en panel con clasificaci\u00f3n IP67\/NEMA 4X es compatible con los modelos DPM 742-BL, DPM 750S-BL y DPM 750S-EB-W y ofrece una clasificaci\u00f3n IP67\/NEMA 4X desde la parte frontal."],"rank_math_focus_keyword":["BEZ 700-IP"],"specifications_table":["<table class=\"specifications\">\n<tbody>\n<tr class=\"even-row\">\n<td class=\"left-td\">Clasificaci\u00f3n impermeable<\/td>\n<td>IP67 \/ Clasificaci\u00f3n NEMA 4X<\/td>\n<\/tr>\n<tr class=\"odd-row\">\n<td class=\"left-td\">Material<\/td>\n<td>Construcci\u00f3n de aleaci\u00f3n<\/td>\n<\/tr>\n<tr class=\"even-row\">\n<td class=\"left-td\">Material de la ventana<\/td>\n<td>Cristal<\/td>\n<\/tr>\n<tr class=\"odd-row\">\n<td class=\"left-td\">M\u00e9todo de montaje<\/td>\n<td>Fijaci\u00f3n por tornillo<\/td>\n<\/tr>\n<\/tbody>\n<\/table>"],"resources":["<ul class=\"resources-list\">\n \t<li><img src=\"https:\/\/praxas.com\/wp-content\/uploads\/document-icon.png\" alt=\"Icono de documento\"><a href=\"https:\/\/praxas.com\/wp-content\/uploads\/panel-instruments-bez-700-ip-iss6-01-17.pdf\" target=\"_blank\" rel=\"noopener\">Ficha t\u00e9cnica del BEZ 700-IP<\/a><\/li>\n \t<li><img src=\"https:\/\/praxas.com\/wp-content\/uploads\/document-icon.png\" alt=\"Icono de documento\"><a href=\"https:\/\/praxas.com\/wp-content\/uploads\/declaration-of-conformity_panelmeters_iss3_30-06-2020.pdf\" target=\"_blank\" rel=\"noopener\">Declaraci\u00f3n de conformidad<\/a><\/li>\n<\/ul>\n\u00a0"],"gbp_price_4":["12.47"],"gbp_price_9":["12.08"],"gbp_price_24":["11.69"],"usdhk_price_4":["16.31"],"usdhk_price_9":["15.8"],"usdhk_price_24":["15.29"],"_uag_page_assets":["a:9:{s:3:\"css\";s:0:\"\";s:2:\"js\";s:0:\"\";s:18:\"current_block_list\";a:0:{}s:8:\"uag_flag\";b:0;s:11:\"uag_version\";s:10:\"1775212209\";s:6:\"gfonts\";a:0:{}s:10:\"gfonts_url\";s:0:\"\";s:12:\"gfonts_files\";a:0:{}s:14:\"uag_faq_layout\";b:0;}"],"_regular_price":["17.55","17.55"],"_price":["17.55","17.55"],"hubwoo_ecomm_pro_id":["25368845627"],"_max_variation_price":[""],"_max_variation_regular_price":[""],"_max_variation_sale_price":[""],"_min_variation_price":[""],"_min_variation_regular_price":[""],"_min_variation_sale_price":[""],"_sale_price":[""],"_wc_pb_base_regular_price":[""],"_wc_pb_base_sale_price":[""],"_wc_pb_base_price":[""],"_wc_sw_max_price":[""],"_wc_sw_max_regular_price":[""],"_wc_rating_count":[""],"_wc_review_count":[""],"_wc_average_rating":[0]},"uagb_featured_image_src":{"full":["https:\/\/praxas.com\/wp-content\/uploads\/BEZ-700-IP-Staight-Not-Mounted.png",800,463,false],"thumbnail":["https:\/\/praxas.com\/wp-content\/uploads\/BEZ-700-IP-Staight-Not-Mounted-150x150.png",150,150,true],"medium":["https:\/\/praxas.com\/wp-content\/uploads\/BEZ-700-IP-Staight-Not-Mounted-300x174.png",300,174,true],"medium_large":["https:\/\/praxas.com\/wp-content\/uploads\/BEZ-700-IP-Staight-Not-Mounted-768x444.png",768,444,true],"large":["https:\/\/praxas.com\/wp-content\/uploads\/BEZ-700-IP-Staight-Not-Mounted.png",800,463,false],"1536x1536":["https:\/\/praxas.com\/wp-content\/uploads\/BEZ-700-IP-Staight-Not-Mounted.png",800,463,false],"2048x2048":["https:\/\/praxas.com\/wp-content\/uploads\/BEZ-700-IP-Staight-Not-Mounted.png",800,463,false],"crunchify-admin-post-featured-image":["https:\/\/praxas.com\/wp-content\/uploads\/BEZ-700-IP-Staight-Not-Mounted-120x69.png",120,69,true],"commercegurus-pdp-large":["https:\/\/praxas.com\/wp-content\/uploads\/BEZ-700-IP-Staight-Not-Mounted.png",800,463,false],"commercegurus-plp-mobile":["https:\/\/praxas.com\/wp-content\/uploads\/BEZ-700-IP-Staight-Not-Mounted-441x255.png",441,255,true],"cgkit_image_swatch":["https:\/\/praxas.com\/wp-content\/uploads\/BEZ-700-IP-Staight-Not-Mounted-100x100.png",100,100,true],"woocommerce_thumbnail":["https:\/\/praxas.com\/wp-content\/uploads\/BEZ-700-IP-Staight-Not-Mounted-300x174.png",300,174,true],"woocommerce_single":["https:\/\/praxas.com\/wp-content\/uploads\/BEZ-700-IP-Staight-Not-Mounted.png",800,463,false],"woocommerce_gallery_thumbnail":["https:\/\/praxas.com\/wp-content\/uploads\/BEZ-700-IP-Staight-Not-Mounted-150x87.png",150,87,true]},"uagb_author_info":{"display_name":"AndyS","author_link":"https:\/\/praxas.com\/es\/author\/"},"uagb_comment_info":0,"uagb_excerpt":"Bisel estanco para la serie 700 de medidores","_links":{"self":[{"href":"https:\/\/praxas.com\/es\/wp-json\/wp\/v2\/product\/32669","targetHints":{"allow":["GET"]}}],"collection":[{"href":"https:\/\/praxas.com\/es\/wp-json\/wp\/v2\/product"}],"about":[{"href":"https:\/\/praxas.com\/es\/wp-json\/wp\/v2\/types\/product"}],"wp:featuredmedia":[{"embeddable":true,"href":"https:\/\/praxas.com\/es\/wp-json\/wp\/v2\/media\/32670"}],"wp:attachment":[{"href":"https:\/\/praxas.com\/es\/wp-json\/wp\/v2\/media?parent=32669"}],"wp:term":[{"taxonomy":"product_brand","embeddable":true,"href":"https:\/\/praxas.com\/es\/wp-json\/wp\/v2\/product_brand?post=32669"},{"taxonomy":"product_cat","embeddable":true,"href":"https:\/\/praxas.com\/es\/wp-json\/wp\/v2\/product_cat?post=32669"},{"taxonomy":"product_tag","embeddable":true,"href":"https:\/\/praxas.com\/es\/wp-json\/wp\/v2\/product_tag?post=32669"}],"curies":[{"name":"wp","href":"https:\/\/api.w.org\/{rel}","templated":true}]}}