{"id":32741,"date":"2023-06-23T18:38:00","date_gmt":"2023-06-23T16:38:00","guid":{"rendered":"https:\/\/staging.praxas.com\/product\/sin%20categor\u00eda\/el-usb-tc\/"},"modified":"2025-10-08T18:11:58","modified_gmt":"2025-10-08T16:11:58","slug":"el-usb-tc","status":"publish","type":"product","link":"https:\/\/praxas.com\/es\/product\/registradores-de-datos\/registradores-de-datos-de-temperatura\/el-usb-tc\/","title":{"rendered":"EL-USB-TC"},"content":{"rendered":"<p>Este registrador de datos aut\u00f3nomo mide m\u00e1s de 32.000 lecturas de termopares intercambiables de tipo J, K o T. Se suministra con una sonda de tipo K y su rango de medici\u00f3n es de 0 a 200 \u00b0C (32 a 392 \u00b0F). Configura f\u00e1cilmente el registrador y visualiza los datos descargados conectando la unidad al puerto USB de un PC y utilizando el software gratuito EasyLog suministrado. A continuaci\u00f3n, los datos se pueden representar gr\u00e1ficamente, imprimir y exportar a otras aplicaciones para un an\u00e1lisis detallado. Se suministra con \u00bd pila AA, sonda de tipo K y clip de montaje mural.<\/p>\n","protected":false},"excerpt":{"rendered":"<p>Registrador de datos de temperatura por termopar con USB<\/p>\n","protected":false},"featured_media":32742,"template":"","meta":{"_acf_changed":false,"content-type":"","_uag_custom_page_level_css":""},"product_brand":[],"product_cat":[1601],"product_tag":[2435,1605,1606,1618],"class_list":{"0":"post-32741","1":"product","2":"type-product","3":"status-publish","4":"has-post-thumbnail","6":"product_cat-registradores-de-datos-de-temperatura","7":"product_tag-easylog-es","8":"product_tag-sonda-externa","9":"product_tag-termopar","10":"product_tag-usb-es","12":"first","13":"instock","14":"taxable","15":"shipping-taxable","16":"purchasable","17":"product-type-simple"},"bundled_by":[],"bundle_stock_status":"instock","bundle_stock_quantity":14,"bundle_virtual":false,"bundle_layout":"","bundle_add_to_cart_form_location":"","bundle_editable_in_cart":false,"bundle_sold_individually_context":"","bundle_item_grouping":"","bundle_min_size":"","bundle_max_size":"","bundle_price":[],"bundled_items":[],"bundle_sell_ids":[],"acf":[],"spectra_custom_meta":{"_download_limit":["-1","-1"],"_download_expiry":["-1","-1"],"_downloadable":["no","no"],"_sku":["EL-USB-TC","EL-USB-TC"],"_stock_status":["instock","instock","instock","instock","instock","instock"],"_sold_individually":["no","no"],"_tax_class":["",""],"_tax_status":["taxable","taxable"],"_virtual":["no","no"],"_weight":["0.095"],"_width":["0"],"_height":["0"],"_length":["0","0"],"total_sales":["16","16"],"_product_datasheet":["field_650ad7d6ea3a0"],"_connectivity":["field_64dce263bb57c","field_64dce263bb57c"],"brand":["EasyLog","EasyLog"],"_brand":["field_64ddf62ed2593","field_64ddf62ed2593"],"_brand_image":["field_650c5e7c84cae"],"_specifications_table":["field_65044e1db92a8"],"_resources":["field_650849c6945ee"],"_accessories":["field_650849e6945f0","field_650849e6945f0"],"_faqs":["field_650859523d8d5"],"_calibration_suitable_ids_gb":["field_654b4c4acb54a"],"_calibration_suitable_ids_us":["field_654b4c56cb54b"],"_show_in_calibration_suitable":["field_654cfb691d345"],"_usd_price_4":["field_651570dcac479"],"_usd_price_9":["field_6515713eb4807"],"_usd_price_24":["field_65157141b4809"],"_usd_price_49":["field_65157140b4808"],"_usd_price_99":["field_6515715bb480a"],"_gbp_price_4":["field_6515716e83bfa"],"_gbp_price_9":["field_6515724783bfb"],"_gbp_price_24":["field_6515724b83bfc"],"_gbp_price_49":["field_6515725983bfd"],"_gbp_price_99":["field_6515725d83bfe"],"_usdhk_price_4":["field_6515726f83bff"],"_usdhk_price_9":["field_6515727c83c00"],"_usdhk_price_24":["field_6515728083c01"],"_usdhk_price_49":["field_6515728983c02"],"_usdhk_price_99":["field_6515728e83c03"],"stock_options":["In stock"],"_stock_options":["field_6544b605dc7f9"],"_top_nav_excluded":[""],"_cms_nav_minihome":[""],"calibration":[""],"wcml_sync_hash":["a:1:{s:15:\"postmeta_fields\";s:32:\"bd83e2b9d6d69bec90caab1c985a92cc\";}"],"attr_label_translations":["a:0:{}"],"_product_image_gallery":["32743,32744,32745,32746,32747,32748"],"_thumbnail_id":["32742"],"_crosssell_ids":["a:0:{}"],"_stock":["14.000000"],"product_datasheet":[""],"connectivity":["USB","USB"],"_display_data_alarm":["field_667d647bcb066"],"_calibration":["field_66a0ddd599972"],"_other_features":["field_668524f8c98a4"],"_shipping":["field_66852535c98a5"],"_refrigerant_cabinet":["field_66852557c98a6"],"_main_specifications":["field_66855b25b1245"],"_last_translation_edit_mode":["translation-editor"],"_edit_lock":["1722252970:8383"],"classic-editor-remember":["classic-editor"],"rank_math_seo_score":["80"],"_edit_last":["8383"],"commercekit_gallery_layout":[""],"commercekit_disable_sticky_atc":["0"],"commercekit_wc_video_gallery":["a:0:{}"],"_rank_math_gtin_code":[""],"_wcml_average_rating":[null],"_wcml_review_count":[null],"_wcml_rating_count":[null],"_wc_average_rating":[0],"_wc_review_count":["0"],"_product_version":["9.1.2"],"display_data_alarm":[""],"calibration_suitable_ids_gb":[""],"calibration_suitable_ids_us":[""],"show_in_calibration_suitable":[""],"other_features":[""],"shipping":[""],"refrigerant_cabinet":[""],"main_specifications":[""],"shoptimizer_layout_pdp_short_description_position":["default"],"brand_image":["10467"],"_wpml_media_duplicate":["1"],"_wpml_media_featured":["1"],"_product_attributes":["a:2:{s:16:\"pa_product-brand\";a:6:{s:4:\"name\";s:16:\"pa_product-brand\";s:5:\"value\";s:0:\"\";s:8:\"position\";i:0;s:10:\"is_visible\";i:1;s:12:\"is_variation\";i:0;s:11:\"is_taxonomy\";i:1;}s:19:\"pa_product-features\";a:6:{s:4:\"name\";s:19:\"pa_product-features\";s:5:\"value\";s:0:\"\";s:8:\"position\";i:1;s:10:\"is_visible\";i:1;s:12:\"is_variation\";i:0;s:11:\"is_taxonomy\";i:1;}}"],"_backorders":["no","no"],"_manage_stock":["no","no"],"min_temp":["0"],"max_temp":["200"],"_min_temp":["field_67ea5eb4e0a77"],"_max_temp":["field_67ea5f81e0a79"],"_wpml_word_count":["106"],"rank_math_primary_product_cat":["87","87"],"_global_unique_id":["5056744401004"],"rank_math_title":["EL-USB-TC | Registrador de datos de temperatura por termopar | Praxas"],"rank_math_description":["Explora el EL-USB-TC de Lascar Electronics, un fiable registrador de datos USB dise\u00f1ado para el registro flexible y preciso de datos de termopares con capacidad para hasta 32.000 lecturas."],"rank_math_focus_keyword":["EL-USB-TC"],"specifications_table":["<table class=\"specifications\">\n<tbody>\n<tr class=\"even-row\">\n<td class=\"left-td\">Rango de medici\u00f3n Tipo K (suministrado)<\/td>\n<td>0 a +200\u00b0C (+32 a +392\u00b0F)<\/td>\n<\/tr>\n<tr class=\"odd-row\">\n<td class=\"left-td\">Rango de medici\u00f3n Tipo K<\/td>\n<td>-200 a +1.350\u00b0C (-328 a +2.462\u00b0F)<\/td>\n<\/tr>\n<tr class=\"even-row\">\n<td class=\"left-td\">Rango de medici\u00f3n Tipo J<\/td>\n<td>-200 a +1.190\u00b0C (-328 a +2.174\u00b0F)<\/td>\n<\/tr>\n<tr class=\"odd-row\">\n<td class=\"left-td\">Rango de medici\u00f3n Tipo T<\/td>\n<td>-200 a +390\u00b0C (-328 a +734\u00b0F)<\/td>\n<\/tr>\n<tr class=\"even-row\">\n<td class=\"left-td\">Precisi\u00f3n (error del termopar no incluido)<\/td>\n<td>\u00b11\u00b0C (\u00b12\u00b0F)<\/td>\n<\/tr>\n<tr class=\"odd-row\">\n<td class=\"left-td\">Lecturas<\/td>\n<td>32510<\/td>\n<\/tr>\n<tr class=\"even-row\">\n<td class=\"left-td\">Tasa de registro<\/td>\n<td>Seleccionable por el usuario entre 1 segundo y 12 horas<\/td>\n<\/tr>\n<tr class=\"odd-row\">\n<td class=\"left-td\">Duraci\u00f3n de la bater\u00eda<\/td>\n<td>2 a\u00f1os<\/td>\n<\/tr>\n<\/tbody>\n<\/table>"],"resources":["<ul class=\"resources-list\">\n \t<li><img src=\"https:\/\/praxas.com\/wp-content\/uploads\/document-icon.png\" alt=\"Icono de documento\"><a href=\"https:\/\/praxas.com\/wp-content\/uploads\/easylog-data-logger-el-usb-tc-iss17_01-21.pdf\" target=\"_blank\" rel=\"noopener\">Hoja de datos EL-USB-TC<\/a><\/li>\n \t<li><img src=\"https:\/\/praxas.com\/wp-content\/uploads\/software-icon.png\" alt=\"Icono de software\"><a href=\"https:\/\/praxas.com\/software\/easylog-software\/easylog-usb\/\" target=\"_blank\" rel=\"noopener\">Software USB EasyLog<\/a><\/li>\n \t<li><img src=\"https:\/\/praxas.com\/wp-content\/uploads\/document-icon.png\" alt=\"Icono de documento\"><a href=\"https:\/\/praxas.com\/wp-content\/uploads\/easylog-usb_quick-start-guide_iss12_singlepage-05_2018.pdf\" target=\"_blank\" rel=\"noopener\">Gu\u00eda de inicio r\u00e1pido del EL-USB-TC<\/a><\/li>\n \t<li><img src=\"https:\/\/praxas.com\/wp-content\/uploads\/document-icon.png\" alt=\"Icono de documento\"><a href=\"https:\/\/praxas.com\/wp-content\/uploads\/el-usb-range-includes-el-gfx-range-troubleshooting.pdf\" target=\"_blank\" rel=\"noopener\">Soluci\u00f3n de problemas de la gama EL-USB<\/a><\/li>\n \t<li><img src=\"https:\/\/praxas.com\/wp-content\/uploads\/video-icon-orange.png\" alt=\"Icono de v\u00eddeo\"><a href=\"https:\/\/www.youtube.com\/playlist?list=PL_yZedoZ_7MqFFU3keWRD0tO46uMTbvcL\" target=\"_blank\" rel=\"noopener\">V\u00eddeos tutoriales<\/a><\/li>\n \t<li><img src=\"https:\/\/praxas.com\/wp-content\/uploads\/document-icon.png\" alt=\"Icono de documento\"><a href=\"https:\/\/praxas.com\/wp-content\/uploads\/Declaration-of-Conformity_EasyLog_iss26.pdf\" target=\"_blank\" rel=\"noopener\">EL-USB-TC Declaraci\u00f3n de conformidad<\/a><\/li>\n \t<li><img src=\"https:\/\/praxas.com\/wp-content\/uploads\/document-icon.png\" alt=\"Icono de documento\"><a href=\"https:\/\/praxas.com\/wp-content\/uploads\/declaration-of-conformity_easylog_useonaircraft_iss2.pdf\" target=\"_blank\" rel=\"noopener\">Declaraci\u00f3n de uso en aeronaves<\/a><\/li>\n<\/ul>\n<a class=\"button button-secondary\" href=\"https:\/\/praxas.com\/support\/\">M\u00e1s apoyo<\/a>"],"accessories":["[products skus=\"BAT 3V6 1\/2AA,EL-P-TC-K,EL-P-TC-K-SPIKE,Fridge Install Kit-TP,EL-P-TC-T-ULT,EL-P-TC-T-ULT+\"]","[products skus=\"BAT 3V6 1\/2AA,EL-P-TC-K,EL-P-TC-K-SPIKE,Fridge Install Kit-TP,EL-P-TC-T-ULT,EL-P-TC-T-ULT+\"]"],"faqs":["[accordion]\n[accordion_header]\u00bfPor qu\u00e9 no funcionan mis pilas?[\/accordion_header]\n[accordion_section]Si no se utilizan durante largos periodos de tiempo, las pilas de litio metal, incluidas las utilizadas en la gama EasyLog de registradores de datos, forman de forma natural una capa interna no conductora -una capa de Pasivaci\u00f3n- que impide que se autodescarguen y aumenta eficazmente su vida \u00fatil. Cuando se instala por primera vez en el registrador de datos, puede provocar una ca\u00edda moment\u00e1nea de la tensi\u00f3n de la bater\u00eda (la Tensi\u00f3n M\u00ednima Transitoria) al romperse la capa interna, lo que provoca el reinicio del registrador de datos. Colocar las pilas en el registrador de datos y dejarlo conectado a un PC durante unos 30 segundos eliminar\u00e1 esta capa. Despu\u00e9s de esto, quita y vuelve a poner las pilas para reiniciar el registrador de datos. La duraci\u00f3n total de la bater\u00eda no se ver\u00e1 afectada.[\/accordion_section]\n[\/accordion]\n\n<a class=\"button button-orange\" href=\"\/support\/el-usb-data-loggers\/\" target=\"_blank\" rel=\"noopener\">M\u00e1s ayuda<\/a>"],"usd_price_4":["0.00"],"usd_price_9":["0.00"],"usd_price_24":["0.00"],"usd_price_49":["0.00"],"usd_price_99":["0.00"],"gbp_price_4":["0.00"],"gbp_price_9":["0.00"],"gbp_price_24":["56.69"],"gbp_price_49":["0.00"],"gbp_price_99":["50.39"],"usdhk_price_4":["0.00"],"usdhk_price_9":["0.00"],"usdhk_price_24":["76.49"],"usdhk_price_49":["0.00"],"usdhk_price_99":["67.99"],"_uag_page_assets":["a:9:{s:3:\"css\";s:0:\"\";s:2:\"js\";s:0:\"\";s:18:\"current_block_list\";a:0:{}s:8:\"uag_flag\";b:0;s:11:\"uag_version\";s:10:\"1777052440\";s:6:\"gfonts\";a:0:{}s:10:\"gfonts_url\";s:0:\"\";s:12:\"gfonts_files\";a:0:{}s:14:\"uag_faq_layout\";b:0;}"],"_regular_price":["82.15","82.15"],"_price":["82.15","82.15"],"hubwoo_ecomm_pro_id":["25290704934"],"_max_variation_price":[""],"_max_variation_regular_price":[""],"_max_variation_sale_price":[""],"_min_variation_price":[""],"_min_variation_regular_price":[""],"_min_variation_sale_price":[""],"_sale_price":[""],"_wc_pb_base_regular_price":[""],"_wc_pb_base_sale_price":[""],"_wc_pb_base_price":[""],"_wc_sw_max_price":[""],"_wc_sw_max_regular_price":[""],"_wc_rating_count":[""]},"uagb_featured_image_src":{"full":["https:\/\/praxas.com\/wp-content\/uploads\/easylog-data-logger-EL-USB-TC-Straight-Shot-2.png",800,463,false],"thumbnail":["https:\/\/praxas.com\/wp-content\/uploads\/easylog-data-logger-EL-USB-TC-Straight-Shot-2-150x150.png",150,150,true],"medium":["https:\/\/praxas.com\/wp-content\/uploads\/easylog-data-logger-EL-USB-TC-Straight-Shot-2-300x174.png",300,174,true],"medium_large":["https:\/\/praxas.com\/wp-content\/uploads\/easylog-data-logger-EL-USB-TC-Straight-Shot-2-768x444.png",768,444,true],"large":["https:\/\/praxas.com\/wp-content\/uploads\/easylog-data-logger-EL-USB-TC-Straight-Shot-2.png",800,463,false],"1536x1536":["https:\/\/praxas.com\/wp-content\/uploads\/easylog-data-logger-EL-USB-TC-Straight-Shot-2.png",800,463,false],"2048x2048":["https:\/\/praxas.com\/wp-content\/uploads\/easylog-data-logger-EL-USB-TC-Straight-Shot-2.png",800,463,false],"crunchify-admin-post-featured-image":["https:\/\/praxas.com\/wp-content\/uploads\/easylog-data-logger-EL-USB-TC-Straight-Shot-2-120x69.png",120,69,true],"commercegurus-pdp-large":["https:\/\/praxas.com\/wp-content\/uploads\/easylog-data-logger-EL-USB-TC-Straight-Shot-2.png",800,463,false],"commercegurus-plp-mobile":["https:\/\/praxas.com\/wp-content\/uploads\/easylog-data-logger-EL-USB-TC-Straight-Shot-2-441x255.png",441,255,true],"cgkit_image_swatch":["https:\/\/praxas.com\/wp-content\/uploads\/easylog-data-logger-EL-USB-TC-Straight-Shot-2-100x100.png",100,100,true],"woocommerce_thumbnail":["https:\/\/praxas.com\/wp-content\/uploads\/easylog-data-logger-EL-USB-TC-Straight-Shot-2-300x174.png",300,174,true],"woocommerce_single":["https:\/\/praxas.com\/wp-content\/uploads\/easylog-data-logger-EL-USB-TC-Straight-Shot-2.png",800,463,false],"woocommerce_gallery_thumbnail":["https:\/\/praxas.com\/wp-content\/uploads\/easylog-data-logger-EL-USB-TC-Straight-Shot-2-150x87.png",150,87,true]},"uagb_author_info":{"display_name":"AndyS","author_link":"https:\/\/praxas.com\/es\/author\/"},"uagb_comment_info":0,"uagb_excerpt":"Registrador de datos de temperatura por termopar con USB","_links":{"self":[{"href":"https:\/\/praxas.com\/es\/wp-json\/wp\/v2\/product\/32741","targetHints":{"allow":["GET"]}}],"collection":[{"href":"https:\/\/praxas.com\/es\/wp-json\/wp\/v2\/product"}],"about":[{"href":"https:\/\/praxas.com\/es\/wp-json\/wp\/v2\/types\/product"}],"wp:featuredmedia":[{"embeddable":true,"href":"https:\/\/praxas.com\/es\/wp-json\/wp\/v2\/media\/32742"}],"wp:attachment":[{"href":"https:\/\/praxas.com\/es\/wp-json\/wp\/v2\/media?parent=32741"}],"wp:term":[{"taxonomy":"product_brand","embeddable":true,"href":"https:\/\/praxas.com\/es\/wp-json\/wp\/v2\/product_brand?post=32741"},{"taxonomy":"product_cat","embeddable":true,"href":"https:\/\/praxas.com\/es\/wp-json\/wp\/v2\/product_cat?post=32741"},{"taxonomy":"product_tag","embeddable":true,"href":"https:\/\/praxas.com\/es\/wp-json\/wp\/v2\/product_tag?post=32741"}],"curies":[{"name":"wp","href":"https:\/\/api.w.org\/{rel}","templated":true}]}}