{"id":32776,"date":"2023-06-28T16:43:00","date_gmt":"2023-06-28T14:43:00","guid":{"rendered":"https:\/\/staging.praxas.com\/product\/sin%20categor\u00eda\/el-wifi-vac\/"},"modified":"2025-10-14T17:11:17","modified_gmt":"2025-10-14T15:11:17","slug":"el-wifi-vac","status":"publish","type":"product","link":"https:\/\/praxas.com\/es\/product\/registradores-de-datos\/seguimiento-de-la-vacuna\/el-wifi-vac\/","title":{"rendered":"EL-WiFi-VAC"},"content":{"rendered":"<p>El EL-WiFi-VAC permite la monitorizaci\u00f3n remota de la temperatura de las vacunas y la recopilaci\u00f3n de datos a trav\u00e9s de una red WiFi, visible desde cualquier dispositivo con conexi\u00f3n a Internet, como un smartphone, una tableta o un PC, mediante el software <a href=\"https:\/\/praxas.com\/en\/easylog-cloud\/\"><br \/>\n  <strong>Nube EasyLog<\/strong><br \/>\n<\/a> de EasyLog. Configura alarmas de temperatura alta y baja y recibe alertas instant\u00e1neas por correo electr\u00f3nico cuando la temperatura sea demasiado alta o baja en el frigor\u00edfico o el congelador.<\/p>\n<p>El dispositivo almacenar\u00e1 los datos internamente si pierde la conexi\u00f3n WiFi y los subir\u00e1 autom\u00e1ticamente a la Nube una vez vuelva a conectarse.<\/p>\n<p>Utiliza la <a href=\"https:\/\/praxas.com\/en\/easylog-cloud\/\"><br \/>\n  <strong>Nube EasyLog<\/strong><br \/>\n<\/a> para Android y Apple para configurar f\u00e1cilmente tu dispositivo y acceder a tus datos en cualquier momento y lugar.<\/p>\n<p>Este producto cumple y supera las normas de los CDC para el control de vacunas.<\/p>\n<p>Este producto cumple la norma BS EN 12830:2018 (Registradores de temperatura para el transporte, almacenamiento y distribuci\u00f3n de mercanc\u00edas sensibles a la temperatura).<\/p>\n","protected":false},"excerpt":{"rendered":"<p>Kit WiFi de Monitorizaci\u00f3n de Vacunas<\/p>\n","protected":false},"featured_media":32777,"template":"","meta":{"_acf_changed":false,"content-type":"","_uag_custom_page_level_css":""},"product_brand":[],"product_cat":[1617],"product_tag":[1604,2435,1614,1607,1571,1605,1609,1559],"class_list":{"0":"post-32776","1":"product","2":"type-product","3":"status-publish","4":"has-post-thumbnail","6":"product_cat-seguimiento-de-la-vacuna","7":"product_tag-alarma","8":"product_tag-easylog-es","9":"product_tag-easylog-cloud-es","10":"product_tag-iot-es","11":"product_tag-mostrar","12":"product_tag-sonda-externa","13":"product_tag-termistor","14":"product_tag-wifi-es","16":"first","17":"instock","18":"taxable","19":"shipping-taxable","20":"purchasable","21":"product-type-simple"},"bundled_by":[],"bundle_stock_status":"instock","bundle_stock_quantity":91,"bundle_virtual":false,"bundle_layout":"","bundle_add_to_cart_form_location":"","bundle_editable_in_cart":false,"bundle_sold_individually_context":"","bundle_item_grouping":"","bundle_min_size":"","bundle_max_size":"","bundle_price":[],"bundled_items":[],"bundle_sell_ids":[],"acf":[],"spectra_custom_meta":{"_download_limit":["-1","-1"],"_download_expiry":["-1","-1"],"_downloadable":["no","no"],"_sku":["EL-WiFi-VAC","EL-WiFi-VAC"],"_stock_status":["instock","instock","instock","instock","instock","instock","instock","instock"],"_sold_individually":["no","no"],"_tax_class":["",""],"_tax_status":["taxable","taxable"],"_virtual":["no","no"],"_weight":["1"],"_width":["0"],"_height":["0"],"_length":["0"],"total_sales":["12","12"],"_product_datasheet":["field_650ad7d6ea3a0"],"connectivity":["WiFi","WiFi"],"_connectivity":["field_64dce263bb57c","field_64dce263bb57c"],"brand":["EasyLog","EasyLog"],"_brand":["field_64ddf62ed2593","field_64ddf62ed2593"],"_brand_image":["field_650c5e7c84cae"],"_specifications_table":["field_65044e1db92a8"],"_display_data_alarm":["field_667d647bcb066"],"_resources":["field_650849c6945ee"],"_accessories":["field_650849e6945f0","field_650849e6945f0"],"_faqs":["field_650859523d8d5"],"_calibration_suitable_ids_gb":["field_654b4c4acb54a"],"_calibration_suitable_ids_us":["field_654b4c56cb54b"],"_show_in_calibration_suitable":["field_654cfb691d345"],"_shipping":["field_66852535c98a5"],"_refrigerant_cabinet":["field_66852557c98a6"],"_main_specifications":["field_66855b25b1245"],"_usd_price_4":["field_651570dcac479"],"_usd_price_9":["field_6515713eb4807"],"_usd_price_24":["field_65157141b4809"],"_usd_price_49":["field_65157140b4808"],"_usd_price_99":["field_6515715bb480a"],"_gbp_price_4":["field_6515716e83bfa"],"_gbp_price_9":["field_6515724783bfb"],"_gbp_price_24":["field_6515724b83bfc"],"_gbp_price_49":["field_6515725983bfd"],"_gbp_price_99":["field_6515725d83bfe"],"_usdhk_price_4":["field_6515726f83bff"],"_usdhk_price_9":["field_6515727c83c00"],"_usdhk_price_24":["field_6515728083c01"],"_usdhk_price_49":["field_6515728983c02"],"_usdhk_price_99":["field_6515728e83c03"],"stock_options":["In stock"],"_stock_options":["field_6544b605dc7f9"],"_top_nav_excluded":[""],"_cms_nav_minihome":[""],"wcml_sync_hash":["a:1:{s:15:\"postmeta_fields\";s:32:\"2aec0ae448ecf1341a1897f83c2aeda5\";}"],"attr_label_translations":["a:0:{}"],"_product_image_gallery":["32778,32779"],"_thumbnail_id":["32777"],"_crosssell_ids":["a:0:{}"],"_stock":["91.000000"],"_calibration":["field_66a0ddd599972"],"_edit_lock":["1722264288:8383"],"classic-editor-remember":["classic-editor"],"rank_math_seo_score":["75"],"_edit_last":["8383"],"commercekit_gallery_layout":[""],"commercekit_disable_sticky_atc":["0"],"commercekit_wc_video_gallery":["a:0:{}"],"_rank_math_gtin_code":[""],"_wcml_average_rating":[null],"_wcml_review_count":[null],"_wcml_rating_count":[null],"_wc_average_rating":[0],"_wc_review_count":["0"],"_product_version":["9.1.2"],"display_data_alarm":[""],"calibration":[""],"calibration_suitable_ids_gb":[""],"calibration_suitable_ids_us":[""],"show_in_calibration_suitable":[""],"other_features":[""],"shipping":[""],"refrigerant_cabinet":[""],"main_specifications":[""],"shoptimizer_layout_pdp_short_description_position":["default"],"product_datasheet":["10483"],"brand_image":["10467"],"_wpml_media_duplicate":["1"],"_wpml_media_featured":["1"],"_last_translation_edit_mode":["translation-editor"],"_product_attributes":["a:2:{s:16:\"pa_product-brand\";a:6:{s:4:\"name\";s:16:\"pa_product-brand\";s:5:\"value\";s:0:\"\";s:8:\"position\";i:0;s:10:\"is_visible\";i:1;s:12:\"is_variation\";i:0;s:11:\"is_taxonomy\";i:1;}s:19:\"pa_product-features\";a:6:{s:4:\"name\";s:19:\"pa_product-features\";s:5:\"value\";s:0:\"\";s:8:\"position\";i:1;s:10:\"is_visible\";i:1;s:12:\"is_variation\";i:0;s:11:\"is_taxonomy\";i:1;}}"],"_backorders":["no","no"],"_manage_stock":["no","no"],"min_temp":["-40"],"max_temp":["60"],"_min_temp":["field_67ea5eb4e0a77"],"_max_temp":["field_67ea5f81e0a79"],"_wpml_word_count":["177"],"rank_math_primary_product_cat":["100","100"],"_global_unique_id":["5056744400144"],"faqs":["[accordion]\n[accordion_header]\u00bfPor qu\u00e9 mi dispositivo no se conecta a la red inal\u00e1mbrica?[\/accordion_header]\n[accordion_section]\n\nPuedes realizar los siguientes pasos para solucionar este problema:\n\nComprobaciones b\u00e1sicas:\n\n1) Comprueba que la contrase\u00f1a introducida es correcta.\n\n2) Aseg\u00farate de que el nombre del SSID no contiene espacios ni otros caracteres especiales.\n\n3) Comprueba que tu red tiene conexi\u00f3n a Internet.\n\n4) Comprueba que el dispositivo est\u00e1 dentro del alcance del router.\n\n5) Se requiere una red de 2,4 GHz compatible con 802.11b, g o n. Las redes de 5GHz no son compatibles.\n\nComprobaciones avanzadas de la red:\n\n6) El puerto TCP 14354 est\u00e1 abierto para el tr\u00e1fico saliente en toda tu red y cortafuegos.\n\n7) Aseg\u00farate de que el filtrado MAC no est\u00e1 activado, o si lo est\u00e1, que la direcci\u00f3n MAC del dispositivo est\u00e1 incluida en la lista de dispositivos conocidos.\n\n8) Comprueba que el servicio DHCP est\u00e1 en funcionamiento. Esto permite asignar al dispositivo una direcci\u00f3n IP. Normalmente, el servicio DHCP se ejecuta en tu router o en un servidor de red. Aseg\u00farate de que el rango de direcciones IP DHCP configurado permite a\u00f1adir nuevos dispositivos, si no ampl\u00eda el rango.\n\n9) Si tu red inal\u00e1mbrica utiliza la autenticaci\u00f3n WPA Enterprise, aseg\u00farate de que durante la configuraci\u00f3n se selecciona el tipo de autenticaci\u00f3n correcto en el cuadro desplegable. S\u00f3lo se admiten los tipos indicados.\n\n[\/accordion_section]\n[\/accordion]\n\n[accordion]\n[accordion_header]\u00bfQu\u00e9 duraci\u00f3n de bater\u00eda puedo esperar de mi dispositivo, y perder\u00e9 mis datos si se agota?[\/accordion_header]\n[accordion_section]\n\nHay varios factores que pueden afectar significativamente a la duraci\u00f3n de la bater\u00eda del dispositivo, entre ellos: el horario de sincronizaci\u00f3n, el m\u00e9todo de encriptaci\u00f3n Wi-Fi, la frecuencia de rotaci\u00f3n de la clave de encriptaci\u00f3n Wi-Fi (determinada por el punto de acceso o el router), la intensidad de la se\u00f1al entre el punto de acceso o el router y el dispositivo, el volumen de presencia y el tipo de tr\u00e1fico Wi-Fi de otros dispositivos, la frecuencia de muestreo y la temperatura de funcionamiento. En nuestras pruebas, conseguimos regularmente una duraci\u00f3n de la bater\u00eda superior a seis meses con una velocidad de transmisi\u00f3n de una hora o m\u00e1s a temperatura ambiente. El aparato no tomar\u00e1 lecturas cuando no haya corriente, pero se sincronizar\u00e1n todas las lecturas tomadas antes de la p\u00e9rdida de corriente. Una vez recargado, el dispositivo volver\u00e1 a conectarse a la nube EasyLog, iniciar\u00e1 una nueva sesi\u00f3n de grabaci\u00f3n y continuar\u00e1 grabando.\n\nEL-WIFI - La bater\u00eda de este dispositivo es recargable y la carga suele durar 6 meses. Tambi\u00e9n puedes alimentar el aparato a trav\u00e9s de la red el\u00e9ctrica.\n\nEL-IOT - Las pilas suelen durar m\u00e1s de un a\u00f1o. El aparato funciona con 4 pilas AA de 1,5 V\n\nEL-WEM - Este aparato debe estar siempre alimentado por la red el\u00e9ctrica.\n\n[\/accordion_section]\n[\/accordion]\n\n<a class=\"button button-orange\" href=\"\/support\/el-wifi-data-loggers\/\">M\u00e1s ayuda<\/a>"],"_other_features":["field_686fa2aa98dce"],"rank_math_title":["EL-WiFi-VAC | Registradores digitales de datos para vacunas | Praxas"],"rank_math_description":["El EL-WiFi-VAC permite controlar a distancia la temperatura de las vacunas y recopilar datos a trav\u00e9s de una red WiFi que se puede ver desde cualquier dispositivo con conexi\u00f3n a Internet mediante EasyLog Cloud."],"rank_math_focus_keyword":["EL-WiFi-VAC"],"specifications_table":["<table class=\"specifications\">\n<tbody>\n<tr class=\"even-row\">\n<td class=\"left-td\">Rango de medici\u00f3n (sonda suministrada)<\/td>\n<td>-40 a 60\u00b0C (-40 a 140\u00b0F)<\/td>\n<\/tr>\n<tr class=\"odd-row\">\n<td class=\"left-td\">Resoluci\u00f3n de la medici\u00f3n<\/td>\n<td>0,01\u00b0C (0,02\u00b0F)<\/td>\n<\/tr>\n<tr class=\"even-row\">\n<td class=\"left-td\">Precisi\u00f3n de medici\u00f3n (t\u00edpica)<\/td>\n<td>\u00b10,1\u00b0C\/\u00b10,2\u00b0F (-10 a +60\u00b0C\/+14 a +140\u00b0F)<\/td>\n<\/tr>\n<tr class=\"odd-row\">\n<td class=\"left-td\">Precisi\u00f3n de medici\u00f3n (m\u00e1xima)<\/td>\n<td>\u00b10,6\u00b0C\/\u00b11,1\u00b0F (-40 a +60\u00b0C\/ -40 a +140\u00b0F)<\/td>\n<\/tr>\n<tr class=\"even-row\">\n<td class=\"left-td\">Temperatura de funcionamiento (m\u00f3dulo)<\/td>\n<td>-20 a +60\u00b0C (-4 a +140\u00b0F)<\/td>\n<\/tr>\n<tr class=\"odd-row\">\n<td class=\"left-td\">Lecturas<\/td>\n<td>Sin l\u00edmite<\/td>\n<\/tr>\n<tr class=\"even-row\">\n<td class=\"left-td\">Tasa de registro<\/td>\n<td>Seleccionable por el usuario entre 10 segundos y 12 horas<\/td>\n<\/tr>\n<tr class=\"odd-row\">\n<td class=\"left-td\">Duraci\u00f3n de la Bater\u00eda<\/td>\n<td>Bater\u00eda recargable \/ 6 meses de autonom\u00eda \/ Opci\u00f3n con alimentaci\u00f3n de red<\/td>\n<\/tr>\n<tr class=\"even-row\">\n<td class=\"left-td\">Certificado de calibraci\u00f3n<\/td>\n<td>Suministrado a 2 y 8\u00b0C<\/td>\n<\/tr>\n<\/tbody>\n<\/table>"],"resources":["<ul class=\"resources-list\">\n \t<li><img src=\"https:\/\/praxas.com\/wp-content\/uploads\/document-icon.png\" alt=\"Icono de documento\"><a href=\"https:\/\/praxas.com\/wp-content\/uploads\/easylog-data-logger-el-wifi-vac_iss4_07-19.pdf\" target=\"_blank\" rel=\"noopener\">Hoja de datos EL-WiFi-VAC<\/a><\/li>\n \t<li><img src=\"https:\/\/praxas.com\/wp-content\/uploads\/software-icon.png\" alt=\"Icono de software\"><a href=\"https:\/\/praxas.com\/software\/easylog-software\/easylog-wifi\/\" target=\"_blank\" rel=\"noopener\">Software EasyLog WiFi<\/a><\/li>\n \t<li><img src=\"https:\/\/praxas.com\/wp-content\/uploads\/software-icon.png\" alt=\"Icono de software\"><a href=\"https:\/\/praxas.com\/en\/easylog-cloud\/\" target=\"_blank\" rel=\"noopener\">Nube EasyLog<\/a><\/li>\n \t<li><img src=\"https:\/\/praxas.com\/wp-content\/uploads\/document-icon.png\" alt=\"Icono de documento\"><a href=\"https:\/\/praxas.com\/wp-content\/uploads\/el_wifi_qsg_iss4_11-18_pages.pdf\" target=\"_blank\" rel=\"noopener\">Gu\u00eda de inicio r\u00e1pido EL-WiFi<\/a><\/li>\n \t<li><img src=\"https:\/\/praxas.com\/wp-content\/uploads\/document-icon.png\" alt=\"Icono de documento\"><a href=\"https:\/\/praxas.com\/wp-content\/uploads\/help-guide-3-network-requirements-and-settings-12-09-2022_issue-6.pdf\" target=\"_blank\" rel=\"noopener\">Requisitos y configuraci\u00f3n de la red<\/a><\/li>\n \t<li><img src=\"https:\/\/praxas.com\/wp-content\/uploads\/video-icon-orange.png\" alt=\"Icono de v\u00eddeo\"><a href=\"https:\/\/www.youtube.com\/playlist?list=PL_yZedoZ_7MpemnH-a3NswL9-NgUz3DVe\" target=\"_blank\" rel=\"noopener\">V\u00eddeos tutoriales<\/a><\/li>\n \t<li><img src=\"https:\/\/praxas.com\/wp-content\/uploads\/document-icon.png\" alt=\"Icono de documento\"><a href=\"https:\/\/praxas.com\/wp-content\/uploads\/conformity_certificate_wifi_range_with_coo-issu8.pdf\" target=\"_blank\" rel=\"noopener\">EL-WiFi-VAC Declaraci\u00f3n de conformidad<\/a><\/li>\n \t<li><img src=\"https:\/\/praxas.com\/wp-content\/uploads\/document-icon.png\" alt=\"Icono de documento\"><a href=\"https:\/\/praxas.com\/wp-content\/uploads\/bs-en-12830-record-of-compliance-issue-1.pdf\" target=\"_blank\" rel=\"noopener\">BS EN 12830:2018 Registro de conformidad<\/a><\/li>\n<\/ul>"],"accessories":["[products skus=\"EL-P-VAC,PSU USB-UK,PSU USB-EU,EL-WiFi Wall Bracket,EL-PROBE-EXTENDER-10M,EL-PROBE-EXTENDER-3M,EL-PROBE-EXTENDER-5M,EL-PROBE-EXTENDER-1.5M,Fridge Install Kit-TP\"]","[products skus=\"EL-P-VAC,PSU USB-UK,PSU USB-EU,EL-WiFi Wall Bracket,EL-PROBE-EXTENDER-10M,EL-PROBE-EXTENDER-3M,EL-PROBE-EXTENDER-5M,EL-PROBE-EXTENDER-1.5M,Fridge Install Kit-TP\"]"],"usd_price_4":["0.00"],"usd_price_9":["0.00"],"usd_price_24":["0.00"],"usd_price_49":["0.00"],"usd_price_99":["0.00"],"gbp_price_4":["0.00"],"gbp_price_9":["0.00"],"gbp_price_24":["166.49"],"gbp_price_49":["0.00"],"gbp_price_99":["147.99"],"usdhk_price_4":["0.00"],"usdhk_price_9":["0.00"],"usdhk_price_24":["224.99"],"usdhk_price_49":["0.00"],"usdhk_price_99":["199.99"],"_uag_page_assets":["a:9:{s:3:\"css\";s:0:\"\";s:2:\"js\";s:0:\"\";s:18:\"current_block_list\";a:0:{}s:8:\"uag_flag\";b:0;s:11:\"uag_version\";s:10:\"1776350811\";s:6:\"gfonts\";a:0:{}s:10:\"gfonts_url\";s:0:\"\";s:12:\"gfonts_files\";a:0:{}s:14:\"uag_faq_layout\";b:0;}"],"_regular_price":["237.75","237.75"],"_price":["237.75","237.75"],"hubwoo_ecomm_pro_id":["25377932614"],"_max_variation_price":[""],"_max_variation_regular_price":[""],"_max_variation_sale_price":[""],"_min_variation_price":[""],"_min_variation_regular_price":[""],"_min_variation_sale_price":[""],"_sale_price":[""],"_wc_pb_base_regular_price":[""],"_wc_pb_base_sale_price":[""],"_wc_pb_base_price":[""],"_wc_sw_max_price":[""],"_wc_sw_max_regular_price":[""],"_wc_rating_count":[""]},"uagb_featured_image_src":{"full":["https:\/\/praxas.com\/wp-content\/uploads\/Easylog-data-loggers-EL-WiFi-TP-Vac-Probe-Straight.png",800,463,false],"thumbnail":["https:\/\/praxas.com\/wp-content\/uploads\/Easylog-data-loggers-EL-WiFi-TP-Vac-Probe-Straight-150x150.png",150,150,true],"medium":["https:\/\/praxas.com\/wp-content\/uploads\/Easylog-data-loggers-EL-WiFi-TP-Vac-Probe-Straight-300x174.png",300,174,true],"medium_large":["https:\/\/praxas.com\/wp-content\/uploads\/Easylog-data-loggers-EL-WiFi-TP-Vac-Probe-Straight-768x444.png",768,444,true],"large":["https:\/\/praxas.com\/wp-content\/uploads\/Easylog-data-loggers-EL-WiFi-TP-Vac-Probe-Straight.png",800,463,false],"1536x1536":["https:\/\/praxas.com\/wp-content\/uploads\/Easylog-data-loggers-EL-WiFi-TP-Vac-Probe-Straight.png",800,463,false],"2048x2048":["https:\/\/praxas.com\/wp-content\/uploads\/Easylog-data-loggers-EL-WiFi-TP-Vac-Probe-Straight.png",800,463,false],"crunchify-admin-post-featured-image":["https:\/\/praxas.com\/wp-content\/uploads\/Easylog-data-loggers-EL-WiFi-TP-Vac-Probe-Straight-120x69.png",120,69,true],"commercegurus-pdp-large":["https:\/\/praxas.com\/wp-content\/uploads\/Easylog-data-loggers-EL-WiFi-TP-Vac-Probe-Straight.png",800,463,false],"commercegurus-plp-mobile":["https:\/\/praxas.com\/wp-content\/uploads\/Easylog-data-loggers-EL-WiFi-TP-Vac-Probe-Straight-441x255.png",441,255,true],"cgkit_image_swatch":["https:\/\/praxas.com\/wp-content\/uploads\/Easylog-data-loggers-EL-WiFi-TP-Vac-Probe-Straight-100x100.png",100,100,true],"woocommerce_thumbnail":["https:\/\/praxas.com\/wp-content\/uploads\/Easylog-data-loggers-EL-WiFi-TP-Vac-Probe-Straight-300x174.png",300,174,true],"woocommerce_single":["https:\/\/praxas.com\/wp-content\/uploads\/Easylog-data-loggers-EL-WiFi-TP-Vac-Probe-Straight.png",800,463,false],"woocommerce_gallery_thumbnail":["https:\/\/praxas.com\/wp-content\/uploads\/Easylog-data-loggers-EL-WiFi-TP-Vac-Probe-Straight-150x87.png",150,87,true]},"uagb_author_info":{"display_name":"AndyS","author_link":"https:\/\/praxas.com\/es\/author\/"},"uagb_comment_info":0,"uagb_excerpt":"Kit WiFi de Monitorizaci\u00f3n de Vacunas","_links":{"self":[{"href":"https:\/\/praxas.com\/es\/wp-json\/wp\/v2\/product\/32776","targetHints":{"allow":["GET"]}}],"collection":[{"href":"https:\/\/praxas.com\/es\/wp-json\/wp\/v2\/product"}],"about":[{"href":"https:\/\/praxas.com\/es\/wp-json\/wp\/v2\/types\/product"}],"wp:featuredmedia":[{"embeddable":true,"href":"https:\/\/praxas.com\/es\/wp-json\/wp\/v2\/media\/32777"}],"wp:attachment":[{"href":"https:\/\/praxas.com\/es\/wp-json\/wp\/v2\/media?parent=32776"}],"wp:term":[{"taxonomy":"product_brand","embeddable":true,"href":"https:\/\/praxas.com\/es\/wp-json\/wp\/v2\/product_brand?post=32776"},{"taxonomy":"product_cat","embeddable":true,"href":"https:\/\/praxas.com\/es\/wp-json\/wp\/v2\/product_cat?post=32776"},{"taxonomy":"product_tag","embeddable":true,"href":"https:\/\/praxas.com\/es\/wp-json\/wp\/v2\/product_tag?post=32776"}],"curies":[{"name":"wp","href":"https:\/\/api.w.org\/{rel}","templated":true}]}}