{"id":32812,"date":"2023-06-29T13:37:00","date_gmt":"2023-06-29T11:37:00","guid":{"rendered":"https:\/\/staging.praxas.com\/product\/sin%20categor\u00eda\/el-wifi-tpx\/"},"modified":"2025-11-10T14:10:08","modified_gmt":"2025-11-10T13:10:08","slug":"el-wifi-tpx","status":"publish","type":"product","link":"https:\/\/praxas.com\/es\/product\/registradores-de-datos\/registradores-de-datos-de-temperatura\/el-wifi-tpx\/","title":{"rendered":"EL-WiFi-TPX+"},"content":{"rendered":"<p>El EL-WiFi-TPX+ supervisa a distancia el entorno en un rango de medici\u00f3n de -40 a +125 \u00b0C (-40 a +257 \u00b0F) y viene equipado con una luz de advertencia de alarma y una sirena para asegurarte de que nunca se te escapa una infracci\u00f3n de temperatura. Los datos se cargan peri\u00f3dicamente utilizando una red WiFi est\u00e1ndar a la <a href=\"https:\/\/praxas.com\/es\/easylog-cloud-es\/\"><strong>Nube EasyLog<\/strong><\/a>.<\/p>\n<p>EasyLog Cloud da acceso a cada registrador de datos y a los datos recogidos desde cualquier dispositivo con conexi\u00f3n a Internet. Cambia la configuraci\u00f3n del registrador de datos a distancia, recibe alertas por correo electr\u00f3nico de las condiciones de alarma, enlaza sensores de varios sitios en una sola cuenta y asigna varios privilegios de usuario.<\/p>\n<p>El dispositivo almacena los datos internamente si pierde la conexi\u00f3n WiFi y los sube autom\u00e1ticamente a la Nube una vez reconectado.<\/p>\n<p>Utiliza la <a href=\"https:\/\/praxas.com\/es\/easylog-cloud-es\/\"><strong>Nube EasyLog<\/strong><\/a> para Android y Apple para configurar f\u00e1cilmente tu dispositivo y acceder a tus datos en cualquier momento y lugar.<\/p>\n<p>Con el producto se incluye una sonda de temperatura de termistor de alta precisi\u00f3n (que puede extraerse y calibrarse por separado) y un soporte de montaje mural.<\/p>\n<p>Este producto cumple la norma BS EN 12830:2018 (Registradores de temperatura para el transporte, almacenamiento y distribuci\u00f3n de mercanc\u00edas sensibles a la temperatura).<\/p>\n","protected":false},"excerpt":{"rendered":"<p>Registrador de datos de temperatura de alta precisi\u00f3n conectado por WiFi con luz de advertencia de alarma y sirena<\/p>\n","protected":false},"featured_media":32813,"template":"","meta":{"_acf_changed":false,"content-type":"","_uag_custom_page_level_css":""},"product_brand":[],"product_cat":[1601],"product_tag":[1604,1560,2435,1614,1607,1571,1605,3957,1609,1559],"class_list":{"0":"post-32812","1":"product","2":"type-product","3":"status-publish","4":"has-post-thumbnail","6":"product_cat-registradores-de-datos-de-temperatura","7":"product_tag-alarma","8":"product_tag-alta-precision","9":"product_tag-easylog-es","10":"product_tag-easylog-cloud-es","11":"product_tag-iot-es","12":"product_tag-mostrar","13":"product_tag-sonda-externa","14":"product_tag-sondas-inteligentes","15":"product_tag-termistor","16":"product_tag-wifi-es","18":"first","19":"instock","20":"taxable","21":"shipping-taxable","22":"purchasable","23":"product-type-simple"},"bundled_by":[],"bundle_stock_status":"instock","bundle_stock_quantity":10,"bundle_virtual":false,"bundle_layout":"","bundle_add_to_cart_form_location":"","bundle_editable_in_cart":false,"bundle_sold_individually_context":"","bundle_item_grouping":"","bundle_min_size":"","bundle_max_size":"","bundle_price":[],"bundled_items":[],"bundle_sell_ids":[],"acf":[],"spectra_custom_meta":{"_download_limit":["-1","-1"],"_download_expiry":["-1","-1"],"_downloadable":["no","no"],"_stock_status":["instock","instock","instock","instock","instock","instock","instock","instock","instock","instock"],"_sold_individually":["no","no"],"_tax_class":["",""],"_tax_status":["taxable","taxable"],"_virtual":["no","no"],"_weight":["0"],"_width":["0"],"_height":["0"],"_length":["0","0"],"total_sales":["25","25"],"_product_datasheet":["field_650ad7d6ea3a0"],"connectivity":["WiFi","WiFi"],"_connectivity":["field_64dce263bb57c","field_64dce263bb57c"],"brand":["EasyLog","EasyLog"],"_brand":["field_64ddf62ed2593","field_64ddf62ed2593"],"_brand_image":["field_650c5e7c84cae"],"_specifications_table":["field_65044e1db92a8"],"_display_data_alarm":["field_667d647bcb066"],"_resources":["field_650849c6945ee"],"_accessories":["field_650849e6945f0","field_650849e6945f0"],"_faqs":["field_650859523d8d5"],"_calibration_suitable_ids_gb":["field_654b4c4acb54a"],"_calibration_suitable_ids_us":["field_654b4c56cb54b"],"_show_in_calibration_suitable":["field_654cfb691d345"],"_usd_price_4":["field_651570dcac479"],"_usd_price_9":["field_6515713eb4807"],"_usd_price_24":["field_65157141b4809"],"_usd_price_49":["field_65157140b4808"],"_usd_price_99":["field_6515715bb480a"],"_gbp_price_4":["field_6515716e83bfa"],"_gbp_price_9":["field_6515724783bfb"],"_gbp_price_24":["field_6515724b83bfc"],"_gbp_price_49":["field_6515725983bfd"],"_gbp_price_99":["field_6515725d83bfe"],"_usdhk_price_4":["field_6515726f83bff"],"_usdhk_price_9":["field_6515727c83c00"],"_usdhk_price_24":["field_6515728083c01"],"_usdhk_price_49":["field_6515728983c02"],"_usdhk_price_99":["field_6515728e83c03"],"stock_options":["In stock"],"_stock_options":["field_6544b605dc7f9"],"_top_nav_excluded":[""],"_cms_nav_minihome":[""],"calibration":[""],"wcml_sync_hash":["a:1:{s:15:\"postmeta_fields\";s:32:\"5d3a2902a8e270cc1f0732fa726fcb2a\";}"],"attr_label_translations":["a:0:{}"],"_product_image_gallery":["32814,32815,32816"],"_thumbnail_id":["32813"],"_stock":["10.000000"],"_calibration":["field_66a0ddd599972"],"_shipping":["field_66852535c98a5"],"_refrigerant_cabinet":["field_66852557c98a6"],"_main_specifications":["field_66855b25b1245"],"_last_translation_edit_mode":["translation-editor"],"_edit_lock":["1721822267:8383"],"classic-editor-remember":["classic-editor"],"rank_math_seo_score":["82"],"_edit_last":["8383"],"commercekit_gallery_layout":[""],"commercekit_disable_sticky_atc":["0"],"commercekit_wc_video_gallery":["a:0:{}"],"_rank_math_gtin_code":[""],"_wcml_average_rating":[null],"_wcml_review_count":[null],"_wcml_rating_count":[null],"_wc_average_rating":[0],"_wc_review_count":["0"],"_product_version":["9.1.2"],"display_data_alarm":[""],"calibration_suitable_ids_gb":[""],"calibration_suitable_ids_us":[""],"show_in_calibration_suitable":[""],"other_features":[""],"shipping":[""],"refrigerant_cabinet":[""],"main_specifications":[""],"shoptimizer_layout_pdp_short_description_position":["default"],"product_datasheet":["10432"],"brand_image":["10467"],"_wpml_media_duplicate":["1"],"_wpml_media_featured":["1"],"_product_attributes":["a:2:{s:16:\"pa_product-brand\";a:6:{s:4:\"name\";s:16:\"pa_product-brand\";s:5:\"value\";s:0:\"\";s:8:\"position\";i:0;s:10:\"is_visible\";i:1;s:12:\"is_variation\";i:0;s:11:\"is_taxonomy\";i:1;}s:19:\"pa_product-features\";a:6:{s:4:\"name\";s:19:\"pa_product-features\";s:5:\"value\";s:0:\"\";s:8:\"position\";i:1;s:10:\"is_visible\";i:1;s:12:\"is_variation\";i:0;s:11:\"is_taxonomy\";i:1;}}"],"_crosssell_ids":["a:0:{}"],"_backorders":["no","no"],"_manage_stock":["no","no"],"min_temp":["-40"],"_min_temp":["field_67ea5eb4e0a77"],"_max_temp":["field_67ea5f81e0a79"],"_wpml_word_count":["237"],"max_temp":["125"],"rank_math_primary_product_cat":["87","87"],"_global_unique_id":["5056744400113"],"faqs":["[accordion]\n[accordion_header]\u00bfMis dispositivos no se comunican con la nube EasyLog?[\/accordion_header]\n[accordion_section]\n\nLas razones por las que tu dispositivo puede tener problemas para comunicarse con la nube pueden ser:\n\nHay una se\u00f1al d\u00e9bil entre el dispositivo y el router\nLa bater\u00eda de tu dispositivo est\u00e1 baja.\nEl SSID o la contrase\u00f1a del router pueden haber cambiado\nEl router se ha desconectado o se ha apagado\nHay un obst\u00e1culo que bloquea la se\u00f1al, como paredes met\u00e1licas o de hormig\u00f3n\nEstas razones deben tenerse en cuenta al configurar inicialmente tu dispositivo para que la comunicaci\u00f3n con la nube sea lo m\u00e1s satisfactoria posible.\n\n[\/accordion_section]\n[\/accordion]\n\n<span class=\"ui-provider ee bhc bhd bhe bhf bhg bhh bhi bhj bhk bhl bhm bhn bho bhp bhq bhr bhs bht bhu bhv bhw bhx bhy bhz bia bib bic bid bie bif big bih bii bij\" dir=\"ltr\">[accordion]\n[accordion_header]\u00bfC\u00f3mo funciona la suscripci\u00f3n a PraxasCloud?[\/accordion_header]\n[accordion_section]Visita la p\u00e1gina de inscripci\u00f3n, donde podr\u00e1s mover los controles deslizantes para seleccionar las distintas funciones que necesites. Puedes suscribirte con tarjeta para una facturaci\u00f3n mensual autom\u00e1tica o las empresas pueden ponerse en contacto con su oficina de ventas local para suscripciones a m\u00e1s largo plazo. https:\/\/www.praxascloud.com\/accounttype.aspx\n [\/accordion_section]\n[\/accordion]<\/span>\n\n<a class=\"button button-orange\" href=\"\/support\/el-wifi-data-loggers\/\">M\u00e1s ayuda<\/a>"],"_other_features":["field_686fa2aa98dce"],"rank_math_title":["EL-WIFI-TPX+ | Registrador de Datos de Temperatura con Alarma y Sirena"],"rank_math_description":["El EasyLog EL-WiFi-TPX+ supervisa a distancia el entorno en un rango de medici\u00f3n de -40 a +125 \u00b0C, y viene equipado con una luz de aviso de alarma y una sirena."],"rank_math_focus_keyword":["EL-WiFi-TPX+"],"specifications_table":["<table class=\"specifications\">\n<tbody>\n<tr class=\"even-row\">\n<td class=\"left-td\">Rango de medici\u00f3n<\/td>\n<td>\n<div class=\"product-specification__value col-m-6\">-40 a 125\u00b0C (-40 a 257\u00b0F)<\/div><\/td>\n<\/tr>\n<tr class=\"odd-row\">\n<td class=\"left-td\">Resoluci\u00f3n de la medici\u00f3n<\/td>\n<td>\n<div class=\"product-specification__value col-m-6\">0,01\u00b0C (0,02\u00b0F)<\/div><\/td>\n<\/tr>\n<tr class=\"even-row\">\n<td class=\"left-td\">Resoluci\u00f3n de la pantalla<\/td>\n<td>\n<div class=\"product-specification__value col-m-6\">0.01<\/div><\/td>\n<\/tr>\n<tr class=\"odd-row\">\n<td class=\"left-td\">Precisi\u00f3n de la medici\u00f3n<\/td>\n<td>\n<div class=\"product-specification__value col-m-6\">\u00b10,2\u00b0C\/\u00b10,4\u00b0F (-15 a +80\u00b0C\/5 a 176\u00b0F)\n\u00b10,5\u00b0C\/\u00b10,9\u00b0F (-40 a 125\u00b0C\/-40 a 257\u00b0F)<\/div><\/td>\n<\/tr>\n<tr class=\"even-row\">\n<td class=\"left-td\">Temperatura de funcionamiento<\/td>\n<td>\n<div class=\"product-specification__value col-m-6\">-20 a +60\u00b0C (-4 a +140\u00b0F)<\/div><\/td>\n<\/tr>\n<tr class=\"odd-row\">\n<td class=\"left-td\">Lecturas<\/td>\n<td>\n<div class=\"product-specification__value col-m-6\">Sin l\u00edmites<\/div><\/td>\n<\/tr>\n<tr class=\"even-row\">\n<td class=\"left-td\">Tasa de registro<\/td>\n<td>\n<div class=\"product-specification__value col-m-6\">Seleccionable por el usuario entre 10 segundos y 12 horas<\/div><\/td>\n<\/tr>\n<tr class=\"odd-row\">\n<td class=\"left-td\">Duraci\u00f3n de la bater\u00eda<\/td>\n<td>\n<div class=\"product-specification__value col-m-6\">>6 meses<\/div><\/td>\n<\/tr>\n<tr class=\"even-row\">\n<td class=\"left-td\">Tensi\u00f3n de alimentaci\u00f3n USB<\/td>\n<td>5 Vcc<\/td>\n<\/tr>\n<tr class=\"odd-row\">\n<td class=\"left-td\">\n<div class=\"product-specification__value col-m-6\">Grado de protecci\u00f3n IP<\/div><\/td>\n<td>Registrador IP42\nSonda IP67<\/td>\n<\/tr>\n<tr class=\"even-row\">\n<td class=\"left-td\">\n<div class=\"product-specification__value col-m-6\">Dimensiones<\/div><\/td>\n<td>82 x 70 x 36 mm<\/td>\n<\/tr>\n<\/tbody>\n<\/table>"],"resources":["<ul class=\"resources-list\">\n \t<li><img src=\"https:\/\/praxas.com\/wp-content\/uploads\/document-icon.png\" alt=\"Icono de documento\"><a href=\"https:\/\/praxas.com\/wp-content\/uploads\/datasheet_el-wifi-tpxplus_iss5_08-02-2023.pdf\" target=\"_blank\" rel=\"noopener\">EL-WiFi-TPX+ Ficha t\u00e9cnica<\/a><\/li>\n \t<li><img src=\"https:\/\/praxas.com\/wp-content\/uploads\/document-icon.png\" alt=\"Icono de documento\"><a href=\"https:\/\/praxas.com\/wp-content\/uploads\/help-guide-3-network-requirements-and-settings-12-09-2022_issue-6.pdf\" target=\"_blank\" rel=\"noopener\">Requisitos y configuraci\u00f3n de la red<\/a><\/li>\n \t<li><img src=\"https:\/\/praxas.com\/wp-content\/uploads\/document-icon.png\" alt=\"Icono de documento\"><a href=\"https:\/\/praxas.com\/wp-content\/uploads\/el-wifi-qsg.pdf\" target=\"_blank\" rel=\"noopener\">Gu\u00eda de inicio r\u00e1pido EL-WiFi<\/a><\/li>\n \t<li><img src=\"https:\/\/praxas.com\/wp-content\/uploads\/document-icon.png\" alt=\"Icono de documento\"><a href=\"https:\/\/praxas.com\/wp-content\/uploads\/conformity_certificate_wifi_range_with_coo-issu8.pdf\" target=\"_blank\" rel=\"noopener\">EL-WiFi-TPX+ Declaraci\u00f3n de conformidad<\/a><\/li>\n \t<li><img src=\"https:\/\/praxas.com\/wp-content\/uploads\/document-icon.png\" alt=\"Icono de documento\"><a href=\"https:\/\/praxas.com\/wp-content\/uploads\/bs-en-12830-record-of-compliance-issue-1.pdf\" target=\"_blank\" rel=\"noopener\">BS EN 12830:2018 Registro de conformidad<\/a><\/li>\n<\/ul>\n\u00a0"],"accessories":["[products skus=\"EL-P-TPX+,EL-WiFi Wall Bracket,Fridge Install Kit-TP,EL-PROBE-EXTENDER-1.5M,EL-PROBE-EXTENDER-3M,EL-PROBE-EXTENDER-5M,EL-PROBE-EXTENDER-10M\"]","[products skus=\"EL-P-TPX+,EL-WiFi Wall Bracket,Fridge Install Kit-TP,EL-PROBE-EXTENDER-1.5M,EL-PROBE-EXTENDER-3M,EL-PROBE-EXTENDER-5M,EL-PROBE-EXTENDER-10M\"]"],"usd_price_4":["0.00"],"usd_price_9":["0.00"],"usd_price_24":["0.00"],"usd_price_49":["0.00"],"usd_price_99":["0.00"],"gbp_price_4":["0.00"],"gbp_price_9":["0.00"],"gbp_price_24":["161.99"],"gbp_price_49":["0.00"],"gbp_price_99":["143.99"],"usdhk_price_4":["0.00"],"usdhk_price_9":["0.00"],"usdhk_price_24":["215.99"],"usdhk_price_49":["0.00"],"usdhk_price_99":["191.99"],"_uag_page_assets":["a:9:{s:3:\"css\";s:0:\"\";s:2:\"js\";s:0:\"\";s:18:\"current_block_list\";a:0:{}s:8:\"uag_flag\";b:0;s:11:\"uag_version\";s:10:\"1777052440\";s:6:\"gfonts\";a:0:{}s:10:\"gfonts_url\";s:0:\"\";s:12:\"gfonts_files\";a:0:{}s:14:\"uag_faq_layout\";b:0;}"],"_regular_price":["219.75","219.75"],"_price":["219.75","219.75"],"_sku":["21117","21117"],"hubwoo_ecomm_pro_id":["43602256747"],"_max_variation_price":[""],"_max_variation_regular_price":[""],"_max_variation_sale_price":[""],"_min_variation_price":[""],"_min_variation_regular_price":[""],"_min_variation_sale_price":[""],"_sale_price":[""],"_wc_pb_base_regular_price":[""],"_wc_pb_base_sale_price":[""],"_wc_pb_base_price":[""],"_wc_sw_max_price":[""],"_wc_sw_max_regular_price":[""],"_wc_rating_count":[""]},"uagb_featured_image_src":{"full":["https:\/\/praxas.com\/wp-content\/uploads\/EL-WiFi-TPX_Front-Glow.png",800,463,false],"thumbnail":["https:\/\/praxas.com\/wp-content\/uploads\/EL-WiFi-TPX_Front-Glow-150x150.png",150,150,true],"medium":["https:\/\/praxas.com\/wp-content\/uploads\/EL-WiFi-TPX_Front-Glow-300x174.png",300,174,true],"medium_large":["https:\/\/praxas.com\/wp-content\/uploads\/EL-WiFi-TPX_Front-Glow-768x444.png",768,444,true],"large":["https:\/\/praxas.com\/wp-content\/uploads\/EL-WiFi-TPX_Front-Glow.png",800,463,false],"1536x1536":["https:\/\/praxas.com\/wp-content\/uploads\/EL-WiFi-TPX_Front-Glow.png",800,463,false],"2048x2048":["https:\/\/praxas.com\/wp-content\/uploads\/EL-WiFi-TPX_Front-Glow.png",800,463,false],"crunchify-admin-post-featured-image":["https:\/\/praxas.com\/wp-content\/uploads\/EL-WiFi-TPX_Front-Glow-120x69.png",120,69,true],"commercegurus-pdp-large":["https:\/\/praxas.com\/wp-content\/uploads\/EL-WiFi-TPX_Front-Glow.png",800,463,false],"commercegurus-plp-mobile":["https:\/\/praxas.com\/wp-content\/uploads\/EL-WiFi-TPX_Front-Glow-441x255.png",441,255,true],"cgkit_image_swatch":["https:\/\/praxas.com\/wp-content\/uploads\/EL-WiFi-TPX_Front-Glow-100x100.png",100,100,true],"woocommerce_thumbnail":["https:\/\/praxas.com\/wp-content\/uploads\/EL-WiFi-TPX_Front-Glow-300x174.png",300,174,true],"woocommerce_single":["https:\/\/praxas.com\/wp-content\/uploads\/EL-WiFi-TPX_Front-Glow.png",800,463,false],"woocommerce_gallery_thumbnail":["https:\/\/praxas.com\/wp-content\/uploads\/EL-WiFi-TPX_Front-Glow-150x87.png",150,87,true]},"uagb_author_info":{"display_name":"AndyS","author_link":"https:\/\/praxas.com\/es\/author\/"},"uagb_comment_info":0,"uagb_excerpt":"Registrador de datos de temperatura de alta precisi\u00f3n conectado por WiFi con luz de advertencia de alarma y sirena","_links":{"self":[{"href":"https:\/\/praxas.com\/es\/wp-json\/wp\/v2\/product\/32812","targetHints":{"allow":["GET"]}}],"collection":[{"href":"https:\/\/praxas.com\/es\/wp-json\/wp\/v2\/product"}],"about":[{"href":"https:\/\/praxas.com\/es\/wp-json\/wp\/v2\/types\/product"}],"wp:featuredmedia":[{"embeddable":true,"href":"https:\/\/praxas.com\/es\/wp-json\/wp\/v2\/media\/32813"}],"wp:attachment":[{"href":"https:\/\/praxas.com\/es\/wp-json\/wp\/v2\/media?parent=32812"}],"wp:term":[{"taxonomy":"product_brand","embeddable":true,"href":"https:\/\/praxas.com\/es\/wp-json\/wp\/v2\/product_brand?post=32812"},{"taxonomy":"product_cat","embeddable":true,"href":"https:\/\/praxas.com\/es\/wp-json\/wp\/v2\/product_cat?post=32812"},{"taxonomy":"product_tag","embeddable":true,"href":"https:\/\/praxas.com\/es\/wp-json\/wp\/v2\/product_tag?post=32812"}],"curies":[{"name":"wp","href":"https:\/\/api.w.org\/{rel}","templated":true}]}}