{"id":32842,"date":"2023-06-30T10:47:00","date_gmt":"2023-06-30T08:47:00","guid":{"rendered":"https:\/\/staging.praxas.com\/product\/sin%20categor\u00eda\/el-usb-1\/"},"modified":"2025-10-08T18:15:22","modified_gmt":"2025-10-08T16:15:22","slug":"el-usb-1","status":"publish","type":"product","link":"https:\/\/praxas.com\/es\/product\/registradores-de-datos\/registradores-de-datos-de-temperatura\/el-usb-1\/","title":{"rendered":"EL-USB-1"},"content":{"rendered":"<p>Este registrador de datos USB aut\u00f3nomo tiene capacidad para capturar m\u00e1s de 16.000 lecturas dentro del intervalo de medici\u00f3n de -35 a +80 \u00b0C (-31 a +176 \u00b0F). Se puede configurar sin esfuerzo y los datos descargados se pueden ver simplemente conectando la unidad al puerto USB de un PC y utilizando el software gratuito EasyLog que se suministra. Los datos se pueden graficar, imprimir y exportar f\u00e1cilmente a otras aplicaciones para analizarlos en profundidad. Este dispositivo viene con una pila \u00bd AA y un clip de montaje en pared para mayor comodidad. Adem\u00e1s, puedes adquirir por separado un certificado de calibraci\u00f3n. Para controlar la temperatura de forma inal\u00e1mbrica, te sugerimos que consultes nuestra gama de monitores de temperatura inal\u00e1mbricos.<\/p>\n<p><strong>NOTA: <\/strong>Puedes a\u00f1adir hasta DOS BATER\u00cdAS DE REPUESTO por cada registrador de datos que pidas.<\/p>\n<p><strong>\u00bfLO SAB\u00cdAS?<\/strong><\/p>\n<p>El <a href=\"https:\/\/praxas.com\/es\/product\/registradores-de-datos\/registradores-de-datos-de-temperatura\/el-sie-1\/\"><br \/>\n  <strong>EL-SIE-1<\/strong><br \/>\n<\/a> y <a href=\"\/product\/data-loggers\/temperature-data-loggers\/easylog-el-sie-1plus\/\"><br \/>\n  <strong>EL-SIE-1+<\/strong><br \/>\n<\/a> son los nuevos y revolucionarios registradores de datos USB de EasyLog y constituyen una alternativa m\u00e1s potente a este dispositivo. Pueden almacenar hasta un mill\u00f3n de lecturas de temperatura e incorporan una pantalla n\u00edtida para controlarlas de un vistazo.<\/p>\n","protected":false},"excerpt":{"rendered":"<p><!--USB Temperature Data Logger--><br \/>\nRegistrador de datos de temperatura USB (-35 a +80\u00b0C)<\/p>\n","protected":false},"featured_media":32843,"template":"","meta":{"_acf_changed":false,"content-type":"","_uag_custom_page_level_css":""},"product_brand":[],"product_cat":[1601],"product_tag":[2435,1562,1618],"class_list":{"0":"post-32842","1":"product","2":"type-product","3":"status-publish","4":"has-post-thumbnail","6":"product_cat-registradores-de-datos-de-temperatura","7":"product_tag-easylog-es","8":"product_tag-sensor-interno","9":"product_tag-usb-es","11":"first","12":"instock","13":"taxable","14":"shipping-taxable","15":"purchasable","16":"product-type-simple"},"bundled_by":[],"bundle_stock_status":"instock","bundle_stock_quantity":-11,"bundle_virtual":false,"bundle_layout":"","bundle_add_to_cart_form_location":"","bundle_editable_in_cart":false,"bundle_sold_individually_context":"","bundle_item_grouping":"","bundle_min_size":"","bundle_max_size":"","bundle_price":[],"bundled_items":[],"bundle_sell_ids":[],"acf":[],"spectra_custom_meta":{"_download_limit":["-1","-1"],"_download_expiry":["-1","-1"],"_downloadable":["no","no"],"_sku":["EL-USB-1","EL-USB-1"],"_stock_status":["instock","instock","instock","instock","instock","instock"],"_sold_individually":["no","no"],"_tax_class":["",""],"_tax_status":["taxable","taxable"],"_virtual":["no","no"],"_weight":["0.067"],"_width":["0"],"_height":["0"],"_length":["0","0"],"total_sales":["174","174"],"_product_datasheet":["field_650ad7d6ea3a0"],"_connectivity":["field_64dce263bb57c","field_64dce263bb57c"],"brand":["EasyLog","EasyLog"],"_brand":["field_64ddf62ed2593","field_64ddf62ed2593"],"_brand_image":["field_650c5e7c84cae"],"_specifications_table":["field_65044e1db92a8"],"_resources":["field_650849c6945ee"],"_accessories":["field_650849e6945f0","field_650849e6945f0"],"_faqs":["field_650859523d8d5"],"_calibration_suitable_ids_gb":["field_654b4c4acb54a"],"_calibration_suitable_ids_us":["field_654b4c56cb54b"],"_show_in_calibration_suitable":["field_654cfb691d345"],"_usd_price_4":["field_651570dcac479"],"_usd_price_9":["field_6515713eb4807"],"_usd_price_24":["field_65157141b4809"],"_usd_price_49":["field_65157140b4808"],"_usd_price_99":["field_6515715bb480a"],"_gbp_price_4":["field_6515716e83bfa"],"_gbp_price_9":["field_6515724783bfb"],"_gbp_price_24":["field_6515724b83bfc"],"_gbp_price_49":["field_6515725983bfd"],"_gbp_price_99":["field_6515725d83bfe"],"_usdhk_price_4":["field_6515726f83bff"],"_usdhk_price_9":["field_6515727c83c00"],"_usdhk_price_24":["field_6515728083c01"],"_usdhk_price_49":["field_6515728983c02"],"_usdhk_price_99":["field_6515728e83c03"],"stock_options":["In stock"],"_stock_options":["field_6544b605dc7f9"],"_top_nav_excluded":[""],"_cms_nav_minihome":[""],"calibration":[""],"wcml_sync_hash":["a:1:{s:15:\"postmeta_fields\";s:32:\"9fb5e883fdf372625e91ce596f69d152\";}"],"attr_label_translations":["a:0:{}"],"_product_image_gallery":["32844,32845,32846,32847"],"_thumbnail_id":["32843"],"_crosssell_ids":["a:0:{}"],"_stock":["-11.000000"],"connectivity":["USB","USB"],"_display_data_alarm":["field_667d647bcb066"],"_other_features":["field_668524f8c98a4"],"_shipping":["field_66852535c98a5"],"_refrigerant_cabinet":["field_66852557c98a6"],"_main_specifications":["field_66855b25b1245"],"_last_translation_edit_mode":["translation-editor"],"_edit_lock":["1721816200:8383"],"classic-editor-remember":["classic-editor"],"rank_math_seo_score":["76"],"_edit_last":["8383"],"commercekit_gallery_layout":[""],"commercekit_disable_sticky_atc":["0"],"commercekit_wc_video_gallery":["a:0:{}"],"_rank_math_gtin_code":[""],"_wcml_average_rating":[null],"_wcml_review_count":[null],"_wcml_rating_count":[null],"_wc_average_rating":[0],"_wc_review_count":["0"],"_product_version":["9.1.2"],"display_data_alarm":[""],"calibration_suitable_ids_gb":[""],"calibration_suitable_ids_us":[""],"other_features":[""],"shipping":[""],"refrigerant_cabinet":[""],"main_specifications":[""],"shoptimizer_layout_pdp_short_description_position":["default"],"product_datasheet":["10399"],"brand_image":["10467"],"_wpml_media_duplicate":["1"],"_wpml_media_featured":["1"],"_product_attributes":["a:2:{s:16:\"pa_product-brand\";a:6:{s:4:\"name\";s:16:\"pa_product-brand\";s:5:\"value\";s:0:\"\";s:8:\"position\";i:0;s:10:\"is_visible\";i:1;s:12:\"is_variation\";i:0;s:11:\"is_taxonomy\";i:1;}s:19:\"pa_product-features\";a:6:{s:4:\"name\";s:19:\"pa_product-features\";s:5:\"value\";s:0:\"\";s:8:\"position\";i:1;s:10:\"is_visible\";i:1;s:12:\"is_variation\";i:0;s:11:\"is_taxonomy\";i:1;}}"],"_backorders":["no","no"],"_manage_stock":["no","no"],"_calibration":["field_66a0ddd599972"],"min_temp":["-35"],"max_temp":["80"],"_min_temp":["field_67ea5eb4e0a77"],"_max_temp":["field_67ea5f81e0a79"],"_wpml_word_count":["203"],"rank_math_primary_product_cat":["87","87"],"_global_unique_id":["5056744400175"],"rank_math_title":["EL-USB-1 | Registrador de datos de temperatura USB | Praxas"],"rank_math_description":["Presentamos el EasyLog EL-USB-1 de Lascar Electronics. Un Registrador de Datos de Temperatura USB capaz de realizar m\u00e1s de 16.000 lecturas en un rango de temperatura de -35 a +85\u00b0C"],"rank_math_focus_keyword":["EL-USB-1"],"specifications_table":["<table class=\"specifications\">\n<tbody>\n<tr class=\"even-row\">\n<td class=\"left-td\">Rango de medida<\/td>\n<td>-35 a +80\u00b0C \/ -31 a + 176\u00b0F<\/td>\n<\/tr>\n<tr class=\"odd-row\">\n<td class=\"left-td\">Precisi\u00f3n (error global)<\/td>\n<td>+\/- 0,5\u00b0C t\u00edpico<\/td>\n<\/tr>\n<tr class=\"even-row\">\n<td class=\"left-td\">Lecturas<\/td>\n<td>16,382<\/td>\n<\/tr>\n<tr class=\"odd-row\">\n<td class=\"left-td\">Tasa de registro<\/td>\n<td>Seleccionable por el usuario entre 10 segundos y 12 horas<\/td>\n<\/tr>\n<tr class=\"even-row\">\n<td class=\"left-td\">Duraci\u00f3n de la bater\u00eda<\/td>\n<td>3 a\u00f1os<\/td>\n<\/tr>\n<\/tbody>\n<\/table>"],"resources":["<ul class=\"resources-list\">\n \t<li><img src=\"https:\/\/praxas.com\/wp-content\/uploads\/document-icon.png\" alt=\"Icono de documento\"><a href=\"https:\/\/praxas.com\/wp-content\/uploads\/\/easylog-data-logger-el-usb-1-iss17_02-21.pdf\" target=\"_blank\" rel=\"noopener\">Hoja de datos EL-USB-1<\/a><\/li>\n \t<li><img src=\"https:\/\/praxas.com\/wp-content\/uploads\/software-icon.png\" alt=\"Icono de software\"><a href=\"https:\/\/praxas.com\/software\/easylog-software\/easylog-usb\/\" target=\"_blank\" rel=\"noopener\">Software USB EasyLog<\/a><\/li>\n \t<li><img src=\"https:\/\/praxas.com\/wp-content\/uploads\/document-icon.png\" alt=\"Icono de documento\"><a href=\"https:\/\/praxas.com\/wp-content\/uploads\/easylog-usb_quick-start-guide_06_2019.pdf\" target=\"_blank\" rel=\"noopener\">EL-USB-1 Gu\u00eda de inicio r\u00e1pido<\/a><\/li>\n \t<li><img src=\"https:\/\/praxas.com\/wp-content\/uploads\/document-icon.png\" alt=\"Icono de documento\"><a href=\"https:\/\/praxas.com\/wp-content\/uploads\/el-usb-range-includes-el-gfx-range-troubleshooting.pdf\" target=\"_blank\" rel=\"noopener\">Soluci\u00f3n de problemas de la gama EL-USB<\/a><\/li>\n \t<li><img src=\"https:\/\/praxas.com\/wp-content\/uploads\/video-icon-orange.png\" alt=\"Icono de v\u00eddeo\"><a href=\"https:\/\/www.youtube.com\/playlist?list=PL_yZedoZ_7MqFFU3keWRD0tO46uMTbvcL\" target=\"_blank\" rel=\"noopener\">V\u00eddeos tutoriales<\/a><\/li>\n \t<li><img src=\"https:\/\/praxas.com\/wp-content\/uploads\/document-icon.png\" alt=\"Icono de documento\"><a href=\"https:\/\/praxas.com\/wp-content\/uploads\/Declaration-of-Conformity_EasyLog_iss26.pdf\" target=\"_blank\" rel=\"noopener\">EL-USB-1 Declaraci\u00f3n de conformidad<\/a><\/li>\n<\/ul>\n<a class=\"button button-secondary\" href=\"\/support\/el-usb-data-loggers\/\">M\u00e1s apoyo<\/a>"],"accessories":["[products skus=\"EL-USB-CASE,BAT 3V6 1\/2AA\"]","[products skus=\"EL-USB-CASE,BAT 3V6 1\/2AA\"]"],"faqs":["[accordion]\n[accordion_header]\u00bfPor qu\u00e9 no funcionan mis pilas?[\/accordion_header]\n[accordion_section]Si no se utilizan durante largos periodos de tiempo, las pilas de litio metal, incluidas las utilizadas en la gama EasyLog de registradores de datos, forman de forma natural una capa interna no conductora -una capa de Pasivaci\u00f3n- que impide que se autodescarguen y aumenta eficazmente su vida \u00fatil. Cuando se instala por primera vez en el registrador de datos, puede provocar una ca\u00edda moment\u00e1nea de la tensi\u00f3n de la bater\u00eda (la Tensi\u00f3n M\u00ednima Transitoria) al romperse la capa interna, lo que provoca el reinicio del registrador de datos. Colocar las pilas en el registrador de datos y dejarlo conectado a un PC durante unos 30 segundos eliminar\u00e1 esta capa. Despu\u00e9s de esto, quita y vuelve a poner las pilas para reiniciar el registrador de datos. La duraci\u00f3n total de la bater\u00eda no se ver\u00e1 afectada.[\/accordion_section]\n[\/accordion]\n\n[accordion]\n[accordion_header]\u00bfCon qu\u00e9 frecuencia debo enviar mi registrador de datos para su recalibraci\u00f3n?[\/accordion_header]\n[accordion_section]Recomendamos una recalibraci\u00f3n anual, pero tus procedimientos pueden requerir algo distinto. Puedes ponerte en contacto con nosotros para cualquier informaci\u00f3n sobre los <a href=\"https:\/\/lascarelectronics.com\/calibration\/\">servicios de calibraci\u00f3n<\/a> que podemos ofrecerte.[\/accordion_section]\n[\/accordion]\n\n<a class=\"button button-orange\" href=\"\/support\/el-usb-data-loggers\/\">M\u00e1s ayuda<\/a>"],"show_in_calibration_suitable":["1"],"usd_price_4":["0.00"],"usd_price_9":["0.00"],"usd_price_24":["0.00"],"usd_price_49":["0.00"],"usd_price_99":["0.00"],"gbp_price_4":["0.00"],"gbp_price_9":["0.00"],"gbp_price_24":["35.99"],"gbp_price_49":["0.00"],"gbp_price_99":["31.99"],"usdhk_price_4":["0.00"],"usdhk_price_9":["0.00"],"usdhk_price_24":["48.59"],"usdhk_price_49":["0.00"],"usdhk_price_99":["43.19"],"_uag_page_assets":["a:9:{s:3:\"css\";s:0:\"\";s:2:\"js\";s:0:\"\";s:18:\"current_block_list\";a:0:{}s:8:\"uag_flag\";b:0;s:11:\"uag_version\";s:10:\"1777052440\";s:6:\"gfonts\";a:0:{}s:10:\"gfonts_url\";s:0:\"\";s:12:\"gfonts_files\";a:0:{}s:14:\"uag_faq_layout\";b:0;}"],"_regular_price":["47.6","47.6"],"_price":["47.6","47.6"],"hubwoo_ecomm_pro_id":["25284277333"],"_max_variation_price":[""],"_max_variation_regular_price":[""],"_max_variation_sale_price":[""],"_min_variation_price":[""],"_min_variation_regular_price":[""],"_min_variation_sale_price":[""],"_sale_price":[""],"_wc_pb_base_regular_price":[""],"_wc_pb_base_sale_price":[""],"_wc_pb_base_price":[""],"_wc_sw_max_price":[""],"_wc_sw_max_regular_price":[""],"_wc_rating_count":[""]},"uagb_featured_image_src":{"full":["https:\/\/praxas.com\/wp-content\/uploads\/easylog-data-logger-EL-USB-1-Horizontal-Shot-Lid-On.png",800,463,false],"thumbnail":["https:\/\/praxas.com\/wp-content\/uploads\/easylog-data-logger-EL-USB-1-Horizontal-Shot-Lid-On-150x150.png",150,150,true],"medium":["https:\/\/praxas.com\/wp-content\/uploads\/easylog-data-logger-EL-USB-1-Horizontal-Shot-Lid-On-300x174.png",300,174,true],"medium_large":["https:\/\/praxas.com\/wp-content\/uploads\/easylog-data-logger-EL-USB-1-Horizontal-Shot-Lid-On-768x444.png",768,444,true],"large":["https:\/\/praxas.com\/wp-content\/uploads\/easylog-data-logger-EL-USB-1-Horizontal-Shot-Lid-On.png",800,463,false],"1536x1536":["https:\/\/praxas.com\/wp-content\/uploads\/easylog-data-logger-EL-USB-1-Horizontal-Shot-Lid-On.png",800,463,false],"2048x2048":["https:\/\/praxas.com\/wp-content\/uploads\/easylog-data-logger-EL-USB-1-Horizontal-Shot-Lid-On.png",800,463,false],"crunchify-admin-post-featured-image":["https:\/\/praxas.com\/wp-content\/uploads\/easylog-data-logger-EL-USB-1-Horizontal-Shot-Lid-On-120x69.png",120,69,true],"commercegurus-pdp-large":["https:\/\/praxas.com\/wp-content\/uploads\/easylog-data-logger-EL-USB-1-Horizontal-Shot-Lid-On.png",800,463,false],"commercegurus-plp-mobile":["https:\/\/praxas.com\/wp-content\/uploads\/easylog-data-logger-EL-USB-1-Horizontal-Shot-Lid-On-441x255.png",441,255,true],"cgkit_image_swatch":["https:\/\/praxas.com\/wp-content\/uploads\/easylog-data-logger-EL-USB-1-Horizontal-Shot-Lid-On-100x100.png",100,100,true],"woocommerce_thumbnail":["https:\/\/praxas.com\/wp-content\/uploads\/easylog-data-logger-EL-USB-1-Horizontal-Shot-Lid-On-300x174.png",300,174,true],"woocommerce_single":["https:\/\/praxas.com\/wp-content\/uploads\/easylog-data-logger-EL-USB-1-Horizontal-Shot-Lid-On.png",800,463,false],"woocommerce_gallery_thumbnail":["https:\/\/praxas.com\/wp-content\/uploads\/easylog-data-logger-EL-USB-1-Horizontal-Shot-Lid-On-150x87.png",150,87,true]},"uagb_author_info":{"display_name":"AndyS","author_link":"https:\/\/praxas.com\/es\/author\/"},"uagb_comment_info":0,"uagb_excerpt":"Registrador de datos de temperatura USB (-35 a +80\u00b0C)","_links":{"self":[{"href":"https:\/\/praxas.com\/es\/wp-json\/wp\/v2\/product\/32842","targetHints":{"allow":["GET"]}}],"collection":[{"href":"https:\/\/praxas.com\/es\/wp-json\/wp\/v2\/product"}],"about":[{"href":"https:\/\/praxas.com\/es\/wp-json\/wp\/v2\/types\/product"}],"wp:featuredmedia":[{"embeddable":true,"href":"https:\/\/praxas.com\/es\/wp-json\/wp\/v2\/media\/32843"}],"wp:attachment":[{"href":"https:\/\/praxas.com\/es\/wp-json\/wp\/v2\/media?parent=32842"}],"wp:term":[{"taxonomy":"product_brand","embeddable":true,"href":"https:\/\/praxas.com\/es\/wp-json\/wp\/v2\/product_brand?post=32842"},{"taxonomy":"product_cat","embeddable":true,"href":"https:\/\/praxas.com\/es\/wp-json\/wp\/v2\/product_cat?post=32842"},{"taxonomy":"product_tag","embeddable":true,"href":"https:\/\/praxas.com\/es\/wp-json\/wp\/v2\/product_tag?post=32842"}],"curies":[{"name":"wp","href":"https:\/\/api.w.org\/{rel}","templated":true}]}}