{"id":32855,"date":"2023-06-29T11:13:00","date_gmt":"2023-06-29T09:13:00","guid":{"rendered":"https:\/\/staging.praxas.com\/product\/sin%20categor\u00eda\/sgd-43-a\/"},"modified":"2025-10-09T10:04:54","modified_gmt":"2025-10-09T08:04:54","slug":"sgd-43-a","status":"publish","type":"product","link":"https:\/\/praxas.com\/es\/product\/uncategorized-es\/sgd-43-a\/","title":{"rendered":"SGD 43-A"},"content":{"rendered":"<p>SGD 43-A es una pantalla t\u00e1ctil capacitiva de 4,3&#8243; dise\u00f1ada para su uso con PanelPilotACE Design Studio, un paquete de software gratuito de estilo arrastrar y soltar para el desarrollo r\u00e1pido de interfaces de usuario avanzadas y medidores de panel. Esta pantalla est\u00e1ndar cuenta con una gran cantidad de interfaces de hardware, incluidas cuatro entradas anal\u00f3gicas bipolares de 16 bits (hasta un m\u00e1ximo de \u00b140 V c.c.), ocho patillas de entrada\/salida digital, dos salidas de alarma, cuatro salidas PWM de 8 bits, control PID, registro de datos multicanal y gr\u00e1ficos de tendencias, RS232 serie y accesorios disponibles para <strong><br \/>\n  <a href=\"https:\/\/praxas.com\/es\/product\/uncategorized-es\/s43-rs485\/\">comunicaci\u00f3n RS485<\/a><br \/>\n<\/strong> y <strong><br \/>\n  <a href=\"https:\/\/praxas.com\/es\/product\/uncategorized-es\/s43-tp\/\">medici\u00f3n de temperatura con termistor de cuatro canales<\/a><br \/>\n<\/strong>.<\/p>\n<p><strong>Kit<\/strong> de desarrollo<br \/>\nEl kit de desarrollo, <a href=\"https:\/\/praxas.com\/es\/product\/uncategorized-es\/sgd-43-a-dk\/\"><br \/>\n  <strong>SGD 43-A-DK+<\/strong><br \/>\n<\/a>es la mejor opci\u00f3n si est\u00e1s empezando a desarrollar en la plataforma PanelPilotACE. Incluye todo lo que necesitas para empezar: un SGD 43-A, una placa de desarrollo y un cable USB. La placa proporciona interruptores, diales, LED y conexiones de terminales de tornillo para todas las funciones de entrada y salida del SGD 43-A.<\/p>\n<p><strong>Universidad PanelPilotACE<\/strong><br \/>\nEl <strong><br \/>\n  <a href=\"https:\/\/praxas.com\/es\/panelpilotace-universidad\/\">Universidad PanelPilotACE<\/a><br \/>\n<\/strong> dispone de multitud de recursos para que tu experiencia de programaci\u00f3n sea lo m\u00e1s r\u00e1pida y eficaz posible. Desde Gu\u00edas pr\u00e1cticas y Preguntas frecuentes hasta un n\u00famero cada vez mayor de Plantillas ACE preconfiguradas y una Biblioteca de iconos y gr\u00e1ficos, visita la Universidad y haz que tu proyecto PanelPilotACE sea a\u00fan m\u00e1s r\u00e1pido.<\/p>\n","protected":false},"excerpt":{"rendered":"<p>4,3&#8243; con interfaces anal\u00f3gica, digital, PWM y serie<\/p>\n","protected":false},"featured_media":32856,"template":"","meta":{"_acf_changed":false,"content-type":"","_uag_custom_page_level_css":""},"product_brand":[],"product_cat":[2646],"product_tag":[1650,1571],"class_list":{"0":"post-32855","1":"product","2":"type-product","3":"status-publish","4":"has-post-thumbnail","6":"product_cat-uncategorized-es","7":"product_tag-hmi-es","8":"product_tag-mostrar","10":"first","11":"instock","12":"taxable","13":"shipping-taxable","14":"purchasable","15":"product-type-simple"},"bundled_by":[],"bundle_stock_status":"instock","bundle_stock_quantity":5,"bundle_virtual":false,"bundle_layout":"","bundle_add_to_cart_form_location":"","bundle_editable_in_cart":false,"bundle_sold_individually_context":"","bundle_item_grouping":"","bundle_min_size":"","bundle_max_size":"","bundle_price":[],"bundled_items":[],"bundle_sell_ids":[],"acf":[],"spectra_custom_meta":{"_download_limit":["-1","-1"],"_download_expiry":["-1","-1"],"_downloadable":["no","no"],"_sku":["SGD 43-A","SGD 43-A"],"_stock_status":["instock","instock","instock","instock","instock","instock","instock"],"_sold_individually":["no","no"],"_tax_class":["",""],"_tax_status":["taxable","taxable"],"_virtual":["no","no"],"_weight":["0.243"],"_width":["0"],"_height":["0"],"_length":["0","0"],"total_sales":["20","20"],"_product_datasheet":["field_650ad7d6ea3a0"],"_connectivity":["field_64dce263bb57c","field_64dce263bb57c"],"brand":["PanelPilot","PanelPilot"],"_brand":["field_64ddf62ed2593","field_64ddf62ed2593"],"_brand_image":["field_650c5e7c84cae"],"_specifications_table":["field_65044e1db92a8"],"_resources":["field_650849c6945ee"],"_accessories":["field_650849e6945f0","field_650849e6945f0"],"_faqs":["field_650859523d8d5"],"_calibration_suitable_ids_gb":["field_654b4c4acb54a"],"_calibration_suitable_ids_us":["field_654b4c56cb54b"],"_show_in_calibration_suitable":["field_654cfb691d345"],"_usd_price_4":["field_651570dcac479"],"_usd_price_9":["field_6515713eb4807"],"_usd_price_24":["field_65157141b4809"],"_usd_price_49":["field_65157140b4808"],"_usd_price_99":["field_6515715bb480a"],"_gbp_price_4":["field_6515716e83bfa"],"_gbp_price_9":["field_6515724783bfb"],"_gbp_price_24":["field_6515724b83bfc"],"_gbp_price_49":["field_6515725983bfd"],"_gbp_price_99":["field_6515725d83bfe"],"_usdhk_price_4":["field_6515726f83bff"],"_usdhk_price_9":["field_6515727c83c00"],"_usdhk_price_24":["field_6515728083c01"],"_usdhk_price_49":["field_6515728983c02"],"_usdhk_price_99":["field_6515728e83c03"],"stock_options":["In stock"],"_stock_options":["field_6544b605dc7f9"],"_top_nav_excluded":[""],"_cms_nav_minihome":[""],"wcml_sync_hash":["a:1:{s:15:\"postmeta_fields\";s:32:\"476079e349539a8fde9b03b1c0b2fdd6\";}"],"attr_label_translations":["a:0:{}"],"_product_image_gallery":["32857,32858,32859,32860"],"_thumbnail_id":["32856"],"_crosssell_ids":["a:0:{}"],"_stock":["5.000000"],"connectivity":["",""],"_display_data_alarm":["field_667d647bcb066"],"_calibration":["field_66a0ddd599972"],"_shipping":["field_66852535c98a5"],"_refrigerant_cabinet":["field_66852557c98a6"],"_main_specifications":["field_66855b25b1245"],"_last_translation_edit_mode":["translation-editor"],"_edit_lock":["1721898138:8383"],"classic-editor-remember":["classic-editor"],"rank_math_seo_score":["87"],"_edit_last":["8383"],"commercekit_gallery_layout":[""],"commercekit_disable_sticky_atc":["0"],"commercekit_wc_video_gallery":["a:0:{}"],"_rank_math_gtin_code":[""],"_wcml_average_rating":[null],"_wcml_review_count":[null],"_wcml_rating_count":[null],"_wc_average_rating":[0],"_wc_review_count":["0"],"_product_version":["9.1.2"],"display_data_alarm":[""],"calibration":[""],"faqs":[""],"calibration_suitable_ids_gb":[""],"calibration_suitable_ids_us":[""],"show_in_calibration_suitable":[""],"other_features":[""],"shipping":[""],"refrigerant_cabinet":[""],"main_specifications":[""],"shoptimizer_layout_pdp_short_description_position":["default"],"product_datasheet":["10366"],"brand_image":["10474"],"_wpml_media_duplicate":["1"],"_wpml_media_featured":["1"],"rank_math_primary_product_cat":["108","108"],"usd_price_4":["0.00"],"usd_price_9":["0.00"],"usd_price_24":["0.00"],"usd_price_49":["0.00"],"usd_price_99":["0.00"],"gbp_price_4":["0.00"],"gbp_price_99":["0.00"],"usdhk_price_4":["0.00"],"usdhk_price_99":["0.00"],"_wpml_word_count":["258"],"_other_features":[""],"_backorders":["no","no"],"_manage_stock":["no","no"],"min_temp":[""],"max_temp":[""],"_min_temp":[""],"_max_temp":[""],"_other_features_arctiko":[""],"rank_math_title":["Panel Pilot SGD 43-A | Pantalla t\u00e1ctil capacitiva de 4,3\" | Praxas"],"rank_math_description":["\u00bfBuscas una soluci\u00f3n de interfaz de usuario avanzada? La SGD 43-A es una pantalla t\u00e1ctil capacitiva de 4,3\" compatible con el PanelPilotACE Design Studio de Lascar."],"rank_math_focus_keyword":["SGD 43-A"],"specifications_table":["<table class=\"specifications\">\n<tbody>\n<tr class=\"even-row\">\n<td class=\"left-td\">Pantalla<\/td>\n<td>TFT de 4,3\" con 262k colores<\/td>\n<\/tr>\n<tr class=\"odd-row\">\n<td class=\"left-td\">Pantalla t\u00e1ctil<\/td>\n<td>Pantalla t\u00e1ctil capacitiva<\/td>\n<\/tr>\n<tr class=\"even-row\">\n<td class=\"left-td\">Resoluci\u00f3n<\/td>\n<td>480 x 272px<\/td>\n<\/tr>\n<tr class=\"odd-row\">\n<td class=\"left-td\">Procesador<\/td>\n<td>Freescale i.MX283 (454 MHz, 32 bits, ARM 9)<\/td>\n<\/tr>\n<tr class=\"even-row\">\n<td class=\"left-td\">Entradas anal\u00f3gicas<\/td>\n<td>Cuatro de 16 bits a \u00b140V c.c.<\/td>\n<\/tr>\n<tr class=\"odd-row\">\n<td class=\"left-td\">Alimentaci\u00f3n<\/td>\n<td>De 5 a 30 V c.c. (300 mA t\u00edpicos a 5 V c.c.)<\/td>\n<\/tr>\n<tr class=\"even-row\">\n<td class=\"left-td\">Dimensiones exteriores<\/td>\n<td>119,3 (4,7) x 79,8 (3,1) x 20,0 (0,8) mm (pulg.)<\/td>\n<\/tr>\n<\/tbody>\n<\/table>"],"resources":["<ul class=\"resources-list\">\n \t<li><img src=\"https:\/\/praxas.com\/wp-content\/uploads\/document-icon.png\" alt=\"Icono de documento\"><span class=\"mldTitle\">Ficha t\u00e9cnica SGD 43-A<\/span><\/li>\n \t<li><a href=\"https:\/\/praxas.com\/wp-content\/uploads\/panelpilot-panel-instrument-sgd-43-a_iss9_07-19.pdf\" target=\"_blank\" rel=\"noopener\">Ingl\u00e9s<\/a><\/li>\n \t<li><a href=\"https:\/\/praxas.com\/wp-content\/uploads\/panelpilot-panel-instrument-sgd-43-a_t-chinese.pdf\" target=\"_blank\" rel=\"noopener\">Chino (tradicional)<\/a><\/li>\n \t<li><a href=\"https:\/\/praxas.com\/wp-content\/uploads\/panelpilot-panel-instrument-sgd-43-a_s-chinese-v2.pdf\" target=\"_blank\" rel=\"noopener\">Chino (simplificado)<\/a><\/li>\n \t<li><a href=\"https:\/\/praxas.com\/wp-content\/uploads\/panelpilot-panel-instrument-sgd-43-a_french.pdf\" target=\"_blank\" rel=\"noopener\">Franc\u00e9s<\/a><\/li>\n \t<li><a href=\"https:\/\/praxas.com\/wp-content\/uploads\/panelpilot-panel-instrument-sgd-43-a_german.pdf\" target=\"_blank\" rel=\"noopener\">Alem\u00e1n<\/a><\/li>\n \t<li><a href=\"https:\/\/praxas.com\/wp-content\/uploads\/panelpilot-panel-instrument-sgd-43-a_italian.pdf\" target=\"_blank\" rel=\"noopener\">Italiano<\/a><\/li>\n \t<li><a href=\"https:\/\/praxas.com\/wp-content\/uploads\/panelpilot-panel-instrument-sgd-43-a_japanese.pdf\" target=\"_blank\" rel=\"noopener\">Japon\u00e9s<\/a><\/li>\n \t<li><a href=\"https:\/\/praxas.com\/wp-content\/uploads\/panelpilot-panel-instrument-sgd-43-a_spanish.pdf\" target=\"_blank\" rel=\"noopener\">Espa\u00f1ol<\/a><\/li>\n \t<li><img src=\"https:\/\/praxas.com\/wp-content\/uploads\/software-icon.png\" alt=\"Icono de software\"><a href=\"https:\/\/praxas.com\/software\/panelpilot-software\/panelpilotace-design-studio\/\" target=\"_blank\" rel=\"noopener\">Descargar el software PanelPilotACE<\/a><\/li>\n \t<li><img src=\"https:\/\/praxas.com\/wp-content\/uploads\/document-icon.png\" alt=\"Icono de documento\"><a href=\"https:\/\/praxas.com\/wp-content\/uploads\/sgd-70-a-quickstart-guide-postcard-04_2018.pdf\" target=\"_blank\" rel=\"noopener\">SGD 43-A Gu\u00eda de inicio r\u00e1pido<\/a><\/li>\n \t<li><img src=\"https:\/\/praxas.com\/wp-content\/uploads\/document-icon.png\" alt=\"Icono de documento\"><a href=\"https:\/\/praxas.com\/wp-content\/uploads\/declaration-of-conformity_ppace_iss6_01-17.pdf\" target=\"_blank\" rel=\"noopener\">Declaraci\u00f3n de conformidad<\/a><\/li>\n<\/ul>\n<a class=\"button button-secondary\" href=\"https:\/\/praxas.com\/support\/\">M\u00e1s ayuda<\/a>"],"accessories":["[products skus=\"SGD 43-A DK+,S43-TP,S43-RS485\"]"],"gbp_price_9":["181.34"],"gbp_price_24":["175.49"],"gbp_price_49":["165.74"],"usdhk_price_9":["246.71"],"usdhk_price_24":["239"],"usdhk_price_49":["231.29"],"_uag_page_assets":["a:9:{s:3:\"css\";s:0:\"\";s:2:\"js\";s:0:\"\";s:18:\"current_block_list\";a:0:{}s:8:\"uag_flag\";b:0;s:11:\"uag_version\";s:10:\"1775212209\";s:6:\"gfonts\";a:0:{}s:10:\"gfonts_url\";s:0:\"\";s:12:\"gfonts_files\";a:0:{}s:14:\"uag_faq_layout\";b:0;}"],"_regular_price":["247.75","247.75"],"_price":["247.75","247.75"],"hubwoo_ecomm_pro_id":["25267957775"],"_max_variation_price":[""],"_max_variation_regular_price":[""],"_max_variation_sale_price":[""],"_min_variation_price":[""],"_min_variation_regular_price":[""],"_min_variation_sale_price":[""],"_sale_price":[""],"_wc_pb_base_regular_price":[""],"_wc_pb_base_sale_price":[""],"_wc_pb_base_price":[""],"_wc_sw_max_price":[""],"_wc_sw_max_regular_price":[""],"_wc_rating_count":[""]},"uagb_featured_image_src":{"full":["https:\/\/praxas.com\/wp-content\/uploads\/front-on-2.png",800,463,false],"thumbnail":["https:\/\/praxas.com\/wp-content\/uploads\/front-on-2-150x150.png",150,150,true],"medium":["https:\/\/praxas.com\/wp-content\/uploads\/front-on-2-300x174.png",300,174,true],"medium_large":["https:\/\/praxas.com\/wp-content\/uploads\/front-on-2-768x444.png",768,444,true],"large":["https:\/\/praxas.com\/wp-content\/uploads\/front-on-2.png",800,463,false],"1536x1536":["https:\/\/praxas.com\/wp-content\/uploads\/front-on-2.png",800,463,false],"2048x2048":["https:\/\/praxas.com\/wp-content\/uploads\/front-on-2.png",800,463,false],"crunchify-admin-post-featured-image":["https:\/\/praxas.com\/wp-content\/uploads\/front-on-2-120x69.png",120,69,true],"commercegurus-pdp-large":["https:\/\/praxas.com\/wp-content\/uploads\/front-on-2.png",800,463,false],"commercegurus-plp-mobile":["https:\/\/praxas.com\/wp-content\/uploads\/front-on-2-441x255.png",441,255,true],"cgkit_image_swatch":["https:\/\/praxas.com\/wp-content\/uploads\/front-on-2-100x100.png",100,100,true],"woocommerce_thumbnail":["https:\/\/praxas.com\/wp-content\/uploads\/front-on-2-300x174.png",300,174,true],"woocommerce_single":["https:\/\/praxas.com\/wp-content\/uploads\/front-on-2.png",800,463,false],"woocommerce_gallery_thumbnail":["https:\/\/praxas.com\/wp-content\/uploads\/front-on-2-150x87.png",150,87,true]},"uagb_author_info":{"display_name":"AndyS","author_link":"https:\/\/praxas.com\/es\/author\/"},"uagb_comment_info":0,"uagb_excerpt":"4,3\" con interfaces anal\u00f3gica, digital, PWM y serie","_links":{"self":[{"href":"https:\/\/praxas.com\/es\/wp-json\/wp\/v2\/product\/32855","targetHints":{"allow":["GET"]}}],"collection":[{"href":"https:\/\/praxas.com\/es\/wp-json\/wp\/v2\/product"}],"about":[{"href":"https:\/\/praxas.com\/es\/wp-json\/wp\/v2\/types\/product"}],"wp:featuredmedia":[{"embeddable":true,"href":"https:\/\/praxas.com\/es\/wp-json\/wp\/v2\/media\/32856"}],"wp:attachment":[{"href":"https:\/\/praxas.com\/es\/wp-json\/wp\/v2\/media?parent=32855"}],"wp:term":[{"taxonomy":"product_brand","embeddable":true,"href":"https:\/\/praxas.com\/es\/wp-json\/wp\/v2\/product_brand?post=32855"},{"taxonomy":"product_cat","embeddable":true,"href":"https:\/\/praxas.com\/es\/wp-json\/wp\/v2\/product_cat?post=32855"},{"taxonomy":"product_tag","embeddable":true,"href":"https:\/\/praxas.com\/es\/wp-json\/wp\/v2\/product_tag?post=32855"}],"curies":[{"name":"wp","href":"https:\/\/api.w.org\/{rel}","templated":true}]}}