{"id":32880,"date":"2023-06-26T18:24:00","date_gmt":"2023-06-26T16:24:00","guid":{"rendered":"https:\/\/staging.praxas.com\/product\/sin%20categor\u00eda\/sgd-70-a\/"},"modified":"2025-10-09T10:04:30","modified_gmt":"2025-10-09T08:04:30","slug":"sgd-70-a","status":"publish","type":"product","link":"https:\/\/praxas.com\/es\/product\/uncategorized-es\/sgd-70-a\/","title":{"rendered":"SGD 70-A"},"content":{"rendered":"<p>SGD 70-A es una pantalla t\u00e1ctil capacitiva de 7&#8243; dise\u00f1ada para su uso con PanelPilotACE Design Studio, un paquete de software gratuito de estilo arrastrar y soltar para el desarrollo r\u00e1pido de interfaces de usuario avanzadas y medidores de panel. Este visualizador listo para usar cuenta con una gran cantidad de interfaces de hardware, como cuatro entradas anal\u00f3gicas bipolares de 16 bits (hasta un m\u00e1ximo de \u00b140 V c.c.), ocho patillas de entrada\/salida digital, dos salidas de alarma, cuatro salidas PWM de 8 bits, control PID, FTP Ethernet para datos registrados, registro de datos multicanal y gr\u00e1ficos de tendencias, RS232 y RS485 en serie y un complemento adicional en la placa para medir la <a href=\"https:\/\/praxas.com\/es\/product\/uncategorized-es\/s70-tp\/\"><br \/>\n  <strong>temperatura<\/strong><br \/>\n<\/a>.<\/p>\n<p><strong>Kit<\/strong> de desarrollo<br \/>\nEl kit de desarrollo, <a href=\"https:\/\/praxas.com\/es\/product\/uncategorized-es\/sgd-70-a-dk\/\"><br \/>\n  <strong>SGD 70-A-DK+<\/strong><br \/>\n<\/a>es la mejor opci\u00f3n si est\u00e1s empezando a desarrollar en la plataforma PanelPilotACE. Incluye todo lo que necesitas para empezar: un SGD 70-A, una placa de desarrollo y un cable USB. La placa proporciona interruptores, diales, LED y conexiones de terminales de tornillo para todas las funciones de entrada y salida del SGD 70-A.<\/p>\n<p><strong>Universidad PanelPilotACE<\/strong><br \/>\nEl <a href=\"https:\/\/praxas.com\/es\/panelpilotace-universidad\/\"><br \/>\n  <strong>Universidad PanelPilotACE<\/strong><br \/>\n<\/a> dispone de multitud de recursos para que tu experiencia de programaci\u00f3n sea lo m\u00e1s r\u00e1pida y eficaz posible. Desde Gu\u00edas pr\u00e1cticas y Preguntas frecuentes hasta un n\u00famero cada vez mayor de Plantillas ACE preconfiguradas y una Biblioteca de iconos y gr\u00e1ficos, visita la Universidad y haz que tu proyecto PanelPilotACE sea a\u00fan m\u00e1s r\u00e1pido.<\/p>\n","protected":false},"excerpt":{"rendered":"<p>7&#8243; con interfaces anal\u00f3gica, digital, PWM y serie<\/p>\n","protected":false},"featured_media":32881,"template":"","meta":{"_acf_changed":false,"content-type":"","_uag_custom_page_level_css":""},"product_brand":[],"product_cat":[2646],"product_tag":[1650,1571],"class_list":{"0":"post-32880","1":"product","2":"type-product","3":"status-publish","4":"has-post-thumbnail","6":"product_cat-uncategorized-es","7":"product_tag-hmi-es","8":"product_tag-mostrar","10":"first","11":"instock","12":"taxable","13":"shipping-taxable","14":"purchasable","15":"product-type-simple"},"bundled_by":[],"bundle_stock_status":"instock","bundle_stock_quantity":3,"bundle_virtual":false,"bundle_layout":"","bundle_add_to_cart_form_location":"","bundle_editable_in_cart":false,"bundle_sold_individually_context":"","bundle_item_grouping":"","bundle_min_size":"","bundle_max_size":"","bundle_price":[],"bundled_items":[],"bundle_sell_ids":[],"acf":[],"spectra_custom_meta":{"_download_limit":["-1","-1"],"_download_expiry":["-1","-1"],"_downloadable":["no","no"],"_stock_status":["instock","instock","instock","instock","instock","instock","instock"],"_sold_individually":["no","no"],"_tax_class":["",""],"_tax_status":["taxable","taxable"],"_virtual":["no","no"],"_weight":["0.482"],"_width":["0"],"_height":["0"],"_length":["0","0"],"total_sales":["11","11"],"_product_datasheet":["field_650ad7d6ea3a0"],"_connectivity":["field_64dce263bb57c","field_64dce263bb57c"],"brand":["PanelPilot","PanelPilot"],"_brand":["field_64ddf62ed2593","field_64ddf62ed2593"],"_brand_image":["field_650c5e7c84cae"],"_specifications_table":["field_65044e1db92a8"],"_resources":["field_650849c6945ee"],"_accessories":["field_650849e6945f0","field_650849e6945f0"],"_faqs":["field_650859523d8d5"],"_calibration_suitable_ids_gb":["field_654b4c4acb54a"],"_calibration_suitable_ids_us":["field_654b4c56cb54b"],"_show_in_calibration_suitable":["field_654cfb691d345"],"_usd_price_4":["field_651570dcac479"],"_usd_price_9":["field_6515713eb4807"],"_usd_price_24":["field_65157141b4809"],"_usd_price_49":["field_65157140b4808"],"_usd_price_99":["field_6515715bb480a"],"_gbp_price_4":["field_6515716e83bfa"],"_gbp_price_9":["field_6515724783bfb"],"_gbp_price_24":["field_6515724b83bfc"],"_gbp_price_49":["field_6515725983bfd"],"_gbp_price_99":["field_6515725d83bfe"],"_usdhk_price_4":["field_6515726f83bff"],"_usdhk_price_9":["field_6515727c83c00"],"_usdhk_price_24":["field_6515728083c01"],"_usdhk_price_49":["field_6515728983c02"],"_usdhk_price_99":["field_6515728e83c03"],"stock_options":["In stock"],"_stock_options":["field_6544b605dc7f9"],"_top_nav_excluded":[""],"_cms_nav_minihome":[""],"wcml_sync_hash":["a:1:{s:15:\"postmeta_fields\";s:32:\"f37969bc2304fe72a2bd9a83c21255f4\";}"],"attr_label_translations":["a:0:{}"],"_product_image_gallery":["32882,32883,32884"],"_thumbnail_id":["32881"],"_crosssell_ids":["a:0:{}"],"_stock":["3.000000"],"_sku":["SGD 70-A","SGD 70-A"],"connectivity":["",""],"_display_data_alarm":["field_667d647bcb066"],"_calibration":["field_66a0ddd599972"],"_shipping":["field_66852535c98a5"],"_refrigerant_cabinet":["field_66852557c98a6"],"_main_specifications":["field_66855b25b1245"],"_last_translation_edit_mode":["translation-editor"],"_edit_lock":["1721899987:8383"],"classic-editor-remember":["classic-editor"],"rank_math_seo_score":["87"],"_edit_last":["8383"],"commercekit_gallery_layout":[""],"commercekit_disable_sticky_atc":["0"],"commercekit_wc_video_gallery":["a:0:{}"],"_rank_math_gtin_code":[""],"_wcml_average_rating":[null],"_wcml_review_count":[null],"_wcml_rating_count":[null],"_wc_average_rating":[0],"_wc_review_count":["0"],"_product_version":["9.1.2"],"display_data_alarm":[""],"calibration":[""],"calibration_suitable_ids_gb":[""],"calibration_suitable_ids_us":[""],"show_in_calibration_suitable":[""],"other_features":[""],"shipping":[""],"refrigerant_cabinet":[""],"main_specifications":[""],"shoptimizer_layout_pdp_short_description_position":["default"],"product_datasheet":["10318"],"brand_image":["10474"],"_wpml_media_duplicate":["1"],"_wpml_media_featured":["1"],"rank_math_primary_product_cat":["108","108"],"faqs":["[accordion]\n[accordion_header]Veo que hay una placa complementaria para RS485 en el SGD 43-A pero no en el SGD 70-A, \u00bfpor qu\u00e9 no hay una placa para el 70?[\/accordion_header]\n[accordion_section]Esto se debe a que el 70-A ya tiene el hardware incorporado, por lo que no se necesita ninguna placa adicional.[\/accordion_section]\n[\/accordion]\n\n[accordion]\n[accordion_header]Mi reloj est\u00e1 ajustado a la hora equivocada, \u00bfc\u00f3mo ajusto el reloj?[\/accordion_header]\n[accordion_section]Abre el estudio de dise\u00f1o Panel Pilot ACE y conecta tu dispositivo. Suponiendo que tu dispositivo se haya conectado correctamente, deber\u00edas poder seleccionarlo en el cuadro desplegable Dispositivo, en la parte superior derecha del estudio. Pulsa el bot\u00f3n situado a la derecha de la selecci\u00f3n de dispositivos, que tiene el aspecto de tres l\u00edneas blancas horizontales. En el men\u00fa desplegable que aparece, selecciona \"Configuraci\u00f3n del dispositivo\". Luego marca la casilla \"Establecer reloj en tiempo real\" y aseg\u00farate de que est\u00e1 seleccionada la hora correcta (+1 se refiere a GMT+1). Pulsa el bot\u00f3n de configurar y la aplicaci\u00f3n se actualizar\u00e1.  [\/accordion_section]\n[\/accordion]\n\n<a class=\"button button-orange\" href=\"\/support\/panelpilotace\/\" target=\"_blank\" rel=\"noopener\">M\u00e1s ayuda<\/a>"],"usd_price_4":["0.00"],"usd_price_9":["0.00"],"usd_price_24":["0.00"],"usd_price_49":["0.00"],"usd_price_99":["0.00"],"gbp_price_4":["0.00"],"gbp_price_99":["0.00"],"usdhk_price_4":["0.00"],"usdhk_price_99":["0.00"],"_wpml_word_count":["258"],"_other_features":[""],"_backorders":["no","no"],"_manage_stock":["no","no"],"min_temp":[""],"max_temp":[""],"_min_temp":[""],"_max_temp":[""],"_other_features_arctiko":[""],"rank_math_title":["PanelPilot SGD 70-A | Pantalla t\u00e1ctil de 7 pulgadas | HMIs"],"rank_math_description":["\u00bfNecesitas una pantalla t\u00e1ctil vers\u00e1til? El SGD 70-A de Lascar es una pantalla capacitiva de 7\" que ofrece dos salidas de alarma, control PID y registro de datos multicanal."],"rank_math_focus_keyword":["SGD 70-A"],"specifications_table":["<table class=\"specifications\">\n<tbody>\n<tr class=\"even-row\">\n<td class=\"left-td\">Pantalla<\/td>\n<td>TFT de 7\" con 16,7 millones de colores<\/td>\n<\/tr>\n<tr class=\"odd-row\">\n<td class=\"left-td\">Pantalla t\u00e1ctil<\/td>\n<td>Pantalla t\u00e1ctil capacitiva<\/td>\n<\/tr>\n<tr class=\"even-row\">\n<td class=\"left-td\">Resoluci\u00f3n<\/td>\n<td>1024 x 600 p\u00edxeles<\/td>\n<\/tr>\n<tr class=\"odd-row\">\n<td class=\"left-td\">Procesador<\/td>\n<td>Freescale i.MX 6SoloX (ARM Cortex A9 y M4)<\/td>\n<\/tr>\n<tr class=\"even-row\">\n<td class=\"left-td\">Entradas anal\u00f3gicas<\/td>\n<td>Cuatro de 16 bits a \u00b140V c.c.<\/td>\n<\/tr>\n<tr class=\"odd-row\">\n<td class=\"left-td\">Suministro<\/td>\n<td>De 5 a 30 V c.c. (1 A t\u00edpico a 5 V c.c.)<\/td>\n<\/tr>\n<tr class=\"even-row\">\n<td class=\"left-td\">Dimensiones exteriores<\/td>\n<td>186 mm (7,3\") x 122 mm (4,3\") x 21 mm (0,8\")<\/td>\n<\/tr>\n<\/tbody>\n<\/table>"],"resources":["<ul class=\"resources-list\">\n \t<li><img src=\"https:\/\/praxas.com\/wp-content\/uploads\/document-icon.png\" alt=\"Icono de documento\"><a href=\"https:\/\/praxas.com\/wp-content\/uploads\/panelpilot-panel-instrument-sgd-70-a_iss7_10-18.pdf\" target=\"_blank\" rel=\"noopener\">Ficha t\u00e9cnica SGD 70-A<\/a><\/li>\n \t<li><img src=\"https:\/\/praxas.com\/wp-content\/uploads\/software-icon.png\" alt=\"Icono de software\"><a href=\"https:\/\/praxas.com\/software\/panelpilot-software\/panelpilotace-design-studio\/\" target=\"_blank\" rel=\"noopener\">Descargar el software PanelPilotACE<\/a><\/li>\n \t<li><img src=\"https:\/\/praxas.com\/wp-content\/uploads\/document-icon.png\" alt=\"Icono de documento\"><a href=\"https:\/\/praxas.com\/wp-content\/uploads\/sgd-70-a-quickstart-guide-postcard-04_2018.pdf\" target=\"_blank\" rel=\"noopener\">SGD 70-A Gu\u00eda de inicio r\u00e1pido<\/a><\/li>\n \t<li><img src=\"https:\/\/praxas.com\/wp-content\/uploads\/document-icon.png\" alt=\"Icono de documento\"><a href=\"https:\/\/praxas.com\/wp-content\/uploads\/declaration-of-conformity_ppace_iss6_01-17.pdf\" target=\"_blank\" rel=\"noopener\">Declaraci\u00f3n de conformidad<\/a><\/li>\n<\/ul>\n<a class=\"button button-secondary\" href=\"\/support\/\">M\u00e1s apoyo<\/a>"],"accessories":["[products skus=\"SGD 70-A DK+,S70-CAN,S70-TP\"]"],"gbp_price_9":["306.89"],"gbp_price_24":["296.99"],"gbp_price_49":["280.49"],"usdhk_price_9":["416.63"],"usdhk_price_24":["403.61"],"usdhk_price_49":["390.59"],"_uag_page_assets":["a:9:{s:3:\"css\";s:0:\"\";s:2:\"js\";s:0:\"\";s:18:\"current_block_list\";a:0:{}s:8:\"uag_flag\";b:0;s:11:\"uag_version\";s:10:\"1775212209\";s:6:\"gfonts\";a:0:{}s:10:\"gfonts_url\";s:0:\"\";s:12:\"gfonts_files\";a:0:{}s:14:\"uag_faq_layout\";b:0;}"],"_regular_price":["421.15","421.15"],"_price":["421.15","421.15"],"_max_variation_price":[""],"_max_variation_regular_price":[""],"_max_variation_sale_price":[""],"_min_variation_price":[""],"_min_variation_regular_price":[""],"_min_variation_sale_price":[""],"_sale_price":[""],"_wc_pb_base_regular_price":[""],"_wc_pb_base_sale_price":[""],"_wc_pb_base_price":[""],"_wc_sw_max_price":[""],"_wc_sw_max_regular_price":[""],"_wc_rating_count":[""]},"uagb_featured_image_src":{"full":["https:\/\/praxas.com\/wp-content\/uploads\/PanelPilotAce-Display-Solutions-SGD-70-A-Front-Logo.png",800,463,false],"thumbnail":["https:\/\/praxas.com\/wp-content\/uploads\/PanelPilotAce-Display-Solutions-SGD-70-A-Front-Logo-150x150.png",150,150,true],"medium":["https:\/\/praxas.com\/wp-content\/uploads\/PanelPilotAce-Display-Solutions-SGD-70-A-Front-Logo-300x174.png",300,174,true],"medium_large":["https:\/\/praxas.com\/wp-content\/uploads\/PanelPilotAce-Display-Solutions-SGD-70-A-Front-Logo-768x444.png",768,444,true],"large":["https:\/\/praxas.com\/wp-content\/uploads\/PanelPilotAce-Display-Solutions-SGD-70-A-Front-Logo.png",800,463,false],"1536x1536":["https:\/\/praxas.com\/wp-content\/uploads\/PanelPilotAce-Display-Solutions-SGD-70-A-Front-Logo.png",800,463,false],"2048x2048":["https:\/\/praxas.com\/wp-content\/uploads\/PanelPilotAce-Display-Solutions-SGD-70-A-Front-Logo.png",800,463,false],"crunchify-admin-post-featured-image":["https:\/\/praxas.com\/wp-content\/uploads\/PanelPilotAce-Display-Solutions-SGD-70-A-Front-Logo-120x69.png",120,69,true],"commercegurus-pdp-large":["https:\/\/praxas.com\/wp-content\/uploads\/PanelPilotAce-Display-Solutions-SGD-70-A-Front-Logo.png",800,463,false],"commercegurus-plp-mobile":["https:\/\/praxas.com\/wp-content\/uploads\/PanelPilotAce-Display-Solutions-SGD-70-A-Front-Logo-441x255.png",441,255,true],"cgkit_image_swatch":["https:\/\/praxas.com\/wp-content\/uploads\/PanelPilotAce-Display-Solutions-SGD-70-A-Front-Logo-100x100.png",100,100,true],"woocommerce_thumbnail":["https:\/\/praxas.com\/wp-content\/uploads\/PanelPilotAce-Display-Solutions-SGD-70-A-Front-Logo-300x174.png",300,174,true],"woocommerce_single":["https:\/\/praxas.com\/wp-content\/uploads\/PanelPilotAce-Display-Solutions-SGD-70-A-Front-Logo.png",800,463,false],"woocommerce_gallery_thumbnail":["https:\/\/praxas.com\/wp-content\/uploads\/PanelPilotAce-Display-Solutions-SGD-70-A-Front-Logo-150x87.png",150,87,true]},"uagb_author_info":{"display_name":"AndyS","author_link":"https:\/\/praxas.com\/es\/author\/"},"uagb_comment_info":0,"uagb_excerpt":"7\" con interfaces anal\u00f3gica, digital, PWM y serie","_links":{"self":[{"href":"https:\/\/praxas.com\/es\/wp-json\/wp\/v2\/product\/32880","targetHints":{"allow":["GET"]}}],"collection":[{"href":"https:\/\/praxas.com\/es\/wp-json\/wp\/v2\/product"}],"about":[{"href":"https:\/\/praxas.com\/es\/wp-json\/wp\/v2\/types\/product"}],"wp:featuredmedia":[{"embeddable":true,"href":"https:\/\/praxas.com\/es\/wp-json\/wp\/v2\/media\/32881"}],"wp:attachment":[{"href":"https:\/\/praxas.com\/es\/wp-json\/wp\/v2\/media?parent=32880"}],"wp:term":[{"taxonomy":"product_brand","embeddable":true,"href":"https:\/\/praxas.com\/es\/wp-json\/wp\/v2\/product_brand?post=32880"},{"taxonomy":"product_cat","embeddable":true,"href":"https:\/\/praxas.com\/es\/wp-json\/wp\/v2\/product_cat?post=32880"},{"taxonomy":"product_tag","embeddable":true,"href":"https:\/\/praxas.com\/es\/wp-json\/wp\/v2\/product_tag?post=32880"}],"curies":[{"name":"wp","href":"https:\/\/api.w.org\/{rel}","templated":true}]}}