{"id":32918,"date":"2023-06-13T17:28:00","date_gmt":"2023-06-13T15:28:00","guid":{"rendered":"https:\/\/staging.praxas.com\/product\/sin%20categor\u00eda\/el-wem-2\/"},"modified":"2025-10-14T17:41:29","modified_gmt":"2025-10-14T15:41:29","slug":"el-wem-2","status":"publish","type":"product","link":"https:\/\/praxas.com\/es\/product\/registradores-de-datos\/calidad-del-aire\/el-wem-2\/","title":{"rendered":"EL-WEM+"},"content":{"rendered":"<p>El Monitor de<sub>CO2<\/sub> y Calidad del Aire Interior (IAQ) EL-WEM+ de EasyLog es el dispositivo ideal para garantizar unos niveles adecuados de calidad del aire en el trabajo y en casa.<\/p>\n<p>Al medir y registrar los niveles de<sub>CO2<\/sub>, temperatura, humedad, COV, presi\u00f3n, PM1, PM2,5 y PM10, el EL-WEM+ controla continuamente la IAQ, calific\u00e1ndola en cinco niveles, de Excelente a Inadecuada. Si la IAQ desciende a los dos niveles m\u00e1s bajos, la luz anular de estado del dispositivo se vuelve roja, se activa una alerta sonora y puedes configurar el env\u00edo de una notificaci\u00f3n por correo electr\u00f3nico y SMS a los contactos que hayas seleccionado para notificarte el cambio inmediatamente.<\/p>\n<p>Perfecto para hogares y lugares de trabajo, el EL-WEM+ incluye un modo No molestar, que te permite establecer las horas del d\u00eda en las que el timbre de estado y la sirena est\u00e1n apagados.<\/p>\n<p><strong>EL-WEM+ Par\u00e1metros de medici\u00f3n:<\/strong><\/p>\n<ul>\n<li><sub>CO2<\/sub><\/li>\n<li>Temperatura<\/li>\n<li>Humedad<\/li>\n<li>COV<\/li>\n<li>PM1, PM2,5 y PM10<\/li>\n<li>Presi\u00f3n<\/li>\n<\/ul>\n<p>El EL-WEM+ proporciona mediciones constantes en tiempo real, al tiempo que carga autom\u00e1ticamente las mediciones en la <strong><br \/>\n  <a href=\"https:\/\/praxas.com\/en\/easylog-cloud\/\">Nube EasyLog<\/a><br \/>\n<\/strong> para acceder f\u00e1cilmente a tus datos actuales e hist\u00f3ricos. Descarga la aplicaci\u00f3n EasyLog Cloud, que permite ver, analizar y descargar tu conjunto completo de mediciones de datos desde cualquier dispositivo con conexi\u00f3n a Internet.  Incluso puedes configurar un modo nocturno que tambi\u00e9n silencia la sirena y enciende los LED.<\/p>\n","protected":false},"excerpt":{"rendered":"<p><span class=\"product-detail__short-desc\">Monitor<\/span><span class=\"product-detail__short-desc\">WiFi <\/span><sub>de CO2 <\/sub>y calidad del aire interior<\/p>\n","protected":false},"featured_media":32900,"template":"","meta":{"_acf_changed":false,"content-type":"","_uag_custom_page_level_css":""},"product_brand":[],"product_cat":[1654,1655,1657,1626,1610],"product_tag":[1604,2435,1614,1607,1559],"class_list":{"0":"post-32918","1":"product","2":"type-product","3":"status-publish","4":"has-post-thumbnail","6":"product_cat-calidad-del-aire","7":"product_cat-cov-es","8":"product_cat-dioxido-de-carbono","9":"product_cat-presion","10":"product_cat-temperatura-y-humedad","11":"product_tag-alarma","12":"product_tag-easylog-es","13":"product_tag-easylog-cloud-es","14":"product_tag-iot-es","15":"product_tag-wifi-es","17":"first","18":"instock","19":"taxable","20":"shipping-taxable","21":"purchasable","22":"product-type-simple"},"bundled_by":[],"bundle_stock_status":"instock","bundle_stock_quantity":12,"bundle_virtual":false,"bundle_layout":"","bundle_add_to_cart_form_location":"","bundle_editable_in_cart":false,"bundle_sold_individually_context":"","bundle_item_grouping":"","bundle_min_size":"","bundle_max_size":"","bundle_price":[],"bundled_items":[],"bundle_sell_ids":[],"acf":[],"spectra_custom_meta":{"_wcml_average_rating":[null],"_wcml_review_count":[null],"_wcml_rating_count":[null],"_download_limit":["-1","-1"],"_download_expiry":["-1","-1"],"_downloadable":["no","no"],"_sku":["EL-WEM+","EL-WEM+"],"_stock_status":["instock","instock","instock","instock","instock","instock","instock"],"_sold_individually":["no","no"],"_tax_class":["",""],"_tax_status":["taxable","taxable"],"_virtual":["no","no"],"_weight":["1.400000","1.400000"],"_length":["field_64dde24193a2b","field_64dde24193a2b"],"total_sales":["26","26"],"product_datasheet":["10295"],"_product_datasheet":["field_650ad7d6ea3a0"],"connectivity":["WiFi","WiFi"],"_connectivity":["field_64dce263bb57c","field_64dce263bb57c"],"brand":["EasyLog","EasyLog"],"_brand":["field_64ddf62ed2593","field_64ddf62ed2593"],"brand_image":["10467"],"_brand_image":["field_650c5e7c84cae"],"_specifications_table":["field_65044e1db92a8"],"_display_data_alarm":["field_667d647bcb066"],"_resources":["field_650849c6945ee"],"_accessories":["field_650849e6945f0","field_650849e6945f0"],"_faqs":["field_650859523d8d5"],"_calibration_suitable_ids_gb":["field_654b4c4acb54a"],"_calibration_suitable_ids_us":["field_654b4c56cb54b"],"_show_in_calibration_suitable":["field_654cfb691d345"],"_usd_price_4":["field_651570dcac479"],"_usd_price_9":["field_6515713eb4807"],"_usd_price_24":["field_65157141b4809"],"_usd_price_49":["field_65157140b4808"],"_usd_price_99":["field_6515715bb480a"],"_gbp_price_4":["field_6515716e83bfa"],"_gbp_price_9":["field_6515724783bfb"],"_gbp_price_24":["field_6515724b83bfc"],"_gbp_price_49":["field_6515725983bfd"],"_gbp_price_99":["field_6515725d83bfe"],"_usdhk_price_4":["field_6515726f83bff"],"_usdhk_price_9":["field_6515727c83c00"],"_usdhk_price_24":["field_6515728083c01"],"_usdhk_price_49":["field_6515728983c02"],"_usdhk_price_99":["field_6515728e83c03"],"stock_options":["In stock"],"_stock_options":["field_6544b605dc7f9"],"_top_nav_excluded":[""],"_cms_nav_minihome":[""],"wcml_sync_hash":["a:1:{s:15:\"postmeta_fields\";s:32:\"31adeec97ab8c02d43331f1fc77e1bb1\";}"],"attr_label_translations":["a:0:{}"],"_product_attributes":["a:2:{s:16:\"pa_product-brand\";a:6:{s:4:\"name\";s:16:\"pa_product-brand\";s:5:\"value\";s:0:\"\";s:8:\"position\";i:0;s:10:\"is_visible\";i:1;s:12:\"is_variation\";i:0;s:11:\"is_taxonomy\";i:1;}s:19:\"pa_product-features\";a:6:{s:4:\"name\";s:19:\"pa_product-features\";s:5:\"value\";s:0:\"\";s:8:\"position\";i:1;s:10:\"is_visible\";i:1;s:12:\"is_variation\";i:0;s:11:\"is_taxonomy\";i:1;}}"],"_thumbnail_id":["32900"],"_product_image_gallery":["32903,32902,32901"],"_crosssell_ids":["a:0:{}"],"_stock":["12.000000"],"_last_translation_edit_mode":["translation-editor"],"_backorders":["no","no"],"_manage_stock":["no","no"],"_calibration":["field_66a0ddd599972"],"_shipping":["field_66852535c98a5"],"_refrigerant_cabinet":["field_66852557c98a6"],"_main_specifications":["field_66855b25b1245"],"min_temp":["-20"],"max_temp":["60"],"_min_temp":["field_67ea5eb4e0a77"],"_max_temp":["field_67ea5f81e0a79"],"_wpml_word_count":["244"],"rank_math_primary_product_cat":["86","86"],"_global_unique_id":["5056744401103"],"faqs":["[accordion]\n[accordion_header]\u00bfPor qu\u00e9 no veo los datos de mi EL-WEM despu\u00e9s de encenderlo por primera vez?[\/accordion_header]\n[accordion_section]Los sensores de calidad del aire del EL-WEM son muy sensibles y tardan unos 5 minutos en autocalibrarse cuando se enciende el aparato. Tras este periodo de tiempo, el EL-WEM empezar\u00e1 a registrar autom\u00e1ticamente tus lecturas.[\/accordion_section]\n[\/accordion]\n\n<a class=\"button button-orange\" href=\"\/support\/el-wem-air-quality-monitors\/\">M\u00e1s ayuda<\/a>"],"_other_features":["field_686fa2aa98dce"],"rank_math_title":["EL-WEM+ | Monitor WiFi de CO2 y Calidad del Aire Interior | Praxas"],"rank_math_description":["Lascar Electronics EasyLog EL-WEM+ Monitor de calidad del aire interior de alta precisi\u00f3n que mide temperatura, humedad, COV, PM1, PM2,5, PM10, CO2 y presi\u00f3n."],"rank_math_focus_keyword":["EL-WEM+"],"specifications_table":["<table class=\"specifications\">\n<tbody>\n<tr class=\"even-row\">\n<td class=\"left-td\">\n<div class=\"col-xxs-4 product-specification__label-container\">\n<div class=\"product-specification__label\">Rango de medici\u00f3n (<sub>CO2<\/sub>)<\/div>\n<\/div><\/td>\n<td>\n<div class=\"product-specification__value col-m-6\">\n<div class=\"product-specification__row\">\n<div class=\"row no-gutter equal-height\">\n<div class=\"col-xxs-8 product-specification__value-container\">\n<div class=\"product-specification__value\">0 a 40.000 ppm<\/div>\n<\/div>\n<\/div>\n<\/div>\n<\/div><\/td>\n<\/tr>\n<tr class=\"odd-row\">\n<td class=\"left-td\">\n<div class=\"col-xxs-4 product-specification__label-container\">\n<div class=\"product-specification__label\">Precisi\u00f3n (<sub>CO2<\/sub>)<\/div>\n<\/div><\/td>\n<td>\n<div class=\"product-specification__row\">\n<div class=\"row no-gutter equal-height\">\n<div class=\"col-xxs-8 product-specification__value-container\">\n<div class=\"product-specification__value\">\u00b13%<\/div>\n<\/div>\n<\/div>\n<\/div><\/td>\n<\/tr>\n<tr class=\"even-row\">\n<td class=\"left-td\">\n<div class=\"col-xxs-4 product-specification__label-container\">\n<div class=\"product-specification__label\">Rango de medici\u00f3n (T)<\/div>\n<\/div><\/td>\n<td>\n<div class=\"product-specification__row\">\n<div class=\"row no-gutter equal-height\">\n<div class=\"col-xxs-8 product-specification__value-container\">\n<div class=\"product-specification__value\">-20 a +60\u00b0C<\/div>\n<\/div>\n<\/div>\n<\/div><\/td>\n<\/tr>\n<tr class=\"odd-row\">\n<td class=\"left-td\">\n<div class=\"col-xxs-4 product-specification__label-container\">\n<div class=\"product-specification__label\">Precisi\u00f3n (T)<\/div>\n<\/div><\/td>\n<td>\n<div class=\"product-specification__row\">\n<div class=\"row no-gutter equal-height\">\n<div class=\"col-xxs-8 product-specification__value-container\">\n<div class=\"product-specification__value\">\u00b10,6\u00b0C a 15\u00b0C<\/div>\n<\/div>\n<\/div>\n<\/div><\/td>\n<\/tr>\n<tr class=\"even-row\">\n<td class=\"left-td\">\n<div class=\"col-xxs-4 product-specification__label-container\">\n<div class=\"product-specification__label\">Rango de medici\u00f3n (HR)<\/div>\n<\/div><\/td>\n<td>\n<div class=\"product-specification__row\">\n<div class=\"row no-gutter equal-height\">\n<div class=\"col-xxs-8 product-specification__value-container\">\n<div class=\"product-specification__value\">0 a 95%HR<\/div>\n<\/div>\n<\/div>\n<\/div><\/td>\n<\/tr>\n<tr class=\"odd-row\">\n<td class=\"left-td\">\n<div class=\"col-xxs-4 product-specification__label-container\">\n<div class=\"product-specification__label\">Precisi\u00f3n (HR)<\/div>\n<\/div><\/td>\n<td>\n<div class=\"product-specification__row\">\n<div class=\"row no-gutter equal-height\">\n<div class=\"col-xxs-8 product-specification__value-container\">\n<div class=\"product-specification__value\">\u00b13%<\/div>\n<\/div>\n<\/div>\n<\/div><\/td>\n<\/tr>\n<tr class=\"even-row\">\n<td class=\"left-td\">\n<div class=\"col-xxs-4 product-specification__label-container\">\n<div class=\"product-specification__label\">Precisi\u00f3n de COV biog\u00e9nicos<\/div>\n<\/div><\/td>\n<td>\n<div class=\"product-specification__row\">\n<div class=\"row no-gutter equal-height\">\n<div class=\"col-xxs-8 product-specification__value-container\">\n<div class=\"product-specification__value\">\u00b15%<\/div>\n<\/div>\n<\/div>\n<\/div><\/td>\n<\/tr>\n<tr class=\"odd-row\">\n<td class=\"left-td\">\n<div class=\"col-xxs-4 product-specification__label-container\">\n<div class=\"product-specification__label\">Tama\u00f1o de part\u00edculas medido<\/div>\n<\/div><\/td>\n<td>\n<div class=\"product-specification__row\">\n<div class=\"row no-gutter equal-height\">\n<div class=\"col-xxs-8 product-specification__value-container\">\n<div class=\"product-specification__value\">PM10, PM2,5, PM1<\/div>\n<\/div>\n<\/div>\n<\/div><\/td>\n<\/tr>\n<tr class=\"even-row\">\n<td class=\"left-td\">\n<div class=\"col-xxs-4 product-specification__label-container\">\n<div class=\"product-specification__label\">Precisi\u00f3n (PM)<\/div>\n<\/div><\/td>\n<td>\n<div class=\"product-specification__row\">\n<div class=\"row no-gutter equal-height\">\n<div class=\"col-xxs-8 product-specification__value-container\">\n<div class=\"product-specification__value\">0 a 1000\u00b5g\/m3<\/div>\n<\/div>\n<\/div>\n<\/div><\/td>\n<\/tr>\n<tr class=\"odd-row\">\n<td class=\"left-td\">\n<div class=\"col-xxs-4 product-specification__label-container\">\n<div class=\"product-specification__label\">Rango de medici\u00f3n (mbar)<\/div>\n<\/div><\/td>\n<td>\n<div class=\"product-specification__row\">\n<div class=\"row no-gutter equal-height\">\n<div class=\"col-xxs-8 product-specification__value-container\">\n<div class=\"product-specification__value\">De 300 a 1100mbar<\/div>\n<\/div>\n<\/div>\n<\/div><\/td>\n<\/tr>\n<tr class=\"even-row\">\n<td class=\"left-td\">\n<div class=\"col-xxs-4 product-specification__label-container\">\n<div class=\"product-specification__label\">Precisi\u00f3n (mbar)<\/div>\n<\/div><\/td>\n<td>\n<div class=\"product-specification__row\">\n<div class=\"row no-gutter equal-height\">\n<div class=\"col-xxs-8 product-specification__value-container\">\n<div class=\"product-specification__value\">\u00b10,6 mbar<\/div>\n<\/div>\n<\/div>\n<\/div><\/td>\n<\/tr>\n<tr class=\"odd-row\">\n<td class=\"left-td\">\n<div class=\"col-xxs-4 product-specification__label-container\">\n<div class=\"product-specification__label\">Dimensiones (Altura x Di\u00e1metro)<\/div>\n<\/div><\/td>\n<td>170,5 x 77 mm<\/td>\n<\/tr>\n<\/tbody>\n<\/table>"],"resources":["<ul class=\"resources-list\">\n \t<li><img src=\"https:\/\/praxas.com\/wp-content\/uploads\/document-icon.png\" alt=\"Icono de documento\"><a href=\"https:\/\/praxas.com\/wp-content\/uploads\/el-wemplusdatasheet-issue-6-07_2023.pdf\"><span class=\"mldTitle\">EL-WEM+ Ficha t\u00e9cnica<\/span><\/a><\/li>\n \t<li><img src=\"https:\/\/praxas.com\/wp-content\/uploads\/software-icon.png\" alt=\"Icono de software\"><a href=\"https:\/\/praxas.com\/en\/easylog-cloud\/\" target=\"_blank\" rel=\"noopener\">Nube EasyLog<\/a><\/li>\n \t<li><img src=\"https:\/\/praxas.com\/wp-content\/uploads\/document-icon.png\" alt=\"Icono de documento\"><a href=\"https:\/\/praxas.com\/wp-content\/uploads\/el-wem-qsg-03_2022-issue_3-repro-no-tick-marks.pdf\" target=\"_blank\" rel=\"noopener\">EL-WEM+ Gu\u00eda de inicio r\u00e1pido<\/a><\/li>\n \t<li><img src=\"https:\/\/praxas.com\/wp-content\/uploads\/document-icon.png\" alt=\"Icono de documento\">\n<a href=\"https:\/\/praxas.com\/wp-content\/uploads\/help-guide-3-network-requirements-and-settings-12-09-2022_issue-6.pdf\" target=\"_blank\" rel=\"noopener\">Requisitos y configuraci\u00f3n de la red<\/a><\/li>\n \t<li><img src=\"https:\/\/praxas.com\/wp-content\/uploads\/document-icon.png\" alt=\"Icono de documento\"><a href=\"https:\/\/praxas.com\/wp-content\/uploads\/declaration-of-conformity_el-wem_iss2-08_2022.pdf\" target=\"_blank\" rel=\"noopener\">Declaraci\u00f3n de conformidad EL-WEM+<\/a><\/li>\n<\/ul>"],"usd_price_4":["0.00"],"usd_price_9":["0.00"],"usd_price_24":["0.00"],"usd_price_49":["0.00"],"usd_price_99":["0.00"],"gbp_price_4":["0.00"],"gbp_price_9":["0.00"],"gbp_price_24":["197.99"],"gbp_price_49":["0.00"],"gbp_price_99":["175.99"],"usdhk_price_4":["0.00"],"usdhk_price_9":["0.00"],"usdhk_price_24":["269.99"],"usdhk_price_49":["0.00"],"usdhk_price_99":["239.99"],"_uag_page_assets":["a:9:{s:3:\"css\";s:0:\"\";s:2:\"js\";s:0:\"\";s:18:\"current_block_list\";a:0:{}s:8:\"uag_flag\";b:0;s:11:\"uag_version\";s:10:\"1775658900\";s:6:\"gfonts\";a:0:{}s:10:\"gfonts_url\";s:0:\"\";s:12:\"gfonts_files\";a:0:{}s:14:\"uag_faq_layout\";b:0;}"],"_regular_price":["284.9","284.9"],"_price":["284.9","284.9"],"hubwoo_ecomm_pro_id":["2696730378"],"_max_variation_price":[""],"_max_variation_regular_price":[""],"_max_variation_sale_price":[""],"_min_variation_price":[""],"_min_variation_regular_price":[""],"_min_variation_sale_price":[""],"_sale_price":[""],"_wc_pb_base_regular_price":[""],"_wc_pb_base_sale_price":[""],"_wc_pb_base_price":[""],"_wc_sw_max_price":[""],"_wc_sw_max_regular_price":[""],"_wc_rating_count":[""],"_wc_review_count":[""],"_wc_average_rating":[0]},"uagb_featured_image_src":{"full":["https:\/\/praxas.com\/wp-content\/uploads\/EL-WEM-3-800x463-1.png",800,463,false],"thumbnail":["https:\/\/praxas.com\/wp-content\/uploads\/EL-WEM-3-800x463-1-150x150.png",150,150,true],"medium":["https:\/\/praxas.com\/wp-content\/uploads\/EL-WEM-3-800x463-1-300x174.png",300,174,true],"medium_large":["https:\/\/praxas.com\/wp-content\/uploads\/EL-WEM-3-800x463-1-768x444.png",768,444,true],"large":["https:\/\/praxas.com\/wp-content\/uploads\/EL-WEM-3-800x463-1.png",800,463,false],"1536x1536":["https:\/\/praxas.com\/wp-content\/uploads\/EL-WEM-3-800x463-1.png",800,463,false],"2048x2048":["https:\/\/praxas.com\/wp-content\/uploads\/EL-WEM-3-800x463-1.png",800,463,false],"crunchify-admin-post-featured-image":["https:\/\/praxas.com\/wp-content\/uploads\/EL-WEM-3-800x463-1-120x69.png",120,69,true],"commercegurus-pdp-large":["https:\/\/praxas.com\/wp-content\/uploads\/EL-WEM-3-800x463-1.png",800,463,false],"commercegurus-plp-mobile":["https:\/\/praxas.com\/wp-content\/uploads\/EL-WEM-3-800x463-1-441x255.png",441,255,true],"cgkit_image_swatch":["https:\/\/praxas.com\/wp-content\/uploads\/EL-WEM-3-800x463-1-100x100.png",100,100,true],"woocommerce_thumbnail":["https:\/\/praxas.com\/wp-content\/uploads\/EL-WEM-3-800x463-1-300x174.png",300,174,true],"woocommerce_single":["https:\/\/praxas.com\/wp-content\/uploads\/EL-WEM-3-800x463-1.png",800,463,false],"woocommerce_gallery_thumbnail":["https:\/\/praxas.com\/wp-content\/uploads\/EL-WEM-3-800x463-1-150x87.png",150,87,true]},"uagb_author_info":{"display_name":"AndyS","author_link":"https:\/\/praxas.com\/es\/author\/"},"uagb_comment_info":0,"uagb_excerpt":"MonitorWiFi de CO2 y calidad del aire interior","_links":{"self":[{"href":"https:\/\/praxas.com\/es\/wp-json\/wp\/v2\/product\/32918","targetHints":{"allow":["GET"]}}],"collection":[{"href":"https:\/\/praxas.com\/es\/wp-json\/wp\/v2\/product"}],"about":[{"href":"https:\/\/praxas.com\/es\/wp-json\/wp\/v2\/types\/product"}],"wp:featuredmedia":[{"embeddable":true,"href":"https:\/\/praxas.com\/es\/wp-json\/wp\/v2\/media\/32900"}],"wp:attachment":[{"href":"https:\/\/praxas.com\/es\/wp-json\/wp\/v2\/media?parent=32918"}],"wp:term":[{"taxonomy":"product_brand","embeddable":true,"href":"https:\/\/praxas.com\/es\/wp-json\/wp\/v2\/product_brand?post=32918"},{"taxonomy":"product_cat","embeddable":true,"href":"https:\/\/praxas.com\/es\/wp-json\/wp\/v2\/product_cat?post=32918"},{"taxonomy":"product_tag","embeddable":true,"href":"https:\/\/praxas.com\/es\/wp-json\/wp\/v2\/product_tag?post=32918"}],"curies":[{"name":"wp","href":"https:\/\/api.w.org\/{rel}","templated":true}]}}