{"id":32934,"date":"2023-08-08T16:17:00","date_gmt":"2023-08-08T14:17:00","guid":{"rendered":"https:\/\/staging.praxas.com\/product\/sin%20categor\u00eda\/el-iot-co2\/"},"modified":"2025-10-14T16:18:39","modified_gmt":"2025-10-14T14:18:39","slug":"el-iot-co2","status":"publish","type":"product","link":"https:\/\/praxas.com\/es\/product\/registradores-de-datos\/calidad-del-aire\/el-iot-co2\/","title":{"rendered":"EL-IOT-CO2"},"content":{"rendered":"<p>Nuestro registrador inal\u00e1mbrico de datos de<sub>CO2<\/sub> y calidad del aire es el dispositivo perfecto para controlar y registrar la calidad del aire y los niveles de di\u00f3xido de carbono en casa, en el trabajo, en las escuelas y en toda una serie de aplicaciones, incluida la horticultura.<\/p>\n<p>Al medir el di\u00f3xido de carbono, la temperatura y la humedad, el EL-IOT-CO2 registra continuamente estos par\u00e1metros y te proporciona lecturas actuales, m\u00ednimas y m\u00e1ximas en la pantalla brillante y clara para que puedas ver de un vistazo la calidad del aire.<\/p>\n<p>Configura tus propias alarmas altas y bajas para cada par\u00e1metro, cuando se alcancen tus l\u00edmites, se te puede enviar una notificaci\u00f3n instant\u00e1nea de los cambios cr\u00edticos por correo electr\u00f3nico y\/o SMS.<\/p>\n<p>El EL-IOT-CO2 se alimenta mediante una fuente de alimentaci\u00f3n USB y tambi\u00e9n puede utilizar pilas AA como reserva a corto plazo si se interrumpe el suministro el\u00e9ctrico.<\/p>\n<p><strong>Par\u00e1metros de medici\u00f3n EL-IOT-CO2:<\/strong><\/p>\n<ul>\n<li>Di\u00f3xido de carbono (<sub>CO2<\/sub>)<\/li>\n<li>Temperatura<\/li>\n<li>Humedad<\/li>\n<\/ul>\n<p>El EL-IOT-CO2 proporciona mediciones constantes en tiempo real a la vez que carga autom\u00e1ticamente las mediciones en la <strong><br \/>\n  <a href=\"https:\/\/praxas.com\/en\/easylog-cloud\/\">Nube EasyLog<\/a><br \/>\n<\/strong>para acceder f\u00e1cilmente a tus datos actuales e hist\u00f3ricos. Descarga la aplicaci\u00f3n EasyLog Cloud, que permite ver, analizar y descargar tu conjunto completo de mediciones de datos desde cualquier dispositivo con conexi\u00f3n a Internet. <\/p>\n","protected":false},"excerpt":{"rendered":"<p>Registrador inal\u00e1mbrico de datos de<sub>CO2<\/sub> y calidad del aire<\/p>\n","protected":false},"featured_media":32935,"template":"","meta":{"_acf_changed":false,"content-type":"","_uag_custom_page_level_css":""},"product_brand":[],"product_cat":[1654,1657],"product_tag":[2435,1614,1607,1562,1559],"class_list":{"0":"post-32934","1":"product","2":"type-product","3":"status-publish","4":"has-post-thumbnail","6":"product_cat-calidad-del-aire","7":"product_cat-dioxido-de-carbono","8":"product_tag-easylog-es","9":"product_tag-easylog-cloud-es","10":"product_tag-iot-es","11":"product_tag-sensor-interno","12":"product_tag-wifi-es","14":"first","15":"instock","16":"taxable","17":"shipping-taxable","18":"purchasable","19":"product-type-simple"},"bundled_by":[],"bundle_stock_status":"instock","bundle_stock_quantity":196,"bundle_virtual":false,"bundle_layout":"","bundle_add_to_cart_form_location":"","bundle_editable_in_cart":false,"bundle_sold_individually_context":"","bundle_item_grouping":"","bundle_min_size":"","bundle_max_size":"","bundle_price":[],"bundled_items":[],"bundle_sell_ids":[],"acf":[],"spectra_custom_meta":{"_download_limit":["-1","-1"],"_download_expiry":["-1","-1"],"_downloadable":["no","no"],"_sku":["EL-IOT-CO2","EL-IOT-CO2"],"_stock_status":["instock","instock","instock","instock","instock","instock","instock","instock","instock"],"_sold_individually":["no","no"],"_tax_class":["",""],"_tax_status":["taxable","taxable"],"_virtual":["no","no"],"_weight":["0.560000","0.560000"],"_length":["field_64dde24193a2b","field_64dde24193a2b"],"total_sales":["127","127"],"_product_datasheet":["field_650ad7d6ea3a0"],"connectivity":["WiFi","WiFi"],"_connectivity":["field_64dce263bb57c","field_64dce263bb57c"],"brand":["EasyLog","EasyLog"],"_brand":["field_64ddf62ed2593","field_64ddf62ed2593"],"_brand_image":["field_650c5e7c84cae"],"_specifications_table":["field_65044e1db92a8"],"_display_data_alarm":["field_667d647bcb066"],"_resources":["field_650849c6945ee"],"_accessories":["field_650849e6945f0","field_650849e6945f0"],"_faqs":["field_650859523d8d5"],"_calibration_suitable_ids_gb":["field_654b4c4acb54a"],"_calibration_suitable_ids_us":["field_654b4c56cb54b"],"_show_in_calibration_suitable":["field_654cfb691d345"],"_usd_price_4":["field_651570dcac479"],"_usd_price_9":["field_6515713eb4807"],"_usd_price_24":["field_65157141b4809"],"_usd_price_49":["field_65157140b4808"],"_usd_price_99":["field_6515715bb480a"],"_gbp_price_4":["field_6515716e83bfa"],"_gbp_price_9":["field_6515724783bfb"],"_gbp_price_24":["field_6515724b83bfc"],"_gbp_price_49":["field_6515725983bfd"],"_gbp_price_99":["field_6515725d83bfe"],"_usdhk_price_4":["field_6515726f83bff"],"_usdhk_price_9":["field_6515727c83c00"],"_usdhk_price_24":["field_6515728083c01"],"_usdhk_price_49":["field_6515728983c02"],"_usdhk_price_99":["field_6515728e83c03"],"stock_options":["In stock"],"_stock_options":["field_6544b605dc7f9"],"_top_nav_excluded":[""],"_cms_nav_minihome":[""],"wcml_sync_hash":["a:1:{s:15:\"postmeta_fields\";s:32:\"7d9ca5dbeb96fab13ef94b6119772b1d\";}"],"attr_label_translations":["a:0:{}"],"_product_image_gallery":["32936,32937"],"_thumbnail_id":["32935"],"_crosssell_ids":["a:0:{}"],"_stock":["196.000000"],"_edit_lock":["1722245345:8383"],"classic-editor-remember":["classic-editor"],"_calibration":["field_66a0ddd599972"],"_shipping":["field_66852535c98a5"],"_refrigerant_cabinet":["field_66852557c98a6"],"_main_specifications":["field_66855b25b1245"],"rank_math_seo_score":["84"],"_edit_last":["8383"],"commercekit_gallery_layout":[""],"commercekit_disable_sticky_atc":["0"],"commercekit_wc_video_gallery":["a:0:{}"],"_rank_math_gtin_code":[""],"_wcml_average_rating":[null],"_wcml_review_count":[null],"_wcml_rating_count":[null],"_wc_average_rating":[0],"_wc_review_count":["0"],"_product_version":["9.1.2"],"display_data_alarm":[""],"calibration":[""],"calibration_suitable_ids_gb":[""],"calibration_suitable_ids_us":[""],"show_in_calibration_suitable":[""],"other_features":[""],"shipping":[""],"refrigerant_cabinet":[""],"main_specifications":[""],"shoptimizer_layout_pdp_short_description_position":["default"],"product_datasheet":["10287"],"brand_image":["10467"],"_wpml_media_duplicate":["1"],"_wpml_media_featured":["1"],"_last_translation_edit_mode":["translation-editor"],"_product_attributes":["a:2:{s:16:\"pa_product-brand\";a:6:{s:4:\"name\";s:16:\"pa_product-brand\";s:5:\"value\";s:0:\"\";s:8:\"position\";i:0;s:10:\"is_visible\";i:1;s:12:\"is_variation\";i:0;s:11:\"is_taxonomy\";i:1;}s:19:\"pa_product-features\";a:6:{s:4:\"name\";s:19:\"pa_product-features\";s:5:\"value\";s:0:\"\";s:8:\"position\";i:1;s:10:\"is_visible\";i:1;s:12:\"is_variation\";i:0;s:11:\"is_taxonomy\";i:1;}}"],"rank_math_primary_product_cat":["86","86"],"_wpml_word_count":["243"],"_global_unique_id":["5056744400526"],"_backorders":["no","no"],"_manage_stock":["no","no"],"_other_features":["field_686fa2aa98dce"],"min_temp":[""],"max_temp":[""],"_min_temp":["field_67ea5eb4e0a77"],"_max_temp":["field_67ea5f81e0a79"],"faqs":["<span class=\"ui-provider bob boc bod boe bof bog boh boi boj bok bol bom bon boo bop boq bor bos bot bou bov bow box boy boz bpa bpb bpc bpd bpe bpf bpg bph bpi bpj\" dir=\"ltr\">[accordion]\n[accordion_header]\u00bfCu\u00e1ndo comenzar\u00e1 la actualizaci\u00f3n del firmware de mi EL-IOT?[\/accordion_header]\n[accordion_section]Una vez seleccionada la nueva actualizaci\u00f3n del firmware EL-IOT, la actualizaci\u00f3n comenzar\u00e1 en la siguiente sincronizaci\u00f3n con la Nube.[\/accordion_section]\n[\/accordion]<\/span>\n\n<span class=\"ui-provider bob boc bod boe bof bog boh boi boj bok bol bom bon boo bop boq bor bos bot bou bov bow box boy boz bpa bpb bpc bpd bpe bpf bpg bph bpi bpj\" dir=\"ltr\">[accordion]\n[accordion_header]\u00bfC\u00f3mo fuerzo una transmisi\u00f3n desde mi dispositivo?[\/accordion_header]\n[accordion_section]Debes mantener pulsado el bot\u00f3n principal del dispositivo durante 1-8 segundos. Esto reconoce una alarma, crea un evento de auditor\u00eda en el registro y fuerza la sincronizaci\u00f3n de datos con la Nube.  [\/accordion_section]\n[\/accordion]<\/span>"],"rank_math_title":["EL-IOT-CO2 | Registrador de datos de calidad del aire | Praxas"],"rank_math_description":["El registrador inal\u00e1mbrico de datos de CO2 y calidad del aire EL-IOT-CO2 es el dispositivo perfecto para controlar y registrar la calidad del aire y los niveles de CO2 en casa o en el trabajo."],"rank_math_focus_keyword":["EL-IOT-CO2"],"specifications_table":["<table class=\"specifications\">\n<tbody>\n<tr class=\"even-row\">\n<td class=\"left-td\">Rango de medici\u00f3n (<sub>CO2<\/sub><span style=\"font-family: inherit; font-size: inherit;\">)<\/span><\/td>\n<td>0 a 40.000 ppm<\/td>\n<\/tr>\n<tr class=\"odd-row\">\n<td class=\"left-td\">Precisi\u00f3n de 400 a 2.000 ppm<\/td>\n<td>\u00b1(50 ppm +5% de la lectura)<\/td>\n<\/tr>\n<tr class=\"even-row\">\n<td class=\"left-td\">Resoluci\u00f3n (<sub>CO2<\/sub>)<\/td>\n<td>1ppm<\/td>\n<\/tr>\n<tr class=\"odd-row\">\n<td class=\"left-td\">Autocalibraci\u00f3n (<sub>CO2<\/sub>)<\/td>\n<td>S\u00ed<\/td>\n<\/tr>\n<tr class=\"even-row\">\n<td class=\"left-td\">Rango de medici\u00f3n de la temperatura<\/td>\n<td>-20 a +60\u00b0C (-4 a 140\u00b0F)<\/td>\n<\/tr>\n<tr class=\"odd-row\">\n<td class=\"left-td\">Precisi\u00f3n (T)<\/td>\n<td>\u00b10,3\u00b0C (\u00b10,54\u00b0F) t\u00edpico<\/td>\n<\/tr>\n<tr class=\"even-row\">\n<td class=\"left-td\">Resoluci\u00f3n (T)<\/td>\n<td>0.1\u00b0<\/td>\n<\/tr>\n<tr class=\"odd-row\">\n<td class=\"left-td\">Unidades (T)<\/td>\n<td>\u00b0C o \u00b0F<\/td>\n<\/tr>\n<tr class=\"even-row\">\n<td class=\"left-td\">Rango de medici\u00f3n de la humedad relativa<\/td>\n<td>0 a 100%HR<\/td>\n<\/tr>\n<tr class=\"odd-row\">\n<td class=\"left-td\">Precisi\u00f3n (HR)<\/td>\n<td>\u00b12% t\u00edpico<\/td>\n<\/tr>\n<tr class=\"even-row\">\n<td class=\"left-td\">Resoluci\u00f3n (HR)<\/td>\n<td>0.1%<\/td>\n<\/tr>\n<tr class=\"odd-row\">\n<td class=\"left-td\">Precisi\u00f3n del punto de roc\u00edo<\/td>\n<td>1,5\u00b0C t\u00edpico (40 a 100%HR)<\/td>\n<\/tr>\n<tr class=\"even-row\">\n<td class=\"left-td\">Velocidad de registro de datos<\/td>\n<td>De 10 segundos a 12 horas (seleccionable por el usuario)<\/td>\n<\/tr>\n<tr class=\"odd-row\">\n<td class=\"left-td\">Intervalo de transmisi\u00f3n<\/td>\n<td>De 1 minuto a 24 horas (seleccionable por el usuario)<\/td>\n<\/tr>\n<tr class=\"even-row\">\n<td class=\"left-td\">Dimensiones<\/td>\n<td>97 x 87 x 33 mm<\/td>\n<\/tr>\n<tr class=\"odd-row\">\n<td class=\"left-td\">Temperatura de funcionamiento Alimentaci\u00f3n de la bater\u00eda<\/td>\n<td>-18 a +55\u00b0C (0 a +131\u00b0F)<\/td>\n<\/tr>\n<tr class=\"even-row\">\n<td class=\"left-td\">Temperatura de funcionamiento Alimentaci\u00f3n USB<\/td>\n<td>-20 a +60\u00b0C (-4 a +140\u00b0F)<\/td>\n<\/tr>\n<\/tbody>\n<\/table>"],"resources":["<ul class=\"resources-list\">\n \t<li><img src=\"https:\/\/praxas.com\/wp-content\/uploads\/document-icon.png\" alt=\"Icono de documento\"><a href=\"https:\/\/praxas.com\/wp-content\/uploads\/el-iot-co2-datasheet-issue-7-10_2022.pdf\" target=\"_blank\" rel=\"noopener\">Hoja de datos EL-IOT-CO2<\/a><\/li>\n \t<li><img src=\"https:\/\/praxas.com\/wp-content\/uploads\/document-icon.png\" alt=\"Icono de documento\"><a href=\"https:\/\/praxas.com\/wp-content\/uploads\/el-iot-co2-qsg_12_2022.pdf\" target=\"_blank\" rel=\"noopener\">Gu\u00eda de inicio r\u00e1pido EL-IOT-CO2<\/a><\/li>\n \t<li><img src=\"https:\/\/praxas.com\/wp-content\/uploads\/document-icon.png\" alt=\"Icono de documento\"><a href=\"https:\/\/praxas.com\/wp-content\/uploads\/el-iot-co2-distie-handout.pdf\" target=\"_blank\" rel=\"noopener\">Hoja informativa EL-IOT-CO2<\/a><\/li>\n \t<li><img src=\"https:\/\/praxas.com\/wp-content\/uploads\/document-icon.png\" alt=\"Icono de documento\"><a href=\"https:\/\/praxas.com\/wp-content\/uploads\/help-guide-3-network-requirements-and-settings-12-09-2022_issue-6.pdf\" target=\"_blank\" rel=\"noopener\">Requisitos y configuraci\u00f3n de la red<\/a><\/li>\n \t<li><img src=\"https:\/\/praxas.com\/wp-content\/uploads\/document-icon.png\" alt=\"Icono de documento\"><a href=\"https:\/\/praxas.com\/wp-content\/uploads\/declaration-of-conformity_indoor-air-quality_iss1-07_2022.pdf\" target=\"_blank\" rel=\"noopener\">Declaraci\u00f3n de conformidad EL-IOT-CO2<\/a><\/li>\n<\/ul>"],"accessories":["[products skus=\"EL-IOT WALL BRACKET,BAT 1V5 AA PK4\"]","[products skus=\"EL-IOT WALL BRACKET,BAT 1V5 AA PK4\"]"],"usd_price_4":["0.00"],"usd_price_9":["0.00"],"usd_price_24":["0.00"],"usd_price_49":["0.00"],"usd_price_99":["0.00"],"gbp_price_4":["0.00"],"gbp_price_9":["0.00"],"gbp_price_24":["134.99"],"gbp_price_49":["0.00"],"gbp_price_99":["0.00"],"usdhk_price_4":["0.00"],"usdhk_price_9":["0.00"],"usdhk_price_24":["0.00"],"usdhk_price_49":["0.00"],"usdhk_price_99":["0.00"],"_uag_page_assets":["a:9:{s:3:\"css\";s:0:\"\";s:2:\"js\";s:0:\"\";s:18:\"current_block_list\";a:0:{}s:8:\"uag_flag\";b:0;s:11:\"uag_version\";s:10:\"1775212209\";s:6:\"gfonts\";a:0:{}s:10:\"gfonts_url\";s:0:\"\";s:12:\"gfonts_files\";a:0:{}s:14:\"uag_faq_layout\";b:0;}"],"hubwoo_ecomm_pro_id":["16465896277"],"_regular_price":["195.1","195.1"],"_price":["195.1","195.1"],"_max_variation_price":[""],"_max_variation_regular_price":[""],"_max_variation_sale_price":[""],"_min_variation_price":[""],"_min_variation_regular_price":[""],"_min_variation_sale_price":[""],"_sale_price":[""],"_wc_pb_base_regular_price":[""],"_wc_pb_base_sale_price":[""],"_wc_pb_base_price":[""],"_wc_sw_max_price":[""],"_wc_sw_max_regular_price":[""],"_wc_rating_count":[""]},"uagb_featured_image_src":{"full":["https:\/\/praxas.com\/wp-content\/uploads\/EL-IOT-CO2-Front.png",800,463,false],"thumbnail":["https:\/\/praxas.com\/wp-content\/uploads\/EL-IOT-CO2-Front-150x150.png",150,150,true],"medium":["https:\/\/praxas.com\/wp-content\/uploads\/EL-IOT-CO2-Front-300x174.png",300,174,true],"medium_large":["https:\/\/praxas.com\/wp-content\/uploads\/EL-IOT-CO2-Front-768x444.png",768,444,true],"large":["https:\/\/praxas.com\/wp-content\/uploads\/EL-IOT-CO2-Front.png",800,463,false],"1536x1536":["https:\/\/praxas.com\/wp-content\/uploads\/EL-IOT-CO2-Front.png",800,463,false],"2048x2048":["https:\/\/praxas.com\/wp-content\/uploads\/EL-IOT-CO2-Front.png",800,463,false],"crunchify-admin-post-featured-image":["https:\/\/praxas.com\/wp-content\/uploads\/EL-IOT-CO2-Front-120x69.png",120,69,true],"commercegurus-pdp-large":["https:\/\/praxas.com\/wp-content\/uploads\/EL-IOT-CO2-Front.png",800,463,false],"commercegurus-plp-mobile":["https:\/\/praxas.com\/wp-content\/uploads\/EL-IOT-CO2-Front-441x255.png",441,255,true],"cgkit_image_swatch":["https:\/\/praxas.com\/wp-content\/uploads\/EL-IOT-CO2-Front-100x100.png",100,100,true],"woocommerce_thumbnail":["https:\/\/praxas.com\/wp-content\/uploads\/EL-IOT-CO2-Front-300x174.png",300,174,true],"woocommerce_single":["https:\/\/praxas.com\/wp-content\/uploads\/EL-IOT-CO2-Front.png",800,463,false],"woocommerce_gallery_thumbnail":["https:\/\/praxas.com\/wp-content\/uploads\/EL-IOT-CO2-Front-150x87.png",150,87,true]},"uagb_author_info":{"display_name":"AndyS","author_link":"https:\/\/praxas.com\/es\/author\/"},"uagb_comment_info":0,"uagb_excerpt":"Registrador inal\u00e1mbrico de datos deCO2 y calidad del aire","_links":{"self":[{"href":"https:\/\/praxas.com\/es\/wp-json\/wp\/v2\/product\/32934","targetHints":{"allow":["GET"]}}],"collection":[{"href":"https:\/\/praxas.com\/es\/wp-json\/wp\/v2\/product"}],"about":[{"href":"https:\/\/praxas.com\/es\/wp-json\/wp\/v2\/types\/product"}],"wp:featuredmedia":[{"embeddable":true,"href":"https:\/\/praxas.com\/es\/wp-json\/wp\/v2\/media\/32935"}],"wp:attachment":[{"href":"https:\/\/praxas.com\/es\/wp-json\/wp\/v2\/media?parent=32934"}],"wp:term":[{"taxonomy":"product_brand","embeddable":true,"href":"https:\/\/praxas.com\/es\/wp-json\/wp\/v2\/product_brand?post=32934"},{"taxonomy":"product_cat","embeddable":true,"href":"https:\/\/praxas.com\/es\/wp-json\/wp\/v2\/product_cat?post=32934"},{"taxonomy":"product_tag","embeddable":true,"href":"https:\/\/praxas.com\/es\/wp-json\/wp\/v2\/product_tag?post=32934"}],"curies":[{"name":"wp","href":"https:\/\/api.w.org\/{rel}","templated":true}]}}