{"id":33244,"date":"2024-07-05T11:59:09","date_gmt":"2024-07-05T09:59:09","guid":{"rendered":"https:\/\/staging.praxas.com\/product\/sin%20categor\u00eda\/criocajas-10x10\/"},"modified":"2025-10-09T09:39:47","modified_gmt":"2025-10-09T07:39:47","slug":"criocajas-10x10","status":"publish","type":"product","link":"https:\/\/praxas.com\/es\/product\/refrigeracion_productos\/accesorios-es-3\/gradillas-cajas-y-crioviales\/criocajas-10x10\/","title":{"rendered":"Criocajas 10&#215;10"},"content":{"rendered":"<p>Las cajas Arctiko vienen en dos versiones diferentes. Nuestra separaci\u00f3n de 10\u00d710 proporciona una capacidad de almacenamiento de 100 muestras respectivamente. Con la caja de 10\u00d710, el objetivo es optimizar el almacenamiento de muestras y ofrecer m\u00e1s ventajas que con las cajas convencionales de 9\u00d79. Est\u00e1 fabricado con alta calidad y es perfecto para almacenarlo a corto o largo plazo. Las cajas est\u00e1n dise\u00f1adas para almacenar material biol\u00f3gico, c\u00e9lulas humanas o animales a temperaturas tan bajas como -150\u00b0C.<\/p>\n<ul>\n<li>23% de almacenamiento adicional<\/li>\n<li>Haz clic en sistema<\/li>\n<li>Capacidad para 100 muestras<\/li>\n<\/ul>\n<h2>Caracter\u00edsticas del producto<\/h2>\n<ul>\n<li>Aumenta la capacidad de almacenamiento<\/li>\n<li>Manejo seguro con cierre de clic<\/li>\n<li>C\u00f3digos num\u00e9ricos para una r\u00e1pida identificaci\u00f3n<\/li>\n<li>Tama\u00f1o est\u00e1ndar 130&#215;130 mm<\/li>\n<li>Diferentes alturas disponibles<\/li>\n<li>Base con 4 aberturas de ventilaci\u00f3n<\/li>\n<li>Autoclavable<\/li>\n<\/ul>\n<p>Nuestras cajas est\u00e1ndar de 10\u00d710 encajan perfectamente en varios sistemas de estanter\u00edas<\/p>\n<p>Talla:<\/p>\n<ul>\n<li>32 mm<\/li>\n<li>40 mm<\/li>\n<li>50 mm<\/li>\n<li>80 mm<\/li>\n<li>90 mm<\/li>\n<\/ul>\n<p><a href=\"https:\/\/arctiko.com\/wp-content\/uploads\/5082408-01-ukca-certifikate-pb75-pb96.pdf\" target=\"_blank\" rel=\"noopener\">Certificado UKCA para cajas de pl\u00e1stico PB75\/PB96<\/a><\/p>\n","protected":false},"excerpt":{"rendered":"<p>Mant\u00e9n seguras las muestras con las criocajas ARCTIKO<\/p>\n","protected":false},"featured_media":33238,"template":"","meta":{"_acf_changed":false,"content-type":"","_uag_custom_page_level_css":""},"product_brand":[],"product_cat":[1779,1777,1774],"product_tag":[2526],"class_list":{"0":"post-33244","1":"product","2":"type-product","3":"status-publish","4":"has-post-thumbnail","6":"product_cat-gradillas-cajas-y-crioviales","7":"product_cat-accesorios-es-3","8":"product_cat-refrigeracion_productos","9":"product_tag-arctiko-es","11":"first","12":"instock","13":"taxable","14":"shipping-taxable","15":"purchasable","16":"product-type-variable"},"bundled_by":[],"bundle_stock_status":"instock","bundle_stock_quantity":null,"bundle_virtual":false,"bundle_layout":"","bundle_add_to_cart_form_location":"","bundle_editable_in_cart":false,"bundle_sold_individually_context":"","bundle_item_grouping":"","bundle_min_size":"","bundle_max_size":"","bundle_price":[],"bundled_items":[],"bundle_sell_ids":[],"acf":[],"spectra_custom_meta":{"_product_attributes":["a:2:{s:16:\"pa_product-brand\";a:6:{s:4:\"name\";s:16:\"pa_product-brand\";s:5:\"value\";s:0:\"\";s:8:\"position\";i:0;s:10:\"is_visible\";i:1;s:12:\"is_variation\";i:0;s:11:\"is_taxonomy\";i:1;}s:7:\"pa_size\";a:6:{s:4:\"name\";s:7:\"pa_size\";s:5:\"value\";s:0:\"\";s:8:\"position\";i:1;s:10:\"is_visible\";i:1;s:12:\"is_variation\";i:1;s:11:\"is_taxonomy\";i:1;}}"],"attr_label_translations":["a:1:{s:2:\"es\";a:1:{s:4:\"size\";s:5:\"Talla\";}}"],"_wcml_average_rating":[null],"_wcml_review_count":[null],"_wcml_rating_count":[null],"_backorders":["no"],"_download_limit":["0"],"_download_expiry":["0"],"_downloadable":["no"],"_manage_stock":["no"],"_stock_status":["instock"],"_sold_individually":["no"],"_tax_class":[""],"_tax_status":["taxable"],"_virtual":["no"],"total_sales":["0"],"_price":["6","7"],"product_datasheet":[""],"_product_datasheet":["field_650ad7d6ea3a0"],"connectivity":[""],"_connectivity":["field_64dce263bb57c"],"brand":["Arctiko"],"_brand":["field_64ddf62ed2593"],"brand_image":[""],"_brand_image":["field_650c5e7c84cae"],"_specifications_table":["field_65044e1db92a8"],"_display_data_alarm":["field_667d647bcb066"],"_resources":["field_650849c6945ee"],"_accessories":["field_650849e6945f0"],"_faqs":["field_650859523d8d5"],"_calibration_suitable_ids_gb":["field_654b4c4acb54a"],"_calibration_suitable_ids_us":["field_654b4c56cb54b"],"_show_in_calibration_suitable":["field_654cfb691d345"],"_other_features":["field_668524f8c98a4"],"_shipping":["field_66852535c98a5"],"_refrigerant_cabinet":["field_66852557c98a6"],"_main_specifications":["field_66855b25b1245"],"_usd_price_4":["field_651570dcac479"],"_usd_price_9":["field_6515713eb4807"],"_usd_price_24":["field_65157141b4809"],"_usd_price_49":["field_65157140b4808"],"_usd_price_99":["field_6515715bb480a"],"_gbp_price_4":["field_6515716e83bfa"],"_gbp_price_9":["field_6515724783bfb"],"_gbp_price_24":["field_6515724b83bfc"],"_gbp_price_49":["field_6515725983bfd"],"_gbp_price_99":["field_6515725d83bfe"],"_usdhk_price_4":["field_6515726f83bff"],"_usdhk_price_9":["field_6515727c83c00"],"_usdhk_price_24":["field_6515728083c01"],"_usdhk_price_49":["field_6515728983c02"],"_usdhk_price_99":["field_6515728e83c03"],"stock_options":["In stock"],"_stock_options":["field_6544b605dc7f9"],"_top_nav_excluded":[""],"_cms_nav_minihome":[""],"wcml_sync_hash":["a:1:{s:15:\"postmeta_fields\";s:32:\"7e8a68188e0ade413100c1c59327e3be\";}"],"_thumbnail_id":["33238"],"_product_image_gallery":["33239,33240"],"_crosssell_ids":["a:0:{}"],"_wpml_word_count":["181"],"_last_translation_edit_mode":["translation-editor"],"hubwoo_ecomm_invalid_pro":["yes"],"_calibration":["field_66a0ddd599972"],"min_temp":[""],"max_temp":[""],"_min_temp":["field_67ea5eb4e0a77"],"_max_temp":["field_67ea5f81e0a79"],"rank_math_primary_product_cat":["531"],"_other_features_arctiko":["field_668524f8c98a4"],"resources":["<ul class=\"resources-list\">\n \t<li><img src=\"https:\/\/praxas.com\/wp-content\/uploads\/document-icon.png\" alt=\"Icono de documento\"><a href=\"https:\/\/arctiko.com\/wp-content\/uploads\/arctiko-cryo-boxes.pdf\" target=\"_blank\" rel=\"noopener\">Criocajas<\/a><\/li>\n \t<li><img src=\"https:\/\/praxas.com\/wp-content\/uploads\/document-icon.png\" alt=\"Icono de documento\"><a href=\"https:\/\/arctiko.com\/wp-content\/uploads\/arctiko-cryo-boxes.pdf\" target=\"_blank\" rel=\"noopener\">Certificado UKCA para cajas de pl\u00e1stico PB75\/PB96<\/a><\/li>\n<\/ul>"],"_uag_page_assets":["a:9:{s:3:\"css\";s:0:\"\";s:2:\"js\";s:0:\"\";s:18:\"current_block_list\";a:0:{}s:8:\"uag_flag\";b:0;s:11:\"uag_version\";s:10:\"1777885450\";s:6:\"gfonts\";a:0:{}s:10:\"gfonts_url\";s:0:\"\";s:12:\"gfonts_files\";a:0:{}s:14:\"uag_faq_layout\";b:0;}"],"_max_variation_price":[""],"_max_variation_regular_price":[""],"_max_variation_sale_price":[""],"_min_variation_price":[""],"_min_variation_regular_price":[""],"_min_variation_sale_price":[""],"_regular_price":[""],"_sale_price":[""],"_wc_pb_base_regular_price":[""],"_wc_pb_base_sale_price":[""],"_wc_pb_base_price":[""],"_wc_sw_max_price":[""],"_wc_sw_max_regular_price":[""],"_wc_rating_count":[""],"_wc_review_count":[""],"_wc_average_rating":[0]},"uagb_featured_image_src":{"full":["https:\/\/praxas.com\/wp-content\/uploads\/P1013837-transparent-800x463-1.jpg",800,463,false],"thumbnail":["https:\/\/praxas.com\/wp-content\/uploads\/P1013837-transparent-800x463-1-150x150.jpg",150,150,true],"medium":["https:\/\/praxas.com\/wp-content\/uploads\/P1013837-transparent-800x463-1-300x174.jpg",300,174,true],"medium_large":["https:\/\/praxas.com\/wp-content\/uploads\/P1013837-transparent-800x463-1-768x444.jpg",768,444,true],"large":["https:\/\/praxas.com\/wp-content\/uploads\/P1013837-transparent-800x463-1.jpg",800,463,false],"1536x1536":["https:\/\/praxas.com\/wp-content\/uploads\/P1013837-transparent-800x463-1.jpg",800,463,false],"2048x2048":["https:\/\/praxas.com\/wp-content\/uploads\/P1013837-transparent-800x463-1.jpg",800,463,false],"crunchify-admin-post-featured-image":["https:\/\/praxas.com\/wp-content\/uploads\/P1013837-transparent-800x463-1-120x69.jpg",120,69,true],"commercegurus-pdp-large":["https:\/\/praxas.com\/wp-content\/uploads\/P1013837-transparent-800x463-1.jpg",800,463,false],"commercegurus-plp-mobile":["https:\/\/praxas.com\/wp-content\/uploads\/P1013837-transparent-800x463-1-441x255.jpg",441,255,true],"cgkit_image_swatch":["https:\/\/praxas.com\/wp-content\/uploads\/P1013837-transparent-800x463-1-100x100.jpg",100,100,true],"woocommerce_thumbnail":["https:\/\/praxas.com\/wp-content\/uploads\/P1013837-transparent-800x463-1-350x203.jpg",350,203,true],"woocommerce_single":["https:\/\/praxas.com\/wp-content\/uploads\/P1013837-transparent-800x463-1.jpg",800,463,false],"woocommerce_gallery_thumbnail":["https:\/\/praxas.com\/wp-content\/uploads\/P1013837-transparent-800x463-1-150x87.jpg",150,87,true]},"uagb_author_info":{"display_name":"Alex James","author_link":"https:\/\/praxas.com\/es\/author\/"},"uagb_comment_info":0,"uagb_excerpt":"Mant\u00e9n seguras las muestras con las criocajas ARCTIKO","_links":{"self":[{"href":"https:\/\/praxas.com\/es\/wp-json\/wp\/v2\/product\/33244","targetHints":{"allow":["GET"]}}],"collection":[{"href":"https:\/\/praxas.com\/es\/wp-json\/wp\/v2\/product"}],"about":[{"href":"https:\/\/praxas.com\/es\/wp-json\/wp\/v2\/types\/product"}],"wp:featuredmedia":[{"embeddable":true,"href":"https:\/\/praxas.com\/es\/wp-json\/wp\/v2\/media\/33238"}],"wp:attachment":[{"href":"https:\/\/praxas.com\/es\/wp-json\/wp\/v2\/media?parent=33244"}],"wp:term":[{"taxonomy":"product_brand","embeddable":true,"href":"https:\/\/praxas.com\/es\/wp-json\/wp\/v2\/product_brand?post=33244"},{"taxonomy":"product_cat","embeddable":true,"href":"https:\/\/praxas.com\/es\/wp-json\/wp\/v2\/product_cat?post=33244"},{"taxonomy":"product_tag","embeddable":true,"href":"https:\/\/praxas.com\/es\/wp-json\/wp\/v2\/product_tag?post=33244"}],"curies":[{"name":"wp","href":"https:\/\/api.w.org\/{rel}","templated":true}]}}