{"id":33318,"date":"2024-07-04T15:46:24","date_gmt":"2024-07-04T13:46:24","guid":{"rendered":"https:\/\/staging.praxas.com\/product\/sin%20categor\u00eda\/congelador-pequeno-de-sobremesa-uluf-p50\/"},"modified":"2026-01-19T13:04:42","modified_gmt":"2026-01-19T12:04:42","slug":"congelador-pequeno-de-sobremesa-uluf-p50","status":"publish","type":"product","link":"https:\/\/praxas.com\/es\/product\/refrigeracion_productos\/congeladores-de-baja-temperatura\/congelador-pequeno-de-sobremesa-uluf-p50\/","title":{"rendered":"Congelador peque\u00f1o de sobremesa ULUF P50"},"content":{"rendered":"<p>El congelador compacto permite un acceso f\u00e1cil a las muestras y ofrece oportunidades flexibles al usuario en el lugar de trabajo. Esta gama de congeladores compactos es ideal para colocarlos debajo o sobre tu mesa\/mostrador, o cerca de tus puestos de trabajo. Con la verdadera y original tecnolog\u00eda de compresor \u00fanico de ARCTIKO, tienes garantizada una uniformidad de temperatura superior y un rendimiento de refrigeraci\u00f3n extraordinario, lo que te da tiempo para centrarte en tu investigaci\u00f3n. En definitiva, una soluci\u00f3n extremadamente fiable para la investigaci\u00f3n de laboratorio cuando el espacio de tu laboratorio o cl\u00ednica es demasiado peque\u00f1o para un congelador ULT de tama\u00f1o completo.<\/p>\n<ul>\n<li>Extraordinario rendimiento de refrigeraci\u00f3n con el verdadero y \u00fanico sistema de refrigeraci\u00f3n \u00fanico y refrigerante natural con GWP (potencial de calentamiento global) ultrabajo<\/li>\n<li>El dise\u00f1o compacto que ahorra espacio convierte a los ULT bajo mostrador en la soluci\u00f3n de almacenamiento perfecta para laboratorios con espacio limitado<\/li>\n<li>La tecnolog\u00eda de compresor \u00fanico, con una estructura sencilla, garantiza un mantenimiento f\u00e1cil, una menor disipaci\u00f3n del calor, un bajo consumo de energ\u00eda y una reducci\u00f3n del ruido para un entorno de trabajo agradable<\/li>\n<li>Refrigeraci\u00f3n directa para optimizar la estabilidad y uniformidad de la temperatura, incluso con varias aperturas de puerta<\/li>\n<li>El marco calefactado de la puerta evita que se acumule hielo alrededor de la junta, asegurando una temperatura estable y uniforme en el interior del congelador<\/li>\n<li>Bajo consumo de energ\u00eda gracias al modo ECO y a los paneles ultraeficientes aislados al vac\u00edo<\/li>\n<li>Sistema controlador de reserva de CO2 incorporado para mayor seguridad de tus valiosas muestras<\/li>\n<li>Funci\u00f3n de autodiagn\u00f3stico para garantizar que tu sistema de alarma funciona siempre correctamente<\/li>\n<\/ul>\n","protected":false},"excerpt":{"rendered":"<ul class=\"small d-none d-sm-block ulnoindent\">\n<li>-25 \u00b0C \/ -86 \u00b0C<\/li>\n<li>Modelo compacto ULT &#8211; 50 L<\/li>\n<li class=\"fLight\">Excelente rendimiento de refrigeraci\u00f3n<\/li>\n<li>Ahorro de espacio<\/li>\n<li>Tecnolog\u00eda de compresor \u00fanico<\/li>\n<li>Marco de puerta calefactado<\/li>\n<li>Bajo consumo de energ\u00eda<\/li>\n<\/ul>\n","protected":false},"featured_media":33319,"template":"","meta":{"_acf_changed":false,"content-type":"","_uag_custom_page_level_css":""},"product_brand":[],"product_cat":[1795,1796,1774],"product_tag":[2526,3867,2638],"class_list":{"0":"post-33318","1":"product","2":"type-product","3":"status-publish","4":"has-post-thumbnail","6":"product_cat-congeladores-de-baja-temperatura","7":"product_cat-congeladores-de-temperatura-ultrabaja-86c","8":"product_cat-refrigeracion_productos","9":"product_tag-arctiko-es","10":"product_tag-bajo-encimera","11":"product_tag-congelador","12":"product_shipping_class-pesado","14":"first","15":"instock","16":"taxable","17":"shipping-taxable","18":"purchasable","19":"product-type-simple"},"bundled_by":[],"bundle_stock_status":"instock","bundle_stock_quantity":null,"bundle_virtual":false,"bundle_layout":"","bundle_add_to_cart_form_location":"","bundle_editable_in_cart":false,"bundle_sold_individually_context":"","bundle_item_grouping":"","bundle_min_size":"","bundle_max_size":"","bundle_price":[],"bundled_items":[],"bundle_sell_ids":[],"acf":[],"spectra_custom_meta":{"_wcml_average_rating":[null],"_wcml_review_count":[null],"_wcml_rating_count":[null],"_backorders":["no"],"_download_limit":["0"],"_download_expiry":["0"],"_downloadable":["no"],"_manage_stock":["no"],"_sku":["DAI 1825 \/ 1000013"],"_stock_status":["instock"],"_sold_individually":["no"],"_tax_class":[""],"_tax_status":["taxable"],"_virtual":["no"],"_weight":["108"],"_width":["75"],"_height":["103"],"_length":["83"],"total_sales":["0"],"product_datasheet":[""],"_product_datasheet":["field_650ad7d6ea3a0"],"connectivity":[""],"_connectivity":["field_64dce263bb57c"],"brand":["Arctiko"],"_brand":["field_64ddf62ed2593"],"brand_image":[""],"_brand_image":["field_650c5e7c84cae"],"_specifications_table":["field_65044e1db92a8"],"_display_data_alarm":["field_667d647bcb066"],"_resources":["field_650849c6945ee"],"_accessories":["field_650849e6945f0"],"_faqs":["field_650859523d8d5"],"_calibration_suitable_ids_gb":["field_654b4c4acb54a"],"_calibration_suitable_ids_us":["field_654b4c56cb54b"],"_show_in_calibration_suitable":["field_654cfb691d345"],"_shipping":["field_66852535c98a5"],"_refrigerant_cabinet":["field_66852557c98a6"],"_main_specifications":["field_66855b25b1245"],"_usd_price_4":["field_651570dcac479"],"_usd_price_9":["field_6515713eb4807"],"_usd_price_24":["field_65157141b4809"],"_usd_price_49":["field_65157140b4808"],"_usd_price_99":["field_6515715bb480a"],"_gbp_price_4":["field_6515716e83bfa"],"_gbp_price_9":["field_6515724783bfb"],"_gbp_price_24":["field_6515724b83bfc"],"_gbp_price_49":["field_6515725983bfd"],"_gbp_price_99":["field_6515725d83bfe"],"_usdhk_price_4":["field_6515726f83bff"],"_usdhk_price_9":["field_6515727c83c00"],"_usdhk_price_24":["field_6515728083c01"],"_usdhk_price_49":["field_6515728983c02"],"_usdhk_price_99":["field_6515728e83c03"],"stock_options":["In stock"],"_stock_options":["field_6544b605dc7f9"],"_top_nav_excluded":[""],"_cms_nav_minihome":[""],"wcml_sync_hash":["a:1:{s:15:\"postmeta_fields\";s:32:\"f74752b4ecbbf14061087e4d30e8089d\";}"],"attr_label_translations":["a:0:{}"],"_product_attributes":["a:4:{s:16:\"pa_product-brand\";a:6:{s:4:\"name\";s:16:\"pa_product-brand\";s:5:\"value\";s:0:\"\";s:8:\"position\";i:0;s:10:\"is_visible\";i:1;s:12:\"is_variation\";i:0;s:11:\"is_taxonomy\";i:1;}s:19:\"pa_product-features\";a:6:{s:4:\"name\";s:19:\"pa_product-features\";s:5:\"value\";s:0:\"\";s:8:\"position\";i:1;s:10:\"is_visible\";i:1;s:12:\"is_variation\";i:0;s:11:\"is_taxonomy\";i:1;}s:11:\"pa_capacity\";a:6:{s:4:\"name\";s:11:\"pa_capacity\";s:5:\"value\";s:0:\"\";s:8:\"position\";i:2;s:10:\"is_visible\";i:1;s:12:\"is_variation\";i:0;s:11:\"is_taxonomy\";i:1;}s:14:\"pa_temperature\";a:6:{s:4:\"name\";s:14:\"pa_temperature\";s:5:\"value\";s:0:\"\";s:8:\"position\";i:3;s:10:\"is_visible\";i:1;s:12:\"is_variation\";i:0;s:11:\"is_taxonomy\";i:1;}}"],"_product_image_gallery":["33320,33321,33322,33323,33324,33325,33326,33327,33328"],"_thumbnail_id":["33319"],"_last_translation_edit_mode":["translation-editor"],"_calibration":["field_66a0ddd599972"],"hubwoo_ecomm_pro_id":["20740522603"],"_wpml_word_count":["351"],"min_temp":["-86"],"max_temp":["-25"],"_min_temp":["field_67ea5eb4e0a77"],"_max_temp":["field_67ea5f81e0a79"],"rank_math_primary_product_cat":["417"],"_other_features_arctiko":["field_668524f8c98a4"],"shipping":["<table class=\"specifications\">\n<tbody>\n<tr>\n<td class=\"left-td\">Peso de env\u00edo (KG)<\/td>\n<td>108<\/td>\n<\/tr>\n<tr>\n<td class=\"left-td\">Dimensiones de env\u00edo A x P x A (cm)<\/td>\n<td>83 x 75 x 103<\/td>\n<\/tr>\n<tr>\n<td class=\"left-td\">Volumen de env\u00edo (M\u00b3)<\/td>\n<td>0.64<\/td>\n<\/tr>\n<\/tbody>\n<\/table>"],"_regular_price":["7895"],"_price":["7895"],"_other_features":["field_686fa2aa98dce"],"rank_math_description":["Explora el Congelador ULUF P50 ULT. Dise\u00f1ado para ofrecer precisi\u00f3n y fiabilidad, este congelador garantiza unas condiciones de almacenamiento \u00f3ptimas para las muestras valiosas."],"rank_math_focus_keyword":["Congelador, Congelador de temperatura ultra baja, Congelador compacto de temperatura ultra baja"],"_crosssell_ids":["a:1:{i:0;i:20534;}"],"display_data_alarm":["<table class=\"specifications\">\n<tbody>\n<tr>\n<td class=\"left-td\">Visualizaci\u00f3n de Alarma Como Texto - No C\u00f3digos<\/td>\n<td>S\u00ed<\/td>\n<\/tr>\n<tr>\n<td class=\"left-td\">Alarma Visual \/ Ac\u00fastica<\/td>\n<td>S\u00ed \/ S\u00ed<\/td>\n<\/tr>\n<tr>\n<td class=\"left-td\">Alarma de fallo de alimentaci\u00f3n<\/td>\n<td>S\u00ed<\/td>\n<\/tr>\n<tr>\n<td class=\"left-td\">Alarma ajustable de temperatura alta\/baja<\/td>\n<td>S\u00ed \/ S\u00ed<\/td>\n<\/tr>\n<tr>\n<td class=\"left-td\">Alarma de puerta abierta<\/td>\n<td>S\u00ed<\/td>\n<\/tr>\n<tr>\n<td class=\"left-td\">Alarma de fallo de sonda<\/td>\n<td>S\u00ed<\/td>\n<\/tr>\n<tr>\n<td class=\"left-td\">Alarma de bater\u00eda baja<\/td>\n<td>S\u00ed<\/td>\n<\/tr>\n<tr>\n<td class=\"left-td\">Alarma de fallo del compresor<\/td>\n<td>No<\/td>\n<\/tr>\n<tr>\n<td class=\"left-td\">Contacto sin tensi\u00f3n para alarma remota (por ejemplo, m\u00f3dulo de alarma GSM)<\/td>\n<td>S\u00ed<\/td>\n<\/tr>\n<tr>\n<td class=\"left-td\">Registrador electr\u00f3nico de datos<\/td>\n<td>S\u00ed<\/td>\n<\/tr>\n<tr>\n<td class=\"left-td\">Puerto RS 485<\/td>\n<td>Opcional<\/td>\n<\/tr>\n<tr>\n<td class=\"left-td\">Puerto USB para actualizaci\u00f3n de software y descarga de datos<\/td>\n<td>S\u00ed<\/td>\n<\/tr>\n<tr>\n<td class=\"left-td\">Registrador gr\u00e1fico de temperatura<\/td>\n<td>Opcional (montaje externo)<\/td>\n<\/tr>\n<tr>\n<td class=\"left-td\">Tipo de pantalla<\/td>\n<td>4,2\" con botones t\u00e1ctiles<\/td>\n<\/tr>\n<tr>\n<td class=\"left-td\">N\u00famero De Sondas De Referencia Opcionales<\/td>\n<td>1<\/td>\n<\/tr>\n<tr>\n<td class=\"left-td\">Protecci\u00f3n por contrase\u00f1a para encender\/apagar<\/td>\n<td>S\u00ed<\/td>\n<\/tr>\n<tr>\n<td class=\"left-td\">Gr\u00e1fico de temperatura en pantalla<\/td>\n<td>S\u00ed<\/td>\n<\/tr>\n<\/tbody>\n<\/table>"],"resources":["<ul class=\"resources-list\">\n \t<li><img src=\"https:\/\/praxas.com\/wp-content\/uploads\/document-icon.png\" alt=\"Icono de documento\"><a href=\"https:\/\/arctiko.com\/wp-content\/uploads\/product-datasheet_2022_uluf-p50_04-09-22.pdf\" target=\"_blank\" rel=\"noopener\">Ficha t\u00e9cnica del producto ULUF P50<\/a><\/li>\n \t<li><img src=\"https:\/\/praxas.com\/wp-content\/uploads\/document-icon.png\" alt=\"Icono de documento\"><a href=\"https:\/\/arctiko.com\/wp-content\/uploads\/5080065-09-gb-operating-instructions-uluf-p10_p50_p90.pdf\" target=\"_blank\" rel=\"noopener\">Instrucciones de uso Integraline ULUF P10 P50 P90<\/a><\/li>\n \t<li><img src=\"https:\/\/praxas.com\/wp-content\/uploads\/document-icon.png\" alt=\"Icono de documento\"><a href=\"https:\/\/arctiko.com\/wp-content\/uploads\/5086106-01-wiring-diagram-for-uluf-p50.pdf\" target=\"_blank\" rel=\"noopener\">Esquema el\u00e9ctrico ULUF P50<\/a><\/li>\n \t<li><img src=\"https:\/\/praxas.com\/wp-content\/uploads\/document-icon.png\" alt=\"Icono de documento\"><a href=\"https:\/\/arctiko.com\/wp-content\/uploads\/5088169-01-dimension-drawing-uluf-p50.pdf\" target=\"_blank\" rel=\"noopener\">Plano de dimensiones ULUF P50<\/a><\/li>\n \t<li><img src=\"https:\/\/praxas.com\/wp-content\/uploads\/document-icon.png\" alt=\"Icono de documento\"><a href=\"https:\/\/arctiko.com\/wp-content\/uploads\/5082533-02-gb-safety-data-sheet-for-nature-r-86c.pdf\" target=\"_blank\" rel=\"noopener\">Ficha de seguridad NatureR<\/a><\/li>\n \t<li><img src=\"https:\/\/praxas.com\/wp-content\/uploads\/document-icon.png\" alt=\"Icono de documento\"><a href=\"https:\/\/arctiko.com\/wp-content\/uploads\/5082163-03-ce-certifikat-integra-uluf-p10_50_90.pdf\" target=\"_blank\" rel=\"noopener\">Certificado CE Integraline ULUF P10\/P50\/P90\/a><\/a><\/li>\n \t<li><img src=\"https:\/\/praxas.com\/wp-content\/uploads\/document-icon.png\" alt=\"Icono de documento\"><a href=\"\/wp-content\/uploads\/2022-certifikat-iso-9001-arctiko-as.pdf\" target=\"_blank\" rel=\"noopener\">ISO 9001<\/a><\/li>\n \t<li><img src=\"https:\/\/praxas.com\/wp-content\/uploads\/document-icon.png\" alt=\"Icono de documento\"><a href=\"https:\/\/arctiko.com\/wp-content\/uploads\/5082203-01-ukca-certificate-uluf-p50.pdf\" target=\"_blank\" rel=\"noopener\">Certificado UKCA ULUF P50<\/a><\/li>\n<\/ul>"],"other_features":["<table class=\"specifications\">\n<tbody>\n<tr>\n<td class=\"left-td\">Desescarche autom\u00e1tico<\/td>\n<td>No<\/td>\n<\/tr>\n<tr>\n<td class=\"left-td\">Funci\u00f3n anticongelante<\/td>\n<td>No<\/td>\n<\/tr>\n<tr>\n<td class=\"left-td\">Puerto de liberaci\u00f3n de vac\u00edo<\/td>\n<td>S\u00ed<\/td>\n<\/tr>\n<tr>\n<td class=\"left-td\">Puerto de acceso para sonda externa, etc. (Di\u00e1metro int. mm)<\/td>\n<td>S\u00ed (12)<\/td>\n<\/tr>\n<tr>\n<td class=\"left-td\">Luz<\/td>\n<td>No<\/td>\n<\/tr>\n<tr>\n<td class=\"left-td\">Cerradura con llave<\/td>\n<td>S\u00ed<\/td>\n<\/tr>\n<tr>\n<td class=\"left-td\">Ruedas (Total Piezas) \/ Ruedas Con Freno (Piezas)<\/td>\n<td>2 Rodillos \/ Opcional<\/td>\n<\/tr>\n<tr>\n<td class=\"left-td\">Pies Fijos (uds.) \/ Pies Niveladores (uds.)<\/td>\n<td>0 \/ 2<\/td>\n<\/tr>\n<tr>\n<td class=\"left-td\">Subtapas O Puertas Interiores (uds.)<\/td>\n<td>No<\/td>\n<\/tr>\n<tr>\n<td class=\"left-td\">Puertas Reversibles (uds.)<\/td>\n<td>No<\/td>\n<\/tr>\n<tr>\n<td class=\"left-td\">Estantes Fijos (Uds.) \/ Estantes Ajustables (Uds.)<\/td>\n<td>No<\/td>\n<\/tr>\n<tr>\n<td class=\"left-td\">M\u00e1x. No. De Estantes (Uds.) \/ Max. Recomendado No. De Estantes (uds.)<\/td>\n<td>No<\/td>\n<\/tr>\n<tr>\n<td class=\"left-td\">Carga m\u00e1xima por balda (Kg)<\/td>\n<td>No<\/td>\n<\/tr>\n<tr>\n<td class=\"left-td\">Cajones regulables (piezas)<\/td>\n<td>No<\/td>\n<\/tr>\n<tr>\n<td class=\"left-td\">M\u00e1x. No. De Cajones Ajustables (uds.)<\/td>\n<td>No<\/td>\n<\/tr>\n<tr>\n<td class=\"left-td\">M\u00e1x. Carga por caj\u00f3n ajustable (Kg)<\/td>\n<td>No<\/td>\n<\/tr>\n<tr>\n<td class=\"left-td\">M\u00e1x. No. De bolsas de sangre - Por n.\u00ba est\u00e1ndar De Adj. Cajones (uds.)<\/td>\n<td>No<\/td>\n<\/tr>\n<tr>\n<td class=\"left-td\">M\u00e1x. No. De Bolsas de Sangre - Por Max. No. De Adj. Cajones (uds.)<\/td>\n<td>No<\/td>\n<\/tr>\n<tr>\n<td class=\"left-td\">Cesta (piezas)<\/td>\n<td>No<\/td>\n<\/tr>\n<tr>\n<td class=\"left-td\">M\u00e1x. No. De cestas (uds.)<\/td>\n<td>No<\/td>\n<\/tr>\n<tr>\n<td class=\"left-td\">M\u00e1x. Carga por cesta (Kg)<\/td>\n<td>No<\/td>\n<\/tr>\n<tr>\n<td class=\"left-td\">Capacidad Total De Cajas De 50 Mm Separadores 9x9 (Uds.)<\/td>\n<td>30<\/td>\n<\/tr>\n<tr>\n<td class=\"left-td\">Capacidad Total De 75 Mm Cajas Separadores 9x9 (Uds.)<\/td>\n<td>18<\/td>\n<\/tr>\n<tr>\n<td class=\"left-td\">Capacidad Total De Cajas De 96 Mm Separadores 9x9 (Uds.)<\/td>\n<td>12<\/td>\n<\/tr>\n<\/tbody>\n<\/table>"],"refrigerant_cabinet":["<table class=\"specifications\">\n<tbody>\n<tr>\n<td class=\"left-td\">N\u00famero de compresores<\/td>\n<td>1<\/td>\n<\/tr>\n<tr>\n<td class=\"left-td\">Refrigerante<\/td>\n<td>Naturaleza R<\/td>\n<\/tr>\n<tr>\n<td class=\"left-td\">Material del armario interior<\/td>\n<td>Acero inoxidable<\/td>\n<\/tr>\n<tr>\n<td class=\"left-td\">Material exterior del armario<\/td>\n<td>Acero pintado<\/td>\n<\/tr>\n<tr>\n<td class=\"left-td\">Color (armario exterior)<\/td>\n<td>Blanco<\/td>\n<\/tr>\n<tr>\n<td class=\"left-td\">Agente espumante<\/td>\n<td>Poliuretano<\/td>\n<\/tr>\n<tr>\n<td class=\"left-td\">Paneles VIP aislados al vac\u00edo<\/td>\n<td>S\u00ed<\/td>\n<\/tr>\n<\/tbody>\n<\/table>"],"main_specifications":["<table class=\"specifications\">\n<tbody>\n<tr>\n<td class=\"left-td\">C\u00f3digo del art\u00edculo<\/td>\n<td>Dai 1825 \/ 1000013<\/td>\n<\/tr>\n<tr>\n<td class=\"left-td\">Rango de temperatura (\u00b0C)<\/td>\n<td>-25 \/ -86 \u00b0C<\/td>\n<\/tr>\n<tr>\n<td class=\"left-td\">M\u00e1x. Temperatura ambiente (\u00b0C)<\/td>\n<td>+25 \u00b0C<\/td>\n<\/tr>\n<tr>\n<td class=\"left-td\">Capacidad (L)<\/td>\n<td>50<\/td>\n<\/tr>\n<tr>\n<td class=\"left-td\">Dimensiones exteriores AnxPrxAl (mm)<\/td>\n<td>657 x 778 x 836<\/td>\n<\/tr>\n<tr>\n<td class=\"left-td\">Dimensiones interiores AnxPrxAl (mm)<\/td>\n<td>357 x 443 x 307<\/td>\n<\/tr>\n<tr>\n<td class=\"left-td\">Peso (KG)<\/td>\n<td>82<\/td>\n<\/tr>\n<tr>\n<td class=\"left-td\">Aislamiento (mm)<\/td>\n<td>120<\/td>\n<\/tr>\n<tr>\n<td class=\"left-td\">Tecnolog\u00eda de refrigeraci\u00f3n<\/td>\n<td>Sistema \u00fanico \/ Refrigeraci\u00f3n est\u00e1tica<\/td>\n<\/tr>\n<tr>\n<td class=\"left-td\">Modelo de controlador \/ Tipo de sonda<\/td>\n<td>ARCTIKO V500\/V700\u00ae \/ Pt 100<\/td>\n<\/tr>\n<tr>\n<td class=\"left-td\">Alimentaci\u00f3n (V)<\/td>\n<td>230<\/td>\n<\/tr>\n<tr>\n<td class=\"left-td\">Frecuencia (Hz)<\/td>\n<td>50 \/ 60<\/td>\n<\/tr>\n<tr>\n<td class=\"left-td\">Consumo de energ\u00eda (KWH\/24H)<\/td>\n<td>5.9<\/td>\n<\/tr>\n<tr>\n<td class=\"left-td\">AMP (A)<\/td>\n<td>3.0<\/td>\n<\/tr>\n<tr>\n<td class=\"left-td\">Potencia (vatios)<\/td>\n<td>420<\/td>\n<\/tr>\n<tr>\n<td class=\"left-td\">Potencia en caballos (CV)<\/td>\n<td>1\/2<\/td>\n<\/tr>\n<\/tbody>\n<\/table>"],"other_features_arctiko":["<table class=\"specifications\">\n<tbody>\n<tr>\n<td class=\"left-td\">Desescarche autom\u00e1tico<\/td>\n<td>No<\/td>\n<\/tr>\n<tr>\n<td class=\"left-td\">Funci\u00f3n anticongelante<\/td>\n<td>No<\/td>\n<\/tr>\n<tr>\n<td class=\"left-td\">Puerto de liberaci\u00f3n de vac\u00edo<\/td>\n<td>S\u00ed<\/td>\n<\/tr>\n<tr>\n<td class=\"left-td\">Puerto de acceso para sonda externa, etc. (Di\u00e1metro int. mm)<\/td>\n<td>S\u00ed (12)<\/td>\n<\/tr>\n<tr>\n<td class=\"left-td\">Luz<\/td>\n<td>No<\/td>\n<\/tr>\n<tr>\n<td class=\"left-td\">Cerradura con llave<\/td>\n<td>S\u00ed<\/td>\n<\/tr>\n<tr>\n<td class=\"left-td\">Ruedas (Total Piezas) \/ Ruedas Con Freno (Piezas)<\/td>\n<td>2 Rodillos \/ Opcional<\/td>\n<\/tr>\n<tr>\n<td class=\"left-td\">Pies Fijos (uds.) \/ Pies Niveladores (uds.)<\/td>\n<td>0 \/ 2<\/td>\n<\/tr>\n<tr>\n<td class=\"left-td\">Subtapas O Puertas Interiores (uds.)<\/td>\n<td>No<\/td>\n<\/tr>\n<tr>\n<td class=\"left-td\">Puertas Reversibles (uds.)<\/td>\n<td>No<\/td>\n<\/tr>\n<tr>\n<td class=\"left-td\">Estantes Fijos (Uds.) \/ Estantes Ajustables (Uds.)<\/td>\n<td>No<\/td>\n<\/tr>\n<tr>\n<td class=\"left-td\">M\u00e1x. No. De Estantes (Uds.) \/ Max. Recomendado No. De Estantes (uds.)<\/td>\n<td>No<\/td>\n<\/tr>\n<tr>\n<td class=\"left-td\">Carga m\u00e1xima por balda (Kg)<\/td>\n<td>No<\/td>\n<\/tr>\n<tr>\n<td class=\"left-td\">Cajones regulables (piezas)<\/td>\n<td>No<\/td>\n<\/tr>\n<tr>\n<td class=\"left-td\">M\u00e1x. No. De Cajones Ajustables (uds.)<\/td>\n<td>No<\/td>\n<\/tr>\n<tr>\n<td class=\"left-td\">M\u00e1x. Carga por caj\u00f3n ajustable (Kg)<\/td>\n<td>No<\/td>\n<\/tr>\n<tr>\n<td class=\"left-td\">M\u00e1x. No. De bolsas de sangre - Por n.\u00ba est\u00e1ndar De Adj. Cajones (uds.)<\/td>\n<td>No<\/td>\n<\/tr>\n<tr>\n<td class=\"left-td\">M\u00e1x. No. De Bolsas de Sangre - Por Max. No. De Adj. Cajones (uds.)<\/td>\n<td>No<\/td>\n<\/tr>\n<tr>\n<td class=\"left-td\">Cesta (piezas)<\/td>\n<td>No<\/td>\n<\/tr>\n<tr>\n<td class=\"left-td\">M\u00e1x. No. De cestas (uds.)<\/td>\n<td>No<\/td>\n<\/tr>\n<tr>\n<td class=\"left-td\">M\u00e1x. Carga por cesta (Kg)<\/td>\n<td>No<\/td>\n<\/tr>\n<tr>\n<td class=\"left-td\">Capacidad Total De Cajas De 50 Mm Separadores 9x9 (Uds.)<\/td>\n<td>30<\/td>\n<\/tr>\n<tr>\n<td class=\"left-td\">Capacidad Total De 75 Mm Cajas Separadores 9x9 (Uds.)<\/td>\n<td>18<\/td>\n<\/tr>\n<tr>\n<td class=\"left-td\">Capacidad Total De Cajas De 96 Mm Separadores 9x9 (Uds.)<\/td>\n<td>12<\/td>\n<\/tr>\n<\/tbody>\n<\/table>"],"_uag_page_assets":["a:9:{s:3:\"css\";s:0:\"\";s:2:\"js\";s:0:\"\";s:18:\"current_block_list\";a:0:{}s:8:\"uag_flag\";b:0;s:11:\"uag_version\";s:10:\"1777885450\";s:6:\"gfonts\";a:0:{}s:10:\"gfonts_url\";s:0:\"\";s:12:\"gfonts_files\";a:0:{}s:14:\"uag_faq_layout\";b:0;}"],"_max_variation_price":[""],"_max_variation_regular_price":[""],"_max_variation_sale_price":[""],"_min_variation_price":[""],"_min_variation_regular_price":[""],"_min_variation_sale_price":[""],"_sale_price":[""],"_wc_pb_base_regular_price":[""],"_wc_pb_base_sale_price":[""],"_wc_pb_base_price":[""],"_wc_sw_max_price":[""],"_wc_sw_max_regular_price":[""],"_wc_rating_count":[""],"_wc_review_count":[""],"_wc_average_rating":[0]},"uagb_featured_image_src":{"full":["https:\/\/praxas.com\/wp-content\/uploads\/ULUF-P50-Right-Facing-Pixels-800x463-2.jpg",800,463,false],"thumbnail":["https:\/\/praxas.com\/wp-content\/uploads\/ULUF-P50-Right-Facing-Pixels-800x463-2-150x150.jpg",150,150,true],"medium":["https:\/\/praxas.com\/wp-content\/uploads\/ULUF-P50-Right-Facing-Pixels-800x463-2-300x174.jpg",300,174,true],"medium_large":["https:\/\/praxas.com\/wp-content\/uploads\/ULUF-P50-Right-Facing-Pixels-800x463-2-768x444.jpg",768,444,true],"large":["https:\/\/praxas.com\/wp-content\/uploads\/ULUF-P50-Right-Facing-Pixels-800x463-2.jpg",800,463,false],"1536x1536":["https:\/\/praxas.com\/wp-content\/uploads\/ULUF-P50-Right-Facing-Pixels-800x463-2.jpg",800,463,false],"2048x2048":["https:\/\/praxas.com\/wp-content\/uploads\/ULUF-P50-Right-Facing-Pixels-800x463-2.jpg",800,463,false],"crunchify-admin-post-featured-image":["https:\/\/praxas.com\/wp-content\/uploads\/ULUF-P50-Right-Facing-Pixels-800x463-2-120x69.jpg",120,69,true],"commercegurus-pdp-large":["https:\/\/praxas.com\/wp-content\/uploads\/ULUF-P50-Right-Facing-Pixels-800x463-2.jpg",800,463,false],"commercegurus-plp-mobile":["https:\/\/praxas.com\/wp-content\/uploads\/ULUF-P50-Right-Facing-Pixels-800x463-2-441x255.jpg",441,255,true],"cgkit_image_swatch":["https:\/\/praxas.com\/wp-content\/uploads\/ULUF-P50-Right-Facing-Pixels-800x463-2-100x100.jpg",100,100,true],"woocommerce_thumbnail":["https:\/\/praxas.com\/wp-content\/uploads\/ULUF-P50-Right-Facing-Pixels-800x463-2-350x203.jpg",350,203,true],"woocommerce_single":["https:\/\/praxas.com\/wp-content\/uploads\/ULUF-P50-Right-Facing-Pixels-800x463-2.jpg",800,463,false],"woocommerce_gallery_thumbnail":["https:\/\/praxas.com\/wp-content\/uploads\/ULUF-P50-Right-Facing-Pixels-800x463-2-150x87.jpg",150,87,true]},"uagb_author_info":{"display_name":"Alex James","author_link":"https:\/\/praxas.com\/es\/author\/"},"uagb_comment_info":0,"uagb_excerpt":"-25 \u00b0C \/ -86 \u00b0C Modelo compacto ULT - 50 L Excelente rendimiento de refrigeraci\u00f3n Ahorro de espacio Tecnolog\u00eda de compresor \u00fanico Marco de puerta calefactado Bajo consumo de energ\u00eda","_links":{"self":[{"href":"https:\/\/praxas.com\/es\/wp-json\/wp\/v2\/product\/33318","targetHints":{"allow":["GET"]}}],"collection":[{"href":"https:\/\/praxas.com\/es\/wp-json\/wp\/v2\/product"}],"about":[{"href":"https:\/\/praxas.com\/es\/wp-json\/wp\/v2\/types\/product"}],"wp:featuredmedia":[{"embeddable":true,"href":"https:\/\/praxas.com\/es\/wp-json\/wp\/v2\/media\/33319"}],"wp:attachment":[{"href":"https:\/\/praxas.com\/es\/wp-json\/wp\/v2\/media?parent=33318"}],"wp:term":[{"taxonomy":"product_brand","embeddable":true,"href":"https:\/\/praxas.com\/es\/wp-json\/wp\/v2\/product_brand?post=33318"},{"taxonomy":"product_cat","embeddable":true,"href":"https:\/\/praxas.com\/es\/wp-json\/wp\/v2\/product_cat?post=33318"},{"taxonomy":"product_tag","embeddable":true,"href":"https:\/\/praxas.com\/es\/wp-json\/wp\/v2\/product_tag?post=33318"}],"curies":[{"name":"wp","href":"https:\/\/api.w.org\/{rel}","templated":true}]}}