{"id":33475,"date":"2024-07-04T12:49:59","date_gmt":"2024-07-04T10:49:59","guid":{"rendered":"https:\/\/staging.praxas.com\/product\/sin%20categor\u00eda\/congelador-biomedico-mediano-lfe-490\/"},"modified":"2026-01-20T10:17:46","modified_gmt":"2026-01-20T09:17:46","slug":"congelador-biomedico-mediano-lfe-490","status":"publish","type":"product","link":"https:\/\/praxas.com\/es\/product\/refrigeracion_productos\/congeladores-biomedicos\/congelador-biomedico-mediano-lfe-490\/","title":{"rendered":"Gran Congelador Biom\u00e9dico LFE 490"},"content":{"rendered":"<p style=\"text-align: left;\">El congelador vertical ARCTIKO LFE 490 ofrece las prestaciones avanzadas necesarias para las aplicaciones biom\u00e9dicas, todo ello a un precio irresistible. Este modelo vertical, con una capacidad de 491L, funciona eficazmente en un intervalo de temperatura de -25\u00b0C a -10\u00b0C, lo que lo convierte en una opci\u00f3n ideal para quienes buscan soluciones de congelaci\u00f3n biom\u00e9dica de alta calidad.<\/p>\n<ul>\n<li style=\"text-align: left;\">Vertical<\/li>\n<li style=\"text-align: left;\">Capacidad 491L<\/li>\n<li style=\"text-align: left;\">Alcance -25\u00b0C \/ -10\u00b0C<\/li>\n<\/ul>\n","protected":false},"excerpt":{"rendered":"<ul>\n<li>-25 \u00b0C \/ -10 \u00b0C<\/li>\n<li>Modelo vertical &#8211; 491 L<\/li>\n<li>Tecnolog\u00eda de compresor \u00fanico<\/li>\n<li>Bajo consumo de energ\u00eda<\/li>\n<li>Refrigeraci\u00f3n directa<\/li>\n<li>Refrigerante ecol\u00f3gico<\/li>\n<li>100% libre de HCFC y CFC<\/li>\n<li>Estantes regulables<\/li>\n<li>Cerradura con llave en la puerta<\/li>\n<\/ul>\n","protected":false},"featured_media":33476,"template":"","meta":{"_acf_changed":false,"content-type":"","_uag_custom_page_level_css":""},"product_brand":[],"product_cat":[1773,1815,1774],"product_tag":[2526,2638,2585,2599],"class_list":{"0":"post-33475","1":"product","2":"type-product","3":"status-publish","4":"has-post-thumbnail","6":"product_cat-congeladores-biomedicos","7":"product_cat-congeladores-biomedicos-25c","8":"product_cat-refrigeracion_productos","9":"product_tag-arctiko-es","10":"product_tag-congelador","11":"product_tag-flexaline-es","12":"product_tag-gama-lfe","13":"product_shipping_class-pesado","15":"first","16":"instock","17":"taxable","18":"shipping-taxable","19":"purchasable","20":"product-type-simple"},"bundled_by":[],"bundle_stock_status":"instock","bundle_stock_quantity":null,"bundle_virtual":false,"bundle_layout":"","bundle_add_to_cart_form_location":"","bundle_editable_in_cart":false,"bundle_sold_individually_context":"","bundle_item_grouping":"","bundle_min_size":"","bundle_max_size":"","bundle_price":[],"bundled_items":[],"bundle_sell_ids":[],"acf":[],"spectra_custom_meta":{"_wcml_average_rating":[null],"_wcml_review_count":[null],"_wcml_rating_count":[null],"_backorders":["no"],"_download_limit":["0"],"_download_expiry":["0"],"_downloadable":["no"],"_manage_stock":["no"],"_sku":["1900038-01"],"_stock_status":["instock"],"_sold_individually":["no"],"_tax_class":[""],"_tax_status":["taxable"],"_virtual":["no"],"_weight":["117"],"_width":["75"],"_height":["202.9"],"_length":["82.5"],"total_sales":["0"],"product_datasheet":[""],"_product_datasheet":["field_650ad7d6ea3a0"],"connectivity":[""],"_connectivity":["field_64dce263bb57c"],"brand":["Arctiko"],"_brand":["field_64ddf62ed2593"],"brand_image":[""],"_brand_image":["field_650c5e7c84cae"],"_specifications_table":["field_65044e1db92a8"],"_display_data_alarm":["field_667d647bcb066"],"_resources":["field_650849c6945ee"],"_accessories":["field_650849e6945f0"],"_faqs":["field_650859523d8d5"],"_calibration_suitable_ids_gb":["field_654b4c4acb54a"],"_calibration_suitable_ids_us":["field_654b4c56cb54b"],"_show_in_calibration_suitable":["field_654cfb691d345"],"_shipping":["field_66852535c98a5"],"_refrigerant_cabinet":["field_66852557c98a6"],"_main_specifications":["field_66855b25b1245"],"_usd_price_4":["field_651570dcac479"],"_usd_price_9":["field_6515713eb4807"],"_usd_price_24":["field_65157141b4809"],"_usd_price_49":["field_65157140b4808"],"_usd_price_99":["field_6515715bb480a"],"_gbp_price_4":["field_6515716e83bfa"],"_gbp_price_9":["field_6515724783bfb"],"_gbp_price_24":["field_6515724b83bfc"],"_gbp_price_49":["field_6515725983bfd"],"_gbp_price_99":["field_6515725d83bfe"],"_usdhk_price_4":["field_6515726f83bff"],"_usdhk_price_9":["field_6515727c83c00"],"_usdhk_price_24":["field_6515728083c01"],"_usdhk_price_49":["field_6515728983c02"],"_usdhk_price_99":["field_6515728e83c03"],"stock_options":["In stock"],"_stock_options":["field_6544b605dc7f9"],"_top_nav_excluded":[""],"_cms_nav_minihome":[""],"wcml_sync_hash":["a:1:{s:15:\"postmeta_fields\";s:32:\"3c3d23a868df631bf02f0d6f6252ddbe\";}"],"attr_label_translations":["a:0:{}"],"_product_attributes":["a:4:{s:16:\"pa_product-brand\";a:6:{s:4:\"name\";s:16:\"pa_product-brand\";s:5:\"value\";s:0:\"\";s:8:\"position\";i:0;s:10:\"is_visible\";i:1;s:12:\"is_variation\";i:0;s:11:\"is_taxonomy\";i:1;}s:19:\"pa_product-features\";a:6:{s:4:\"name\";s:19:\"pa_product-features\";s:5:\"value\";s:0:\"\";s:8:\"position\";i:1;s:10:\"is_visible\";i:1;s:12:\"is_variation\";i:0;s:11:\"is_taxonomy\";i:1;}s:11:\"pa_capacity\";a:6:{s:4:\"name\";s:11:\"pa_capacity\";s:5:\"value\";s:0:\"\";s:8:\"position\";i:2;s:10:\"is_visible\";i:1;s:12:\"is_variation\";i:0;s:11:\"is_taxonomy\";i:1;}s:14:\"pa_temperature\";a:6:{s:4:\"name\";s:14:\"pa_temperature\";s:5:\"value\";s:0:\"\";s:8:\"position\";i:3;s:10:\"is_visible\";i:1;s:12:\"is_variation\";i:0;s:11:\"is_taxonomy\";i:1;}}"],"_product_image_gallery":["33477,33478,33476,33469"],"_thumbnail_id":["33476"],"_crosssell_ids":["a:0:{}"],"_last_translation_edit_mode":["translation-editor"],"_calibration":["field_66a0ddd599972"],"min_temp":["-25"],"max_temp":["-10"],"_min_temp":["field_67ea5eb4e0a77"],"_max_temp":["field_67ea5f81e0a79"],"hubwoo_ecomm_pro_id":["21469716864"],"_wpml_word_count":["113"],"rank_math_primary_product_cat":["415"],"_other_features_arctiko":["field_668524f8c98a4"],"_other_features":["field_686fa2aa98dce"],"shipping":["<table class=\"specifications\">\n<tbody>\n<tr class=\"even-row\">\n<td class=\"left-td\">Peso del env\u00edo (Kg)<\/td>\n<td>117<\/td>\n<\/tr>\n<tr class=\"odd-row\">\n<td class=\"left-td\">Peso de env\u00edo (lb)<\/td>\n<td>258<\/td>\n<\/tr>\n<tr class=\"even-row\">\n<td class=\"left-td\">Dimensiones de env\u00edo AnxPxAl (Cm)<\/td>\n<td>82,5 X 75 X 202,9<\/td>\n<\/tr>\n<tr class=\"odd-row\">\n<td class=\"left-td\">Dimensiones de env\u00edo AnxPxAl (Pulgadas)<\/td>\n<td>33 X 30 X 80<\/td>\n<\/tr>\n<tr class=\"even-row\">\n<td class=\"left-td\">Volumen de env\u00edo (M\u00b3)<\/td>\n<td>1.25<\/td>\n<\/tr>\n<tr class=\"odd-row\">\n<td class=\"left-td\">Volumen de env\u00edo (pies c\u00fabicos)<\/td>\n<td>44.14<\/td>\n<\/tr>\n<\/tbody>\n<\/table>"],"_regular_price":["2645"],"_price":["2645"],"rank_math_title":["Congelador Biom\u00e9dico Vertical Flexaline LFE 490 | Praxas"],"rank_math_description":["El congelador vertical Arctiko Flexaline\u2122 LFE 490 ofrece las prestaciones superiores que requieren las aplicaciones biom\u00e9dicas a un precio atractivo."],"rank_math_focus_keyword":["LFE 490"],"display_data_alarm":["<table class=\"specifications\">\n<tbody>\n<tr class=\"even-row\">\n<td class=\"left-td\">Mostrar Alarma Como Texto - No C\u00f3digos<\/td>\n<td>No<\/td>\n<\/tr>\n<tr class=\"odd-row\">\n<td class=\"left-td\">Alarma Visual \/ Ac\u00fastica<\/td>\n<td>S\u00ed \/ S\u00ed<\/td>\n<\/tr>\n<tr class=\"even-row\">\n<td class=\"left-td\">Alarma de fallo de alimentaci\u00f3n<\/td>\n<td>S\u00ed<\/td>\n<\/tr>\n<tr class=\"odd-row\">\n<td class=\"left-td\">Alarma ajustable de temperatura alta\/baja<\/td>\n<td>S\u00ed \/ S\u00ed<\/td>\n<\/tr>\n<tr class=\"even-row\">\n<td class=\"left-td\">Alarma de puerta abierta<\/td>\n<td>S\u00ed<\/td>\n<\/tr>\n<tr class=\"odd-row\">\n<td class=\"left-td\">Alarma de fallo de sonda<\/td>\n<td>S\u00ed<\/td>\n<\/tr>\n<tr class=\"even-row\">\n<td class=\"left-td\">Alarma de bater\u00eda baja<\/td>\n<td>S\u00ed<\/td>\n<\/tr>\n<tr class=\"odd-row\">\n<td class=\"left-td\">Alarma de fallo del compresor<\/td>\n<td>-<\/td>\n<\/tr>\n<tr class=\"even-row\">\n<td class=\"left-td\">Contacto sin tensi\u00f3n para alarma remota (por ejemplo, m\u00f3dulo de alarma GSM)<\/td>\n<td>S\u00ed<\/td>\n<\/tr>\n<tr class=\"odd-row\">\n<td class=\"left-td\">Registrador electr\u00f3nico de datos<\/td>\n<td>S\u00ed<\/td>\n<\/tr>\n<tr class=\"even-row\">\n<td class=\"left-td\">Puerto RS 485<\/td>\n<td>-<\/td>\n<\/tr>\n<tr class=\"odd-row\">\n<td class=\"left-td\">Puerto USB para actualizaci\u00f3n de software y descarga de datos<\/td>\n<td>S\u00ed<\/td>\n<\/tr>\n<tr class=\"even-row\">\n<td class=\"left-td\">Registrador gr\u00e1fico de temperatura<\/td>\n<td>-<\/td>\n<\/tr>\n<tr class=\"odd-row\">\n<td class=\"left-td\">Tipo de pantalla<\/td>\n<td>Digital<\/td>\n<\/tr>\n<tr class=\"even-row\">\n<td class=\"left-td\">N\u00famero De Sondas De Referencia Opcionales<\/td>\n<td>-<\/td>\n<\/tr>\n<tr class=\"odd-row\">\n<td class=\"left-td\">Protecci\u00f3n por contrase\u00f1a para encender y apagar la unidad<\/td>\n<td>-<\/td>\n<\/tr>\n<tr class=\"even-row\">\n<td class=\"left-td\">Gr\u00e1fico de temperatura en pantalla<\/td>\n<td>-<\/td>\n<\/tr>\n<\/tbody>\n<\/table>"],"resources":["<ul class=\"resources-list\">\n \t<li><img src=\"https:\/\/praxas.com\/wp-content\/uploads\/document-icon.png\" alt=\"Icono de documento\"><a href=\"https:\/\/arctiko.com\/wp-content\/uploads\/Data-Sheet-for-LFE-490.pdf\" target=\"_blank\" rel=\"noopener\">Ficha t\u00e9cnica LFE 490<\/a><\/li>\n \t<li><img src=\"https:\/\/praxas.com\/wp-content\/uploads\/document-icon.png\" alt=\"Icono de documento\"><a href=\"https:\/\/arctiko.com\/wp-content\/uploads\/Dimension-drawing-for-LFE-490.pdf\" target=\"_blank\" rel=\"noopener\">Plano de dimensiones LFE 490<\/a><\/li>\n \t<li><img src=\"https:\/\/praxas.com\/wp-content\/uploads\/document-icon.png\" alt=\"Icono de documento\"><a href=\"https:\/\/arctiko.com\/wp-content\/uploads\/Wiring-diagram-for-LFE-490.pdf\" target=\"_blank\" rel=\"noopener\">Esquema el\u00e9ctrico LFE 490<\/a><\/li>\n<\/ul>\n\u00a0"],"other_features":["<table class=\"specifications\">\n<tbody>\n<tr class=\"odd-row\">\n<td class=\"left-td\">Puerto de acceso para sonda externa, etc. (Di\u00e1metro int. Mm)<\/td>\n<td>S\u00ed (20)<\/td>\n<\/tr>\n<tr class=\"even-row\">\n<td class=\"left-td\">Luz<\/td>\n<td>S\u00ed<\/td>\n<\/tr>\n<tr class=\"odd-row\">\n<td class=\"left-td\">Cerradura con llave<\/td>\n<td>S\u00ed<\/td>\n<\/tr>\n<tr class=\"even-row\">\n<td class=\"left-td\">Ruedas (Total Piezas) \/ Ruedas Con Freno (Piezas)<\/td>\n<td>4 \/ 2<\/td>\n<\/tr>\n<tr class=\"odd-row\">\n<td class=\"left-td\">Pies Fijos (uds.) \/ Pies Niveladores (uds.)<\/td>\n<td>4 \/ 0<\/td>\n<\/tr>\n<tr class=\"even-row\">\n<td class=\"left-td\">Subtapas O Puertas Interiores (uds.)<\/td>\n<td>-<\/td>\n<\/tr>\n<tr class=\"odd-row\">\n<td class=\"left-td\">Puertas reversibles (uds.)<\/td>\n<td>S\u00ed<\/td>\n<\/tr>\n<tr class=\"even-row\">\n<td class=\"left-td\">Estantes Fijos (Uds.) \/ Estantes Ajustables (Uds.)<\/td>\n<td>0 \/ 7<\/td>\n<\/tr>\n<tr class=\"odd-row\">\n<td class=\"left-td\">M\u00e1x. No. De Estantes (Uds.) \/ Max. Recomendado No. De Estantes (uds.)<\/td>\n<td>7 \/ 7<\/td>\n<\/tr>\n<tr class=\"even-row\">\n<td class=\"left-td\">Carga m\u00e1xima por balda (Kg)<\/td>\n<td>37<\/td>\n<\/tr>\n<tr class=\"odd-row\">\n<td class=\"left-td\">Cajones regulables (uds.)<\/td>\n<td>Opcional<\/td>\n<\/tr>\n<\/tbody>\n<\/table>"],"refrigerant_cabinet":["<table class=\"specifications\">\n<tbody>\n<tr class=\"even-row\">\n<td class=\"left-td\">N\u00famero de compresores<\/td>\n<td>1<\/td>\n<\/tr>\n<tr class=\"odd-row\">\n<td class=\"left-td\">Refrigerante<\/td>\n<td>R290<\/td>\n<\/tr>\n<tr class=\"even-row\">\n<td class=\"left-td\">Material del armario interior<\/td>\n<td>Placa de aluminio recubierta de polvo<\/td>\n<\/tr>\n<tr class=\"odd-row\">\n<td class=\"left-td\">Material exterior del armario<\/td>\n<td>Acero galvanizado con recubrimiento de polvo<\/td>\n<\/tr>\n<tr class=\"even-row\">\n<td class=\"left-td\">Color (armario exterior)<\/td>\n<td>Blanco<\/td>\n<\/tr>\n<tr class=\"odd-row\">\n<td class=\"left-td\">Agente espumante<\/td>\n<td>Ciclopentano<\/td>\n<\/tr>\n<\/tbody>\n<\/table>"],"main_specifications":["<table class=\"specifications\">\n<tbody>\n<tr class=\"even-row\">\n<td class=\"left-td\">C\u00f3digo de art\u00edculo<\/td>\n<td>1900038-01<\/td>\n<\/tr>\n<tr class=\"odd-row\">\n<td class=\"left-td\">Rango de temperatura (\u00b0C)<\/td>\n<td>-25 \/ -10 \u00b0C<\/td>\n<\/tr>\n<tr class=\"even-row\">\n<td class=\"left-td\">Rango de temperatura (\u00b0F)<\/td>\n<td>-77 \/ -50 \u00b0F<\/td>\n<\/tr>\n<tr class=\"odd-row\">\n<td class=\"left-td\">M\u00e1x. Temperatura ambiente (\u00b0C)<\/td>\n<td>+32 \u00b0C<\/td>\n<\/tr>\n<tr class=\"even-row\">\n<td class=\"left-td\">Capacidad (L)<\/td>\n<td>491<\/td>\n<\/tr>\n<tr class=\"odd-row\">\n<td class=\"left-td\">Capacidad (pies c\u00fabicos)<\/td>\n<td>17.34<\/td>\n<\/tr>\n<tr class=\"even-row\">\n<td class=\"left-td\">Dimensiones exteriores AnxPxAl (Mm)<\/td>\n<td>780 X 710 X 1950<\/td>\n<\/tr>\n<tr class=\"odd-row\">\n<td class=\"left-td\">Dimensiones exteriores AnxPxAl (Pulgadas)<\/td>\n<td>31 X 28 X 77<\/td>\n<\/tr>\n<tr class=\"even-row\">\n<td class=\"left-td\">Dimensiones interiores AnxPxAl (Mm)<\/td>\n<td>645 X 530 X 1645<\/td>\n<\/tr>\n<tr class=\"odd-row\">\n<td class=\"left-td\">Dimensiones interiores AnxPxAl (Pulgadas)<\/td>\n<td>25 X 21 X 65<\/td>\n<\/tr>\n<tr class=\"even-row\">\n<td class=\"left-td\">Peso (KG)<\/td>\n<td>99<\/td>\n<\/tr>\n<tr class=\"odd-row\">\n<td class=\"left-td\">Peso (Lb)<\/td>\n<td>218<\/td>\n<\/tr>\n<tr class=\"even-row\">\n<td class=\"left-td\">Aislamiento (Mm)<\/td>\n<td>65<\/td>\n<\/tr>\n<tr class=\"odd-row\">\n<td class=\"left-td\">Aislamiento (Pulgadas)<\/td>\n<td>2.56<\/td>\n<\/tr>\n<tr class=\"even-row\">\n<td class=\"left-td\">Tecnolog\u00eda de refrigeraci\u00f3n<\/td>\n<td>Refrigeraci\u00f3n est\u00e1tica<\/td>\n<\/tr>\n<tr class=\"odd-row\">\n<td class=\"left-td\">Modelo de controlador \/ Tipo de sonda<\/td>\n<td>Honker \/ NTC<\/td>\n<\/tr>\n<tr class=\"even-row\">\n<td class=\"left-td\">Alimentaci\u00f3n (V)<\/td>\n<td>230<\/td>\n<\/tr>\n<tr class=\"odd-row\">\n<td class=\"left-td\">Frecuencia (Hz)<\/td>\n<td>50\/60<\/td>\n<\/tr>\n<tr class=\"even-row\">\n<td class=\"left-td\">Consumo de energ\u00eda (KWH\/24H)<\/td>\n<td>2.8<\/td>\n<\/tr>\n<tr class=\"odd-row\">\n<td class=\"left-td\">AMP (A)<\/td>\n<td>1.6<\/td>\n<\/tr>\n<tr class=\"even-row\">\n<td class=\"left-td\">Potencia (vatios)<\/td>\n<td>185<\/td>\n<\/tr>\n<tr class=\"odd-row\">\n<td class=\"left-td\">Potencia en caballos (CV)<\/td>\n<td>1\/4<\/td>\n<\/tr>\n<\/tbody>\n<\/table>"],"other_features_arctiko":["<table class=\"specifications\">\n<tbody>\n<tr class=\"odd-row\">\n<td class=\"left-td\">Puerto de acceso para sonda externa, etc. (Di\u00e1metro int. Mm)<\/td>\n<td>S\u00ed (20)<\/td>\n<\/tr>\n<tr class=\"even-row\">\n<td class=\"left-td\">Luz<\/td>\n<td>S\u00ed<\/td>\n<\/tr>\n<tr class=\"odd-row\">\n<td class=\"left-td\">Cerradura con llave<\/td>\n<td>S\u00ed<\/td>\n<\/tr>\n<tr class=\"even-row\">\n<td class=\"left-td\">Ruedas (Total Piezas) \/ Ruedas Con Freno (Piezas)<\/td>\n<td>4 \/ 2<\/td>\n<\/tr>\n<tr class=\"odd-row\">\n<td class=\"left-td\">Pies Fijos (uds.) \/ Pies Niveladores (uds.)<\/td>\n<td>4 \/ 0<\/td>\n<\/tr>\n<tr class=\"even-row\">\n<td class=\"left-td\">Subtapas O Puertas Interiores (uds.)<\/td>\n<td>-<\/td>\n<\/tr>\n<tr class=\"odd-row\">\n<td class=\"left-td\">Puertas reversibles (uds.)<\/td>\n<td>S\u00ed<\/td>\n<\/tr>\n<tr class=\"even-row\">\n<td class=\"left-td\">Estantes Fijos (Uds.) \/ Estantes Ajustables (Uds.)<\/td>\n<td>0 \/ 7<\/td>\n<\/tr>\n<tr class=\"odd-row\">\n<td class=\"left-td\">M\u00e1x. No. De Estantes (Uds.) \/ Max. Recomendado No. De Estantes (uds.)<\/td>\n<td>7 \/ 7<\/td>\n<\/tr>\n<tr class=\"even-row\">\n<td class=\"left-td\">Carga m\u00e1xima por balda (Kg)<\/td>\n<td>37<\/td>\n<\/tr>\n<tr class=\"odd-row\">\n<td class=\"left-td\">Cajones regulables (uds.)<\/td>\n<td>Opcional<\/td>\n<\/tr>\n<\/tbody>\n<\/table>"],"_uag_page_assets":["a:9:{s:3:\"css\";s:0:\"\";s:2:\"js\";s:0:\"\";s:18:\"current_block_list\";a:0:{}s:8:\"uag_flag\";b:0;s:11:\"uag_version\";s:10:\"1776763693\";s:6:\"gfonts\";a:0:{}s:10:\"gfonts_url\";s:0:\"\";s:12:\"gfonts_files\";a:0:{}s:14:\"uag_faq_layout\";b:0;}"],"_max_variation_price":[""],"_max_variation_regular_price":[""],"_max_variation_sale_price":[""],"_min_variation_price":[""],"_min_variation_regular_price":[""],"_min_variation_sale_price":[""],"_sale_price":[""],"_wc_pb_base_regular_price":[""],"_wc_pb_base_sale_price":[""],"_wc_pb_base_price":[""],"_wc_sw_max_price":[""],"_wc_sw_max_regular_price":[""],"_wc_rating_count":[""],"_wc_review_count":[""],"_wc_average_rating":[0]},"uagb_featured_image_src":{"full":["https:\/\/praxas.com\/wp-content\/uploads\/LFE-490_2_Website-800x463-1.jpg",800,463,false],"thumbnail":["https:\/\/praxas.com\/wp-content\/uploads\/LFE-490_2_Website-800x463-1-150x150.jpg",150,150,true],"medium":["https:\/\/praxas.com\/wp-content\/uploads\/LFE-490_2_Website-800x463-1-300x174.jpg",300,174,true],"medium_large":["https:\/\/praxas.com\/wp-content\/uploads\/LFE-490_2_Website-800x463-1-768x444.jpg",768,444,true],"large":["https:\/\/praxas.com\/wp-content\/uploads\/LFE-490_2_Website-800x463-1.jpg",800,463,false],"1536x1536":["https:\/\/praxas.com\/wp-content\/uploads\/LFE-490_2_Website-800x463-1.jpg",800,463,false],"2048x2048":["https:\/\/praxas.com\/wp-content\/uploads\/LFE-490_2_Website-800x463-1.jpg",800,463,false],"crunchify-admin-post-featured-image":["https:\/\/praxas.com\/wp-content\/uploads\/LFE-490_2_Website-800x463-1-120x69.jpg",120,69,true],"commercegurus-pdp-large":["https:\/\/praxas.com\/wp-content\/uploads\/LFE-490_2_Website-800x463-1.jpg",800,463,false],"commercegurus-plp-mobile":["https:\/\/praxas.com\/wp-content\/uploads\/LFE-490_2_Website-800x463-1-441x255.jpg",441,255,true],"cgkit_image_swatch":["https:\/\/praxas.com\/wp-content\/uploads\/LFE-490_2_Website-800x463-1-100x100.jpg",100,100,true],"woocommerce_thumbnail":["https:\/\/praxas.com\/wp-content\/uploads\/LFE-490_2_Website-800x463-1-350x203.jpg",350,203,true],"woocommerce_single":["https:\/\/praxas.com\/wp-content\/uploads\/LFE-490_2_Website-800x463-1.jpg",800,463,false],"woocommerce_gallery_thumbnail":["https:\/\/praxas.com\/wp-content\/uploads\/LFE-490_2_Website-800x463-1-150x87.jpg",150,87,true]},"uagb_author_info":{"display_name":"Alex James","author_link":"https:\/\/praxas.com\/es\/author\/"},"uagb_comment_info":0,"uagb_excerpt":"-25 \u00b0C \/ -10 \u00b0C Modelo vertical - 491 L Tecnolog\u00eda de compresor \u00fanico Bajo consumo de energ\u00eda Refrigeraci\u00f3n directa Refrigerante ecol\u00f3gico 100% libre de HCFC y CFC Estantes regulables Cerradura con llave en la puerta","_links":{"self":[{"href":"https:\/\/praxas.com\/es\/wp-json\/wp\/v2\/product\/33475","targetHints":{"allow":["GET"]}}],"collection":[{"href":"https:\/\/praxas.com\/es\/wp-json\/wp\/v2\/product"}],"about":[{"href":"https:\/\/praxas.com\/es\/wp-json\/wp\/v2\/types\/product"}],"wp:featuredmedia":[{"embeddable":true,"href":"https:\/\/praxas.com\/es\/wp-json\/wp\/v2\/media\/33476"}],"wp:attachment":[{"href":"https:\/\/praxas.com\/es\/wp-json\/wp\/v2\/media?parent=33475"}],"wp:term":[{"taxonomy":"product_brand","embeddable":true,"href":"https:\/\/praxas.com\/es\/wp-json\/wp\/v2\/product_brand?post=33475"},{"taxonomy":"product_cat","embeddable":true,"href":"https:\/\/praxas.com\/es\/wp-json\/wp\/v2\/product_cat?post=33475"},{"taxonomy":"product_tag","embeddable":true,"href":"https:\/\/praxas.com\/es\/wp-json\/wp\/v2\/product_tag?post=33475"}],"curies":[{"name":"wp","href":"https:\/\/api.w.org\/{rel}","templated":true}]}}