{"id":33503,"date":"2024-07-04T12:03:54","date_gmt":"2024-07-04T10:03:54","guid":{"rendered":"https:\/\/staging.praxas.com\/product\/sin%20categor\u00eda\/frigorifico-grande-para-bancos-de-sangre-bbr-1400\/"},"modified":"2026-01-20T10:43:02","modified_gmt":"2026-01-20T09:43:02","slug":"frigorifico-grande-para-bancos-de-sangre-bbr-1400","status":"publish","type":"product","link":"https:\/\/praxas.com\/es\/product\/refrigeracion_productos\/frigorificos-para-bancos-de-sangre\/frigorifico-grande-para-bancos-de-sangre-bbr-1400\/","title":{"rendered":"Frigor\u00edfico grande para bancos de sangre BBR 1400"},"content":{"rendered":"<p>La gama de frigor\u00edficos ARCTIKO para bancos de sangre es una combinaci\u00f3n perfecta de uniformidad de temperatura \u00fanica y tecnolog\u00eda fiable. Experimenta los modelos BBR con controlador avanzado, registrador de datos integrado no manipulable con lectura USB y registrador gr\u00e1fico de serie.<\/p>\n<ul>\n<li>Vertical<\/li>\n<li>Capacidad (L) 1381 L.<\/li>\n<li>Rango +4 \u00b0C<\/li>\n<\/ul>\n","protected":false},"excerpt":{"rendered":"<ul class=\"small d-none d-sm-block ulnoindent\">\n<li class=\"fLight\">+4 \u00b0C<\/li>\n<li class=\"fLight\">Modelo vertical &#8211; 1381 L<\/li>\n<li class=\"fLight\">Tecnolog\u00eda de compresor \u00fanico<\/li>\n<li>Tecnolog\u00eda True Dual<\/li>\n<li>Dispositivo m\u00e9dico de clase IIA<\/li>\n<li>Registrador de gr\u00e1ficos<\/li>\n<li>Cajones de acero inoxidable<\/li>\n<li>Puerta de cristal de doble hoja<\/li>\n<li>Capacidad de almacenamiento<\/li>\n<li>Refrigeraci\u00f3n por aire forzado<\/li>\n<li>Estantes regulables<\/li>\n<\/ul>\n","protected":false},"featured_media":33504,"template":"","meta":{"_acf_changed":false,"content-type":"","_uag_custom_page_level_css":""},"product_brand":[],"product_cat":[1818,1774],"product_tag":[2526,2632],"class_list":{"0":"post-33503","1":"product","2":"type-product","3":"status-publish","4":"has-post-thumbnail","6":"product_cat-frigorificos-para-bancos-de-sangre","7":"product_cat-refrigeracion_productos","8":"product_tag-arctiko-es","9":"product_tag-frigorifico","10":"product_shipping_class-pesado","12":"first","13":"instock","14":"taxable","15":"shipping-taxable","16":"purchasable","17":"product-type-simple"},"bundled_by":[],"bundle_stock_status":"instock","bundle_stock_quantity":null,"bundle_virtual":false,"bundle_layout":"","bundle_add_to_cart_form_location":"","bundle_editable_in_cart":false,"bundle_sold_individually_context":"","bundle_item_grouping":"","bundle_min_size":"","bundle_max_size":"","bundle_price":[],"bundled_items":[],"bundle_sell_ids":[],"acf":[],"spectra_custom_meta":{"_wcml_average_rating":[null],"_wcml_review_count":[null],"_wcml_rating_count":[null],"_backorders":["no"],"_download_limit":["0"],"_download_expiry":["0"],"_downloadable":["no"],"_manage_stock":["no"],"_sku":["DAI 1130"],"_stock_status":["instock"],"_sold_individually":["no"],"_tax_class":[""],"_tax_status":["taxable"],"_virtual":["no"],"_weight":["324"],"_width":["108"],"_height":["220"],"_length":["156"],"total_sales":["0"],"product_datasheet":[""],"_product_datasheet":["field_650ad7d6ea3a0"],"connectivity":[""],"_connectivity":["field_64dce263bb57c"],"brand":["Arctiko"],"_brand":["field_64ddf62ed2593"],"brand_image":[""],"_brand_image":["field_650c5e7c84cae"],"_specifications_table":["field_65044e1db92a8"],"_display_data_alarm":["field_667d647bcb066"],"_resources":["field_650849c6945ee"],"_accessories":["field_650849e6945f0"],"_faqs":["field_650859523d8d5"],"_calibration_suitable_ids_gb":["field_654b4c4acb54a"],"_calibration_suitable_ids_us":["field_654b4c56cb54b"],"_show_in_calibration_suitable":["field_654cfb691d345"],"_shipping":["field_66852535c98a5"],"_refrigerant_cabinet":["field_66852557c98a6"],"_main_specifications":["field_66855b25b1245"],"_usd_price_4":["field_651570dcac479"],"_usd_price_9":["field_6515713eb4807"],"_usd_price_24":["field_65157141b4809"],"_usd_price_49":["field_65157140b4808"],"_usd_price_99":["field_6515715bb480a"],"_gbp_price_4":["field_6515716e83bfa"],"_gbp_price_9":["field_6515724783bfb"],"_gbp_price_24":["field_6515724b83bfc"],"_gbp_price_49":["field_6515725983bfd"],"_gbp_price_99":["field_6515725d83bfe"],"_usdhk_price_4":["field_6515726f83bff"],"_usdhk_price_9":["field_6515727c83c00"],"_usdhk_price_24":["field_6515728083c01"],"_usdhk_price_49":["field_6515728983c02"],"_usdhk_price_99":["field_6515728e83c03"],"stock_options":["In stock"],"_stock_options":["field_6544b605dc7f9"],"_top_nav_excluded":[""],"_cms_nav_minihome":[""],"wcml_sync_hash":["a:1:{s:15:\"postmeta_fields\";s:32:\"343ce5788ff4d890045a08a956f0529e\";}"],"attr_label_translations":["a:0:{}"],"_product_attributes":["a:4:{s:16:\"pa_product-brand\";a:6:{s:4:\"name\";s:16:\"pa_product-brand\";s:5:\"value\";s:0:\"\";s:8:\"position\";i:0;s:10:\"is_visible\";i:1;s:12:\"is_variation\";i:0;s:11:\"is_taxonomy\";i:1;}s:19:\"pa_product-features\";a:6:{s:4:\"name\";s:19:\"pa_product-features\";s:5:\"value\";s:0:\"\";s:8:\"position\";i:1;s:10:\"is_visible\";i:1;s:12:\"is_variation\";i:0;s:11:\"is_taxonomy\";i:1;}s:11:\"pa_capacity\";a:6:{s:4:\"name\";s:11:\"pa_capacity\";s:5:\"value\";s:0:\"\";s:8:\"position\";i:2;s:10:\"is_visible\";i:1;s:12:\"is_variation\";i:0;s:11:\"is_taxonomy\";i:1;}s:14:\"pa_temperature\";a:6:{s:4:\"name\";s:14:\"pa_temperature\";s:5:\"value\";s:0:\"\";s:8:\"position\";i:3;s:10:\"is_visible\";i:1;s:12:\"is_variation\";i:0;s:11:\"is_taxonomy\";i:1;}}"],"_product_image_gallery":[""],"_thumbnail_id":["33504"],"_crosssell_ids":["a:0:{}"],"_last_translation_edit_mode":["translation-editor"],"_calibration":["field_66a0ddd599972"],"min_temp":["4"],"max_temp":["4"],"_min_temp":["field_67ea5eb4e0a77"],"_max_temp":["field_67ea5f81e0a79"],"_wpml_word_count":["112"],"rank_math_primary_product_cat":["414"],"_other_features_arctiko":["field_668524f8c98a4"],"hubwoo_ecomm_pro_id":["21527125263"],"shipping":["<table class=\"specifications\">\n<tbody>\n<tr>\n<td class=\"left-td\">Peso del env\u00edo (KG)<\/td>\n<td>324<\/td>\n<\/tr>\n<tr>\n<td class=\"left-td\">Dimensiones de env\u00edo AnxPrxAl (cm)<\/td>\n<td>156 x 108 x 220<\/td>\n<\/tr>\n<tr>\n<td class=\"left-td\">Volumen de env\u00edo (M\u00b3)<\/td>\n<td>3,71<\/td>\n<\/tr>\n<\/tbody>\n<\/table>"],"_regular_price":["15995"],"_price":["15995"],"_other_features":["field_686fa2aa98dce"],"rank_math_description":["Equipa tus instalaciones con el frigor\u00edfico para bancos de sangre ARCTIKO BBR 1400\u00ae, dise\u00f1ado para el almacenamiento a gran escala con una capacidad de 1381 L, que garantiza una temperatura constante de +4 \u00b0C para la conservaci\u00f3n segura de la sangre."],"rank_math_focus_keyword":["Frigor\u00edfico del banco de sangre"],"display_data_alarm":["<table class=\"specifications\">\n<tbody>\n<tr>\n<td class=\"left-td\">Visualizaci\u00f3n de Alarma Como Texto - No C\u00f3digos<\/td>\n<td>S\u00ed<\/td>\n<\/tr>\n<tr>\n<td class=\"left-td\">Alarma Visual \/ Ac\u00fastica<\/td>\n<td>S\u00ed \/ S\u00ed<\/td>\n<\/tr>\n<tr>\n<td class=\"left-td\">Alarma de fallo de alimentaci\u00f3n<\/td>\n<td>S\u00ed<\/td>\n<\/tr>\n<tr>\n<td class=\"left-td\">Alarma ajustable de temperatura alta\/baja<\/td>\n<td>S\u00ed \/ S\u00ed<\/td>\n<\/tr>\n<tr>\n<td class=\"left-td\">Alarma de puerta abierta<\/td>\n<td>S\u00ed<\/td>\n<\/tr>\n<tr>\n<td class=\"left-td\">Alarma de fallo de sonda<\/td>\n<td>S\u00ed<\/td>\n<\/tr>\n<tr>\n<td class=\"left-td\">Alarma de bater\u00eda baja<\/td>\n<td>S\u00ed<\/td>\n<\/tr>\n<tr>\n<td class=\"left-td\">Alarma de fallo del compresor<\/td>\n<td>No<\/td>\n<\/tr>\n<tr>\n<td class=\"left-td\">Contacto sin tensi\u00f3n para alarma remota (por ejemplo, m\u00f3dulo de alarma GSM)<\/td>\n<td>S\u00ed<\/td>\n<\/tr>\n<tr>\n<td class=\"left-td\">Registrador electr\u00f3nico de datos<\/td>\n<td>S\u00ed<\/td>\n<\/tr>\n<tr>\n<td class=\"left-td\">Puerto RS 485<\/td>\n<td>1<\/td>\n<\/tr>\n<tr>\n<td class=\"left-td\">Puerto USB para actualizaci\u00f3n de software y descarga de datos<\/td>\n<td>S\u00ed<\/td>\n<\/tr>\n<tr>\n<td class=\"left-td\">Registrador gr\u00e1fico de temperatura<\/td>\n<td>S\u00ed<\/td>\n<\/tr>\n<tr>\n<td class=\"left-td\">Tipo de pantalla<\/td>\n<td>4,3\" con botones t\u00e1ctiles<\/td>\n<\/tr>\n<tr>\n<td class=\"left-td\">N\u00famero De Sondas De Referencia Opcionales<\/td>\n<td>2<\/td>\n<\/tr>\n<tr>\n<td class=\"left-td\">Protecci\u00f3n por contrase\u00f1a para encender\/apagar<\/td>\n<td>S\u00ed<\/td>\n<\/tr>\n<tr>\n<td class=\"left-td\">Gr\u00e1fico de temperatura en pantalla<\/td>\n<td>S\u00ed<\/td>\n<\/tr>\n<\/tbody>\n<\/table>"],"resources":["<ul class=\"resources-list\">\n \t<li><img src=\"https:\/\/praxas.com\/wp-content\/uploads\/document-icon.png\" alt=\"Icono de documento\"><a href=\"https:\/\/arctiko.com\/wp-content\/uploads\/bbr-1400_datasheet_31-8-2022_v1.pdf\" target=\"_blank\" rel=\"noopener\">Ficha t\u00e9cnica del producto BBR 1400<\/a><\/li>\n \t<li><img src=\"https:\/\/praxas.com\/wp-content\/uploads\/document-icon.png\" alt=\"Icono de documento\"><a href=\"https:\/\/arctiko.com\/wp-content\/uploads\/5080034-14-gb-operating-instruction-bbr-100_300_500_700_1400_-d.pdf\" target=\"_blank\" rel=\"noopener\">Instrucciones de uso BBR 1400<\/a><\/li>\n \t<li><img src=\"https:\/\/praxas.com\/wp-content\/uploads\/document-icon.png\" alt=\"Icono de documento\"><a href=\"https:\/\/arctiko.com\/wp-content\/uploads\/5086081-02-wiring-diagram-bbr-300_-500_-700_-1400_mdd.pdf\" target=\"_blank\" rel=\"noopener\">Esquema el\u00e9ctrico BBR 1400<\/a><\/li>\n \t<li><img src=\"https:\/\/praxas.com\/wp-content\/uploads\/document-icon.png\" alt=\"Icono de documento\"><a href=\"https:\/\/arctiko.com\/wp-content\/uploads\/5088014-07-dimension-drawing-bbr-1400-mdd.pdf\" target=\"_blank\" rel=\"noopener\">Dibujo acotado BBR 1400<\/a><\/li>\n \t<li><img src=\"https:\/\/praxas.com\/wp-content\/uploads\/document-icon.png\" alt=\"Icono de documento\"><a href=\"https:\/\/arctiko.com\/wp-content\/uploads\/5082536-03-safety-datasheet-r290.pdf\" target=\"_blank\" rel=\"noopener\">Ficha de seguridad R290<\/a><\/li>\n \t<li><img src=\"https:\/\/praxas.com\/wp-content\/uploads\/document-icon.png\" alt=\"Icono de documento\"><a href=\"\/wp-content\/uploads\/2022-certifikat-iso-9001-arctiko-as.pdf\" target=\"_blank\" rel=\"noopener\">ISO 9001<\/a><\/li>\n \t<li><img src=\"https:\/\/praxas.com\/wp-content\/uploads\/document-icon.png\" alt=\"Icono de documento\"><a href=\"https:\/\/arctiko.com\/wp-content\/uploads\/5082052-12-ce-certifikat-bbr100_1400.pdf\">Certificado CE BBR 100 300 500 700 1400 & -D<\/a><\/li>\n \t<li><img src=\"https:\/\/praxas.com\/wp-content\/uploads\/document-icon.png\" alt=\"Icono de documento\"><a href=\"https:\/\/arctiko.com\/wp-content\/uploads\/5082904-03-gb-mdd-93_42-eec-certificate-1.pdf\">Certificado MDD 93 42 CEE<\/a><\/li>\n<\/ul>"],"other_features":["<table class=\"specifications\">\n<tbody>\n<tr>\n<td class=\"left-td\">Desescarche autom\u00e1tico<\/td>\n<td>S\u00ed<\/td>\n<\/tr>\n<tr>\n<td class=\"left-td\">Funci\u00f3n anticongelante<\/td>\n<td>No<\/td>\n<\/tr>\n<tr>\n<td class=\"left-td\">Puerto de liberaci\u00f3n de vac\u00edo<\/td>\n<td>No<\/td>\n<\/tr>\n<tr>\n<td class=\"left-td\">Puerto de acceso para sonda externa, etc. (Di\u00e1metro int. mm)<\/td>\n<td>12<\/td>\n<\/tr>\n<tr>\n<td class=\"left-td\">Luz<\/td>\n<td>S\u00ed<\/td>\n<\/tr>\n<tr>\n<td class=\"left-td\">Cerradura con llave<\/td>\n<td>S\u00ed<\/td>\n<\/tr>\n<tr>\n<td class=\"left-td\">Ruedas (Total Piezas) \/ Ruedas Con Freno (Piezas)<\/td>\n<td>5 \/3<\/td>\n<\/tr>\n<tr>\n<td class=\"left-td\">Pies fijos (uds.) \/ Pies niveladores (uds.)<\/td>\n<td>No<\/td>\n<\/tr>\n<tr>\n<td class=\"left-td\">Subtapas O Puertas Interiores (uds.)<\/td>\n<td>No<\/td>\n<\/tr>\n<tr>\n<td class=\"left-td\">Puertas reversibles (uds.)<\/td>\n<td>S\u00ed<\/td>\n<\/tr>\n<tr>\n<td class=\"left-td\">Estantes Fijos (Uds.) \/ Estantes Ajustables (Uds.)<\/td>\n<td>No<\/td>\n<\/tr>\n<tr>\n<td class=\"left-td\">M\u00e1x. No. De Estantes (Uds.) \/ Max. Recomendado No. De Estantes (uds.)<\/td>\n<td>No<\/td>\n<\/tr>\n<tr>\n<td class=\"left-td\">Carga m\u00e1xima por balda (Kg)<\/td>\n<td>No<\/td>\n<\/tr>\n<tr>\n<td class=\"left-td\">Cajones regulables (uds.)<\/td>\n<td>10<\/td>\n<\/tr>\n<tr>\n<td class=\"left-td\">M\u00e1x. Carga por caj\u00f3n ajustable (Kg)<\/td>\n<td>30<\/td>\n<\/tr>\n<tr>\n<td class=\"left-td\">M\u00e1x. No. De bolsas de sangre - Por n.\u00ba est\u00e1ndar De Adj. Cajones (uds.)<\/td>\n<td>600<\/td>\n<\/tr>\n<tr>\n<td class=\"left-td\">Cesta (piezas)<\/td>\n<td>No<\/td>\n<\/tr>\n<tr>\n<td class=\"left-td\">M\u00e1x. No. De cestas (uds.)<\/td>\n<td>No<\/td>\n<\/tr>\n<tr>\n<td class=\"left-td\">M\u00e1x. Carga por cesta (Kg)<\/td>\n<td>No<\/td>\n<\/tr>\n<tr>\n<td class=\"left-td\">Capacidad Total De Cajas De 50 Mm Separadores 9x9 (Uds.)<\/td>\n<td>No<\/td>\n<\/tr>\n<tr>\n<td class=\"left-td\">Capacidad Total De 75 Mm Cajas Separadores 9x9 (uds.)<\/td>\n<td>No<\/td>\n<\/tr>\n<tr>\n<td class=\"left-td\">Capacidad Total De Cajas De 96 Mm Separadores 9x9 (Uds.)<\/td>\n<td>No<\/td>\n<\/tr>\n<\/tbody>\n<\/table>"],"refrigerant_cabinet":["<table class=\"specifications\">\n<tbody>\n<tr>\n<td class=\"left-td\">N\u00famero de compresores<\/td>\n<td>1<\/td>\n<\/tr>\n<tr>\n<td class=\"left-td\">Refrigerante<\/td>\n<td>R290<\/td>\n<\/tr>\n<tr>\n<td class=\"left-td\">Materiales del armario interior<\/td>\n<td>Acero inoxidable<\/td>\n<\/tr>\n<tr>\n<td class=\"left-td\">Material exterior del armario<\/td>\n<td>Acero pintado<\/td>\n<\/tr>\n<tr>\n<td class=\"left-td\">Color (armario exterior)<\/td>\n<td>Blanco<\/td>\n<\/tr>\n<tr>\n<td class=\"left-td\">Agente espumante<\/td>\n<td>Poliuretano<\/td>\n<\/tr>\n<tr>\n<td class=\"left-td\">Paneles VIP aislados al vac\u00edo<\/td>\n<td>No<\/td>\n<\/tr>\n<\/tbody>\n<\/table>"],"main_specifications":["<table class=\"specifications\">\n<tbody>\n<tr class=\"even-row\">\n<td class=\"left-td\">C\u00f3digo del art\u00edculo<\/td>\n<td>DAI 1130<\/td>\n<\/tr>\n<tr class=\"odd-row\">\n<td class=\"left-td\">Rango de temperatura (\u00b0C)<\/td>\n<td>+4\u00b0C<\/td>\n<\/tr>\n<tr class=\"even-row\">\n<td class=\"left-td\">M\u00e1x. Temperatura ambiente (\u00b0C)<\/td>\n<td>32\u00b0C<\/td>\n<\/tr>\n<tr class=\"odd-row\">\n<td class=\"left-td\">Capacidad (L)<\/td>\n<td>1381<\/td>\n<\/tr>\n<tr class=\"even-row\">\n<td class=\"left-td\">Dimensiones exteriores AnxPxAl (Mm)<\/td>\n<td>1440 x 860 x 1997<\/td>\n<\/tr>\n<tr class=\"odd-row\">\n<td class=\"left-td\">Dimensiones interiores AnxPxAl (Mm)<\/td>\n<td>1320 x 695 x 1505<\/td>\n<\/tr>\n<tr class=\"even-row\">\n<td class=\"left-td\">Peso (KG)<\/td>\n<td>198<\/td>\n<\/tr>\n<tr class=\"odd-row\">\n<td class=\"left-td\">Aislamiento (Mm)<\/td>\n<td>60<\/td>\n<\/tr>\n<tr class=\"even-row\">\n<td class=\"left-td\">Tecnolog\u00eda de refrigeraci\u00f3n<\/td>\n<td>Aire forzado<\/td>\n<\/tr>\n<tr class=\"odd-row\">\n<td class=\"left-td\">Modelo de controlador \/ Tipo de sonda<\/td>\n<td>Arctiko G214 \/ PT1000<\/td>\n<\/tr>\n<tr class=\"even-row\">\n<td class=\"left-td\">Alimentaci\u00f3n (V)<\/td>\n<td>230<\/td>\n<\/tr>\n<tr class=\"odd-row\">\n<td class=\"left-td\">Frecuencia (Hz)<\/td>\n<td>50 \/ 60<\/td>\n<\/tr>\n<tr class=\"even-row\">\n<td class=\"left-td\">Consumo de energ\u00eda (KWH\/24H)<\/td>\n<td>11,6<\/td>\n<\/tr>\n<tr class=\"odd-row\">\n<td class=\"left-td\">AMP (A)<\/td>\n<td>4,6<\/td>\n<\/tr>\n<tr class=\"even-row\">\n<td class=\"left-td\">Potencia (vatios)<\/td>\n<td>826<\/td>\n<\/tr>\n<tr class=\"odd-row\">\n<td class=\"left-td\">Potencia en caballos (CV)<\/td>\n<td>1\/2<\/td>\n<\/tr>\n<\/tbody>\n<\/table>"],"other_features_arctiko":["<table class=\"specifications\">\n<tbody>\n<tr>\n<td class=\"left-td\">Desescarche autom\u00e1tico<\/td>\n<td>S\u00ed<\/td>\n<\/tr>\n<tr>\n<td class=\"left-td\">Funci\u00f3n anticongelante<\/td>\n<td>No<\/td>\n<\/tr>\n<tr>\n<td class=\"left-td\">Puerto de liberaci\u00f3n de vac\u00edo<\/td>\n<td>No<\/td>\n<\/tr>\n<tr>\n<td class=\"left-td\">Puerto de acceso para sonda externa, etc. (Di\u00e1metro int. mm)<\/td>\n<td>12<\/td>\n<\/tr>\n<tr>\n<td class=\"left-td\">Luz<\/td>\n<td>S\u00ed<\/td>\n<\/tr>\n<tr>\n<td class=\"left-td\">Cerradura con llave<\/td>\n<td>S\u00ed<\/td>\n<\/tr>\n<tr>\n<td class=\"left-td\">Ruedas (Total Piezas) \/ Ruedas Con Freno (Piezas)<\/td>\n<td>5 \/3<\/td>\n<\/tr>\n<tr>\n<td class=\"left-td\">Pies fijos (uds.) \/ Pies niveladores (uds.)<\/td>\n<td>No<\/td>\n<\/tr>\n<tr>\n<td class=\"left-td\">Subtapas O Puertas Interiores (uds.)<\/td>\n<td>No<\/td>\n<\/tr>\n<tr>\n<td class=\"left-td\">Puertas reversibles (uds.)<\/td>\n<td>S\u00ed<\/td>\n<\/tr>\n<tr>\n<td class=\"left-td\">Estantes Fijos (Uds.) \/ Estantes Ajustables (Uds.)<\/td>\n<td>No<\/td>\n<\/tr>\n<tr>\n<td class=\"left-td\">M\u00e1x. No. De Estantes (Uds.) \/ Max. Recomendado No. De Estantes (uds.)<\/td>\n<td>No<\/td>\n<\/tr>\n<tr>\n<td class=\"left-td\">Carga m\u00e1xima por balda (Kg)<\/td>\n<td>No<\/td>\n<\/tr>\n<tr>\n<td class=\"left-td\">Cajones regulables (uds.)<\/td>\n<td>10<\/td>\n<\/tr>\n<tr>\n<td class=\"left-td\">M\u00e1x. Carga por caj\u00f3n ajustable (Kg)<\/td>\n<td>30<\/td>\n<\/tr>\n<tr>\n<td class=\"left-td\">M\u00e1x. No. De bolsas de sangre - Por n.\u00ba est\u00e1ndar De Adj. Cajones (uds.)<\/td>\n<td>600<\/td>\n<\/tr>\n<tr>\n<td class=\"left-td\">Cesta (piezas)<\/td>\n<td>No<\/td>\n<\/tr>\n<tr>\n<td class=\"left-td\">M\u00e1x. No. De cestas (uds.)<\/td>\n<td>No<\/td>\n<\/tr>\n<tr>\n<td class=\"left-td\">M\u00e1x. Carga por cesta (Kg)<\/td>\n<td>No<\/td>\n<\/tr>\n<tr>\n<td class=\"left-td\">Capacidad Total De Cajas De 50 Mm Separadores 9x9 (Uds.)<\/td>\n<td>No<\/td>\n<\/tr>\n<tr>\n<td class=\"left-td\">Capacidad Total De 75 Mm Cajas Separadores 9x9 (uds.)<\/td>\n<td>No<\/td>\n<\/tr>\n<tr>\n<td class=\"left-td\">Capacidad Total De Cajas De 96 Mm Separadores 9x9 (Uds.)<\/td>\n<td>No<\/td>\n<\/tr>\n<\/tbody>\n<\/table>"],"_uag_page_assets":["a:9:{s:3:\"css\";s:0:\"\";s:2:\"js\";s:0:\"\";s:18:\"current_block_list\";a:0:{}s:8:\"uag_flag\";b:0;s:11:\"uag_version\";s:10:\"1777052440\";s:6:\"gfonts\";a:0:{}s:10:\"gfonts_url\";s:0:\"\";s:12:\"gfonts_files\";a:0:{}s:14:\"uag_faq_layout\";b:0;}"],"_max_variation_price":[""],"_max_variation_regular_price":[""],"_max_variation_sale_price":[""],"_min_variation_price":[""],"_min_variation_regular_price":[""],"_min_variation_sale_price":[""],"_sale_price":[""],"_wc_pb_base_regular_price":[""],"_wc_pb_base_sale_price":[""],"_wc_pb_base_price":[""],"_wc_sw_max_price":[""],"_wc_sw_max_regular_price":[""],"_wc_rating_count":[""],"_wc_review_count":[""],"_wc_average_rating":[0]},"uagb_featured_image_src":{"full":["https:\/\/praxas.com\/wp-content\/uploads\/BBR1400-800x463-2.jpg",800,463,false],"thumbnail":["https:\/\/praxas.com\/wp-content\/uploads\/BBR1400-800x463-2-150x150.jpg",150,150,true],"medium":["https:\/\/praxas.com\/wp-content\/uploads\/BBR1400-800x463-2-300x174.jpg",300,174,true],"medium_large":["https:\/\/praxas.com\/wp-content\/uploads\/BBR1400-800x463-2-768x444.jpg",768,444,true],"large":["https:\/\/praxas.com\/wp-content\/uploads\/BBR1400-800x463-2.jpg",800,463,false],"1536x1536":["https:\/\/praxas.com\/wp-content\/uploads\/BBR1400-800x463-2.jpg",800,463,false],"2048x2048":["https:\/\/praxas.com\/wp-content\/uploads\/BBR1400-800x463-2.jpg",800,463,false],"crunchify-admin-post-featured-image":["https:\/\/praxas.com\/wp-content\/uploads\/BBR1400-800x463-2-120x69.jpg",120,69,true],"commercegurus-pdp-large":["https:\/\/praxas.com\/wp-content\/uploads\/BBR1400-800x463-2.jpg",800,463,false],"commercegurus-plp-mobile":["https:\/\/praxas.com\/wp-content\/uploads\/BBR1400-800x463-2-441x255.jpg",441,255,true],"cgkit_image_swatch":["https:\/\/praxas.com\/wp-content\/uploads\/BBR1400-800x463-2-100x100.jpg",100,100,true],"woocommerce_thumbnail":["https:\/\/praxas.com\/wp-content\/uploads\/BBR1400-800x463-2-350x203.jpg",350,203,true],"woocommerce_single":["https:\/\/praxas.com\/wp-content\/uploads\/BBR1400-800x463-2.jpg",800,463,false],"woocommerce_gallery_thumbnail":["https:\/\/praxas.com\/wp-content\/uploads\/BBR1400-800x463-2-150x87.jpg",150,87,true]},"uagb_author_info":{"display_name":"Alex James","author_link":"https:\/\/praxas.com\/es\/author\/"},"uagb_comment_info":0,"uagb_excerpt":"+4 \u00b0C Modelo vertical - 1381 L Tecnolog\u00eda de compresor \u00fanico Tecnolog\u00eda True Dual Dispositivo m\u00e9dico de clase IIA Registrador de gr\u00e1ficos Cajones de acero inoxidable Puerta de cristal de doble hoja Capacidad de almacenamiento Refrigeraci\u00f3n por aire forzado Estantes regulables","_links":{"self":[{"href":"https:\/\/praxas.com\/es\/wp-json\/wp\/v2\/product\/33503","targetHints":{"allow":["GET"]}}],"collection":[{"href":"https:\/\/praxas.com\/es\/wp-json\/wp\/v2\/product"}],"about":[{"href":"https:\/\/praxas.com\/es\/wp-json\/wp\/v2\/types\/product"}],"wp:featuredmedia":[{"embeddable":true,"href":"https:\/\/praxas.com\/es\/wp-json\/wp\/v2\/media\/33504"}],"wp:attachment":[{"href":"https:\/\/praxas.com\/es\/wp-json\/wp\/v2\/media?parent=33503"}],"wp:term":[{"taxonomy":"product_brand","embeddable":true,"href":"https:\/\/praxas.com\/es\/wp-json\/wp\/v2\/product_brand?post=33503"},{"taxonomy":"product_cat","embeddable":true,"href":"https:\/\/praxas.com\/es\/wp-json\/wp\/v2\/product_cat?post=33503"},{"taxonomy":"product_tag","embeddable":true,"href":"https:\/\/praxas.com\/es\/wp-json\/wp\/v2\/product_tag?post=33503"}],"curies":[{"name":"wp","href":"https:\/\/api.w.org\/{rel}","templated":true}]}}