{"id":33511,"date":"2024-07-04T09:55:26","date_gmt":"2024-07-04T07:55:26","guid":{"rendered":"https:\/\/staging.praxas.com\/product\/sin%20categor\u00eda\/pequeno-frigorifico-biomedico-pr-100\/"},"modified":"2026-01-19T16:47:49","modified_gmt":"2026-01-19T15:47:49","slug":"pequeno-frigorifico-biomedico-pr-100","status":"publish","type":"product","link":"https:\/\/praxas.com\/es\/product\/refrigeracion_productos\/frigorificos\/pequeno-frigorifico-biomedico-pr-100\/","title":{"rendered":"Peque\u00f1o frigor\u00edfico biom\u00e9dico PR 100"},"content":{"rendered":"<p>La PR 100 a\u00f1adir\u00e1 una nueva dimensi\u00f3n a tu laboratorio. El frigor\u00edfico biom\u00e9dico puede utilizarse como modelo de sobremesa o bajo encimera. Su dise\u00f1o compacto que ahorra espacio y su bajo nivel de ruido lo convierten en una soluci\u00f3n de almacenamiento perfecta para tu laboratorio. La PR 100 almacena y asegura tus muestras con una fiabilidad y un rendimiento de refrigeraci\u00f3n extraordinarios. ARCTIKO ha combinado el rendimiento de refrigeraci\u00f3n de alta calidad creado por la circulaci\u00f3n de refrigeraci\u00f3n forzada por aire con las numerosas funciones y la facilidad de uso que ofrece el controlador ARCRIKO G214.<\/p>\n<ul class=\"small d-none d-sm-block ulnoindent\">\n<li class=\"fLight\">Vertical<\/li>\n<li class=\"fLight\">Capacidad (L) 94 L.<\/li>\n<li class=\"fLight\">Rango +1 \/ +10 \u00b0C<\/li>\n<\/ul>\n","protected":false},"excerpt":{"rendered":"<ul class=\"small d-none d-sm-block ulnoindent\">\n<li class=\"fLight\">+1 \u00b0C\/ +10 \u00b0C<\/li>\n<li class=\"fLight\">Modelo de sobremesa\/bajo mostrador &#8211; 94 L.<\/li>\n<li class=\"fLight\">Refrigeraci\u00f3n por aire forzado<\/li>\n<li>Interior de acero inoxidable<\/li>\n<li>Estantes regulables<\/li>\n<li>Cerradura con llave en la puerta<\/li>\n<li>Desescarche autom\u00e1tico<\/li>\n<li>Disponible con ATEX<\/li>\n<\/ul>\n","protected":false},"featured_media":33512,"template":"","meta":{"_acf_changed":false,"content-type":"","_uag_custom_page_level_css":""},"product_brand":[],"product_cat":[1822,1823,1774],"product_tag":[2526,3867,2632],"class_list":{"0":"post-33511","1":"product","2":"type-product","3":"status-publish","4":"has-post-thumbnail","6":"product_cat-frigorificos","7":"product_cat-1c-10c-refrigeradores-farmaceuticos-y-biomedicos","8":"product_cat-refrigeracion_productos","9":"product_tag-arctiko-es","10":"product_tag-bajo-encimera","11":"product_tag-frigorifico","12":"product_shipping_class-pesado","14":"first","15":"instock","16":"taxable","17":"shipping-taxable","18":"purchasable","19":"product-type-simple"},"bundled_by":[],"bundle_stock_status":"instock","bundle_stock_quantity":null,"bundle_virtual":false,"bundle_layout":"","bundle_add_to_cart_form_location":"","bundle_editable_in_cart":false,"bundle_sold_individually_context":"","bundle_item_grouping":"","bundle_min_size":"","bundle_max_size":"","bundle_price":[],"bundled_items":[],"bundle_sell_ids":[],"acf":[],"spectra_custom_meta":{"_wcml_average_rating":[null],"_wcml_review_count":[null],"_wcml_rating_count":[null],"_backorders":["no"],"_download_limit":["0"],"_download_expiry":["0"],"_downloadable":["no"],"_manage_stock":["no"],"_sku":["DAI 0895"],"_stock_status":["instock"],"_sold_individually":["no"],"_tax_class":[""],"_tax_status":["taxable"],"_virtual":["no"],"_weight":["83"],"_width":["69"],"_height":["103"],"_length":["81"],"total_sales":["0"],"product_datasheet":[""],"_product_datasheet":["field_650ad7d6ea3a0"],"_connectivity":["field_64dce263bb57c"],"brand":["Arctiko"],"_brand":["field_64ddf62ed2593"],"brand_image":[""],"_brand_image":["field_650c5e7c84cae"],"_specifications_table":["field_65044e1db92a8"],"_display_data_alarm":["field_667d647bcb066"],"_resources":["field_650849c6945ee"],"_accessories":["field_650849e6945f0"],"_faqs":["field_650859523d8d5"],"_calibration_suitable_ids_gb":["field_654b4c4acb54a"],"_calibration_suitable_ids_us":["field_654b4c56cb54b"],"_show_in_calibration_suitable":["field_654cfb691d345"],"_shipping":["field_66852535c98a5"],"_refrigerant_cabinet":["field_66852557c98a6"],"_main_specifications":["field_66855b25b1245"],"_usd_price_4":["field_651570dcac479"],"_usd_price_9":["field_6515713eb4807"],"_usd_price_24":["field_65157141b4809"],"_usd_price_49":["field_65157140b4808"],"_usd_price_99":["field_6515715bb480a"],"_gbp_price_4":["field_6515716e83bfa"],"_gbp_price_9":["field_6515724783bfb"],"_gbp_price_24":["field_6515724b83bfc"],"_gbp_price_49":["field_6515725983bfd"],"_gbp_price_99":["field_6515725d83bfe"],"_usdhk_price_4":["field_6515726f83bff"],"_usdhk_price_9":["field_6515727c83c00"],"_usdhk_price_24":["field_6515728083c01"],"_usdhk_price_49":["field_6515728983c02"],"_usdhk_price_99":["field_6515728e83c03"],"stock_options":["In stock"],"_stock_options":["field_6544b605dc7f9"],"_top_nav_excluded":[""],"_cms_nav_minihome":[""],"wcml_sync_hash":["a:1:{s:15:\"postmeta_fields\";s:32:\"df5358b192c7daaa56c27672f9ee35a2\";}"],"attr_label_translations":["a:0:{}"],"_product_attributes":["a:4:{s:16:\"pa_product-brand\";a:6:{s:4:\"name\";s:16:\"pa_product-brand\";s:5:\"value\";s:0:\"\";s:8:\"position\";i:0;s:10:\"is_visible\";i:1;s:12:\"is_variation\";i:0;s:11:\"is_taxonomy\";i:1;}s:11:\"pa_capacity\";a:6:{s:4:\"name\";s:11:\"pa_capacity\";s:5:\"value\";s:0:\"\";s:8:\"position\";i:1;s:10:\"is_visible\";i:1;s:12:\"is_variation\";i:0;s:11:\"is_taxonomy\";i:1;}s:14:\"pa_temperature\";a:6:{s:4:\"name\";s:14:\"pa_temperature\";s:5:\"value\";s:0:\"\";s:8:\"position\";i:2;s:10:\"is_visible\";i:1;s:12:\"is_variation\";i:0;s:11:\"is_taxonomy\";i:1;}s:15:\"pa_product-type\";a:6:{s:4:\"name\";s:15:\"pa_product-type\";s:5:\"value\";s:0:\"\";s:8:\"position\";i:3;s:10:\"is_visible\";i:1;s:12:\"is_variation\";i:0;s:11:\"is_taxonomy\";i:1;}}"],"_product_image_gallery":["33513"],"_thumbnail_id":["33512"],"_crosssell_ids":["a:0:{}"],"_last_translation_edit_mode":["translation-editor"],"connectivity":[""],"_calibration":["field_66a0ddd599972"],"hubwoo_ecomm_pro_id":["21199740740"],"_wpml_word_count":["153"],"min_temp":["1"],"max_temp":["10"],"_min_temp":["field_67ea5eb4e0a77"],"_max_temp":["field_67ea5f81e0a79"],"rank_math_primary_product_cat":["411"],"_other_features_arctiko":["field_668524f8c98a4"],"shipping":["<table class=\"specifications\">\n<tbody>\n<tr class=\"even-row\">\n<td class=\"left-td\">Peso de env\u00edo (KG)<\/td>\n<td>83<\/td>\n<\/tr>\n<tr class=\"even-row\">\n<td class=\"left-td\">Dimensiones de env\u00edo AnxPxAl (Cm)<\/td>\n<td>81x69x103<\/td>\n<\/tr>\n<tr class=\"even-row\">\n<td class=\"left-td\">Volumen de env\u00edo (M\u00b3)<\/td>\n<td>0,58<\/td>\n<\/tr>\n<\/tbody>\n<\/table>"],"_regular_price":["4545"],"_price":["4545"],"_other_features":["field_686fa2aa98dce"],"rank_math_description":["Mejora tu laboratorio con el frigor\u00edfico biom\u00e9dico bajo encimera PR 100\u00ae, que ofrece 94 L de capacidad y un rango de +1 a +10 \u00b0C para un almacenamiento biom\u00e9dico preciso."],"rank_math_focus_keyword":["Frigor\u00edfico biom\u00e9dico"],"display_data_alarm":["<table class=\"specifications\">\n<tbody>\n<tr class=\"even-row\">\n<td class=\"left-td\">Visualizaci\u00f3n de Alarma Como Texto - No C\u00f3digos<\/td>\n<td>S\u00ed<\/td>\n<\/tr>\n<tr class=\"odd-row\">\n<td class=\"left-td\">Alarma Visual \/ Ac\u00fastica<\/td>\n<td>S\u00ed \/ S\u00ed<\/td>\n<\/tr>\n<tr class=\"even-row\">\n<td class=\"left-td\">Alarma de fallo de alimentaci\u00f3n<\/td>\n<td>S\u00ed<\/td>\n<\/tr>\n<tr class=\"odd-row\">\n<td class=\"left-td\">Alarma ajustable de temperatura alta\/baja<\/td>\n<td>S\u00ed \/ S\u00ed<\/td>\n<\/tr>\n<tr class=\"even-row\">\n<td class=\"left-td\">Alarma de puerta abierta<\/td>\n<td>S\u00ed<\/td>\n<\/tr>\n<tr class=\"odd-row\">\n<td class=\"left-td\">Alarma de fallo de sonda<\/td>\n<td>S\u00ed<\/td>\n<\/tr>\n<tr class=\"even-row\">\n<td class=\"left-td\">Alarma de bater\u00eda baja<\/td>\n<td>S\u00ed<\/td>\n<\/tr>\n<tr class=\"even-row\">\n<td class=\"left-td\">Alarma de fallo del compresor<\/td>\n<td>No<\/td>\n<\/tr>\n<tr class=\"odd-row\">\n<td class=\"left-td\">Contacto sin tensi\u00f3n para alarma remota (por ejemplo, m\u00f3dulo de alarma GSM)<\/td>\n<td>S\u00ed<\/td>\n<\/tr>\n<tr class=\"even-row\">\n<td class=\"left-td\">Registrador electr\u00f3nico de datos<\/td>\n<td>S\u00ed<\/td>\n<\/tr>\n<tr class=\"odd-row\">\n<td class=\"left-td\">Puerto RS485<\/td>\n<td>S\u00ed<\/td>\n<\/tr>\n<tr class=\"odd-row\">\n<td class=\"left-td\">Puerto USB para actualizaci\u00f3n de software y descarga de datos<\/td>\n<td>S\u00ed<\/td>\n<\/tr>\n<tr class=\"odd-row\">\n<td class=\"left-td\">Registrador gr\u00e1fico de temperatura<\/td>\n<td>Opcional<\/td>\n<\/tr>\n<tr class=\"even-row\">\n<td class=\"left-td\">Tipo de pantalla<\/td>\n<td>4,3'' con botones t\u00e1ctiles<\/td>\n<\/tr>\n<tr class=\"odd-row\">\n<td class=\"left-td\">N\u00famero De Sondas De Referencia Opcionales<\/td>\n<td>2<\/td>\n<\/tr>\n<tr class=\"odd-row\">\n<td class=\"left-td\">Protecci\u00f3n por contrase\u00f1a para encender y apagar la unidad<\/td>\n<td>S\u00ed<\/td>\n<\/tr>\n<tr class=\"odd-row\">\n<td class=\"left-td\">Gr\u00e1fico de temperatura en pantalla<\/td>\n<td>S\u00ed<\/td>\n<\/tr>\n<\/tbody>\n<\/table>"],"resources":["<ul class=\"resources-list\">\n \t<li><img src=\"https:\/\/praxas.com\/wp-content\/uploads\/document-icon.png\" alt=\"Icono de documento\"><a href=\"https:\/\/arctiko.com\/wp-content\/uploads\/pr-100_datasheet_15-12-22_v2.pdf\" target=\"_blank\" rel=\"noopener\">Ficha t\u00e9cnica del producto PR 100<\/a><\/li>\n \t<li><img src=\"https:\/\/praxas.com\/wp-content\/uploads\/document-icon.png\" alt=\"Icono de documento\"><a href=\"https:\/\/arctiko.com\/wp-content\/uploads\/5080021-12-gb-operating-instructions-laboratory-pharmaceutical-unit.pdf\" target=\"_blank\" rel=\"noopener\">Instrucciones de uso Unidad de Laboratorio y Farmacia<\/a><\/li>\n \t<li><img src=\"https:\/\/praxas.com\/wp-content\/uploads\/document-icon.png\" alt=\"Icono de documento\"><a href=\"https:\/\/arctiko.com\/wp-content\/uploads\/5086003-08-wiring-diagram-mbr_pr_-100-300_500_700_900_-st.pdf\" target=\"_blank\" rel=\"noopener\">Esquema el\u00e9ctrico PR 100<\/a><\/li>\n \t<li><img src=\"https:\/\/praxas.com\/wp-content\/uploads\/document-icon.png\" alt=\"Icono de documento\"><a href=\"https:\/\/arctiko.com\/wp-content\/uploads\/5088122-01-dimension-drawing-pr-100-pr-100-st-pf100-pf100-st.pdf\" target=\"_blank\" rel=\"noopener\">Dibujo acotado PR 100<\/a><\/li>\n \t<li><img src=\"https:\/\/praxas.com\/wp-content\/uploads\/document-icon.png\" alt=\"Icono de documento\"><a href=\"https:\/\/arctiko.com\/wp-content\/uploads\/5082536-03-safety-datasheet-r290.pdf\" target=\"_blank\" rel=\"noopener\">Ficha de seguridad R600a<\/a><\/li>\n \t<li><img src=\"https:\/\/praxas.com\/wp-content\/uploads\/document-icon.png\" alt=\"Icono de documento\"><a href=\"https:\/\/arctiko.com\/wp-content\/uploads\/5082011-12-ce-certifikat-pr-100_300_500_700_1400-st.pdf\" target=\"_blank\" rel=\"noopener\">Certificado CE PR 100\/270-2\/300\/500\/700\/1400<\/a><\/li>\n \t<li><img src=\"https:\/\/praxas.com\/wp-content\/uploads\/document-icon.png\" alt=\"Icono de documento\"><a href=\"https:\/\/arctiko.com\/wp-content\/uploads\/2022-certifikat-iso-9001-arctiko-as.pdf\" target=\"_blank\" rel=\"noopener\">ISO 9001<\/a><\/li>\n \t<li><img src=\"https:\/\/praxas.com\/wp-content\/uploads\/document-icon.png\" alt=\"Icono de documento\"><a href=\"https:\/\/arctiko.com\/wp-content\/uploads\/5082269-01-ukca-certificate-pr-100.pdf\" target=\"_blank\" rel=\"noopener\">Certificado UKCA PR 100<\/a><\/li>\n<\/ul>"],"other_features":["<table class=\"specifications\">\n<tbody>\n<tr class=\"even-row\">\n<td class=\"left-td\">Desescarche autom\u00e1tico<\/td>\n<td>S\u00ed<\/td>\n<\/tr>\n<tr class=\"odd-row\">\n<td class=\"left-td\">Funci\u00f3n anticongelante<\/td>\n<td>No<\/td>\n<\/tr>\n<tr class=\"odd-row\">\n<td class=\"left-td\">Puerto de liberaci\u00f3n de vac\u00edo<\/td>\n<td>No<\/td>\n<\/tr>\n<tr class=\"even-row\">\n<td class=\"left-td\">Puerto de acceso para sonda externa, etc. (Di\u00e1metro int. mm)<\/td>\n<td>Opcional<\/td>\n<\/tr>\n<tr class=\"odd-row\">\n<td class=\"left-td\">Luz<\/td>\n<td>S\u00ed<\/td>\n<\/tr>\n<tr class=\"even-row\">\n<td class=\"left-td\">Cerradura con llave<\/td>\n<td>S\u00ed<\/td>\n<\/tr>\n<tr class=\"odd-row\">\n<td class=\"left-td\">Ruedas (Total Piezas) \/ Ruedas Con Freno (Piezas))<\/td>\n<td>2 ruedas \/ 0<\/td>\n<\/tr>\n<tr class=\"odd-row\">\n<td class=\"left-td\">Pies fijos (uds.) \/ Pies niveladores (uds.)<\/td>\n<td>No<\/td>\n<\/tr>\n<tr class=\"even-row\">\n<td class=\"left-td\">Subtapas O Puertas Interiores (uds.)<\/td>\n<td>No<\/td>\n<\/tr>\n<tr class=\"even-row\">\n<td class=\"left-td\">Puertas reversibles (uds.)<\/td>\n<td>S\u00ed<\/td>\n<\/tr>\n<tr class=\"odd-row\">\n<td class=\"left-td\">Estantes Fijos (Uds.) \/ Estantes Ajustables (Uds.)<\/td>\n<td>0 \/ 2<\/td>\n<\/tr>\n<tr class=\"even-row\">\n<td class=\"left-td\">M\u00e1x. No. De Estantes (Uds.) \/ Max. Recomendado No. De Estantes (uds.)<\/td>\n<td>5\/3<\/td>\n<\/tr>\n<tr class=\"odd-row\">\n<td class=\"left-td\">Carga m\u00e1xima por balda (Kg)<\/td>\n<td>30<\/td>\n<\/tr>\n<\/tbody>\n<\/table>"],"refrigerant_cabinet":["<table class=\"specifications\">\n<tbody>\n<tr class=\"even-row\">\n<td class=\"left-td\">N\u00famero de compresores<\/td>\n<td>1<\/td>\n<\/tr>\n<tr class=\"odd-row\">\n<td class=\"left-td\">Refrigerante<\/td>\n<td>R290<\/td>\n<\/tr>\n<tr class=\"even-row\">\n<td class=\"left-td\">Material del armario interior<\/td>\n<td>Acero inoxidable<\/td>\n<\/tr>\n<tr class=\"odd-row\">\n<td class=\"left-td\">Material exterior del armario<\/td>\n<td>Acero pintado<\/td>\n<\/tr>\n<tr class=\"even-row\">\n<td class=\"left-td\">Color (armario exterior)<\/td>\n<td>Blanco<\/td>\n<\/tr>\n<tr class=\"odd-row\">\n<td class=\"left-td\">Agente espumante<\/td>\n<td>Poliuretano<\/td>\n<\/tr>\n<tr class=\"odd-row\">\n<td class=\"left-td\">Paneles VIP aislados al vac\u00edo<\/td>\n<td>No<\/td>\n<\/tr>\n<\/tbody>\n<\/table>"],"main_specifications":["<table class=\"specifications\">\n<tbody>\n<tr>\n<td class=\"left-td\">C\u00f3digo del art\u00edculo<\/td>\n<td>DAI 0895<\/td>\n<\/tr>\n<tr>\n<td class=\"left-td\">Rango de temperatura (\u00b0C)<\/td>\n<td>+1 \/ +10 \u00b0C<\/td>\n<\/tr>\n<tr>\n<td class=\"left-td\">Rango de temperatura (\u00b0F)<\/td>\n<td>+35.6 \/ +50 \u00b0F<\/td>\n<\/tr>\n<tr class=\"odd-row\">\n<td class=\"left-td\">M\u00e1x. Temperatura ambiente (\u00b0C)<\/td>\n<td>+32 \u00b0C<\/td>\n<\/tr>\n<tr class=\"even-row\">\n<td class=\"left-td\">Capacidad (L)<\/td>\n<td>94<\/td>\n<\/tr>\n<tr>\n<td class=\"left-td\">Dimensiones exteriores AnxPrxAl (mm)<\/td>\n<td>610x659x790<\/td>\n<\/tr>\n<tr class=\"even-row\">\n<td class=\"left-td\">Dimensiones interiores AnxPrxAl (mm)<\/td>\n<td>490x440x434<\/td>\n<\/tr>\n<tr class=\"even-row\">\n<td class=\"left-td\">Peso (KG)<\/td>\n<td>61<\/td>\n<\/tr>\n<tr class=\"even-row\">\n<td class=\"left-td\">Aislamiento (mm)<\/td>\n<td>60<\/td>\n<\/tr>\n<tr class=\"even-row\">\n<td class=\"left-td\">Tecnolog\u00eda de refrigeraci\u00f3n<\/td>\n<td>Aire forzado<\/td>\n<\/tr>\n<tr class=\"odd-row\">\n<td class=\"left-td\">Modelo de controlador \/ Tipo de sonda<\/td>\n<td>Arctiko G 214\u00ae \/ Pt1000<\/td>\n<\/tr>\n<tr class=\"even-row\">\n<td class=\"left-td\">Fuente de alimentaci\u00f3n (V)<\/td>\n<td>230*<\/td>\n<\/tr>\n<tr class=\"odd-row\">\n<td class=\"left-td\">Frecuencia (Hz)<\/td>\n<td>50\/60<\/td>\n<\/tr>\n<tr>\n<td class=\"left-td\">Consumo de energ\u00eda (KWHH\/24H)<\/td>\n<td>4.2<\/td>\n<\/tr>\n<tr>\n<td class=\"left-td\">AMP (A)<\/td>\n<td>1.6<\/td>\n<\/tr>\n<tr>\n<td class=\"left-td\">Potencia (vatios)<\/td>\n<td>254<\/td>\n<\/tr>\n<tr>\n<td class=\"left-td\">Potencia en caballos (CV)<\/td>\n<td>1\/8<\/td>\n<\/tr>\n<\/tbody>\n<\/table>\n*110V\/60Hz disponible como opci\u00f3n"],"other_features_arctiko":["<table class=\"specifications\">\n<tbody>\n<tr class=\"even-row\">\n<td class=\"left-td\">Desescarche autom\u00e1tico<\/td>\n<td>S\u00ed<\/td>\n<\/tr>\n<tr class=\"odd-row\">\n<td class=\"left-td\">Funci\u00f3n anticongelante<\/td>\n<td>No<\/td>\n<\/tr>\n<tr class=\"odd-row\">\n<td class=\"left-td\">Puerto de liberaci\u00f3n de vac\u00edo<\/td>\n<td>No<\/td>\n<\/tr>\n<tr class=\"even-row\">\n<td class=\"left-td\">Puerto de acceso para sonda externa, etc. (Di\u00e1metro int. mm)<\/td>\n<td>Opcional<\/td>\n<\/tr>\n<tr class=\"odd-row\">\n<td class=\"left-td\">Luz<\/td>\n<td>S\u00ed<\/td>\n<\/tr>\n<tr class=\"even-row\">\n<td class=\"left-td\">Cerradura con llave<\/td>\n<td>S\u00ed<\/td>\n<\/tr>\n<tr class=\"odd-row\">\n<td class=\"left-td\">Ruedas (Total Piezas) \/ Ruedas Con Freno (Piezas))<\/td>\n<td>2 ruedas \/ 0<\/td>\n<\/tr>\n<tr class=\"odd-row\">\n<td class=\"left-td\">Pies fijos (uds.) \/ Pies niveladores (uds.)<\/td>\n<td>No<\/td>\n<\/tr>\n<tr class=\"even-row\">\n<td class=\"left-td\">Subtapas O Puertas Interiores (uds.)<\/td>\n<td>No<\/td>\n<\/tr>\n<tr class=\"even-row\">\n<td class=\"left-td\">Puertas reversibles (uds.)<\/td>\n<td>S\u00ed<\/td>\n<\/tr>\n<tr class=\"odd-row\">\n<td class=\"left-td\">Estantes Fijos (Uds.) \/ Estantes Ajustables (Uds.)<\/td>\n<td>0 \/ 2<\/td>\n<\/tr>\n<tr class=\"even-row\">\n<td class=\"left-td\">M\u00e1x. No. De Estantes (Uds.) \/ Max. Recomendado No. De Estantes (uds.)<\/td>\n<td>5\/3<\/td>\n<\/tr>\n<tr class=\"odd-row\">\n<td class=\"left-td\">Carga m\u00e1xima por balda (Kg)<\/td>\n<td>30<\/td>\n<\/tr>\n<\/tbody>\n<\/table>"],"_uag_page_assets":["a:9:{s:3:\"css\";s:0:\"\";s:2:\"js\";s:0:\"\";s:18:\"current_block_list\";a:0:{}s:8:\"uag_flag\";b:0;s:11:\"uag_version\";s:10:\"1775212209\";s:6:\"gfonts\";a:0:{}s:10:\"gfonts_url\";s:0:\"\";s:12:\"gfonts_files\";a:0:{}s:14:\"uag_faq_layout\";b:0;}"],"_max_variation_price":[""],"_max_variation_regular_price":[""],"_max_variation_sale_price":[""],"_min_variation_price":[""],"_min_variation_regular_price":[""],"_min_variation_sale_price":[""],"_sale_price":[""],"_wc_pb_base_regular_price":[""],"_wc_pb_base_sale_price":[""],"_wc_pb_base_price":[""],"_wc_sw_max_price":[""],"_wc_sw_max_regular_price":[""],"_wc_rating_count":[""],"_wc_review_count":[""],"_wc_average_rating":[0]},"uagb_featured_image_src":{"full":["https:\/\/praxas.com\/wp-content\/uploads\/PR_PF-100.jpg",800,463,false],"thumbnail":["https:\/\/praxas.com\/wp-content\/uploads\/PR_PF-100-150x150.jpg",150,150,true],"medium":["https:\/\/praxas.com\/wp-content\/uploads\/PR_PF-100-300x174.jpg",300,174,true],"medium_large":["https:\/\/praxas.com\/wp-content\/uploads\/PR_PF-100-768x444.jpg",768,444,true],"large":["https:\/\/praxas.com\/wp-content\/uploads\/PR_PF-100.jpg",800,463,false],"1536x1536":["https:\/\/praxas.com\/wp-content\/uploads\/PR_PF-100.jpg",800,463,false],"2048x2048":["https:\/\/praxas.com\/wp-content\/uploads\/PR_PF-100.jpg",800,463,false],"crunchify-admin-post-featured-image":["https:\/\/praxas.com\/wp-content\/uploads\/PR_PF-100-120x69.jpg",120,69,true],"commercegurus-pdp-large":["https:\/\/praxas.com\/wp-content\/uploads\/PR_PF-100.jpg",800,463,false],"commercegurus-plp-mobile":["https:\/\/praxas.com\/wp-content\/uploads\/PR_PF-100-441x255.jpg",441,255,true],"cgkit_image_swatch":["https:\/\/praxas.com\/wp-content\/uploads\/PR_PF-100-100x100.jpg",100,100,true],"woocommerce_thumbnail":["https:\/\/praxas.com\/wp-content\/uploads\/PR_PF-100-350x203.jpg",350,203,true],"woocommerce_single":["https:\/\/praxas.com\/wp-content\/uploads\/PR_PF-100.jpg",800,463,false],"woocommerce_gallery_thumbnail":["https:\/\/praxas.com\/wp-content\/uploads\/PR_PF-100-150x87.jpg",150,87,true]},"uagb_author_info":{"display_name":"Alex James","author_link":"https:\/\/praxas.com\/es\/author\/"},"uagb_comment_info":0,"uagb_excerpt":"+1 \u00b0C\/ +10 \u00b0C Modelo de sobremesa\/bajo mostrador - 94 L. Refrigeraci\u00f3n por aire forzado Interior de acero inoxidable Estantes regulables Cerradura con llave en la puerta Desescarche autom\u00e1tico Disponible con ATEX","_links":{"self":[{"href":"https:\/\/praxas.com\/es\/wp-json\/wp\/v2\/product\/33511","targetHints":{"allow":["GET"]}}],"collection":[{"href":"https:\/\/praxas.com\/es\/wp-json\/wp\/v2\/product"}],"about":[{"href":"https:\/\/praxas.com\/es\/wp-json\/wp\/v2\/types\/product"}],"wp:featuredmedia":[{"embeddable":true,"href":"https:\/\/praxas.com\/es\/wp-json\/wp\/v2\/media\/33512"}],"wp:attachment":[{"href":"https:\/\/praxas.com\/es\/wp-json\/wp\/v2\/media?parent=33511"}],"wp:term":[{"taxonomy":"product_brand","embeddable":true,"href":"https:\/\/praxas.com\/es\/wp-json\/wp\/v2\/product_brand?post=33511"},{"taxonomy":"product_cat","embeddable":true,"href":"https:\/\/praxas.com\/es\/wp-json\/wp\/v2\/product_cat?post=33511"},{"taxonomy":"product_tag","embeddable":true,"href":"https:\/\/praxas.com\/es\/wp-json\/wp\/v2\/product_tag?post=33511"}],"curies":[{"name":"wp","href":"https:\/\/api.w.org\/{rel}","templated":true}]}}