{"id":33578,"date":"2024-06-12T16:06:24","date_gmt":"2024-06-12T14:06:24","guid":{"rendered":"https:\/\/staging.praxas.com\/product\/sin%20categor\u00eda\/estacion-de-lectura-lti-hid\/"},"modified":"2025-10-08T18:14:53","modified_gmt":"2025-10-08T16:14:53","slug":"estacion-de-lectura-lti-hid","status":"publish","type":"product","link":"https:\/\/praxas.com\/es\/product\/registradores-de-datos\/accesorios-es\/estacion-de-lectura-lti-hid\/","title":{"rendered":"Estaci\u00f3n de lectura LTI-HID"},"content":{"rendered":"<p>Leer los datos medidos no supone ning\u00fan esfuerzo con la Estaci\u00f3n de Lectura USB con Interfaz LTI-HID LogTag. Este dispositivo te permite transferir datos de forma r\u00e1pida y fiable desde tu Grabadora LogTag a tu PC. Equipada con la \u00faltima tecnolog\u00eda, lee todos los datos en el software LogTag Analyser en cuesti\u00f3n de segundos, lo que la convierte en la estaci\u00f3n de lectura m\u00e1s r\u00e1pida del mercado.<\/p>\n<p>Con la compra de la estaci\u00f3n de lectura, puedes utilizar gratuitamente el software LogTag Analyser. Este programa te permite configurar, descargar y visualizar los datos de los registradores de temperatura y humedad LogTag. Los datos tambi\u00e9n se pueden exportar f\u00e1cilmente a otros formatos, como Excel.<\/p>\n<p><strong>Ventajas de la estaci\u00f3n de lectura USB con interfaz LTI-HID LogTag:<\/strong><\/p>\n<ul>\n<li>El m\u00e1s r\u00e1pido del mercado<\/li>\n<li>Software gratuito LogTag Analyser<\/li>\n<li>F\u00e1cil de usar<\/li>\n<li>Transfiere datos a tu PC de forma fiable<\/li>\n<li>F\u00e1cil exportaci\u00f3n de datos<\/li>\n<\/ul>\n","protected":false},"excerpt":{"rendered":"<ul>\n<li>Software gratuito LogTag Analyzer<\/li>\n<li>Cable USB<\/li>\n<li>R\u00e1pido y fiable<\/li>\n<li>Resistente a la humedad y la suciedad<\/li>\n<\/ul>\n","protected":false},"featured_media":33579,"template":"","meta":{"_acf_changed":false,"content-type":"","_uag_custom_page_level_css":""},"product_brand":[],"product_cat":[1553],"product_tag":[2515],"class_list":{"0":"post-33578","1":"product","2":"type-product","3":"status-publish","4":"has-post-thumbnail","6":"product_cat-accesorios-es","7":"product_tag-logtag-es","9":"first","10":"instock","11":"taxable","12":"shipping-taxable","13":"purchasable","14":"product-type-simple"},"bundled_by":[],"bundle_stock_status":"instock","bundle_stock_quantity":null,"bundle_virtual":false,"bundle_layout":"","bundle_add_to_cart_form_location":"","bundle_editable_in_cart":false,"bundle_sold_individually_context":"","bundle_item_grouping":"","bundle_min_size":"","bundle_max_size":"","bundle_price":[],"bundled_items":[],"bundle_sell_ids":[],"acf":[],"spectra_custom_meta":{"_backorders":["no"],"_download_limit":["-1"],"_download_expiry":["-1"],"_downloadable":["no"],"_manage_stock":["no"],"_sku":["LTI-HID"],"_stock_status":["instock"],"_sold_individually":["no"],"_tax_class":[""],"_tax_status":["taxable"],"_virtual":["no"],"_width":["0"],"_height":["0"],"_length":["0"],"total_sales":["26"],"product_datasheet":[""],"_product_datasheet":["field_650ad7d6ea3a0"],"_connectivity":["field_64dce263bb57c"],"brand":["LogTag"],"_brand":["field_64ddf62ed2593"],"brand_image":[""],"_brand_image":["field_650c5e7c84cae"],"_specifications_table":["field_65044e1db92a8"],"_resources":["field_650849c6945ee"],"_accessories":["field_650849e6945f0"],"_faqs":["field_650859523d8d5"],"_calibration_suitable_ids_gb":["field_654b4c4acb54a"],"_calibration_suitable_ids_us":["field_654b4c56cb54b"],"_show_in_calibration_suitable":["field_654cfb691d345"],"_usd_price_4":["field_651570dcac479"],"_usd_price_9":["field_6515713eb4807"],"_usd_price_24":["field_65157141b4809"],"_usd_price_49":["field_65157140b4808"],"_usd_price_99":["field_6515715bb480a"],"_gbp_price_4":["field_6515716e83bfa"],"_gbp_price_9":["field_6515724783bfb"],"_gbp_price_24":["field_6515724b83bfc"],"_gbp_price_49":["field_6515725983bfd"],"_gbp_price_99":["field_6515725d83bfe"],"_usdhk_price_4":["field_6515726f83bff"],"_usdhk_price_9":["field_6515727c83c00"],"_usdhk_price_24":["field_6515728083c01"],"_usdhk_price_49":["field_6515728983c02"],"_usdhk_price_99":["field_6515728e83c03"],"stock_options":["In stock"],"_stock_options":["field_6544b605dc7f9"],"_top_nav_excluded":[""],"_cms_nav_minihome":[""],"wcml_sync_hash":["a:1:{s:15:\"postmeta_fields\";s:32:\"a87ab8f2572d857fc4600700964db5e9\";}"],"attr_label_translations":["a:0:{}"],"_product_attributes":["a:1:{s:16:\"pa_product-brand\";a:6:{s:4:\"name\";s:16:\"pa_product-brand\";s:5:\"value\";s:0:\"\";s:8:\"position\";i:0;s:10:\"is_visible\";i:1;s:12:\"is_variation\";i:0;s:11:\"is_taxonomy\";i:1;}}"],"_product_image_gallery":["33580"],"_thumbnail_id":["33579"],"_crosssell_ids":["a:0:{}"],"connectivity":["USB"],"_display_data_alarm":["field_667d647bcb066"],"_other_features":["field_668524f8c98a4"],"_shipping":["field_66852535c98a5"],"_refrigerant_cabinet":["field_66852557c98a6"],"_main_specifications":["field_66855b25b1245"],"_last_translation_edit_mode":["translation-editor"],"_calibration":["field_66a0ddd599972"],"_edit_lock":["1724255436:8383"],"classic-editor-remember":["classic-editor"],"rank_math_seo_score":["89"],"rank_math_contentai_score":["a:5:{s:8:\"keywords\";s:5:\"74.51\";s:9:\"wordCount\";s:1:\"0\";s:9:\"linkCount\";s:1:\"0\";s:12:\"headingCount\";s:1:\"0\";s:10:\"mediaCount\";s:1:\"0\";}"],"_edit_last":["8383"],"commercekit_gallery_layout":[""],"commercekit_disable_sticky_atc":["0"],"commercekit_wc_video_gallery":["a:0:{}"],"_rank_math_gtin_code":[""],"_wcml_average_rating":[null],"_wcml_review_count":[null],"_wcml_rating_count":[null],"_stock":[null],"_wc_average_rating":[0],"_wc_review_count":["0"],"_product_version":["9.1.4"],"usd_price_4":[""],"usd_price_9":[""],"usd_price_24":[""],"usd_price_49":[""],"usd_price_99":[""],"gbp_price_4":[""],"gbp_price_9":[""],"gbp_price_24":[""],"gbp_price_49":[""],"gbp_price_99":[""],"usdhk_price_4":[""],"usdhk_price_9":[""],"usdhk_price_24":[""],"usdhk_price_49":[""],"usdhk_price_99":[""],"display_data_alarm":[""],"calibration":[""],"accessories":[""],"faqs":[""],"calibration_suitable_ids_gb":[""],"calibration_suitable_ids_us":[""],"show_in_calibration_suitable":[""],"other_features":[""],"shipping":[""],"refrigerant_cabinet":[""],"main_specifications":[""],"shoptimizer_layout_pdp_short_description_position":["default"],"rank_math_analytic_object_id":["702"],"_wpml_media_duplicate":["1"],"_wpml_media_featured":["1"],"_regular_price":["45.50"],"_price":["45.50"],"_weight":["0.074"],"rank_math_primary_product_cat":["147"],"min_temp":[""],"max_temp":[""],"_min_temp":["field_67ea5eb4e0a77"],"_max_temp":["field_67ea5f81e0a79"],"_wpml_word_count":["177"],"_global_unique_id":["850040258196"],"hubwoo_ecomm_pro_id":["25303152721"],"rank_math_title":["Estaci\u00f3n de lectura LogTag LTI-HID %sep% %sitename%"],"rank_math_description":["Lee los datos medidos de tu registrador LogTag de forma r\u00e1pida y fiable con el LTI-HID. Descubre m\u00e1s con Praxas."],"rank_math_focus_keyword":["LTI-HID"],"specifications_table":["<table class=\"specifications\">\n<tbody>\n<tr>\n<td class=\"left-td\">Temperatura de funcionamiento<\/td>\n<td>-20\u00b0C a +60\u00b0C<\/td>\n<\/tr>\n<tr>\n<td class=\"left-td\">Temperatura de almacenamiento<\/td>\n<td>-40\u00b0C a +70\u00b0C<\/td>\n<\/tr>\n<tr>\n<td class=\"left-td\">USB est\u00e1ndar<\/td>\n<td>2.0<\/td>\n<\/tr>\n<tr>\n<td class=\"left-td\">Medioambiental<\/td>\n<td>IP50 (s\u00f3lo para uso en interiores)<\/td>\n<\/tr>\n<tr>\n<td class=\"left-td\">Indicadores<\/td>\n<td>LED verde \"Actividad\", LED rojo \"Ocupado\/Error<\/td>\n<\/tr>\n<tr>\n<td class=\"left-td\">Capacidad de software<\/td>\n<td>LTA 2.9r2, LTA 3.0r8, LTX 1.1r1, LogTag Online<\/td>\n<\/tr>\n<tr>\n<td class=\"left-td\">Fuente de alimentaci\u00f3n<\/td>\n<td>Alimentaci\u00f3n desde el ordenador<\/td>\n<\/tr>\n<tr>\n<td class=\"left-td\">Conexi\u00f3n<\/td>\n<td>USB Micro<\/td>\n<\/tr>\n<tr>\n<td class=\"left-td\">Tama\u00f1o<\/td>\n<td>45 mm(alto) x 85 mm(ancho) x 71 mm(fondo), sin incluir el cable<\/td>\n<\/tr>\n<tr>\n<td class=\"left-td\">Peso<\/td>\n<td>74 g, sin incluir el cable<\/td>\n<\/tr>\n<tr>\n<td class=\"left-td\">Material de la carcasa<\/td>\n<td>Policarbonato, ABS<\/td>\n<\/tr>\n<tr>\n<td class=\"left-td\">Accesorios<\/td>\n<td>Cable USB de 1,0 m<\/td>\n<\/tr>\n<\/tbody>\n<\/table>"],"resources":["<img src=\"https:\/\/praxas.com\/wp-content\/uploads\/document-icon.png\" alt=\"Icono de documento\"><a href=\"https:\/\/praxas.com\/wp-content\/uploads\/LogTag_LTI-HID_Brochure.pdf\">Folleto LogTag LTI-HID<\/a>\n\n<a href=\"https:\/\/praxas.com\/wp-content\/uploads\/LTI-HID-Quick-Start-Guide.pdf\"><img src=\"https:\/\/praxas.com\/wp-content\/uploads\/document-icon.png\" alt=\"Icono de documento\">Gu\u00eda de inicio r\u00e1pido de LogTag LTI-HID<\/a>\n\n\u00a0"],"_uag_page_assets":["a:9:{s:3:\"css\";s:0:\"\";s:2:\"js\";s:0:\"\";s:18:\"current_block_list\";a:0:{}s:8:\"uag_flag\";b:0;s:11:\"uag_version\";s:10:\"1777052440\";s:6:\"gfonts\";a:0:{}s:10:\"gfonts_url\";s:0:\"\";s:12:\"gfonts_files\";a:0:{}s:14:\"uag_faq_layout\";b:0;}"],"_max_variation_price":[""],"_max_variation_regular_price":[""],"_max_variation_sale_price":[""],"_min_variation_price":[""],"_min_variation_regular_price":[""],"_min_variation_sale_price":[""],"_sale_price":[""],"_wc_pb_base_regular_price":[""],"_wc_pb_base_sale_price":[""],"_wc_pb_base_price":[""],"_wc_sw_max_price":[""],"_wc_sw_max_regular_price":[""],"_wc_rating_count":[""]},"uagb_featured_image_src":{"full":["https:\/\/praxas.com\/wp-content\/uploads\/logtag-logtag-lti-hid-interface-usb-reading-statio-800px.jpg",800,463,false],"thumbnail":["https:\/\/praxas.com\/wp-content\/uploads\/logtag-logtag-lti-hid-interface-usb-reading-statio-800px-150x150.jpg",150,150,true],"medium":["https:\/\/praxas.com\/wp-content\/uploads\/logtag-logtag-lti-hid-interface-usb-reading-statio-800px-300x174.jpg",300,174,true],"medium_large":["https:\/\/praxas.com\/wp-content\/uploads\/logtag-logtag-lti-hid-interface-usb-reading-statio-800px-768x444.jpg",768,444,true],"large":["https:\/\/praxas.com\/wp-content\/uploads\/logtag-logtag-lti-hid-interface-usb-reading-statio-800px.jpg",800,463,false],"1536x1536":["https:\/\/praxas.com\/wp-content\/uploads\/logtag-logtag-lti-hid-interface-usb-reading-statio-800px.jpg",800,463,false],"2048x2048":["https:\/\/praxas.com\/wp-content\/uploads\/logtag-logtag-lti-hid-interface-usb-reading-statio-800px.jpg",800,463,false],"crunchify-admin-post-featured-image":["https:\/\/praxas.com\/wp-content\/uploads\/logtag-logtag-lti-hid-interface-usb-reading-statio-800px-120x69.jpg",120,69,true],"commercegurus-pdp-large":["https:\/\/praxas.com\/wp-content\/uploads\/logtag-logtag-lti-hid-interface-usb-reading-statio-800px.jpg",800,463,false],"commercegurus-plp-mobile":["https:\/\/praxas.com\/wp-content\/uploads\/logtag-logtag-lti-hid-interface-usb-reading-statio-800px-441x255.jpg",441,255,true],"cgkit_image_swatch":["https:\/\/praxas.com\/wp-content\/uploads\/logtag-logtag-lti-hid-interface-usb-reading-statio-800px-100x100.jpg",100,100,true],"woocommerce_thumbnail":["https:\/\/praxas.com\/wp-content\/uploads\/logtag-logtag-lti-hid-interface-usb-reading-statio-800px-350x203.jpg",350,203,true],"woocommerce_single":["https:\/\/praxas.com\/wp-content\/uploads\/logtag-logtag-lti-hid-interface-usb-reading-statio-800px.jpg",800,463,false],"woocommerce_gallery_thumbnail":["https:\/\/praxas.com\/wp-content\/uploads\/logtag-logtag-lti-hid-interface-usb-reading-statio-800px-150x87.jpg",150,87,true]},"uagb_author_info":{"display_name":"Beth Foord","author_link":"https:\/\/praxas.com\/es\/author\/"},"uagb_comment_info":0,"uagb_excerpt":"Software gratuito LogTag Analyzer Cable USB R\u00e1pido y fiable Resistente a la humedad y la suciedad","_links":{"self":[{"href":"https:\/\/praxas.com\/es\/wp-json\/wp\/v2\/product\/33578","targetHints":{"allow":["GET"]}}],"collection":[{"href":"https:\/\/praxas.com\/es\/wp-json\/wp\/v2\/product"}],"about":[{"href":"https:\/\/praxas.com\/es\/wp-json\/wp\/v2\/types\/product"}],"wp:featuredmedia":[{"embeddable":true,"href":"https:\/\/praxas.com\/es\/wp-json\/wp\/v2\/media\/33579"}],"wp:attachment":[{"href":"https:\/\/praxas.com\/es\/wp-json\/wp\/v2\/media?parent=33578"}],"wp:term":[{"taxonomy":"product_brand","embeddable":true,"href":"https:\/\/praxas.com\/es\/wp-json\/wp\/v2\/product_brand?post=33578"},{"taxonomy":"product_cat","embeddable":true,"href":"https:\/\/praxas.com\/es\/wp-json\/wp\/v2\/product_cat?post=33578"},{"taxonomy":"product_tag","embeddable":true,"href":"https:\/\/praxas.com\/es\/wp-json\/wp\/v2\/product_tag?post=33578"}],"curies":[{"name":"wp","href":"https:\/\/api.w.org\/{rel}","templated":true}]}}