{"id":33587,"date":"2024-06-12T14:10:01","date_gmt":"2024-06-12T12:10:01","guid":{"rendered":"https:\/\/staging.praxas.com\/product\/sin%20categor\u00eda\/cubierta-de-palet-tlx-pmc\/"},"modified":"2025-10-08T18:11:30","modified_gmt":"2025-10-08T16:11:30","slug":"cubierta-de-palet-tlx-pmc","status":"publish","type":"product","link":"https:\/\/praxas.com\/es\/product\/proteccion-de-la-carga\/cubierta-de-palet-tlx-pmc\/","title":{"rendered":"CUBIERTA DE PALET TLX PMC"},"content":{"rendered":"<p>Una funda para palets, tambi\u00e9n conocida como funda retr\u00e1ctil o funda de carga, proporciona protecci\u00f3n adicional a tu env\u00edo contra las fluctuaciones de temperatura, el polvo, la luz solar, la lluvia, la condensaci\u00f3n, los robos y las p\u00e9rdidas. Protege adecuadamente tus env\u00edos con este Cubrepalets Praxas.<\/p>\n<p>El transporte expone a menudo los env\u00edos a fluctuaciones de temperatura y a la luz solar, lo que puede afectar negativamente a la carga. El Cubrepalets TLX PMC, fabricado con materiales especializados totalmente reciclables, ofrece una protecci\u00f3n avanzada a un precio asequible.<\/p>\n<p>Haciendo una modesta inversi\u00f3n, puedes ahorrar considerablemente durante el transporte. Muchos env\u00edos paletizados suelen rechazarse o llegar da\u00f1ados, principalmente debido a las fluctuaciones de temperatura. Esta cubierta para palets TLX PMC de Praxas es reciclable, transpirable e impermeable, y facilita un flujo de aire y una gesti\u00f3n de la humedad equilibrados. Esta cubierta de alta calidad protege eficazmente la carga de las variaciones de temperatura, minimizando los riesgos de da\u00f1os y depreciaci\u00f3n.<\/p>\n<p><strong>Entre las ventajas de la cubierta para pal\u00e9s Praxas TLX PMC se incluyen:<\/strong><\/p>\n<ul>\n<li>Evita las fluctuaciones de temperatura<\/li>\n<li>Protecci\u00f3n contra todo tipo de clima<\/li>\n<li>Reducci\u00f3n del riesgo de p\u00e9rdida de mercanc\u00edas<\/li>\n<li>Protege contra la condensaci\u00f3n<\/li>\n<li>Menos posibilidades de robo y p\u00e9rdida<\/li>\n<li>Ahorra dinero<\/li>\n<\/ul>\n<p>&nbsp;<\/p>\n<p><em>Descuento disponible para compras de 20 piezas o m\u00e1s. Consulta las opciones desplegables para m\u00e1s detalles.<\/em><\/p>\n<p>&nbsp;<\/p>\n<p>Adem\u00e1s de este cubrepalets, tambi\u00e9n tenemos cubrepalets para europalets, el <a href=\"https:\/\/praxas.com\/product\/protection\/cargo-covers\/pallet-cover-tlx2-2\/\">Praxas TLX2 (<\/a> <a href=\"https:\/\/praxas.com\/product\/protection\/cargo-covers\/pallet-cover-tlx2\/\">80&#215;120)<\/a> y para el Reino Unido, el Praxas TLX2 (100&#215;120).<\/p>\n<p><iframe loading=\"lazy\" title=\"Reproductor de v\u00eddeo de YouTube\" src=\"https:\/\/www.youtube.com\/embed\/ug9u07lZ0K8?si=9PllXdhZpW1tNf64\" width=\"560\" height=\"315\" frameborder=\"0\" allowfullscreen=\"allowfullscreen\"><\/iframe><\/p>\n","protected":false},"excerpt":{"rendered":"<ul>\n<li>244 x 322 x 150\/160<\/li>\n<li>Material reciclable<\/li>\n<li>Protege contra la radiaci\u00f3n<\/li>\n<li>Adecuado para todas las condiciones meteorol\u00f3gicas<\/li>\n<li>F\u00e1cil de usar<\/li>\n<li>Descuento por pedido al por mayor<\/li>\n<\/ul>\n","protected":false},"featured_media":33588,"template":"","meta":{"_acf_changed":false,"content-type":"","_uag_custom_page_level_css":""},"product_brand":[],"product_cat":[2530,1828],"product_tag":[],"class_list":{"0":"post-33587","1":"product","2":"type-product","3":"status-publish","4":"has-post-thumbnail","6":"product_cat-proteccion-de-la-carga","7":"product_cat-cubiertas-de-carga","9":"first","10":"instock","11":"taxable","12":"shipping-taxable","13":"purchasable","14":"product-type-variable"},"bundled_by":[],"bundle_stock_status":"instock","bundle_stock_quantity":null,"bundle_virtual":false,"bundle_layout":"","bundle_add_to_cart_form_location":"","bundle_editable_in_cart":false,"bundle_sold_individually_context":"","bundle_item_grouping":"","bundle_min_size":"","bundle_max_size":"","bundle_price":[],"bundled_items":[],"bundle_sell_ids":[],"acf":[],"spectra_custom_meta":{"_product_attributes":["a:2:{s:16:\"pa_product-brand\";a:6:{s:4:\"name\";s:16:\"pa_product-brand\";s:5:\"value\";s:0:\"\";s:8:\"position\";i:0;s:10:\"is_visible\";i:1;s:12:\"is_variation\";i:0;s:11:\"is_taxonomy\";i:1;}s:16:\"pa_make-a-choice\";a:6:{s:4:\"name\";s:16:\"pa_make-a-choice\";s:5:\"value\";s:0:\"\";s:8:\"position\";i:1;s:10:\"is_visible\";i:1;s:12:\"is_variation\";i:1;s:11:\"is_taxonomy\";i:1;}}"],"attr_label_translations":["a:1:{s:2:\"es\";a:1:{s:13:\"make-a-choice\";s:5:\"Elige\";}}"],"_wcml_average_rating":[null],"_wcml_review_count":[null],"_wcml_rating_count":[null],"_backorders":["no"],"_download_limit":["-1"],"_download_expiry":["-1"],"_downloadable":["no"],"_manage_stock":["no"],"_stock_status":["instock"],"_sold_individually":["no"],"_tax_class":[""],"_tax_status":["taxable"],"_virtual":["no"],"total_sales":["1"],"product_datasheet":[""],"_product_datasheet":["field_650ad7d6ea3a0"],"connectivity":[""],"_connectivity":["field_64dce263bb57c"],"brand":["Praxas"],"_brand":["field_64ddf62ed2593"],"brand_image":[""],"_brand_image":["field_650c5e7c84cae"],"_specifications_table":["field_65044e1db92a8"],"_display_data_alarm":["field_667d647bcb066"],"_resources":["field_650849c6945ee"],"_accessories":["field_650849e6945f0"],"_faqs":["field_650859523d8d5"],"_calibration_suitable_ids_gb":["field_654b4c4acb54a"],"_calibration_suitable_ids_us":["field_654b4c56cb54b"],"_show_in_calibration_suitable":["field_654cfb691d345"],"_other_features":["field_668524f8c98a4"],"_shipping":["field_66852535c98a5"],"_refrigerant_cabinet":["field_66852557c98a6"],"_main_specifications":["field_66855b25b1245"],"_usd_price_4":["field_651570dcac479"],"_usd_price_9":["field_6515713eb4807"],"_usd_price_24":["field_65157141b4809"],"_usd_price_49":["field_65157140b4808"],"_usd_price_99":["field_6515715bb480a"],"_gbp_price_4":["field_6515716e83bfa"],"_gbp_price_9":["field_6515724783bfb"],"_gbp_price_24":["field_6515724b83bfc"],"_gbp_price_49":["field_6515725983bfd"],"_gbp_price_99":["field_6515725d83bfe"],"_usdhk_price_4":["field_6515726f83bff"],"_usdhk_price_9":["field_6515727c83c00"],"_usdhk_price_24":["field_6515728083c01"],"_usdhk_price_49":["field_6515728983c02"],"_usdhk_price_99":["field_6515728e83c03"],"stock_options":["In stock"],"_stock_options":["field_6544b605dc7f9"],"_top_nav_excluded":[""],"_cms_nav_minihome":[""],"wcml_sync_hash":["a:1:{s:15:\"postmeta_fields\";s:32:\"99d1c4d6be6cac4863986f7917dbb89c\";}"],"_product_image_gallery":[""],"_thumbnail_id":["33588"],"_crosssell_ids":["a:0:{}"],"_price":["640.5","2572.5","16065.00","32025.00"],"_calibration":["field_66a0ddd599972"],"_last_translation_edit_mode":["translation-editor"],"_sku":["TLX PMC"],"min_temp":[""],"max_temp":[""],"_min_temp":["field_67ea5eb4e0a77"],"_max_temp":["field_67ea5f81e0a79"],"_wpml_word_count":["312"],"rank_math_primary_product_cat":["2529"],"hubwoo_ecomm_invalid_pro":["yes"],"rank_math_description":["Protege adecuadamente un env\u00edo en un pal\u00e9 con esta funda para varios pal\u00e9s de Praxas. Protecci\u00f3n adicional para tus env\u00edos."],"rank_math_focus_keyword":["cubierta para pal\u00e9s"],"specifications_table":["<table class=\"specifications\">\n<tbody>\n<tr class=\"even-row\">\n<td class=\"left-td\">Longitud<\/td>\n<td>50 mm<\/td>\n<\/tr>\n<tr class=\"odd-row\">\n<td class=\"left-td\">Anchura<\/td>\n<td>50 mm<\/td>\n<\/tr>\n<tr class=\"even-row\">\n<td class=\"left-td\">Altura<\/td>\n<td>50 mm<\/td>\n<\/tr>\n<tr class=\"odd-row\">\n<td class=\"left-td\">Peso<\/td>\n<td>5000g<\/td>\n<\/tr>\n<tr class=\"even-row\">\n<td class=\"left-td\">Producto<\/td>\n<td>24650<\/td>\n<\/tr>\n<tr class=\"odd-row\">\n<td class=\"left-td\">Material<\/td>\n<td>Tejido reciclable<\/td>\n<\/tr>\n<\/tbody>\n<\/table>"],"_uag_page_assets":["a:9:{s:3:\"css\";s:0:\"\";s:2:\"js\";s:0:\"\";s:18:\"current_block_list\";a:0:{}s:8:\"uag_flag\";b:0;s:11:\"uag_version\";s:10:\"1775171553\";s:6:\"gfonts\";a:0:{}s:10:\"gfonts_url\";s:0:\"\";s:12:\"gfonts_files\";a:0:{}s:14:\"uag_faq_layout\";b:0;}"],"_max_variation_price":[""],"_max_variation_regular_price":[""],"_max_variation_sale_price":[""],"_min_variation_price":[""],"_min_variation_regular_price":[""],"_min_variation_sale_price":[""],"_regular_price":[""],"_sale_price":[""],"_wc_pb_base_regular_price":[""],"_wc_pb_base_sale_price":[""],"_wc_pb_base_price":[""],"_wc_sw_max_price":[""],"_wc_sw_max_regular_price":[""],"_wc_rating_count":[""],"_wc_review_count":[""],"_wc_average_rating":[0]},"uagb_featured_image_src":{"full":["https:\/\/praxas.com\/wp-content\/uploads\/praxas-tlx2-cargo-cover-praxas-pallet-cover-tlx-pm-800px.jpg",800,463,false],"thumbnail":["https:\/\/praxas.com\/wp-content\/uploads\/praxas-tlx2-cargo-cover-praxas-pallet-cover-tlx-pm-800px-150x150.jpg",150,150,true],"medium":["https:\/\/praxas.com\/wp-content\/uploads\/praxas-tlx2-cargo-cover-praxas-pallet-cover-tlx-pm-800px-300x174.jpg",300,174,true],"medium_large":["https:\/\/praxas.com\/wp-content\/uploads\/praxas-tlx2-cargo-cover-praxas-pallet-cover-tlx-pm-800px-768x444.jpg",768,444,true],"large":["https:\/\/praxas.com\/wp-content\/uploads\/praxas-tlx2-cargo-cover-praxas-pallet-cover-tlx-pm-800px.jpg",800,463,false],"1536x1536":["https:\/\/praxas.com\/wp-content\/uploads\/praxas-tlx2-cargo-cover-praxas-pallet-cover-tlx-pm-800px.jpg",800,463,false],"2048x2048":["https:\/\/praxas.com\/wp-content\/uploads\/praxas-tlx2-cargo-cover-praxas-pallet-cover-tlx-pm-800px.jpg",800,463,false],"crunchify-admin-post-featured-image":["https:\/\/praxas.com\/wp-content\/uploads\/praxas-tlx2-cargo-cover-praxas-pallet-cover-tlx-pm-800px-120x69.jpg",120,69,true],"commercegurus-pdp-large":["https:\/\/praxas.com\/wp-content\/uploads\/praxas-tlx2-cargo-cover-praxas-pallet-cover-tlx-pm-800px.jpg",800,463,false],"commercegurus-plp-mobile":["https:\/\/praxas.com\/wp-content\/uploads\/praxas-tlx2-cargo-cover-praxas-pallet-cover-tlx-pm-800px-441x255.jpg",441,255,true],"cgkit_image_swatch":["https:\/\/praxas.com\/wp-content\/uploads\/praxas-tlx2-cargo-cover-praxas-pallet-cover-tlx-pm-800px-100x100.jpg",100,100,true],"woocommerce_thumbnail":["https:\/\/praxas.com\/wp-content\/uploads\/praxas-tlx2-cargo-cover-praxas-pallet-cover-tlx-pm-800px-350x203.jpg",350,203,true],"woocommerce_single":["https:\/\/praxas.com\/wp-content\/uploads\/praxas-tlx2-cargo-cover-praxas-pallet-cover-tlx-pm-800px.jpg",800,463,false],"woocommerce_gallery_thumbnail":["https:\/\/praxas.com\/wp-content\/uploads\/praxas-tlx2-cargo-cover-praxas-pallet-cover-tlx-pm-800px-150x87.jpg",150,87,true]},"uagb_author_info":{"display_name":"Beth Foord","author_link":"https:\/\/praxas.com\/es\/author\/"},"uagb_comment_info":0,"uagb_excerpt":"244 x 322 x 150\/160 Material reciclable Protege contra la radiaci\u00f3n Adecuado para todas las condiciones meteorol\u00f3gicas F\u00e1cil de usar Descuento por pedido al por mayor","_links":{"self":[{"href":"https:\/\/praxas.com\/es\/wp-json\/wp\/v2\/product\/33587","targetHints":{"allow":["GET"]}}],"collection":[{"href":"https:\/\/praxas.com\/es\/wp-json\/wp\/v2\/product"}],"about":[{"href":"https:\/\/praxas.com\/es\/wp-json\/wp\/v2\/types\/product"}],"wp:featuredmedia":[{"embeddable":true,"href":"https:\/\/praxas.com\/es\/wp-json\/wp\/v2\/media\/33588"}],"wp:attachment":[{"href":"https:\/\/praxas.com\/es\/wp-json\/wp\/v2\/media?parent=33587"}],"wp:term":[{"taxonomy":"product_brand","embeddable":true,"href":"https:\/\/praxas.com\/es\/wp-json\/wp\/v2\/product_brand?post=33587"},{"taxonomy":"product_cat","embeddable":true,"href":"https:\/\/praxas.com\/es\/wp-json\/wp\/v2\/product_cat?post=33587"},{"taxonomy":"product_tag","embeddable":true,"href":"https:\/\/praxas.com\/es\/wp-json\/wp\/v2\/product_tag?post=33587"}],"curies":[{"name":"wp","href":"https:\/\/api.w.org\/{rel}","templated":true}]}}