{"id":33619,"date":"2024-06-12T16:20:15","date_gmt":"2024-06-12T14:20:15","guid":{"rendered":"https:\/\/staging.praxas.com\/product\/sin%20categor\u00eda\/logtag-funda-protectora-para-registros-de-datos\/"},"modified":"2025-10-09T10:07:33","modified_gmt":"2025-10-09T08:07:33","slug":"logtag-funda-protectora-para-registros-de-datos","status":"publish","type":"product","link":"https:\/\/praxas.com\/es\/product\/registradores-de-datos\/accesorios-es\/logtag-funda-protectora-para-registros-de-datos\/","title":{"rendered":"Caja protectora"},"content":{"rendered":"<p>La caja protectora LogTag garantiza que los registradores de datos se almacenen de forma segura y protegida. Esta carcasa est\u00e1 dise\u00f1ada espec\u00edficamente para su uso en entornos con humedad y temperaturas variables, proporcionando una protecci\u00f3n fiable a tus registradores en estas condiciones cambiantes.<\/p>\n<p>La carcasa tiene clasificaci\u00f3n IP67, lo que la hace resistente al polvo y al agua hasta 1 metro de profundidad. Est\u00e1 dise\u00f1ado para minimizar los efectos del retraso t\u00e9rmico, a\u00f1adiendo aproximadamente un 70% al tiempo de reacci\u00f3n a los cambios de temperatura en el mismo entorno.<\/p>\n<p>La carcasa est\u00e1 hecha de pl\u00e1stico policarbonato de alto impacto y es transparente, lo que permite ver claramente la pantalla LCD o los indicadores del registrador.<\/p>\n<p><strong>\u00bfPor qu\u00e9 utilizar esta carcasa?<\/strong><\/p>\n<p>Los productos LogTag son los mejores del mercado, pero desgraciadamente pueden sufrir da\u00f1os durante los transportes accidentados. Al colocar el datalogger en esta carcasa, el datalogger est\u00e1 mejor protegido contra golpes o impactos. Adem\u00e1s, el datalogger est\u00e1 protegido del polvo y el agua, gracias a la junta de goma de silicona. El material de policarbonato resiste bien los alcoholes y los \u00e1cidos diluidos. Esto hace que la carcasa sea ideal para el transporte en condiciones duras y cambiantes.<\/p>\n","protected":false},"excerpt":{"rendered":"<ul>\n<li>Clasificaci\u00f3n IP67<\/li>\n<li>Estanco al polvo y al agua<\/li>\n<li>Policarbonato de alto impacto<\/li>\n<li>Material de sellado de caucho de silicona<\/li>\n<\/ul>\n","protected":false},"featured_media":33620,"template":"","meta":{"_acf_changed":false,"content-type":"","_uag_custom_page_level_css":""},"product_brand":[],"product_cat":[1553,1829],"product_tag":[2515],"class_list":{"0":"post-33619","1":"product","2":"type-product","3":"status-publish","4":"has-post-thumbnail","6":"product_cat-accesorios-es","7":"product_cat-varios-es","8":"product_tag-logtag-es","10":"first","11":"instock","12":"taxable","13":"shipping-taxable","14":"purchasable","15":"product-type-simple"},"bundled_by":[],"bundle_stock_status":"instock","bundle_stock_quantity":null,"bundle_virtual":false,"bundle_layout":"","bundle_add_to_cart_form_location":"","bundle_editable_in_cart":false,"bundle_sold_individually_context":"","bundle_item_grouping":"","bundle_min_size":"","bundle_max_size":"","bundle_price":[],"bundled_items":[],"bundle_sell_ids":[],"acf":[],"spectra_custom_meta":{"_backorders":["no"],"_download_limit":["-1"],"_download_expiry":["-1"],"_downloadable":["no"],"_manage_stock":["no"],"_sku":["PROTECTIVE ENCLOSURE"],"_stock_status":["instock"],"_sold_individually":["no"],"_tax_class":[""],"_tax_status":["taxable"],"_virtual":["no"],"_width":["0"],"_height":["0"],"_length":["0"],"total_sales":["16"],"product_datasheet":[""],"_product_datasheet":["field_650ad7d6ea3a0"],"_connectivity":["field_64dce263bb57c"],"brand":["LogTag"],"_brand":["field_64ddf62ed2593"],"brand_image":[""],"_brand_image":["field_650c5e7c84cae"],"_specifications_table":["field_65044e1db92a8"],"_resources":["field_650849c6945ee"],"_accessories":["field_650849e6945f0"],"_faqs":["field_650859523d8d5"],"_calibration_suitable_ids_gb":["field_654b4c4acb54a"],"_calibration_suitable_ids_us":["field_654b4c56cb54b"],"_show_in_calibration_suitable":["field_654cfb691d345"],"_usd_price_4":["field_651570dcac479"],"_usd_price_9":["field_6515713eb4807"],"_usd_price_24":["field_65157141b4809"],"_usd_price_49":["field_65157140b4808"],"_usd_price_99":["field_6515715bb480a"],"_gbp_price_4":["field_6515716e83bfa"],"_gbp_price_9":["field_6515724783bfb"],"_gbp_price_24":["field_6515724b83bfc"],"_gbp_price_49":["field_6515725983bfd"],"_gbp_price_99":["field_6515725d83bfe"],"_usdhk_price_4":["field_6515726f83bff"],"_usdhk_price_9":["field_6515727c83c00"],"_usdhk_price_24":["field_6515728083c01"],"_usdhk_price_49":["field_6515728983c02"],"_usdhk_price_99":["field_6515728e83c03"],"stock_options":["In stock"],"_stock_options":["field_6544b605dc7f9"],"_top_nav_excluded":[""],"_cms_nav_minihome":[""],"wcml_sync_hash":["a:1:{s:15:\"postmeta_fields\";s:32:\"ede9a1ae170a803a3496bd2990a9a904\";}"],"attr_label_translations":["a:0:{}"],"_product_attributes":["a:1:{s:16:\"pa_product-brand\";a:6:{s:4:\"name\";s:16:\"pa_product-brand\";s:5:\"value\";s:0:\"\";s:8:\"position\";i:0;s:10:\"is_visible\";i:1;s:12:\"is_variation\";i:0;s:11:\"is_taxonomy\";i:1;}}"],"_product_image_gallery":["33621"],"_thumbnail_id":["33620"],"_crosssell_ids":["a:0:{}"],"connectivity":[""],"_display_data_alarm":["field_667d647bcb066"],"_other_features":["field_668524f8c98a4"],"_shipping":["field_66852535c98a5"],"_refrigerant_cabinet":["field_66852557c98a6"],"_main_specifications":["field_66855b25b1245"],"_last_translation_edit_mode":["translation-editor"],"_calibration":["field_66a0ddd599972"],"_edit_lock":["1724255627:8383"],"classic-editor-remember":["classic-editor"],"rank_math_seo_score":["79"],"rank_math_contentai_score":["a:5:{s:8:\"keywords\";s:5:\"74.51\";s:9:\"wordCount\";s:1:\"0\";s:9:\"linkCount\";s:1:\"0\";s:12:\"headingCount\";s:1:\"0\";s:10:\"mediaCount\";s:1:\"0\";}"],"_edit_last":["8383"],"commercekit_gallery_layout":[""],"commercekit_disable_sticky_atc":["0"],"commercekit_wc_video_gallery":["a:0:{}"],"_rank_math_gtin_code":[""],"_wcml_average_rating":[null],"_wcml_review_count":[null],"_wcml_rating_count":[null],"_stock":[null],"_wc_average_rating":[0],"_wc_review_count":["0"],"_product_version":["9.1.4"],"usd_price_4":[""],"usd_price_9":[""],"usd_price_24":[""],"usd_price_49":[""],"usd_price_99":[""],"gbp_price_4":[""],"gbp_price_9":[""],"gbp_price_24":[""],"gbp_price_49":[""],"gbp_price_99":[""],"usdhk_price_4":[""],"usdhk_price_9":[""],"usdhk_price_24":[""],"usdhk_price_49":[""],"usdhk_price_99":[""],"display_data_alarm":[""],"calibration":[""],"accessories":[""],"faqs":[""],"calibration_suitable_ids_gb":[""],"calibration_suitable_ids_us":[""],"show_in_calibration_suitable":[""],"other_features":[""],"shipping":[""],"refrigerant_cabinet":[""],"main_specifications":[""],"shoptimizer_layout_pdp_short_description_position":["default"],"rank_math_analytic_object_id":["707"],"_wpml_media_duplicate":["1"],"_wpml_media_featured":["1"],"_regular_price":["10.50"],"_price":["10.50"],"_weight":["0.041"],"rank_math_primary_product_cat":["147"],"min_temp":[""],"max_temp":[""],"_min_temp":["field_67ea5eb4e0a77"],"_max_temp":["field_67ea5f81e0a79"],"_wpml_word_count":["241"],"hubwoo_ecomm_pro_id":["25377004680"],"rank_math_title":["Caja protectora: Para una vigilancia m\u00e1s segura %sep% %sitename%"],"rank_math_description":["Carcasa protectora LogTag para garantizar la seguridad en condiciones dif\u00edciles. Carcasa con clasificaci\u00f3n IP67, a prueba de polvo y agua. \n"],"rank_math_focus_keyword":["Caja protectora"],"specifications_table":["<table class=\"specifications\">\n<tbody>\n<tr>\n<td class=\"left-td\">Modelos LogTag\u00ae compatibles<\/td>\n<td>TRID30-7x, TRIX-8\/16, SRIC-4, TRIL-8\/SRIL-8, todos los registradores USB (excepto los modelos de humedad)<\/td>\n<\/tr>\n<tr>\n<td class=\"left-td\">Temperatura de almacenamiento<\/td>\n<td>-40\u00b0C a +85\u00b0C (-40\u00b0F a +185\u00b0F)<\/td>\n<\/tr>\n<tr>\n<td class=\"left-td\">Grado de protecci\u00f3n<\/td>\n<td>IP67 (equivalente a NEMA6) para temperaturas de 1\u00b0C a +40\u00b0C (33\u00b0F a +104\u00b0F)<\/td>\n<\/tr>\n<tr>\n<td class=\"left-td\">Material de la caja<\/td>\n<td>Policarbonato transparente<\/td>\n<\/tr>\n<tr>\n<td class=\"left-td\">Material de la junta<\/td>\n<td>Goma de silicona<\/td>\n<\/tr>\n<tr>\n<td class=\"left-td\">Resistencia qu\u00edmica<\/td>\n<td>En general, el material de policarbonato soporta bien los alcoholes y los \u00e1cidos diluidos.\nPueden surgir problemas con hidrocarburos, fenoles, \u00e9steres, cetonas y \u00e1lcalis, sobre todo a temperaturas elevadas. <\/td>\n<\/tr>\n<tr>\n<td class=\"left-td\">Tama\u00f1o<\/td>\n<td>104 mm (L - sin incluir la leng\u00fceta) x 76,5 mm (A - incluidos los clips y la bisagra) x 13 mm (P)<\/td>\n<\/tr>\n<tr>\n<td class=\"left-td\">Peso<\/td>\n<td>41g<\/td>\n<\/tr>\n<tr>\n<td class=\"left-td\">Rendimiento t\u00e9rmico del T90<\/td>\n<td>Con TRIX-8 en aire de 1 m\/s T90 = 10 minutos\nCon TRID30-7x en 1 m\/s de aire: T90 = 17 minutos<\/td>\n<\/tr>\n<\/tbody>\n<\/table>"],"resources":["<a href=\"https:\/\/praxas.com\/wp-content\/uploads\/LogTag_Protective_Enclosure_Brochure.pdf\"><img src=\"https:\/\/praxas.com\/wp-content\/uploads\/document-icon.png\" alt=\"Icono de documento\">Folleto de la Caja Protectora LogTag<\/a>\n\n<a href=\"https:\/\/praxas.com\/wp-content\/uploads\/LogTag_Protective_Enclosure_Instructions.pdf\"><img src=\"https:\/\/praxas.com\/wp-content\/uploads\/document-icon.png\" alt=\"Icono de documento\">Instrucciones de uso de la Caja Protectora LogTag<\/a>"],"_uag_page_assets":["a:9:{s:3:\"css\";s:0:\"\";s:2:\"js\";s:0:\"\";s:18:\"current_block_list\";a:0:{}s:8:\"uag_flag\";b:0;s:11:\"uag_version\";s:10:\"1777651425\";s:6:\"gfonts\";a:0:{}s:10:\"gfonts_url\";s:0:\"\";s:12:\"gfonts_files\";a:0:{}s:14:\"uag_faq_layout\";b:0;}"],"_max_variation_price":[""],"_max_variation_regular_price":[""],"_max_variation_sale_price":[""],"_min_variation_price":[""],"_min_variation_regular_price":[""],"_min_variation_sale_price":[""],"_sale_price":[""],"_wc_pb_base_regular_price":[""],"_wc_pb_base_sale_price":[""],"_wc_pb_base_price":[""],"_wc_sw_max_price":[""],"_wc_sw_max_regular_price":[""],"_wc_rating_count":[""]},"uagb_featured_image_src":{"full":["https:\/\/praxas.com\/wp-content\/uploads\/logtag-logtag-protective-enclosure-for-dataloggers-800px.jpg",800,463,false],"thumbnail":["https:\/\/praxas.com\/wp-content\/uploads\/logtag-logtag-protective-enclosure-for-dataloggers-800px-150x150.jpg",150,150,true],"medium":["https:\/\/praxas.com\/wp-content\/uploads\/logtag-logtag-protective-enclosure-for-dataloggers-800px-300x174.jpg",300,174,true],"medium_large":["https:\/\/praxas.com\/wp-content\/uploads\/logtag-logtag-protective-enclosure-for-dataloggers-800px-768x444.jpg",768,444,true],"large":["https:\/\/praxas.com\/wp-content\/uploads\/logtag-logtag-protective-enclosure-for-dataloggers-800px.jpg",800,463,false],"1536x1536":["https:\/\/praxas.com\/wp-content\/uploads\/logtag-logtag-protective-enclosure-for-dataloggers-800px.jpg",800,463,false],"2048x2048":["https:\/\/praxas.com\/wp-content\/uploads\/logtag-logtag-protective-enclosure-for-dataloggers-800px.jpg",800,463,false],"crunchify-admin-post-featured-image":["https:\/\/praxas.com\/wp-content\/uploads\/logtag-logtag-protective-enclosure-for-dataloggers-800px-120x69.jpg",120,69,true],"commercegurus-pdp-large":["https:\/\/praxas.com\/wp-content\/uploads\/logtag-logtag-protective-enclosure-for-dataloggers-800px.jpg",800,463,false],"commercegurus-plp-mobile":["https:\/\/praxas.com\/wp-content\/uploads\/logtag-logtag-protective-enclosure-for-dataloggers-800px-441x255.jpg",441,255,true],"cgkit_image_swatch":["https:\/\/praxas.com\/wp-content\/uploads\/logtag-logtag-protective-enclosure-for-dataloggers-800px-100x100.jpg",100,100,true],"woocommerce_thumbnail":["https:\/\/praxas.com\/wp-content\/uploads\/logtag-logtag-protective-enclosure-for-dataloggers-800px-350x203.jpg",350,203,true],"woocommerce_single":["https:\/\/praxas.com\/wp-content\/uploads\/logtag-logtag-protective-enclosure-for-dataloggers-800px.jpg",800,463,false],"woocommerce_gallery_thumbnail":["https:\/\/praxas.com\/wp-content\/uploads\/logtag-logtag-protective-enclosure-for-dataloggers-800px-150x87.jpg",150,87,true]},"uagb_author_info":{"display_name":"Beth Foord","author_link":"https:\/\/praxas.com\/es\/author\/"},"uagb_comment_info":0,"uagb_excerpt":"Clasificaci\u00f3n IP67 Estanco al polvo y al agua Policarbonato de alto impacto Material de sellado de caucho de silicona","_links":{"self":[{"href":"https:\/\/praxas.com\/es\/wp-json\/wp\/v2\/product\/33619","targetHints":{"allow":["GET"]}}],"collection":[{"href":"https:\/\/praxas.com\/es\/wp-json\/wp\/v2\/product"}],"about":[{"href":"https:\/\/praxas.com\/es\/wp-json\/wp\/v2\/types\/product"}],"wp:featuredmedia":[{"embeddable":true,"href":"https:\/\/praxas.com\/es\/wp-json\/wp\/v2\/media\/33620"}],"wp:attachment":[{"href":"https:\/\/praxas.com\/es\/wp-json\/wp\/v2\/media?parent=33619"}],"wp:term":[{"taxonomy":"product_brand","embeddable":true,"href":"https:\/\/praxas.com\/es\/wp-json\/wp\/v2\/product_brand?post=33619"},{"taxonomy":"product_cat","embeddable":true,"href":"https:\/\/praxas.com\/es\/wp-json\/wp\/v2\/product_cat?post=33619"},{"taxonomy":"product_tag","embeddable":true,"href":"https:\/\/praxas.com\/es\/wp-json\/wp\/v2\/product_tag?post=33619"}],"curies":[{"name":"wp","href":"https:\/\/api.w.org\/{rel}","templated":true}]}}