{"id":33626,"date":"2024-06-12T13:07:46","date_gmt":"2024-06-12T11:07:46","guid":{"rendered":"https:\/\/staging.praxas.com\/product\/sin%20categor\u00eda\/envase-aislante-pack\/"},"modified":"2026-02-23T12:03:45","modified_gmt":"2026-02-23T11:03:45","slug":"envase-aislante-pack","status":"publish","type":"product","link":"https:\/\/praxas.com\/es\/product\/proteccion-de-la-carga\/envase-aislante-pack\/","title":{"rendered":"ENVASE AISLANTE PACK"},"content":{"rendered":"<p>Aseg\u00farate de que tus mercanc\u00edas llegan a su destino sin da\u00f1os por humedad utilizando el Embalaje Contenedor Praxas. Esta fiable soluci\u00f3n combina el aislamiento de los contenedores para crear el clima ideal para los contenedores mar\u00edtimos, evitando eficazmente que sufran da\u00f1os durante el transporte mar\u00edtimo.<\/p>\n<p><strong>En la pesta\u00f1a Recursos encontrar\u00e1s una gu\u00eda para utilizar el Pack Contenedor y lo que incluye.<\/strong><\/p>\n<p><strong> <\/strong><\/p>\n<p><strong>Entre las ventajas del Pack Contenedor Praxas se incluyen:<\/strong><\/p>\n<ul>\n<li>Prevenir los da\u00f1os por humedad<\/li>\n<li>Sin inversi\u00f3n de tiempo innecesaria<\/li>\n<li>No se alcanza el punto de roc\u00edo*.<\/li>\n<li>Sin gastos de manipulaci\u00f3n<\/li>\n<\/ul>\n<p><strong>\u00bfQu\u00e9 puede <\/strong><strong>hacer por ti el Pack Contenedor Praxas?<\/strong><\/p>\n<ul>\n<li>T\u00fa eliges la protecci\u00f3n m\u00e1s \u00f3ptima para tu mercanc\u00eda contra los cambios de temperatura, la humedad, la suciedad y los insectos<\/li>\n<li>Evitas da\u00f1os, por lo que no tienes que pagar costes innecesarios<\/li>\n<li>Contribuyes a una empresa m\u00e1s sostenible reduciendo los residuos en la cadena log\u00edstica<\/li>\n<li>Mantienes contentos a tus clientes, lo que puede repercutir positivamente en el futuro de tu empresa<\/li>\n<\/ul>\n<p>*El transporte de mercanc\u00edas en un entorno aislado impide que los contenedores alcancen el punto de roc\u00edo, evitando da\u00f1os por humedad como paquetes h\u00famedos, apelmazados, etiquetas sueltas y mercanc\u00edas da\u00f1adas. El Embalaje Contenedor Praxas garantiza que tus mercanc\u00edas lleguen sin da\u00f1os por humedad, manteniendo una temperatura estable.<\/p>\n<p><iframe loading=\"lazy\" src=\"https:\/\/www.youtube.com\/embed\/xE8MYYNCx_w?si=LE_nOMvKhdgxtbef\" width=\"560\" height=\"314\" allowfullscreen=\"allowfullscreen\" data-mce-fragment=\"1\"><\/iframe><\/p>\n<p>Videotutorial de instalaci\u00f3n.<\/p>\n<p><iframe loading=\"lazy\" title=\"Reproductor de v\u00eddeo de YouTube\" src=\"https:\/\/www.youtube.com\/embed\/VEzfQb2x2n0?si=JmWdEyeivAUaZue-\" width=\"560\" height=\"315\" frameborder=\"0\" allowfullscreen=\"allowfullscreen\"><\/iframe><\/p>\n<p>Una gu\u00eda paso a paso para utilizar el Pack Contenedor Praxas.<\/p>\n<p><strong><iframe loading=\"lazy\" src=\"https:\/\/www.youtube.com\/embed\/tWf86VSM9D4\" width=\"560\" height=\"314\" allowfullscreen=\"allowfullscreen\" data-mce-fragment=\"1\"><\/iframe><\/strong><\/p>\n","protected":false},"excerpt":{"rendered":"<ul>\n<li>Contenedor Liner<\/li>\n<li>Grado m\u00e1ximo de aislamiento<\/li>\n<li>Adecuado para contenedor seco<\/li>\n<li>Protege tu mercanc\u00eda contra la humedad, los olores y la suciedad<\/li>\n<li>Instalaci\u00f3n r\u00e1pida y sencilla<\/li>\n<li>Sistema de montaje r\u00e1pido con barras e imanes<\/li>\n<\/ul>\n<p>Los gastos de env\u00edo de este producto var\u00edan, solicita un presupuesto para comprarlo.<\/p>\n","protected":false},"featured_media":33627,"template":"","meta":{"_acf_changed":false,"content-type":"","_uag_custom_page_level_css":""},"product_brand":[],"product_cat":[2530,1831],"product_tag":[],"class_list":{"0":"post-33626","1":"product","2":"type-product","3":"status-publish","4":"has-post-thumbnail","6":"product_cat-proteccion-de-la-carga","7":"product_cat-aislamiento-de-contenedores","9":"first","10":"instock","11":"taxable","12":"shipping-taxable","13":"product-type-simple"},"bundled_by":[],"bundle_stock_status":"instock","bundle_stock_quantity":null,"bundle_virtual":false,"bundle_layout":"","bundle_add_to_cart_form_location":"","bundle_editable_in_cart":false,"bundle_sold_individually_context":"","bundle_item_grouping":"","bundle_min_size":"","bundle_max_size":"","bundle_price":[],"bundled_items":[],"bundle_sell_ids":[],"acf":[],"spectra_custom_meta":{"_product_attributes":["a:2:{s:16:\"pa_product-brand\";a:6:{s:4:\"name\";s:16:\"pa_product-brand\";s:5:\"value\";s:0:\"\";s:8:\"position\";i:0;s:10:\"is_visible\";i:1;s:12:\"is_variation\";i:0;s:11:\"is_taxonomy\";i:1;}s:16:\"pa_make-a-choice\";a:6:{s:4:\"name\";s:16:\"pa_make-a-choice\";s:5:\"value\";s:0:\"\";s:8:\"position\";i:1;s:10:\"is_visible\";i:1;s:12:\"is_variation\";i:1;s:11:\"is_taxonomy\";i:1;}}"],"attr_label_translations":["a:1:{s:2:\"es\";a:1:{s:13:\"make-a-choice\";s:5:\"Elige\";}}"],"_wcml_average_rating":[null],"_wcml_review_count":[null],"_wcml_rating_count":[null],"_backorders":["no"],"_download_limit":["-1"],"_download_expiry":["-1"],"_downloadable":["no"],"_manage_stock":["no"],"_sku":["CONTAINER INSULATION PACK"],"_stock_status":["instock"],"_sold_individually":["no"],"_tax_class":[""],"_tax_status":["taxable"],"_virtual":["no"],"total_sales":["29"],"product_datasheet":[""],"_product_datasheet":["field_650ad7d6ea3a0"],"connectivity":[""],"_connectivity":["field_64dce263bb57c"],"brand":["Praxas"],"_brand":["field_64ddf62ed2593"],"brand_image":[""],"_brand_image":["field_650c5e7c84cae"],"_specifications_table":["field_65044e1db92a8"],"_display_data_alarm":["field_667d647bcb066"],"_resources":["field_650849c6945ee"],"_accessories":["field_650849e6945f0"],"_faqs":["field_650859523d8d5"],"_calibration_suitable_ids_gb":["field_654b4c4acb54a"],"_calibration_suitable_ids_us":["field_654b4c56cb54b"],"_show_in_calibration_suitable":["field_654cfb691d345"],"_shipping":["field_66852535c98a5"],"_refrigerant_cabinet":["field_66852557c98a6"],"_main_specifications":["field_66855b25b1245"],"_usd_price_4":["field_651570dcac479"],"_usd_price_9":["field_6515713eb4807"],"_usd_price_24":["field_65157141b4809"],"_usd_price_49":["field_65157140b4808"],"_usd_price_99":["field_6515715bb480a"],"_gbp_price_4":["field_6515716e83bfa"],"_gbp_price_9":["field_6515724783bfb"],"_gbp_price_24":["field_6515724b83bfc"],"_gbp_price_49":["field_6515725983bfd"],"_gbp_price_99":["field_6515725d83bfe"],"_usdhk_price_4":["field_6515726f83bff"],"_usdhk_price_9":["field_6515727c83c00"],"_usdhk_price_24":["field_6515728083c01"],"_usdhk_price_49":["field_6515728983c02"],"_usdhk_price_99":["field_6515728e83c03"],"stock_options":["In stock"],"_stock_options":["field_6544b605dc7f9"],"_top_nav_excluded":[""],"_cms_nav_minihome":[""],"wcml_sync_hash":["a:1:{s:15:\"postmeta_fields\";s:32:\"7f3edbd7c8b375c5420b6c52527af634\";}"],"_product_image_gallery":["33628,33629,33630"],"_thumbnail_id":["33627"],"_crosssell_ids":["a:0:{}"],"_calibration":["field_66a0ddd599972"],"_last_translation_edit_mode":["translation-editor"],"min_temp":[""],"max_temp":[""],"_min_temp":["field_67ea5eb4e0a77"],"_max_temp":["field_67ea5f81e0a79"],"_wpml_word_count":["309"],"rank_math_primary_product_cat":["2529"],"hubwoo_ecomm_invalid_pro":["yes"],"_other_features":["field_686fa2aa98dce"],"_price":["","",""],"rank_math_title":["Envase aislante %sep% %sitename%"],"rank_math_description":["Aislamiento de contenedores, adecuado para contenedores secos. Protege tu mercanc\u00eda contra la humedad, los olores y la suciedad. Instalaci\u00f3n r\u00e1pida y sencilla."],"rank_math_focus_keyword":["Aislamiento de contenedores"],"specifications_table":["<table class=\"specifications\">\n<tbody>\n<tr class=\"even-row\">\n<td class=\"left-td\">Longitud<\/td>\n<td>47 mm<\/td>\n<\/tr>\n<tr class=\"odd-row\">\n<td class=\"left-td\">Anchura<\/td>\n<td>118 mm<\/td>\n<\/tr>\n<tr class=\"even-row\">\n<td class=\"left-td\">Altura<\/td>\n<td>18 mm<\/td>\n<\/tr>\n<tr class=\"odd-row\">\n<td class=\"left-td\">Peso<\/td>\n<td>25000g<\/td>\n<\/tr>\n<tr class=\"even-row\">\n<td class=\"left-td\">C\u00f3digo del producto<\/td>\n<td>28000A<\/td>\n<\/tr>\n<tr class=\"odd-row\">\n<td class=\"left-td\">Cantidad por pal\u00e9<\/td>\n<td>30<\/td>\n<\/tr>\n<tr class=\"even-row\">\n<td class=\"left-td\">Altura del revestimiento mm<\/td>\n<td>20' & 40':2450<\/td>\n<\/tr>\n<tr class=\"odd-row\">\n<td class=\"left-td\">Anchura del revestimiento mm<\/td>\n<td>2450<\/td>\n<\/tr>\n<tr class=\"even-row\">\n<td class=\"left-td\">Longitud Liner mm<\/td>\n<td>20':6100, 40'& 40'HC:12150<\/td>\n<\/tr>\n<\/tbody>\n<\/table>"],"resources":["<a href=\"https:\/\/downloads.praxas.com\/EasyLog+CC+Installer.exe\"><img src=\"https:\/\/praxas.com\/wp-content\/uploads\/document-icon.png\" alt=\"Icono de documento\"><\/a><a href=\"https:\/\/praxas.com\/wp-content\/uploads\/container-pack-manual__2022.pdf\">Gu\u00eda del Pack Contenedor<\/a>\n\n<a href=\"https:\/\/downloads.praxas.com\/EasyLog+CC+Installer.exe\"><img src=\"https:\/\/praxas.com\/wp-content\/uploads\/document-icon.png\" alt=\"Icono de documento\">Descarga del software PCP<\/a>"],"_uag_page_assets":["a:9:{s:3:\"css\";s:0:\"\";s:2:\"js\";s:0:\"\";s:18:\"current_block_list\";a:0:{}s:8:\"uag_flag\";b:0;s:11:\"uag_version\";s:10:\"1775658900\";s:6:\"gfonts\";a:0:{}s:10:\"gfonts_url\";s:0:\"\";s:12:\"gfonts_files\";a:0:{}s:14:\"uag_faq_layout\";b:0;}"],"_max_variation_price":[""],"_max_variation_regular_price":[""],"_max_variation_sale_price":[""],"_min_variation_price":[""],"_min_variation_regular_price":[""],"_min_variation_sale_price":[""],"_regular_price":[""],"_sale_price":[""],"_wc_pb_base_regular_price":[""],"_wc_pb_base_sale_price":[""],"_wc_pb_base_price":[""],"_wc_sw_max_price":[""],"_wc_sw_max_regular_price":[""],"_wc_rating_count":[""],"_wc_review_count":[""],"_wc_average_rating":[0]},"uagb_featured_image_src":{"full":["https:\/\/praxas.com\/wp-content\/uploads\/container-liners-praxas-container-liner-plus-insul-800px.jpg",800,463,false],"thumbnail":["https:\/\/praxas.com\/wp-content\/uploads\/container-liners-praxas-container-liner-plus-insul-800px-150x150.jpg",150,150,true],"medium":["https:\/\/praxas.com\/wp-content\/uploads\/container-liners-praxas-container-liner-plus-insul-800px-300x174.jpg",300,174,true],"medium_large":["https:\/\/praxas.com\/wp-content\/uploads\/container-liners-praxas-container-liner-plus-insul-800px-768x444.jpg",768,444,true],"large":["https:\/\/praxas.com\/wp-content\/uploads\/container-liners-praxas-container-liner-plus-insul-800px.jpg",800,463,false],"1536x1536":["https:\/\/praxas.com\/wp-content\/uploads\/container-liners-praxas-container-liner-plus-insul-800px.jpg",800,463,false],"2048x2048":["https:\/\/praxas.com\/wp-content\/uploads\/container-liners-praxas-container-liner-plus-insul-800px.jpg",800,463,false],"crunchify-admin-post-featured-image":["https:\/\/praxas.com\/wp-content\/uploads\/container-liners-praxas-container-liner-plus-insul-800px-120x69.jpg",120,69,true],"commercegurus-pdp-large":["https:\/\/praxas.com\/wp-content\/uploads\/container-liners-praxas-container-liner-plus-insul-800px.jpg",800,463,false],"commercegurus-plp-mobile":["https:\/\/praxas.com\/wp-content\/uploads\/container-liners-praxas-container-liner-plus-insul-800px-441x255.jpg",441,255,true],"cgkit_image_swatch":["https:\/\/praxas.com\/wp-content\/uploads\/container-liners-praxas-container-liner-plus-insul-800px-100x100.jpg",100,100,true],"woocommerce_thumbnail":["https:\/\/praxas.com\/wp-content\/uploads\/container-liners-praxas-container-liner-plus-insul-800px-350x203.jpg",350,203,true],"woocommerce_single":["https:\/\/praxas.com\/wp-content\/uploads\/container-liners-praxas-container-liner-plus-insul-800px.jpg",800,463,false],"woocommerce_gallery_thumbnail":["https:\/\/praxas.com\/wp-content\/uploads\/container-liners-praxas-container-liner-plus-insul-800px-150x87.jpg",150,87,true]},"uagb_author_info":{"display_name":"Beth Foord","author_link":"https:\/\/praxas.com\/es\/author\/"},"uagb_comment_info":0,"uagb_excerpt":"Contenedor Liner Grado m\u00e1ximo de aislamiento Adecuado para contenedor seco Protege tu mercanc\u00eda contra la humedad, los olores y la suciedad Instalaci\u00f3n r\u00e1pida y sencilla Sistema de montaje r\u00e1pido con barras e imanes Los gastos de env\u00edo de este producto var\u00edan, solicita un presupuesto para comprarlo.","_links":{"self":[{"href":"https:\/\/praxas.com\/es\/wp-json\/wp\/v2\/product\/33626","targetHints":{"allow":["GET"]}}],"collection":[{"href":"https:\/\/praxas.com\/es\/wp-json\/wp\/v2\/product"}],"about":[{"href":"https:\/\/praxas.com\/es\/wp-json\/wp\/v2\/types\/product"}],"wp:featuredmedia":[{"embeddable":true,"href":"https:\/\/praxas.com\/es\/wp-json\/wp\/v2\/media\/33627"}],"wp:attachment":[{"href":"https:\/\/praxas.com\/es\/wp-json\/wp\/v2\/media?parent=33626"}],"wp:term":[{"taxonomy":"product_brand","embeddable":true,"href":"https:\/\/praxas.com\/es\/wp-json\/wp\/v2\/product_brand?post=33626"},{"taxonomy":"product_cat","embeddable":true,"href":"https:\/\/praxas.com\/es\/wp-json\/wp\/v2\/product_cat?post=33626"},{"taxonomy":"product_tag","embeddable":true,"href":"https:\/\/praxas.com\/es\/wp-json\/wp\/v2\/product_tag?post=33626"}],"curies":[{"name":"wp","href":"https:\/\/api.w.org\/{rel}","templated":true}]}}