{"id":33640,"date":"2024-06-12T12:54:30","date_gmt":"2024-06-12T10:54:30","guid":{"rendered":"https:\/\/staging.praxas.com\/product\/sin%20categor\u00eda\/absorunit-32-u-con-banda-a-18-uds\/"},"modified":"2025-10-09T09:42:19","modified_gmt":"2025-10-09T07:42:19","slug":"absorunit-32-u-con-banda-a-18-uds","status":"publish","type":"product","link":"https:\/\/praxas.com\/es\/product\/proteccion-de-la-carga\/absorunit-32-u-con-banda-a-18-uds\/","title":{"rendered":"ABSORUNIT 32 U CON BANDA (A) 18 UDS."},"content":{"rendered":"<p>El Absorunit est\u00e1 dise\u00f1ado para colgarse en contenedores mar\u00edtimos, ocupando un espacio m\u00ednimo y evitando da\u00f1os durante la carga y descarga. Los Desecantes Absortech son f\u00e1ciles de usar y se pueden colgar en el lateral o en el techo del contenedor. Si has sufrido da\u00f1os por humedad durante el transporte, conoces la importancia de la protecci\u00f3n. Absortech est\u00e1 especializada en absorbentes eficaces e innovadores para salvaguardar tus productos durante el transporte o el almacenamiento.<\/p>\n<p><a href=\"https:\/\/praxas.com\/es\/categorias-de-producto\/proteccion-de-la-carga\/tratamiento-de-aire\/desecantes\/\">Haz clic aqu\u00ed<\/a> para ver un resumen de nuestra amplia gama de desecantes<\/p>\n<p><strong>Adecuado para una amplia gama de aplicaciones<\/strong><\/p>\n<ul>\n<li>AGF<\/li>\n<li>Autom\u00f3vil<\/li>\n<li>Qu\u00edmica<\/li>\n<li>Farmacia<\/li>\n<li>HoReCa<\/li>\n<li>Supermercado<\/li>\n<li>Transporte y log\u00edstica<\/li>\n<li>Horticultura<\/li>\n<li>Alimentos<\/li>\n<\/ul>\n","protected":false},"excerpt":{"rendered":"<ul>\n<li>Desecante de alta absorci\u00f3n<\/li>\n<li>Ahorro de espacio<\/li>\n<li>F\u00e1cil de usar<\/li>\n<\/ul>\n","protected":false},"featured_media":33641,"template":"","meta":{"_acf_changed":false,"content-type":"","_uag_custom_page_level_css":""},"product_brand":[],"product_cat":[2530,1830],"product_tag":[2518,2506],"class_list":{"0":"post-33640","1":"product","2":"type-product","3":"status-publish","4":"has-post-thumbnail","6":"product_cat-proteccion-de-la-carga","7":"product_cat-desecantes","8":"product_tag-absortech-es","9":"product_tag-proteccion-compacta","11":"first","12":"instock","13":"taxable","14":"shipping-taxable","15":"purchasable","16":"product-type-simple"},"bundled_by":[],"bundle_stock_status":"instock","bundle_stock_quantity":5,"bundle_virtual":false,"bundle_layout":"","bundle_add_to_cart_form_location":"","bundle_editable_in_cart":false,"bundle_sold_individually_context":"","bundle_item_grouping":"","bundle_min_size":"","bundle_max_size":"","bundle_price":[],"bundled_items":[],"bundle_sell_ids":[],"acf":[],"spectra_custom_meta":{"_backorders":["no"],"_download_limit":["-1"],"_download_expiry":["-1"],"_downloadable":["no"],"_sku":["6046"],"_stock_status":["instock"],"_sold_individually":["no"],"_tax_class":[""],"_tax_status":["taxable"],"_virtual":["no"],"_weight":["19.8"],"_width":["280"],"_length":["170"],"total_sales":["10"],"_regular_price":["22.68"],"_price":["22.68"],"product_datasheet":[""],"_product_datasheet":["field_650ad7d6ea3a0"],"connectivity":[""],"_connectivity":["field_64dce263bb57c"],"_brand":["field_64ddf62ed2593"],"brand_image":[""],"_brand_image":["field_650c5e7c84cae"],"_specifications_table":["field_65044e1db92a8"],"_display_data_alarm":["field_667d647bcb066"],"_resources":["field_650849c6945ee"],"_accessories":["field_650849e6945f0"],"_faqs":["field_650859523d8d5"],"_calibration_suitable_ids_gb":["field_654b4c4acb54a"],"_calibration_suitable_ids_us":["field_654b4c56cb54b"],"_show_in_calibration_suitable":["field_654cfb691d345"],"_other_features":["field_668524f8c98a4"],"_shipping":["field_66852535c98a5"],"_refrigerant_cabinet":["field_66852557c98a6"],"_main_specifications":["field_66855b25b1245"],"_usd_price_4":["field_651570dcac479"],"_usd_price_9":["field_6515713eb4807"],"_usd_price_24":["field_65157141b4809"],"_usd_price_49":["field_65157140b4808"],"_usd_price_99":["field_6515715bb480a"],"_gbp_price_4":["field_6515716e83bfa"],"_gbp_price_9":["field_6515724783bfb"],"_gbp_price_24":["field_6515724b83bfc"],"_gbp_price_49":["field_6515725983bfd"],"_gbp_price_99":["field_6515725d83bfe"],"_usdhk_price_4":["field_6515726f83bff"],"_usdhk_price_9":["field_6515727c83c00"],"_usdhk_price_24":["field_6515728083c01"],"_usdhk_price_49":["field_6515728983c02"],"_usdhk_price_99":["field_6515728e83c03"],"stock_options":["In stock"],"_stock_options":["field_6544b605dc7f9"],"_top_nav_excluded":[""],"_cms_nav_minihome":[""],"wcml_sync_hash":["a:1:{s:15:\"postmeta_fields\";s:32:\"6a8ff5e6ed2c42831737477edeaf821d\";}"],"attr_label_translations":["a:0:{}"],"_product_attributes":["a:1:{s:16:\"pa_product-brand\";a:6:{s:4:\"name\";s:16:\"pa_product-brand\";s:5:\"value\";s:0:\"\";s:8:\"position\";i:0;s:10:\"is_visible\";i:1;s:12:\"is_variation\";i:0;s:11:\"is_taxonomy\";i:1;}}"],"_product_image_gallery":[""],"_thumbnail_id":["33641"],"_crosssell_ids":["a:0:{}"],"_edit_lock":["1721807371:8383"],"classic-editor-remember":["classic-editor"],"rank_math_seo_score":["68"],"_edit_last":["8383"],"commercekit_gallery_layout":[""],"commercekit_disable_sticky_atc":["0"],"commercekit_wc_video_gallery":["a:0:{}"],"_rank_math_gtin_code":[""],"_wcml_average_rating":[null],"_wcml_review_count":[null],"_wcml_rating_count":[null],"_stock":["5.000000"],"_wc_average_rating":[0],"_wc_review_count":["0"],"_product_version":["9.1.2"],"usd_price_4":[""],"usd_price_9":[""],"usd_price_24":[""],"usd_price_49":[""],"usd_price_99":[""],"gbp_price_4":[""],"gbp_price_9":[""],"gbp_price_24":[""],"gbp_price_49":[""],"gbp_price_99":[""],"usdhk_price_4":[""],"usdhk_price_9":[""],"usdhk_price_24":[""],"usdhk_price_49":[""],"usdhk_price_99":[""],"display_data_alarm":[""],"resources":[""],"calibration":[""],"accessories":[""],"faqs":[""],"calibration_suitable_ids_gb":[""],"calibration_suitable_ids_us":[""],"show_in_calibration_suitable":[""],"other_features":[""],"shipping":[""],"refrigerant_cabinet":[""],"main_specifications":[""],"shoptimizer_layout_pdp_short_description_position":["default"],"_wpml_media_duplicate":["1"],"_wpml_media_featured":["1"],"_last_translation_edit_mode":["translation-editor"],"brand":["Absortech"],"_calibration":["field_66a0ddd599972"],"_manage_stock":["no"],"rank_math_primary_product_cat":["2529"],"_wpml_word_count":["137"],"hubwoo_ecomm_pro_id":["25317103875"],"rank_math_focus_keyword":["ABSORUNIT"],"specifications_table":["<table class=\"specification\">\n<tbody>\n<tr>\n<td class=\"td-left\">Longitud<\/td>\n<td>280 mm<\/td>\n<\/tr>\n<tr>\n<td class=\"td-left\">Anchura<\/td>\n<td>170 mm<\/td>\n<\/tr>\n<tr>\n<td class=\"td-left\">Peso<\/td>\n<td>19800 gramos<\/td>\n<\/tr>\n<tr>\n<td class=\"td-left\">C\u00f3digo del producto<\/td>\n<td>6046<\/td>\n<\/tr>\n<tr>\n<td class=\"td-left\">Peso gramo<\/td>\n<td>19800<\/td>\n<\/tr>\n<tr>\n<td class=\"td-left\">Unidad de venta<\/td>\n<td>Caja<\/td>\n<\/tr>\n<tr>\n<td class=\"td-left\">Cantidad m\u00ednima de pedido<\/td>\n<td>10 cajas<\/td>\n<\/tr>\n<\/tbody>\n<\/table>"],"_uag_page_assets":["a:9:{s:3:\"css\";s:0:\"\";s:2:\"js\";s:0:\"\";s:18:\"current_block_list\";a:0:{}s:8:\"uag_flag\";b:0;s:11:\"uag_version\";s:10:\"1775171553\";s:6:\"gfonts\";a:0:{}s:10:\"gfonts_url\";s:0:\"\";s:12:\"gfonts_files\";a:0:{}s:14:\"uag_faq_layout\";b:0;}"],"_max_variation_price":[""],"_max_variation_regular_price":[""],"_max_variation_sale_price":[""],"_min_variation_price":[""],"_min_variation_regular_price":[""],"_min_variation_sale_price":[""],"_sale_price":[""],"_wc_pb_base_regular_price":[""],"_wc_pb_base_sale_price":[""],"_wc_pb_base_price":[""],"_wc_sw_max_price":[""],"_wc_sw_max_regular_price":[""],"_wc_rating_count":[""]},"uagb_featured_image_src":{"full":["https:\/\/praxas.com\/wp-content\/uploads\/absortech-absorunit-32-u-with-band-a-18-pcs-dessic-800px.jpg",800,463,false],"thumbnail":["https:\/\/praxas.com\/wp-content\/uploads\/absortech-absorunit-32-u-with-band-a-18-pcs-dessic-800px-150x150.jpg",150,150,true],"medium":["https:\/\/praxas.com\/wp-content\/uploads\/absortech-absorunit-32-u-with-band-a-18-pcs-dessic-800px-300x174.jpg",300,174,true],"medium_large":["https:\/\/praxas.com\/wp-content\/uploads\/absortech-absorunit-32-u-with-band-a-18-pcs-dessic-800px-768x444.jpg",768,444,true],"large":["https:\/\/praxas.com\/wp-content\/uploads\/absortech-absorunit-32-u-with-band-a-18-pcs-dessic-800px.jpg",800,463,false],"1536x1536":["https:\/\/praxas.com\/wp-content\/uploads\/absortech-absorunit-32-u-with-band-a-18-pcs-dessic-800px.jpg",800,463,false],"2048x2048":["https:\/\/praxas.com\/wp-content\/uploads\/absortech-absorunit-32-u-with-band-a-18-pcs-dessic-800px.jpg",800,463,false],"crunchify-admin-post-featured-image":["https:\/\/praxas.com\/wp-content\/uploads\/absortech-absorunit-32-u-with-band-a-18-pcs-dessic-800px-120x69.jpg",120,69,true],"commercegurus-pdp-large":["https:\/\/praxas.com\/wp-content\/uploads\/absortech-absorunit-32-u-with-band-a-18-pcs-dessic-800px.jpg",800,463,false],"commercegurus-plp-mobile":["https:\/\/praxas.com\/wp-content\/uploads\/absortech-absorunit-32-u-with-band-a-18-pcs-dessic-800px-441x255.jpg",441,255,true],"cgkit_image_swatch":["https:\/\/praxas.com\/wp-content\/uploads\/absortech-absorunit-32-u-with-band-a-18-pcs-dessic-800px-100x100.jpg",100,100,true],"woocommerce_thumbnail":["https:\/\/praxas.com\/wp-content\/uploads\/absortech-absorunit-32-u-with-band-a-18-pcs-dessic-800px-350x203.jpg",350,203,true],"woocommerce_single":["https:\/\/praxas.com\/wp-content\/uploads\/absortech-absorunit-32-u-with-band-a-18-pcs-dessic-800px.jpg",800,463,false],"woocommerce_gallery_thumbnail":["https:\/\/praxas.com\/wp-content\/uploads\/absortech-absorunit-32-u-with-band-a-18-pcs-dessic-800px-150x87.jpg",150,87,true]},"uagb_author_info":{"display_name":"Andy Price","author_link":"https:\/\/praxas.com\/es\/author\/"},"uagb_comment_info":0,"uagb_excerpt":"Desecante de alta absorci\u00f3n Ahorro de espacio F\u00e1cil de usar","_links":{"self":[{"href":"https:\/\/praxas.com\/es\/wp-json\/wp\/v2\/product\/33640","targetHints":{"allow":["GET"]}}],"collection":[{"href":"https:\/\/praxas.com\/es\/wp-json\/wp\/v2\/product"}],"about":[{"href":"https:\/\/praxas.com\/es\/wp-json\/wp\/v2\/types\/product"}],"wp:featuredmedia":[{"embeddable":true,"href":"https:\/\/praxas.com\/es\/wp-json\/wp\/v2\/media\/33641"}],"wp:attachment":[{"href":"https:\/\/praxas.com\/es\/wp-json\/wp\/v2\/media?parent=33640"}],"wp:term":[{"taxonomy":"product_brand","embeddable":true,"href":"https:\/\/praxas.com\/es\/wp-json\/wp\/v2\/product_brand?post=33640"},{"taxonomy":"product_cat","embeddable":true,"href":"https:\/\/praxas.com\/es\/wp-json\/wp\/v2\/product_cat?post=33640"},{"taxonomy":"product_tag","embeddable":true,"href":"https:\/\/praxas.com\/es\/wp-json\/wp\/v2\/product_tag?post=33640"}],"curies":[{"name":"wp","href":"https:\/\/api.w.org\/{rel}","templated":true}]}}