{"id":33655,"date":"2024-06-12T11:18:02","date_gmt":"2024-06-12T09:18:02","guid":{"rendered":"https:\/\/staging.praxas.com\/product\/sin%20categor\u00eda\/uhado-16-registrador-de-temperatura-y-humedad\/"},"modified":"2025-10-08T18:13:42","modified_gmt":"2025-10-08T16:13:42","slug":"uhado-16-registrador-de-temperatura-y-humedad","status":"publish","type":"product","link":"https:\/\/praxas.com\/es\/product\/registradores-de-datos\/temperatura-y-humedad\/uhado-16-registrador-de-temperatura-y-humedad\/","title":{"rendered":"Registrador de Temperatura y Humedad UHADO-16"},"content":{"rendered":"<p>El Registrador de Temperatura y Humedad LogTag UHADO-16 controla los niveles de temperatura y humedad durante el transporte y el almacenamiento. Puede registrar hasta 16.000 mediciones de temperatura y humedad.<\/p>\n<p>Con un rango de humedad de 0% a 100% HR y un rango de temperatura de -30\u00b0C a +70\u00b0C, puedes vigilar de cerca las condiciones de la carga para evitar que se da\u00f1e o estropee durante el transporte. El datalogger dispone de una pantalla LCD y puede conectarse directamente a un ordenador.<\/p>\n<p><strong>Ventajas del LogTag UHADO-16:<\/strong><\/p>\n<ul>\n<li>16.000 puntos de medici\u00f3n<\/li>\n<li>Registra y muestra simult\u00e1neamente las lecturas de temperatura y humedad en la pantalla<\/li>\n<li>Ajustes de alarma e indicadores LED ajustables<\/li>\n<li>Rangos de temperatura de -30 ~ +70 \u00b0C<\/li>\n<li>Genera informes PDF autom\u00e1ticos sin software especial<\/li>\n<li>Sin mediciones manuales<\/li>\n<\/ul>\n<p><strong>Temperatura y humedad<\/strong><\/p>\n<p>El Registrador de Temperatura y Humedad LogTag UHADO-16 controla los niveles de temperatura y humedad durante el transporte, tanto a corta como a larga distancia, as\u00ed como durante el almacenamiento. La calidad de los productos, como los alimentos, depende en gran medida de la temperatura y la humedad ambientales. Colocar la LogTag UHADO-16 en tu carga te asegura que est\u00e1s informado de estas condiciones, garantizando la calidad y seguridad del producto.<\/p>\n<p><strong>F\u00e1cil acceso a los datos<\/strong><\/p>\n<p>El Registrador de Temperatura y Humedad LogTag UHADO-16 simplifica la gesti\u00f3n de datos sin necesidad de software especial. Conecta el datalogger a tu PC mediante un cable micro-USB est\u00e1ndar para generar autom\u00e1ticamente informes en PDF.<\/p>\n<p>Este registrador de datos es compatible con las bases de interfaz LogTag LTI-USB, LTI-HID y LTI-WiFi, lo que permite procesar los datos directamente con los programas en la nube LogTag Analyser y LogTag Online.<\/p>\n<p>Nota: Es necesaria una interfaz para la configuraci\u00f3n y la elaboraci\u00f3n de informes.<\/p>\n<p><strong> <\/strong><\/p>\n<p>El uso del Registrador de Temperatura y Humedad LogTag UHADO-16 permite controlar continuamente la temperatura de la carga para evitar da\u00f1os durante el transporte.<\/p>\n","protected":false},"excerpt":{"rendered":"<ul>\n<li>Registrador de temperatura y humedad<\/li>\n<li>0 a 100% HR y -30\u00b0C a +70\u00b0C<\/li>\n<li>Indicador de alarma<\/li>\n<li>16.000 puntos de medici\u00f3n<\/li>\n<li>Genera PDF autom\u00e1ticos<\/li>\n<\/ul>\n","protected":false},"featured_media":33656,"template":"","meta":{"_acf_changed":false,"content-type":"","_uag_custom_page_level_css":""},"product_brand":[],"product_cat":[1610],"product_tag":[2515],"class_list":{"0":"post-33655","1":"product","2":"type-product","3":"status-publish","4":"has-post-thumbnail","6":"product_cat-temperatura-y-humedad","7":"product_tag-logtag-es","9":"first","10":"instock","11":"taxable","12":"shipping-taxable","13":"purchasable","14":"product-type-simple"},"bundled_by":[],"bundle_stock_status":"instock","bundle_stock_quantity":null,"bundle_virtual":false,"bundle_layout":"","bundle_add_to_cart_form_location":"","bundle_editable_in_cart":false,"bundle_sold_individually_context":"","bundle_item_grouping":"","bundle_min_size":"","bundle_max_size":"","bundle_price":[],"bundled_items":[],"bundle_sell_ids":[],"acf":[],"spectra_custom_meta":{"_backorders":["no"],"_download_limit":["-1"],"_download_expiry":["-1"],"_downloadable":["no"],"_manage_stock":["no"],"_sku":["UHADO-16"],"_stock_status":["instock"],"_sold_individually":["no"],"_tax_class":[""],"_tax_status":["taxable"],"_virtual":["no"],"_weight":["0"],"_width":["0"],"_height":["0"],"_length":["0"],"total_sales":["12"],"product_datasheet":[""],"_product_datasheet":["field_650ad7d6ea3a0"],"_connectivity":["field_64dce263bb57c"],"brand":["LogTag"],"_brand":["field_64ddf62ed2593"],"brand_image":[""],"_brand_image":["field_650c5e7c84cae"],"_specifications_table":["field_65044e1db92a8"],"_resources":["field_650849c6945ee"],"_accessories":["field_650849e6945f0"],"_faqs":["field_650859523d8d5"],"_calibration_suitable_ids_gb":["field_654b4c4acb54a"],"_calibration_suitable_ids_us":["field_654b4c56cb54b"],"_show_in_calibration_suitable":["field_654cfb691d345"],"_usd_price_4":["field_651570dcac479"],"_usd_price_9":["field_6515713eb4807"],"_usd_price_24":["field_65157141b4809"],"_usd_price_49":["field_65157140b4808"],"_usd_price_99":["field_6515715bb480a"],"_gbp_price_4":["field_6515716e83bfa"],"_gbp_price_9":["field_6515724783bfb"],"_gbp_price_24":["field_6515724b83bfc"],"_gbp_price_49":["field_6515725983bfd"],"_gbp_price_99":["field_6515725d83bfe"],"_usdhk_price_4":["field_6515726f83bff"],"_usdhk_price_9":["field_6515727c83c00"],"_usdhk_price_24":["field_6515728083c01"],"_usdhk_price_49":["field_6515728983c02"],"_usdhk_price_99":["field_6515728e83c03"],"stock_options":["In stock"],"_stock_options":["field_6544b605dc7f9"],"_top_nav_excluded":[""],"_cms_nav_minihome":[""],"wcml_sync_hash":["a:1:{s:15:\"postmeta_fields\";s:32:\"fbab84e5a7d587dfab9445f7df133eda\";}"],"attr_label_translations":["a:0:{}"],"_product_attributes":["a:1:{s:16:\"pa_product-brand\";a:6:{s:4:\"name\";s:16:\"pa_product-brand\";s:5:\"value\";s:0:\"\";s:8:\"position\";i:0;s:10:\"is_visible\";i:1;s:12:\"is_variation\";i:0;s:11:\"is_taxonomy\";i:1;}}"],"_product_image_gallery":[""],"_thumbnail_id":["33656"],"_crosssell_ids":["a:0:{}"],"_display_data_alarm":["field_667d647bcb066"],"_other_features":["field_668524f8c98a4"],"_shipping":["field_66852535c98a5"],"_refrigerant_cabinet":["field_66852557c98a6"],"_main_specifications":["field_66855b25b1245"],"_last_translation_edit_mode":["translation-editor"],"_calibration":["field_66a0ddd599972"],"connectivity":["Interface Cradle"],"_edit_lock":["1724255070:8383"],"classic-editor-remember":["classic-editor"],"rank_math_seo_score":["90"],"rank_math_contentai_score":["a:5:{s:8:\"keywords\";s:5:\"74.51\";s:9:\"wordCount\";s:1:\"0\";s:9:\"linkCount\";s:1:\"0\";s:12:\"headingCount\";s:1:\"0\";s:10:\"mediaCount\";s:1:\"0\";}"],"_edit_last":["8383"],"commercekit_gallery_layout":[""],"commercekit_disable_sticky_atc":["0"],"commercekit_wc_video_gallery":["a:0:{}"],"_rank_math_gtin_code":[""],"_wcml_average_rating":[null],"_wcml_review_count":[null],"_wcml_rating_count":[null],"_stock":[null],"_wc_average_rating":[0],"_wc_review_count":["0"],"_product_version":["9.1.4"],"usd_price_4":[""],"usd_price_9":[""],"usd_price_24":[""],"usd_price_49":[""],"usd_price_99":[""],"gbp_price_4":[""],"gbp_price_9":[""],"gbp_price_24":[""],"gbp_price_49":[""],"gbp_price_99":[""],"usdhk_price_4":[""],"usdhk_price_9":[""],"usdhk_price_24":[""],"usdhk_price_49":[""],"usdhk_price_99":[""],"display_data_alarm":[""],"calibration":[""],"faqs":[""],"calibration_suitable_ids_gb":[""],"calibration_suitable_ids_us":[""],"show_in_calibration_suitable":[""],"other_features":[""],"shipping":[""],"refrigerant_cabinet":[""],"main_specifications":[""],"shoptimizer_layout_pdp_short_description_position":["default"],"rank_math_analytic_object_id":["692"],"_wpml_media_duplicate":["1"],"_wpml_media_featured":["1"],"_regular_price":["121.10"],"_price":["121.10"],"min_temp":["-30"],"max_temp":["70"],"_min_temp":["field_67ea5eb4e0a77"],"_max_temp":["field_67ea5f81e0a79"],"hubwoo_ecomm_pro_id":["21534076573"],"_wpml_word_count":["362"],"rank_math_primary_product_cat":["97"],"_global_unique_id":["850040258127"],"rank_math_description":["Registrador de temperatura y humedad 0 a 100% HR -30\u00b0C a +70\u00b0C Indicador de alarma 16.000 puntos de medici\u00f3n Genera PDF autom\u00e1tico Indicadores LED"],"rank_math_focus_keyword":["UHADO-16"],"specifications_table":["<table class=\"specifications\">\n<tbody>\n<tr>\n<td class=\"left-td\">Rango de medici\u00f3n de la temperatura<\/td>\n<td>-30\u00b0C a +70\u00b0C (-22\u00b0F a +158\u00b0F)<\/td>\n<\/tr>\n<tr>\n<td class=\"left-td\">Temperatura de almacenamiento<\/td>\n<td>De +10\u00b0C a +50\u00b0C (de +50\u00b0F a +122\u00b0F)<\/td>\n<\/tr>\n<tr>\n<td class=\"left-td\">Rango de medici\u00f3n de la humedad<\/td>\n<td>0% HR a 100% HR (sin condensaci\u00f3n), con limitaciones<\/td>\n<\/tr>\n<tr>\n<td class=\"left-td\">Rango de funcionamiento de la humedad<\/td>\n<td>0% HR a 100% HR (sin condensaci\u00f3n), con limitaciones<\/td>\n<\/tr>\n<tr>\n<td class=\"left-td\">Rango de almacenamiento de humedad<\/td>\n<td>20% HR a 60% HR<\/td>\n<\/tr>\n<tr>\n<td class=\"left-td\">Precisi\u00f3n de lectura de la temperatura nominal<\/td>\n<td>Mejor que \u00b10,45\u00b0C (\u00b10,8\u00b0F) para +0\u00b0C a +50\u00b0C (+32\u00b0F a +122\u00b0F), normalmente \u00b10,3\u00b0C (0,6\u00b0F)\nMejor que \u00b10,8\u00b0C (\u00b11,4\u00b0F) para +50\u00b0C a +70\u00b0C (+122\u00b0F a +158\u00b0F), normalmente \u00b10,5\u00b0C (0,9\u00b0F)9\u00b0F)\nMejor que \u00b10,95\u00b0C (\u00b11,7\u00b0F) para -40\u00b0C a +0\u00b0C (-40\u00b0F a +32\u00b0F), normalmente \u00b10,6\u00b0C (1,1\u00b0F)\nEl rendimiento real suele ser mucho mejor que los valores nominales\nLas cifras de precisi\u00f3n se pueden mejorar recalibrando<\/td>\n<\/tr>\n<tr>\n<td class=\"left-td\">Precisi\u00f3n de lectura de la humedad nominal<\/td>\n<td>Mejor que \u00b13%RH para 20%RH a 80%RH, normalmente \u00b12%RH\nMejor que \u00b15%RH para 0%RH a 20%RH, normalmente \u00b14%RH\nMejor que \u00b15%RH para 80%RH a 100%RH, normalmente \u00b14%RH\nEl rendimiento real suele ser mucho mejor que los valores nominales\nLas cifras de precisi\u00f3n pueden mejorarse recalibrando el aparato<\/td>\n<\/tr>\n<tr>\n<td class=\"left-td\">Resoluci\u00f3n de humedad<\/td>\n<td>Mejor que 0,1% HR<\/td>\n<\/tr>\n<tr>\n<td class=\"left-td\">Resoluci\u00f3n de temperatura<\/td>\n<td>Mejor que 0,1\u00b0C o 0,1\u00b0F<\/td>\n<\/tr>\n<tr>\n<td class=\"left-td\">Capacidad de grabaci\u00f3n<\/td>\n<td>16.128 pares de lecturas de humedad y temperatura. 112 d\u00edas @ 10min de registro, 168 d\u00edas @ 15min de registro\nMemoria de estad\u00edsticas para mostrar los valores m\u00e1ximos y m\u00ednimos de Temperatura y HR en la pantalla LCD\nMemoria de estad\u00edsticas de resumen diario (para mostrar en la pantalla LCD): hasta 30 d\u00edas de estad\u00edsticas de M\u00e1x\/M\u00edn\/duraci\u00f3n y activaci\u00f3n de alarmas <\/td>\n<\/tr>\n<tr>\n<td class=\"left-td\">Intervalo de muestreo<\/td>\n<td>Configurable de 30 segundos a varias horas<\/td>\n<\/tr>\n<tr>\n<td class=\"left-td\">Opciones de inicio de registro<\/td>\n<td>Inicio mediante pulsador o fecha y hora espec\u00edficas<\/td>\n<\/tr>\n<tr>\n<td class=\"left-td\">Indicaci\u00f3n de grabaci\u00f3n<\/td>\n<td>Indicador de estado \"REC\"<\/td>\n<\/tr>\n<tr>\n<td class=\"left-td\">Alarmas<\/td>\n<td>4 alarmas de temperatura y 2 de humedad<\/td>\n<\/tr>\n<tr>\n<td class=\"left-td\">Tiempo de descarga<\/td>\n<td>Normalmente menos de 10 segundos para la memoria completa, dependiendo del ordenador o dispositivo de lectura utilizado<\/td>\n<\/tr>\n<tr>\n<td class=\"left-td\">Medioambiental<\/td>\n<td>IP61 (cuando est\u00e1 colgado o montado verticalmente)<\/td>\n<\/tr>\n<tr>\n<td class=\"left-td\">Fuente de alimentaci\u00f3n<\/td>\n<td>Pila CR2032 3V LiMnO2 (reemplazable)<\/td>\n<\/tr>\n<tr>\n<td class=\"left-td\">Duraci\u00f3n de la bater\u00eda<\/td>\n<td>1 a\u00f1o de almacenamiento, 1 a\u00f1o de uso normal (basado en un registro de 15 minutos, descarga de datos mensual)<\/td>\n<\/tr>\n<tr>\n<td class=\"left-td\">Reloj en tiempo real<\/td>\n<td>Reloj de tiempo real incorporado\nPrecisi\u00f3n t\u00edpica \u00b125ppm a 25\u00b0C (equivalente a 2,5 segundos\/d\u00eda)<\/td>\n<\/tr>\n<tr>\n<td class=\"left-td\">Interfaz de conexi\u00f3n<\/td>\n<td>Interfaz Cuna o enchufe USB 2.0 \/ Micro USB (cable no incluido)<\/td>\n<\/tr>\n<tr>\n<td class=\"left-td\">Software<\/td>\n<td>Analizador LogTag\u00ae y LogTag\u00ae Online<\/td>\n<\/tr>\n<tr>\n<td class=\"left-td\">Soporte multiling\u00fce<\/td>\n<td>Soporte multiling\u00fce para ingl\u00e9s, espa\u00f1ol, franc\u00e9s, ruso y alem\u00e1n<\/td>\n<\/tr>\n<tr>\n<td class=\"left-td\">Tama\u00f1o<\/td>\n<td>93 mm(A) x 54,5 mm(A) x 8,6 mm(T) incluida la tapa protectora USB<\/td>\n<\/tr>\n<tr>\n<td class=\"left-td\">Peso<\/td>\n<td>41g<\/td>\n<\/tr>\n<tr>\n<td class=\"left-td\">Material de la caja<\/td>\n<td>Policarbonato<\/td>\n<\/tr>\n<\/tbody>\n<\/table>"],"resources":["<ul class=\"resources-list\">\n \t<li><a href=\"https:\/\/praxas.com\/wp-content\/uploads\/LogTag_UHADO-16_Brochure.pdf\"><img src=\"https:\/\/praxas.com\/wp-content\/uploads\/document-icon.png\" alt=\"Icono de documento\">Folleto LogTag UHADO-16<\/a><\/li>\n \t<li><img src=\"https:\/\/praxas.com\/wp-content\/uploads\/document-icon.png\" alt=\"Icono de documento\"><a href=\"https:\/\/praxas.com\/wp-content\/uploads\/UHADO_16_Quickstart_Guide.pdf\">Gu\u00eda de inicio r\u00e1pido de LogTag UHADO-16<\/a><\/li>\n \t<li><a href=\"https:\/\/praxas.com\/wp-content\/uploads\/UHADO-16_Product_User_Guide.pdf\"><img src=\"https:\/\/praxas.com\/wp-content\/uploads\/document-icon.png\" alt=\"Icono de documento\">Manual LogTag UHADO-16<\/a><\/li>\n<\/ul>"],"accessories":["[products skus=\"LTI-HID,WMB-1\"]"],"_uag_page_assets":["a:9:{s:3:\"css\";s:0:\"\";s:2:\"js\";s:0:\"\";s:18:\"current_block_list\";a:0:{}s:8:\"uag_flag\";b:0;s:11:\"uag_version\";s:10:\"1777052440\";s:6:\"gfonts\";a:0:{}s:10:\"gfonts_url\";s:0:\"\";s:12:\"gfonts_files\";a:0:{}s:14:\"uag_faq_layout\";b:0;}"],"_max_variation_price":[""],"_max_variation_regular_price":[""],"_max_variation_sale_price":[""],"_min_variation_price":[""],"_min_variation_regular_price":[""],"_min_variation_sale_price":[""],"_sale_price":[""],"_wc_pb_base_regular_price":[""],"_wc_pb_base_sale_price":[""],"_wc_pb_base_price":[""],"_wc_sw_max_price":[""],"_wc_sw_max_regular_price":[""],"_wc_rating_count":[""]},"uagb_featured_image_src":{"full":["https:\/\/praxas.com\/wp-content\/uploads\/logtag-logtag-uhado-16-temperature-and-humidity-re-800px.jpg",800,463,false],"thumbnail":["https:\/\/praxas.com\/wp-content\/uploads\/logtag-logtag-uhado-16-temperature-and-humidity-re-800px-150x150.jpg",150,150,true],"medium":["https:\/\/praxas.com\/wp-content\/uploads\/logtag-logtag-uhado-16-temperature-and-humidity-re-800px-300x174.jpg",300,174,true],"medium_large":["https:\/\/praxas.com\/wp-content\/uploads\/logtag-logtag-uhado-16-temperature-and-humidity-re-800px-768x444.jpg",768,444,true],"large":["https:\/\/praxas.com\/wp-content\/uploads\/logtag-logtag-uhado-16-temperature-and-humidity-re-800px.jpg",800,463,false],"1536x1536":["https:\/\/praxas.com\/wp-content\/uploads\/logtag-logtag-uhado-16-temperature-and-humidity-re-800px.jpg",800,463,false],"2048x2048":["https:\/\/praxas.com\/wp-content\/uploads\/logtag-logtag-uhado-16-temperature-and-humidity-re-800px.jpg",800,463,false],"crunchify-admin-post-featured-image":["https:\/\/praxas.com\/wp-content\/uploads\/logtag-logtag-uhado-16-temperature-and-humidity-re-800px-120x69.jpg",120,69,true],"commercegurus-pdp-large":["https:\/\/praxas.com\/wp-content\/uploads\/logtag-logtag-uhado-16-temperature-and-humidity-re-800px.jpg",800,463,false],"commercegurus-plp-mobile":["https:\/\/praxas.com\/wp-content\/uploads\/logtag-logtag-uhado-16-temperature-and-humidity-re-800px-441x255.jpg",441,255,true],"cgkit_image_swatch":["https:\/\/praxas.com\/wp-content\/uploads\/logtag-logtag-uhado-16-temperature-and-humidity-re-800px-100x100.jpg",100,100,true],"woocommerce_thumbnail":["https:\/\/praxas.com\/wp-content\/uploads\/logtag-logtag-uhado-16-temperature-and-humidity-re-800px-350x203.jpg",350,203,true],"woocommerce_single":["https:\/\/praxas.com\/wp-content\/uploads\/logtag-logtag-uhado-16-temperature-and-humidity-re-800px.jpg",800,463,false],"woocommerce_gallery_thumbnail":["https:\/\/praxas.com\/wp-content\/uploads\/logtag-logtag-uhado-16-temperature-and-humidity-re-800px-150x87.jpg",150,87,true]},"uagb_author_info":{"display_name":"Beth Foord","author_link":"https:\/\/praxas.com\/es\/author\/"},"uagb_comment_info":0,"uagb_excerpt":"Registrador de temperatura y humedad 0 a 100% HR y -30\u00b0C a +70\u00b0C Indicador de alarma 16.000 puntos de medici\u00f3n Genera PDF autom\u00e1ticos","_links":{"self":[{"href":"https:\/\/praxas.com\/es\/wp-json\/wp\/v2\/product\/33655","targetHints":{"allow":["GET"]}}],"collection":[{"href":"https:\/\/praxas.com\/es\/wp-json\/wp\/v2\/product"}],"about":[{"href":"https:\/\/praxas.com\/es\/wp-json\/wp\/v2\/types\/product"}],"wp:featuredmedia":[{"embeddable":true,"href":"https:\/\/praxas.com\/es\/wp-json\/wp\/v2\/media\/33656"}],"wp:attachment":[{"href":"https:\/\/praxas.com\/es\/wp-json\/wp\/v2\/media?parent=33655"}],"wp:term":[{"taxonomy":"product_brand","embeddable":true,"href":"https:\/\/praxas.com\/es\/wp-json\/wp\/v2\/product_brand?post=33655"},{"taxonomy":"product_cat","embeddable":true,"href":"https:\/\/praxas.com\/es\/wp-json\/wp\/v2\/product_cat?post=33655"},{"taxonomy":"product_tag","embeddable":true,"href":"https:\/\/praxas.com\/es\/wp-json\/wp\/v2\/product_tag?post=33655"}],"curies":[{"name":"wp","href":"https:\/\/api.w.org\/{rel}","templated":true}]}}