{"id":33677,"date":"2024-06-11T17:26:59","date_gmt":"2024-06-11T15:26:59","guid":{"rendered":"https:\/\/staging.praxas.com\/product\/sin%20categor\u00eda\/st100j-sensor-externo\/"},"modified":"2025-10-09T10:14:59","modified_gmt":"2025-10-09T08:14:59","slug":"st100j-sensor-externo","status":"publish","type":"product","link":"https:\/\/praxas.com\/es\/product\/registradores-de-datos\/accesorios-es\/st100j-sensor-externo\/","title":{"rendered":"Sensores externos ST100J"},"content":{"rendered":"<p data-start=\"181\" data-end=\"247\"><strong data-start=\"181\" data-end=\"247\">Sensor externo LogTag ST100J &#8211; Sonda alimentaria de punta corta<\/strong><\/p>\n<p data-start=\"249\" data-end=\"622\">El LogTag ST100J es un sensor externo compacto, apto para uso alimentario seg\u00fan la FDA, dise\u00f1ado para medir con precisi\u00f3n la temperatura en aplicaciones alimentarias. Con una punta corta de acero inoxidable expuesta de 40 mm y una duradera junta sobremoldeada para mejorar la resistencia a la humedad y el alivio de la tensi\u00f3n del cable, esta sonda es ideal para entornos de alta temperatura o alta humedad en los que no se pueden utilizar directamente registradores de datos. <\/p>\n<p data-start=\"624\" data-end=\"680\"><strong data-start=\"624\" data-end=\"680\">Principales ventajas del sensor externo LogTag ST100J:<\/strong><\/p>\n<ul data-start=\"682\" data-end=\"920\">\n<li data-start=\"682\" data-end=\"734\">\n<p data-start=\"684\" data-end=\"734\">Sonda de acero inoxidable 316 con punta expuesta de ~40 mm<\/p>\n<\/li>\n<li data-start=\"735\" data-end=\"784\">\n<p data-start=\"737\" data-end=\"784\">Materiales aptos para uso alimentario de la FDA, incluido el cable<\/p>\n<\/li>\n<li data-start=\"785\" data-end=\"826\">\n<p data-start=\"787\" data-end=\"826\">Dise\u00f1o sobremoldeado resistente a la humedad<\/p>\n<\/li>\n<li data-start=\"827\" data-end=\"920\">\n<p data-start=\"829\" data-end=\"920\">Opciones de longitud del cable:<br data-start=\"850\" data-end=\"853\">&#8211; 1,5 metros<br data-start=\"885\" data-end=\"888\">&#8211; 3 metros<\/p>\n<\/li>\n<\/ul>\n<p data-start=\"922\" data-end=\"945\"><strong data-start=\"922\" data-end=\"945\">\u00bfPor qu\u00e9 utilizar el ST100J?<\/strong><\/p>\n<p data-start=\"947\" data-end=\"1258\">Cuando necesites lecturas de temperatura fiables e higi\u00e9nicas en entornos inadecuados para los registradores de datos -como el procesado de alimentos o la cocina-, el ST100J ofrece una soluci\u00f3n segura y eficaz. Su dise\u00f1o de punta corta es perfecto para aplicaciones compactas, al tiempo que mantiene la durabilidad y precisi\u00f3n por las que se conoce a LogTag. <\/p>\n","protected":false},"excerpt":{"rendered":"<ul>\n<li>Sensor externo<\/li>\n<li>Seguro para la FDA<\/li>\n<li>Longitud de la punta expuesta 40 mm<\/li>\n<li>Di\u00e1metro 3,2 mm<\/li>\n<li>Sin asa &#8211; dise\u00f1o compacto sobremoldeado<\/li>\n<li>Longitud del cable 1,5 m o 3 m<\/li>\n<\/ul>\n","protected":false},"featured_media":33678,"template":"","meta":{"_acf_changed":false,"content-type":"","_uag_custom_page_level_css":""},"product_brand":[],"product_cat":[1553,1829],"product_tag":[2515],"class_list":{"0":"post-33677","1":"product","2":"type-product","3":"status-publish","4":"has-post-thumbnail","6":"product_cat-accesorios-es","7":"product_cat-varios-es","8":"product_tag-logtag-es","10":"first","11":"instock","12":"taxable","13":"shipping-taxable","14":"purchasable","15":"product-type-variable"},"bundled_by":[],"bundle_stock_status":"instock","bundle_stock_quantity":null,"bundle_virtual":false,"bundle_layout":"","bundle_add_to_cart_form_location":"","bundle_editable_in_cart":false,"bundle_sold_individually_context":"","bundle_item_grouping":"","bundle_min_size":"","bundle_max_size":"","bundle_price":[],"bundled_items":[],"bundle_sell_ids":[],"acf":[],"spectra_custom_meta":{"_backorders":["no"],"_download_limit":["-1"],"_download_expiry":["-1"],"_downloadable":["no"],"_manage_stock":["no"],"_stock_status":["instock"],"_sold_individually":["no"],"_tax_class":[""],"_tax_status":["taxable"],"_virtual":["no"],"_weight":["0"],"_width":["0"],"_height":["0"],"_length":["0"],"total_sales":["0"],"product_datasheet":[""],"_product_datasheet":["field_650ad7d6ea3a0"],"_connectivity":["field_64dce263bb57c"],"brand":["LogTag"],"_brand":["field_64ddf62ed2593"],"brand_image":[""],"_brand_image":["field_650c5e7c84cae"],"_specifications_table":["field_65044e1db92a8"],"_resources":["field_650849c6945ee"],"_accessories":["field_650849e6945f0"],"_faqs":["field_650859523d8d5"],"_calibration_suitable_ids_gb":["field_654b4c4acb54a"],"_calibration_suitable_ids_us":["field_654b4c56cb54b"],"_show_in_calibration_suitable":["field_654cfb691d345"],"_usd_price_4":["field_651570dcac479"],"_usd_price_9":["field_6515713eb4807"],"_usd_price_24":["field_65157141b4809"],"_usd_price_49":["field_65157140b4808"],"_usd_price_99":["field_6515715bb480a"],"_gbp_price_4":["field_6515716e83bfa"],"_gbp_price_9":["field_6515724783bfb"],"_gbp_price_24":["field_6515724b83bfc"],"_gbp_price_49":["field_6515725983bfd"],"_gbp_price_99":["field_6515725d83bfe"],"_usdhk_price_4":["field_6515726f83bff"],"_usdhk_price_9":["field_6515727c83c00"],"_usdhk_price_24":["field_6515728083c01"],"_usdhk_price_49":["field_6515728983c02"],"_usdhk_price_99":["field_6515728e83c03"],"stock_options":["In stock"],"_stock_options":["field_6544b605dc7f9"],"_top_nav_excluded":[""],"_cms_nav_minihome":[""],"wcml_sync_hash":["a:1:{s:15:\"postmeta_fields\";s:32:\"d2cbf973e3fc03a5e1db4bef8d2978b5\";}"],"attr_label_translations":["a:0:{}"],"_product_attributes":["a:2:{s:16:\"pa_product-brand\";a:6:{s:4:\"name\";s:16:\"pa_product-brand\";s:5:\"value\";s:0:\"\";s:8:\"position\";i:0;s:10:\"is_visible\";i:1;s:12:\"is_variation\";i:0;s:11:\"is_taxonomy\";i:1;}s:16:\"pa_make-a-choice\";a:6:{s:4:\"name\";s:16:\"pa_make-a-choice\";s:5:\"value\";s:0:\"\";s:8:\"position\";i:1;s:10:\"is_visible\";i:1;s:12:\"is_variation\";i:1;s:11:\"is_taxonomy\";i:1;}}"],"_product_image_gallery":["33679,33680"],"_thumbnail_id":["33678"],"_crosssell_ids":["a:0:{}"],"connectivity":[""],"_display_data_alarm":["field_667d647bcb066"],"_other_features":["field_668524f8c98a4"],"_shipping":["field_66852535c98a5"],"_refrigerant_cabinet":["field_66852557c98a6"],"_main_specifications":["field_66855b25b1245"],"_last_translation_edit_mode":["translation-editor"],"_calibration":["field_66a0ddd599972"],"_edit_lock":["1724252050:8383"],"classic-editor-remember":["classic-editor"],"rank_math_seo_score":["90"],"rank_math_contentai_score":["a:5:{s:8:\"keywords\";s:5:\"74.51\";s:9:\"wordCount\";s:1:\"0\";s:9:\"linkCount\";s:1:\"0\";s:12:\"headingCount\";s:1:\"0\";s:10:\"mediaCount\";s:1:\"0\";}"],"_edit_last":["8383"],"commercekit_gallery_layout":[""],"commercekit_disable_sticky_atc":["0"],"commercekit_wc_video_gallery":["a:0:{}"],"_rank_math_gtin_code":[""],"_wcml_average_rating":[null],"_wcml_review_count":[null],"_wcml_rating_count":[null],"_stock":[null],"_wc_average_rating":[0],"_wc_review_count":["0"],"_product_version":["9.1.4"],"usd_price_4":[""],"usd_price_9":[""],"usd_price_24":[""],"usd_price_49":[""],"usd_price_99":[""],"gbp_price_4":[""],"gbp_price_9":[""],"gbp_price_24":[""],"gbp_price_49":[""],"gbp_price_99":[""],"usdhk_price_4":[""],"usdhk_price_9":[""],"usdhk_price_24":[""],"usdhk_price_49":[""],"usdhk_price_99":[""],"display_data_alarm":[""],"resources":[""],"calibration":[""],"accessories":[""],"faqs":[""],"calibration_suitable_ids_gb":[""],"calibration_suitable_ids_us":[""],"show_in_calibration_suitable":[""],"other_features":[""],"shipping":[""],"refrigerant_cabinet":[""],"main_specifications":[""],"shoptimizer_layout_pdp_short_description_position":["default"],"rank_math_analytic_object_id":["667"],"_wpml_media_duplicate":["1"],"_wpml_media_featured":["1"],"hubwoo_ecomm_pro_id":["40611453167"],"_sku":["ST100J"],"_wpml_word_count":["228"],"_price":["32.90","40.60"],"rank_math_primary_product_cat":["147"],"min_temp":["-40"],"max_temp":["99"],"_min_temp":["field_67ea5eb4e0a77"],"_max_temp":["field_67ea5f81e0a79"],"rank_math_description":["El LogTag ST100J es un sensor externo compacto, apto para uso alimentario seg\u00fan la FDA, dise\u00f1ado para medir con precisi\u00f3n la temperatura"],"rank_math_focus_keyword":["ST100J"],"specifications_table":["<table class=\"specifications\">\n<tbody>\n<tr class=\"even-row\">\n<td class=\"left-td\">Peso<\/td>\n<td>30g<\/td>\n<\/tr>\n<tr class=\"odd-row\">\n<td class=\"left-td\">C\u00f3digo del producto<\/td>\n<td>3044<\/td>\n<\/tr>\n<tr class=\"even-row\">\n<td class=\"left-td\">Longitud mm<\/td>\n<td>50,00<\/td>\n<\/tr>\n<tr class=\"even-row\">\n<td class=\"left-td\">Unidad de venta<\/td>\n<td>Piezas<\/td>\n<\/tr>\n<tr class=\"odd-row\">\n<td class=\"left-td\">Tema<\/td>\n<td>Temperatura<\/td>\n<\/tr>\n<\/tbody>\n<\/table>"],"_uag_page_assets":["a:9:{s:3:\"css\";s:0:\"\";s:2:\"js\";s:0:\"\";s:18:\"current_block_list\";a:0:{}s:8:\"uag_flag\";b:0;s:11:\"uag_version\";s:10:\"1775212209\";s:6:\"gfonts\";a:0:{}s:10:\"gfonts_url\";s:0:\"\";s:12:\"gfonts_files\";a:0:{}s:14:\"uag_faq_layout\";b:0;}"],"_max_variation_price":[""],"_max_variation_regular_price":[""],"_max_variation_sale_price":[""],"_min_variation_price":[""],"_min_variation_regular_price":[""],"_min_variation_sale_price":[""],"_regular_price":[""],"_sale_price":[""],"_wc_pb_base_regular_price":[""],"_wc_pb_base_sale_price":[""],"_wc_pb_base_price":[""],"_wc_sw_max_price":[""],"_wc_sw_max_regular_price":[""],"_wc_rating_count":[""]},"uagb_featured_image_src":{"full":["https:\/\/praxas.com\/wp-content\/uploads\/logtag-logtag-st100j-external-sensor-40mm-fda-safe-2-800px.jpg",800,463,false],"thumbnail":["https:\/\/praxas.com\/wp-content\/uploads\/logtag-logtag-st100j-external-sensor-40mm-fda-safe-2-800px-150x150.jpg",150,150,true],"medium":["https:\/\/praxas.com\/wp-content\/uploads\/logtag-logtag-st100j-external-sensor-40mm-fda-safe-2-800px-300x174.jpg",300,174,true],"medium_large":["https:\/\/praxas.com\/wp-content\/uploads\/logtag-logtag-st100j-external-sensor-40mm-fda-safe-2-800px-768x444.jpg",768,444,true],"large":["https:\/\/praxas.com\/wp-content\/uploads\/logtag-logtag-st100j-external-sensor-40mm-fda-safe-2-800px.jpg",800,463,false],"1536x1536":["https:\/\/praxas.com\/wp-content\/uploads\/logtag-logtag-st100j-external-sensor-40mm-fda-safe-2-800px.jpg",800,463,false],"2048x2048":["https:\/\/praxas.com\/wp-content\/uploads\/logtag-logtag-st100j-external-sensor-40mm-fda-safe-2-800px.jpg",800,463,false],"crunchify-admin-post-featured-image":["https:\/\/praxas.com\/wp-content\/uploads\/logtag-logtag-st100j-external-sensor-40mm-fda-safe-2-800px-120x69.jpg",120,69,true],"commercegurus-pdp-large":["https:\/\/praxas.com\/wp-content\/uploads\/logtag-logtag-st100j-external-sensor-40mm-fda-safe-2-800px.jpg",800,463,false],"commercegurus-plp-mobile":["https:\/\/praxas.com\/wp-content\/uploads\/logtag-logtag-st100j-external-sensor-40mm-fda-safe-2-800px-441x255.jpg",441,255,true],"cgkit_image_swatch":["https:\/\/praxas.com\/wp-content\/uploads\/logtag-logtag-st100j-external-sensor-40mm-fda-safe-2-800px-100x100.jpg",100,100,true],"woocommerce_thumbnail":["https:\/\/praxas.com\/wp-content\/uploads\/logtag-logtag-st100j-external-sensor-40mm-fda-safe-2-800px-350x203.jpg",350,203,true],"woocommerce_single":["https:\/\/praxas.com\/wp-content\/uploads\/logtag-logtag-st100j-external-sensor-40mm-fda-safe-2-800px.jpg",800,463,false],"woocommerce_gallery_thumbnail":["https:\/\/praxas.com\/wp-content\/uploads\/logtag-logtag-st100j-external-sensor-40mm-fda-safe-2-800px-150x87.jpg",150,87,true]},"uagb_author_info":{"display_name":"Beth Foord","author_link":"https:\/\/praxas.com\/es\/author\/"},"uagb_comment_info":0,"uagb_excerpt":"Sensor externo Seguro para la FDA Longitud de la punta expuesta 40 mm Di\u00e1metro 3,2 mm Sin asa - dise\u00f1o compacto sobremoldeado Longitud del cable 1,5 m o 3 m","_links":{"self":[{"href":"https:\/\/praxas.com\/es\/wp-json\/wp\/v2\/product\/33677","targetHints":{"allow":["GET"]}}],"collection":[{"href":"https:\/\/praxas.com\/es\/wp-json\/wp\/v2\/product"}],"about":[{"href":"https:\/\/praxas.com\/es\/wp-json\/wp\/v2\/types\/product"}],"wp:featuredmedia":[{"embeddable":true,"href":"https:\/\/praxas.com\/es\/wp-json\/wp\/v2\/media\/33678"}],"wp:attachment":[{"href":"https:\/\/praxas.com\/es\/wp-json\/wp\/v2\/media?parent=33677"}],"wp:term":[{"taxonomy":"product_brand","embeddable":true,"href":"https:\/\/praxas.com\/es\/wp-json\/wp\/v2\/product_brand?post=33677"},{"taxonomy":"product_cat","embeddable":true,"href":"https:\/\/praxas.com\/es\/wp-json\/wp\/v2\/product_cat?post=33677"},{"taxonomy":"product_tag","embeddable":true,"href":"https:\/\/praxas.com\/es\/wp-json\/wp\/v2\/product_tag?post=33677"}],"curies":[{"name":"wp","href":"https:\/\/api.w.org\/{rel}","templated":true}]}}