{"id":33689,"date":"2024-06-11T17:15:13","date_gmt":"2024-06-11T15:15:13","guid":{"rendered":"https:\/\/staging.praxas.com\/product\/sin%20categor\u00eda\/manta-absorgel-contenedor-desecante\/"},"modified":"2025-12-12T10:54:31","modified_gmt":"2025-12-12T09:54:31","slug":"manta-absorgel-contenedor-desecante","status":"publish","type":"product","link":"https:\/\/praxas.com\/es\/product\/proteccion-de-la-carga\/manta-absorgel-contenedor-desecante\/","title":{"rendered":"MANTA ABSORGEL\u00ae CONTENEDOR DESECANTE"},"content":{"rendered":"<p>La Manta AbsorGel es un producto f\u00e1cil de usar y fiable, dise\u00f1ado para absorber la humedad del interior de los recipientes. Tiene una funda de polietileno reciclable con una parte superior de fibra polar. La pel\u00edcula de polietileno impide que se escape la humedad.<\/p>\n<p>Ideal para contenedores cargados de pared a pared, donde el AbsorPole y el AbsorGel Colgante son ineficaces. La Manta AbsorGel empieza a funcionar en cuanto se saca de su envoltorio. Puede colocarse encima de la carga o de los pal\u00e9s con la cara impresa hacia arriba.<\/p>\n<p>El cloruro c\u00e1lcico absorbe la humedad del aire circundante a trav\u00e9s de su envoltura transpirable. El gel adhesivo de la Manta AbsorGel y la pel\u00edcula de pl\u00e1stico de polietileno reciclable de la parte inferior garantizan que la humedad absorbida permanezca dentro del producto. Las Mantas AbsorGel pueden utilizarse con todo tipo de cargas. Son especialmente eficaces cuando la carga est\u00e1 muy apretada.<\/p>\n<p>Las mantas AbsorGel tambi\u00e9n son adecuadas para contenedores frigor\u00edficos y remolques que carecen de anillas de amarre para colgar los desecantes. La Manta AbsorGel est\u00e1 equipada con almohadillas adhesivas debajo para mantenerla bien sujeta.<\/p>\n<p>&nbsp;<\/p>\n<p><iframe loading=\"lazy\" src=\"https:\/\/www.youtube.com\/embed\/A-MLHHh77Vk\" width=\"560\" height=\"315\" frameborder=\"0\" allowfullscreen=\"allowfullscreen\" data-mce-fragment=\"1\"><\/iframe><\/p>\n<p>&nbsp;<\/p>\n<p><a href=\"https:\/\/praxas.com\/es\/categorias-de-producto\/proteccion-de-la-carga\/tratamiento-de-aire\/desecantes\/\">Haz clic aqu\u00ed<\/a> para ver un resumen de nuestra amplia gama de desecantes<\/p>\n","protected":false},"excerpt":{"rendered":"<ul>\n<li>Desecante de alta absorci\u00f3n<\/li>\n<li>Tasa de absorci\u00f3n r\u00e1pida<\/li>\n<li>Adecuado para contenedores muy cargados<\/li>\n<li>F\u00e1cil de usar<\/li>\n<li>Rentable<\/li>\n<li>Respetuoso con el medio ambiente, sin materiales t\u00f3xicos<\/li>\n<\/ul>\n","protected":false},"featured_media":33690,"template":"","meta":{"_acf_changed":false,"content-type":"","_uag_custom_page_level_css":""},"product_brand":[],"product_cat":[2530,1830],"product_tag":[2518,2500],"class_list":{"0":"post-33689","1":"product","2":"type-product","3":"status-publish","4":"has-post-thumbnail","6":"product_cat-proteccion-de-la-carga","7":"product_cat-desecantes","8":"product_tag-absortech-es","9":"product_tag-contenedor-desecante","11":"first","12":"instock","13":"taxable","14":"shipping-taxable","15":"purchasable","16":"product-type-simple"},"bundled_by":[],"bundle_stock_status":"instock","bundle_stock_quantity":null,"bundle_virtual":false,"bundle_layout":"","bundle_add_to_cart_form_location":"","bundle_editable_in_cart":false,"bundle_sold_individually_context":"","bundle_item_grouping":"","bundle_min_size":"","bundle_max_size":"","bundle_price":[],"bundled_items":[],"bundle_sell_ids":[],"acf":[],"spectra_custom_meta":{"_backorders":["no"],"_download_limit":["-1"],"_download_expiry":["-1"],"_downloadable":["no"],"_manage_stock":["no"],"_sku":["6003"],"_stock_status":["instock"],"_sold_individually":["no"],"_tax_class":[""],"_tax_status":["taxable"],"_virtual":["no"],"_weight":["1.5"],"_width":["1500"],"_height":["20"],"_length":["500"],"total_sales":["165"],"_regular_price":["18.17"],"_price":["18.17"],"product_datasheet":[""],"_product_datasheet":["field_650ad7d6ea3a0"],"connectivity":[""],"_connectivity":["field_64dce263bb57c"],"_brand":["field_64ddf62ed2593"],"brand_image":[""],"_brand_image":["field_650c5e7c84cae"],"_specifications_table":["field_65044e1db92a8"],"_display_data_alarm":["field_667d647bcb066"],"_resources":["field_650849c6945ee"],"_accessories":["field_650849e6945f0"],"_faqs":["field_650859523d8d5"],"_calibration_suitable_ids_gb":["field_654b4c4acb54a"],"_calibration_suitable_ids_us":["field_654b4c56cb54b"],"_show_in_calibration_suitable":["field_654cfb691d345"],"_shipping":["field_66852535c98a5"],"_refrigerant_cabinet":["field_66852557c98a6"],"_main_specifications":["field_66855b25b1245"],"_usd_price_4":["field_651570dcac479"],"_usd_price_9":["field_6515713eb4807"],"_usd_price_24":["field_65157141b4809"],"_usd_price_49":["field_65157140b4808"],"_usd_price_99":["field_6515715bb480a"],"_gbp_price_4":["field_6515716e83bfa"],"_gbp_price_9":["field_6515724783bfb"],"_gbp_price_24":["field_6515724b83bfc"],"_gbp_price_49":["field_6515725983bfd"],"_gbp_price_99":["field_6515725d83bfe"],"_usdhk_price_4":["field_6515726f83bff"],"_usdhk_price_9":["field_6515727c83c00"],"_usdhk_price_24":["field_6515728083c01"],"_usdhk_price_49":["field_6515728983c02"],"_usdhk_price_99":["field_6515728e83c03"],"stock_options":["In stock"],"_stock_options":["field_6544b605dc7f9"],"_top_nav_excluded":[""],"_cms_nav_minihome":[""],"wcml_sync_hash":["a:1:{s:15:\"postmeta_fields\";s:32:\"0742f716a230f79293121b94f8ac415d\";}"],"attr_label_translations":["a:0:{}"],"_product_attributes":["a:1:{s:16:\"pa_product-brand\";a:6:{s:4:\"name\";s:16:\"pa_product-brand\";s:5:\"value\";s:0:\"\";s:8:\"position\";i:0;s:10:\"is_visible\";i:1;s:12:\"is_variation\";i:0;s:11:\"is_taxonomy\";i:1;}}"],"_product_image_gallery":["33691"],"_thumbnail_id":["33690"],"_crosssell_ids":["a:0:{}"],"_edit_lock":["1721749872:8383"],"classic-editor-remember":["classic-editor"],"rank_math_schema_WooCommerceProduct":["a:2:{s:5:\"@type\";s:18:\"WooCommerceProduct\";s:8:\"metadata\";a:3:{s:5:\"title\";s:19:\"WooCommerce Product\";s:4:\"type\";s:8:\"template\";s:9:\"isPrimary\";b:1;}}"],"rank_math_schema_VideoObject":["a:12:{s:5:\"@type\";s:11:\"VideoObject\";s:8:\"metadata\";a:8:{s:5:\"title\";s:5:\"Video\";s:4:\"type\";s:8:\"template\";s:9:\"shortcode\";s:15:\"s-669fd0f4d0db9\";s:9:\"isPrimary\";b:1;s:23:\"reviewLocationShortcode\";s:24:\"[rank_math_rich_snippet]\";s:8:\"category\";s:12:\"%categories%\";s:4:\"tags\";s:6:\"%tags%\";s:15:\"isAutoGenerated\";b:1;}s:4:\"name\";s:57:\"How to install the AbsorGel\u00ae Blanket Container desiccant\";s:11:\"description\";s:161:\"The AbsorGel Blanket\u00ae is a container desiccant blanket to be placed on top of the cargo. The horizontal installation provides maximum absorption and no acces...\";s:10:\"uploadDate\";s:25:\"2022-01-24T14:14:11-08:00\";s:12:\"thumbnailUrl\";s:16:\"%post_thumbnail%\";s:8:\"embedUrl\";s:41:\"https:\/\/www.youtube.com\/embed\/A-MLHHh77Vk\";s:10:\"contentUrl\";s:0:\"\";s:8:\"duration\";s:7:\"PT0M50S\";s:5:\"width\";s:4:\"1280\";s:6:\"height\";s:3:\"720\";s:16:\"isFamilyFriendly\";b:1;}"],"rank_math_seo_score":["14"],"_edit_last":["8383"],"commercekit_gallery_layout":[""],"commercekit_disable_sticky_atc":["0"],"commercekit_wc_video_gallery":["a:0:{}"],"_rank_math_gtin_code":[""],"_wcml_average_rating":[null],"_wcml_review_count":[null],"_wcml_rating_count":[null],"_stock":[null],"_wc_average_rating":[0],"_wc_review_count":["0"],"_product_version":["9.1.2"],"usd_price_4":[""],"usd_price_9":[""],"usd_price_24":[""],"usd_price_49":[""],"usd_price_99":[""],"gbp_price_4":[""],"gbp_price_9":[""],"gbp_price_24":[""],"gbp_price_49":[""],"gbp_price_99":[""],"usdhk_price_4":[""],"usdhk_price_9":[""],"usdhk_price_24":[""],"usdhk_price_49":[""],"usdhk_price_99":[""],"display_data_alarm":[""],"resources":[""],"calibration":[""],"accessories":[""],"faqs":[""],"calibration_suitable_ids_gb":[""],"calibration_suitable_ids_us":[""],"show_in_calibration_suitable":[""],"other_features":[""],"shipping":[""],"refrigerant_cabinet":[""],"main_specifications":[""],"shoptimizer_layout_pdp_short_description_position":["default"],"_wpml_media_duplicate":["1"],"_wpml_media_featured":["1"],"_last_translation_edit_mode":["translation-editor"],"brand":["Absortech"],"_calibration":["field_66a0ddd599972"],"rank_math_primary_product_cat":["2529"],"_wpml_word_count":["252"],"hubwoo_ecomm_pro_id":["25376413550"],"_other_features":["field_686fa2aa98dce"],"min_temp":[""],"max_temp":[""],"_min_temp":["field_67ea5eb4e0a77"],"_max_temp":["field_67ea5f81e0a79"],"rank_math_title":["Absorgel Manta Desecantes | Absorbe la Humedad %sep% %sitename%"],"rank_math_description":["Protege la carga con la Manta AbsorGel, un absorbente de humedad fiable y f\u00e1cil de usar que atrapa la humedad. Ideal para contenedores, frigor\u00edficos y remolques. "],"rank_math_focus_keyword":["absorgel"],"specifications_table":["<table class=\"specification\">\n<tbody>\n<tr>\n<td class=\"td-left\">Longitud<\/td>\n<td>1500 mm<\/td>\n<\/tr>\n<tr>\n<td class=\"td-left\">Anchura<\/td>\n<td>500 mm<\/td>\n<\/tr>\n<tr>\n<td class=\"td-left\">Altura<\/td>\n<td>20 mm<\/td>\n<\/tr>\n<tr>\n<td class=\"td-left\">Peso<\/td>\n<td>1500 gramos<\/td>\n<\/tr>\n<tr>\n<td class=\"td-left\">C\u00f3digo del producto<\/td>\n<td>6003<\/td>\n<\/tr>\n<tr>\n<td class=\"td-left\">Anchura mm<\/td>\n<td>500<\/td>\n<\/tr>\n<tr>\n<td class=\"td-left\">Altura mm<\/td>\n<td>20<\/td>\n<\/tr>\n<tr>\n<td class=\"td-left\">Peso gramo<\/td>\n<td>2100<\/td>\n<\/tr>\n<tr>\n<td class=\"td-left\">Temperatura de funcionamiento<\/td>\n<td>-20\u00baC a +80\u00baC<\/td>\n<\/tr>\n<tr>\n<td class=\"td-left\">Longitud mm<\/td>\n<td>1500<\/td>\n<\/tr>\n<tr>\n<td class=\"td-left\">Capacidad de grabaci\u00f3n<\/td>\n<td>3,84 litros<\/td>\n<\/tr>\n<tr>\n<td class=\"td-left\">Cantidad de absorci\u00f3n<\/td>\n<td>1,5<\/td>\n<\/tr>\n<tr>\n<td class=\"td-left\">Cantidad necesaria de<\/td>\n<td>1<\/td>\n<\/tr>\n<tr>\n<td class=\"td-left\">Unidad de venta<\/td>\n<td>Pcs<\/td>\n<\/tr>\n<tr>\n<td class=\"td-left\">Cantidad m\u00ednima de pedido<\/td>\n<td>10<\/td>\n<\/tr>\n<\/tbody>\n<\/table>"],"_uag_page_assets":["a:9:{s:3:\"css\";s:0:\"\";s:2:\"js\";s:0:\"\";s:18:\"current_block_list\";a:0:{}s:8:\"uag_flag\";b:0;s:11:\"uag_version\";s:10:\"1775212209\";s:6:\"gfonts\";a:0:{}s:10:\"gfonts_url\";s:0:\"\";s:12:\"gfonts_files\";a:0:{}s:14:\"uag_faq_layout\";b:0;}"],"_max_variation_price":[""],"_max_variation_regular_price":[""],"_max_variation_sale_price":[""],"_min_variation_price":[""],"_min_variation_regular_price":[""],"_min_variation_sale_price":[""],"_sale_price":[""],"_wc_pb_base_regular_price":[""],"_wc_pb_base_sale_price":[""],"_wc_pb_base_price":[""],"_wc_sw_max_price":[""],"_wc_sw_max_regular_price":[""],"_wc_rating_count":[""]},"uagb_featured_image_src":{"full":["https:\/\/praxas.com\/wp-content\/uploads\/absortech-absorgel-blanket-dessiccant-800px.jpg",800,463,false],"thumbnail":["https:\/\/praxas.com\/wp-content\/uploads\/absortech-absorgel-blanket-dessiccant-800px-150x150.jpg",150,150,true],"medium":["https:\/\/praxas.com\/wp-content\/uploads\/absortech-absorgel-blanket-dessiccant-800px-300x174.jpg",300,174,true],"medium_large":["https:\/\/praxas.com\/wp-content\/uploads\/absortech-absorgel-blanket-dessiccant-800px-768x444.jpg",768,444,true],"large":["https:\/\/praxas.com\/wp-content\/uploads\/absortech-absorgel-blanket-dessiccant-800px.jpg",800,463,false],"1536x1536":["https:\/\/praxas.com\/wp-content\/uploads\/absortech-absorgel-blanket-dessiccant-800px.jpg",800,463,false],"2048x2048":["https:\/\/praxas.com\/wp-content\/uploads\/absortech-absorgel-blanket-dessiccant-800px.jpg",800,463,false],"crunchify-admin-post-featured-image":["https:\/\/praxas.com\/wp-content\/uploads\/absortech-absorgel-blanket-dessiccant-800px-120x69.jpg",120,69,true],"commercegurus-pdp-large":["https:\/\/praxas.com\/wp-content\/uploads\/absortech-absorgel-blanket-dessiccant-800px.jpg",800,463,false],"commercegurus-plp-mobile":["https:\/\/praxas.com\/wp-content\/uploads\/absortech-absorgel-blanket-dessiccant-800px-441x255.jpg",441,255,true],"cgkit_image_swatch":["https:\/\/praxas.com\/wp-content\/uploads\/absortech-absorgel-blanket-dessiccant-800px-100x100.jpg",100,100,true],"woocommerce_thumbnail":["https:\/\/praxas.com\/wp-content\/uploads\/absortech-absorgel-blanket-dessiccant-800px-350x203.jpg",350,203,true],"woocommerce_single":["https:\/\/praxas.com\/wp-content\/uploads\/absortech-absorgel-blanket-dessiccant-800px.jpg",800,463,false],"woocommerce_gallery_thumbnail":["https:\/\/praxas.com\/wp-content\/uploads\/absortech-absorgel-blanket-dessiccant-800px-150x87.jpg",150,87,true]},"uagb_author_info":{"display_name":"Andy Price","author_link":"https:\/\/praxas.com\/es\/author\/"},"uagb_comment_info":0,"uagb_excerpt":"Desecante de alta absorci\u00f3n Tasa de absorci\u00f3n r\u00e1pida Adecuado para contenedores muy cargados F\u00e1cil de usar Rentable Respetuoso con el medio ambiente, sin materiales t\u00f3xicos","_links":{"self":[{"href":"https:\/\/praxas.com\/es\/wp-json\/wp\/v2\/product\/33689","targetHints":{"allow":["GET"]}}],"collection":[{"href":"https:\/\/praxas.com\/es\/wp-json\/wp\/v2\/product"}],"about":[{"href":"https:\/\/praxas.com\/es\/wp-json\/wp\/v2\/types\/product"}],"wp:featuredmedia":[{"embeddable":true,"href":"https:\/\/praxas.com\/es\/wp-json\/wp\/v2\/media\/33690"}],"wp:attachment":[{"href":"https:\/\/praxas.com\/es\/wp-json\/wp\/v2\/media?parent=33689"}],"wp:term":[{"taxonomy":"product_brand","embeddable":true,"href":"https:\/\/praxas.com\/es\/wp-json\/wp\/v2\/product_brand?post=33689"},{"taxonomy":"product_cat","embeddable":true,"href":"https:\/\/praxas.com\/es\/wp-json\/wp\/v2\/product_cat?post=33689"},{"taxonomy":"product_tag","embeddable":true,"href":"https:\/\/praxas.com\/es\/wp-json\/wp\/v2\/product_tag?post=33689"}],"curies":[{"name":"wp","href":"https:\/\/api.w.org\/{rel}","templated":true}]}}