{"id":33697,"date":"2024-06-11T16:59:28","date_gmt":"2024-06-11T14:59:28","guid":{"rendered":"https:\/\/staging.praxas.com\/product\/sin%20categor\u00eda\/absorbgel-colgante-x-contenedor-desecante\/"},"modified":"2025-10-08T18:14:45","modified_gmt":"2025-10-08T16:14:45","slug":"absorbgel-colgante-x-contenedor-desecante","status":"publish","type":"product","link":"https:\/\/praxas.com\/es\/product\/proteccion-de-la-carga\/absorbgel-colgante-x-contenedor-desecante\/","title":{"rendered":"ABSORBGEL\u00ae COLGANTE-X CONTENEDOR DESECANTE"},"content":{"rendered":"<p>Protege tu carga de da\u00f1os por humedad y rechazos de contenedores con AbsorGel Colgar-X. Este desecante absorbe la humedad con eficacia, garantizando que tu maquinaria, ropa o alimentos permanezcan seguros durante el transporte, incluso en condiciones extremas.<\/p>\n<p>El desecante est\u00e1 fabricado con cloruro c\u00e1lcico respetuoso con el medio ambiente, famoso por su capacidad de absorci\u00f3n superior a temperaturas que van desde el punto de congelaci\u00f3n hasta m\u00e1s de 80 \u00b0C.<\/p>\n<p><strong>Entre las ventajas del AbsorGel Colgante-X se incluyen:<\/strong><\/p>\n<ul>\n<li>Previene los da\u00f1os por humedad<\/li>\n<li>Menor probabilidad de rechazo del envase<\/li>\n<li>Seguro con los alimentos<\/li>\n<li>F\u00e1cil instalaci\u00f3n<\/li>\n<li>Potente capacidad de absorci\u00f3n<\/li>\n<li>Funciona a distintas temperaturas<\/li>\n<li>Evita la lluvia de recipientes, que podr\u00eda provocar moho, corrosi\u00f3n u otros da\u00f1os en el producto<\/li>\n<\/ul>\n<p><strong>Entre las ventajas de utilizar cloruro c\u00e1lcico se incluyen:<\/strong><\/p>\n<ul>\n<li>Gran capacidad de absorci\u00f3n<\/li>\n<li>Amplia gama de temperaturas<\/li>\n<li>Seguro de usar<\/li>\n<li>Respetuoso con el medio ambiente<\/li>\n<li>Barato<\/li>\n<\/ul>\n<p>Este desecante est\u00e1 dise\u00f1ado espec\u00edficamente para contenedores, por lo que es f\u00e1cil de colgar y ocupa un espacio m\u00ednimo.<\/p>\n<p><a href=\"https:\/\/praxas.com\/es\/categorias-de-producto\/proteccion-de-la-carga\/tratamiento-de-aire\/desecantes\/\">Haz clic aqu\u00ed<\/a> para ver un resumen de nuestra amplia gama de desecantes.<\/p>\n","protected":false},"excerpt":{"rendered":"<ul>\n<li>Desecante de alta absorci\u00f3n<\/li>\n<li>Puede utilizarse cerca de los alimentos<\/li>\n<li>Resistente al envejecimiento, al calor y al fr\u00edo<\/li>\n<li>Respetuoso con el medio ambiente<\/li>\n<li>Sin p\u00e9rdida de espacio de carga<\/li>\n<li>Rentable<\/li>\n<\/ul>\n","protected":false},"featured_media":33698,"template":"","meta":{"_acf_changed":false,"content-type":"","_uag_custom_page_level_css":""},"product_brand":[],"product_cat":[2530,1830],"product_tag":[2518,2500],"class_list":{"0":"post-33697","1":"product","2":"type-product","3":"status-publish","4":"has-post-thumbnail","6":"product_cat-proteccion-de-la-carga","7":"product_cat-desecantes","8":"product_tag-absortech-es","9":"product_tag-contenedor-desecante","11":"first","12":"instock","13":"taxable","14":"shipping-taxable","15":"purchasable","16":"product-type-variable"},"bundled_by":[],"bundle_stock_status":"instock","bundle_stock_quantity":null,"bundle_virtual":false,"bundle_layout":"","bundle_add_to_cart_form_location":"","bundle_editable_in_cart":false,"bundle_sold_individually_context":"","bundle_item_grouping":"","bundle_min_size":"","bundle_max_size":"","bundle_price":[],"bundled_items":[],"bundle_sell_ids":[],"acf":[],"spectra_custom_meta":{"_product_attributes":["a:2:{s:16:\"pa_product-brand\";a:6:{s:4:\"name\";s:16:\"pa_product-brand\";s:5:\"value\";s:0:\"\";s:8:\"position\";i:0;s:10:\"is_visible\";i:1;s:12:\"is_variation\";i:0;s:11:\"is_taxonomy\";i:1;}s:16:\"pa_make-a-choice\";a:6:{s:4:\"name\";s:16:\"pa_make-a-choice\";s:5:\"value\";s:0:\"\";s:8:\"position\";i:1;s:10:\"is_visible\";i:1;s:12:\"is_variation\";i:1;s:11:\"is_taxonomy\";i:1;}}"],"attr_label_translations":["a:1:{s:2:\"es\";a:1:{s:13:\"make-a-choice\";s:5:\"Elige\";}}"],"_backorders":["no"],"_download_limit":["-1"],"_download_expiry":["-1"],"_downloadable":["no"],"_manage_stock":["no"],"_stock_status":["instock"],"_sold_individually":["no"],"_tax_class":[""],"_tax_status":["taxable"],"_virtual":["no"],"total_sales":["13"],"_price":["146.32","4681.16"],"product_datasheet":[""],"_product_datasheet":["field_650ad7d6ea3a0"],"connectivity":[""],"_connectivity":["field_64dce263bb57c"],"_brand":["field_64ddf62ed2593"],"brand_image":[""],"_brand_image":["field_650c5e7c84cae"],"_specifications_table":["field_65044e1db92a8"],"_display_data_alarm":["field_667d647bcb066"],"_resources":["field_650849c6945ee"],"_accessories":["field_650849e6945f0"],"_faqs":["field_650859523d8d5"],"_calibration_suitable_ids_gb":["field_654b4c4acb54a"],"_calibration_suitable_ids_us":["field_654b4c56cb54b"],"_show_in_calibration_suitable":["field_654cfb691d345"],"_other_features":["field_668524f8c98a4"],"_shipping":["field_66852535c98a5"],"_refrigerant_cabinet":["field_66852557c98a6"],"_main_specifications":["field_66855b25b1245"],"_usd_price_4":["field_651570dcac479"],"_usd_price_9":["field_6515713eb4807"],"_usd_price_24":["field_65157141b4809"],"_usd_price_49":["field_65157140b4808"],"_usd_price_99":["field_6515715bb480a"],"_gbp_price_4":["field_6515716e83bfa"],"_gbp_price_9":["field_6515724783bfb"],"_gbp_price_24":["field_6515724b83bfc"],"_gbp_price_49":["field_6515725983bfd"],"_gbp_price_99":["field_6515725d83bfe"],"_usdhk_price_4":["field_6515726f83bff"],"_usdhk_price_9":["field_6515727c83c00"],"_usdhk_price_24":["field_6515728083c01"],"_usdhk_price_49":["field_6515728983c02"],"_usdhk_price_99":["field_6515728e83c03"],"stock_options":["In stock"],"_stock_options":["field_6544b605dc7f9"],"_top_nav_excluded":[""],"_cms_nav_minihome":[""],"wcml_sync_hash":["a:1:{s:15:\"postmeta_fields\";s:32:\"4a7ed52eeef9d4531a7bac8ffb4f5c51\";}"],"_product_image_gallery":["33699,33700,42811"],"_thumbnail_id":["33698"],"_crosssell_ids":["a:0:{}"],"_edit_lock":["1721750127:8383"],"classic-editor-remember":["classic-editor"],"rank_math_seo_score":["19"],"_edit_last":["8383"],"commercekit_gallery_layout":[""],"commercekit_disable_sticky_atc":["0"],"commercekit_wc_video_gallery":["a:0:{}"],"_rank_math_gtin_code":[""],"_wcml_average_rating":[null],"_wcml_review_count":[null],"_wcml_rating_count":[null],"_stock":[null],"_wc_average_rating":[0],"_wc_review_count":["0"],"_product_version":["9.1.2"],"usd_price_4":[""],"usd_price_9":[""],"usd_price_24":[""],"usd_price_49":[""],"usd_price_99":[""],"gbp_price_4":[""],"gbp_price_9":[""],"gbp_price_24":[""],"gbp_price_49":[""],"gbp_price_99":[""],"usdhk_price_4":[""],"usdhk_price_9":[""],"usdhk_price_24":[""],"usdhk_price_49":[""],"usdhk_price_99":[""],"display_data_alarm":[""],"calibration":[""],"accessories":[""],"faqs":[""],"calibration_suitable_ids_gb":[""],"calibration_suitable_ids_us":[""],"show_in_calibration_suitable":[""],"other_features":[""],"shipping":[""],"refrigerant_cabinet":[""],"main_specifications":[""],"shoptimizer_layout_pdp_short_description_position":["default"],"_wpml_media_duplicate":["1"],"_wpml_media_featured":["1"],"_last_translation_edit_mode":["translation-editor"],"_calibration":["field_66a0ddd599972"],"brand":["Absortech"],"_sku":["AT_Hanging X"],"_wpml_word_count":["241"],"min_temp":[""],"max_temp":[""],"_min_temp":["field_67ea5eb4e0a77"],"_max_temp":["field_67ea5f81e0a79"],"rank_math_primary_product_cat":["2529"],"hubwoo_ecomm_invalid_pro":["yes"],"specifications_table":["<table class=\"specification\">\n<tbody>\n<tr>\n<td class=\"td-left\">Longitud<\/td>\n<td>1100 mm<\/td>\n<\/tr>\n<tr>\n<td class=\"td-left\">Anchura<\/td>\n<td>1100 mm<\/td>\n<\/tr>\n<tr>\n<td class=\"td-left\">Altura<\/td>\n<td>1100 mm<\/td>\n<\/tr>\n<tr>\n<td class=\"td-left\">Peso<\/td>\n<td>368000 gramos<\/td>\n<\/tr>\n<\/tbody>\n<\/table>"],"resources":["<div style=\"padding: 56.25% 0 0 0; position: relative;\"><iframe style=\"position: absolute; top: 0; left: 0; width: 100%; height: 100%;\" title=\"Colgar C_V\u00eddeo de instalaci\u00f3n.mp4\" src=\"https:\/\/player.vimeo.com\/video\/650344640?h=df5a609a76&badge=0&autopause=0&player_id=0&app_id=58479\" allowfullscreen=\"allowfullscreen\"><\/iframe><\/div>\n<script src=\"https:\/\/player.vimeo.com\/api\/player.js\"><\/script>"],"_uag_page_assets":["a:9:{s:3:\"css\";s:0:\"\";s:2:\"js\";s:0:\"\";s:18:\"current_block_list\";a:0:{}s:8:\"uag_flag\";b:0;s:11:\"uag_version\";s:10:\"1777052440\";s:6:\"gfonts\";a:0:{}s:10:\"gfonts_url\";s:0:\"\";s:12:\"gfonts_files\";a:0:{}s:14:\"uag_faq_layout\";b:0;}"],"_max_variation_price":[""],"_max_variation_regular_price":[""],"_max_variation_sale_price":[""],"_min_variation_price":[""],"_min_variation_regular_price":[""],"_min_variation_sale_price":[""],"_regular_price":[""],"_sale_price":[""],"_wc_pb_base_regular_price":[""],"_wc_pb_base_sale_price":[""],"_wc_pb_base_price":[""],"_wc_sw_max_price":[""],"_wc_sw_max_regular_price":[""],"_wc_rating_count":[""]},"uagb_featured_image_src":{"full":["https:\/\/praxas.com\/wp-content\/uploads\/absortech-absorgel-hanging-x-container-desiccant-1-800px.jpg",800,463,false],"thumbnail":["https:\/\/praxas.com\/wp-content\/uploads\/absortech-absorgel-hanging-x-container-desiccant-1-800px-150x150.jpg",150,150,true],"medium":["https:\/\/praxas.com\/wp-content\/uploads\/absortech-absorgel-hanging-x-container-desiccant-1-800px-300x174.jpg",300,174,true],"medium_large":["https:\/\/praxas.com\/wp-content\/uploads\/absortech-absorgel-hanging-x-container-desiccant-1-800px-768x444.jpg",768,444,true],"large":["https:\/\/praxas.com\/wp-content\/uploads\/absortech-absorgel-hanging-x-container-desiccant-1-800px.jpg",800,463,false],"1536x1536":["https:\/\/praxas.com\/wp-content\/uploads\/absortech-absorgel-hanging-x-container-desiccant-1-800px.jpg",800,463,false],"2048x2048":["https:\/\/praxas.com\/wp-content\/uploads\/absortech-absorgel-hanging-x-container-desiccant-1-800px.jpg",800,463,false],"crunchify-admin-post-featured-image":["https:\/\/praxas.com\/wp-content\/uploads\/absortech-absorgel-hanging-x-container-desiccant-1-800px-120x69.jpg",120,69,true],"commercegurus-pdp-large":["https:\/\/praxas.com\/wp-content\/uploads\/absortech-absorgel-hanging-x-container-desiccant-1-800px.jpg",800,463,false],"commercegurus-plp-mobile":["https:\/\/praxas.com\/wp-content\/uploads\/absortech-absorgel-hanging-x-container-desiccant-1-800px-441x255.jpg",441,255,true],"cgkit_image_swatch":["https:\/\/praxas.com\/wp-content\/uploads\/absortech-absorgel-hanging-x-container-desiccant-1-800px-100x100.jpg",100,100,true],"woocommerce_thumbnail":["https:\/\/praxas.com\/wp-content\/uploads\/absortech-absorgel-hanging-x-container-desiccant-1-800px-350x203.jpg",350,203,true],"woocommerce_single":["https:\/\/praxas.com\/wp-content\/uploads\/absortech-absorgel-hanging-x-container-desiccant-1-800px.jpg",800,463,false],"woocommerce_gallery_thumbnail":["https:\/\/praxas.com\/wp-content\/uploads\/absortech-absorgel-hanging-x-container-desiccant-1-800px-150x87.jpg",150,87,true]},"uagb_author_info":{"display_name":"Andy Price","author_link":"https:\/\/praxas.com\/es\/author\/"},"uagb_comment_info":0,"uagb_excerpt":"Desecante de alta absorci\u00f3n Puede utilizarse cerca de los alimentos Resistente al envejecimiento, al calor y al fr\u00edo Respetuoso con el medio ambiente Sin p\u00e9rdida de espacio de carga Rentable","_links":{"self":[{"href":"https:\/\/praxas.com\/es\/wp-json\/wp\/v2\/product\/33697","targetHints":{"allow":["GET"]}}],"collection":[{"href":"https:\/\/praxas.com\/es\/wp-json\/wp\/v2\/product"}],"about":[{"href":"https:\/\/praxas.com\/es\/wp-json\/wp\/v2\/types\/product"}],"wp:featuredmedia":[{"embeddable":true,"href":"https:\/\/praxas.com\/es\/wp-json\/wp\/v2\/media\/33698"}],"wp:attachment":[{"href":"https:\/\/praxas.com\/es\/wp-json\/wp\/v2\/media?parent=33697"}],"wp:term":[{"taxonomy":"product_brand","embeddable":true,"href":"https:\/\/praxas.com\/es\/wp-json\/wp\/v2\/product_brand?post=33697"},{"taxonomy":"product_cat","embeddable":true,"href":"https:\/\/praxas.com\/es\/wp-json\/wp\/v2\/product_cat?post=33697"},{"taxonomy":"product_tag","embeddable":true,"href":"https:\/\/praxas.com\/es\/wp-json\/wp\/v2\/product_tag?post=33697"}],"curies":[{"name":"wp","href":"https:\/\/api.w.org\/{rel}","templated":true}]}}