{"id":33721,"date":"2024-06-11T15:42:26","date_gmt":"2024-06-11T13:42:26","guid":{"rendered":"https:\/\/staging.praxas.com\/product\/sin%20categor\u00eda\/registrador-de-temperatura-trid30-7r\/"},"modified":"2025-10-08T18:14:03","modified_gmt":"2025-10-08T16:14:03","slug":"registrador-de-temperatura-trid30-7r","status":"publish","type":"product","link":"https:\/\/praxas.com\/es\/product\/registradores-de-datos\/registradores-de-datos-de-temperatura\/registrador-de-temperatura-trid30-7r\/","title":{"rendered":"Registrador de temperatura TRID30-7R"},"content":{"rendered":"<p><strong>Nota:<\/strong> El registrador de temperatura LogTag TRID30-7R tiene una bater\u00eda interna <strong>sustituible<\/strong>.<\/p>\n<p>El registrador de temperatura LogTag TRID30-7R es un registrador de temperatura conforme a la OMS dise\u00f1ado para controlar las condiciones de almacenamiento en frigor\u00edficos de vacunas, zonas de venta al por menor e instalaciones m\u00e9dicas.<\/p>\n<p>Este registrador de temperatura mide y controla las temperaturas durante el transporte y el almacenamiento con un rango de -30 \u00b0C a +60 \u00b0C, lo que lo hace adecuado para entornos de temperaturas extremas durante el transporte.<\/p>\n<p>La medici\u00f3n precisa de la temperatura ayuda a evitar da\u00f1os o p\u00e9rdidas de peso durante el transporte. Incorpora un reloj en tiempo real que proporciona sellos de fecha\/hora para cada lectura de temperatura, por lo que es ideal para transportar productos sensibles a la temperatura y dispositivos m\u00e9dicos.<\/p>\n<p>Los registradores de temperatura LogTag son famosos por su tiempo de descarga y precisi\u00f3n, l\u00edderes en el sector. Con una duraci\u00f3n de la bater\u00eda de hasta 3 a\u00f1os, puedes confiar en una captura de datos continua y precisa.<\/p>\n<p><strong>Las ventajas de utilizar el Registrador de Temperatura LogTag TRID30-7R incluyen:<\/strong><\/p>\n<ul>\n<li>Un rango de temperatura de -30\u00b0C a +60\u00b0C<\/li>\n<li>Mide hasta 30 d\u00edas<\/li>\n<li>El indicador de alarma se\u00f1ala cuando las lecturas est\u00e1n fuera de los l\u00edmites establecidos<\/li>\n<li>Se acabaron las mediciones manuales<\/li>\n<li>Tama\u00f1o compacto para facilitar su transporte y almacenamiento<\/li>\n<li>Conforme a la OMS<\/li>\n<\/ul>\n<p><strong>Pantalla LCD<\/strong><\/p>\n<p>Una funcionalidad \u00fatil de este registrador de datos es la pantalla. Esta pantalla muestra cu\u00e1ndo se ha medido una temperatura demasiado alta o demasiado baja. Tambi\u00e9n muestra la temperatura y la hora de ese momento, el estado de grabaci\u00f3n y el nivel de bater\u00eda.<\/p>\n<p>Al ver la temperatura pasada y presente de un vistazo, se pueden tomar medidas.<\/p>\n<p><strong>Conservar los bienes durante m\u00e1s tiempo<\/strong><\/p>\n<p>Este registrador de temperatura controla la temperatura durante el transporte en distancias cortas y largas, y es famoso por su alto rendimiento, calidad y precisi\u00f3n, fundamentales para garantizar la integridad del producto. Mantener temperaturas ambiente adecuadas es crucial para la calidad y seguridad de productos como medicamentos y vacunas.<\/p>\n<p><strong>F\u00e1cil acceso a los datos<\/strong><\/p>\n<p>Al comprar el registrador de temperatura, obtienes acceso <strong>gratuito<\/strong> al software LogTag Analyser. Esta plataforma facilita la configuraci\u00f3n, descarga y visualizaci\u00f3n de los datos del Registrador de Temperatura LogTag TRID30-7R. Los datos se pueden exportar sin problemas a varios formatos de archivo, incluido Excel.<\/p>\n<p><strong> <\/strong><\/p>\n<p>Al desplegar la LogTag TRID30-7R en la carga, obtienes un conocimiento de la temperatura en tiempo real, protegi\u00e9ndote de posibles da\u00f1os durante el transporte.<\/p>\n","protected":false},"excerpt":{"rendered":"<ul>\n<li>Registrador de temperatura con pantalla<\/li>\n<li>-30\u00b0C a +60\u00b0C<\/li>\n<li>Mide hasta 30 d\u00edas<\/li>\n<li>Gran precisi\u00f3n<\/li>\n<\/ul>\n","protected":false},"featured_media":33722,"template":"","meta":{"_acf_changed":false,"content-type":"","_uag_custom_page_level_css":""},"product_brand":[],"product_cat":[1601],"product_tag":[2515],"class_list":{"0":"post-33721","1":"product","2":"type-product","3":"status-publish","4":"has-post-thumbnail","6":"product_cat-registradores-de-datos-de-temperatura","7":"product_tag-logtag-es","9":"first","10":"instock","11":"taxable","12":"shipping-taxable","13":"purchasable","14":"product-type-simple"},"bundled_by":[],"bundle_stock_status":"instock","bundle_stock_quantity":null,"bundle_virtual":false,"bundle_layout":"","bundle_add_to_cart_form_location":"","bundle_editable_in_cart":false,"bundle_sold_individually_context":"","bundle_item_grouping":"","bundle_min_size":"","bundle_max_size":"","bundle_price":[],"bundled_items":[],"bundle_sell_ids":[],"acf":[],"spectra_custom_meta":{"_product_attributes":["a:2:{s:16:\"pa_product-brand\";a:6:{s:4:\"name\";s:16:\"pa_product-brand\";s:5:\"value\";s:0:\"\";s:8:\"position\";i:0;s:10:\"is_visible\";i:1;s:12:\"is_variation\";i:0;s:11:\"is_taxonomy\";i:1;}s:16:\"pa_make-a-choice\";a:6:{s:4:\"name\";s:16:\"pa_make-a-choice\";s:5:\"value\";s:0:\"\";s:8:\"position\";i:1;s:10:\"is_visible\";i:1;s:12:\"is_variation\";i:0;s:11:\"is_taxonomy\";i:1;}}"],"attr_label_translations":["a:1:{s:2:\"es\";a:1:{s:13:\"make-a-choice\";s:5:\"Elige\";}}"],"_backorders":["no"],"_download_limit":["-1"],"_download_expiry":["-1"],"_downloadable":["no"],"_manage_stock":["no"],"_stock_status":["instock"],"_sold_individually":["no"],"_tax_class":[""],"_tax_status":["taxable"],"_virtual":["no"],"total_sales":["4"],"product_datasheet":[""],"_product_datasheet":["field_650ad7d6ea3a0"],"_connectivity":["field_64dce263bb57c"],"brand":["LogTag"],"_brand":["field_64ddf62ed2593"],"brand_image":[""],"_brand_image":["field_650c5e7c84cae"],"_specifications_table":["field_65044e1db92a8"],"_resources":["field_650849c6945ee"],"_accessories":["field_650849e6945f0"],"_faqs":["field_650859523d8d5"],"_calibration_suitable_ids_gb":["field_654b4c4acb54a"],"_calibration_suitable_ids_us":["field_654b4c56cb54b"],"_show_in_calibration_suitable":["field_654cfb691d345"],"_usd_price_4":["field_651570dcac479"],"_usd_price_9":["field_6515713eb4807"],"_usd_price_24":["field_65157141b4809"],"_usd_price_49":["field_65157140b4808"],"_usd_price_99":["field_6515715bb480a"],"_gbp_price_4":["field_6515716e83bfa"],"_gbp_price_9":["field_6515724783bfb"],"_gbp_price_24":["field_6515724b83bfc"],"_gbp_price_49":["field_6515725983bfd"],"_gbp_price_99":["field_6515725d83bfe"],"_usdhk_price_4":["field_6515726f83bff"],"_usdhk_price_9":["field_6515727c83c00"],"_usdhk_price_24":["field_6515728083c01"],"_usdhk_price_49":["field_6515728983c02"],"_usdhk_price_99":["field_6515728e83c03"],"stock_options":["In stock"],"_stock_options":["field_6544b605dc7f9"],"_top_nav_excluded":[""],"_cms_nav_minihome":[""],"wcml_sync_hash":["a:1:{s:15:\"postmeta_fields\";s:32:\"eaa54a03829d495cbd3ad2f0923d76b3\";}"],"_product_image_gallery":["33723,33724,33725"],"_thumbnail_id":["33722"],"_crosssell_ids":["a:0:{}"],"_display_data_alarm":["field_667d647bcb066"],"_other_features":["field_668524f8c98a4"],"_shipping":["field_66852535c98a5"],"_refrigerant_cabinet":["field_66852557c98a6"],"_main_specifications":["field_66855b25b1245"],"_last_translation_edit_mode":["translation-editor"],"connectivity":["Interface Cradle"],"_calibration":["field_66a0ddd599972"],"_edit_lock":["1724250098:8383"],"classic-editor-remember":["classic-editor"],"rank_math_seo_score":["90"],"rank_math_contentai_score":["a:5:{s:8:\"keywords\";s:5:\"74.51\";s:9:\"wordCount\";s:1:\"0\";s:9:\"linkCount\";s:1:\"0\";s:12:\"headingCount\";s:1:\"0\";s:10:\"mediaCount\";s:1:\"0\";}"],"_edit_last":["8383"],"commercekit_gallery_layout":[""],"commercekit_disable_sticky_atc":["0"],"commercekit_wc_video_gallery":["a:0:{}"],"_rank_math_gtin_code":[""],"_wcml_average_rating":[null],"_wcml_review_count":[null],"_wcml_rating_count":[null],"_stock":[null],"_wc_average_rating":[0],"_wc_review_count":["0"],"_product_version":["9.1.4"],"usd_price_4":[""],"usd_price_9":[""],"usd_price_24":[""],"usd_price_49":[""],"usd_price_99":[""],"gbp_price_4":[""],"gbp_price_9":[""],"gbp_price_24":[""],"gbp_price_49":[""],"gbp_price_99":[""],"usdhk_price_4":[""],"usdhk_price_9":[""],"usdhk_price_24":[""],"usdhk_price_49":[""],"usdhk_price_99":[""],"display_data_alarm":[""],"calibration":[""],"faqs":[""],"calibration_suitable_ids_gb":[""],"calibration_suitable_ids_us":[""],"show_in_calibration_suitable":[""],"other_features":[""],"shipping":[""],"refrigerant_cabinet":[""],"main_specifications":[""],"shoptimizer_layout_pdp_short_description_position":["default"],"rank_math_analytic_object_id":["647"],"_wpml_media_duplicate":["1"],"_wpml_media_featured":["1"],"_regular_price":["65.10"],"_price":["65.10","65.10","65.10"],"min_temp":["-30"],"max_temp":["60"],"_min_temp":["field_67ea5eb4e0a77"],"_max_temp":["field_67ea5f81e0a79"],"hubwoo_ecomm_pro_id":["21444451609"],"_wpml_word_count":["473"],"rank_math_primary_product_cat":["87"],"rank_math_description":["Registrador de temperatura para un control preciso. Tiene un intervalo de -30 \u00b0C a +60 \u00b0C, pantalla LCD y cumple la normativa de la OMS. Perfecto para instalaciones m\u00e9dicas. M\u00e1s informaci\u00f3n en Praxas."],"rank_math_focus_keyword":["Registrador de temperatura"],"specifications_table":["<table class=\"specifications\">\n<tbody>\n<tr>\n<td class=\"left-td\">Modelo del producto<\/td>\n<td>TRID30-7R (Bater\u00eda sustituible)<\/td>\n<\/tr>\n<tr>\n<td class=\"left-td\">Rango de medici\u00f3n de la temperatura<\/td>\n<td>-30\u00b0C a +60\u00b0C (-22\u00b0F a +140\u00b0F)<\/td>\n<\/tr>\n<tr>\n<td class=\"left-td\">Temperatura de almacenamiento<\/td>\n<td>-10\u00b0C a +40\u00b0C (14\u00b0F a +104\u00b0F)<\/td>\n<\/tr>\n<tr>\n<td class=\"left-td\">Tiempo de reacci\u00f3n del sensor<\/td>\n<td>Normalmente inferior a 5 minutos (T90) en aire en movimiento (1 m\/s) en EN12830:1999<\/td>\n<\/tr>\n<tr>\n<td class=\"left-td\">Capacidad de grabaci\u00f3n<\/td>\n<td>7.650 lecturas de temperatura. 53 d\u00edas a 10 min de registro, 80 d\u00edas a 15 min de registro\nMemoria de estad\u00edsticas resumidas por d\u00edas (para mostrar en la pantalla LCD): hasta 30 d\u00edas de estad\u00edsticas de M\u00e1x\/M\u00edn\/duraci\u00f3n y activaci\u00f3n de alarmas <\/td>\n<\/tr>\n<tr>\n<td class=\"left-td\">Intervalo de muestreo<\/td>\n<td>Configurable de 30 segundos a cada hora<\/td>\n<\/tr>\n<tr>\n<td class=\"left-td\">Opciones de inicio de registro<\/td>\n<td>Inicio mediante pulsador o fecha y hora espec\u00edficas.\nRetardo de arranque opcional de hasta 18 horas <\/td>\n<\/tr>\n<tr>\n<td class=\"left-td\">Indicaci\u00f3n de grabaci\u00f3n<\/td>\n<td>Indicador de estado \"REC\"<\/td>\n<\/tr>\n<tr>\n<td class=\"left-td\">Tiempo de descarga<\/td>\n<td>Normalmente menos de 5 segundos para la memoria completa (7.650 lecturas), dependiendo del ordenador o dispositivo de lectura utilizado<\/td>\n<\/tr>\n<tr>\n<td class=\"left-td\">Medioambiental<\/td>\n<td>IP65 (aproximadamente equivalente a NEMA 4) cuando se monta verticalmente o se cuelga<\/td>\n<\/tr>\n<tr>\n<td class=\"left-td\">Fuente de alimentaci\u00f3n<\/td>\n<td>TRID30-7R (Bater\u00eda sustituible): CR2032 3V LiMnO2<\/td>\n<\/tr>\n<tr>\n<td class=\"left-td\">Duraci\u00f3n de la bater\u00eda<\/td>\n<td>TRID30-7R (Bater\u00eda reemplazable): 1 a\u00f1o de almacenamiento, seguido de 1 a\u00f1o de funcionamiento con un uso normal (registro de 6 minutos, estad\u00edsticas revisadas en la pantalla no m\u00e1s de una vez al d\u00eda durante no m\u00e1s de 30 segundos cada vez, descarga de datos mensual)<\/td>\n<\/tr>\n<tr>\n<td class=\"left-td\">Reloj en tiempo real<\/td>\n<td>Reloj de tiempo real incorporado\nPrecisi\u00f3n nominal \u00b125ppm a 25\u00b0C (equivalente a 2,5 segundos\/d\u00eda)\nEl coeficiente de temperatura nominal es -0,034 \u00b10,006ppm\/\u00b0C (es decir, normalmente +\/- 0,00294 segundos\/d\u00eda\/\u00b0C)<\/td>\n<\/tr>\n<tr>\n<td class=\"left-td\">Interfaz de conexi\u00f3n<\/td>\n<td>Interfaz Cuna<\/td>\n<\/tr>\n<tr>\n<td class=\"left-td\">Software<\/td>\n<td>Analizador LogTag<\/td>\n<\/tr>\n<tr>\n<td class=\"left-td\">Tama\u00f1o<\/td>\n<td>93 mm(A) x 54,5 mm(A) x 8,6 mm(T)<\/td>\n<\/tr>\n<tr>\n<td class=\"left-td\">Peso<\/td>\n<td>TRID30-7R: 41 g<\/td>\n<\/tr>\n<tr>\n<td class=\"left-td\">Material de la caja<\/td>\n<td>Policarbonato<\/td>\n<\/tr>\n<\/tbody>\n<\/table>"],"resources":["<ul class=\"resources-list\">\n \t<li style=\"list-style-type: none;\">\n<ul class=\"resources-list\">\n \t<li><a href=\"https:\/\/praxas.com\/wp-content\/uploads\/LogTag_TRID30-7_Brochure.pdf\"><img src=\"https:\/\/praxas.com\/wp-content\/uploads\/document-icon.png\" alt=\"Icono de documento\">Folleto LogTag TRID30-7R<\/a><\/li>\n \t<li><img src=\"https:\/\/praxas.com\/wp-content\/uploads\/document-icon.png\" alt=\"Icono de documento\"><a href=\"https:\/\/praxas.com\/wp-content\/uploads\/LogTag_TRID_Quickstart_Guide.pdf\">Gu\u00eda de inicio r\u00e1pido de LogTag TRID30-7R<\/a><\/li>\n \t<li><img src=\"https:\/\/praxas.com\/wp-content\/uploads\/document-icon.png\" alt=\"Icono de documento\"><a href=\"https:\/\/praxas.com\/wp-content\/uploads\/TRID30-7_Product_User_Guide.pdf\">Manual del usuario de LogTag TRID30-7R<\/a><\/li>\n \t<li><img src=\"https:\/\/praxas.com\/wp-content\/uploads\/document-icon.png\" alt=\"Icono de documento\"><a href=\"https:\/\/praxas.com\/wp-content\/uploads\/TRID30-7R_TRED30-7R_Battery_replacement.pdf\">Gu\u00eda de sustituci\u00f3n de la bater\u00eda LogTag TRID30-7R<\/a><\/li>\n<\/ul>\n<\/li>\n<\/ul>"],"accessories":["[products skus=\"LTI-HID,PROTECTIVE ENCLOSURE,WMB-1\"]"],"_uag_page_assets":["a:9:{s:3:\"css\";s:0:\"\";s:2:\"js\";s:0:\"\";s:18:\"current_block_list\";a:0:{}s:8:\"uag_flag\";b:0;s:11:\"uag_version\";s:10:\"1777052440\";s:6:\"gfonts\";a:0:{}s:10:\"gfonts_url\";s:0:\"\";s:12:\"gfonts_files\";a:0:{}s:14:\"uag_faq_layout\";b:0;}"],"_max_variation_price":[""],"_max_variation_regular_price":[""],"_max_variation_sale_price":[""],"_min_variation_price":[""],"_min_variation_regular_price":[""],"_min_variation_sale_price":[""],"_sale_price":[""],"_wc_pb_base_regular_price":[""],"_wc_pb_base_sale_price":[""],"_wc_pb_base_price":[""],"_wc_sw_max_price":[""],"_wc_sw_max_regular_price":[""],"_wc_rating_count":[""]},"uagb_featured_image_src":{"full":["https:\/\/praxas.com\/wp-content\/uploads\/logtag-logtag-trid30-7r-temperature-logger-who-wit-800px.jpg",800,463,false],"thumbnail":["https:\/\/praxas.com\/wp-content\/uploads\/logtag-logtag-trid30-7r-temperature-logger-who-wit-800px-150x150.jpg",150,150,true],"medium":["https:\/\/praxas.com\/wp-content\/uploads\/logtag-logtag-trid30-7r-temperature-logger-who-wit-800px-300x174.jpg",300,174,true],"medium_large":["https:\/\/praxas.com\/wp-content\/uploads\/logtag-logtag-trid30-7r-temperature-logger-who-wit-800px-768x444.jpg",768,444,true],"large":["https:\/\/praxas.com\/wp-content\/uploads\/logtag-logtag-trid30-7r-temperature-logger-who-wit-800px.jpg",800,463,false],"1536x1536":["https:\/\/praxas.com\/wp-content\/uploads\/logtag-logtag-trid30-7r-temperature-logger-who-wit-800px.jpg",800,463,false],"2048x2048":["https:\/\/praxas.com\/wp-content\/uploads\/logtag-logtag-trid30-7r-temperature-logger-who-wit-800px.jpg",800,463,false],"crunchify-admin-post-featured-image":["https:\/\/praxas.com\/wp-content\/uploads\/logtag-logtag-trid30-7r-temperature-logger-who-wit-800px-120x69.jpg",120,69,true],"commercegurus-pdp-large":["https:\/\/praxas.com\/wp-content\/uploads\/logtag-logtag-trid30-7r-temperature-logger-who-wit-800px.jpg",800,463,false],"commercegurus-plp-mobile":["https:\/\/praxas.com\/wp-content\/uploads\/logtag-logtag-trid30-7r-temperature-logger-who-wit-800px-441x255.jpg",441,255,true],"cgkit_image_swatch":["https:\/\/praxas.com\/wp-content\/uploads\/logtag-logtag-trid30-7r-temperature-logger-who-wit-800px-100x100.jpg",100,100,true],"woocommerce_thumbnail":["https:\/\/praxas.com\/wp-content\/uploads\/logtag-logtag-trid30-7r-temperature-logger-who-wit-800px-350x203.jpg",350,203,true],"woocommerce_single":["https:\/\/praxas.com\/wp-content\/uploads\/logtag-logtag-trid30-7r-temperature-logger-who-wit-800px.jpg",800,463,false],"woocommerce_gallery_thumbnail":["https:\/\/praxas.com\/wp-content\/uploads\/logtag-logtag-trid30-7r-temperature-logger-who-wit-800px-150x87.jpg",150,87,true]},"uagb_author_info":{"display_name":"Beth Foord","author_link":"https:\/\/praxas.com\/es\/author\/"},"uagb_comment_info":0,"uagb_excerpt":"Registrador de temperatura con pantalla -30\u00b0C a +60\u00b0C Mide hasta 30 d\u00edas Gran precisi\u00f3n","_links":{"self":[{"href":"https:\/\/praxas.com\/es\/wp-json\/wp\/v2\/product\/33721","targetHints":{"allow":["GET"]}}],"collection":[{"href":"https:\/\/praxas.com\/es\/wp-json\/wp\/v2\/product"}],"about":[{"href":"https:\/\/praxas.com\/es\/wp-json\/wp\/v2\/types\/product"}],"wp:featuredmedia":[{"embeddable":true,"href":"https:\/\/praxas.com\/es\/wp-json\/wp\/v2\/media\/33722"}],"wp:attachment":[{"href":"https:\/\/praxas.com\/es\/wp-json\/wp\/v2\/media?parent=33721"}],"wp:term":[{"taxonomy":"product_brand","embeddable":true,"href":"https:\/\/praxas.com\/es\/wp-json\/wp\/v2\/product_brand?post=33721"},{"taxonomy":"product_cat","embeddable":true,"href":"https:\/\/praxas.com\/es\/wp-json\/wp\/v2\/product_cat?post=33721"},{"taxonomy":"product_tag","embeddable":true,"href":"https:\/\/praxas.com\/es\/wp-json\/wp\/v2\/product_tag?post=33721"}],"curies":[{"name":"wp","href":"https:\/\/api.w.org\/{rel}","templated":true}]}}