{"id":33729,"date":"2024-06-11T13:52:20","date_gmt":"2024-06-11T11:52:20","guid":{"rendered":"https:\/\/staging.praxas.com\/product\/sin%20categor\u00eda\/registrador-de-temperatura-tred30-16r\/"},"modified":"2025-10-09T10:23:47","modified_gmt":"2025-10-09T08:23:47","slug":"registrador-de-temperatura-tred30-16r","status":"publish","type":"product","link":"https:\/\/praxas.com\/es\/product\/registradores-de-datos\/registradores-de-datos-de-temperatura\/registrador-de-temperatura-tred30-16r\/","title":{"rendered":"Registrador de temperatura TRED30-16R"},"content":{"rendered":"<p>El registrador de temperatura LogTag TRED30-16R con sensor externo est\u00e1 dise\u00f1ado para controlar con precisi\u00f3n la temperatura durante el transporte y el almacenamiento. Admite hasta 15.900 mediciones y funciona en un amplio rango de -40\u00b0C a +99\u00b0C utilizando un sensor externo.<\/p>\n<p>Equipado con una alarma integrada, el registrador te notifica las desviaciones de temperatura que superen los l\u00edmites preestablecidos.<\/p>\n<p>La medici\u00f3n precisa de la temperatura durante el transporte mitiga los riesgos de da\u00f1os, p\u00e9rdida de peso o deterioro. El dispositivo incorpora un reloj en tiempo real para estampar la fecha\/hora de cada lectura, lo que lo hace ideal para transportar mercanc\u00edas sensibles a la temperatura.<\/p>\n<p>Los registradores de temperatura LogTag se distinguen por sus r\u00e1pidos tiempos de descarga y su precisi\u00f3n superior, respaldados por una tecnolog\u00eda avanzada y una producci\u00f3n eficiente, que garantizan rentabilidad y alto rendimiento.<\/p>\n<p><strong>Entre las ventajas de utilizar el Registrador de Temperatura LogTag TRED30-16R se incluyen:<\/strong><\/p>\n<ul>\n<li>Alarma ac\u00fastica<\/li>\n<li>Pantalla LCD<\/li>\n<li>Capacidad de hasta 15.900 mediciones<\/li>\n<li>Sensor externo intercambiable<\/li>\n<li>Se acabaron las mediciones manuales<\/li>\n<\/ul>\n<p><strong>Pantalla LCD<\/strong><\/p>\n<p>Una funcionalidad \u00fatil de este registrador de datos es la pantalla. Esta pantalla muestra cuando la temperatura es demasiado alta o demasiado baja. Adem\u00e1s, se muestran la temperatura y la hora de ese momento, el estado de grabaci\u00f3n y el nivel de bater\u00eda.<\/p>\n<p><strong>F\u00e1cil acceso a los datos<\/strong><\/p>\n<p>Al comprar el Registrador de temperatura TRED30-16R con sensor externo, obtienes acceso <strong>gratuito<\/strong> al software LogTag Analyser. Esta plataforma permite configurar, descargar y visualizar los datos de temperatura. La exportaci\u00f3n de datos a formatos como Excel se realiza sin problemas con este programa.<\/p>\n<p>&nbsp;<\/p>\n<p>Utilizando el Registrador de temperatura TRED30-16R con un sensor externo, conocer\u00e1s en todo momento la temperatura de tu carga y evitar\u00e1s da\u00f1os durante el transporte y el almacenamiento.<\/p>\n","protected":false},"excerpt":{"rendered":"<ul>\n<li>Cumplimiento del almacenamiento de vacunas<\/li>\n<li>-40 a + 99\u00b0C<\/li>\n<li>Temperatura externa y pantalla<\/li>\n<li>M\u00e1s de 15.000 lecturas<\/li>\n<li>Alarma ac\u00fastica incorporada<\/li>\n<\/ul>\n","protected":false},"featured_media":49616,"template":"","meta":{"_acf_changed":false,"content-type":"","_uag_custom_page_level_css":""},"product_brand":[],"product_cat":[1601],"product_tag":[2515,2266],"class_list":{"0":"post-33729","1":"product","2":"type-product","3":"status-publish","4":"has-post-thumbnail","6":"product_cat-registradores-de-datos-de-temperatura","7":"product_tag-logtag-es","8":"product_tag-temperatura-es","10":"first","11":"instock","12":"taxable","13":"shipping-taxable","14":"purchasable","15":"product-type-variable"},"bundled_by":[],"bundle_stock_status":"instock","bundle_stock_quantity":null,"bundle_virtual":false,"bundle_layout":"","bundle_add_to_cart_form_location":"","bundle_editable_in_cart":false,"bundle_sold_individually_context":"","bundle_item_grouping":"","bundle_min_size":"","bundle_max_size":"","bundle_price":[],"bundled_items":[],"bundle_sell_ids":[],"acf":[],"spectra_custom_meta":{"_backorders":["no"],"_download_limit":["-1"],"_download_expiry":["-1"],"_downloadable":["no"],"_manage_stock":["no"],"_sku":["UTRED30-16"],"_stock_status":["instock"],"_sold_individually":["no"],"_tax_class":[""],"_tax_status":["taxable"],"_virtual":["no"],"_weight":["0"],"_width":["0"],"_height":["0"],"_length":["0"],"total_sales":["2"],"product_datasheet":[""],"_product_datasheet":["field_650ad7d6ea3a0"],"_connectivity":["field_64dce263bb57c"],"brand":["LogTag"],"_brand":["field_64ddf62ed2593"],"brand_image":[""],"_brand_image":["field_650c5e7c84cae"],"_specifications_table":["field_65044e1db92a8"],"_resources":["field_650849c6945ee"],"_accessories":["field_650849e6945f0"],"_faqs":["field_650859523d8d5"],"_calibration_suitable_ids_gb":["field_654b4c4acb54a"],"_calibration_suitable_ids_us":["field_654b4c56cb54b"],"_show_in_calibration_suitable":["field_654cfb691d345"],"_usd_price_4":["field_651570dcac479"],"_usd_price_9":["field_6515713eb4807"],"_usd_price_24":["field_65157141b4809"],"_usd_price_49":["field_65157140b4808"],"_usd_price_99":["field_6515715bb480a"],"_gbp_price_4":["field_6515716e83bfa"],"_gbp_price_9":["field_6515724783bfb"],"_gbp_price_24":["field_6515724b83bfc"],"_gbp_price_49":["field_6515725983bfd"],"_gbp_price_99":["field_6515725d83bfe"],"_usdhk_price_4":["field_6515726f83bff"],"_usdhk_price_9":["field_6515727c83c00"],"_usdhk_price_24":["field_6515728083c01"],"_usdhk_price_49":["field_6515728983c02"],"_usdhk_price_99":["field_6515728e83c03"],"stock_options":["In stock"],"_stock_options":["field_6544b605dc7f9"],"_top_nav_excluded":[""],"_cms_nav_minihome":[""],"wcml_sync_hash":["a:1:{s:15:\"postmeta_fields\";s:32:\"29fc894a8f33843463d924baabae2bf9\";}"],"attr_label_translations":["a:0:{}"],"_product_attributes":["a:2:{s:16:\"pa_product-brand\";a:6:{s:4:\"name\";s:16:\"pa_product-brand\";s:5:\"value\";s:0:\"\";s:8:\"position\";i:0;s:10:\"is_visible\";i:1;s:12:\"is_variation\";i:0;s:11:\"is_taxonomy\";i:1;}s:22:\"pa_logtag-probe-choice\";a:6:{s:4:\"name\";s:22:\"pa_logtag-probe-choice\";s:5:\"value\";s:0:\"\";s:8:\"position\";i:1;s:10:\"is_visible\";i:1;s:12:\"is_variation\";i:1;s:11:\"is_taxonomy\";i:1;}}"],"_product_image_gallery":["33732,33733,49622"],"_crosssell_ids":["a:0:{}"],"_display_data_alarm":["field_667d647bcb066"],"_other_features":["field_668524f8c98a4"],"_shipping":["field_66852535c98a5"],"_refrigerant_cabinet":["field_66852557c98a6"],"_main_specifications":["field_66855b25b1245"],"_last_translation_edit_mode":["translation-editor"],"connectivity":["Interface Cradle"],"_calibration":["field_66a0ddd599972"],"_edit_lock":["1724249415:8383"],"classic-editor-remember":["classic-editor"],"_edit_last":["8383"],"commercekit_gallery_layout":[""],"commercekit_disable_sticky_atc":["0"],"commercekit_wc_video_gallery":["a:0:{}"],"_rank_math_gtin_code":[""],"_wcml_average_rating":[null],"_wcml_review_count":[null],"_wcml_rating_count":[null],"_stock":[null],"_wc_average_rating":[0],"_wc_review_count":["0"],"_product_version":["9.1.4"],"usd_price_4":[""],"usd_price_9":[""],"usd_price_24":[""],"usd_price_49":[""],"usd_price_99":[""],"gbp_price_4":[""],"gbp_price_9":[""],"gbp_price_24":[""],"gbp_price_49":[""],"gbp_price_99":[""],"usdhk_price_4":[""],"usdhk_price_9":[""],"usdhk_price_24":[""],"usdhk_price_49":[""],"usdhk_price_99":[""],"display_data_alarm":[""],"calibration":[""],"faqs":[""],"calibration_suitable_ids_gb":[""],"calibration_suitable_ids_us":[""],"show_in_calibration_suitable":[""],"other_features":[""],"shipping":[""],"refrigerant_cabinet":[""],"main_specifications":[""],"shoptimizer_layout_pdp_short_description_position":["default"],"rank_math_analytic_object_id":["642"],"_wpml_media_duplicate":["1"],"_wpml_media_featured":["1"],"_price":["75.60","103.60","108.50","109.20","110.60","112","113.40"],"min_temp":["-40"],"_min_temp":["field_67ea5eb4e0a77"],"_max_temp":["field_67ea5f81e0a79"],"hubwoo_ecomm_pro_id":["21539995749"],"_wpml_word_count":["358"],"rank_math_primary_product_cat":["87"],"max_temp":["99"],"_thumbnail_id":["49616"],"_global_unique_id":["850040258219"],"rank_math_description":["Controla temperaturas de -40 a + 99\u00b0C desde una sonda externa. Con pantalla LCD, alarma ac\u00fastica y 15.000 lecturas.  "],"rank_math_focus_keyword":["TRED30-16R"],"specifications_table":["<table class=\"specifications\">\n<tbody>\n<tr>\n<td class=\"left-td\">Rango de medici\u00f3n del sensor externo<\/td>\n<td>-40\u00b0C a +99\u00b0C (-40\u00b0F a +210\u00b0F)<\/td>\n<\/tr>\n<tr>\n<td class=\"left-td\">Temperatura de funcionamiento<\/td>\n<td>-30\u00b0C a +60\u00b0C (-22\u00b0F a +140\u00b0F)<\/td>\n<\/tr>\n<tr>\n<td class=\"left-td\">Temperatura de almacenamiento<\/td>\n<td>-10\u00b0C a +40\u00b0C (14\u00b0F a +104\u00b0F)<\/td>\n<\/tr>\n<tr>\n<td class=\"left-td\">Tiempo de reacci\u00f3n del sensor<\/td>\n<td>Normalmente inferior a 2 minutos (T90) en aire en movimiento (1 m\/s) para los tipos ST100T, ST100H y ST100S<\/td>\n<\/tr>\n<tr>\n<td class=\"left-td\">Capacidad de grabaci\u00f3n<\/td>\n<td>15.905 lecturas de temperatura. 66 d\u00edas @ 6min de registro.\nMemoria de estad\u00edsticas resumidas diarias (para mostrar en la pantalla LCD): hasta 30 d\u00edas de estad\u00edsticas de M\u00e1x\/M\u00edn\/duraci\u00f3n y activaci\u00f3n de alarmas <\/td>\n<\/tr>\n<tr>\n<td class=\"left-td\">Intervalo de muestreo<\/td>\n<td>Configurable de 30 segundos a cada hora<\/td>\n<\/tr>\n<tr>\n<td class=\"left-td\">Opciones de inicio de registro<\/td>\n<td>Inicio mediante pulsador o fecha y hora espec\u00edficas.\nRetardo de arranque opcional de hasta 18 horas <\/td>\n<\/tr>\n<tr>\n<td class=\"left-td\">Indicaci\u00f3n de grabaci\u00f3n<\/td>\n<td>Indicador de estado \"GRABANDO\"<\/td>\n<\/tr>\n<tr>\n<td class=\"left-td\">Tiempo de descarga<\/td>\n<td>Normalmente menos de 10 segundos para la memoria completa (15.905 lecturas), seg\u00fan el ordenador o el dispositivo de lectura utilizado<\/td>\n<\/tr>\n<tr>\n<td class=\"left-td\">Medioambiental<\/td>\n<td>IP61 (cuando se monta verticalmente o se cuelga)<\/td>\n<\/tr>\n<tr>\n<td class=\"left-td\">Fuente de alimentaci\u00f3n<\/td>\n<td>Pila de bot\u00f3n de 3 V CR2032 (LiMnO2), reemplazable por el usuario<\/td>\n<\/tr>\n<tr>\n<td class=\"left-td\">Duraci\u00f3n de la bater\u00eda<\/td>\n<td>T\u00edpicamente 1 a\u00f1o de funcionamiento.\nNOTA: La duraci\u00f3n t\u00edpica de la bater\u00eda supone un registro de 6 minutos, las estad\u00edsticas del d\u00eda se revisan en la pantalla no m\u00e1s de una vez al d\u00eda durante no m\u00e1s de 30 segundos cada vez.\nDescarga los datos mensualmente.\nNOTA: La activaci\u00f3n continua de la alarma ac\u00fastica reducir\u00e1 la vida \u00fatil de la bater\u00eda. Cuando se active una alarma, debes borrarla y restablecerla lo antes posible. <\/td>\n<\/tr>\n<tr>\n<td class=\"left-td\">Reloj en tiempo real<\/td>\n<td>Reloj de tiempo real incorporado.\nPrecisi\u00f3n nominal \u00b125ppm @ 25\u00b0C (equivalente a 2,5 segundos\/d\u00eda).\nEl coeficiente de temperatura nominal es -0,034 \u00b10,006ppm\/\u00b0C (es decir, normalmente +\/- 0,00294 segundos\/d\u00eda\/\u00b0C)<\/td>\n<\/tr>\n<tr>\n<td class=\"left-td\">Longitud del cable est\u00e1ndar del sensor remoto<\/td>\n<td>Est\u00e1ndar: 1,5 m (4'11\u2033).\nExtendido: 3 m (9'10\u2033) (M\u00e1ximo recomendado)<\/td>\n<\/tr>\n<tr>\n<td class=\"left-td\">Tipo de cable del sensor remoto<\/td>\n<td>PTFE (apto para contacto con alimentos seg\u00fan la FDA), coaxial<\/td>\n<\/tr>\n<tr>\n<td class=\"left-td\">Tama\u00f1o<\/td>\n<td>93 mm(A) x 54,5 mm(A) x 8,6 mm(T)<\/td>\n<\/tr>\n<tr>\n<td class=\"left-td\">Peso<\/td>\n<td>41g<\/td>\n<\/tr>\n<tr>\n<td class=\"left-td\">Material de la caja<\/td>\n<td>Policarbonato<\/td>\n<\/tr>\n<\/tbody>\n<\/table>"],"resources":["<ul class=\"resources-list\">\n \t<li style=\"list-style-type: none;\">\n<ul class=\"resources-list\">\n \t<li><img src=\"https:\/\/praxas.com\/wp-content\/uploads\/document-icon.png\" alt=\"Icono de documento\"><a href=\"https:\/\/praxas.com\/wp-content\/uploads\/LogTag_TRED30-16R_Brochure.pdf\">Folleto LogTag TRED30-16R<\/a><\/li>\n \t<li><img src=\"https:\/\/praxas.com\/wp-content\/uploads\/document-icon.png\" alt=\"Icono de documento\"><a href=\"https:\/\/praxas.com\/wp-content\/uploads\/TRED30-16R-Quick-Start-Guide-1.pdf\">Gu\u00eda de inicio r\u00e1pido de LogTag TRED30-16R<\/a><\/li>\n \t<li><img src=\"https:\/\/praxas.com\/wp-content\/uploads\/document-icon.png\" alt=\"Icono de documento\"><a href=\"https:\/\/praxas.com\/wp-content\/uploads\/TRED30-16R_Product_User_Guide-1.pdf\">Manual del usuario de LogTag TRED30-16R<\/a><\/li>\n<\/ul>\n<\/li>\n<\/ul>\n\u00a0"],"accessories":["[products skus=\"LTI-HID,Buffer Bottle,WMB-1\"]"],"_uag_page_assets":["a:9:{s:3:\"css\";s:0:\"\";s:2:\"js\";s:0:\"\";s:18:\"current_block_list\";a:0:{}s:8:\"uag_flag\";b:0;s:11:\"uag_version\";s:10:\"1777052440\";s:6:\"gfonts\";a:0:{}s:10:\"gfonts_url\";s:0:\"\";s:12:\"gfonts_files\";a:0:{}s:14:\"uag_faq_layout\";b:0;}"],"_max_variation_price":[""],"_max_variation_regular_price":[""],"_max_variation_sale_price":[""],"_min_variation_price":[""],"_min_variation_regular_price":[""],"_min_variation_sale_price":[""],"_regular_price":[""],"_sale_price":[""],"_wc_pb_base_regular_price":[""],"_wc_pb_base_sale_price":[""],"_wc_pb_base_price":[""],"_wc_sw_max_price":[""],"_wc_sw_max_regular_price":[""],"_wc_rating_count":[""]},"uagb_featured_image_src":{"full":["https:\/\/praxas.com\/wp-content\/uploads\/TRED30-16R-Front-WEB.jpg",1200,680,false],"thumbnail":["https:\/\/praxas.com\/wp-content\/uploads\/TRED30-16R-Front-WEB-150x150.jpg",150,150,true],"medium":["https:\/\/praxas.com\/wp-content\/uploads\/TRED30-16R-Front-WEB-300x170.jpg",300,170,true],"medium_large":["https:\/\/praxas.com\/wp-content\/uploads\/TRED30-16R-Front-WEB-768x435.jpg",768,435,true],"large":["https:\/\/praxas.com\/wp-content\/uploads\/TRED30-16R-Front-WEB-1024x580.jpg",1024,580,true],"1536x1536":["https:\/\/praxas.com\/wp-content\/uploads\/TRED30-16R-Front-WEB.jpg",1200,680,false],"2048x2048":["https:\/\/praxas.com\/wp-content\/uploads\/TRED30-16R-Front-WEB.jpg",1200,680,false],"crunchify-admin-post-featured-image":["https:\/\/praxas.com\/wp-content\/uploads\/TRED30-16R-Front-WEB-120x68.jpg",120,68,true],"commercegurus-pdp-large":["https:\/\/praxas.com\/wp-content\/uploads\/TRED30-16R-Front-WEB-990x561.jpg",990,561,true],"commercegurus-plp-mobile":["https:\/\/praxas.com\/wp-content\/uploads\/TRED30-16R-Front-WEB-441x250.jpg",441,250,true],"cgkit_image_swatch":["https:\/\/praxas.com\/wp-content\/uploads\/TRED30-16R-Front-WEB-100x100.jpg",100,100,true],"woocommerce_thumbnail":["https:\/\/praxas.com\/wp-content\/uploads\/TRED30-16R-Front-WEB-350x198.jpg",350,198,true],"woocommerce_single":["https:\/\/praxas.com\/wp-content\/uploads\/TRED30-16R-Front-WEB-800x453.jpg",800,453,true],"woocommerce_gallery_thumbnail":["https:\/\/praxas.com\/wp-content\/uploads\/TRED30-16R-Front-WEB-150x85.jpg",150,85,true]},"uagb_author_info":{"display_name":"Beth Foord","author_link":"https:\/\/praxas.com\/es\/author\/"},"uagb_comment_info":0,"uagb_excerpt":"Cumplimiento del almacenamiento de vacunas -40 a + 99\u00b0C Temperatura externa y pantalla M\u00e1s de 15.000 lecturas Alarma ac\u00fastica incorporada","_links":{"self":[{"href":"https:\/\/praxas.com\/es\/wp-json\/wp\/v2\/product\/33729","targetHints":{"allow":["GET"]}}],"collection":[{"href":"https:\/\/praxas.com\/es\/wp-json\/wp\/v2\/product"}],"about":[{"href":"https:\/\/praxas.com\/es\/wp-json\/wp\/v2\/types\/product"}],"wp:featuredmedia":[{"embeddable":true,"href":"https:\/\/praxas.com\/es\/wp-json\/wp\/v2\/media\/49616"}],"wp:attachment":[{"href":"https:\/\/praxas.com\/es\/wp-json\/wp\/v2\/media?parent=33729"}],"wp:term":[{"taxonomy":"product_brand","embeddable":true,"href":"https:\/\/praxas.com\/es\/wp-json\/wp\/v2\/product_brand?post=33729"},{"taxonomy":"product_cat","embeddable":true,"href":"https:\/\/praxas.com\/es\/wp-json\/wp\/v2\/product_cat?post=33729"},{"taxonomy":"product_tag","embeddable":true,"href":"https:\/\/praxas.com\/es\/wp-json\/wp\/v2\/product_tag?post=33729"}],"curies":[{"name":"wp","href":"https:\/\/api.w.org\/{rel}","templated":true}]}}