{"id":33734,"date":"2024-06-11T15:21:26","date_gmt":"2024-06-11T13:21:26","guid":{"rendered":"https:\/\/staging.praxas.com\/product\/sin%20categor\u00eda\/ef50-tubos-filtrantes-de-etileno\/"},"modified":"2025-09-11T16:37:57","modified_gmt":"2025-09-11T14:37:57","slug":"ef50-tubos-filtrantes-de-etileno","status":"publish","type":"product","link":"https:\/\/praxas.com\/es\/product\/proteccion-de-la-carga\/ef50-tubos-filtrantes-de-etileno\/","title":{"rendered":"EF50 TUBOS FILTRANTES DE ETILENO"},"content":{"rendered":"<p>El Freighttube EF50 es un tubo filtrante de etileno dise\u00f1ado para proteger los productos perecederos de altas concentraciones de gas etileno. Con caracter\u00edsticas \u00fanicas, lidera el mercado en la salvaguarda de frutas espec\u00edficas y garantiza la seguridad de quienes participan en su producci\u00f3n.<\/p>\n<p>Estos filtros tienen <strong>75 cm de longitud<\/strong> y contienen los gr\u00e1nulos GK3 y GK4 para una capacidad de absorci\u00f3n de m\u00e1s de 3 y 4 litros de etileno respectivamente por kilogramo de GreenKeeper. Existen formatos con carb\u00f3n activado para determinadas aplicaciones.<\/p>\n<p><strong>Estos gr\u00e1nulos est\u00e1n dise\u00f1ados espec\u00edficamente para:<\/strong><\/p>\n<ul>\n<li>Producen una cantidad m\u00ednima de polvo<\/li>\n<li>Alcanzan una gran eficacia, reduciendo los niveles de etileno en el recipiente con mayor eficacia que cualquier otro producto del mercado<\/li>\n<li>Proporcionan una capacidad extremadamente alta sin los riesgos asociados al permanganato s\u00f3dico<\/li>\n<\/ul>\n<p>El sistema \u00abEasyfit\u00bb integra conexiones embridadas en la tapa, lo que hace que el montaje del filtro sea r\u00e1pido y sencillo, con ventajas adicionales como:<\/p>\n<ul>\n<li>No es necesario doblar las bridas de pl\u00e1stico, evitando la dificultad de pasarlas por los orificios de la rejilla<\/li>\n<li>Bridas preformadas con curva suave para una instalaci\u00f3n m\u00e1s suave<\/li>\n<li>Las bridas ancladas permiten que el cord\u00f3n entre desde cuatro posiciones distintas, lo que proporciona flexibilidad, especialmente para instalaciones en camiones.<\/li>\n<\/ul>\n<p>Hay disponible una opci\u00f3n de adhesivo de doble cara para el filtro EF50 de tubo Freight, que facilita su instalaci\u00f3n en camiones con sistemas de ventilaci\u00f3n de tubo de pl\u00e1stico que carecen de gu\u00edas perforadas.<\/p>\n<p>El c\u00e1lculo de la capacidad de absorci\u00f3n te\u00f3rica necesaria depende de:<\/p>\n<ul>\n<li>El tipo de fruta<\/li>\n<li>Los d\u00edas de tr\u00e1nsito<\/li>\n<li>Los kilos transportados<\/li>\n<\/ul>\n<p>Medici\u00f3n de la capacidad restante: La capacidad disponible del filtro puede ajustarse de forma realista. Este m\u00e9todo permite tener en cuenta variables como las influencias estacionales y los distintos niveles de madurez.<\/p>\n<p>Estos filtros vienen en paquetes de 18 unidades.<\/p>\n<p>Tambi\u00e9n puedes encargar filtros de etileno para poner en cajas. Consulta <a href=\"https:\/\/praxas.com\/es\/product\/proteccion-de-la-carga\/bolsas-filtrantes-de-etileno-gk4-2\/\">aqu\u00ed<\/a> la gama de filtros de etileno Praxas Styveck.<\/p>\n","protected":false},"excerpt":{"rendered":"<ul>\n<li>Filtro de etileno de tubo de carga de caja<\/li>\n<li>Alta capacidad de absorci\u00f3n<\/li>\n<li>Grano redondo<\/li>\n<li>F\u00e1cil de colocar<\/li>\n<li>18 Envase<\/li>\n<\/ul>\n","protected":false},"featured_media":33735,"template":"","meta":{"_acf_changed":false,"content-type":"","_uag_custom_page_level_css":""},"product_brand":[],"product_cat":[2530,1832],"product_tag":[],"class_list":{"0":"post-33734","1":"product","2":"type-product","3":"status-publish","4":"has-post-thumbnail","6":"product_cat-proteccion-de-la-carga","7":"product_cat-filtros-de-etileno","9":"first","10":"instock","11":"taxable","12":"shipping-taxable","13":"purchasable","14":"product-type-simple"},"bundled_by":[],"bundle_stock_status":"instock","bundle_stock_quantity":null,"bundle_virtual":false,"bundle_layout":"","bundle_add_to_cart_form_location":"","bundle_editable_in_cart":false,"bundle_sold_individually_context":"","bundle_item_grouping":"","bundle_min_size":"","bundle_max_size":"","bundle_price":[],"bundled_items":[],"bundle_sell_ids":[],"acf":[],"spectra_custom_meta":{"_product_attributes":["a:2:{s:16:\"pa_product-brand\";a:6:{s:4:\"name\";s:16:\"pa_product-brand\";s:5:\"value\";s:0:\"\";s:8:\"position\";i:0;s:10:\"is_visible\";i:1;s:12:\"is_variation\";i:0;s:11:\"is_taxonomy\";i:1;}s:16:\"pa_make-a-choice\";a:6:{s:4:\"name\";s:16:\"pa_make-a-choice\";s:5:\"value\";s:0:\"\";s:8:\"position\";i:1;s:10:\"is_visible\";i:1;s:12:\"is_variation\";i:1;s:11:\"is_taxonomy\";i:1;}}"],"attr_label_translations":["a:1:{s:2:\"es\";a:1:{s:13:\"make-a-choice\";s:5:\"Elige\";}}"],"_backorders":["no"],"_download_limit":["-1"],"_download_expiry":["-1"],"_downloadable":["no"],"_manage_stock":["no"],"_sku":["EF50-HC"],"_stock_status":["instock"],"_sold_individually":["no"],"_tax_class":[""],"_tax_status":["taxable"],"_virtual":["no"],"product_datasheet":[""],"_product_datasheet":["field_650ad7d6ea3a0"],"connectivity":[""],"_connectivity":["field_64dce263bb57c"],"brand":["Praxas"],"_brand":["field_64ddf62ed2593"],"brand_image":[""],"_brand_image":["field_650c5e7c84cae"],"_specifications_table":["field_65044e1db92a8"],"_display_data_alarm":["field_667d647bcb066"],"_resources":["field_650849c6945ee"],"_accessories":["field_650849e6945f0"],"_faqs":["field_650859523d8d5"],"_calibration_suitable_ids_gb":["field_654b4c4acb54a"],"_calibration_suitable_ids_us":["field_654b4c56cb54b"],"_show_in_calibration_suitable":["field_654cfb691d345"],"_shipping":["field_66852535c98a5"],"_refrigerant_cabinet":["field_66852557c98a6"],"_main_specifications":["field_66855b25b1245"],"_usd_price_4":["field_651570dcac479"],"_usd_price_9":["field_6515713eb4807"],"_usd_price_24":["field_65157141b4809"],"_usd_price_49":["field_65157140b4808"],"_usd_price_99":["field_6515715bb480a"],"_gbp_price_4":["field_6515716e83bfa"],"_gbp_price_9":["field_6515724783bfb"],"_gbp_price_24":["field_6515724b83bfc"],"_gbp_price_49":["field_6515725983bfd"],"_gbp_price_99":["field_6515725d83bfe"],"_usdhk_price_4":["field_6515726f83bff"],"_usdhk_price_9":["field_6515727c83c00"],"_usdhk_price_24":["field_6515728083c01"],"_usdhk_price_49":["field_6515728983c02"],"_usdhk_price_99":["field_6515728e83c03"],"stock_options":["In stock"],"_stock_options":["field_6544b605dc7f9"],"_top_nav_excluded":[""],"_cms_nav_minihome":[""],"wcml_sync_hash":["a:1:{s:15:\"postmeta_fields\";s:32:\"338f08404901db71660762afab598464\";}"],"_thumbnail_id":["33735"],"_product_image_gallery":["33736"],"_crosssell_ids":["a:0:{}"],"_last_translation_edit_mode":["translation-editor"],"_edit_lock":["1721807923:8383"],"classic-editor-remember":["classic-editor"],"rank_math_seo_score":["30"],"_edit_last":["8383"],"commercekit_gallery_layout":[""],"commercekit_disable_sticky_atc":["0"],"commercekit_wc_video_gallery":["a:0:{}"],"_rank_math_gtin_code":[""],"_wcml_average_rating":[null],"_wcml_review_count":[null],"_wcml_rating_count":[null],"_stock":[null],"_wc_average_rating":[0],"_wc_review_count":["0"],"_product_version":["9.1.2"],"usd_price_4":[""],"usd_price_9":[""],"usd_price_24":[""],"usd_price_49":[""],"usd_price_99":[""],"gbp_price_4":[""],"gbp_price_9":[""],"gbp_price_24":[""],"gbp_price_49":[""],"gbp_price_99":[""],"usdhk_price_4":[""],"usdhk_price_9":[""],"usdhk_price_24":[""],"usdhk_price_49":[""],"usdhk_price_99":[""],"display_data_alarm":[""],"calibration":[""],"accessories":[""],"faqs":[""],"calibration_suitable_ids_gb":[""],"calibration_suitable_ids_us":[""],"show_in_calibration_suitable":[""],"other_features":[""],"shipping":[""],"refrigerant_cabinet":[""],"main_specifications":[""],"shoptimizer_layout_pdp_short_description_position":["default"],"_wpml_media_duplicate":["1"],"_wpml_media_featured":["1"],"_calibration":["field_66a0ddd599972"],"min_temp":[""],"max_temp":[""],"_min_temp":["field_67ea5eb4e0a77"],"_max_temp":["field_67ea5f81e0a79"],"_wpml_word_count":["385"],"rank_math_primary_product_cat":["2529"],"_weight":["15"],"_regular_price":["340.20"],"_price":["340.20","340.20"],"_other_features":["field_686fa2aa98dce"],"rank_math_focus_keyword":["Filtro de etileno"],"specifications_table":["<table class=\"specifications\">\n<tbody>\n<tr>\n<td class=\"td-left\">Longitud<\/td>\n<td>105 mm<\/td>\n<\/tr>\n<tr>\n<td class=\"td-left\">Anchura<\/td>\n<td>17 mm<\/td>\n<\/tr>\n<tr>\n<td class=\"td-left\">Altura<\/td>\n<td>18 mm<\/td>\n<\/tr>\n<tr>\n<td class=\"td-left\">Peso<\/td>\n<td>15000 gramos<\/td>\n<\/tr>\n<tr>\n<td class=\"td-left\">Producto<\/td>\n<td>1105<\/td>\n<\/tr>\n<tr>\n<td class=\"td-left\">Altura mm<\/td>\n<td>500<\/td>\n<\/tr>\n<tr>\n<td class=\"td-left\">Altura mm<\/td>\n<td>50<\/td>\n<\/tr>\n<tr>\n<td class=\"td-left\">Peso gramo<\/td>\n<td>530<\/td>\n<\/tr>\n<tr>\n<td class=\"td-left\">Composici\u00f3n del grano<\/td>\n<td>AL203-KmnO4<\/td>\n<\/tr>\n<tr>\n<td class=\"td-left\">Capacidad<\/td>\n<td>1,5 litros<\/td>\n<\/tr>\n<tr>\n<td class=\"td-left\">Cantidad necesaria de<\/td>\n<td>2 - 8<\/td>\n<\/tr>\n<tr>\n<td class=\"td-left\">Peso (a granel \/ envasada)<\/td>\n<td>9550 g por caja<\/td>\n<\/tr>\n<tr>\n<td class=\"td-left\">Unidad de venta<\/td>\n<td>Caja<\/td>\n<\/tr>\n<tr>\n<td class=\"td-left\">Cantidad Caja<\/td>\n<td>18<\/td>\n<\/tr>\n<tr>\n<td class=\"td-left\">Tema<\/td>\n<td>Etileno<\/td>\n<\/tr>\n<tr>\n<td class=\"td-left\">Cantidad m\u00ednima de pedido<\/td>\n<td>18<\/td>\n<\/tr>\n<\/tbody>\n<\/table>"],"resources":["<ul class=\"resources-list\">\n \t<li><a href=\"https:\/\/praxas.com\/wp-content\/uploads\/1105-vrachttubes-ethylene-filter.pdf\" target=\"_blank\" rel=\"noopener\"><img src=\"https:\/\/praxas.com\/wp-content\/uploads\/document-icon.png\" alt=\"Icono de documento\">Folleto Praxas Freight Tube<\/a><\/li>\n<\/ul>"],"_uag_page_assets":["a:9:{s:3:\"css\";s:0:\"\";s:2:\"js\";s:0:\"\";s:18:\"current_block_list\";a:0:{}s:8:\"uag_flag\";b:0;s:11:\"uag_version\";s:10:\"1777020109\";s:6:\"gfonts\";a:0:{}s:10:\"gfonts_url\";s:0:\"\";s:12:\"gfonts_files\";a:0:{}s:14:\"uag_faq_layout\";b:0;}"],"total_sales":["33"],"hubwoo_ecomm_pro_id":["29185982341"],"_max_variation_price":[""],"_max_variation_regular_price":[""],"_max_variation_sale_price":[""],"_min_variation_price":[""],"_min_variation_regular_price":[""],"_min_variation_sale_price":[""],"_sale_price":[""],"_wc_pb_base_regular_price":[""],"_wc_pb_base_sale_price":[""],"_wc_pb_base_price":[""],"_wc_sw_max_price":[""],"_wc_sw_max_regular_price":[""],"_wc_rating_count":[""]},"uagb_featured_image_src":{"full":["https:\/\/praxas.com\/wp-content\/uploads\/oxylene-box-freight-tube-ethylene-filters-18-pcs-800px.jpg",800,463,false],"thumbnail":["https:\/\/praxas.com\/wp-content\/uploads\/oxylene-box-freight-tube-ethylene-filters-18-pcs-800px-150x150.jpg",150,150,true],"medium":["https:\/\/praxas.com\/wp-content\/uploads\/oxylene-box-freight-tube-ethylene-filters-18-pcs-800px-300x174.jpg",300,174,true],"medium_large":["https:\/\/praxas.com\/wp-content\/uploads\/oxylene-box-freight-tube-ethylene-filters-18-pcs-800px-768x444.jpg",768,444,true],"large":["https:\/\/praxas.com\/wp-content\/uploads\/oxylene-box-freight-tube-ethylene-filters-18-pcs-800px.jpg",800,463,false],"1536x1536":["https:\/\/praxas.com\/wp-content\/uploads\/oxylene-box-freight-tube-ethylene-filters-18-pcs-800px.jpg",800,463,false],"2048x2048":["https:\/\/praxas.com\/wp-content\/uploads\/oxylene-box-freight-tube-ethylene-filters-18-pcs-800px.jpg",800,463,false],"crunchify-admin-post-featured-image":["https:\/\/praxas.com\/wp-content\/uploads\/oxylene-box-freight-tube-ethylene-filters-18-pcs-800px-120x69.jpg",120,69,true],"commercegurus-pdp-large":["https:\/\/praxas.com\/wp-content\/uploads\/oxylene-box-freight-tube-ethylene-filters-18-pcs-800px.jpg",800,463,false],"commercegurus-plp-mobile":["https:\/\/praxas.com\/wp-content\/uploads\/oxylene-box-freight-tube-ethylene-filters-18-pcs-800px-441x255.jpg",441,255,true],"cgkit_image_swatch":["https:\/\/praxas.com\/wp-content\/uploads\/oxylene-box-freight-tube-ethylene-filters-18-pcs-800px-100x100.jpg",100,100,true],"woocommerce_thumbnail":["https:\/\/praxas.com\/wp-content\/uploads\/oxylene-box-freight-tube-ethylene-filters-18-pcs-800px-350x203.jpg",350,203,true],"woocommerce_single":["https:\/\/praxas.com\/wp-content\/uploads\/oxylene-box-freight-tube-ethylene-filters-18-pcs-800px.jpg",800,463,false],"woocommerce_gallery_thumbnail":["https:\/\/praxas.com\/wp-content\/uploads\/oxylene-box-freight-tube-ethylene-filters-18-pcs-800px-150x87.jpg",150,87,true]},"uagb_author_info":{"display_name":"Andy Price","author_link":"https:\/\/praxas.com\/es\/author\/"},"uagb_comment_info":0,"uagb_excerpt":"Filtro de etileno de tubo de carga de caja Alta capacidad de absorci\u00f3n Grano redondo F\u00e1cil de colocar 18 Envase","_links":{"self":[{"href":"https:\/\/praxas.com\/es\/wp-json\/wp\/v2\/product\/33734","targetHints":{"allow":["GET"]}}],"collection":[{"href":"https:\/\/praxas.com\/es\/wp-json\/wp\/v2\/product"}],"about":[{"href":"https:\/\/praxas.com\/es\/wp-json\/wp\/v2\/types\/product"}],"wp:featuredmedia":[{"embeddable":true,"href":"https:\/\/praxas.com\/es\/wp-json\/wp\/v2\/media\/33735"}],"wp:attachment":[{"href":"https:\/\/praxas.com\/es\/wp-json\/wp\/v2\/media?parent=33734"}],"wp:term":[{"taxonomy":"product_brand","embeddable":true,"href":"https:\/\/praxas.com\/es\/wp-json\/wp\/v2\/product_brand?post=33734"},{"taxonomy":"product_cat","embeddable":true,"href":"https:\/\/praxas.com\/es\/wp-json\/wp\/v2\/product_cat?post=33734"},{"taxonomy":"product_tag","embeddable":true,"href":"https:\/\/praxas.com\/es\/wp-json\/wp\/v2\/product_tag?post=33734"}],"curies":[{"name":"wp","href":"https:\/\/api.w.org\/{rel}","templated":true}]}}