{"id":33740,"date":"2024-06-10T18:00:21","date_gmt":"2024-06-10T16:00:21","guid":{"rendered":"https:\/\/staging.praxas.com\/product\/sin%20categor\u00eda\/registrador-de-temperatura-de-hielo-seco-trel-8\/"},"modified":"2025-10-09T14:18:19","modified_gmt":"2025-10-09T12:18:19","slug":"registrador-de-temperatura-de-hielo-seco-trel-8","status":"publish","type":"product","link":"https:\/\/praxas.com\/es\/product\/registradores-de-datos\/registradores-de-datos-de-temperatura\/registrador-de-temperatura-de-hielo-seco-trel-8\/","title":{"rendered":"Registrador de temperatura de hielo seco TREL-8"},"content":{"rendered":"<p>El registrador de temperatura de hielo seco LogTag TREL-8 con sensor de temperatura externo te permite medir y controlar las temperaturas durante el transporte y el almacenamiento. Este registrador est\u00e1 especialmente dise\u00f1ado para medir bajas temperaturas y transportar productos y paquetes con hielo seco.<\/p>\n<p>El LogTag TREL-8 mide y registra hasta 8.000 lecturas de temperatura en un rango de -80\u00b0C a +40\u00b0C (-112\u00b0F a +104\u00b0F). Esto lo hace ideal para controlar el transporte que debe mantenerse a bajas temperaturas, como la carga que contiene refrigerantes con hielo seco. El indicador de alarma avisa cuando las lecturas caen fuera de los l\u00edmites preestablecidos.<\/p>\n<p>Medir con precisi\u00f3n la temperatura durante el transporte evita da\u00f1os y p\u00e9rdidas de peso. Con funciones integradas como un reloj en tiempo real que proporciona marcas de fecha y hora para cada lectura de temperatura, este registrador es perfecto para transportar productos sensibles a la temperatura.<\/p>\n<p>Los registradores de temperatura LogTag son conocidos por tener el mejor tiempo de descarga y la mayor precisi\u00f3n del mercado. Con una duraci\u00f3n de la bater\u00eda de hasta 3 a\u00f1os, tienes la seguridad de obtener datos precisos.<\/p>\n<p><strong>Entre las ventajas del Logger LogTag TREL-8 se incluyen:<\/strong><\/p>\n<ul>\n<li>8.000 puntos de medici\u00f3n<\/li>\n<li>Rango de temperatura de -80 a +40 \u00b0C<\/li>\n<li>Duraci\u00f3n de la bater\u00eda hasta 3 a\u00f1os<\/li>\n<li>Cumple con la FDA<\/li>\n<li>Ajustes de alarma e indicadores LED personalizables<\/li>\n<li>El indicador de alarma se\u00f1ala cuando las lecturas est\u00e1n fuera de los l\u00edmites establecidos<\/li>\n<li>Sin lecturas manuales<\/li>\n<li>Tama\u00f1o compacto para facilitar su transporte y almacenamiento<\/li>\n<\/ul>\n<p><strong>Por qu\u00e9 <\/strong><strong>utilizar un sensor externo?<\/strong><\/p>\n<p>Aunque los productos LogTag son excelentes, es posible que los registradores de datos de los sensores internos no lleguen a todas las zonas. Para alimentos y l\u00edquidos, lo ideal es un sensor externo. Col\u00f3calo en el alimento o l\u00edquido para medir con precisi\u00f3n la temperatura y garantizar la calidad y seguridad del producto.<\/p>\n<p><strong>Conservar los bienes durante m\u00e1s tiempo<\/strong><\/p>\n<p>Los registradores de hielo seco y baja temperatura se utilizan para controlar la temperatura durante el transporte en distancias cortas y largas. Es conocido por su alto rendimiento, calidad y precisi\u00f3n. La calidad de productos como medicamentos y vacunas depende de la temperatura ambiente. Colocando el LogTag TREL-8 en la carga, puedes controlar esta informaci\u00f3n y garantizar la calidad y seguridad de los productos.<\/p>\n<p><strong>F\u00e1cil acceso a los datos<\/strong><\/p>\n<p>Al comprar el registrador de hielo seco y baja temperatura, puedes utilizar gratis el software LogTag Analyser. Este programa es una plataforma para configurar, descargar y visualizar los datos del LogTag TREL-8. Los datos se pueden exportar f\u00e1cilmente a otros archivos, como Excel.<\/p>\n","protected":false},"excerpt":{"rendered":"<ul>\n<li>Conexi\u00f3n para sensor externo<\/li>\n<li>-80\u00b0C a +40\u00b0C<\/li>\n<li>Indicador de alarma<\/li>\n<li>8000 Puntos de medici\u00f3n<\/li>\n<li>Duraci\u00f3n de la bater\u00eda de 3 a\u00f1os<\/li>\n<\/ul>\n<p><strong>TREL-8 ya no est\u00e1 disponible para la venta, recomendamos actualizar a <span style=\"color: #3366ff;\"><br \/>\n  <a style=\"color: #3366ff;\" href=\"https:\/\/praxas.com\/es\/product\/registradores-de-datos\/registradores-de-datos-de-temperatura\/registrador-de-baja-temperatura-utrel-16f\/\">UTREL-16F<\/a><br \/>\n<\/span><\/strong><\/p>\n","protected":false},"featured_media":33741,"template":"","meta":{"_acf_changed":false,"content-type":"","_uag_custom_page_level_css":""},"product_brand":[],"product_cat":[1601],"product_tag":[2515],"class_list":{"0":"post-33740","1":"product","2":"type-product","3":"status-publish","4":"has-post-thumbnail","6":"product_cat-registradores-de-datos-de-temperatura","7":"product_tag-logtag-es","9":"first","10":"instock","11":"taxable","12":"shipping-taxable","13":"purchasable","14":"product-type-variable"},"bundled_by":[],"bundle_stock_status":"instock","bundle_stock_quantity":null,"bundle_virtual":false,"bundle_layout":"","bundle_add_to_cart_form_location":"","bundle_editable_in_cart":false,"bundle_sold_individually_context":"","bundle_item_grouping":"","bundle_min_size":"","bundle_max_size":"","bundle_price":[],"bundled_items":[],"bundle_sell_ids":[],"acf":[],"spectra_custom_meta":{"_product_attributes":["a:2:{s:16:\"pa_product-brand\";a:6:{s:4:\"name\";s:16:\"pa_product-brand\";s:5:\"value\";s:0:\"\";s:8:\"position\";i:0;s:10:\"is_visible\";i:1;s:12:\"is_variation\";i:0;s:11:\"is_taxonomy\";i:1;}s:22:\"pa_logtag-probe-choice\";a:6:{s:4:\"name\";s:22:\"pa_logtag-probe-choice\";s:5:\"value\";s:0:\"\";s:8:\"position\";i:1;s:10:\"is_visible\";i:1;s:12:\"is_variation\";i:1;s:11:\"is_taxonomy\";i:1;}}"],"attr_label_translations":["a:1:{s:2:\"es\";a:1:{s:13:\"make-a-choice\";s:5:\"Elige\";}}"],"_backorders":["no"],"_download_limit":["-1"],"_download_expiry":["-1"],"_downloadable":["no"],"_manage_stock":["no"],"_stock_status":["instock"],"_sold_individually":["no"],"_tax_class":[""],"_tax_status":["taxable"],"_virtual":["no"],"total_sales":["3"],"product_datasheet":[""],"_product_datasheet":["field_650ad7d6ea3a0"],"_connectivity":["field_64dce263bb57c"],"brand":["LogTag"],"_brand":["field_64ddf62ed2593"],"brand_image":[""],"_brand_image":["field_650c5e7c84cae"],"_specifications_table":["field_65044e1db92a8"],"_resources":["field_650849c6945ee"],"_accessories":["field_650849e6945f0"],"_faqs":["field_650859523d8d5"],"_calibration_suitable_ids_gb":["field_654b4c4acb54a"],"_calibration_suitable_ids_us":["field_654b4c56cb54b"],"_show_in_calibration_suitable":["field_654cfb691d345"],"_usd_price_4":["field_651570dcac479"],"_usd_price_9":["field_6515713eb4807"],"_usd_price_24":["field_65157141b4809"],"_usd_price_49":["field_65157140b4808"],"_usd_price_99":["field_6515715bb480a"],"_gbp_price_4":["field_6515716e83bfa"],"_gbp_price_9":["field_6515724783bfb"],"_gbp_price_24":["field_6515724b83bfc"],"_gbp_price_49":["field_6515725983bfd"],"_gbp_price_99":["field_6515725d83bfe"],"_usdhk_price_4":["field_6515726f83bff"],"_usdhk_price_9":["field_6515727c83c00"],"_usdhk_price_24":["field_6515728083c01"],"_usdhk_price_49":["field_6515728983c02"],"_usdhk_price_99":["field_6515728e83c03"],"stock_options":["In stock"],"_stock_options":["field_6544b605dc7f9"],"_top_nav_excluded":[""],"_cms_nav_minihome":[""],"wcml_sync_hash":["a:1:{s:15:\"postmeta_fields\";s:32:\"f7cc034106beac18ad370f707b4e2f3a\";}"],"_product_image_gallery":["33742,33741,33743,33744,33745"],"_thumbnail_id":["33741"],"_crosssell_ids":["a:0:{}"],"_display_data_alarm":["field_667d647bcb066"],"_shipping":["field_66852535c98a5"],"_refrigerant_cabinet":["field_66852557c98a6"],"_main_specifications":["field_66855b25b1245"],"_last_translation_edit_mode":["translation-editor"],"connectivity":["Interface Cradle"],"_calibration":["field_66a0ddd599972"],"_edit_lock":["1724248356:8383"],"classic-editor-remember":["classic-editor"],"rank_math_seo_score":["82"],"rank_math_contentai_score":["a:5:{s:8:\"keywords\";s:5:\"74.51\";s:9:\"wordCount\";s:1:\"0\";s:9:\"linkCount\";s:1:\"0\";s:12:\"headingCount\";s:1:\"0\";s:10:\"mediaCount\";s:1:\"0\";}"],"_edit_last":["8383"],"commercekit_gallery_layout":[""],"commercekit_disable_sticky_atc":["0"],"commercekit_wc_video_gallery":["a:0:{}"],"_rank_math_gtin_code":[""],"_wcml_average_rating":[null],"_wcml_review_count":[null],"_wcml_rating_count":[null],"_stock":[null],"_wc_average_rating":[0],"_wc_review_count":["0"],"_product_version":["9.1.4"],"usd_price_4":[""],"usd_price_9":[""],"usd_price_24":[""],"usd_price_49":[""],"usd_price_99":[""],"gbp_price_4":[""],"gbp_price_9":[""],"gbp_price_24":[""],"gbp_price_49":[""],"gbp_price_99":[""],"usdhk_price_4":[""],"usdhk_price_9":[""],"usdhk_price_24":[""],"usdhk_price_49":[""],"usdhk_price_99":[""],"display_data_alarm":[""],"calibration":[""],"faqs":[""],"calibration_suitable_ids_gb":[""],"calibration_suitable_ids_us":[""],"show_in_calibration_suitable":[""],"other_features":[""],"shipping":[""],"refrigerant_cabinet":[""],"main_specifications":[""],"shoptimizer_layout_pdp_short_description_position":["default"],"rank_math_analytic_object_id":["637"],"_wpml_media_duplicate":["1"],"_wpml_media_featured":["1"],"_price":["39.20","39.20","39.20","74.20","77.70"],"min_temp":["-80"],"_min_temp":["field_67ea5eb4e0a77"],"_max_temp":["field_67ea5f81e0a79"],"hubwoo_ecomm_pro_id":["21446304930"],"_wpml_word_count":["498"],"rank_math_primary_product_cat":["87"],"max_temp":["40"],"_sku":["TREL-8"],"_other_features":["field_686fa2aa98dce"],"rank_math_description":["Registrador de temperatura de hielo seco -80\u00b0C a +40\u00b0C Indicador de alarma 8000 puntos de medici\u00f3n Conexi\u00f3n para sensor externo Duraci\u00f3n de la bater\u00eda de 3 a\u00f1os"],"rank_math_focus_keyword":["TREL-8"],"specifications_table":["<table class=\"specifications\">\n<tbody>\n<tr>\n<td class=\"left-td\">Rango de medici\u00f3n del sensor externo<\/td>\n<td>-90\u00b0C a +40\u00b0C (-130\u00b0F a +104\u00b0F)<\/td>\n<\/tr>\n<tr>\n<td class=\"left-td\">Temperatura de almacenamiento<\/td>\n<td>-10\u00b0C a +55\u00b0C (14\u00b0F a +131\u00b0F)<\/td>\n<\/tr>\n<tr>\n<td class=\"left-td\">Tiempo de reacci\u00f3n del sensor<\/td>\n<td>Normalmente inferior a 2 minutos (T90) en aire en movimiento (1 m\/s) para el tipo ST10S<\/td>\n<\/tr>\n<tr>\n<td class=\"left-td\">Capacidad de grabaci\u00f3n<\/td>\n<td>8031 lecturas de temperatura.\n53 d\u00edas @ 10min de registro, 80 d\u00edas @ 15min de registro <\/td>\n<\/tr>\n<tr>\n<td class=\"left-td\">Intervalo de muestreo<\/td>\n<td>Configurable de 30 segundos a varias horas<\/td>\n<\/tr>\n<tr>\n<td class=\"left-td\">Opciones de inicio de registro<\/td>\n<td>Arranque mediante pulsador con retardo de arranque opcional o fecha y hora espec\u00edficas<\/td>\n<\/tr>\n<tr>\n<td class=\"left-td\">Indicaci\u00f3n de grabaci\u00f3n<\/td>\n<td>Indicador \"OK\" intermitente \/ indicador \"ALERTA\" intermitente<\/td>\n<\/tr>\n<tr>\n<td class=\"left-td\">Tiempo de descarga<\/td>\n<td>Normalmente menos de 5 segundos para la memoria completa (8031 lecturas), dependiendo del ordenador o del dispositivo de lectura utilizado<\/td>\n<\/tr>\n<tr>\n<td class=\"left-td\">Medioambiental<\/td>\n<td>IP61<\/td>\n<\/tr>\n<tr>\n<td class=\"left-td\">Fuente de alimentaci\u00f3n<\/td>\n<td>Bater\u00eda CR2450 3V LiMnO2 (fija)<\/td>\n<\/tr>\n<tr>\n<td class=\"left-td\">Duraci\u00f3n de la bater\u00eda<\/td>\n<td>Duraci\u00f3n de 1 a\u00f1o antes del \"arranque\" (si est\u00e1 en modo de hibernaci\u00f3n), seguido de:\n2 - 3 a\u00f1os de uso normal (basado en un registro de 15 minutos, descarga de datos mensual)<\/td>\n<\/tr>\n<tr>\n<td class=\"left-td\">Reloj en tiempo real<\/td>\n<td>Reloj de tiempo real incorporado\nPrecisi\u00f3n nominal \u00b125ppm a 25\u00b0C (equivalente a 2,5 segundos\/d\u00eda)\nEl coeficiente de temperatura nominal es -0,034 \u00b10,006ppm\/\u00b0C (es decir, normalmente +\/- 0,00294 segundos\/d\u00eda\/\u00b0C)<\/td>\n<\/tr>\n<tr>\n<td class=\"left-td\">Longitud del cable est\u00e1ndar del sensor remoto<\/td>\n<td>Est\u00e1ndar: 0,5 m (19\")\nExtendido: 3 m (m\u00e1ximo recomendado)<\/td>\n<\/tr>\n<tr>\n<td class=\"left-td\">Tipo de cable del sensor remoto<\/td>\n<td>Coaxial de PTFE (apto para contacto con alimentos seg\u00fan la FDA)<\/td>\n<\/tr>\n<tr>\n<td class=\"left-td\">Tama\u00f1o<\/td>\n<td>86 mm(A) x 54,5 mm(A) x 8,6 mm(T)<\/td>\n<\/tr>\n<tr>\n<td class=\"left-td\">Peso<\/td>\n<td>34g<\/td>\n<\/tr>\n<tr>\n<td class=\"left-td\">Material de la caja<\/td>\n<td>Policarbonato<\/td>\n<\/tr>\n<\/tbody>\n<\/table>"],"resources":["<ul class=\"resources-list\">\n \t<li><a href=\"https:\/\/praxas.com\/wp-content\/uploads\/LogTag_TREL-8_Brochure.pdf\"><img src=\"https:\/\/praxas.com\/wp-content\/uploads\/document-icon.png\" alt=\"Icono de documento\">Folleto LogTag TREL-8<\/a><\/li>\n \t<li><img src=\"https:\/\/praxas.com\/wp-content\/uploads\/document-icon.png\" alt=\"Icono de documento\"><a href=\"https:\/\/praxas.com\/wp-content\/uploads\/General_LogTag_Quick_Start_Guide.pdf\">Gu\u00eda de inicio r\u00e1pido de LogTag TREL-8<\/a><\/li>\n<\/ul>\n\u00a0"],"accessories":["[products skus=\"LTI-HID,LTI-WM-WIFI,WMB-1,Buffer Bottle\"]"],"_uag_page_assets":["a:9:{s:3:\"css\";s:0:\"\";s:2:\"js\";s:0:\"\";s:18:\"current_block_list\";a:0:{}s:8:\"uag_flag\";b:0;s:11:\"uag_version\";s:10:\"1777052440\";s:6:\"gfonts\";a:0:{}s:10:\"gfonts_url\";s:0:\"\";s:12:\"gfonts_files\";a:0:{}s:14:\"uag_faq_layout\";b:0;}"],"_max_variation_price":[""],"_max_variation_regular_price":[""],"_max_variation_sale_price":[""],"_min_variation_price":[""],"_min_variation_regular_price":[""],"_min_variation_sale_price":[""],"_regular_price":[""],"_sale_price":[""],"_wc_pb_base_regular_price":[""],"_wc_pb_base_sale_price":[""],"_wc_pb_base_price":[""],"_wc_sw_max_price":[""],"_wc_sw_max_regular_price":[""],"_wc_rating_count":[""]},"uagb_featured_image_src":{"full":["https:\/\/praxas.com\/wp-content\/uploads\/logtag-logtag-trel-8-dry-ice-temperature-logger-wi-1-800px.jpg",800,463,false],"thumbnail":["https:\/\/praxas.com\/wp-content\/uploads\/logtag-logtag-trel-8-dry-ice-temperature-logger-wi-1-800px-150x150.jpg",150,150,true],"medium":["https:\/\/praxas.com\/wp-content\/uploads\/logtag-logtag-trel-8-dry-ice-temperature-logger-wi-1-800px-300x174.jpg",300,174,true],"medium_large":["https:\/\/praxas.com\/wp-content\/uploads\/logtag-logtag-trel-8-dry-ice-temperature-logger-wi-1-800px-768x444.jpg",768,444,true],"large":["https:\/\/praxas.com\/wp-content\/uploads\/logtag-logtag-trel-8-dry-ice-temperature-logger-wi-1-800px.jpg",800,463,false],"1536x1536":["https:\/\/praxas.com\/wp-content\/uploads\/logtag-logtag-trel-8-dry-ice-temperature-logger-wi-1-800px.jpg",800,463,false],"2048x2048":["https:\/\/praxas.com\/wp-content\/uploads\/logtag-logtag-trel-8-dry-ice-temperature-logger-wi-1-800px.jpg",800,463,false],"crunchify-admin-post-featured-image":["https:\/\/praxas.com\/wp-content\/uploads\/logtag-logtag-trel-8-dry-ice-temperature-logger-wi-1-800px-120x69.jpg",120,69,true],"commercegurus-pdp-large":["https:\/\/praxas.com\/wp-content\/uploads\/logtag-logtag-trel-8-dry-ice-temperature-logger-wi-1-800px.jpg",800,463,false],"commercegurus-plp-mobile":["https:\/\/praxas.com\/wp-content\/uploads\/logtag-logtag-trel-8-dry-ice-temperature-logger-wi-1-800px-441x255.jpg",441,255,true],"cgkit_image_swatch":["https:\/\/praxas.com\/wp-content\/uploads\/logtag-logtag-trel-8-dry-ice-temperature-logger-wi-1-800px-100x100.jpg",100,100,true],"woocommerce_thumbnail":["https:\/\/praxas.com\/wp-content\/uploads\/logtag-logtag-trel-8-dry-ice-temperature-logger-wi-1-800px-350x203.jpg",350,203,true],"woocommerce_single":["https:\/\/praxas.com\/wp-content\/uploads\/logtag-logtag-trel-8-dry-ice-temperature-logger-wi-1-800px.jpg",800,463,false],"woocommerce_gallery_thumbnail":["https:\/\/praxas.com\/wp-content\/uploads\/logtag-logtag-trel-8-dry-ice-temperature-logger-wi-1-800px-150x87.jpg",150,87,true]},"uagb_author_info":{"display_name":"Beth Foord","author_link":"https:\/\/praxas.com\/es\/author\/"},"uagb_comment_info":0,"uagb_excerpt":"Conexi\u00f3n para sensor externo -80\u00b0C a +40\u00b0C Indicador de alarma 8000 Puntos de medici\u00f3n Duraci\u00f3n de la bater\u00eda de 3 a\u00f1os TREL-8 ya no est\u00e1 disponible para la venta, recomendamos actualizar a UTREL-16F","_links":{"self":[{"href":"https:\/\/praxas.com\/es\/wp-json\/wp\/v2\/product\/33740","targetHints":{"allow":["GET"]}}],"collection":[{"href":"https:\/\/praxas.com\/es\/wp-json\/wp\/v2\/product"}],"about":[{"href":"https:\/\/praxas.com\/es\/wp-json\/wp\/v2\/types\/product"}],"wp:featuredmedia":[{"embeddable":true,"href":"https:\/\/praxas.com\/es\/wp-json\/wp\/v2\/media\/33741"}],"wp:attachment":[{"href":"https:\/\/praxas.com\/es\/wp-json\/wp\/v2\/media?parent=33740"}],"wp:term":[{"taxonomy":"product_brand","embeddable":true,"href":"https:\/\/praxas.com\/es\/wp-json\/wp\/v2\/product_brand?post=33740"},{"taxonomy":"product_cat","embeddable":true,"href":"https:\/\/praxas.com\/es\/wp-json\/wp\/v2\/product_cat?post=33740"},{"taxonomy":"product_tag","embeddable":true,"href":"https:\/\/praxas.com\/es\/wp-json\/wp\/v2\/product_tag?post=33740"}],"curies":[{"name":"wp","href":"https:\/\/api.w.org\/{rel}","templated":true}]}}