{"id":33770,"date":"2024-06-10T16:57:35","date_gmt":"2024-06-10T14:57:35","guid":{"rendered":"https:\/\/staging.praxas.com\/product\/sin%20categor\u00eda\/utred-30-wifi\/"},"modified":"2025-10-09T10:22:33","modified_gmt":"2025-10-09T08:22:33","slug":"utred-30-wifi","status":"publish","type":"product","link":"https:\/\/praxas.com\/es\/product\/registradores-de-datos\/registradores-de-datos-de-temperatura\/utred-30-wifi\/","title":{"rendered":"UTRED 30-WIFI"},"content":{"rendered":"<p>El Logtag UTRED 30-WiFi es un registrador de datos en tiempo real espec\u00edfico para controlar la temperatura durante el transporte y el almacenamiento. Conecta el datalogger a la nube LogTag Online y sube los datos en tiempo real a la nube. Al enviar los datos a la nube, puedes acceder a ellos en cualquier momento y lugar.<\/p>\n<p>El registrador de datos tiene un rango de medici\u00f3n de -40\u00b0C a +99\u00b0C y mide y almacena hasta 16.000 lecturas de temperatura. Midiendo con precisi\u00f3n la temperatura durante el transporte, puedes evitar da\u00f1os, p\u00e9rdida de peso o p\u00e9rdida durante el transporte y el almacenamiento. Con funciones integradas como un reloj en tiempo real que marca la fecha y la hora de cada lectura de temperatura, este registrador de temperatura es perfecto para transportar productos sensibles a la temperatura, como las vacunas.<\/p>\n<p>Los registradores de temperatura Logtag son conocidos por tener el mejor tiempo de descarga y la mayor precisi\u00f3n del mercado. Combinando una tecnolog\u00eda sin complicaciones, un dise\u00f1o innovador y una producci\u00f3n de gran volumen, LogTag es la grabadora m\u00e1s rentable y de mayor rendimiento del mercado actual.<\/p>\n<p>El LogTag UTRED30-WiFi cumple las directrices de almacenamiento y manipulaci\u00f3n de vacunas de la OMS, CDC, FDA, VFC, NIH, PHAC, AAP y m\u00e1s.<\/p>\n<p><strong>Entre las ventajas del Registrador de Datos LogTag UTRED 30-WiFi se incluyen:<\/strong><\/p>\n<ul>\n<li>Mide y almacena hasta 16.000 lecturas de tiempo\/temperatura*.<\/li>\n<li>Sonda externa intercambiable con conector chapado en oro de alta calidad<\/li>\n<li>Rangos de temperatura de -40\u00b0C a +99\u00b0C, con sensor externo<\/li>\n<li>Conexi\u00f3n a la nube<\/li>\n<li>Pantalla LCD<\/li>\n<li>Se acabaron las mediciones manuales<\/li>\n<\/ul>\n<p>* Aproximadamente 67 d\u00edas a 6 minutos de registro<\/p>\n<p><strong>Pantalla LCD<\/strong><\/p>\n<p>Este registrador de datos incluye una c\u00f3moda pantalla que indica las temperaturas altas o bajas, muestra la temperatura y la hora actuales, registra el estado y muestra el nivel de la bater\u00eda.<\/p>\n<p><strong>Conservar los bienes durante m\u00e1s tiempo<\/strong><\/p>\n<p>Este registrador de temperatura WiFi controla las temperaturas durante el transporte y el almacenamiento a corta y larga distancia, y es famoso por su alto rendimiento, calidad y precisi\u00f3n. La calidad de los productos, incluidas las vacunas, depende de que se mantenga la temperatura ambiente correcta. Al desplegar el LogTag UTRED30-WiFi en tu carga, te mantienes informado y garantizas la calidad y seguridad de tus productos.<\/p>\n<p><strong>F\u00e1cil acceso a los datos<\/strong><\/p>\n<p>Al subir los datos a la nube online LogTag, puedes descargarlos y verlos en cualquier momento y lugar.<\/p>\n","protected":false},"excerpt":{"rendered":"<ul>\n<li>Registrador WiFi de 30 d\u00edas con pantalla<\/li>\n<li>-40\u00b0C a +99\u00b0C<\/li>\n<li>Mide y almacena m\u00e1s de 16.000 lecturas<\/li>\n<li>Sonda externa intercambiable<\/li>\n<li>Datos en tiempo real subidos autom\u00e1ticamente a LogTag Online<\/li>\n<\/ul>\n","protected":false},"featured_media":33771,"template":"","meta":{"_acf_changed":false,"content-type":"","_uag_custom_page_level_css":""},"product_brand":[],"product_cat":[1601],"product_tag":[2515,2266,1559],"class_list":{"0":"post-33770","1":"product","2":"type-product","3":"status-publish","4":"has-post-thumbnail","6":"product_cat-registradores-de-datos-de-temperatura","7":"product_tag-logtag-es","8":"product_tag-temperatura-es","9":"product_tag-wifi-es","11":"first","12":"instock","13":"taxable","14":"shipping-taxable","15":"purchasable","16":"product-type-variable"},"bundled_by":[],"bundle_stock_status":"instock","bundle_stock_quantity":null,"bundle_virtual":false,"bundle_layout":"","bundle_add_to_cart_form_location":"","bundle_editable_in_cart":false,"bundle_sold_individually_context":"","bundle_item_grouping":"","bundle_min_size":"","bundle_max_size":"","bundle_price":[],"bundled_items":[],"bundle_sell_ids":[],"acf":[],"spectra_custom_meta":{"_backorders":["no"],"_download_limit":["-1"],"_download_expiry":["-1"],"_downloadable":["no"],"_manage_stock":["no"],"_stock_status":["instock"],"_sold_individually":["no"],"_tax_class":[""],"_tax_status":["taxable"],"_virtual":["no"],"_weight":["0"],"_width":["0"],"_height":["0"],"_length":["0"],"total_sales":["3"],"product_datasheet":[""],"_product_datasheet":["field_650ad7d6ea3a0"],"connectivity":["WiFi"],"_connectivity":["field_64dce263bb57c"],"brand":["LogTag"],"_brand":["field_64ddf62ed2593"],"brand_image":[""],"_brand_image":["field_650c5e7c84cae"],"_specifications_table":["field_65044e1db92a8"],"_resources":["field_650849c6945ee"],"_accessories":["field_650849e6945f0"],"_faqs":["field_650859523d8d5"],"_calibration_suitable_ids_gb":["field_654b4c4acb54a"],"_calibration_suitable_ids_us":["field_654b4c56cb54b"],"_show_in_calibration_suitable":["field_654cfb691d345"],"_usd_price_4":["field_651570dcac479"],"_usd_price_9":["field_6515713eb4807"],"_usd_price_24":["field_65157141b4809"],"_usd_price_49":["field_65157140b4808"],"_usd_price_99":["field_6515715bb480a"],"_gbp_price_4":["field_6515716e83bfa"],"_gbp_price_9":["field_6515724783bfb"],"_gbp_price_24":["field_6515724b83bfc"],"_gbp_price_49":["field_6515725983bfd"],"_gbp_price_99":["field_6515725d83bfe"],"_usdhk_price_4":["field_6515726f83bff"],"_usdhk_price_9":["field_6515727c83c00"],"_usdhk_price_24":["field_6515728083c01"],"_usdhk_price_49":["field_6515728983c02"],"_usdhk_price_99":["field_6515728e83c03"],"stock_options":["In stock"],"_stock_options":["field_6544b605dc7f9"],"_top_nav_excluded":[""],"_cms_nav_minihome":[""],"wcml_sync_hash":["a:1:{s:15:\"postmeta_fields\";s:32:\"c31e63e296404c5c798560b89f865f0e\";}"],"attr_label_translations":["a:0:{}"],"_product_attributes":["a:2:{s:16:\"pa_product-brand\";a:6:{s:4:\"name\";s:16:\"pa_product-brand\";s:5:\"value\";s:0:\"\";s:8:\"position\";i:0;s:10:\"is_visible\";i:1;s:12:\"is_variation\";i:0;s:11:\"is_taxonomy\";i:1;}s:22:\"pa_logtag-probe-choice\";a:6:{s:4:\"name\";s:22:\"pa_logtag-probe-choice\";s:5:\"value\";s:0:\"\";s:8:\"position\";i:1;s:10:\"is_visible\";i:1;s:12:\"is_variation\";i:1;s:11:\"is_taxonomy\";i:1;}}"],"_product_image_gallery":["33772,33773,33774,33775"],"_thumbnail_id":["33771"],"_crosssell_ids":["a:0:{}"],"_display_data_alarm":["field_667d647bcb066"],"_other_features":["field_668524f8c98a4"],"_shipping":["field_66852535c98a5"],"_refrigerant_cabinet":["field_66852557c98a6"],"_main_specifications":["field_66855b25b1245"],"_last_translation_edit_mode":["translation-editor"],"_edit_lock":["1724245278:8383"],"classic-editor-remember":["classic-editor"],"rank_math_seo_score":["90"],"_edit_last":["8383"],"commercekit_gallery_layout":[""],"commercekit_disable_sticky_atc":["0"],"commercekit_wc_video_gallery":["a:0:{}"],"_rank_math_gtin_code":[""],"_stock":[null],"_wc_average_rating":[0],"_wc_review_count":["0"],"_product_version":["9.1.4"],"usd_price_4":[""],"usd_price_9":[""],"usd_price_24":[""],"usd_price_49":[""],"usd_price_99":[""],"gbp_price_4":[""],"gbp_price_9":[""],"gbp_price_24":[""],"gbp_price_49":[""],"gbp_price_99":[""],"usdhk_price_4":[""],"usdhk_price_9":[""],"usdhk_price_24":[""],"usdhk_price_49":[""],"usdhk_price_99":[""],"display_data_alarm":[""],"calibration":[""],"faqs":[""],"calibration_suitable_ids_gb":[""],"calibration_suitable_ids_us":[""],"show_in_calibration_suitable":[""],"other_features":[""],"shipping":[""],"refrigerant_cabinet":[""],"main_specifications":[""],"shoptimizer_layout_pdp_short_description_position":["default"],"_wpml_media_duplicate":["1"],"_wpml_media_featured":["1"],"_sku":["UTRED30wifi"],"_calibration":["field_66a0ddd599972"],"rank_math_contentai_score":["a:5:{s:8:\"keywords\";s:5:\"74.51\";s:9:\"wordCount\";s:1:\"0\";s:9:\"linkCount\";s:1:\"0\";s:12:\"headingCount\";s:1:\"0\";s:10:\"mediaCount\";s:1:\"0\";}"],"_wcml_average_rating":[null],"_wcml_review_count":[null],"_wcml_rating_count":[null],"rank_math_analytic_object_id":["622"],"_price":["229.60","257.60","262.5","263.20","264.60","266","267.40"],"hubwoo_ecomm_pro_id":["20723971419"],"_wpml_word_count":["444"],"min_temp":["-40"],"max_temp":["99"],"_min_temp":["field_67ea5eb4e0a77"],"_max_temp":["field_67ea5f81e0a79"],"rank_math_primary_product_cat":["87"],"_global_unique_id":["850040258035"],"rank_math_description":["Registrador WiFi de 30 d\u00edas con pantalla -40\u00b0C a +99\u00b0C Mide y almacena m\u00e1s de 16.000 lecturas Sonda externa intercambiable Segunda bater\u00eda de reserva mediante pila de bot\u00f3n."],"rank_math_focus_keyword":["UTRED"],"specifications_table":["<table class=\"specification\">\n<tbody>\n<tr>\n<td class=\"left-td\">Rango de medici\u00f3n del sensor externo<\/td>\n<td>-40\u00b0C a +99\u00b0C (-40\u00b0F a +210\u00b0F)<\/td>\n<\/tr>\n<tr>\n<td class=\"left-td\">Temperatura de almacenamiento<\/td>\n<td>De -10 \u00b0C a +40 \u00b0C (de 32 \u00b0F a +104 \u00b0F)<\/td>\n<\/tr>\n<tr>\n<td class=\"left-td\">Resoluci\u00f3n nominal de temperatura<\/td>\n<td>Mejor que 0,1\u00b0C (0,2\u00b0F) para -30\u00b0C a +60\u00b0C (-22\u00b0F a +140\u00b0F)\nMejor que 0,2\u00b0C (0,4\u00b0F) para -40\u00b0C a -30\u00b0C (-40\u00b0F a -22\u00b0F)\nMejor que 0,5\u00b0C (0,9\u00b0F) para +60\u00b0C a +99\u00b0C (+140\u00b0F a +210\u00b0F)<\/td>\n<\/tr>\n<tr>\n<td class=\"left-td\">Conectividad de la sonda<\/td>\n<td>Hasta 2<\/td>\n<\/tr>\n<tr>\n<td class=\"left-td\">Compatibilidad de la sonda<\/td>\n<td>Todas las sondas externas de termistor de precisi\u00f3n ST100 pueden conectarse indistintamente al UTRED30-WiFi. Consulta la p\u00e1gina de Sondas externas en el sitio web de LogTag North America <\/td>\n<\/tr>\n<tr>\n<td class=\"left-td\">Capacidad de grabaci\u00f3n<\/td>\n<td>32.000 de memoria de registro total. Proporciona 16.000 lecturas de temperatura por canal\nMemoria de estad\u00edsticas resumidas por d\u00edas (para mostrar en la pantalla LCD): hasta 30 d\u00edas de estad\u00edsticas de M\u00edn\/M\u00e1x\/duraci\u00f3n y activaci\u00f3n de alarmas <\/td>\n<\/tr>\n<tr>\n<td class=\"left-td\">Intervalo de muestreo<\/td>\n<td>Configurable de 30 segundos a 18 horas<\/td>\n<\/tr>\n<tr>\n<td class=\"left-td\">Opciones de inicio de registro<\/td>\n<td>Inicio mediante pulsador (con retardo de inicio configurable de 1 minuto a 72 horas) o fecha y hora espec\u00edficas<\/td>\n<\/tr>\n<tr>\n<td class=\"left-td\">Tiempo de descarga<\/td>\n<td>Normalmente con la memoria llena (32.130 lecturas) en menos de 10 segundos<\/td>\n<\/tr>\n<tr>\n<td class=\"left-td\">Medioambiental<\/td>\n<td>IP51 (cuando se monta verticalmente o se cuelga)<\/td>\n<\/tr>\n<tr>\n<td class=\"left-td\">Calibraci\u00f3n<\/td>\n<td>Calibrado en f\u00e1brica con equipos de referencia equivalentes al NIST. Certificado de calibraci\u00f3n disponible previa solicitud <\/td>\n<\/tr>\n<tr>\n<td class=\"left-td\">Fuente de alimentaci\u00f3n<\/td>\n<td>5 V mediante toma micro USB o, 2 pilas alcalinas AAA de 1,5 V,\nCR2032 LiMnO2 de 3 V (s\u00f3lo funci\u00f3n de registro de reserva)<\/td>\n<\/tr>\n<tr>\n<td class=\"left-td\">Duraci\u00f3n de la bater\u00eda<\/td>\n<td>Normalmente, el dispositivo debe alimentarse mediante USB.\nLas pilas AAA proporcionan energ\u00eda de reserva hasta 2 meses <\/td>\n<\/tr>\n<tr>\n<td class=\"left-td\">Interfaz de conexi\u00f3n<\/td>\n<td>Conector USB 2.0 \/ Micro USB<\/td>\n<\/tr>\n<tr>\n<td class=\"left-td\">WiFi<\/td>\n<td>802.11 b\/g\/n<\/td>\n<\/tr>\n<tr>\n<td class=\"left-td\">M\u00e9todos de autenticaci\u00f3n WiFi<\/td>\n<td>Abierto, WPA2\/PSK (con o sin PMF), EAP-PEAP, EAP-TTLS<\/td>\n<\/tr>\n<tr>\n<td class=\"left-td\">Bluetooth<\/td>\n<td>Bluetooth\u00ae V4.2 BR\/EDR y Bluetooth LE<\/td>\n<\/tr>\n<tr>\n<td class=\"left-td\">Tama\u00f1o<\/td>\n<td>141 mm(A) x 72 mm(A) x 18 mm(T)<\/td>\n<\/tr>\n<tr>\n<td class=\"left-td\">Peso<\/td>\n<td>158 g con pilas AAA, (134 g - sin sonda ni pilas AAA)<\/td>\n<\/tr>\n<tr>\n<td class=\"left-td\">Material de la caja<\/td>\n<td>Policarbonato<\/td>\n<\/tr>\n<\/tbody>\n<\/table>"],"resources":["<ul class=\"resources-list\">\n \t<li><img src=\"https:\/\/praxas.com\/wp-content\/uploads\/document-icon.png\" alt=\"Icono de documento\"><a href=\"https:\/\/praxas.com\/wp-content\/uploads\/LogTag_UTRED30-WiFi_Dual-Channel-Brochure.pdf\">Folleto LogTag UTRED30-WiFi<\/a><\/li>\n \t<li><img src=\"https:\/\/praxas.com\/wp-content\/uploads\/document-icon.png\" alt=\"Icono de documento\"><a href=\"https:\/\/praxas.com\/wp-content\/uploads\/Quick-Start-Guide_UTRED30-WiFi.pdf\">Gu\u00eda de inicio r\u00e1pido de LogTag UTRED30-WiFi<\/a><\/li>\n \t<li><img src=\"https:\/\/praxas.com\/wp-content\/uploads\/document-icon.png\" alt=\"Icono de documento\"><a href=\"https:\/\/praxas.com\/wp-content\/uploads\/UTRED30-WiFi_Product_User_Guide.pdf\">Manual del usuario de LogTag UTRED30-WiFi<\/a><\/li>\n \t<li><img src=\"https:\/\/praxas.com\/wp-content\/uploads\/document-icon.png\" alt=\"Icono de documento\"><a href=\"https:\/\/praxas.com\/wp-content\/uploads\/Bluetooth_Connection_Guide.pdf\">LogTag UTRED30-WiFi Gu\u00eda de conexi\u00f3n BlueTooth<\/a><\/li>\n<\/ul>"],"accessories":["[products skus=\"WMB-1,Buffer Bottle\"]"],"_uag_page_assets":["a:9:{s:3:\"css\";s:0:\"\";s:2:\"js\";s:0:\"\";s:18:\"current_block_list\";a:0:{}s:8:\"uag_flag\";b:0;s:11:\"uag_version\";s:10:\"1777020109\";s:6:\"gfonts\";a:0:{}s:10:\"gfonts_url\";s:0:\"\";s:12:\"gfonts_files\";a:0:{}s:14:\"uag_faq_layout\";b:0;}"],"_max_variation_price":[""],"_max_variation_regular_price":[""],"_max_variation_sale_price":[""],"_min_variation_price":[""],"_min_variation_regular_price":[""],"_min_variation_sale_price":[""],"_regular_price":[""],"_sale_price":[""],"_wc_pb_base_regular_price":[""],"_wc_pb_base_sale_price":[""],"_wc_pb_base_price":[""],"_wc_sw_max_price":[""],"_wc_sw_max_regular_price":[""],"_wc_rating_count":[""]},"uagb_featured_image_src":{"full":["https:\/\/praxas.com\/wp-content\/uploads\/logtag-logtag-utred-30-wifi-30-day-wifi-logger-wit-800px.jpg",800,463,false],"thumbnail":["https:\/\/praxas.com\/wp-content\/uploads\/logtag-logtag-utred-30-wifi-30-day-wifi-logger-wit-800px-150x150.jpg",150,150,true],"medium":["https:\/\/praxas.com\/wp-content\/uploads\/logtag-logtag-utred-30-wifi-30-day-wifi-logger-wit-800px-300x174.jpg",300,174,true],"medium_large":["https:\/\/praxas.com\/wp-content\/uploads\/logtag-logtag-utred-30-wifi-30-day-wifi-logger-wit-800px-768x444.jpg",768,444,true],"large":["https:\/\/praxas.com\/wp-content\/uploads\/logtag-logtag-utred-30-wifi-30-day-wifi-logger-wit-800px.jpg",800,463,false],"1536x1536":["https:\/\/praxas.com\/wp-content\/uploads\/logtag-logtag-utred-30-wifi-30-day-wifi-logger-wit-800px.jpg",800,463,false],"2048x2048":["https:\/\/praxas.com\/wp-content\/uploads\/logtag-logtag-utred-30-wifi-30-day-wifi-logger-wit-800px.jpg",800,463,false],"crunchify-admin-post-featured-image":["https:\/\/praxas.com\/wp-content\/uploads\/logtag-logtag-utred-30-wifi-30-day-wifi-logger-wit-800px-120x69.jpg",120,69,true],"commercegurus-pdp-large":["https:\/\/praxas.com\/wp-content\/uploads\/logtag-logtag-utred-30-wifi-30-day-wifi-logger-wit-800px.jpg",800,463,false],"commercegurus-plp-mobile":["https:\/\/praxas.com\/wp-content\/uploads\/logtag-logtag-utred-30-wifi-30-day-wifi-logger-wit-800px-441x255.jpg",441,255,true],"cgkit_image_swatch":["https:\/\/praxas.com\/wp-content\/uploads\/logtag-logtag-utred-30-wifi-30-day-wifi-logger-wit-800px-100x100.jpg",100,100,true],"woocommerce_thumbnail":["https:\/\/praxas.com\/wp-content\/uploads\/logtag-logtag-utred-30-wifi-30-day-wifi-logger-wit-800px-350x203.jpg",350,203,true],"woocommerce_single":["https:\/\/praxas.com\/wp-content\/uploads\/logtag-logtag-utred-30-wifi-30-day-wifi-logger-wit-800px.jpg",800,463,false],"woocommerce_gallery_thumbnail":["https:\/\/praxas.com\/wp-content\/uploads\/logtag-logtag-utred-30-wifi-30-day-wifi-logger-wit-800px-150x87.jpg",150,87,true]},"uagb_author_info":{"display_name":"Beth Foord","author_link":"https:\/\/praxas.com\/es\/author\/"},"uagb_comment_info":0,"uagb_excerpt":"Registrador WiFi de 30 d\u00edas con pantalla -40\u00b0C a +99\u00b0C Mide y almacena m\u00e1s de 16.000 lecturas Sonda externa intercambiable Datos en tiempo real subidos autom\u00e1ticamente a LogTag Online","_links":{"self":[{"href":"https:\/\/praxas.com\/es\/wp-json\/wp\/v2\/product\/33770","targetHints":{"allow":["GET"]}}],"collection":[{"href":"https:\/\/praxas.com\/es\/wp-json\/wp\/v2\/product"}],"about":[{"href":"https:\/\/praxas.com\/es\/wp-json\/wp\/v2\/types\/product"}],"wp:featuredmedia":[{"embeddable":true,"href":"https:\/\/praxas.com\/es\/wp-json\/wp\/v2\/media\/33771"}],"wp:attachment":[{"href":"https:\/\/praxas.com\/es\/wp-json\/wp\/v2\/media?parent=33770"}],"wp:term":[{"taxonomy":"product_brand","embeddable":true,"href":"https:\/\/praxas.com\/es\/wp-json\/wp\/v2\/product_brand?post=33770"},{"taxonomy":"product_cat","embeddable":true,"href":"https:\/\/praxas.com\/es\/wp-json\/wp\/v2\/product_cat?post=33770"},{"taxonomy":"product_tag","embeddable":true,"href":"https:\/\/praxas.com\/es\/wp-json\/wp\/v2\/product_tag?post=33770"}],"curies":[{"name":"wp","href":"https:\/\/api.w.org\/{rel}","templated":true}]}}