{"id":33776,"date":"2024-06-10T16:38:55","date_gmt":"2024-06-10T14:38:55","guid":{"rendered":"https:\/\/staging.praxas.com\/product\/sin%20categor\u00eda\/utred30-16r\/"},"modified":"2025-10-09T10:22:12","modified_gmt":"2025-10-09T08:22:12","slug":"utred30-16r","status":"publish","type":"product","link":"https:\/\/praxas.com\/es\/product\/registradores-de-datos\/registradores-de-datos-de-temperatura\/utred30-16r\/","title":{"rendered":"UTRED30-16R"},"content":{"rendered":"<p>El registrador de temperatura LogTag UTRED30-16R CDC\/VFC est\u00e1 dise\u00f1ado para controlar la temperatura de las vacunas durante su transporte y almacenamiento. Con un rango de medici\u00f3n de -40\u00b0C a +99\u00b0C, registra hasta 16.129 mediciones utilizando un sensor externo.<\/p>\n<p>El control preciso de la temperatura durante el transporte evita da\u00f1os y p\u00e9rdidas. Las funciones incorporadas, como un reloj en tiempo real con marcas de fecha\/hora y una bater\u00eda sustituible, lo hacen ideal para transportar productos sensibles a la temperatura, como las vacunas.<\/p>\n<p>Los registradores de temperatura LogTag son famosos por sus r\u00e1pidos tiempos de descarga y su precisi\u00f3n. Con un dise\u00f1o innovador y una producci\u00f3n de gran volumen, LogTag ofrece los registradores m\u00e1s rentables y de mayor rendimiento del mercado.<\/p>\n<p><strong>Entre las ventajas del Registrador de Datos LogTag UTRED 30-16R se incluyen:<\/strong><\/p>\n<ul>\n<li>Mide y almacena hasta 16.129 lecturas de tiempo y temperatura<\/li>\n<li>Lecturas de temperatura m\u00ednima\/m\u00e1xima f\u00e1cilmente reajustables en cualquier momento<\/li>\n<li>Alarma ac\u00fastica y se\u00f1ales LED rojas cuando suena la alarma<\/li>\n<li>Rango de temperatura de -40\u00b0C a +99\u00b0C, con sensor externo<\/li>\n<li>Lee los datos directamente de la pantalla<\/li>\n<li>No se necesita software para descargar los datos<\/li>\n<li>Se acabaron las mediciones manuales<\/li>\n<\/ul>\n<p><strong>Mostrar<\/strong><\/p>\n<p>Este registrador de datos incorpora una c\u00f3moda pantalla que indica cu\u00e1ndo la temperatura es demasiado alta o demasiado baja. Tambi\u00e9n muestra la temperatura actual, la hora, el estado de grabaci\u00f3n y el nivel de bater\u00eda, lo que te permite ver r\u00e1pidamente todos los datos importantes de un vistazo.<\/p>\n<p><strong>\u00bfPor qu\u00e9 utilizar un sensor externo?<\/strong><\/p>\n<p>Los productos LogTag son de primera categor\u00eda, pero algunas situaciones requieren un sensor externo, como medir la temperatura de los l\u00edquidos. Colocando el sensor externo en el l\u00edquido (por ejemplo, una vacuna), puedes controlar con precisi\u00f3n la temperatura. Esto garantiza la calidad y seguridad de los productos.<\/p>\n<p><strong>Conservar los bienes durante m\u00e1s tiempo<\/strong><\/p>\n<p>Este registrador de temperatura controla la temperatura de transporte y almacenamiento en distancias cortas y largas, y es conocido por su alto rendimiento, calidad y precisi\u00f3n. La calidad de productos como las vacunas depende de que la temperatura ambiente sea correcta. Colocando la LogTag UTRED30-16R en la carga, puedes garantizar la calidad y seguridad de los productos.<\/p>\n<p><strong>F\u00e1cil acceso a los datos<\/strong><\/p>\n<p>Con la compra del registrador de temperatura, obtienes acceso gratuito al software LogTag Analyser. Esta plataforma te permite configurar, descargar y visualizar datos del Registrador de Temperatura LogTag UTRED30-16R. Puedes exportar f\u00e1cilmente los datos a archivos como Excel. Adem\u00e1s, puedes descargar los datos en formato PDF sin necesidad de ning\u00fan programa inform\u00e1tico.<\/p>\n","protected":false},"excerpt":{"rendered":"<ul>\n<li>Registrador de temperatura CDC\/VFC<\/li>\n<li>-40\u00b0C a +99\u00b0C<\/li>\n<li>Pantalla grande y f\u00e1cil de leer<\/li>\n<li>Alarma ac\u00fastica y LED<\/li>\n<li>Conectividad de la sonda<\/li>\n<li>Mide y almacena m\u00e1s de 16.000 lecturas<\/li>\n<\/ul>\n","protected":false},"featured_media":33777,"template":"","meta":{"_acf_changed":false,"content-type":"","_uag_custom_page_level_css":""},"product_brand":[],"product_cat":[1601],"product_tag":[2515,2266],"class_list":{"0":"post-33776","1":"product","2":"type-product","3":"status-publish","4":"has-post-thumbnail","6":"product_cat-registradores-de-datos-de-temperatura","7":"product_tag-logtag-es","8":"product_tag-temperatura-es","10":"first","11":"instock","12":"taxable","13":"shipping-taxable","14":"purchasable","15":"product-type-variable"},"bundled_by":[],"bundle_stock_status":"instock","bundle_stock_quantity":null,"bundle_virtual":false,"bundle_layout":"","bundle_add_to_cart_form_location":"","bundle_editable_in_cart":false,"bundle_sold_individually_context":"","bundle_item_grouping":"","bundle_min_size":"","bundle_max_size":"","bundle_price":[],"bundled_items":[],"bundle_sell_ids":[],"acf":[],"spectra_custom_meta":{"_backorders":["no"],"_download_limit":["-1"],"_download_expiry":["-1"],"_downloadable":["no"],"_manage_stock":["no"],"_stock_status":["instock"],"_sold_individually":["no"],"_tax_class":[""],"_tax_status":["taxable"],"_virtual":["no"],"_weight":["0"],"_width":["0"],"_height":["0"],"_length":["0"],"total_sales":["0"],"product_datasheet":[""],"_product_datasheet":["field_650ad7d6ea3a0"],"connectivity":["USB"],"_connectivity":["field_64dce263bb57c"],"brand":["LogTag"],"_brand":["field_64ddf62ed2593"],"brand_image":[""],"_brand_image":["field_650c5e7c84cae"],"_specifications_table":["field_65044e1db92a8"],"_display_data_alarm":["field_667d647bcb066"],"_resources":["field_650849c6945ee"],"_accessories":["field_650849e6945f0"],"_faqs":["field_650859523d8d5"],"_calibration_suitable_ids_gb":["field_654b4c4acb54a"],"_calibration_suitable_ids_us":["field_654b4c56cb54b"],"_show_in_calibration_suitable":["field_654cfb691d345"],"_other_features":["field_668524f8c98a4"],"_shipping":["field_66852535c98a5"],"_refrigerant_cabinet":["field_66852557c98a6"],"_main_specifications":["field_66855b25b1245"],"_usd_price_4":["field_651570dcac479"],"_usd_price_9":["field_6515713eb4807"],"_usd_price_24":["field_65157141b4809"],"_usd_price_49":["field_65157140b4808"],"_usd_price_99":["field_6515715bb480a"],"_gbp_price_4":["field_6515716e83bfa"],"_gbp_price_9":["field_6515724783bfb"],"_gbp_price_24":["field_6515724b83bfc"],"_gbp_price_49":["field_6515725983bfd"],"_gbp_price_99":["field_6515725d83bfe"],"_usdhk_price_4":["field_6515726f83bff"],"_usdhk_price_9":["field_6515727c83c00"],"_usdhk_price_24":["field_6515728083c01"],"_usdhk_price_49":["field_6515728983c02"],"_usdhk_price_99":["field_6515728e83c03"],"stock_options":["In stock"],"_stock_options":["field_6544b605dc7f9"],"_top_nav_excluded":[""],"_cms_nav_minihome":[""],"wcml_sync_hash":["a:1:{s:15:\"postmeta_fields\";s:32:\"d5088cc8c80eaad39d954d5ac8909a21\";}"],"attr_label_translations":["a:0:{}"],"_product_attributes":["a:2:{s:16:\"pa_product-brand\";a:6:{s:4:\"name\";s:16:\"pa_product-brand\";s:5:\"value\";s:0:\"\";s:8:\"position\";i:0;s:10:\"is_visible\";i:1;s:12:\"is_variation\";i:0;s:11:\"is_taxonomy\";i:1;}s:22:\"pa_logtag-probe-choice\";a:6:{s:4:\"name\";s:22:\"pa_logtag-probe-choice\";s:5:\"value\";s:0:\"\";s:8:\"position\";i:1;s:10:\"is_visible\";i:1;s:12:\"is_variation\";i:1;s:11:\"is_taxonomy\";i:1;}}"],"_product_image_gallery":["33778"],"_thumbnail_id":["33777"],"_crosssell_ids":["a:0:{}"],"_last_translation_edit_mode":["translation-editor"],"_calibration":["field_66a0ddd599972"],"_edit_lock":["1724241842:8383"],"classic-editor-remember":["classic-editor"],"rank_math_seo_score":["87"],"rank_math_contentai_score":["a:5:{s:8:\"keywords\";s:5:\"74.51\";s:9:\"wordCount\";s:1:\"0\";s:9:\"linkCount\";s:1:\"0\";s:12:\"headingCount\";s:1:\"0\";s:10:\"mediaCount\";s:1:\"0\";}"],"_edit_last":["8383"],"commercekit_gallery_layout":[""],"commercekit_disable_sticky_atc":["0"],"commercekit_wc_video_gallery":["a:0:{}"],"_rank_math_gtin_code":[""],"_wcml_average_rating":[null],"_wcml_review_count":[null],"_wcml_rating_count":[null],"_stock":[null],"_wc_average_rating":[0],"_wc_review_count":["0"],"_product_version":["9.1.4"],"usd_price_4":[""],"usd_price_9":[""],"usd_price_24":[""],"usd_price_49":[""],"usd_price_99":[""],"gbp_price_4":[""],"gbp_price_9":[""],"gbp_price_24":[""],"gbp_price_49":[""],"gbp_price_99":[""],"usdhk_price_4":[""],"usdhk_price_9":[""],"usdhk_price_24":[""],"usdhk_price_49":[""],"usdhk_price_99":[""],"display_data_alarm":[""],"calibration":[""],"faqs":[""],"calibration_suitable_ids_gb":[""],"calibration_suitable_ids_us":[""],"show_in_calibration_suitable":[""],"other_features":[""],"shipping":[""],"refrigerant_cabinet":[""],"main_specifications":[""],"shoptimizer_layout_pdp_short_description_position":["default"],"rank_math_analytic_object_id":["617"],"_wpml_media_duplicate":["1"],"_wpml_media_featured":["1"],"_price":["121.10","149.10","154","154.70","156.10","157.5","157.50","158.90"],"min_temp":["-40"],"max_temp":["99"],"_min_temp":["field_67ea5eb4e0a77"],"_max_temp":["field_67ea5f81e0a79"],"hubwoo_ecomm_pro_id":["21540924711"],"_wpml_word_count":["492"],"rank_math_primary_product_cat":["87"],"_sku":["UTRED30-16R"],"_global_unique_id":["850040258028"],"rank_math_description":["Registrador de temperatura CDC\/VFC 40\u00b0C a +99\u00b0C Pantalla grande y f\u00e1cil de leer LED de alarma audibles Visualiza el estado de la alarma hasta 30 d\u00edas Mide y almacena m\u00e1s de 16.000 lecturas"],"rank_math_focus_keyword":["UTRED30"],"specifications_table":["<table class=\"specifications\">\n<tbody>\n<tr>\n<td class=\"left-td\">Rango de medici\u00f3n del sensor externo<\/td>\n<td>-40\u00b0C a +99\u00b0C (-40\u00b0F a +210\u00b0F)<\/td>\n<\/tr>\n<tr>\n<td class=\"left-td\">Temperatura de almacenamiento<\/td>\n<td>-10\u00b0C a +40\u00b0C (32\u00b0F a +104\u00b0F)<\/td>\n<\/tr>\n<tr>\n<td class=\"left-td\">Resoluci\u00f3n de temperatura nominal<\/td>\n<td>Mejor que 0,1\u00b0C (0,2\u00b0F) para -30\u00b0C a +60\u00b0C (-22\u00b0F a +140\u00b0F)\nMejor que 0,2\u00b0C (0,4\u00b0F) para -40\u00b0C a -30\u00b0C (-40\u00b0F a -22\u00b0F)\nMejor que 0,5\u00b0C (0,9\u00b0F) para +60\u00b0C a +99\u00b0C (+140\u00b0F a +210\u00b0F)\nActualmente, LogTag Analyzer muestra con un decimal \u00b0C o \u00b0F. La resoluci\u00f3n nativa es la que est\u00e1 almacenada en el LogTag <\/td>\n<\/tr>\n<tr>\n<td class=\"left-td\">Conectividad de la sonda<\/td>\n<td>Hasta 2<\/td>\n<\/tr>\n<tr>\n<td class=\"left-td\">Compatibilidad de la sonda<\/td>\n<td>Todas las sondas externas de termistor de precisi\u00f3n ST100 pueden conectarse indistintamente al UTRED30-16\n. Consulta la secci\u00f3n Accesorios para ver las sondas externas compatibles. Se pueden utilizar diferentes modelos de sonda para cada canal. No es compatible con las sondas ST10  <\/td>\n<\/tr>\n<tr>\n<td class=\"left-td\">Tiempo de reacci\u00f3n del sensor<\/td>\n<td>Normalmente inferior a 2 minutos (T90) en aire en movimiento (1 m\/s) para el tipo ST100S<\/td>\n<\/tr>\n<tr>\n<td class=\"left-td\">Capacidad de grabaci\u00f3n<\/td>\n<td>32.000 de memoria de registro total. Proporciona 16.000 lecturas de temperatura por canal\nMemoria de estad\u00edsticas resumidas por d\u00edas (para mostrar en la pantalla LCD): hasta 30 d\u00edas de estad\u00edsticas de M\u00edn\/M\u00e1x\/duraci\u00f3n y activaci\u00f3n de alarmas <\/td>\n<\/tr>\n<tr>\n<td class=\"left-td\">Intervalo de muestreo<\/td>\n<td>Configurable de 30 segundos a 18 horas (normalmente 5 minutos de registro)<\/td>\n<\/tr>\n<tr>\n<td class=\"left-td\">Alarmas<\/td>\n<td>Hasta 6 alarmas configurables individualmente para cada canal\nPosibilidad de configurar alarmas por separado para el Canal 1 y el Canal 2<\/td>\n<\/tr>\n<tr>\n<td class=\"left-td\">Opciones de inicio de registro<\/td>\n<td>Inicio mediante pulsador o fecha y hora espec\u00edficas. Retardo de arranque opcional <\/td>\n<\/tr>\n<tr>\n<td class=\"left-td\">Tiempo de descarga<\/td>\n<td>Normalmente con la memoria llena (32.000 lecturas) en menos de 20 segundos<\/td>\n<\/tr>\n<tr>\n<td class=\"left-td\">Medioambiental<\/td>\n<td>IP61 (cuando se monta verticalmente o se cuelga con la tapa antipolvo USB colocada)<\/td>\n<\/tr>\n<tr>\n<td class=\"left-td\">Fuente de alimentaci\u00f3n<\/td>\n<td>5 V mediante toma micro USB o 2 pilas AAA de 1,5 V. Pila de bot\u00f3n CR2032 LiMnO2 (s\u00f3lo funci\u00f3n de registro de reserva) <\/td>\n<\/tr>\n<tr>\n<td class=\"left-td\">Duraci\u00f3n de la pila<\/td>\n<td>Pila AAA hasta 12 meses - si la unidad funciona sin alimentaci\u00f3n el\u00e9ctrica<\/td>\n<\/tr>\n<tr>\n<td class=\"left-td\">Reloj en tiempo real<\/td>\n<td>Reloj de tiempo real incorporado\nPrecisi\u00f3n t\u00edpica \u00b125ppm @ 25\u00b0C (equivalente a 2,5 segundos\/d\u00eda)\nEl coeficiente de temperatura nominal es -0,034 \u00b10,006ppm\/\u00b0C (es decir, t\u00edpicamente +\/- 0,00294 segundos\/d\u00eda\/\u00b0C)<\/td>\n<\/tr>\n<tr>\n<td class=\"left-td\">Interfaz de conexi\u00f3n<\/td>\n<td>Toma USB 2.0 \/ Micro USB<\/td>\n<\/tr>\n<tr>\n<td class=\"left-td\">Longitudes est\u00e1ndar del cable de la sonda remota<\/td>\n<td>Est\u00e1ndar: 1,5 m (4'11\")\nExtendido: 3 m (m\u00e1ximo recomendado)<\/td>\n<\/tr>\n<tr>\n<td class=\"left-td\">Tipo de cable de la sonda remota<\/td>\n<td>Coaxial de PTFE (apto para contacto con alimentos seg\u00fan la FDA)<\/td>\n<\/tr>\n<tr>\n<td class=\"left-td\">Tama\u00f1o<\/td>\n<td>141 mm(A) x 72 mm(A) x 18 mm(T)<\/td>\n<\/tr>\n<tr>\n<td class=\"left-td\">Peso<\/td>\n<td>156 g con pilas AAA, (132 g - sin sonda ni pilas AAA)<\/td>\n<\/tr>\n<tr>\n<td class=\"left-td\">Material de la caja<\/td>\n<td>Policarbonato<\/td>\n<\/tr>\n<\/tbody>\n<\/table>"],"resources":["<img src=\"https:\/\/praxas.com\/wp-content\/uploads\/document-icon.png\" alt=\"Icono de documento\"><a href=\"https:\/\/praxas.com\/wp-content\/uploads\/LogTag_UTRED30-16_Brochure.pdf\">LogTag UTRED30-16R Folleto<\/a>\n\n<img src=\"https:\/\/praxas.com\/wp-content\/uploads\/document-icon.png\" alt=\"Icono de documento\"><a href=\"https:\/\/praxas.com\/wp-content\/uploads\/User-Guide-UTRED30-16.pdf\">LogTag UTRED30-16R Gu\u00eda de inicio r\u00e1pido<\/a>\n\n<img src=\"https:\/\/praxas.com\/wp-content\/uploads\/document-icon.png\" alt=\"Icono de documento\"><a href=\"https:\/\/praxas.com\/wp-content\/uploads\/UTRED30-16_Product_User_Guide.pdf\">LogTag UTRED30-16R Manual del usuario<\/a>\n\n\u00a0"],"accessories":["[products skus=\"Buffer Bottle,WBM-02\"]"],"_uag_page_assets":["a:9:{s:3:\"css\";s:0:\"\";s:2:\"js\";s:0:\"\";s:18:\"current_block_list\";a:0:{}s:8:\"uag_flag\";b:0;s:11:\"uag_version\";s:10:\"1777020109\";s:6:\"gfonts\";a:0:{}s:10:\"gfonts_url\";s:0:\"\";s:12:\"gfonts_files\";a:0:{}s:14:\"uag_faq_layout\";b:0;}"],"_max_variation_price":[""],"_max_variation_regular_price":[""],"_max_variation_sale_price":[""],"_min_variation_price":[""],"_min_variation_regular_price":[""],"_min_variation_sale_price":[""],"_regular_price":[""],"_sale_price":[""],"_wc_pb_base_regular_price":[""],"_wc_pb_base_sale_price":[""],"_wc_pb_base_price":[""],"_wc_sw_max_price":[""],"_wc_sw_max_regular_price":[""],"_wc_rating_count":[""]},"uagb_featured_image_src":{"full":["https:\/\/praxas.com\/wp-content\/uploads\/logtag-logtag-utred30-16r-temperature-logger-cdc-v-800px.jpg",800,463,false],"thumbnail":["https:\/\/praxas.com\/wp-content\/uploads\/logtag-logtag-utred30-16r-temperature-logger-cdc-v-800px-150x150.jpg",150,150,true],"medium":["https:\/\/praxas.com\/wp-content\/uploads\/logtag-logtag-utred30-16r-temperature-logger-cdc-v-800px-300x174.jpg",300,174,true],"medium_large":["https:\/\/praxas.com\/wp-content\/uploads\/logtag-logtag-utred30-16r-temperature-logger-cdc-v-800px-768x444.jpg",768,444,true],"large":["https:\/\/praxas.com\/wp-content\/uploads\/logtag-logtag-utred30-16r-temperature-logger-cdc-v-800px.jpg",800,463,false],"1536x1536":["https:\/\/praxas.com\/wp-content\/uploads\/logtag-logtag-utred30-16r-temperature-logger-cdc-v-800px.jpg",800,463,false],"2048x2048":["https:\/\/praxas.com\/wp-content\/uploads\/logtag-logtag-utred30-16r-temperature-logger-cdc-v-800px.jpg",800,463,false],"crunchify-admin-post-featured-image":["https:\/\/praxas.com\/wp-content\/uploads\/logtag-logtag-utred30-16r-temperature-logger-cdc-v-800px-120x69.jpg",120,69,true],"commercegurus-pdp-large":["https:\/\/praxas.com\/wp-content\/uploads\/logtag-logtag-utred30-16r-temperature-logger-cdc-v-800px.jpg",800,463,false],"commercegurus-plp-mobile":["https:\/\/praxas.com\/wp-content\/uploads\/logtag-logtag-utred30-16r-temperature-logger-cdc-v-800px-441x255.jpg",441,255,true],"cgkit_image_swatch":["https:\/\/praxas.com\/wp-content\/uploads\/logtag-logtag-utred30-16r-temperature-logger-cdc-v-800px-100x100.jpg",100,100,true],"woocommerce_thumbnail":["https:\/\/praxas.com\/wp-content\/uploads\/logtag-logtag-utred30-16r-temperature-logger-cdc-v-800px-350x203.jpg",350,203,true],"woocommerce_single":["https:\/\/praxas.com\/wp-content\/uploads\/logtag-logtag-utred30-16r-temperature-logger-cdc-v-800px.jpg",800,463,false],"woocommerce_gallery_thumbnail":["https:\/\/praxas.com\/wp-content\/uploads\/logtag-logtag-utred30-16r-temperature-logger-cdc-v-800px-150x87.jpg",150,87,true]},"uagb_author_info":{"display_name":"Beth Foord","author_link":"https:\/\/praxas.com\/es\/author\/"},"uagb_comment_info":0,"uagb_excerpt":"Registrador de temperatura CDC\/VFC -40\u00b0C a +99\u00b0C Pantalla grande y f\u00e1cil de leer Alarma ac\u00fastica y LED Conectividad de la sonda Mide y almacena m\u00e1s de 16.000 lecturas","_links":{"self":[{"href":"https:\/\/praxas.com\/es\/wp-json\/wp\/v2\/product\/33776","targetHints":{"allow":["GET"]}}],"collection":[{"href":"https:\/\/praxas.com\/es\/wp-json\/wp\/v2\/product"}],"about":[{"href":"https:\/\/praxas.com\/es\/wp-json\/wp\/v2\/types\/product"}],"wp:featuredmedia":[{"embeddable":true,"href":"https:\/\/praxas.com\/es\/wp-json\/wp\/v2\/media\/33777"}],"wp:attachment":[{"href":"https:\/\/praxas.com\/es\/wp-json\/wp\/v2\/media?parent=33776"}],"wp:term":[{"taxonomy":"product_brand","embeddable":true,"href":"https:\/\/praxas.com\/es\/wp-json\/wp\/v2\/product_brand?post=33776"},{"taxonomy":"product_cat","embeddable":true,"href":"https:\/\/praxas.com\/es\/wp-json\/wp\/v2\/product_cat?post=33776"},{"taxonomy":"product_tag","embeddable":true,"href":"https:\/\/praxas.com\/es\/wp-json\/wp\/v2\/product_tag?post=33776"}],"curies":[{"name":"wp","href":"https:\/\/api.w.org\/{rel}","templated":true}]}}