{"id":33781,"date":"2024-06-10T16:17:25","date_gmt":"2024-06-10T14:17:25","guid":{"rendered":"https:\/\/staging.praxas.com\/product\/sin%20categor\u00eda\/registrador-de-temperatura-trex-8\/"},"modified":"2025-10-08T18:15:03","modified_gmt":"2025-10-08T16:15:03","slug":"registrador-de-temperatura-trex-8","status":"publish","type":"product","link":"https:\/\/praxas.com\/es\/product\/registradores-de-datos\/registradores-de-datos-de-temperatura\/registrador-de-temperatura-trex-8\/","title":{"rendered":"Registrador de temperatura TREX-8"},"content":{"rendered":"<p>El registrador de temperatura LogTag TREX-8 con sensor externo permite medir y controlar la temperatura durante el transporte y el almacenamiento. Tiene un tama\u00f1o compacto e incluye un conector adicional para acoplar un sensor externo al registrador.<\/p>\n<p>El Registrador de Temperatura LogTag TREX-8 mide y registra hasta 8.000 en un rango de -40\u00b0C a +99\u00b0C (-40\u00b0F a +210\u00b0F). Esto hace que el registrador de temperatura sea ideal para medir temperaturas extremas durante el transporte.<\/p>\n<p>Medir con precisi\u00f3n la temperatura durante el transporte ayuda a evitar da\u00f1os o p\u00e9rdidas de peso. Equipado con funciones integradas como un reloj en tiempo real que proporciona sellos de fecha\/hora para cada lectura de temperatura, este registrador de temperatura es ideal para transportar productos sensibles a la temperatura.<\/p>\n<p>Los registradores de temperatura LogTag son conocidos por tener el mejor tiempo de descarga y la mayor precisi\u00f3n del mercado. Con una duraci\u00f3n de la bater\u00eda de hasta 3 a\u00f1os, tienes la seguridad de obtener datos precisos.<\/p>\n<p><strong>Entre las ventajas del Registrador de Temperatura LogTag TREX-8 se incluyen:<\/strong><\/p>\n<ul>\n<li>8.000 puntos de medici\u00f3n<\/li>\n<li>Rangos de temperatura de -40 ~ +99 \u00b0C<\/li>\n<li>Conexi\u00f3n para sensor externo<\/li>\n<li>Duraci\u00f3n de la bater\u00eda de 2 a 3 a\u00f1os a intervalos de 25 minutos<\/li>\n<li>Ajustes de alarma e indicadores LED ajustables<\/li>\n<li>Carcasa de policarbonato robusta y duradera<\/li>\n<li>Sin mediciones manuales<\/li>\n<\/ul>\n<p><strong>\u00bfPor qu\u00e9 utilizar un sensor externo?<\/strong><\/p>\n<p>Los productos LogTag son los mejores del mercado, pero por desgracia hay lugares donde un registrador de temperatura no puede medir la temperatura. Cuando se miden temperaturas de l\u00edquidos, se recomienda utilizar un sensor externo. Coloca el sensor en el l\u00edquido y mide la temperatura.<\/p>\n<p><strong>Conservar los bienes durante m\u00e1s tiempo<\/strong><\/p>\n<p>Este registrador de temperatura controla la temperatura del transporte en distancias cortas y largas, y es conocido por su alto rendimiento, calidad y precisi\u00f3n. La calidad de los productos, como el vino, las frutas y las flores, depende de la temperatura ambiente. Utilizar el LogTag TREX-8 garantiza la concienciaci\u00f3n y asegura la calidad y seguridad del producto.<\/p>\n<p><strong>F\u00e1cil acceso a los datos<\/strong><\/p>\n<p>Al comprar el registrador de temperatura puedes utilizar gratuitamente el software LogTag Analyser. Este programa es una plataforma para configurar, descargar y visualizar los datos del Registrador de Temperatura LogTag TREX-8. Los datos se pueden exportar f\u00e1cilmente a otros archivos, como Excel.<\/p>\n","protected":false},"excerpt":{"rendered":"<ul>\n<li>8.000 puntos de medici\u00f3n<\/li>\n<li>-40\u00b0C a +99\u00b0C<\/li>\n<li>Conexi\u00f3n del sensor externo<\/li>\n<li>Ajustes de alarma ajustables<\/li>\n<\/ul>\n","protected":false},"featured_media":33782,"template":"","meta":{"_acf_changed":false,"content-type":"","_uag_custom_page_level_css":""},"product_brand":[],"product_cat":[1601],"product_tag":[2515],"class_list":{"0":"post-33781","1":"product","2":"type-product","3":"status-publish","4":"has-post-thumbnail","6":"product_cat-registradores-de-datos-de-temperatura","7":"product_tag-logtag-es","9":"first","10":"instock","11":"taxable","12":"shipping-taxable","13":"purchasable","14":"product-type-variable"},"bundled_by":[],"bundle_stock_status":"instock","bundle_stock_quantity":null,"bundle_virtual":false,"bundle_layout":"","bundle_add_to_cart_form_location":"","bundle_editable_in_cart":false,"bundle_sold_individually_context":"","bundle_item_grouping":"","bundle_min_size":"","bundle_max_size":"","bundle_price":[],"bundled_items":[],"bundle_sell_ids":[],"acf":[],"spectra_custom_meta":{"_product_attributes":["a:2:{s:16:\"pa_product-brand\";a:6:{s:4:\"name\";s:16:\"pa_product-brand\";s:5:\"value\";s:0:\"\";s:8:\"position\";i:0;s:10:\"is_visible\";i:1;s:12:\"is_variation\";i:0;s:11:\"is_taxonomy\";i:1;}s:22:\"pa_logtag-probe-choice\";a:6:{s:4:\"name\";s:22:\"pa_logtag-probe-choice\";s:5:\"value\";s:0:\"\";s:8:\"position\";i:1;s:10:\"is_visible\";i:1;s:12:\"is_variation\";i:1;s:11:\"is_taxonomy\";i:1;}}"],"attr_label_translations":["a:1:{s:2:\"es\";a:1:{s:13:\"make-a-choice\";s:5:\"Elige\";}}"],"_backorders":["no"],"_download_limit":["-1"],"_download_expiry":["-1"],"_downloadable":["no"],"_manage_stock":["no"],"_stock_status":["instock"],"_sold_individually":["no"],"_tax_class":[""],"_tax_status":["taxable"],"_virtual":["no"],"total_sales":["23"],"product_datasheet":[""],"_product_datasheet":["field_650ad7d6ea3a0"],"_connectivity":["field_64dce263bb57c"],"brand":["LogTag"],"_brand":["field_64ddf62ed2593"],"brand_image":[""],"_brand_image":["field_650c5e7c84cae"],"_specifications_table":["field_65044e1db92a8"],"_resources":["field_650849c6945ee"],"_accessories":["field_650849e6945f0"],"_faqs":["field_650859523d8d5"],"_calibration_suitable_ids_gb":["field_654b4c4acb54a"],"_calibration_suitable_ids_us":["field_654b4c56cb54b"],"_show_in_calibration_suitable":["field_654cfb691d345"],"_usd_price_4":["field_651570dcac479"],"_usd_price_9":["field_6515713eb4807"],"_usd_price_24":["field_65157141b4809"],"_usd_price_49":["field_65157140b4808"],"_usd_price_99":["field_6515715bb480a"],"_gbp_price_4":["field_6515716e83bfa"],"_gbp_price_9":["field_6515724783bfb"],"_gbp_price_24":["field_6515724b83bfc"],"_gbp_price_49":["field_6515725983bfd"],"_gbp_price_99":["field_6515725d83bfe"],"_usdhk_price_4":["field_6515726f83bff"],"_usdhk_price_9":["field_6515727c83c00"],"_usdhk_price_24":["field_6515728083c01"],"_usdhk_price_49":["field_6515728983c02"],"_usdhk_price_99":["field_6515728e83c03"],"stock_options":["In stock"],"_stock_options":["field_6544b605dc7f9"],"_top_nav_excluded":[""],"_cms_nav_minihome":[""],"wcml_sync_hash":["a:1:{s:15:\"postmeta_fields\";s:32:\"4fc5768fece7ea411e50d6289ee8cfc4\";}"],"_product_image_gallery":["33783,33784,33785,33786"],"_thumbnail_id":["33782"],"_crosssell_ids":["a:0:{}"],"_display_data_alarm":["field_667d647bcb066"],"_other_features":["field_668524f8c98a4"],"_shipping":["field_66852535c98a5"],"_refrigerant_cabinet":["field_66852557c98a6"],"_main_specifications":["field_66855b25b1245"],"_last_translation_edit_mode":["translation-editor"],"connectivity":["Interface Cradle"],"_calibration":["field_66a0ddd599972"],"_edit_lock":["1724240966:8383"],"classic-editor-remember":["classic-editor"],"rank_math_seo_score":["92"],"rank_math_contentai_score":["a:5:{s:8:\"keywords\";s:5:\"74.51\";s:9:\"wordCount\";s:1:\"0\";s:9:\"linkCount\";s:1:\"0\";s:12:\"headingCount\";s:1:\"0\";s:10:\"mediaCount\";s:1:\"0\";}"],"_edit_last":["8383"],"commercekit_gallery_layout":[""],"commercekit_disable_sticky_atc":["0"],"commercekit_wc_video_gallery":["a:0:{}"],"_rank_math_gtin_code":[""],"_wcml_average_rating":[null],"_wcml_review_count":[null],"_wcml_rating_count":[null],"_stock":[null],"_wc_average_rating":[0],"_wc_review_count":["0"],"_product_version":["9.1.4"],"usd_price_4":[""],"usd_price_9":[""],"usd_price_24":[""],"usd_price_49":[""],"usd_price_99":[""],"gbp_price_4":[""],"gbp_price_9":[""],"gbp_price_24":[""],"gbp_price_49":[""],"gbp_price_99":[""],"usdhk_price_4":[""],"usdhk_price_9":[""],"usdhk_price_24":[""],"usdhk_price_49":[""],"usdhk_price_99":[""],"display_data_alarm":[""],"calibration":[""],"faqs":[""],"calibration_suitable_ids_gb":[""],"calibration_suitable_ids_us":[""],"show_in_calibration_suitable":[""],"other_features":[""],"shipping":[""],"refrigerant_cabinet":[""],"main_specifications":[""],"shoptimizer_layout_pdp_short_description_position":["default"],"rank_math_analytic_object_id":["612"],"_wpml_media_duplicate":["1"],"_wpml_media_featured":["1"],"_price":["38.50","38.50","38.50","66.50","71.40","72.10","73.50","74.9","74.90","76.30"],"min_temp":["-40"],"max_temp":["99"],"_min_temp":["field_67ea5eb4e0a77"],"_max_temp":["field_67ea5f81e0a79"],"hubwoo_ecomm_pro_id":["21442905157"],"_wpml_word_count":["431"],"rank_math_primary_product_cat":["87"],"_sku":["TREX-8"],"rank_math_description":["El registrador de temperatura LogTag TREX-8 con sensor externo te permite medir y controlar la temperatura durante el transporte y el almacenamiento.  "],"rank_math_focus_keyword":["Registrador de temperatura"],"specifications_table":["<table class=\"specifications\">\n<tbody>\n<tr>\n<td class=\"left-td\">Rango de medici\u00f3n del sensor externo<\/td>\n<td>-40\u00b0C a +99\u00b0C (-40\u00b0F a +210\u00b0F)<\/td>\n<\/tr>\n<tr>\n<td class=\"left-td\">Temperatura de almacenamiento<\/td>\n<td>-10\u00b0C a +55\u00b0C (14\u00b0F a +131\u00b0F)<\/td>\n<\/tr>\n<tr>\n<td class=\"left-td\">Resoluci\u00f3n de la lectura de la temperatura nominal<\/td>\n<td>Menos de 0,1\u00b0C (0,2\u00b0F) para mediciones de -40\u00b0C a +40\u00b0C (-40\u00b0F a +104\u00b0F)\nMenos de 0,2\u00b0C (0,4\u00b0F) para mediciones de +40\u00b0C a +80\u00b0C (+104\u00b0F a +176\u00b0F)\nMenos de 0.6\u00b0C (0,5\u00b0F) para mediciones de +80\u00b0C a +99\u00b0C (+176\u00b0F a +210\u00b0F)\nLogTag Analyzer\u00ae muestra actualmente con un decimal de \u00b0C o \u00b0F. La resoluci\u00f3n nativa es la que est\u00e1 almacenada en el LogTag\u00ae. <\/td>\n<\/tr>\n<tr>\n<td class=\"left-td\">Tiempo de reacci\u00f3n del sensor<\/td>\n<td>Normalmente inferior a 2 minutos (T90) en aire en movimiento (1 m\/s) para los tipos ST100T, ST100H y ST100S<\/td>\n<\/tr>\n<tr>\n<td class=\"left-td\">Capacidad de grabaci\u00f3n<\/td>\n<td>8031 lecturas de temperatura.\n53 d\u00edas @ 10min de registro, 80 d\u00edas @ 15min de registro <\/td>\n<\/tr>\n<tr>\n<td class=\"left-td\">Intervalo de muestreo<\/td>\n<td>Configurable de 30 segundos a 18 horas<\/td>\n<\/tr>\n<tr>\n<td class=\"left-td\">Opciones de inicio de registro<\/td>\n<td>Inicio mediante pulsador o fecha y hora espec\u00edficas.\nRetraso de inicio opcional de hasta 72 horas <\/td>\n<\/tr>\n<tr>\n<td class=\"left-td\">Indicaci\u00f3n de grabaci\u00f3n<\/td>\n<td>Indicador \"OK\" intermitente \/ indicador \"ALERTA\" intermitente<\/td>\n<\/tr>\n<tr>\n<td class=\"left-td\">Tiempo de descarga<\/td>\n<td>Normalmente menos de 5 segundos para la memoria completa (8031 lecturas), dependiendo del ordenador o del dispositivo de lectura utilizado<\/td>\n<\/tr>\n<tr>\n<td class=\"left-td\">Medioambiental<\/td>\n<td>IP61<\/td>\n<\/tr>\n<tr>\n<td class=\"left-td\">Fuente de alimentaci\u00f3n<\/td>\n<td>Bater\u00eda CR2450 3V LiMnO2 (fija)<\/td>\n<\/tr>\n<tr>\n<td class=\"left-td\">Duraci\u00f3n de la bater\u00eda<\/td>\n<td>1 a\u00f1o de almacenamiento, seguido de 2 - 3 a\u00f1os de uso normal (basado en un registro de 15 minutos, descarga de datos mensual)<\/td>\n<\/tr>\n<tr>\n<td class=\"left-td\">Reloj en tiempo real<\/td>\n<td>Reloj de tiempo real incorporado\nPrecisi\u00f3n nominal \u00b125ppm a 25\u00b0C (equivalente a 2,5 segundos\/d\u00eda)\nEl coeficiente de temperatura nominal es -0,034 \u00b10,006ppm\/\u00b0C (es decir, normalmente +\/- 0,00294 segundos\/d\u00eda\/\u00b0C)<\/td>\n<\/tr>\n<tr>\n<td class=\"left-td\">Longitud del cable est\u00e1ndar del sensor remoto<\/td>\n<td>Est\u00e1ndar: 1,5 m (4'11\u2033)\nExtendido: 3 m (9'10\u2033) (M\u00e1ximo recomendado)<\/td>\n<\/tr>\n<tr>\n<td class=\"left-td\">Tipo de cable del sensor remoto<\/td>\n<td>PTFE (apto para contacto con alimentos seg\u00fan la FDA), coaxial<\/td>\n<\/tr>\n<tr>\n<td class=\"left-td\">Tama\u00f1o<\/td>\n<td>86 mm(A) x 54,5 mm(A) x 8,6 mm(T)<\/td>\n<\/tr>\n<tr>\n<td class=\"left-td\">Peso<\/td>\n<td>36 g (sin sonda externa)<\/td>\n<\/tr>\n<tr>\n<td class=\"left-td\">Material de la caja<\/td>\n<td>Policarbonato<\/td>\n<\/tr>\n<\/tbody>\n<\/table>"],"resources":["<ul class=\"resources-list\">\n \t<li><a href=\"https:\/\/praxas.com\/wp-content\/uploads\/LogTag_TREX-8_Brochure.pdf\"><img src=\"https:\/\/praxas.com\/wp-content\/uploads\/document-icon.png\" alt=\"Icono de documento\">Folleto LogTag TREX-8<\/a><\/li>\n \t<li><img src=\"https:\/\/praxas.com\/wp-content\/uploads\/document-icon.png\" alt=\"Icono de documento\"><a href=\"https:\/\/praxas.com\/wp-content\/uploads\/General_LogTag_Quick_Start_Guide.pdf\">Gu\u00eda de inicio r\u00e1pido de LogTag TREX-8<\/a><\/li>\n<\/ul>\n\u00a0"],"accessories":["[products skus=\"LTI-HID,WMB-1,Buffer Bottle\"]"],"_uag_page_assets":["a:9:{s:3:\"css\";s:0:\"\";s:2:\"js\";s:0:\"\";s:18:\"current_block_list\";a:0:{}s:8:\"uag_flag\";b:0;s:11:\"uag_version\";s:10:\"1777052440\";s:6:\"gfonts\";a:0:{}s:10:\"gfonts_url\";s:0:\"\";s:12:\"gfonts_files\";a:0:{}s:14:\"uag_faq_layout\";b:0;}"],"_max_variation_price":[""],"_max_variation_regular_price":[""],"_max_variation_sale_price":[""],"_min_variation_price":[""],"_min_variation_regular_price":[""],"_min_variation_sale_price":[""],"_regular_price":[""],"_sale_price":[""],"_wc_pb_base_regular_price":[""],"_wc_pb_base_sale_price":[""],"_wc_pb_base_price":[""],"_wc_sw_max_price":[""],"_wc_sw_max_regular_price":[""],"_wc_rating_count":[""]},"uagb_featured_image_src":{"full":["https:\/\/praxas.com\/wp-content\/uploads\/logtag-trex-8-temperature-logger.jpg",800,463,false],"thumbnail":["https:\/\/praxas.com\/wp-content\/uploads\/logtag-trex-8-temperature-logger-150x150.jpg",150,150,true],"medium":["https:\/\/praxas.com\/wp-content\/uploads\/logtag-trex-8-temperature-logger-300x174.jpg",300,174,true],"medium_large":["https:\/\/praxas.com\/wp-content\/uploads\/logtag-trex-8-temperature-logger-768x444.jpg",768,444,true],"large":["https:\/\/praxas.com\/wp-content\/uploads\/logtag-trex-8-temperature-logger.jpg",800,463,false],"1536x1536":["https:\/\/praxas.com\/wp-content\/uploads\/logtag-trex-8-temperature-logger.jpg",800,463,false],"2048x2048":["https:\/\/praxas.com\/wp-content\/uploads\/logtag-trex-8-temperature-logger.jpg",800,463,false],"crunchify-admin-post-featured-image":["https:\/\/praxas.com\/wp-content\/uploads\/logtag-trex-8-temperature-logger-120x69.jpg",120,69,true],"commercegurus-pdp-large":["https:\/\/praxas.com\/wp-content\/uploads\/logtag-trex-8-temperature-logger.jpg",800,463,false],"commercegurus-plp-mobile":["https:\/\/praxas.com\/wp-content\/uploads\/logtag-trex-8-temperature-logger-441x255.jpg",441,255,true],"cgkit_image_swatch":["https:\/\/praxas.com\/wp-content\/uploads\/logtag-trex-8-temperature-logger-100x100.jpg",100,100,true],"woocommerce_thumbnail":["https:\/\/praxas.com\/wp-content\/uploads\/logtag-trex-8-temperature-logger-350x203.jpg",350,203,true],"woocommerce_single":["https:\/\/praxas.com\/wp-content\/uploads\/logtag-trex-8-temperature-logger.jpg",800,463,false],"woocommerce_gallery_thumbnail":["https:\/\/praxas.com\/wp-content\/uploads\/logtag-trex-8-temperature-logger-150x87.jpg",150,87,true]},"uagb_author_info":{"display_name":"Beth Foord","author_link":"https:\/\/praxas.com\/es\/author\/"},"uagb_comment_info":0,"uagb_excerpt":"8.000 puntos de medici\u00f3n -40\u00b0C a +99\u00b0C Conexi\u00f3n del sensor externo Ajustes de alarma ajustables","_links":{"self":[{"href":"https:\/\/praxas.com\/es\/wp-json\/wp\/v2\/product\/33781","targetHints":{"allow":["GET"]}}],"collection":[{"href":"https:\/\/praxas.com\/es\/wp-json\/wp\/v2\/product"}],"about":[{"href":"https:\/\/praxas.com\/es\/wp-json\/wp\/v2\/types\/product"}],"wp:featuredmedia":[{"embeddable":true,"href":"https:\/\/praxas.com\/es\/wp-json\/wp\/v2\/media\/33782"}],"wp:attachment":[{"href":"https:\/\/praxas.com\/es\/wp-json\/wp\/v2\/media?parent=33781"}],"wp:term":[{"taxonomy":"product_brand","embeddable":true,"href":"https:\/\/praxas.com\/es\/wp-json\/wp\/v2\/product_brand?post=33781"},{"taxonomy":"product_cat","embeddable":true,"href":"https:\/\/praxas.com\/es\/wp-json\/wp\/v2\/product_cat?post=33781"},{"taxonomy":"product_tag","embeddable":true,"href":"https:\/\/praxas.com\/es\/wp-json\/wp\/v2\/product_tag?post=33781"}],"curies":[{"name":"wp","href":"https:\/\/api.w.org\/{rel}","templated":true}]}}