{"id":33819,"date":"2024-06-10T13:21:12","date_gmt":"2024-06-10T11:21:12","guid":{"rendered":"https:\/\/staging.praxas.com\/product\/sin%20categor\u00eda\/registrador-de-temperatura-utrix-16\/"},"modified":"2025-11-28T11:54:46","modified_gmt":"2025-11-28T10:54:46","slug":"registrador-de-temperatura-utrix-16","status":"publish","type":"product","link":"https:\/\/praxas.com\/es\/product\/registradores-de-datos\/registradores-de-datos-de-temperatura\/registrador-de-temperatura-utrix-16\/","title":{"rendered":"Registrador de temperatura UTRIX-16"},"content":{"rendered":"<p>El registrador de temperatura LogTag UTRIX-16 con conector USB es espec\u00edfico para controlar la temperatura durante el transporte y el almacenamiento. El datalogger tiene un rango de medici\u00f3n de -30\u00b0C a +70\u00b0C y est\u00e1 equipado con un conector USB. Enchufa el conector USB al ordenador y podr\u00e1s generar un informe PDF totalmente detallado.<\/p>\n<p>La medici\u00f3n precisa de la temperatura durante el transporte evita da\u00f1os, p\u00e9rdida de peso o deterioro. Equipado con un reloj en tiempo real que proporciona marcas de fecha y hora para cada lectura de temperatura, este registrador de temperatura es ideal para transportar productos sensibles a la temperatura.<\/p>\n<p>Los registradores de temperatura LogTag son conocidos por tener el mejor tiempo de descarga y la mayor precisi\u00f3n del mercado. Combinando una tecnolog\u00eda clara, un dise\u00f1o innovador y una producci\u00f3n de gran volumen, LogTag es la grabadora m\u00e1s rentable y de mayor rendimiento del mercado actual.<\/p>\n<p><strong>Entre las ventajas del Registrador de Temperatura LogTag UTRIX-16 se incluyen:<\/strong><\/p>\n<ul>\n<li>Conector USB incorporado<\/li>\n<li>Rangos de temperatura de -30\u00b0C a +70\u00b0C<\/li>\n<li>Genera autom\u00e1ticamente un informe en PDF y un archivo de datos en Excel<\/li>\n<li>Hasta 16.129 grabaciones: proporciona m\u00e1s de 3 meses de registro a intervalos de muestra de 10 minutos.<\/li>\n<li>El indicador de alarma se\u00f1ala cuando las lecturas se salen de los l\u00edmites establecidos<\/li>\n<li>Se acabaron las mediciones manuales<\/li>\n<li>Tama\u00f1o compacto para facilitar su transporte y almacenamiento<\/li>\n<\/ul>\n<p><strong>Conector USB \/ F\u00e1cil acceso a los datos<\/strong><\/p>\n<p>Este registrador de temperatura est\u00e1 equipado con un conector USB, que proporciona la gran ventaja de generar autom\u00e1ticamente un informe en PDF. S\u00f3lo tienes que conectar el datalogger a tu ordenador para acceder directamente a los datos.<\/p>\n<p>Al comprar el registrador de temperatura, recibes acceso gratuito al software Analizador LogTag. Este software permite configurar, descargar y visualizar los datos del Registrador de Temperatura LogTag UTRIX-16, con c\u00f3modas opciones de exportaci\u00f3n a Excel y otros formatos.<\/p>\n<p><strong>Indicador de ALERTA<\/strong><\/p>\n<p>El registrador de temperatura est\u00e1 equipado con un indicador LED. Siempre que haya lecturas fuera de los l\u00edmites, el indicador se pondr\u00e1 rojo. Cuando todo est\u00e9 en orden, el indicador se pondr\u00e1 verde. Puedes ver el estado de la carga de un vistazo.<\/p>\n<p><strong>Conservar los bienes durante m\u00e1s tiempo<\/strong><\/p>\n<p>Este registrador de temperatura controla las temperaturas de transporte y almacenamiento en distancias cortas y largas, y es famoso por su alto rendimiento, calidad y precisi\u00f3n. La integridad de los productos, como los alimentos o las obras de arte, depende de que se mantenga la temperatura ambiente correcta. Al desplegar el LogTag UTRIX-16 en tu carga, te aseguras el conocimiento de las condiciones de temperatura cr\u00edticas para mantener la calidad y seguridad del producto.<\/p>\n","protected":false},"excerpt":{"rendered":"<ul>\n<li>-25\u00b0C a +70\u00b0C<\/li>\n<li>Conector USB con contactos chapados en oro<\/li>\n<li>M\u00e1s de 16.000 lecturas<\/li>\n<li>Generaci\u00f3n autom\u00e1tica de informes PDF<\/li>\n<li>USB multiusos y PDF<\/li>\n<\/ul>\n","protected":false},"featured_media":33820,"template":"","meta":{"_acf_changed":false,"content-type":"","_uag_custom_page_level_css":""},"product_brand":[],"product_cat":[1601],"product_tag":[2515,2266,1618],"class_list":{"0":"post-33819","1":"product","2":"type-product","3":"status-publish","4":"has-post-thumbnail","6":"product_cat-registradores-de-datos-de-temperatura","7":"product_tag-logtag-es","8":"product_tag-temperatura-es","9":"product_tag-usb-es","11":"first","12":"instock","13":"sale","14":"taxable","15":"shipping-taxable","16":"purchasable","17":"product-type-simple"},"bundled_by":[],"bundle_stock_status":"instock","bundle_stock_quantity":null,"bundle_virtual":false,"bundle_layout":"","bundle_add_to_cart_form_location":"","bundle_editable_in_cart":false,"bundle_sold_individually_context":"","bundle_item_grouping":"","bundle_min_size":"","bundle_max_size":"","bundle_price":[],"bundled_items":[],"bundle_sell_ids":[],"acf":[],"spectra_custom_meta":{"_backorders":["no"],"_download_limit":["-1"],"_download_expiry":["-1"],"_downloadable":["no"],"_manage_stock":["no"],"_sku":["UTRIX-16"],"_stock_status":["instock"],"_sold_individually":["no"],"_tax_class":[""],"_tax_status":["taxable"],"_virtual":["no"],"_width":["90"],"_height":["90"],"_length":["62"],"product_datasheet":[""],"_product_datasheet":["field_650ad7d6ea3a0"],"connectivity":["USB"],"_connectivity":["field_64dce263bb57c"],"brand":["LogTag"],"_brand":["field_64ddf62ed2593"],"brand_image":[""],"_brand_image":["field_650c5e7c84cae"],"_specifications_table":["field_65044e1db92a8"],"_resources":["field_650849c6945ee"],"_accessories":["field_650849e6945f0"],"_faqs":["field_650859523d8d5"],"_calibration_suitable_ids_gb":["field_654b4c4acb54a"],"_calibration_suitable_ids_us":["field_654b4c56cb54b"],"_show_in_calibration_suitable":["field_654cfb691d345"],"_usd_price_4":["field_651570dcac479"],"_usd_price_9":["field_6515713eb4807"],"_usd_price_24":["field_65157141b4809"],"_usd_price_49":["field_65157140b4808"],"_usd_price_99":["field_6515715bb480a"],"_gbp_price_4":["field_6515716e83bfa"],"_gbp_price_9":["field_6515724783bfb"],"_gbp_price_24":["field_6515724b83bfc"],"_gbp_price_49":["field_6515725983bfd"],"_gbp_price_99":["field_6515725d83bfe"],"_usdhk_price_4":["field_6515726f83bff"],"_usdhk_price_9":["field_6515727c83c00"],"_usdhk_price_24":["field_6515728083c01"],"_usdhk_price_49":["field_6515728983c02"],"_usdhk_price_99":["field_6515728e83c03"],"stock_options":["In stock"],"_stock_options":["field_6544b605dc7f9"],"_top_nav_excluded":[""],"_cms_nav_minihome":[""],"wcml_sync_hash":["a:1:{s:15:\"postmeta_fields\";s:32:\"157ff7fbd0dc6e06ad1fba5c90697cbb\";}"],"attr_label_translations":["a:0:{}"],"_product_attributes":["a:1:{s:16:\"pa_product-brand\";a:6:{s:4:\"name\";s:16:\"pa_product-brand\";s:5:\"value\";s:0:\"\";s:8:\"position\";i:0;s:10:\"is_visible\";i:1;s:12:\"is_variation\";i:0;s:11:\"is_taxonomy\";i:1;}}"],"_product_image_gallery":["33821,33822,33823"],"_thumbnail_id":["33820"],"_crosssell_ids":["a:0:{}"],"_display_data_alarm":["field_667d647bcb066"],"_shipping":["field_66852535c98a5"],"_refrigerant_cabinet":["field_66852557c98a6"],"_main_specifications":["field_66855b25b1245"],"_last_translation_edit_mode":["translation-editor"],"_calibration":["field_66a0ddd599972"],"_edit_lock":["1724238323:8383"],"classic-editor-remember":["classic-editor"],"rank_math_seo_score":["90"],"rank_math_contentai_score":["a:5:{s:8:\"keywords\";s:5:\"74.51\";s:9:\"wordCount\";s:1:\"0\";s:9:\"linkCount\";s:1:\"0\";s:12:\"headingCount\";s:1:\"0\";s:10:\"mediaCount\";s:1:\"0\";}"],"_edit_last":["8383"],"commercekit_gallery_layout":[""],"commercekit_disable_sticky_atc":["0"],"commercekit_wc_video_gallery":["a:0:{}"],"_rank_math_gtin_code":[""],"_wcml_average_rating":[null],"_wcml_review_count":[null],"_wcml_rating_count":[null],"_stock":[null],"_wc_average_rating":[0],"_wc_review_count":["0"],"_product_version":["9.1.4"],"usd_price_4":[""],"usd_price_9":[""],"usd_price_24":[""],"usd_price_49":[""],"usd_price_99":[""],"gbp_price_4":[""],"gbp_price_9":[""],"gbp_price_24":[""],"gbp_price_49":[""],"gbp_price_99":[""],"usdhk_price_4":[""],"usdhk_price_9":[""],"usdhk_price_24":[""],"usdhk_price_49":[""],"usdhk_price_99":[""],"display_data_alarm":[""],"calibration":[""],"faqs":[""],"calibration_suitable_ids_gb":[""],"calibration_suitable_ids_us":[""],"show_in_calibration_suitable":[""],"other_features":[""],"shipping":[""],"refrigerant_cabinet":[""],"main_specifications":[""],"shoptimizer_layout_pdp_short_description_position":["default"],"rank_math_analytic_object_id":["597"],"_wpml_media_duplicate":["1"],"_wpml_media_featured":["1"],"_weight":["0.36"],"_regular_price":["34.30"],"min_temp":["-30"],"max_temp":["70"],"_min_temp":["field_67ea5eb4e0a77"],"_max_temp":["field_67ea5f81e0a79"],"hubwoo_ecomm_pro_id":["21532454048"],"_wpml_word_count":["499"],"rank_math_primary_product_cat":["87"],"_global_unique_id":["850040258141"],"total_sales":["126"],"_other_features":["field_686fa2aa98dce"],"_sale_price":["27.44"],"_price":["27.44"],"rank_math_description":["El vers\u00e1til registrador de temperatura UTRIX-16 mide de -25 \u00b0C a +70 \u00b0C, dispone de un duradero conector USB met\u00e1lico y genera archivos LTD encriptados e informes autom\u00e1ticos en PDF.  "],"rank_math_focus_keyword":["UTRIX-16"],"specifications_table":["<table class=\"specifications\">\n<tbody>\n<tr>\n<td class=\"left-td\">Rango de medici\u00f3n de la temperatura<\/td>\n<td>-30\u00b0C a +70\u00b0C (-22\u00b0F a +158\u00b0F)<\/td>\n<\/tr>\n<tr>\n<td class=\"left-td\">Temperatura de almacenamiento<\/td>\n<td>0\u00b0C a +40\u00b0C (32\u00b0F a +104\u00b0F)<\/td>\n<\/tr>\n<tr>\n<td class=\"left-td\">Resoluci\u00f3n de la lectura de la temperatura nominal<\/td>\n<td>Menos de 0,1\u00b0C\/F\nLogTag Analyzer\u00ae muestra actualmente con un decimal de \u00b0C o \u00b0F. La resoluci\u00f3n nativa es la que se almacena en el LogTag\u00ae. <\/td>\n<\/tr>\n<tr>\n<td class=\"left-td\">Tiempo de reacci\u00f3n del sensor<\/td>\n<td>Normalmente inferior a 7 minutos (T90) en aire en movimiento (1 m\/s) en EN12830:1999<\/td>\n<\/tr>\n<tr>\n<td class=\"left-td\">Capacidad de grabaci\u00f3n<\/td>\n<td>16.129 lecturas de temperatura. 56 d\u00edas @ 5min de registro, 168 d\u00edas @ 15min de registro <\/td>\n<\/tr>\n<tr>\n<td class=\"left-td\">Intervalo de muestreo<\/td>\n<td>Configurable de 30 segundos a 18 horas<\/td>\n<\/tr>\n<tr>\n<td class=\"left-td\">Opciones de inicio de registro<\/td>\n<td>Inicio mediante pulsador (con retardo de inicio configurable de 1 minuto a 72 horas) o fecha y hora espec\u00edficas<\/td>\n<\/tr>\n<tr>\n<td class=\"left-td\">Indicaci\u00f3n de grabaci\u00f3n<\/td>\n<td>Indicador \"OK\" intermitente \/ indicador \"ALERTA\" intermitente<\/td>\n<\/tr>\n<tr>\n<td class=\"left-td\">Alarmas<\/td>\n<td>1 alarma superior configurable y 1 alarma inferior configurable<\/td>\n<\/tr>\n<tr>\n<td class=\"left-td\">Tiempo de descarga<\/td>\n<td>Normalmente con la memoria llena (16.129 lecturas) en menos de 30 segundos desde el momento de la inserci\u00f3n hasta la disponibilidad del informe en PDF\nNormalmente en menos de 10 segundos desde el momento de la inserci\u00f3n hasta la disponibilidad del archivo LTD en LogTag\u00ae Analyzer (si est\u00e1 configurado)<\/td>\n<\/tr>\n<tr>\n<td class=\"left-td\">Medioambiental<\/td>\n<td>IEC 60529: IP64 con tapa USB instalada<\/td>\n<\/tr>\n<tr>\n<td class=\"left-td\">Fuente de alimentaci\u00f3n<\/td>\n<td>Bater\u00eda CR2450 3V LiMnO2 (fija)<\/td>\n<\/tr>\n<tr>\n<td class=\"left-td\">Duraci\u00f3n de la bater\u00eda<\/td>\n<td>1 a\u00f1o de almacenamiento, seguido de 2 - 3 a\u00f1os de uso normal (basado en un registro de 15 minutos, descarga de datos mensual)<\/td>\n<\/tr>\n<tr>\n<td class=\"left-td\">Reloj en tiempo real<\/td>\n<td>Reloj de tiempo real incorporado\nPrecisi\u00f3n nominal \u00b125ppm a 25\u00b0C (equivalente a 2,5 segundos\/d\u00eda)\nEl coeficiente de temperatura nominal es -0,034 \u00b10,006ppm\/\u00b0C (es decir, normalmente +\/- 0,00294 segundos\/d\u00eda\/\u00b0C)<\/td>\n<\/tr>\n<tr>\n<td class=\"left-td\">Interfaz de conexi\u00f3n<\/td>\n<td>USB 2.0, conector tipo A<\/td>\n<\/tr>\n<tr>\n<td class=\"left-td\">Software<\/td>\n<td>Lector de PDF, Analizador LogTag\u00ae 2.5 o superior<\/td>\n<\/tr>\n<tr>\n<td class=\"left-td\">Soporte multiling\u00fce<\/td>\n<td>Soporte multiling\u00fce para ingl\u00e9s, espa\u00f1ol, franc\u00e9s, ruso y alem\u00e1n<\/td>\n<\/tr>\n<tr>\n<td class=\"left-td\">Tama\u00f1o<\/td>\n<td>93 mm(A) x 54,5 mm(A) x 8,6 mm(T) incluida la tapa protectora USB<\/td>\n<\/tr>\n<tr>\n<td class=\"left-td\">Peso<\/td>\n<td>36g<\/td>\n<\/tr>\n<tr>\n<td class=\"left-td\">Material de la caja<\/td>\n<td>Policarbonato<\/td>\n<\/tr>\n<\/tbody>\n<\/table>"],"resources":["<ul class=\"resources-list\">\n \t<li><a href=\"https:\/\/praxas.com\/wp-content\/uploads\/LogTag_UTRIX-16_Brochure.pdf\"><img src=\"https:\/\/praxas.com\/wp-content\/uploads\/document-icon.png\" alt=\"Icono de documento\">Folleto LogTag UTRIX-16<\/a><\/li>\n \t<li><img src=\"https:\/\/praxas.com\/wp-content\/uploads\/document-icon.png\" alt=\"Icono de documento\"><a href=\"https:\/\/praxas.com\/wp-content\/uploads\/UTRIX-16_QSG.pdf\">Gu\u00eda de inicio r\u00e1pido de LogTag UTRIX-16<\/a><\/li>\n<\/ul>\n<ul class=\"resources-list\">\n \t<li><img src=\"https:\/\/praxas.com\/wp-content\/uploads\/document-icon.png\" alt=\"Icono de documento\"><a href=\"https:\/\/praxas.com\/wp-content\/uploads\/UTRIX-16_User_Guide.pdf\">Manual del usuario de LogTag UTRIX-16<\/a><\/li>\n<\/ul>"],"accessories":["[products skus=\"PROTECTIVE ENCLOSURE,WMB-1\"]"],"_uag_page_assets":["a:9:{s:3:\"css\";s:0:\"\";s:2:\"js\";s:0:\"\";s:18:\"current_block_list\";a:0:{}s:8:\"uag_flag\";b:0;s:11:\"uag_version\";s:10:\"1776763693\";s:6:\"gfonts\";a:0:{}s:10:\"gfonts_url\";s:0:\"\";s:12:\"gfonts_files\";a:0:{}s:14:\"uag_faq_layout\";b:0;}"],"_max_variation_price":[""],"_max_variation_regular_price":[""],"_max_variation_sale_price":[""],"_min_variation_price":[""],"_min_variation_regular_price":[""],"_min_variation_sale_price":[""],"_wc_pb_base_regular_price":[""],"_wc_pb_base_sale_price":[""],"_wc_pb_base_price":[""],"_wc_sw_max_price":[""],"_wc_sw_max_regular_price":[""],"_wc_rating_count":[""]},"uagb_featured_image_src":{"full":["https:\/\/praxas.com\/wp-content\/uploads\/logtag-front-facing-2-1200-x-630.jpg",1200,630,false],"thumbnail":["https:\/\/praxas.com\/wp-content\/uploads\/logtag-front-facing-2-1200-x-630-150x150.jpg",150,150,true],"medium":["https:\/\/praxas.com\/wp-content\/uploads\/logtag-front-facing-2-1200-x-630-300x158.jpg",300,158,true],"medium_large":["https:\/\/praxas.com\/wp-content\/uploads\/logtag-front-facing-2-1200-x-630-768x403.jpg",768,403,true],"large":["https:\/\/praxas.com\/wp-content\/uploads\/logtag-front-facing-2-1200-x-630-1024x538.jpg",1024,538,true],"1536x1536":["https:\/\/praxas.com\/wp-content\/uploads\/logtag-front-facing-2-1200-x-630.jpg",1200,630,false],"2048x2048":["https:\/\/praxas.com\/wp-content\/uploads\/logtag-front-facing-2-1200-x-630.jpg",1200,630,false],"crunchify-admin-post-featured-image":["https:\/\/praxas.com\/wp-content\/uploads\/logtag-front-facing-2-1200-x-630-120x63.jpg",120,63,true],"commercegurus-pdp-large":["https:\/\/praxas.com\/wp-content\/uploads\/logtag-front-facing-2-1200-x-630-990x520.jpg",990,520,true],"commercegurus-plp-mobile":["https:\/\/praxas.com\/wp-content\/uploads\/logtag-front-facing-2-1200-x-630-441x232.jpg",441,232,true],"cgkit_image_swatch":["https:\/\/praxas.com\/wp-content\/uploads\/logtag-front-facing-2-1200-x-630-100x100.jpg",100,100,true],"woocommerce_thumbnail":["https:\/\/praxas.com\/wp-content\/uploads\/logtag-front-facing-2-1200-x-630-350x184.jpg",350,184,true],"woocommerce_single":["https:\/\/praxas.com\/wp-content\/uploads\/logtag-front-facing-2-1200-x-630-800x420.jpg",800,420,true],"woocommerce_gallery_thumbnail":["https:\/\/praxas.com\/wp-content\/uploads\/logtag-front-facing-2-1200-x-630-150x79.jpg",150,79,true]},"uagb_author_info":{"display_name":"Beth Foord","author_link":"https:\/\/praxas.com\/es\/author\/"},"uagb_comment_info":0,"uagb_excerpt":"-25\u00b0C a +70\u00b0C Conector USB con contactos chapados en oro M\u00e1s de 16.000 lecturas Generaci\u00f3n autom\u00e1tica de informes PDF USB multiusos y PDF","_links":{"self":[{"href":"https:\/\/praxas.com\/es\/wp-json\/wp\/v2\/product\/33819","targetHints":{"allow":["GET"]}}],"collection":[{"href":"https:\/\/praxas.com\/es\/wp-json\/wp\/v2\/product"}],"about":[{"href":"https:\/\/praxas.com\/es\/wp-json\/wp\/v2\/types\/product"}],"wp:featuredmedia":[{"embeddable":true,"href":"https:\/\/praxas.com\/es\/wp-json\/wp\/v2\/media\/33820"}],"wp:attachment":[{"href":"https:\/\/praxas.com\/es\/wp-json\/wp\/v2\/media?parent=33819"}],"wp:term":[{"taxonomy":"product_brand","embeddable":true,"href":"https:\/\/praxas.com\/es\/wp-json\/wp\/v2\/product_brand?post=33819"},{"taxonomy":"product_cat","embeddable":true,"href":"https:\/\/praxas.com\/es\/wp-json\/wp\/v2\/product_cat?post=33819"},{"taxonomy":"product_tag","embeddable":true,"href":"https:\/\/praxas.com\/es\/wp-json\/wp\/v2\/product_tag?post=33819"}],"curies":[{"name":"wp","href":"https:\/\/api.w.org\/{rel}","templated":true}]}}