{"id":33893,"date":"2023-09-12T16:14:21","date_gmt":"2023-09-12T14:14:21","guid":{"rendered":"https:\/\/staging.praxas.com\/product\/sin%20categor\u00eda\/el-wifi-21cfr-ult-2\/"},"modified":"2025-10-09T10:00:40","modified_gmt":"2025-10-09T08:00:40","slug":"el-wifi-21cfr-ult-2","status":"publish","type":"product","link":"https:\/\/praxas.com\/es\/product\/registradores-de-datos\/registradores-de-datos-de-temperatura\/el-wifi-21cfr-ult-2\/","title":{"rendered":"EL-WiFi-21CFR-ULT"},"content":{"rendered":"<p>El EL-WiFi-21CFR-ULT es un registrador de datos inal\u00e1mbrico de temperatura ultrabaja compatible con la Parte 11 del 21CFR, habilitado para la nube y con pantalla integrada, dise\u00f1ado para controlar las vacunas almacenadas en hielo seco a temperatura ultrabaja. El rango de medici\u00f3n es de -100 a +100\u00b0C (-148 a +212\u00b0F) utilizando la sonda suministrada con el registrador. El registrador registra autom\u00e1ticamente los datos y los carga en la <strong><br \/>\n  <a href=\"https:\/\/21cfr.wifisensorcloud.com\/\" target=\"_blank\" rel=\"noopener\">Nube EasyLog 21CFR<\/a><br \/>\n<\/strong> utilizando tu red inal\u00e1mbrica est\u00e1ndar. El dispositivo almacenar\u00e1 los datos internamente si pierde la conexi\u00f3n WiFi y los subir\u00e1 autom\u00e1ticamente a la Nube una vez vuelva a conectarse.<\/p>\n<p><strong>\u00bfPor qu\u00e9 comprar un registrador 21CFR?<\/strong><br \/>\nLa normativa 21 CFR Parte 11 de la Food and Drug Administration (FDA) de EE.UU. establece los criterios seg\u00fan los cuales la FDA puede considerar que los registros electr\u00f3nicos son equivalentes a los registros en papel firmados. Si necesitas cumplir estas normativas o tienes requisitos de seguridad de datos mejorados, entonces debes elegir uno de nuestros registradores 21CFR; de lo contrario, nuestros registradores est\u00e1ndar ser\u00e1n suficientes.<\/p>\n<p>Una suscripci\u00f3n a 21CFR Cloud ofrece toda la flexibilidad de la supervisi\u00f3n remota y puede instalarse como parte de un sistema conforme a 21CFR. Entre sus funciones se incluyen el uso basado en permisos, la aprobaci\u00f3n a nivel de autoridad y la auditor\u00eda completa del sistema para garantizar que los datos supervisados y recopilados est\u00e1n regulados por la norma 21CFR Parte 11. Este dispositivo requiere una suscripci\u00f3n a nuestro servicio EasyLog 21CFR Cloud.<\/p>\n<p>Este producto cumple la norma BS EN 12830:2018 (Registradores de temperatura para el transporte, almacenamiento y distribuci\u00f3n de mercanc\u00edas sensibles a la temperatura).<\/p>\n","protected":false},"excerpt":{"rendered":"<p>Registrador de datos de vacunas criog\u00e9nicas WiFi con pantalla conforme al 21CFR<\/p>\n","protected":false},"featured_media":33894,"template":"","meta":{"_acf_changed":false,"content-type":"","_uag_custom_page_level_css":""},"product_brand":[],"product_cat":[1601],"product_tag":[1602,2435,1607,1571,1605,1606,1603,1559],"class_list":{"0":"post-33893","1":"product","2":"type-product","3":"status-publish","4":"has-post-thumbnail","6":"product_cat-registradores-de-datos-de-temperatura","7":"product_tag-21cfr-es","8":"product_tag-easylog-es","9":"product_tag-iot-es","10":"product_tag-mostrar","11":"product_tag-sonda-externa","12":"product_tag-termopar","13":"product_tag-ult-es","14":"product_tag-wifi-es","16":"first","17":"instock","18":"taxable","19":"shipping-taxable","20":"purchasable","21":"product-type-simple"},"bundled_by":[],"bundle_stock_status":"instock","bundle_stock_quantity":95,"bundle_virtual":false,"bundle_layout":"","bundle_add_to_cart_form_location":"","bundle_editable_in_cart":false,"bundle_sold_individually_context":"","bundle_item_grouping":"","bundle_min_size":"","bundle_max_size":"","bundle_price":[],"bundled_items":[],"bundle_sell_ids":[],"acf":[],"spectra_custom_meta":{"_download_limit":["-1"],"_download_expiry":["-1"],"_downloadable":["no"],"_sku":["EL-WiFi-21CFR-ULT"],"_stock_status":["instock"],"_sold_individually":["no"],"_tax_class":[""],"_tax_status":["taxable"],"_virtual":["no"],"_weight":["0"],"_width":["0"],"_height":["0"],"_length":["0"],"total_sales":["5"],"_product_datasheet":["field_650ad7d6ea3a0"],"connectivity":["WiFi"],"_connectivity":["field_64dce263bb57c"],"brand":["EasyLog"],"_brand":["field_64ddf62ed2593"],"_brand_image":["field_650c5e7c84cae"],"_specifications_table":["field_65044e1db92a8"],"_display_data_alarm":["field_667d647bcb066"],"_resources":["field_650849c6945ee"],"_accessories":["field_650849e6945f0"],"_faqs":["field_650859523d8d5"],"_calibration_suitable_ids_gb":["field_654b4c4acb54a"],"_calibration_suitable_ids_us":["field_654b4c56cb54b"],"_show_in_calibration_suitable":["field_654cfb691d345"],"_usd_price_4":["field_651570dcac479"],"_usd_price_9":["field_6515713eb4807"],"_usd_price_24":["field_65157141b4809"],"_usd_price_49":["field_65157140b4808"],"_usd_price_99":["field_6515715bb480a"],"_gbp_price_4":["field_6515716e83bfa"],"_gbp_price_9":["field_6515724783bfb"],"_gbp_price_24":["field_6515724b83bfc"],"_gbp_price_49":["field_6515725983bfd"],"_gbp_price_99":["field_6515725d83bfe"],"_usdhk_price_4":["field_6515726f83bff"],"_usdhk_price_9":["field_6515727c83c00"],"_usdhk_price_24":["field_6515728083c01"],"_usdhk_price_49":["field_6515728983c02"],"_usdhk_price_99":["field_6515728e83c03"],"stock_options":["In stock"],"_stock_options":["field_6544b605dc7f9"],"_top_nav_excluded":[""],"_cms_nav_minihome":[""],"calibration":[""],"wcml_sync_hash":["a:1:{s:15:\"postmeta_fields\";s:32:\"bf9ae5f66daaa5a5f60a98abe0b4d965\";}"],"attr_label_translations":["a:0:{}"],"_product_image_gallery":["33895,33896"],"_thumbnail_id":["33894"],"_crosssell_ids":["a:0:{}"],"_stock":["95.000000"],"_calibration":["field_66a0ddd599972"],"_other_features":["field_668524f8c98a4"],"_shipping":["field_66852535c98a5"],"_refrigerant_cabinet":["field_66852557c98a6"],"_main_specifications":["field_66855b25b1245"],"_last_translation_edit_mode":["translation-editor"],"_edit_lock":["1722260719:8383"],"classic-editor-remember":["classic-editor"],"rank_math_seo_score":["77"],"_edit_last":["8383"],"commercekit_gallery_layout":[""],"commercekit_disable_sticky_atc":["0"],"commercekit_wc_video_gallery":["a:0:{}"],"_rank_math_gtin_code":[""],"_wcml_average_rating":[null],"_wcml_review_count":[null],"_wcml_rating_count":[null],"_wc_average_rating":[0],"_wc_review_count":["0"],"_product_version":["9.1.2"],"display_data_alarm":[""],"calibration_suitable_ids_gb":[""],"calibration_suitable_ids_us":[""],"show_in_calibration_suitable":[""],"other_features":[""],"shipping":[""],"refrigerant_cabinet":[""],"main_specifications":[""],"shoptimizer_layout_pdp_short_description_position":["default"],"product_datasheet":["10637"],"brand_image":["10467"],"_wpml_media_duplicate":["1"],"_wpml_media_featured":["1"],"_product_attributes":["a:2:{s:16:\"pa_product-brand\";a:6:{s:4:\"name\";s:16:\"pa_product-brand\";s:5:\"value\";s:0:\"\";s:8:\"position\";i:0;s:10:\"is_visible\";i:1;s:12:\"is_variation\";i:0;s:11:\"is_taxonomy\";i:1;}s:19:\"pa_product-features\";a:6:{s:4:\"name\";s:19:\"pa_product-features\";s:5:\"value\";s:0:\"\";s:8:\"position\";i:1;s:10:\"is_visible\";i:1;s:12:\"is_variation\";i:0;s:11:\"is_taxonomy\";i:1;}}"],"_backorders":["no"],"_manage_stock":["no"],"min_temp":["-100"],"max_temp":["100"],"_min_temp":["field_67ea5eb4e0a77"],"_max_temp":["field_67ea5f81e0a79"],"_wpml_word_count":["310"],"rank_math_primary_product_cat":["100"],"_global_unique_id":["5056744401233"],"rank_math_title":["EL-WiFi-21CFR-ULT | Registrador criog\u00e9nico de vacunas con pantalla"],"rank_math_description":["El EL-WIFI-21CFR-ULT es un registrador de datos inal\u00e1mbrico habilitado para la nube con pantalla integrada, para controlar las vacunas en el almacenamiento y tr\u00e1nsito de hielo seco a temperatura ultrabaja."],"rank_math_focus_keyword":["EL-WiFi-21CFR-ULT"],"specifications_table":["<table class=\"specifications\">\n<tbody>\n<tr class=\"even-row\">\n<td class=\"left-td\">Rango de medici\u00f3n<\/td>\n<td>-100 a +100\u00b0C (-148 a +212\u00b0F)<\/td>\n<\/tr>\n<tr class=\"odd-row\">\n<td class=\"left-td\">Precisi\u00f3n<\/td>\n<td>\u00b12,5\u00b0C (\u00b14,5\u00b0F) t\u00edpica<\/td>\n<\/tr>\n<tr class=\"even-row\">\n<td class=\"left-td\">Tasa de registro<\/td>\n<td>Seleccionable por el usuario entre 10 segundos y 12 horas<\/td>\n<\/tr>\n<tr class=\"odd-row\">\n<td class=\"left-td\">Capacidad de almacenamiento<\/td>\n<td>Ilimitada<\/td>\n<\/tr>\n<tr class=\"even-row\">\n<td class=\"left-td\">Dimensiones (registrador)<\/td>\n<td>82 x 70 x 23 mm (3,22 x 2,75 x 0,91\")<\/td>\n<\/tr>\n<tr class=\"odd-row\">\n<td class=\"left-td\">Dimensiones (sonda)<\/td>\n<td>300 x \u00d81,5 mm x 1 m de cable (11,8 x \u00d80,06\" x 39,4\" de cable)<\/td>\n<\/tr>\n<tr class=\"even-row\">\n<td class=\"left-td\">Bater\u00eda<\/td>\n<td>Bater\u00eda recargable \/ 6 meses de autonom\u00eda \/ Opci\u00f3n con alimentaci\u00f3n de red<\/td>\n<\/tr>\n<\/tbody>\n<\/table>"],"resources":["<ul class=\"resources-list\">\n \t<li><img src=\"https:\/\/praxas.com\/wp-content\/uploads\/document-icon.png\" alt=\"Icono de documento\"><a href=\"https:\/\/praxas.com\/wp-content\/uploads\/el-wifi-21cfr-ult_iss1_11-20-1.pdf\" target=\"_blank\" rel=\"noopener\"><span class=\"mldTitle\">EL-WiFi-21CFR-ULT Ficha t\u00e9cnica<\/span><\/a><\/li>\n \t<li><img src=\"https:\/\/praxas.com\/wp-content\/uploads\/software-icon.png\" alt=\"Icono de software\"><a href=\"\/software\/easylog-software\/easylog-21cfr-wifi\/\" target=\"_blank\" rel=\"noopener\">EasyLog 21CFR WiFi<\/a><\/li>\n \t<li><img src=\"https:\/\/praxas.com\/wp-content\/uploads\/document-icon.png\" alt=\"Icono de documento\"><a href=\"https:\/\/praxas.com\/wp-content\/uploads\/el_21cfr_wifi_qsg_iss2_04-19.pdf\" target=\"_blank\" rel=\"noopener\">EL-21CFR-WiFi Gu\u00eda de inicio r\u00e1pido<\/a><\/li>\n \t<li><img src=\"https:\/\/praxas.com\/wp-content\/uploads\/document-icon.png\" alt=\"Icono de documento\"><a href=\"https:\/\/praxas.com\/wp-content\/uploads\/help-guide-3-network-requirements-and-settings-12-09-2022_issue-6.pdf\" target=\"_blank\" rel=\"noopener\">Requisitos y configuraci\u00f3n de la red<\/a><\/li>\n \t<li><img src=\"https:\/\/praxas.com\/wp-content\/uploads\/document-icon.png\" alt=\"Icono de documento\"><a href=\"https:\/\/praxas.com\/wp-content\/uploads\/conformity_certificate_wifi_range_with_coo-issu8.pdf\" target=\"_blank\" rel=\"noopener\">EL-WiFi-21CFR Declaraci\u00f3n de conformidad<\/a><\/li>\n \t<li><img src=\"https:\/\/praxas.com\/wp-content\/uploads\/document-icon.png\" alt=\"Icono de documento\"><a href=\"https:\/\/praxas.com\/wp-content\/uploads\/bs-en-12830-record-of-compliance-issue-1.pdf\" target=\"_blank\" rel=\"noopener\">BS EN 12830:2018 Registro de conformidad<\/a><\/li>\n \t<li><img src=\"https:\/\/praxas.com\/wp-content\/uploads\/document-icon.png\" alt=\"Icono de documento\"><a href=\"https:\/\/praxas.com\/wp-content\/uploads\/21cfr-requirements-checklist_issue_3-04_2020-wifi.pdf\" target=\"_blank\" rel=\"noopener\">Lista de comprobaci\u00f3n de los requisitos del 21CFR<\/a><\/li>\n<\/ul>\n<a class=\"button button-secondary\" href=\"https:\/\/praxas.com\/support\/\">M\u00e1s apoyo<\/a>"],"accessories":["[products skus=\"EL-P-TC-T-ULT,PSU USB-UK,PSU USB-EU,EL-WiFi Wall Bracket\"]"],"faqs":["<span class=\"ui-provider bge bgf bgd bgg bgh bgi bgj bgk bgl bgm bgn bgo bgp bgq bgr bgs bgt bgu bgv bgw bgx bgy bgz bha bhb bhc bhd bhe bhf bhg bhh bhi bhj bhk bhl\" dir=\"ltr\">[accordion]\n[accordion_header]\u00bfPodr\u00edas explicar qu\u00e9 es el 21 CFR Parte 11?[\/accordion_header]\n[accordion_section]El C\u00f3digo de Reglamentos Federales 21 Parte 11 de la FDA (Administraci\u00f3n de Alimentos y Medicamentos) de EE.UU. es una ampliaci\u00f3n de la normativa existente que define qu\u00e9 registros y firmas electr\u00f3nicos deben considerarse precisos para sustituir a los registros en papel en la industria farmac\u00e9utica y m\u00e9dica. Nuestro sistema ha sido dise\u00f1ado para ayudar a las empresas a cumplir esta normativa.[\/accordion_section]\n[\/accordion]<\/span>\n\n<span class=\"ui-provider bge bgf bgd bgg bgh bgi bgj bgk bgl bgm bgn bgo bgp bgq bgr bgs bgt bgu bgv bgw bgx bgy bgz bha bhb bhc bhd bhe bhf bhg bhh bhi bhj bhk bhl\" dir=\"ltr\">[accordion]\n[accordion_header]\u00bfEl producto 21CFR Cloud ser\u00eda adecuado para mi empresa?[\/accordion_header]\n[accordion_section]El producto se ha dise\u00f1ado para las empresas que desean utilizar medios electr\u00f3nicos para sustituir de forma segura sus registros en papel a fin de cumplir la normativa 21 CFR Parte 11 para las industrias farmac\u00e9utica y m\u00e9dica. Adem\u00e1s, si trabajas en la industria farmac\u00e9utica y m\u00e9dica de EE.UU. y quieres ser compatible con ella, y racionalizar tu toma de registros en consecuencia, ser\u00eda ventajoso iniciar una Nube 21 CFR.[\/accordion_section]\n[\/accordion]<\/span>\n\n<a class=\"button button-secondary\" href=\"\/support\/21cfr-data-loggers\/\">M\u00e1s apoyo<\/a>\n\n\u00a0"],"usd_price_4":["0.00"],"usd_price_9":["0.00"],"usd_price_24":["0.00"],"usd_price_49":["0.00"],"usd_price_99":["0.00"],"gbp_price_4":["0.00"],"gbp_price_9":["0.00"],"gbp_price_24":["157.50"],"gbp_price_49":["0.00"],"gbp_price_99":["140.00"],"usdhk_price_4":["0.00"],"usdhk_price_9":["0.00"],"usdhk_price_24":["194.36"],"usdhk_price_49":["0.00"],"usdhk_price_99":["172.76"],"_uag_page_assets":["a:9:{s:3:\"css\";s:0:\"\";s:2:\"js\";s:0:\"\";s:18:\"current_block_list\";a:0:{}s:8:\"uag_flag\";b:0;s:11:\"uag_version\";s:10:\"1776350811\";s:6:\"gfonts\";a:0:{}s:10:\"gfonts_url\";s:0:\"\";s:12:\"gfonts_files\";a:0:{}s:14:\"uag_faq_layout\";b:0;}"],"hubwoo_ecomm_pro_id":["25320860971"],"_regular_price":["227.9"],"_price":["227.9"],"_max_variation_price":[""],"_max_variation_regular_price":[""],"_max_variation_sale_price":[""],"_min_variation_price":[""],"_min_variation_regular_price":[""],"_min_variation_sale_price":[""],"_sale_price":[""],"_wc_pb_base_regular_price":[""],"_wc_pb_base_sale_price":[""],"_wc_pb_base_price":[""],"_wc_sw_max_price":[""],"_wc_sw_max_regular_price":[""],"_wc_rating_count":[""]},"uagb_featured_image_src":{"full":["https:\/\/praxas.com\/wp-content\/uploads\/EL-WiFi-21CFR-ULT.png",800,462,false],"thumbnail":["https:\/\/praxas.com\/wp-content\/uploads\/EL-WiFi-21CFR-ULT-150x150.png",150,150,true],"medium":["https:\/\/praxas.com\/wp-content\/uploads\/EL-WiFi-21CFR-ULT-300x173.png",300,173,true],"medium_large":["https:\/\/praxas.com\/wp-content\/uploads\/EL-WiFi-21CFR-ULT-768x444.png",768,444,true],"large":["https:\/\/praxas.com\/wp-content\/uploads\/EL-WiFi-21CFR-ULT.png",800,462,false],"1536x1536":["https:\/\/praxas.com\/wp-content\/uploads\/EL-WiFi-21CFR-ULT.png",800,462,false],"2048x2048":["https:\/\/praxas.com\/wp-content\/uploads\/EL-WiFi-21CFR-ULT.png",800,462,false],"crunchify-admin-post-featured-image":["https:\/\/praxas.com\/wp-content\/uploads\/EL-WiFi-21CFR-ULT-120x69.png",120,69,true],"commercegurus-pdp-large":["https:\/\/praxas.com\/wp-content\/uploads\/EL-WiFi-21CFR-ULT.png",800,462,false],"commercegurus-plp-mobile":["https:\/\/praxas.com\/wp-content\/uploads\/EL-WiFi-21CFR-ULT-441x255.png",441,255,true],"cgkit_image_swatch":["https:\/\/praxas.com\/wp-content\/uploads\/EL-WiFi-21CFR-ULT-100x100.png",100,100,true],"woocommerce_thumbnail":["https:\/\/praxas.com\/wp-content\/uploads\/EL-WiFi-21CFR-ULT-300x173.png",300,173,true],"woocommerce_single":["https:\/\/praxas.com\/wp-content\/uploads\/EL-WiFi-21CFR-ULT.png",800,462,false],"woocommerce_gallery_thumbnail":["https:\/\/praxas.com\/wp-content\/uploads\/EL-WiFi-21CFR-ULT-150x87.png",150,87,true]},"uagb_author_info":{"display_name":"AndyS","author_link":"https:\/\/praxas.com\/es\/author\/"},"uagb_comment_info":0,"uagb_excerpt":"Registrador de datos de vacunas criog\u00e9nicas WiFi con pantalla conforme al 21CFR","_links":{"self":[{"href":"https:\/\/praxas.com\/es\/wp-json\/wp\/v2\/product\/33893","targetHints":{"allow":["GET"]}}],"collection":[{"href":"https:\/\/praxas.com\/es\/wp-json\/wp\/v2\/product"}],"about":[{"href":"https:\/\/praxas.com\/es\/wp-json\/wp\/v2\/types\/product"}],"wp:featuredmedia":[{"embeddable":true,"href":"https:\/\/praxas.com\/es\/wp-json\/wp\/v2\/media\/33894"}],"wp:attachment":[{"href":"https:\/\/praxas.com\/es\/wp-json\/wp\/v2\/media?parent=33893"}],"wp:term":[{"taxonomy":"product_brand","embeddable":true,"href":"https:\/\/praxas.com\/es\/wp-json\/wp\/v2\/product_brand?post=33893"},{"taxonomy":"product_cat","embeddable":true,"href":"https:\/\/praxas.com\/es\/wp-json\/wp\/v2\/product_cat?post=33893"},{"taxonomy":"product_tag","embeddable":true,"href":"https:\/\/praxas.com\/es\/wp-json\/wp\/v2\/product_tag?post=33893"}],"curies":[{"name":"wp","href":"https:\/\/api.w.org\/{rel}","templated":true}]}}