{"id":33940,"date":"2023-09-12T15:44:02","date_gmt":"2023-09-12T13:44:02","guid":{"rendered":"https:\/\/staging.praxas.com\/product\/sin%20categor\u00eda\/el-wifi-ult-2\/"},"modified":"2025-10-14T16:08:23","modified_gmt":"2025-10-14T14:08:23","slug":"el-wifi-ult-2","status":"publish","type":"product","link":"https:\/\/praxas.com\/es\/product\/registradores-de-datos\/registradores-de-datos-de-temperatura\/el-wifi-ult-2\/","title":{"rendered":"EL-WiFi-ULT"},"content":{"rendered":"<p>El EL-WiFi-ULT es un registrador de datos inal\u00e1mbrico de temperatura ultrabaja, habilitado para la nube y con pantalla incorporada, dise\u00f1ado para controlar las vacunas almacenadas en hielo seco criog\u00e9nico. El rango de medici\u00f3n es de -100 a +100\u00b0C (-148 a +212\u00b0F) utilizando la sonda suministrada con el registrador. El registrador registra autom\u00e1ticamente los datos y los sube a la Nube EasyLog a trav\u00e9s de tu red inal\u00e1mbrica habitual.<\/p>\n<p><strong><br \/>\n  <a href=\"https:\/\/praxas.com\/en\/easylog-cloud\/\">Nube EasyLog<\/a><br \/>\n<\/strong> aprovecha el poder del IoT para automatizar el registro de datos y las notificaciones de alerta, lo que resulta perfecto tanto para sistemas compactos con unos pocos sensores como para soluciones corporativas con miles de dispositivos en todo el mundo.<\/p>\n<ul>\n<li>Funciones de alarma con notificaciones por correo electr\u00f3nico y SMS<\/li>\n<li>Configuraci\u00f3n r\u00e1pida e inal\u00e1mbrica basada en App<\/li>\n<li>Almacena los datos internamente si el dispositivo pierde la conexi\u00f3n WiFi y los sube autom\u00e1ticamente a la Nube una vez reconectado<\/li>\n<li>Bater\u00eda de 2 a\u00f1os de duraci\u00f3n, l\u00edder en el sector<\/li>\n<li>A\u00f1ade el primer registrador gratis (<a href=\"https:\/\/www.easylogcloud.com\/accounttype.aspx\" target=\"_blank\" rel=\"noopener\"><br \/>\n  <strong>cargos m\u00ednimos<\/strong><br \/>\n<\/a> por dispositivos adicionales)<\/li>\n<\/ul>\n<h5>Tus datos. En cualquier momento. En cualquier sitio.<\/h5>\n<p>Gestiona varios registradores de datos en ubicaciones de todo el mundo y visual\u00edzalos utilizando tu navegador de Internet o <a href=\"https:\/\/praxas.com\/en\/easylog-cloud\/\"><br \/>\n  <strong>Nube EasyLog<\/strong><br \/>\n<\/a> Aplicaci\u00f3n. La Nube EasyLog ofrece almacenamiento de datos ilimitado y seguro, notificaciones avanzadas de alarmas a varios usuarios y potentes an\u00e1lisis e informes desde todos tus dispositivos. <\/p>\n<p>Este producto cumple la norma BS EN 12830:2018 (Registradores de temperatura para el transporte, almacenamiento y distribuci\u00f3n de mercanc\u00edas sensibles a la temperatura).<\/p>\n","protected":false},"excerpt":{"rendered":"<p>Registrador de datos de vacunas criog\u00e9nicas WiFi con pantalla<\/p>\n","protected":false},"featured_media":33941,"template":"","meta":{"_acf_changed":false,"content-type":"","_uag_custom_page_level_css":""},"product_brand":[],"product_cat":[1601],"product_tag":[2435,1614,1607,1571,1605,1606,1603,1559],"class_list":{"0":"post-33940","1":"product","2":"type-product","3":"status-publish","4":"has-post-thumbnail","6":"product_cat-registradores-de-datos-de-temperatura","7":"product_tag-easylog-es","8":"product_tag-easylog-cloud-es","9":"product_tag-iot-es","10":"product_tag-mostrar","11":"product_tag-sonda-externa","12":"product_tag-termopar","13":"product_tag-ult-es","14":"product_tag-wifi-es","16":"first","17":"instock","18":"taxable","19":"shipping-taxable","20":"purchasable","21":"product-type-simple"},"bundled_by":[],"bundle_stock_status":"instock","bundle_stock_quantity":15,"bundle_virtual":false,"bundle_layout":"","bundle_add_to_cart_form_location":"","bundle_editable_in_cart":false,"bundle_sold_individually_context":"","bundle_item_grouping":"","bundle_min_size":"","bundle_max_size":"","bundle_price":[],"bundled_items":[],"bundle_sell_ids":[],"acf":[],"spectra_custom_meta":{"_download_limit":["-1"],"_download_expiry":["-1"],"_downloadable":["no"],"_sku":["EL-WiFi-ULT"],"_stock_status":["instock"],"_sold_individually":["no"],"_tax_class":[""],"_tax_status":["taxable"],"_virtual":["no"],"_weight":["0"],"_width":["0"],"_height":["0"],"_length":["0"],"total_sales":["4"],"_product_datasheet":["field_650ad7d6ea3a0"],"connectivity":["WiFi"],"_connectivity":["field_64dce263bb57c"],"brand":["EasyLog"],"_brand":["field_64ddf62ed2593"],"_brand_image":["field_650c5e7c84cae"],"_specifications_table":["field_65044e1db92a8"],"_display_data_alarm":["field_667d647bcb066"],"_resources":["field_650849c6945ee"],"_accessories":["field_650849e6945f0"],"_faqs":["field_650859523d8d5"],"_calibration_suitable_ids_gb":["field_654b4c4acb54a"],"_calibration_suitable_ids_us":["field_654b4c56cb54b"],"_show_in_calibration_suitable":["field_654cfb691d345"],"_usd_price_4":["field_651570dcac479"],"_usd_price_9":["field_6515713eb4807"],"_usd_price_24":["field_65157141b4809"],"_usd_price_49":["field_65157140b4808"],"_usd_price_99":["field_6515715bb480a"],"_gbp_price_4":["field_6515716e83bfa"],"_gbp_price_9":["field_6515724783bfb"],"_gbp_price_24":["field_6515724b83bfc"],"_gbp_price_49":["field_6515725983bfd"],"_gbp_price_99":["field_6515725d83bfe"],"_usdhk_price_4":["field_6515726f83bff"],"_usdhk_price_9":["field_6515727c83c00"],"_usdhk_price_24":["field_6515728083c01"],"_usdhk_price_49":["field_6515728983c02"],"_usdhk_price_99":["field_6515728e83c03"],"stock_options":["In stock"],"_stock_options":["field_6544b605dc7f9"],"_top_nav_excluded":[""],"_cms_nav_minihome":[""],"calibration":[""],"wcml_sync_hash":["a:1:{s:15:\"postmeta_fields\";s:32:\"8bf7bd61e7628b0dde3e479909df6e23\";}"],"attr_label_translations":["a:0:{}"],"_product_image_gallery":["33942,33943"],"_thumbnail_id":["33941"],"_crosssell_ids":["a:0:{}"],"_stock":["15.000000"],"_calibration":["field_66a0ddd599972"],"_shipping":["field_66852535c98a5"],"_refrigerant_cabinet":["field_66852557c98a6"],"_main_specifications":["field_66855b25b1245"],"_edit_lock":["1722263981:8383"],"classic-editor-remember":["classic-editor"],"rank_math_seo_score":["79"],"_edit_last":["8383"],"commercekit_gallery_layout":[""],"commercekit_disable_sticky_atc":["0"],"commercekit_wc_video_gallery":["a:0:{}"],"_rank_math_gtin_code":[""],"_wc_average_rating":[0],"_wc_review_count":["0"],"_product_version":["9.1.2"],"display_data_alarm":[""],"calibration_suitable_ids_gb":[""],"calibration_suitable_ids_us":[""],"show_in_calibration_suitable":[""],"other_features":[""],"shipping":[""],"refrigerant_cabinet":[""],"main_specifications":[""],"shoptimizer_layout_pdp_short_description_position":["default"],"_wpml_media_duplicate":["1"],"_wpml_media_featured":["1"],"_last_translation_edit_mode":["translation-editor"],"_wcml_average_rating":[null],"_wcml_review_count":[null],"_wcml_rating_count":[null],"product_datasheet":["10545"],"brand_image":["10467"],"_product_attributes":["a:2:{s:16:\"pa_product-brand\";a:6:{s:4:\"name\";s:16:\"pa_product-brand\";s:5:\"value\";s:0:\"\";s:8:\"position\";i:0;s:10:\"is_visible\";i:1;s:12:\"is_variation\";i:0;s:11:\"is_taxonomy\";i:1;}s:19:\"pa_product-features\";a:6:{s:4:\"name\";s:19:\"pa_product-features\";s:5:\"value\";s:0:\"\";s:8:\"position\";i:1;s:10:\"is_visible\";i:1;s:12:\"is_variation\";i:0;s:11:\"is_taxonomy\";i:1;}}"],"_backorders":["no"],"_manage_stock":["no"],"min_temp":["-100"],"max_temp":["100"],"_min_temp":["field_67ea5eb4e0a77"],"_max_temp":["field_67ea5f81e0a79"],"_wpml_word_count":["291"],"rank_math_primary_product_cat":["100"],"_global_unique_id":["5056744400120"],"faqs":["<span class=\"ui-provider bge bgf bgd bgg bgh bgi bgj bgk bgl bgm bgn bgo bgp bgq bgr bgs bgt bgu bgv bgw bgx bgy bgz bha bhb bhc bhd bhe bhf bhg bhh bhi bhj bhk bhl\" dir=\"ltr\">[accordion]\n[accordion_header]\u00bfPor qu\u00e9 no funcionan mis pilas?[\/accordion_header]\n[accordion_section]Si no se utilizan durante largos periodos de tiempo, las pilas de litio metal, incluidas las utilizadas en la gama EasyLog de registradores de datos, forman de forma natural una capa interna no conductora -una capa de Pasivaci\u00f3n- que impide que se autodescarguen y aumenta eficazmente su vida \u00fatil. Cuando se instala por primera vez en el registrador de datos, puede provocar una ca\u00edda moment\u00e1nea de la tensi\u00f3n de la bater\u00eda (la Tensi\u00f3n M\u00ednima Transitoria) al romperse la capa interna, lo que provoca el reinicio del registrador de datos. Colocar las pilas en el registrador de datos y dejarlo conectado a un PC durante unos 30 segundos eliminar\u00e1 esta capa. Despu\u00e9s de esto, quita y vuelve a poner las pilas para reiniciar el registrador de datos. La duraci\u00f3n total de la bater\u00eda no se ver\u00e1 afectada.[\/accordion_section]\n[\/accordion]<\/span>\n\n<a class=\"button button-secondary\" href=\"\/support\/el-wifi-data-loggers\/\">M\u00e1s apoyo<\/a>"],"_other_features":["field_686fa2aa98dce"],"rank_math_title":["EL-WiFi-ULT | Registrador de datos de vacunas criog\u00e9nicas con pantalla"],"rank_math_description":["El EL-WiFi-ULT es un registrador de datos inal\u00e1mbrico a temperaturas ultrabajas, habilitado para la nube y con pantalla incorporada, dise\u00f1ado para controlar las vacunas en almacenamiento criog\u00e9nico."],"rank_math_focus_keyword":["EL-WiFi-ULT"],"specifications_table":["<table class=\"specifications\">\n<tbody>\n<tr class=\"even-row\">\n<td class=\"left-td\">Rango de medici\u00f3n<\/td>\n<td>-100 a +100\u00b0C (-148 a +212\u00b0F)<\/td>\n<\/tr>\n<tr class=\"odd-row\">\n<td class=\"left-td\">Precisi\u00f3n<\/td>\n<td>\u00b12,5\u00b0C (\u00b14,5\u00b0F) t\u00edpica<\/td>\n<\/tr>\n<tr class=\"even-row\">\n<td class=\"left-td\">Tasa de registro<\/td>\n<td>Seleccionable por el usuario entre 10 segundos y 12 horas<\/td>\n<\/tr>\n<tr class=\"odd-row\">\n<td class=\"left-td\">Capacidad de almacenamiento<\/td>\n<td>Ilimitada<\/td>\n<\/tr>\n<tr class=\"even-row\">\n<td class=\"left-td\">Dimensiones (registrador)<\/td>\n<td>82 x 70 x 23 mm (3,22 x 2,75 x 0,91\")<\/td>\n<\/tr>\n<tr class=\"odd-row\">\n<td class=\"left-td\">Dimensiones (sonda)<\/td>\n<td>300 x \u00d81,5 mm x 1 m de cable (11,8 x \u00d80,06\" x 39,4\" de cable)<\/td>\n<\/tr>\n<tr class=\"even-row\">\n<td class=\"left-td\">Bater\u00eda<\/td>\n<td>Bater\u00eda recargable \/ 6 meses de autonom\u00eda \/ Opci\u00f3n con alimentaci\u00f3n de red<\/td>\n<\/tr>\n<\/tbody>\n<\/table>"],"resources":["<ul class=\"resources-list\">\n \t<li><img src=\"https:\/\/praxas.com\/wp-content\/uploads\/document-icon.png\" alt=\"Icono de documento\"><a href=\"https:\/\/praxas.com\/wp-content\/uploads\/el-wifi-ult_iss1_11-20-1.pdf\" target=\"_blank\" rel=\"noopener\"><span class=\"mldTitle\">Hoja de datos EL-WiFi-ULT  <\/span><\/a><\/li>\n \t<li><img src=\"https:\/\/praxas.com\/wp-content\/uploads\/software-icon.png\" alt=\"Icono de software\"><a href=\"https:\/\/praxas.com\/software\/easylog-software\/easylog-wifi\/\" target=\"_blank\" rel=\"noopener\">Software EasyLog WiFi<\/a><\/li>\n \t<li><img src=\"https:\/\/praxas.com\/wp-content\/uploads\/software-icon.png\" alt=\"Icono de software\"><a href=\"https:\/\/praxas.com\/en\/easylog-cloud\/\" target=\"_blank\" rel=\"noopener\">Nube EasyLog<\/a><\/li>\n \t<li><img src=\"https:\/\/praxas.com\/wp-content\/uploads\/document-icon.png\" alt=\"Icono de documento\"><a href=\"https:\/\/praxas.com\/wp-content\/uploads\/el-wifi-qsg-1.pdf\">Gu\u00eda de inicio r\u00e1pido EL-WiFi<\/a><\/li>\n \t<li><img src=\"https:\/\/praxas.com\/wp-content\/uploads\/document-icon.png\" alt=\"Icono de documento\"><a href=\"https:\/\/praxas.com\/wp-content\/uploads\/help-guide-3-network-requirements-and-settings-12-09-2022_issue-6.pdf\" target=\"_blank\" rel=\"noopener\">Requisitos y configuraci\u00f3n de la red<\/a><\/li>\n \t<li><img src=\"https:\/\/praxas.com\/wp-content\/uploads\/video-icon-orange.png\" alt=\"Icono de v\u00eddeo\"><a href=\"https:\/\/www.youtube.com\/playlist?list=PL_yZedoZ_7MpemnH-a3NswL9-NgUz3DVe\" target=\"_blank\" rel=\"noopener\">V\u00eddeos tutoriales<\/a><\/li>\n \t<li><img src=\"https:\/\/praxas.com\/wp-content\/uploads\/document-icon.png\" alt=\"Icono de documento\"><a href=\"https:\/\/praxas.com\/wp-content\/uploads\/conformity_certificate_wifi_range_with_coo-issu8.pdf\" target=\"_blank\" rel=\"noopener\">EL-WiFi-ULT Declaraci\u00f3n de conformidad<\/a><\/li>\n \t<li><img src=\"https:\/\/praxas.com\/wp-content\/uploads\/document-icon.png\" alt=\"Icono de documento\"><a href=\"https:\/\/praxas.com\/wp-content\/uploads\/bs-en-12830-record-of-compliance-issue-1.pdf\" target=\"_blank\" rel=\"noopener\">BS EN 12830:2018 Registro de conformidad<\/a><\/li>\n<\/ul>\n<a class=\"button button-secondary\" href=\"https:\/\/praxas.com\/en\/support\/\">M\u00e1s apoyo<\/a>"],"accessories":["[products skus=\"EL-P-TC-T-ULT,PSU USB-UK,PSU USB-EU,EL-WiFi Wall Bracket\"]"],"usd_price_4":["0.00"],"usd_price_9":["0.00"],"usd_price_24":["0.00"],"usd_price_49":["0.00"],"usd_price_99":["0.00"],"gbp_price_4":["0.00"],"gbp_price_9":["0.00"],"gbp_price_24":["134.99"],"gbp_price_49":["0.00"],"gbp_price_99":["119.99"],"usdhk_price_4":["0.00"],"usdhk_price_9":["0.00"],"usdhk_price_24":["179.99"],"usdhk_price_49":["0.00"],"usdhk_price_99":["159.99"],"_uag_page_assets":["a:9:{s:3:\"css\";s:0:\"\";s:2:\"js\";s:0:\"\";s:18:\"current_block_list\";a:0:{}s:8:\"uag_flag\";b:0;s:11:\"uag_version\";s:10:\"1776763693\";s:6:\"gfonts\";a:0:{}s:10:\"gfonts_url\";s:0:\"\";s:12:\"gfonts_files\";a:0:{}s:14:\"uag_faq_layout\";b:0;}"],"hubwoo_ecomm_pro_id":["25326768941"],"_regular_price":["192.85"],"_price":["192.85"],"_max_variation_price":[""],"_max_variation_regular_price":[""],"_max_variation_sale_price":[""],"_min_variation_price":[""],"_min_variation_regular_price":[""],"_min_variation_sale_price":[""],"_sale_price":[""],"_wc_pb_base_regular_price":[""],"_wc_pb_base_sale_price":[""],"_wc_pb_base_price":[""],"_wc_sw_max_price":[""],"_wc_sw_max_regular_price":[""],"_wc_rating_count":[""]},"uagb_featured_image_src":{"full":["https:\/\/praxas.com\/wp-content\/uploads\/EL-WiFi-ULT-1.png",800,462,false],"thumbnail":["https:\/\/praxas.com\/wp-content\/uploads\/EL-WiFi-ULT-1-150x150.png",150,150,true],"medium":["https:\/\/praxas.com\/wp-content\/uploads\/EL-WiFi-ULT-1-300x173.png",300,173,true],"medium_large":["https:\/\/praxas.com\/wp-content\/uploads\/EL-WiFi-ULT-1-768x444.png",768,444,true],"large":["https:\/\/praxas.com\/wp-content\/uploads\/EL-WiFi-ULT-1.png",800,462,false],"1536x1536":["https:\/\/praxas.com\/wp-content\/uploads\/EL-WiFi-ULT-1.png",800,462,false],"2048x2048":["https:\/\/praxas.com\/wp-content\/uploads\/EL-WiFi-ULT-1.png",800,462,false],"crunchify-admin-post-featured-image":["https:\/\/praxas.com\/wp-content\/uploads\/EL-WiFi-ULT-1-120x69.png",120,69,true],"commercegurus-pdp-large":["https:\/\/praxas.com\/wp-content\/uploads\/EL-WiFi-ULT-1.png",800,462,false],"commercegurus-plp-mobile":["https:\/\/praxas.com\/wp-content\/uploads\/EL-WiFi-ULT-1-441x255.png",441,255,true],"cgkit_image_swatch":["https:\/\/praxas.com\/wp-content\/uploads\/EL-WiFi-ULT-1-100x100.png",100,100,true],"woocommerce_thumbnail":["https:\/\/praxas.com\/wp-content\/uploads\/EL-WiFi-ULT-1-300x173.png",300,173,true],"woocommerce_single":["https:\/\/praxas.com\/wp-content\/uploads\/EL-WiFi-ULT-1.png",800,462,false],"woocommerce_gallery_thumbnail":["https:\/\/praxas.com\/wp-content\/uploads\/EL-WiFi-ULT-1-150x87.png",150,87,true]},"uagb_author_info":{"display_name":"AndyS","author_link":"https:\/\/praxas.com\/es\/author\/"},"uagb_comment_info":0,"uagb_excerpt":"Registrador de datos de vacunas criog\u00e9nicas WiFi con pantalla","_links":{"self":[{"href":"https:\/\/praxas.com\/es\/wp-json\/wp\/v2\/product\/33940","targetHints":{"allow":["GET"]}}],"collection":[{"href":"https:\/\/praxas.com\/es\/wp-json\/wp\/v2\/product"}],"about":[{"href":"https:\/\/praxas.com\/es\/wp-json\/wp\/v2\/types\/product"}],"wp:featuredmedia":[{"embeddable":true,"href":"https:\/\/praxas.com\/es\/wp-json\/wp\/v2\/media\/33941"}],"wp:attachment":[{"href":"https:\/\/praxas.com\/es\/wp-json\/wp\/v2\/media?parent=33940"}],"wp:term":[{"taxonomy":"product_brand","embeddable":true,"href":"https:\/\/praxas.com\/es\/wp-json\/wp\/v2\/product_brand?post=33940"},{"taxonomy":"product_cat","embeddable":true,"href":"https:\/\/praxas.com\/es\/wp-json\/wp\/v2\/product_cat?post=33940"},{"taxonomy":"product_tag","embeddable":true,"href":"https:\/\/praxas.com\/es\/wp-json\/wp\/v2\/product_tag?post=33940"}],"curies":[{"name":"wp","href":"https:\/\/api.w.org\/{rel}","templated":true}]}}