{"id":33972,"date":"2023-09-12T14:10:09","date_gmt":"2023-09-12T12:10:09","guid":{"rendered":"https:\/\/staging.praxas.com\/product\/sin%20categor\u00eda\/el-wifi-th-2\/"},"modified":"2026-01-22T11:41:09","modified_gmt":"2026-01-22T10:41:09","slug":"el-wifi-th-2","status":"publish","type":"product","link":"https:\/\/praxas.com\/es\/product\/registradores-de-datos\/temperatura-y-humedad\/el-wifi-th-2\/","title":{"rendered":"EL-WiFi-TH"},"content":{"rendered":"<p>Este registrador de datos de temperatura, humedad y punto de roc\u00edo con WiFi puede controlar a distancia un entorno en un rango de medici\u00f3n de -20 a +60\u00b0C (-4 a +140\u00b0F) y de 0 a 100% de HR. Los datos se cargan peri\u00f3dicamente mediante una red WiFi est\u00e1ndar a la Nube EasyLog o a un \u00fanico PC anfitri\u00f3n.<\/p>\n<p>EasyLog Cloud da acceso a cada registrador de datos y a los datos recogidos desde cualquier dispositivo con conexi\u00f3n a Internet. Cambia la configuraci\u00f3n del registrador de datos a distancia, recibe alertas por correo electr\u00f3nico de las condiciones de alarma, enlaza sensores de varios sitios en una sola cuenta y asigna varios privilegios de usuario.<\/p>\n<p>El dispositivo almacenar\u00e1 los datos internamente si pierde la conexi\u00f3n WiFi y los subir\u00e1 autom\u00e1ticamente a la Nube una vez vuelva a conectarse.<\/p>\n<p>Utiliza la <a href=\"https:\/\/praxas.com\/es\/easylog-cloud-es\/\" target=\"_blank\" rel=\"noopener\"><strong>Nube EasyLog<\/strong><\/a> para Android y Apple para configurar f\u00e1cilmente tu dispositivo y acceder a tus datos en cualquier momento y lugar.<\/p>\n<p>Este producto cumple la norma BS EN 12830:2018 (Registradores de temperatura para el transporte, almacenamiento y distribuci\u00f3n de mercanc\u00edas sensibles a la temperatura).<\/p>\n","protected":false},"excerpt":{"rendered":"<ul>\n<li>-20 a +60\u00b0C<\/li>\n<li>Registrador de datos de temperatura y humedad Wi-Fi<\/li>\n<li>Monitor remoto<\/li>\n<li>EasyLog Nube Conectada<\/li>\n<li>Bater\u00eda de larga duraci\u00f3n<\/li>\n<li>Memoria interna<\/li>\n<\/ul>\n<p>&nbsp;<\/p>\n","protected":false},"featured_media":58016,"template":"","meta":{"_acf_changed":false,"content-type":"","_uag_custom_page_level_css":""},"product_brand":[],"product_cat":[1610],"product_tag":[2435,1614,1607,1571,1562,1559],"class_list":{"0":"post-33972","1":"product","2":"type-product","3":"status-publish","4":"has-post-thumbnail","6":"product_cat-temperatura-y-humedad","7":"product_tag-easylog-es","8":"product_tag-easylog-cloud-es","9":"product_tag-iot-es","10":"product_tag-mostrar","11":"product_tag-sensor-interno","12":"product_tag-wifi-es","14":"first","15":"instock","16":"taxable","17":"shipping-taxable","18":"purchasable","19":"product-type-simple"},"bundled_by":[],"bundle_stock_status":"instock","bundle_stock_quantity":5,"bundle_virtual":false,"bundle_layout":"","bundle_add_to_cart_form_location":"","bundle_editable_in_cart":false,"bundle_sold_individually_context":"","bundle_item_grouping":"","bundle_min_size":"","bundle_max_size":"","bundle_price":[],"bundled_items":[],"bundle_sell_ids":[],"acf":[],"spectra_custom_meta":{"_download_limit":["-1"],"_download_expiry":["-1"],"_downloadable":["no"],"_sku":["EL-WiFi-TH"],"_stock_status":["instock"],"_sold_individually":["no"],"_tax_class":[""],"_tax_status":["taxable"],"_virtual":["no"],"_weight":["0.187"],"_width":["0"],"_height":["0"],"_length":["0"],"total_sales":["105"],"_product_datasheet":["field_650ad7d6ea3a0"],"connectivity":["WiFi"],"_connectivity":["field_64dce263bb57c"],"brand":["EasyLog"],"_brand":["field_64ddf62ed2593"],"_brand_image":["field_650c5e7c84cae"],"_specifications_table":["field_65044e1db92a8"],"_display_data_alarm":["field_667d647bcb066"],"_resources":["field_650849c6945ee"],"_accessories":["field_650849e6945f0"],"_faqs":["field_650859523d8d5"],"_calibration_suitable_ids_gb":["field_654b4c4acb54a"],"_calibration_suitable_ids_us":["field_654b4c56cb54b"],"_show_in_calibration_suitable":["field_654cfb691d345"],"_shipping":["field_66852535c98a5"],"_refrigerant_cabinet":["field_66852557c98a6"],"_usd_price_4":["field_651570dcac479"],"_usd_price_9":["field_6515713eb4807"],"_usd_price_24":["field_65157141b4809"],"_usd_price_49":["field_65157140b4808"],"_usd_price_99":["field_6515715bb480a"],"_gbp_price_4":["field_6515716e83bfa"],"_gbp_price_9":["field_6515724783bfb"],"_gbp_price_24":["field_6515724b83bfc"],"_gbp_price_49":["field_6515725983bfd"],"_gbp_price_99":["field_6515725d83bfe"],"_usdhk_price_4":["field_6515726f83bff"],"_usdhk_price_9":["field_6515727c83c00"],"_usdhk_price_24":["field_6515728083c01"],"_usdhk_price_49":["field_6515728983c02"],"_usdhk_price_99":["field_6515728e83c03"],"_stock_options":["field_6544b605dc7f9"],"_top_nav_excluded":[""],"_cms_nav_minihome":[""],"calibration":[""],"wcml_sync_hash":["a:1:{s:15:\"postmeta_fields\";s:32:\"1a09b031fc5d91a2423f55fe7616003f\";}"],"attr_label_translations":["a:0:{}"],"_product_image_gallery":["33974,33975"],"_crosssell_ids":["a:0:{}"],"_stock":["5.000000"],"_main_specifications":["field_66855b25b1245"],"_last_translation_edit_mode":["translation-editor"],"_edit_lock":["1721814801:8383"],"classic-editor-remember":["classic-editor"],"rank_math_seo_score":["79"],"_edit_last":["8383"],"commercekit_gallery_layout":[""],"commercekit_disable_sticky_atc":["0"],"commercekit_wc_video_gallery":["a:0:{}"],"_rank_math_gtin_code":[""],"_wcml_average_rating":[null],"_wcml_review_count":[null],"_wcml_rating_count":[null],"_wc_average_rating":[0],"_wc_review_count":["0"],"_product_version":["9.1.2"],"display_data_alarm":[""],"calibration_suitable_ids_gb":[""],"calibration_suitable_ids_us":[""],"show_in_calibration_suitable":[""],"other_features":[""],"shipping":[""],"refrigerant_cabinet":[""],"main_specifications":[""],"shoptimizer_layout_pdp_short_description_position":["default"],"rank_math_primary_product_cat":["0"],"product_datasheet":["10567"],"brand_image":["10467"],"_wpml_media_duplicate":["1"],"_wpml_media_featured":["1"],"_product_attributes":["a:2:{s:16:\"pa_product-brand\";a:6:{s:4:\"name\";s:16:\"pa_product-brand\";s:5:\"value\";s:0:\"\";s:8:\"position\";i:0;s:10:\"is_visible\";i:1;s:12:\"is_variation\";i:0;s:11:\"is_taxonomy\";i:1;}s:19:\"pa_product-features\";a:6:{s:4:\"name\";s:19:\"pa_product-features\";s:5:\"value\";s:0:\"\";s:8:\"position\";i:1;s:10:\"is_visible\";i:1;s:12:\"is_variation\";i:0;s:11:\"is_taxonomy\";i:1;}}"],"_backorders":["no"],"_manage_stock":["no"],"_calibration":["field_66a0ddd599972"],"min_temp":["-20"],"max_temp":["60"],"_min_temp":["field_67ea5eb4e0a77"],"_max_temp":["field_67ea5f81e0a79"],"_wpml_word_count":["211"],"_global_unique_id":["5056744400076"],"faqs":["<span class=\"ui-provider bge bgf bgd bgg bgh bgi bgj bgk bgl bgm bgn bgo bgp bgq bgr bgs bgt bgu bgv bgw bgx bgy bgz bha bhb bhc bhd bhe bhf bhg bhh bhi bhj bhk bhl\" dir=\"ltr\">[accordion]\n[accordion_header]\u00bfExiste alg\u00fan documento que oriente sobre los requisitos y ajustes de red para los sensores de registro de datos de EasyLog?[\/accordion_header]\n[accordion_section]S\u00ed, consulta este <a href=\"\/wp-content\/uploads\/help-guide-3-network-requirements-and-settings-12-09-2022_issue-6-1.pdf\"><strong>Documento Requisitos y Ajustes de Red<\/strong><\/a>.[\/accordion_section]\n[\/accordion]<\/span>\n\n<span class=\"ui-provider bge bgf bgd bgg bgh bgi bgj bgk bgl bgm bgn bgo bgp bgq bgr bgs bgt bgu bgv bgw bgx bgy bgz bha bhb bhc bhd bhe bhf bhg bhh bhi bhj bhk bhl\" dir=\"ltr\">[accordion]\n[accordion_header]\u00bfC\u00f3mo archivo o elimino un dispositivo?[\/accordion_header]\n[accordion_section]Selecciona el\/los dispositivo(s) y haz clic en el bot\u00f3n de men\u00fa en la parte superior derecha de la P\u00e1gina de Dispositivos, este men\u00fa contiene las opciones tanto para archivar como para eliminar un dispositivo.[\/accordion_section]\n[\/accordion]<\/span>\n\n<a class=\"button button-secondary\" href=\"\/support\/el-wifi-data-loggers\/\">M\u00e1s apoyo<\/a>"],"_other_features":["field_686fa2aa98dce"],"stock_options":["In stock"],"hubwoo_ecomm_pro_id":["25326768936"],"_regular_price":["141.35"],"_price":["141.35"],"_thumbnail_id":["58016"],"rank_math_title":["EL-WiFi-TH | Termohigr\u00f3metro digital | Registrador de datos EasyLog"],"rank_math_description":["El EasyLog EL-WiFi-TH de Lascar Electronics es un monitor WiFi de temperatura y humedad adecuado para controlar la temperatura a distancia y registrar datos con precisi\u00f3n."],"rank_math_focus_keyword":["EL-WiFi-TH"],"specifications_table":["<table class=\"specifications\">\n<tbody>\n<tr class=\"even-row\">\n<td class=\"left-td\">Rango de medida<\/td>\n<td>-20 a +60\u00b0C \/ -4 a + 140\u00b0F\n0 a 100% HR<\/td>\n<\/tr>\n<tr class=\"odd-row\">\n<td class=\"left-td\">Precisi\u00f3n<\/td>\n<td>\u00b10,3\u00b0C \/ \u00b10,6\u00b0F\n\u00b12% HR T\u00edpica<\/td>\n<\/tr>\n<tr class=\"even-row\">\n<td class=\"left-td\">Lecturas<\/td>\n<td>Sin l\u00edmite<\/td>\n<\/tr>\n<tr class=\"odd-row\">\n<td class=\"left-td\">Tasa de registro<\/td>\n<td>Seleccionable por el usuario entre 10 segundos y 12 horas<\/td>\n<\/tr>\n<tr class=\"even-row\">\n<td class=\"left-td\">Bater\u00eda<\/td>\n<td>Bater\u00eda recargable \/ 6 meses de autonom\u00eda \/ Opci\u00f3n con alimentaci\u00f3n de red<\/td>\n<\/tr>\n<\/tbody>\n<\/table>"],"resources":["<ul class=\"resources-list\">\n \t<li><img src=\"https:\/\/praxas.com\/wp-content\/uploads\/document-icon.png\" alt=\"Icono de documento\"><a href=\"https:\/\/praxas.com\/wp-content\/uploads\/easylog-data-logger-el-wifi-th_iss7_03-19-1.pdf\" target=\"_blank\" rel=\"noopener\">Hoja de datos EL-WiFi-TH<\/a><\/li>\n \t<li><img src=\"https:\/\/praxas.com\/wp-content\/uploads\/software-icon.png\" alt=\"Icono de software\"><a href=\"https:\/\/praxas.com\/software\/easylog-software\/easylog-wifi\/\" target=\"_blank\" rel=\"noopener\">Software EasyLog WiFi<\/a><\/li>\n \t<li><img src=\"https:\/\/praxas.com\/wp-content\/uploads\/software-icon.png\" alt=\"Icono de software\"><a href=\"https:\/\/praxas.com\/en\/easylog-cloud\/\" target=\"_blank\" rel=\"noopener\">Nube EasyLog<\/a><\/li>\n \t<li><img src=\"https:\/\/praxas.com\/wp-content\/uploads\/document-icon.png\" alt=\"Icono de documento\"><a href=\"https:\/\/praxas.com\/wp-content\/uploads\/el_wifi_qsg_iss4_11-18_pages.pdf\" target=\"_blank\" rel=\"noopener\">Gu\u00eda de inicio r\u00e1pido EL-WiFi<\/a><\/li>\n \t<li><img src=\"https:\/\/praxas.com\/wp-content\/uploads\/document-icon.png\" alt=\"Icono de documento\"><a href=\"https:\/\/praxas.com\/wp-content\/uploads\/help-guide-3-network-requirements-and-settings-12-09-2022_issue-6.pdf\" target=\"_blank\" rel=\"noopener\">Requisitos y configuraci\u00f3n de la red<\/a><\/li>\n \t<li><img src=\"https:\/\/praxas.com\/wp-content\/uploads\/video-icon-orange.png\" alt=\"Icono de v\u00eddeo\"><a href=\"https:\/\/www.youtube.com\/playlist?list=PL_yZedoZ_7MpemnH-a3NswL9-NgUz3DVe\" target=\"_blank\" rel=\"noopener\">V\u00eddeos tutoriales<\/a><\/li>\n \t<li><img src=\"https:\/\/praxas.com\/wp-content\/uploads\/document-icon.png\" alt=\"Icono de documento\"><a href=\"https:\/\/praxas.com\/wp-content\/uploads\/conformity_certificate_wifi_range_with_coo-issu8.pdf\" target=\"_blank\" rel=\"noopener\">EL-WiFi-TH Declaraci\u00f3n de conformidad<\/a><\/li>\n \t<li><img src=\"https:\/\/praxas.com\/wp-content\/uploads\/document-icon.png\" alt=\"Icono de documento\"><a href=\"https:\/\/praxas.com\/wp-content\/uploads\/bs-en-12830-record-of-compliance-issue-1.pdf\" target=\"_blank\" rel=\"noopener\">BS EN 12830:2018 Registro de conformidad<\/a><\/li>\n<\/ul>\n<a class=\"button button-secondary\" href=\"\/support\/el-wifi-data-loggers\/\">M\u00e1s apoyo<\/a>"],"accessories":["[products skus=\"PSU USB-UK,PSU USB-EU,EL-WiFi Wall Bracket\"]"],"usd_price_4":["0.00"],"usd_price_9":["0.00"],"usd_price_24":["0.00"],"usd_price_49":["0.00"],"usd_price_99":["0.00"],"gbp_price_4":["0.00"],"gbp_price_9":["0.00"],"gbp_price_24":["98.99"],"gbp_price_49":["0.00"],"gbp_price_99":["87.99"],"usdhk_price_4":["0.00"],"usdhk_price_9":["0.00"],"usdhk_price_24":["130.49"],"usdhk_price_49":["0.00"],"usdhk_price_99":["115.99"],"_uag_page_assets":["a:9:{s:3:\"css\";s:0:\"\";s:2:\"js\";s:0:\"\";s:18:\"current_block_list\";a:0:{}s:8:\"uag_flag\";b:0;s:11:\"uag_version\";s:10:\"1777052440\";s:6:\"gfonts\";a:0:{}s:10:\"gfonts_url\";s:0:\"\";s:12:\"gfonts_files\";a:0:{}s:14:\"uag_faq_layout\";b:0;}"],"_max_variation_price":[""],"_max_variation_regular_price":[""],"_max_variation_sale_price":[""],"_min_variation_price":[""],"_min_variation_regular_price":[""],"_min_variation_sale_price":[""],"_sale_price":[""],"_wc_pb_base_regular_price":[""],"_wc_pb_base_sale_price":[""],"_wc_pb_base_price":[""],"_wc_sw_max_price":[""],"_wc_sw_max_regular_price":[""],"_wc_rating_count":[""]},"uagb_featured_image_src":{"full":["https:\/\/praxas.com\/wp-content\/uploads\/WiFi-TH-Straight-1.png",800,463,false],"thumbnail":["https:\/\/praxas.com\/wp-content\/uploads\/WiFi-TH-Straight-1-150x150.png",150,150,true],"medium":["https:\/\/praxas.com\/wp-content\/uploads\/WiFi-TH-Straight-1-300x174.png",300,174,true],"medium_large":["https:\/\/praxas.com\/wp-content\/uploads\/WiFi-TH-Straight-1-768x444.png",768,444,true],"large":["https:\/\/praxas.com\/wp-content\/uploads\/WiFi-TH-Straight-1.png",800,463,false],"1536x1536":["https:\/\/praxas.com\/wp-content\/uploads\/WiFi-TH-Straight-1.png",800,463,false],"2048x2048":["https:\/\/praxas.com\/wp-content\/uploads\/WiFi-TH-Straight-1.png",800,463,false],"crunchify-admin-post-featured-image":["https:\/\/praxas.com\/wp-content\/uploads\/WiFi-TH-Straight-1-120x69.png",120,69,true],"commercegurus-pdp-large":["https:\/\/praxas.com\/wp-content\/uploads\/WiFi-TH-Straight-1.png",800,463,false],"commercegurus-plp-mobile":["https:\/\/praxas.com\/wp-content\/uploads\/WiFi-TH-Straight-1-441x255.png",441,255,true],"cgkit_image_swatch":["https:\/\/praxas.com\/wp-content\/uploads\/WiFi-TH-Straight-1-100x100.png",100,100,true],"woocommerce_thumbnail":["https:\/\/praxas.com\/wp-content\/uploads\/WiFi-TH-Straight-1-300x174.png",300,174,true],"woocommerce_single":["https:\/\/praxas.com\/wp-content\/uploads\/WiFi-TH-Straight-1.png",800,463,false],"woocommerce_gallery_thumbnail":["https:\/\/praxas.com\/wp-content\/uploads\/WiFi-TH-Straight-1-150x87.png",150,87,true]},"uagb_author_info":{"display_name":"AndyS","author_link":"https:\/\/praxas.com\/es\/author\/"},"uagb_comment_info":0,"uagb_excerpt":"-20 a +60\u00b0C Registrador de datos de temperatura y humedad Wi-Fi Monitor remoto EasyLog Nube Conectada Bater\u00eda de larga duraci\u00f3n Memoria interna &nbsp;","_links":{"self":[{"href":"https:\/\/praxas.com\/es\/wp-json\/wp\/v2\/product\/33972","targetHints":{"allow":["GET"]}}],"collection":[{"href":"https:\/\/praxas.com\/es\/wp-json\/wp\/v2\/product"}],"about":[{"href":"https:\/\/praxas.com\/es\/wp-json\/wp\/v2\/types\/product"}],"wp:featuredmedia":[{"embeddable":true,"href":"https:\/\/praxas.com\/es\/wp-json\/wp\/v2\/media\/58016"}],"wp:attachment":[{"href":"https:\/\/praxas.com\/es\/wp-json\/wp\/v2\/media?parent=33972"}],"wp:term":[{"taxonomy":"product_brand","embeddable":true,"href":"https:\/\/praxas.com\/es\/wp-json\/wp\/v2\/product_brand?post=33972"},{"taxonomy":"product_cat","embeddable":true,"href":"https:\/\/praxas.com\/es\/wp-json\/wp\/v2\/product_cat?post=33972"},{"taxonomy":"product_tag","embeddable":true,"href":"https:\/\/praxas.com\/es\/wp-json\/wp\/v2\/product_tag?post=33972"}],"curies":[{"name":"wp","href":"https:\/\/api.w.org\/{rel}","templated":true}]}}