{"id":33983,"date":"2023-09-12T14:00:08","date_gmt":"2023-09-12T12:00:08","guid":{"rendered":"https:\/\/staging.praxas.com\/product\/sin%20categor\u00eda\/el-usb-2-2\/"},"modified":"2025-10-08T18:16:56","modified_gmt":"2025-10-08T16:16:56","slug":"el-usb-2-2","status":"publish","type":"product","link":"https:\/\/praxas.com\/es\/product\/registradores-de-datos\/temperatura-y-humedad\/el-usb-2-2\/","title":{"rendered":"EL-USB-2"},"content":{"rendered":"<p>Este registrador de datos aut\u00f3nomo mide m\u00e1s de 16.000 lecturas en un intervalo de -35 a +80\u00b0C (-31 a +176\u00b0F) y de 0 a 100% de humedad (HR). Configura f\u00e1cilmente el registrador y visualiza los datos descargados conectando la unidad al puerto USB de un PC y utilizando el software gratuito EasyLog suministrado. A continuaci\u00f3n, los datos se pueden representar gr\u00e1ficamente, imprimir y exportar a otras aplicaciones para un an\u00e1lisis detallado. Se suministra con \u00bd pila AA y clip de montaje en pared.<\/p>\n<p><strong>NOTA: <\/strong>Puedes a\u00f1adir hasta DOS BATER\u00cdAS DE REPUESTO por cada registrador de datos que pidas.<\/p>\n<p><strong>\u00bfSAB\u00cdAS QUE?<\/strong><br \/>\nEl <a href=\"https:\/\/praxas.com\/es\/product\/registradores-de-datos\/temperatura-y-humedad\/el-sie-2\/\"><br \/>\n  <strong>EL-SIE-2<\/strong><br \/>\n<\/a> y <a href=\"https:\/\/praxas.com\/es\/product\/registradores-de-datos\/temperatura-y-humedad\/el-sie-2\/\"><br \/>\n  <strong>EL-SIE-2+<\/strong><br \/>\n<\/a> son los nuevos y revolucionarios registradores de datos USB de EasyLog y son una alternativa m\u00e1s potente a este dispositivo. Pueden almacenar hasta un mill\u00f3n de lecturas de temperatura y humedad e incorporan una pantalla de gran nitidez para controlarlas de un vistazo.<\/p>\n","protected":false},"excerpt":{"rendered":"<p><!--Temperature and Relative Humidity USB Data Logger--><br \/>\nRegistrador de datos USB de temperatura y humedad (-35\u00b0C a 80\u00b0C)<\/p>\n","protected":false},"featured_media":10075,"template":"","meta":{"_acf_changed":false,"content-type":"","_uag_custom_page_level_css":""},"product_brand":[],"product_cat":[1610],"product_tag":[2435,1562,1618],"class_list":{"0":"post-33983","1":"product","2":"type-product","3":"status-publish","4":"has-post-thumbnail","6":"product_cat-temperatura-y-humedad","7":"product_tag-easylog-es","8":"product_tag-sensor-interno","9":"product_tag-usb-es","11":"first","12":"instock","13":"taxable","14":"shipping-taxable","15":"purchasable","16":"product-type-simple"},"bundled_by":[],"bundle_stock_status":"instock","bundle_stock_quantity":14,"bundle_virtual":false,"bundle_layout":"","bundle_add_to_cart_form_location":"","bundle_editable_in_cart":false,"bundle_sold_individually_context":"","bundle_item_grouping":"","bundle_min_size":"","bundle_max_size":"","bundle_price":[],"bundled_items":[],"bundle_sell_ids":[],"acf":[],"spectra_custom_meta":{"_download_limit":["-1"],"_download_expiry":["-1"],"_downloadable":["no"],"_sku":["EL-USB-2"],"_stock_status":["instock"],"_sold_individually":["no"],"_tax_class":[""],"_tax_status":["taxable"],"_virtual":["no"],"_weight":["0.076"],"_width":["0"],"_height":["0"],"_length":["0"],"total_sales":["354"],"_product_datasheet":["field_650ad7d6ea3a0"],"_connectivity":["field_64dce263bb57c"],"brand":["EasyLog"],"_brand":["field_64ddf62ed2593"],"_brand_image":["field_650c5e7c84cae"],"_specifications_table":["field_65044e1db92a8"],"_display_data_alarm":["field_667d647bcb066"],"_resources":["field_650849c6945ee"],"_accessories":["field_650849e6945f0"],"_faqs":["field_650859523d8d5"],"_calibration_suitable_ids_gb":["field_654b4c4acb54a"],"_calibration_suitable_ids_us":["field_654b4c56cb54b"],"_show_in_calibration_suitable":["field_654cfb691d345"],"_other_features":["field_668524f8c98a4"],"_shipping":["field_66852535c98a5"],"_refrigerant_cabinet":["field_66852557c98a6"],"_usd_price_4":["field_651570dcac479"],"_usd_price_9":["field_6515713eb4807"],"_usd_price_24":["field_65157141b4809"],"_usd_price_49":["field_65157140b4808"],"_usd_price_99":["field_6515715bb480a"],"_gbp_price_4":["field_6515716e83bfa"],"_gbp_price_9":["field_6515724783bfb"],"_gbp_price_24":["field_6515724b83bfc"],"_gbp_price_49":["field_6515725983bfd"],"_gbp_price_99":["field_6515725d83bfe"],"_usdhk_price_4":["field_6515726f83bff"],"_usdhk_price_9":["field_6515727c83c00"],"_usdhk_price_24":["field_6515728083c01"],"_usdhk_price_49":["field_6515728983c02"],"_usdhk_price_99":["field_6515728e83c03"],"stock_options":["In stock"],"_stock_options":["field_6544b605dc7f9"],"_top_nav_excluded":[""],"_cms_nav_minihome":[""],"calibration":[""],"wcml_sync_hash":["a:1:{s:15:\"postmeta_fields\";s:32:\"19cc1ae2065f7afcc07f136e02dd14ec\";}"],"attr_label_translations":["a:0:{}"],"_product_image_gallery":["33985,33986,33987,33988"],"_crosssell_ids":["a:0:{}"],"_stock":["14.000000"],"connectivity":["USB"],"_main_specifications":["field_66855b25b1245"],"_last_translation_edit_mode":["translation-editor"],"_edit_lock":["1721812934:8383"],"classic-editor-remember":["classic-editor"],"rank_math_seo_score":["82"],"_edit_last":["8383"],"commercekit_gallery_layout":[""],"commercekit_disable_sticky_atc":["0"],"commercekit_wc_video_gallery":["a:0:{}"],"_rank_math_gtin_code":[""],"_wcml_average_rating":[null],"_wcml_review_count":[null],"_wcml_rating_count":[null],"_wc_average_rating":[0],"_wc_review_count":["0"],"_product_version":["9.1.2"],"display_data_alarm":[""],"calibration_suitable_ids_gb":[""],"calibration_suitable_ids_us":[""],"show_in_calibration_suitable":[""],"other_features":[""],"shipping":[""],"refrigerant_cabinet":[""],"main_specifications":[""],"shoptimizer_layout_pdp_short_description_position":["default"],"rank_math_primary_product_cat":["0"],"product_datasheet":["10539"],"brand_image":["10467"],"_wpml_media_duplicate":["1"],"_wpml_media_featured":["1"],"_product_attributes":["a:2:{s:16:\"pa_product-brand\";a:6:{s:4:\"name\";s:16:\"pa_product-brand\";s:5:\"value\";s:0:\"\";s:8:\"position\";i:0;s:10:\"is_visible\";i:1;s:12:\"is_variation\";i:0;s:11:\"is_taxonomy\";i:1;}s:19:\"pa_product-features\";a:6:{s:4:\"name\";s:19:\"pa_product-features\";s:5:\"value\";s:0:\"\";s:8:\"position\";i:1;s:10:\"is_visible\";i:1;s:12:\"is_variation\";i:0;s:11:\"is_taxonomy\";i:1;}}"],"_calibration":["field_66a0ddd599972"],"_backorders":["no"],"_manage_stock":["no"],"min_temp":["-35"],"max_temp":["80"],"_min_temp":["field_67ea5eb4e0a77"],"_max_temp":["field_67ea5f81e0a79"],"_wpml_word_count":["161"],"_global_unique_id":["5056744400182"],"rank_math_title":["EL-USB-2 | Registrador USB de Temperatura y Humedad | Praxas"],"rank_math_description":["Prueba el EasyLog EL-USB-2 de Lascar Electronics, un innovador registrador de datos USB para un seguimiento preciso y eficaz de la temperatura y la humedad."],"rank_math_focus_keyword":["EL-USB-2"],"specifications_table":["<table class=\"specifications\">\n<tbody>\n<tr class=\"even-row\">\n<td class=\"left-td\">Temperatura Rango de medici\u00f3n<\/td>\n<td>-35\u00b0C a 80\u00b0C (-31\u00b0F a 176\u00b0F)<\/td>\n<\/tr>\n<tr class=\"odd-row\">\n<td class=\"left-td\">Resoluci\u00f3n interna<\/td>\n<td>0,5\u00b0C (1\u00b0F)<\/td>\n<\/tr>\n<tr class=\"even-row\">\n<td class=\"left-td\">Precisi\u00f3n (error global)<\/td>\n<td>0,45\u00b0C (1,04\u00b0F) t\u00edpico (5 a 60\u00b0C)<\/td>\n<\/tr>\n<tr class=\"odd-row\">\n<td class=\"left-td\">Estabilidad a largo plazo<\/td>\n<td><0,02\u00b0C (0,04\u00b0F) \/ a\u00f1o<\/td>\n<\/tr>\n<tr class=\"even-row\">\n<td class=\"left-td\">Rango de medici\u00f3n de la humedad relativa<\/td>\n<td>0 a 100%HR<\/td>\n<\/tr>\n<tr class=\"odd-row\">\n<td class=\"left-td\">Resoluci\u00f3n interna<\/td>\n<td>0,5%HR<\/td>\n<\/tr>\n<tr class=\"even-row\">\n<td class=\"left-td\">Precisi\u00f3n (error global)<\/td>\n<td>3%HR (20 a 80%HR)<\/td>\n<\/tr>\n<tr class=\"odd-row\">\n<td class=\"left-td\">Estabilidad a largo plazo<\/td>\n<td><0,25%RH \/ a\u00f1o<\/td>\n<\/tr>\n<tr class=\"even-row\">\n<td class=\"left-td\">Tasa de registro<\/td>\n<td>Seleccionable por el usuario entre 10 segundos y 12 horas<\/td>\n<\/tr>\n<tr class=\"odd-row\">\n<td class=\"left-td\">Duraci\u00f3n de la bater\u00eda<\/td>\n<td>3 a\u00f1os<\/td>\n<\/tr>\n<\/tbody>\n<\/table>"],"resources":["<ul class=\"resources-list\">\n \t<li><img src=\"https:\/\/praxas.com\/wp-content\/uploads\/document-icon.png\" alt=\"Icono de documento\"><a href=\"https:\/\/praxas.com\/wp-content\/uploads\/easylog-data-logger_el-usb-2_iss16_02-2021-1.pdf\" target=\"_blank\" rel=\"noopener\">Hoja de datos EL-USB-2<\/a><\/li>\n \t<li><img src=\"https:\/\/praxas.com\/wp-content\/uploads\/software-icon.png\" alt=\"Icono de software\"><a href=\"https:\/\/praxas.com\/software\/easylog-software\/easylog-usb\/\" target=\"_blank\" rel=\"noopener\">Software USB EasyLog<\/a><\/li>\n \t<li><img src=\"https:\/\/praxas.com\/wp-content\/uploads\/document-icon.png\" alt=\"Icono de documento\"><a href=\"https:\/\/praxas.com\/wp-content\/uploads\/easylog-usb_quick-start-guide_iss12_singlepage-05_2018.pdf\" target=\"_blank\" rel=\"noopener\">EL-USB-2 Gu\u00eda de inicio r\u00e1pido<\/a><\/li>\n \t<li><img src=\"https:\/\/praxas.com\/wp-content\/uploads\/document-icon.png\" alt=\"Icono de documento\"><a href=\"https:\/\/praxas.com\/wp-content\/uploads\/el-usb-range-includes-el-gfx-range-troubleshooting.pdf\" target=\"_blank\" rel=\"noopener\">Soluci\u00f3n de problemas de la gama EL-USB<\/a><\/li>\n \t<li><img src=\"https:\/\/praxas.com\/wp-content\/uploads\/document-icon.png\" alt=\"Icono de documento\"><a href=\"https:\/\/praxas.com\/wp-content\/uploads\/Declaration-of-Conformity_EasyLog_iss1-Indonesia.pdf\" target=\"_blank\" rel=\"noopener\">Declaraci\u00f3n de conformidad EasyLog<\/a><\/li>\n<\/ul>\n\u00a0"],"accessories":["[products skus=\"BAT 3V6 1\/2AA\"]"],"faqs":["<span class=\"ui-provider bge bgf bgd bgg bgh bgi bgj bgk bgl bgm bgn bgo bgp bgq bgr bgs bgt bgu bgv bgw bgx bgy bgz bha bhb bhc bhd bhe bhf bhg bhh bhi bhj bhk bhl\" dir=\"ltr\">[accordion]\n[accordion_header]\u00bfCon qu\u00e9 frecuencia debo enviar mi registrador de datos para su recalibraci\u00f3n?[\/accordion_header]\n[accordion_section]Recomendamos una recalibraci\u00f3n anual, pero tus procedimientos pueden requerir algo distinto. Puedes contactar con Lascar para cualquier informaci\u00f3n sobre los <strong>\n  <a href=\"https:\/\/lascarelectronics.com\/calibration\/\">servicios de calibraci\u00f3n<\/a>\n<\/strong> que pueden ofrecerte.[\/accordion_section]\n[\/accordion]<\/span>\n\n<span class=\"ui-provider bge bgf bgd bgg bgh bgi bgj bgk bgl bgm bgn bgo bgp bgq bgr bgs bgt bgu bgv bgw bgx bgy bgz bha bhb bhc bhd bhe bhf bhg bhh bhi bhj bhk bhl\" dir=\"ltr\">[accordion]\n[accordion_header]\u00bfCu\u00e1nto durar\u00e1 la bater\u00eda de mi registrador de datos?[\/accordion_header]\n[accordion_section]La duraci\u00f3n de la bater\u00eda depende del registrador que tengas y de la configuraci\u00f3n, en la hoja de datos de tu producto puedes ver la duraci\u00f3n de la bater\u00eda mostrada en la tabla de especificaciones.[\/accordion_section]\n[\/accordion]<\/span>\n\n<a class=\"button button-secondary\" href=\"\/support\/el-usb-data-loggers\/\">M\u00e1s apoyo<\/a>"],"usd_price_4":["0.00"],"usd_price_9":["0.00"],"usd_price_24":["0.00"],"usd_price_49":["0.00"],"usd_price_99":["0.00"],"gbp_price_4":["0.00"],"gbp_price_9":["0.00"],"gbp_price_24":["49.49"],"gbp_price_49":["0.00"],"gbp_price_99":["43.99"],"usdhk_price_4":["0.00"],"usdhk_price_9":["0.00"],"usdhk_price_24":["66.59"],"usdhk_price_49":["0.00"],"usdhk_price_99":["59.19"],"_uag_page_assets":["a:9:{s:3:\"css\";s:0:\"\";s:2:\"js\";s:0:\"\";s:18:\"current_block_list\";a:0:{}s:8:\"uag_flag\";b:0;s:11:\"uag_version\";s:10:\"1776763693\";s:6:\"gfonts\";a:0:{}s:10:\"gfonts_url\";s:0:\"\";s:12:\"gfonts_files\";a:0:{}s:14:\"uag_faq_layout\";b:0;}"],"hubwoo_ecomm_pro_id":["25272609650"],"_regular_price":["70.8"],"_price":["70.8"],"_max_variation_price":[""],"_max_variation_regular_price":[""],"_max_variation_sale_price":[""],"_min_variation_price":[""],"_min_variation_regular_price":[""],"_min_variation_sale_price":[""],"_sale_price":[""],"_wc_pb_base_regular_price":[""],"_wc_pb_base_sale_price":[""],"_wc_pb_base_price":[""],"_wc_sw_max_price":[""],"_wc_sw_max_regular_price":[""],"_wc_rating_count":[""],"_thumbnail_id":["10075"]},"uagb_featured_image_src":{"full":["https:\/\/praxas.com\/wp-content\/uploads\/easylog-data-logger-EL-USB-2-Horizontal-Lid-On-1.png",800,463,false],"thumbnail":["https:\/\/praxas.com\/wp-content\/uploads\/easylog-data-logger-EL-USB-2-Horizontal-Lid-On-1-150x150.png",150,150,true],"medium":["https:\/\/praxas.com\/wp-content\/uploads\/easylog-data-logger-EL-USB-2-Horizontal-Lid-On-1-300x174.png",300,174,true],"medium_large":["https:\/\/praxas.com\/wp-content\/uploads\/easylog-data-logger-EL-USB-2-Horizontal-Lid-On-1-768x444.png",768,444,true],"large":["https:\/\/praxas.com\/wp-content\/uploads\/easylog-data-logger-EL-USB-2-Horizontal-Lid-On-1.png",800,463,false],"1536x1536":["https:\/\/praxas.com\/wp-content\/uploads\/easylog-data-logger-EL-USB-2-Horizontal-Lid-On-1.png",800,463,false],"2048x2048":["https:\/\/praxas.com\/wp-content\/uploads\/easylog-data-logger-EL-USB-2-Horizontal-Lid-On-1.png",800,463,false],"crunchify-admin-post-featured-image":["https:\/\/praxas.com\/wp-content\/uploads\/easylog-data-logger-EL-USB-2-Horizontal-Lid-On-1-120x69.png",120,69,true],"commercegurus-pdp-large":["https:\/\/praxas.com\/wp-content\/uploads\/easylog-data-logger-EL-USB-2-Horizontal-Lid-On-1.png",800,463,false],"commercegurus-plp-mobile":["https:\/\/praxas.com\/wp-content\/uploads\/easylog-data-logger-EL-USB-2-Horizontal-Lid-On-1-441x255.png",441,255,true],"cgkit_image_swatch":["https:\/\/praxas.com\/wp-content\/uploads\/easylog-data-logger-EL-USB-2-Horizontal-Lid-On-1-100x100.png",100,100,true],"woocommerce_thumbnail":["https:\/\/praxas.com\/wp-content\/uploads\/easylog-data-logger-EL-USB-2-Horizontal-Lid-On-1-300x174.png",300,174,true],"woocommerce_single":["https:\/\/praxas.com\/wp-content\/uploads\/easylog-data-logger-EL-USB-2-Horizontal-Lid-On-1.png",800,463,false],"woocommerce_gallery_thumbnail":["https:\/\/praxas.com\/wp-content\/uploads\/easylog-data-logger-EL-USB-2-Horizontal-Lid-On-1-150x87.png",150,87,true]},"uagb_author_info":{"display_name":"AndyS","author_link":"https:\/\/praxas.com\/es\/author\/"},"uagb_comment_info":0,"uagb_excerpt":"Registrador de datos USB de temperatura y humedad (-35\u00b0C a 80\u00b0C)","_links":{"self":[{"href":"https:\/\/praxas.com\/es\/wp-json\/wp\/v2\/product\/33983","targetHints":{"allow":["GET"]}}],"collection":[{"href":"https:\/\/praxas.com\/es\/wp-json\/wp\/v2\/product"}],"about":[{"href":"https:\/\/praxas.com\/es\/wp-json\/wp\/v2\/types\/product"}],"wp:featuredmedia":[{"embeddable":true,"href":"https:\/\/praxas.com\/es\/wp-json\/wp\/v2\/media\/10075"}],"wp:attachment":[{"href":"https:\/\/praxas.com\/es\/wp-json\/wp\/v2\/media?parent=33983"}],"wp:term":[{"taxonomy":"product_brand","embeddable":true,"href":"https:\/\/praxas.com\/es\/wp-json\/wp\/v2\/product_brand?post=33983"},{"taxonomy":"product_cat","embeddable":true,"href":"https:\/\/praxas.com\/es\/wp-json\/wp\/v2\/product_cat?post=33983"},{"taxonomy":"product_tag","embeddable":true,"href":"https:\/\/praxas.com\/es\/wp-json\/wp\/v2\/product_tag?post=33983"}],"curies":[{"name":"wp","href":"https:\/\/api.w.org\/{rel}","templated":true}]}}