{"id":34000,"date":"2023-09-12T15:17:13","date_gmt":"2023-09-12T13:17:13","guid":{"rendered":"https:\/\/staging.praxas.com\/product\/sin%20categor\u00eda\/el-21cfr-tp-lcd-2\/"},"modified":"2025-10-09T09:34:21","modified_gmt":"2025-10-09T07:34:21","slug":"el-21cfr-tp-lcd-2","status":"publish","type":"product","link":"https:\/\/praxas.com\/es\/product\/registradores-de-datos\/registradores-de-datos-de-temperatura\/el-21cfr-tp-lcd-2\/","title":{"rendered":"EL-21CFR-TP-LCD"},"content":{"rendered":"<p>Este registrador de datos aut\u00f3nomo, que cumple la normativa 21CFR, registra y muestra m\u00e1s de 32.000 lecturas de temperatura de la sonda termistor suministrada. El registrador de datos dispone de una pantalla LCD y un pulsador que permiten al usuario recorrer las lecturas almacenadas m\u00e1s recientes, m\u00e1s altas y m\u00e1s bajas.<\/p>\n<h5>\u00bfPor qu\u00e9 comprar un registrador 21CFR?<\/h5>\n<p>La normativa 21 CFR Parte 11 de la Administraci\u00f3n de Alimentos y Medicamentos de EEUU (FDA) establece los criterios seg\u00fan los cuales la FDA puede considerar que los registros electr\u00f3nicos son equivalentes a los registros en papel. Si necesitas cumplir estas normativas o tienes requisitos de seguridad de datos mejorados, entonces debes elegir uno de nuestros registradores 21CFR; de lo contrario, nuestros registradores est\u00e1ndar ser\u00e1n suficientes.<\/p>\n<p>Utilizado junto con el software Lascar <a href=\"https:\/\/praxas.com\/es\/software\/software-easylog\/easylog-21cfr-usb\/\"><br \/>\n  <strong>21CFR Parte 11<\/strong><br \/>\n<\/a>el registrador disfruta de todas las ofertas b\u00e1sicas del software EasyLog original, pero con caracter\u00edsticas 21CFR adicionales, como permisos de usuario, datos encriptados que no se pueden editar, pista de auditor\u00eda completa y firmas electr\u00f3nicas para toda la actividad.<\/p>\n<p>Configura f\u00e1cilmente el registrador y visualiza los datos descargados conectando la unidad al puerto USB de un PC y utilizando el software gratuito 21CFR Parte 11 suministrado. Se suministra con \u00bd pila AA y clip de montaje en pared.<\/p>\n<p>Este producto cumple la norma BS EN 12830:2018 (Registradores de temperatura para el transporte, almacenamiento y distribuci\u00f3n de mercanc\u00edas sensibles a la temperatura).<\/p>\n<p><strong>NOTA<\/strong>: Puedes a\u00f1adir hasta DOS BATER\u00cdAS DE REPUESTO por cada registrador de datos que pidas. Si deseas pedir m\u00e1s de esta cantidad, ponte en contacto con tu <a href=\"https:\/\/praxas.com\/es\/contacta-con-nosotros\/\"><br \/>\n  <strong>oficina de ventas local<\/strong><br \/>\n<\/a> para obtener informaci\u00f3n sobre env\u00edos especiales.<\/p>\n","protected":false},"excerpt":{"rendered":"<p>21CFR Registrador USB de sondas de termistor con pantalla<\/p>\n","protected":false},"featured_media":34001,"template":"","meta":{"_acf_changed":false,"content-type":"","_uag_custom_page_level_css":""},"product_brand":[],"product_cat":[1601],"product_tag":[1602,2435,1571,1605,1609,1618],"class_list":{"0":"post-34000","1":"product","2":"type-product","3":"status-publish","4":"has-post-thumbnail","6":"product_cat-registradores-de-datos-de-temperatura","7":"product_tag-21cfr-es","8":"product_tag-easylog-es","9":"product_tag-mostrar","10":"product_tag-sonda-externa","11":"product_tag-termistor","12":"product_tag-usb-es","14":"first","15":"instock","16":"taxable","17":"shipping-taxable","18":"purchasable","19":"product-type-simple"},"bundled_by":[],"bundle_stock_status":"instock","bundle_stock_quantity":81,"bundle_virtual":false,"bundle_layout":"","bundle_add_to_cart_form_location":"","bundle_editable_in_cart":false,"bundle_sold_individually_context":"","bundle_item_grouping":"","bundle_min_size":"","bundle_max_size":"","bundle_price":[],"bundled_items":[],"bundle_sell_ids":[],"acf":[],"spectra_custom_meta":{"_download_limit":["-1"],"_download_expiry":["-1"],"_downloadable":["no"],"_sku":["EL-21CFR-TP-LCD"],"_stock_status":["instock"],"_sold_individually":["no"],"_tax_class":[""],"_tax_status":["taxable"],"_virtual":["no"],"_weight":["0.113"],"_width":["0"],"_height":["0"],"_length":["0"],"total_sales":["19"],"_product_datasheet":["field_650ad7d6ea3a0"],"_connectivity":["field_64dce263bb57c"],"brand":["EasyLog"],"_brand":["field_64ddf62ed2593"],"_brand_image":["field_650c5e7c84cae"],"_specifications_table":["field_65044e1db92a8"],"_resources":["field_650849c6945ee"],"_accessories":["field_650849e6945f0"],"_faqs":["field_650859523d8d5"],"_calibration_suitable_ids_gb":["field_654b4c4acb54a"],"_calibration_suitable_ids_us":["field_654b4c56cb54b"],"_show_in_calibration_suitable":["field_654cfb691d345"],"_usd_price_4":["field_651570dcac479"],"_usd_price_9":["field_6515713eb4807"],"_usd_price_24":["field_65157141b4809"],"_usd_price_49":["field_65157140b4808"],"_usd_price_99":["field_6515715bb480a"],"_gbp_price_4":["field_6515716e83bfa"],"_gbp_price_9":["field_6515724783bfb"],"_gbp_price_24":["field_6515724b83bfc"],"_gbp_price_49":["field_6515725983bfd"],"_gbp_price_99":["field_6515725d83bfe"],"_usdhk_price_4":["field_6515726f83bff"],"_usdhk_price_9":["field_6515727c83c00"],"_usdhk_price_24":["field_6515728083c01"],"_usdhk_price_49":["field_6515728983c02"],"_usdhk_price_99":["field_6515728e83c03"],"stock_options":["In stock"],"_stock_options":["field_6544b605dc7f9"],"_top_nav_excluded":[""],"_cms_nav_minihome":[""],"calibration":[""],"wcml_sync_hash":["a:1:{s:15:\"postmeta_fields\";s:32:\"2af5eb82b8bedbd55d48c6a858db94eb\";}"],"attr_label_translations":["a:0:{}"],"_product_image_gallery":["34002,34003,34004,34005,34006"],"_thumbnail_id":["34001"],"_crosssell_ids":["a:0:{}"],"_stock":["81.000000"],"connectivity":["USB"],"_display_data_alarm":["field_667d647bcb066"],"_calibration":["field_66a0ddd599972"],"_other_features":["field_668524f8c98a4"],"_shipping":["field_66852535c98a5"],"_refrigerant_cabinet":["field_66852557c98a6"],"_main_specifications":["field_66855b25b1245"],"_edit_lock":["1721922583:8383"],"classic-editor-remember":["classic-editor"],"rank_math_seo_score":["74"],"_edit_last":["8383"],"commercekit_gallery_layout":[""],"commercekit_disable_sticky_atc":["0"],"commercekit_wc_video_gallery":["a:0:{}"],"_rank_math_gtin_code":[""],"_wcml_average_rating":[null],"_wcml_review_count":[null],"_wcml_rating_count":[null],"_wc_average_rating":[0],"_wc_review_count":["0"],"_product_version":["9.1.2"],"display_data_alarm":[""],"calibration_suitable_ids_gb":[""],"calibration_suitable_ids_us":[""],"show_in_calibration_suitable":[""],"other_features":[""],"shipping":[""],"refrigerant_cabinet":[""],"main_specifications":[""],"shoptimizer_layout_pdp_short_description_position":["default"],"rank_math_primary_product_cat":["0"],"product_datasheet":["10437"],"brand_image":["10467"],"_wpml_media_duplicate":["1"],"_wpml_media_featured":["1"],"_last_translation_edit_mode":["translation-editor"],"_product_attributes":["a:2:{s:16:\"pa_product-brand\";a:6:{s:4:\"name\";s:16:\"pa_product-brand\";s:5:\"value\";s:0:\"\";s:8:\"position\";i:0;s:10:\"is_visible\";i:1;s:12:\"is_variation\";i:0;s:11:\"is_taxonomy\";i:1;}s:19:\"pa_product-features\";a:6:{s:4:\"name\";s:19:\"pa_product-features\";s:5:\"value\";s:0:\"\";s:8:\"position\";i:1;s:10:\"is_visible\";i:1;s:12:\"is_variation\";i:0;s:11:\"is_taxonomy\";i:1;}}"],"_backorders":["no"],"_manage_stock":["no"],"min_temp":["-40"],"max_temp":["125"],"_min_temp":["field_67ea5eb4e0a77"],"_max_temp":["field_67ea5f81e0a79"],"_wpml_word_count":["310"],"_global_unique_id":["5056744400236"],"rank_math_title":["EL-21CFR-TP-LCD | 21CFR Registrador de Sondas de Termistor con Pantalla"],"rank_math_description":["El EL-21CFR-TP-LCD de Lascar es un registrador de datos conforme al 21CFR que registra y muestra m\u00e1s de 32.000 lecturas de temperatura de la sonda termistor suministrada."],"rank_math_focus_keyword":["EL-21CFR-TP-LCD"],"specifications_table":["<table class=\"specifications\">\n<tbody>\n<tr class=\"even-row\">\n<td class=\"left-td\">Rango de medici\u00f3n<\/td>\n<td>-40 a 125\u00b0C (-40 a 257\u00b0F)<\/td>\n<\/tr>\n<tr class=\"odd-row\">\n<td class=\"left-td\">Precisi\u00f3n<\/td>\n<td>\u00b10,6\u00b0C (-5 a 40\u00b0C)<\/td>\n<\/tr>\n<tr class=\"even-row\">\n<td class=\"left-td\">Velocidad de registro<\/td>\n<td>Seleccionable por el usuario entre 1 segundo y 12 horas<\/td>\n<\/tr>\n<tr class=\"odd-row\">\n<td class=\"left-td\">Temperatura de funcionamiento<\/td>\n<td>-35 a 80\u00b0C (-31 a 176\u00b0F)<\/td>\n<\/tr>\n<tr class=\"even-row\">\n<td class=\"left-td\">Duraci\u00f3n de la bater\u00eda<\/td>\n<td>2 a\u00f1os<\/td>\n<\/tr>\n<tr class=\"odd-row\">\n<td class=\"left-td\">Longitud del cable de la sonda<\/td>\n<td>1m (39.4\")<\/td>\n<\/tr>\n<\/tbody>\n<\/table>"],"resources":["<ul class=\"resources-list\">\n \t<li><img src=\"https:\/\/praxas.com\/wp-content\/uploads\/document-icon.png\" alt=\"Icono de documento\"><a href=\"https:\/\/praxas.com\/wp-content\/uploads\/easylog-data-logger-el-21cfr-tp-lcd-iss3_10-18.pdf\" target=\"_blank\" rel=\"noopener\">Hoja de datos EL-21CFR-TP-LCD<\/a><\/li>\n \t<li><img src=\"https:\/\/praxas.com\/wp-content\/uploads\/software-icon.png\" alt=\"Icono de software\"><a href=\"https:\/\/praxas.com\/software\/easylog-software\/easylog-21cfr-usb\/\" target=\"_blank\" rel=\"noopener\">Software EasyLog 21CFR<\/a><\/li>\n \t<li><img src=\"https:\/\/praxas.com\/wp-content\/uploads\/document-icon.png\" alt=\"Icono de documento\">\n<a href=\"https:\/\/praxas.com\/wp-content\/uploads\/el-21cfr_quick-start-guide_iss2_07-26_singlepageversion.pdf\" target=\"_blank\" rel=\"noopener\">EL-21CFR-TP-LCD Gu\u00eda de inicio r\u00e1pido<\/a><\/li>\n \t<li><img src=\"https:\/\/praxas.com\/wp-content\/uploads\/document-icon.png\" alt=\"Icono de documento\">\n<a href=\"https:\/\/praxas.com\/wp-content\/uploads\/el-usb-range-includes-el-gfx-range-troubleshooting.pdf\" target=\"_blank\" rel=\"noopener\">Soluci\u00f3n de problemas de la gama EL-USB<\/a><\/li>\n \t<li><img src=\"https:\/\/praxas.com\/wp-content\/uploads\/video-icon-orange.png\" alt=\"Icono de v\u00eddeo\">\n<a href=\"https:\/\/www.youtube.com\/watch?v=cJpI4-i63Tk&list=PL_yZedoZ_7MrSRnF7Sh4M-BymVVqeuO2p\" target=\"_blank\" rel=\"noopener\">V\u00eddeos tutoriales 21CFR<\/a><\/li>\n \t<li><img src=\"https:\/\/praxas.com\/wp-content\/uploads\/document-icon.png\" alt=\"Icono de documento\"><a href=\"https:\/\/praxas.com\/wp-content\/uploads\/Declaration-of-Conformity_EasyLog_iss26.pdf\" target=\"_blank\" rel=\"noopener\">EL-21CFR-TP-LCD Declaraci\u00f3n de conformidad<\/a><\/li>\n \t<li><img src=\"https:\/\/praxas.com\/wp-content\/uploads\/document-icon.png\" alt=\"Icono de documento\"><a href=\"https:\/\/praxas.com\/wp-content\/uploads\/bs-en-12830-record-of-compliance-issue-1.pdf\" target=\"_blank\" rel=\"noopener\">BS EN 12830:2018 Registro de conformidad<\/a><\/li>\n \t<li><img src=\"https:\/\/praxas.com\/wp-content\/uploads\/document-icon.png\" alt=\"Icono de documento\"><a href=\"https:\/\/praxas.com\/wp-content\/uploads\/declaration-of-conformity_easylog_useonaircraft_iss2-2.pdf\" target=\"_blank\" rel=\"noopener\">Declaraci\u00f3n de uso en aeronaves<\/a><\/li>\n \t<li><img src=\"https:\/\/praxas.com\/wp-content\/uploads\/document-icon.png\" alt=\"Icono de documento\"><a href=\"https:\/\/praxas.com\/wp-content\/uploads\/21cfr-requirements-checklist_issue_3-04_2020-usb.pdf\" target=\"_blank\" rel=\"noopener\">Lista de comprobaci\u00f3n de los requisitos del 21CFR<\/a><\/li>\n<\/ul>\n<a class=\"button button-secondary\" href=\"https:\/\/praxas.com\/support\/\">M\u00e1s apoyo<\/a>"],"accessories":["[products skus=\"BAT 3V6 1\/2AA,EL-P-TP+,EL-P-TP,EL-P-VAC,EL-PROBE-EXTENDER-5M,EL-PROBE-EXTENDER-1.5M,EL-PROBE-EXTENDER-3M,EL-PROBE-EXTENDER-10M,Fridge Install Kit-TP\"]"],"faqs":["<span class=\"ui-provider bge bgf bgd bgg bgh bgi bgj bgk bgl bgm bgn bgo bgp bgq bgr bgs bgt bgu bgv bgw bgx bgy bgz bha bhb bhc bhd bhe bhf bhg bhh bhi bhj bhk bhl\" dir=\"ltr\">[accordion]\n[accordion_header]\u00bfPodr\u00edas explicar qu\u00e9 es el 21CFR Parte 11?[\/accordion_header]\n[accordion_section]El C\u00f3digo de Reglamentos Federales 21 Parte 11 de la FDA (Administraci\u00f3n de Alimentos y Medicamentos) de EE.UU. es una ampliaci\u00f3n de la normativa existente que define qu\u00e9 registros y firmas electr\u00f3nicos deben considerarse precisos para sustituir a los registros en papel en la industria farmac\u00e9utica y m\u00e9dica. Nuestro sistema ha sido dise\u00f1ado para ayudar a las empresas a cumplir esta normativa.[\/accordion_section]\n[\/accordion]<\/span>\n\n<span class=\"ui-provider bge bgf bgd bgg bgh bgi bgj bgk bgl bgm bgn bgo bgp bgq bgr bgs bgt bgu bgv bgw bgx bgy bgz bha bhb bhc bhd bhe bhf bhg bhh bhi bhj bhk bhl\" dir=\"ltr\">[accordion]\n[accordion_header]\u00bfPor qu\u00e9 no funcionan mis pilas?[\/accordion_header]\n[accordion_section]Si no se utilizan durante largos periodos de tiempo, las pilas de litio metal, incluidas las utilizadas en la gama EasyLog de registradores de datos, forman de forma natural una capa interna no conductora -una capa de Pasivaci\u00f3n- que impide que se autodescarguen y aumenta eficazmente su vida \u00fatil. Cuando se instala por primera vez en el registrador de datos, puede provocar una ca\u00edda moment\u00e1nea de la tensi\u00f3n de la bater\u00eda (la Tensi\u00f3n M\u00ednima Transitoria) al romperse la capa interna, lo que provoca el reinicio del registrador de datos. Colocar las pilas en el registrador de datos y dejarlo conectado a un PC durante unos 30 segundos eliminar\u00e1 esta capa. Despu\u00e9s de esto, quita y vuelve a poner las pilas para reiniciar el registrador de datos. La duraci\u00f3n total de la bater\u00eda no se ver\u00e1 afectada.[\/accordion_section]\n[\/accordion]<\/span>\n\n<a class=\"button button-secondary\" href=\"\/support\/21cfr-data-loggers\/\">M\u00e1s apoyo<\/a>"],"usd_price_4":["0.00"],"usd_price_9":["0.00"],"usd_price_24":["0.00"],"usd_price_49":["0.00"],"usd_price_99":["0.00"],"gbp_price_4":["0.00"],"gbp_price_9":["0.00"],"gbp_price_24":["89.99"],"gbp_price_49":["0.00"],"gbp_price_99":["79.99"],"usdhk_price_4":["0.00"],"usdhk_price_9":["0.00"],"usdhk_price_24":["121.49"],"usdhk_price_49":["0.00"],"usdhk_price_99":["107.99"],"_uag_page_assets":["a:9:{s:3:\"css\";s:0:\"\";s:2:\"js\";s:0:\"\";s:18:\"current_block_list\";a:0:{}s:8:\"uag_flag\";b:0;s:11:\"uag_version\";s:10:\"1776333386\";s:6:\"gfonts\";a:0:{}s:10:\"gfonts_url\";s:0:\"\";s:12:\"gfonts_files\";a:0:{}s:14:\"uag_faq_layout\";b:0;}"],"hubwoo_ecomm_pro_id":["25284277332"],"_regular_price":["130.4"],"_price":["130.4"],"_max_variation_price":[""],"_max_variation_regular_price":[""],"_max_variation_sale_price":[""],"_min_variation_price":[""],"_min_variation_regular_price":[""],"_min_variation_sale_price":[""],"_sale_price":[""],"_wc_pb_base_regular_price":[""],"_wc_pb_base_sale_price":[""],"_wc_pb_base_price":[""],"_wc_sw_max_price":[""],"_wc_sw_max_regular_price":[""],"_wc_rating_count":[""]},"uagb_featured_image_src":{"full":["https:\/\/praxas.com\/wp-content\/uploads\/easylog-data-logger-EL-21CFR-TP-LCD-Angle_Probe-Logo.png",800,463,false],"thumbnail":["https:\/\/praxas.com\/wp-content\/uploads\/easylog-data-logger-EL-21CFR-TP-LCD-Angle_Probe-Logo-150x150.png",150,150,true],"medium":["https:\/\/praxas.com\/wp-content\/uploads\/easylog-data-logger-EL-21CFR-TP-LCD-Angle_Probe-Logo-300x174.png",300,174,true],"medium_large":["https:\/\/praxas.com\/wp-content\/uploads\/easylog-data-logger-EL-21CFR-TP-LCD-Angle_Probe-Logo-768x444.png",768,444,true],"large":["https:\/\/praxas.com\/wp-content\/uploads\/easylog-data-logger-EL-21CFR-TP-LCD-Angle_Probe-Logo.png",800,463,false],"1536x1536":["https:\/\/praxas.com\/wp-content\/uploads\/easylog-data-logger-EL-21CFR-TP-LCD-Angle_Probe-Logo.png",800,463,false],"2048x2048":["https:\/\/praxas.com\/wp-content\/uploads\/easylog-data-logger-EL-21CFR-TP-LCD-Angle_Probe-Logo.png",800,463,false],"crunchify-admin-post-featured-image":["https:\/\/praxas.com\/wp-content\/uploads\/easylog-data-logger-EL-21CFR-TP-LCD-Angle_Probe-Logo-120x69.png",120,69,true],"commercegurus-pdp-large":["https:\/\/praxas.com\/wp-content\/uploads\/easylog-data-logger-EL-21CFR-TP-LCD-Angle_Probe-Logo.png",800,463,false],"commercegurus-plp-mobile":["https:\/\/praxas.com\/wp-content\/uploads\/easylog-data-logger-EL-21CFR-TP-LCD-Angle_Probe-Logo-441x255.png",441,255,true],"cgkit_image_swatch":["https:\/\/praxas.com\/wp-content\/uploads\/easylog-data-logger-EL-21CFR-TP-LCD-Angle_Probe-Logo-100x100.png",100,100,true],"woocommerce_thumbnail":["https:\/\/praxas.com\/wp-content\/uploads\/easylog-data-logger-EL-21CFR-TP-LCD-Angle_Probe-Logo-300x174.png",300,174,true],"woocommerce_single":["https:\/\/praxas.com\/wp-content\/uploads\/easylog-data-logger-EL-21CFR-TP-LCD-Angle_Probe-Logo.png",800,463,false],"woocommerce_gallery_thumbnail":["https:\/\/praxas.com\/wp-content\/uploads\/easylog-data-logger-EL-21CFR-TP-LCD-Angle_Probe-Logo-150x87.png",150,87,true]},"uagb_author_info":{"display_name":"AndyS","author_link":"https:\/\/praxas.com\/es\/author\/"},"uagb_comment_info":0,"uagb_excerpt":"21CFR Registrador USB de sondas de termistor con pantalla","_links":{"self":[{"href":"https:\/\/praxas.com\/es\/wp-json\/wp\/v2\/product\/34000","targetHints":{"allow":["GET"]}}],"collection":[{"href":"https:\/\/praxas.com\/es\/wp-json\/wp\/v2\/product"}],"about":[{"href":"https:\/\/praxas.com\/es\/wp-json\/wp\/v2\/types\/product"}],"wp:featuredmedia":[{"embeddable":true,"href":"https:\/\/praxas.com\/es\/wp-json\/wp\/v2\/media\/34001"}],"wp:attachment":[{"href":"https:\/\/praxas.com\/es\/wp-json\/wp\/v2\/media?parent=34000"}],"wp:term":[{"taxonomy":"product_brand","embeddable":true,"href":"https:\/\/praxas.com\/es\/wp-json\/wp\/v2\/product_brand?post=34000"},{"taxonomy":"product_cat","embeddable":true,"href":"https:\/\/praxas.com\/es\/wp-json\/wp\/v2\/product_cat?post=34000"},{"taxonomy":"product_tag","embeddable":true,"href":"https:\/\/praxas.com\/es\/wp-json\/wp\/v2\/product_tag?post=34000"}],"curies":[{"name":"wp","href":"https:\/\/api.w.org\/{rel}","templated":true}]}}