{"id":41222,"date":"2024-08-16T10:21:05","date_gmt":"2024-08-16T08:21:05","guid":{"rendered":"https:\/\/praxas.com\/product\/sin%20categor\u00eda\/lascar-el-cc-2-000-medidor-de-temperatura-y-humedad\/"},"modified":"2025-12-11T10:26:09","modified_gmt":"2025-12-11T09:26:09","slug":"lascar-el-cc-2-000-medidor-de-temperatura-y-humedad","status":"publish","type":"product","link":"https:\/\/praxas.com\/es\/product\/registradores-de-datos\/temperatura-y-humedad\/lascar-el-cc-2-000-medidor-de-temperatura-y-humedad\/","title":{"rendered":"EL-CC-2-000"},"content":{"rendered":"&#13;\n<p>El medidor de temperatura y humedad EL-CC-2-000 es un monitor de temperatura y humedad relativa de un solo uso con alarma. Este registrador de datos mide y almacena datos tanto de temperatura como de humedad. <\/p>&#13;\n&#13;\n<p>Al transportar productos alimenticios, es importante vigilar y controlar las condiciones de transporte y almacenamiento.\nMidiendo con precisi\u00f3n la temperatura y la humedad durante el transporte, puedes evitar da\u00f1os, p\u00e9rdidas de peso o mermas durante el transporte y el almacenamiento.  <\/p>&#13;\n&#13;\n<p>El registrador de datos est\u00e1 preconfigurado con alarmas de 24\u00b0C altos y 20\u00b0C bajos.<\/p>&#13;\n&#13;\n<p><strong>Ventajas EL-CC-2-000 Medidor de Temperatura y Humedad<\/strong><\/p>&#13;\n\r\n<ul class=\"wp-block-list\">&#13;\n<li>Medidor de temperatura y humedad en 1<\/li>&#13;\n\r\n\r\n&#13;\n<li>Rango de medici\u00f3n de -30 a +70\u00b0C<\/li>&#13;\n\r\n\r\n&#13;\n<li>Tambi\u00e9n mide de 0 a 100% de humedad relativa.<\/li>&#13;\n\r\n\r\n&#13;\n<li>No requiere preparaci\u00f3n<\/li>&#13;\n\r\n\r\n&#13;\n<li>Vida \u00fatil de 12 meses<\/li>&#13;\n\r\n\r\n&#13;\n<li>Se acabaron las mediciones manuales<\/li>&#13;\n<\/ul>\r\n&#13;\n<p><br\/><strong>F\u00e1cil acceso a los datos<\/strong><\/p>&#13;\n&#13;\n<p>Tras su almacenamiento o transporte, es muy f\u00e1cil acceder a los datos.\nS\u00f3lo tienes que rasgar la carcasa de pl\u00e1stico IP67 para descubrir el conector USB e introducirlo en tu PC.\nUtiliza el software gratuito EasyLog CC para Windows para descargar y representar gr\u00e1ficamente los datos.  <\/p>&#13;\n&#13;\n<p><strong>  El medidor de temperatura y humedad ayuda a conservar la mercanc\u00eda durante m\u00e1s tiempo<\/strong><\/p>&#13;\n&#13;\n<p>Este Registrador de Temperatura y Humedad se utiliza para controlar la temperatura y la humedad del transporte y el almacenamiento a corta y larga distancia, y es conocido por su alto rendimiento, calidad y precisi\u00f3n. La calidad de productos como los alimentos depende de una temperatura ambiente adecuada. Colocar el EL-CC-2-000 en la carga garantiza que conoces esta informaci\u00f3n y puedes asegurar la calidad y seguridad de los productos.  <\/p>&#13;\n&#13;\n<p>Utilizando el Medidor de Temperatura y Humedad EL-CC-2-000, conocer\u00e1s en todo momento la temperatura y la humedad de tu carga y evitar\u00e1s da\u00f1os durante el transporte y el almacenamiento.<\/p>&#13;\n","protected":false},"excerpt":{"rendered":"<ul>\n<li>-30\u00b0C a +70\u00b0C<\/li>\n<li>No requiere instalaci\u00f3n<\/li>\n<li>Duraci\u00f3n m\u00ednima de la bater\u00eda 12 meses<\/li>\n<li>De 0 a 100% de humedad relativa<\/li>\n<\/ul>\n","protected":false},"featured_media":41622,"template":"","meta":{"_acf_changed":false,"content-type":"","_uag_custom_page_level_css":""},"product_brand":[],"product_cat":[1610,1636],"product_tag":[2266],"class_list":{"0":"post-41222","1":"product","2":"type-product","3":"status-publish","4":"has-post-thumbnail","6":"product_cat-temperatura-y-humedad","7":"product_cat-logistica-de-la-cadena-de-frio","8":"product_tag-temperatura-es","10":"first","11":"instock","12":"taxable","13":"shipping-taxable","14":"purchasable","15":"product-type-simple"},"bundled_by":[],"bundle_stock_status":"instock","bundle_stock_quantity":297,"bundle_virtual":false,"bundle_layout":"","bundle_add_to_cart_form_location":"","bundle_editable_in_cart":false,"bundle_sold_individually_context":"","bundle_item_grouping":"","bundle_min_size":"","bundle_max_size":"","bundle_price":[],"bundled_items":[],"bundle_sell_ids":[],"acf":[],"spectra_custom_meta":{"_download_limit":["-1"],"_download_expiry":["-1"],"_downloadable":["no"],"_stock_status":["instock"],"_sold_individually":["no"],"_tax_class":[""],"_tax_status":["taxable"],"_virtual":["no"],"total_sales":["6"],"_product_datasheet":["field_650ad7d6ea3a0"],"connectivity":["USB"],"_connectivity":["field_64dce263bb57c"],"brand":["EasyLog"],"_brand":["field_64ddf62ed2593"],"_brand_image":["field_650c5e7c84cae"],"_specifications_table":["field_65044e1db92a8"],"_display_data_alarm":["field_667d647bcb066"],"_resources":["field_650849c6945ee"],"_calibration":["field_66a0ddd599972"],"_accessories":["field_650849e6945f0"],"_faqs":["field_650859523d8d5"],"_calibration_suitable_ids_gb":["field_654b4c4acb54a"],"_calibration_suitable_ids_us":["field_654b4c56cb54b"],"_show_in_calibration_suitable":["field_654cfb691d345"],"_shipping":["field_66852535c98a5"],"_refrigerant_cabinet":["field_66852557c98a6"],"_main_specifications":["field_66855b25b1245"],"_usd_price_4":["field_651570dcac479"],"_usd_price_9":["field_6515713eb4807"],"_usd_price_24":["field_65157141b4809"],"_usd_price_49":["field_65157140b4808"],"_usd_price_99":["field_6515715bb480a"],"_gbp_price_4":["field_6515716e83bfa"],"_gbp_price_9":["field_6515724783bfb"],"_gbp_price_24":["field_6515724b83bfc"],"_gbp_price_49":["field_6515725983bfd"],"_gbp_price_99":["field_6515725d83bfe"],"_usdhk_price_4":["field_6515726f83bff"],"_usdhk_price_9":["field_6515727c83c00"],"_usdhk_price_24":["field_6515728083c01"],"_usdhk_price_49":["field_6515728983c02"],"_usdhk_price_99":["field_6515728e83c03"],"stock_options":["In stock"],"_stock_options":["field_6544b605dc7f9"],"_top_nav_excluded":[""],"_cms_nav_minihome":[""],"wcml_sync_hash":["a:1:{s:15:\"postmeta_fields\";s:32:\"bd4372ad9a8ce49c6fbfd524069ffd8f\";}"],"attr_label_translations":["a:0:{}"],"_thumbnail_id":["41622"],"_product_image_gallery":["41217"],"_crosssell_ids":["a:0:{}"],"_last_translation_edit_mode":["translation-editor"],"_stock":["297.000000"],"_sku":["EL-CC-2-000"],"_weight":["0.114"],"_width":["5.0"],"_height":["3.0"],"_length":["6.8"],"product_datasheet":[""],"shoptimizer_layout_pdp_short_description_position":["default"],"rank_math_primary_product_cat":["696"],"rank_math_analytic_object_id":["556"],"_wpml_media_duplicate":["1"],"_wpml_media_featured":["1"],"_edit_lock":["1726127177:8383"],"classic-editor-remember":["classic-editor"],"rank_math_seo_score":["92"],"rank_math_contentai_score":["a:5:{s:8:\"keywords\";s:5:\"74.51\";s:9:\"wordCount\";s:1:\"0\";s:9:\"linkCount\";s:1:\"0\";s:12:\"headingCount\";s:1:\"0\";s:10:\"mediaCount\";s:1:\"0\";}"],"_edit_last":["8383"],"commercekit_gallery_layout":[""],"commercekit_disable_sticky_atc":["0"],"commercekit_wc_video_gallery":["a:0:{}"],"_rank_math_gtin_code":[""],"_wcml_average_rating":[null],"_wcml_review_count":[null],"_wcml_rating_count":[null],"_wc_average_rating":[0],"_wc_review_count":["0"],"_product_version":["9.2.3"],"usd_price_4":[""],"usd_price_9":[""],"usd_price_24":[""],"usd_price_49":[""],"usd_price_99":[""],"gbp_price_4":[""],"gbp_price_9":[""],"gbp_price_24":[""],"gbp_price_49":[""],"gbp_price_99":[""],"usdhk_price_4":[""],"usdhk_price_9":[""],"usdhk_price_24":[""],"usdhk_price_49":[""],"usdhk_price_99":[""],"display_data_alarm":[""],"calibration":[""],"accessories":[""],"faqs":[""],"calibration_suitable_ids_gb":[""],"calibration_suitable_ids_us":[""],"show_in_calibration_suitable":[""],"other_features":[""],"shipping":[""],"refrigerant_cabinet":[""],"main_specifications":[""],"brand_image":["23369"],"hubwoo_ecomm_pro_id":["30688555251"],"card_1_link_url":["a:1:{i:0;s:0:\"\";}"],"card_2_link_url":["a:1:{i:0;s:0:\"\";}"],"card_3_link_url":["a:1:{i:0;s:0:\"\";}"],"card_4_link_url":["a:1:{i:0;s:0:\"\";}"],"card_5_link_url":["a:1:{i:0;s:0:\"\";}"],"card_6_link_url":["a:1:{i:0;s:0:\"\";}"],"card_7_link_url":["a:1:{i:0;s:0:\"\";}"],"card_8_link_url":["a:1:{i:0;s:0:\"\";}"],"card_9_link_url":["a:1:{i:0;s:0:\"\";}"],"card_10_link_url":["a:1:{i:0;s:0:\"\";}"],"card_11_link_url":["a:1:{i:0;s:0:\"\";}"],"card_12_link_url":["a:1:{i:0;s:0:\"\";}"],"card_13_link_url":["a:1:{i:0;s:0:\"\";}"],"card_14_link_url":["a:1:{i:0;s:0:\"\";}"],"card_15_link_url":["a:1:{i:0;s:0:\"\";}"],"card_16_link_url":["a:1:{i:0;s:0:\"\";}"],"card_17_link_url":["a:1:{i:0;s:0:\"\";}"],"card_18_link_url":["a:1:{i:0;s:0:\"\";}"],"card_19_link_url":["a:1:{i:0;s:0:\"\";}"],"card_20_link_url":["a:1:{i:0;s:0:\"\";}"],"card_21_link_url":["a:1:{i:0;s:0:\"\";}"],"card_22_link_url":["a:1:{i:0;s:0:\"\";}"],"card_23_link_url":["a:1:{i:0;s:0:\"\";}"],"card_24_link_url":["a:1:{i:0;s:0:\"\";}"],"_backorders":["no"],"_manage_stock":["no"],"min_temp":["-30"],"max_temp":["70"],"_min_temp":["field_67ea5eb4e0a77"],"_max_temp":["field_67ea5f81e0a79"],"_wpml_word_count":["346"],"_other_features":["field_686fa2aa98dce"],"rank_math_title":["EL-CC-2-000 TEMP\u00d3METRO Y HUMIDIFICADOR | Praxas"],"rank_math_description":["Controla y vigila la temperatura y la humedad de una carga con el Medidor de Temperatura y Humedad EL-Cc-2-000.  "],"rank_math_focus_keyword":["EL-CC-2-000"],"specifications_table":["<table id=\"sheet0\" class=\"sheet0 gridlines\" border=\"0\" cellspacing=\"0\" cellpadding=\"0\"><colgroup> <col class=\"col0\"> <col class=\"col1\"> <col class=\"col2\"><\/colgroup>\n<tbody>\n<tr class=\"row0\">\n<td class=\"column0 style2 s style5\" rowspan=\"3\"><strong>Temperatura<\/strong><\/td><td class=\"column1 style3 s\"><strong>Rango de medici\u00f3n<\/strong><\/td><td class=\"column2 style4 s\">-30 a +70\u00b0C (-22 a +158\u00b0F)<\/td>\n<\/tr>\n<tr class=\"row1\">\n<td class=\"column1 style6 s\"><strong>Resoluci\u00f3n interna<\/strong><\/td><td class=\"column2 style7 s\">0,1\u00b0C (0,1\u00b0F)<\/td>\n<\/tr>\n<tr class=\"row2\">\n<td class=\"column1 style6 s\"><strong>Precisi\u00f3n (error total)<\/strong><\/td><td class=\"column2 style7 s\">\u00b10,3\u00b0C m\u00e1ximo (\u00b10,7\u00b0F)<\/td>\n<\/tr>\n<tr class=\"row3\">\n<td class=\"column0 style5 s style5\" rowspan=\"3\"><strong>Humedad relativa<\/strong><\/td><td class=\"column1 style6 s\"><strong>Rango de medici\u00f3n<\/strong><\/td><td class=\"column2 style7 s\">0 a 100%HR<\/td>\n<\/tr>\n<tr class=\"row4\">\n<td class=\"column1 style6 s\"><strong>Resoluci\u00f3n interna<\/strong><\/td><td class=\"column2 style7 s\">0,1%RV<\/td>\n<\/tr>\n<tr class=\"row5\">\n<td class=\"column1 style6 s\"><strong>Precisi\u00f3n (error total)<\/strong><\/td><td class=\"column2 style7 s\">\u00b12%RV<\/td>\n<\/tr>\n<tr class=\"row6\">\n<td class=\"column0 style8 s style8\" colspan=\"2\"><strong>Clasificaci\u00f3n IP<\/strong><\/td><td class=\"column2 style7 s\">IP67 (en el soporte de pl\u00e1stico o en la bolsa EL-CC-BAG)<\/td>\n<\/tr>\n<tr class=\"row7\">\n<td class=\"column0 style8 s style8\" colspan=\"2\"><strong>Duraci\u00f3n de la bater\u00eda<\/strong><\/td><td class=\"column2 style7 s\">12 meses (m\u00ednimo)<\/td>\n<\/tr>\n<tr class=\"row8\">\n<td class=\"column0 style8 s style8\" colspan=\"2\"><strong>Lecturas<\/strong><\/td><td class=\"column2 style7 s\">32,637 temperatura \/ 32,637 humedad relativa<\/td>\n<\/tr>\n<tr class=\"row9\">\n<td class=\"column0 style8 s style8\" colspan=\"2\"><strong>Intervalo de registro<\/strong><\/td><td class=\"column2 style7 s\">10 minutos (220 d\u00edas)<\/td>\n<\/tr>\n<\/tbody>\n<\/table>"],"resources":[" \n<ul class=\"resources-list\">\n \t<li><img src=\"https:\/\/praxas.com\/wp-content\/uploads\/document-icon.png\" alt=\"Icono de documento\"> <a href=\"https:\/\/praxas.com\/wp-content\/uploads\/praxas-easylog-cc-2-data-sheet-issue1.pdf\" target=\"_blank\" rel=\"noopener\">EL-CC-2-000 Hoja de datos<\/a><\/li>\n \t<li><img src=\"https:\/\/praxas.com\/wp-content\/uploads\/document-icon.png\" alt=\"Icono de documento\"> <a href=\"https:\/\/praxas.com\/wp-content\/uploads\/praxas-easylog-cc-2-quick-start-guide-issue1.pdf\" target=\"_blank\" rel=\"noopener\">EL-CC-2-000 Gu\u00eda de inicio r\u00e1pido<\/a><\/li>\n \t<li><img src=\"https:\/\/praxas.com\/wp-content\/uploads\/document-icon.png\" alt=\"Icono de documento\"><a href=\"https:\/\/downloads.praxas.com\/EasyLog+CC+Installer.exe\">Descarga de software<\/a><\/li>\n<\/ul>"],"_uag_css_file_name":["uag-css-41222.css"],"_regular_price":["29.50"],"_price":["29.50"],"_uag_page_assets":["a:9:{s:3:\"css\";s:263:\".uag-blocks-common-selector{z-index:var(--z-index-desktop) !important}@media (max-width: 976px){.uag-blocks-common-selector{z-index:var(--z-index-tablet) !important}}@media (max-width: 767px){.uag-blocks-common-selector{z-index:var(--z-index-mobile) !important}}\n\";s:2:\"js\";s:0:\"\";s:18:\"current_block_list\";a:3:{i:0;s:14:\"core\/paragraph\";i:1;s:9:\"core\/list\";i:2;s:14:\"core\/list-item\";}s:8:\"uag_flag\";b:0;s:11:\"uag_version\";s:10:\"1777052440\";s:6:\"gfonts\";a:0:{}s:10:\"gfonts_url\";s:0:\"\";s:12:\"gfonts_files\";a:0:{}s:14:\"uag_faq_layout\";b:0;}"],"_max_variation_price":[""],"_max_variation_regular_price":[""],"_max_variation_sale_price":[""],"_min_variation_price":[""],"_min_variation_regular_price":[""],"_min_variation_sale_price":[""],"_sale_price":[""],"_wc_pb_base_regular_price":[""],"_wc_pb_base_sale_price":[""],"_wc_pb_base_price":[""],"_wc_sw_max_price":[""],"_wc_sw_max_regular_price":[""],"_wc_rating_count":[""]},"uagb_featured_image_src":{"full":["https:\/\/praxas.com\/wp-content\/uploads\/EL-CC-2-000-Straight.jpg",800,463,false],"thumbnail":["https:\/\/praxas.com\/wp-content\/uploads\/EL-CC-2-000-Straight-150x150.jpg",150,150,true],"medium":["https:\/\/praxas.com\/wp-content\/uploads\/EL-CC-2-000-Straight-300x174.jpg",300,174,true],"medium_large":["https:\/\/praxas.com\/wp-content\/uploads\/EL-CC-2-000-Straight-768x444.jpg",768,444,true],"large":["https:\/\/praxas.com\/wp-content\/uploads\/EL-CC-2-000-Straight.jpg",800,463,false],"1536x1536":["https:\/\/praxas.com\/wp-content\/uploads\/EL-CC-2-000-Straight.jpg",800,463,false],"2048x2048":["https:\/\/praxas.com\/wp-content\/uploads\/EL-CC-2-000-Straight.jpg",800,463,false],"crunchify-admin-post-featured-image":["https:\/\/praxas.com\/wp-content\/uploads\/EL-CC-2-000-Straight-120x69.jpg",120,69,true],"commercegurus-pdp-large":["https:\/\/praxas.com\/wp-content\/uploads\/EL-CC-2-000-Straight.jpg",800,463,false],"commercegurus-plp-mobile":["https:\/\/praxas.com\/wp-content\/uploads\/EL-CC-2-000-Straight-441x255.jpg",441,255,true],"cgkit_image_swatch":["https:\/\/praxas.com\/wp-content\/uploads\/EL-CC-2-000-Straight-100x100.jpg",100,100,true],"woocommerce_thumbnail":["https:\/\/praxas.com\/wp-content\/uploads\/EL-CC-2-000-Straight-350x203.jpg",350,203,true],"woocommerce_single":["https:\/\/praxas.com\/wp-content\/uploads\/EL-CC-2-000-Straight.jpg",800,463,false],"woocommerce_gallery_thumbnail":["https:\/\/praxas.com\/wp-content\/uploads\/EL-CC-2-000-Straight-150x87.jpg",150,87,true]},"uagb_author_info":{"display_name":"Claudia Arts Rutten","author_link":"https:\/\/praxas.com\/es\/author\/"},"uagb_comment_info":0,"uagb_excerpt":"-30\u00b0C a +70\u00b0C No requiere instalaci\u00f3n Duraci\u00f3n m\u00ednima de la bater\u00eda 12 meses De 0 a 100% de humedad relativa","_links":{"self":[{"href":"https:\/\/praxas.com\/es\/wp-json\/wp\/v2\/product\/41222","targetHints":{"allow":["GET"]}}],"collection":[{"href":"https:\/\/praxas.com\/es\/wp-json\/wp\/v2\/product"}],"about":[{"href":"https:\/\/praxas.com\/es\/wp-json\/wp\/v2\/types\/product"}],"wp:featuredmedia":[{"embeddable":true,"href":"https:\/\/praxas.com\/es\/wp-json\/wp\/v2\/media\/41622"}],"wp:attachment":[{"href":"https:\/\/praxas.com\/es\/wp-json\/wp\/v2\/media?parent=41222"}],"wp:term":[{"taxonomy":"product_brand","embeddable":true,"href":"https:\/\/praxas.com\/es\/wp-json\/wp\/v2\/product_brand?post=41222"},{"taxonomy":"product_cat","embeddable":true,"href":"https:\/\/praxas.com\/es\/wp-json\/wp\/v2\/product_cat?post=41222"},{"taxonomy":"product_tag","embeddable":true,"href":"https:\/\/praxas.com\/es\/wp-json\/wp\/v2\/product_tag?post=41222"}],"curies":[{"name":"wp","href":"https:\/\/api.w.org\/{rel}","templated":true}]}}