{"id":42027,"date":"2024-09-11T11:19:14","date_gmt":"2024-09-11T09:19:14","guid":{"rendered":"https:\/\/praxas.com\/product\/sin%20categor\u00eda\/utrid-16\/"},"modified":"2025-10-09T10:21:42","modified_gmt":"2025-10-09T08:21:42","slug":"utrid-16","status":"publish","type":"product","link":"https:\/\/praxas.com\/es\/product\/registradores-de-datos\/registradores-de-datos-de-temperatura\/utrid-16\/","title":{"rendered":"Registrador de Temperatura USB PDF UTRID-16R"},"content":{"rendered":"<p>El UTRID-16R dispone de una pantalla que permite ver f\u00e1cilmente las lecturas de temperatura actuales y pasadas, as\u00ed como la informaci\u00f3n de las alarmas.<\/p>\n<p>La pantalla muestra el estado de grabaci\u00f3n, la temperatura actual, hasta seis alarmas configurables por el usuario y la duraci\u00f3n de las excursiones de temperatura.<\/p>\n<p>Cuando se conecta a un ordenador mediante el conector USB integrado, se genera autom\u00e1ticamente un informe detallado en PDF de los datos grabados y las alarmas, sin necesidad de accesorios adicionales ni software especializado.<\/p>\n<p>Para un an\u00e1lisis m\u00e1s detallado, el dispositivo tambi\u00e9n crea un archivo de datos encriptado compatible con el software LogTag Analyzer y las opciones de gesti\u00f3n de datos.<\/p>\n","protected":false},"excerpt":{"rendered":"<ul>\n<li>-30\u00b0C a 65\u00b0C<\/li>\n<li>Visualizaci\u00f3n de la temperatura y del estado de la alarma<\/li>\n<li>Generaci\u00f3n autom\u00e1tica de PDF<\/li>\n<li>Ideal para canales de distribuci\u00f3n multietapa<\/li>\n<\/ul>\n","protected":false},"featured_media":42034,"template":"","meta":{"_acf_changed":false,"content-type":"","_uag_custom_page_level_css":""},"product_brand":[],"product_cat":[1601,1637],"product_tag":[2515,2266,1618],"class_list":{"0":"post-42027","1":"product","2":"type-product","3":"status-publish","4":"has-post-thumbnail","6":"product_cat-registradores-de-datos-de-temperatura","7":"product_cat-registradores-de-datos","8":"product_tag-logtag-es","9":"product_tag-temperatura-es","10":"product_tag-usb-es","12":"first","13":"instock","14":"taxable","15":"shipping-taxable","16":"purchasable","17":"product-type-simple"},"bundled_by":[],"bundle_stock_status":"instock","bundle_stock_quantity":null,"bundle_virtual":false,"bundle_layout":"","bundle_add_to_cart_form_location":"","bundle_editable_in_cart":false,"bundle_sold_individually_context":"","bundle_item_grouping":"","bundle_min_size":"","bundle_max_size":"","bundle_price":[],"bundled_items":[],"bundle_sell_ids":[],"acf":[],"spectra_custom_meta":{"_wcml_average_rating":[null],"_wcml_review_count":[null],"_wcml_rating_count":[null],"_backorders":["no"],"_download_limit":["-1"],"_download_expiry":["-1"],"_downloadable":["no"],"_manage_stock":["no"],"_stock_status":["instock"],"_sold_individually":["no"],"_tax_class":[""],"_tax_status":["taxable"],"_virtual":["no"],"_weight":["0.039"],"_width":["5.45"],"_height":["9.3"],"_length":["0.86"],"total_sales":["11"],"product_datasheet":[""],"_product_datasheet":["field_650ad7d6ea3a0"],"connectivity":["USB"],"_connectivity":["field_64dce263bb57c"],"brand":["LogTag"],"_brand":["field_64ddf62ed2593"],"brand_image":[""],"_brand_image":["field_650c5e7c84cae"],"_specifications_table":["field_65044e1db92a8"],"_display_data_alarm":["field_667d647bcb066"],"_resources":["field_650849c6945ee"],"_calibration":["field_66a0ddd599972"],"_accessories":["field_650849e6945f0"],"_faqs":["field_650859523d8d5"],"_calibration_suitable_ids_gb":["field_654b4c4acb54a"],"_calibration_suitable_ids_us":["field_654b4c56cb54b"],"_show_in_calibration_suitable":["field_654cfb691d345"],"_other_features":["field_668524f8c98a4"],"_shipping":["field_66852535c98a5"],"_refrigerant_cabinet":["field_66852557c98a6"],"_main_specifications":["field_66855b25b1245"],"_usd_price_4":["field_651570dcac479"],"_usd_price_9":["field_6515713eb4807"],"_usd_price_24":["field_65157141b4809"],"_usd_price_49":["field_65157140b4808"],"_usd_price_99":["field_6515715bb480a"],"_gbp_price_4":["field_6515716e83bfa"],"_gbp_price_9":["field_6515724783bfb"],"_gbp_price_24":["field_6515724b83bfc"],"_gbp_price_49":["field_6515725983bfd"],"_gbp_price_99":["field_6515725d83bfe"],"_usdhk_price_4":["field_6515726f83bff"],"_usdhk_price_9":["field_6515727c83c00"],"_usdhk_price_24":["field_6515728083c01"],"_usdhk_price_49":["field_6515728983c02"],"_usdhk_price_99":["field_6515728e83c03"],"stock_options":["In stock"],"_stock_options":["field_6544b605dc7f9"],"_top_nav_excluded":[""],"_cms_nav_minihome":[""],"wcml_sync_hash":["a:1:{s:15:\"postmeta_fields\";s:32:\"41e0915edc8ee2fbdfc28c64d57c4e74\";}"],"attr_label_translations":["a:0:{}"],"_product_attributes":["a:1:{s:16:\"pa_product-brand\";a:6:{s:4:\"name\";s:16:\"pa_product-brand\";s:5:\"value\";s:0:\"\";s:8:\"position\";i:0;s:10:\"is_visible\";i:1;s:12:\"is_variation\";i:0;s:11:\"is_taxonomy\";i:1;}}"],"_thumbnail_id":["42034"],"_product_image_gallery":["42040,42046"],"_crosssell_ids":["a:0:{}"],"shoptimizer_layout_pdp_short_description_position":["default"],"rank_math_primary_product_cat":["87"],"rank_math_analytic_object_id":["729"],"_wpml_media_duplicate":["1"],"_wpml_media_featured":["1"],"_last_translation_edit_mode":["translation-editor"],"hubwoo_ecomm_pro_id":["30881685712"],"min_temp":["-30"],"max_temp":["65"],"_min_temp":["field_67ea5eb4e0a77"],"_max_temp":["field_67ea5f81e0a79"],"_wpml_word_count":["155"],"_regular_price":["41.30"],"_price":["41.30"],"_sku":["UTRID-16R"],"_global_unique_id":["850040258134"],"rank_math_focus_keyword":["UTRID-16"],"specifications_table":["<table class=\"specifications\">\n<tbody>\n<tr>\n<td>Rango de medici\u00f3n del sensor<\/td>\n<td>-30\u00b0C a +60\u00b0C (-22\u00b0F a +140\u00b0F)<\/td>\n<\/tr>\n<tr>\n<td>Temperatura de funcionamiento<\/td>\n<td>-30\u00b0C a +65\u00b0C (-22\u00b0F a +149\u00b0F)<\/td>\n<\/tr>\n<tr>\n<td>Temperatura de almacenamiento<\/td>\n<td>0\u00b0C a +40\u00b0C (32\u00b0F a +104\u00b0F)<\/td>\n<\/tr>\n<tr>\n<td>Precisi\u00f3n de la temperatura<\/td>\n<td>\u00b10,5\u00b0C (\u00b10,9\u00b0F) de -20\u00b0C a +40\u00b0C (-4\u00b0F a +104\u00b0F),\n\u00b10,7\u00b0C (\u00b11,3\u00b0F) de -25\u00b0C a -20\u00b0C (-13\u00b0F a -4\u00b0F) y de +40\u00b0C a +60\u00b0C (+104\u00b0F a +140\u00b0F)<\/td>\n<\/tr>\n<tr>\n<td>Resoluci\u00f3n de temperatura<\/td>\n<td>0,1\u00b0C\/F<\/td>\n<\/tr>\n<tr>\n<td>Tiempo de reacci\u00f3n del sensor<\/td>\n<td>Menos de 7 minutos en aire en movimiento (1 m\/s)<\/td>\n<\/tr>\n<tr>\n<td>Capacidad de registro<\/td>\n<td>16.129 lecturas (56 d\u00edas @ 5min, 168 d\u00edas @ 15min)<\/td>\n<\/tr>\n<tr>\n<td>Memoria de estad\u00edsticas<\/td>\n<td>M\u00e1x\/M\u00edn y duraci\u00f3n de la alarma<\/td>\n<\/tr>\n<tr>\n<td>Intervalo de muestreo<\/td>\n<td>De 30 segundos a 18 horas (configurable)<\/td>\n<\/tr>\n<tr>\n<td>Opciones de inicio de registro<\/td>\n<td>Pulsador (retraso de 1 min a 72 horas) o fijar fecha\/hora<\/td>\n<\/tr>\n<tr>\n<td>Indicaci\u00f3n de grabaci\u00f3n<\/td>\n<td>S\u00edmbolo \"REC\" en pantalla<\/td>\n<\/tr>\n<tr>\n<td>Tiempo de descarga<\/td>\n<td>Menos de 30 segundos para PDF, 10 segundos para archivo LTD<\/td>\n<\/tr>\n<tr>\n<td>Clasificaci\u00f3n ambiental<\/td>\n<td>IP64 con tapa USB<\/td>\n<\/tr>\n<tr>\n<td>Fuente de alimentaci\u00f3n<\/td>\n<td>UTRID-16R: pila CR2032 (sustituible)\nUTRID-16: Pila de bot\u00f3n CR2450<\/td>\n<\/tr>\n<tr>\n<td>Duraci\u00f3n de la bater\u00eda<\/td>\n<td>UTRID-16R: 1 a\u00f1o de almacenamiento, 1 a\u00f1o de uso normal\nUTRID-16: 2 a\u00f1os con uso normal<\/td>\n<\/tr>\n<tr>\n<td>Reloj en tiempo real<\/td>\n<td>\u00b125ppm a 25\u00b0C (2,5 seg\/d\u00eda)<\/td>\n<\/tr>\n<tr>\n<td>Interfaz de conexi\u00f3n<\/td>\n<td>USB 2.0, conector tipo A<\/td>\n<\/tr>\n<tr>\n<td>Software<\/td>\n<td>Lector PDF, Analizador LogTag 2.8 o superior<\/td>\n<\/tr>\n<tr>\n<td>Idiomas<\/td>\n<td>Ingl\u00e9s, espa\u00f1ol, franc\u00e9s, ruso, alem\u00e1n<\/td>\n<\/tr>\n<tr>\n<td>Tama\u00f1o<\/td>\n<td>93 mm(A) x 54,5 mm(A) x 8,6 mm(T)<\/td>\n<\/tr>\n<tr>\n<td>Peso<\/td>\n<td>39g<\/td>\n<\/tr>\n<tr>\n<td>Material de la caja<\/td>\n<td>Policarbonato<\/td>\n<\/tr>\n<\/tbody>\n<\/table>"],"resources":["<img src=\"https:\/\/praxas.com\/wp-content\/uploads\/document-icon.png\" alt=\"Icono de documento\"><a href=\"https:\/\/praxas.com\/wp-content\/uploads\/LogTag_UTRID-16_Brochure.pdf\">Folleto LogTag UTRID-16<\/a>\n\n<img src=\"https:\/\/praxas.com\/wp-content\/uploads\/document-icon.png\" alt=\"Icono de documento\"><a href=\"https:\/\/praxas.com\/wp-content\/uploads\/LogTag_UTRID-16_User_Guide.pdf\">LogTag UTRID-16 Gu\u00eda del usuario<\/a>\n\n<img src=\"https:\/\/praxas.com\/wp-content\/uploads\/document-icon.png\" alt=\"Icono de documento\"><a href=\"https:\/\/praxas.com\/wp-content\/uploads\/Quick-Start-Guide-UTRID-16.pdf\">Gu\u00eda de inicio r\u00e1pido de LogTag UTRID-16<\/a>"],"accessories":["[products skus=\"PROTECTIVE ENCLOSURE,WMB-1\"]"],"_uag_page_assets":["a:9:{s:3:\"css\";s:0:\"\";s:2:\"js\";s:0:\"\";s:18:\"current_block_list\";a:0:{}s:8:\"uag_flag\";b:0;s:11:\"uag_version\";s:10:\"1776966156\";s:6:\"gfonts\";a:0:{}s:10:\"gfonts_url\";s:0:\"\";s:12:\"gfonts_files\";a:0:{}s:14:\"uag_faq_layout\";b:0;}"],"_max_variation_price":[""],"_max_variation_regular_price":[""],"_max_variation_sale_price":[""],"_min_variation_price":[""],"_min_variation_regular_price":[""],"_min_variation_sale_price":[""],"_sale_price":[""],"_wc_pb_base_regular_price":[""],"_wc_pb_base_sale_price":[""],"_wc_pb_base_price":[""],"_wc_sw_max_price":[""],"_wc_sw_max_regular_price":[""],"_wc_rating_count":[""],"_wc_review_count":[""],"_wc_average_rating":[0]},"uagb_featured_image_src":{"full":["https:\/\/praxas.com\/wp-content\/uploads\/UTRED-16-5-510x665-2-1.jpg",800,463,false],"thumbnail":["https:\/\/praxas.com\/wp-content\/uploads\/UTRED-16-5-510x665-2-1-150x150.jpg",150,150,true],"medium":["https:\/\/praxas.com\/wp-content\/uploads\/UTRED-16-5-510x665-2-1-300x174.jpg",300,174,true],"medium_large":["https:\/\/praxas.com\/wp-content\/uploads\/UTRED-16-5-510x665-2-1-768x444.jpg",768,444,true],"large":["https:\/\/praxas.com\/wp-content\/uploads\/UTRED-16-5-510x665-2-1.jpg",800,463,false],"1536x1536":["https:\/\/praxas.com\/wp-content\/uploads\/UTRED-16-5-510x665-2-1.jpg",800,463,false],"2048x2048":["https:\/\/praxas.com\/wp-content\/uploads\/UTRED-16-5-510x665-2-1.jpg",800,463,false],"crunchify-admin-post-featured-image":["https:\/\/praxas.com\/wp-content\/uploads\/UTRED-16-5-510x665-2-1-120x69.jpg",120,69,true],"commercegurus-pdp-large":["https:\/\/praxas.com\/wp-content\/uploads\/UTRED-16-5-510x665-2-1.jpg",800,463,false],"commercegurus-plp-mobile":["https:\/\/praxas.com\/wp-content\/uploads\/UTRED-16-5-510x665-2-1-441x255.jpg",441,255,true],"cgkit_image_swatch":["https:\/\/praxas.com\/wp-content\/uploads\/UTRED-16-5-510x665-2-1-100x100.jpg",100,100,true],"woocommerce_thumbnail":["https:\/\/praxas.com\/wp-content\/uploads\/UTRED-16-5-510x665-2-1-350x203.jpg",350,203,true],"woocommerce_single":["https:\/\/praxas.com\/wp-content\/uploads\/UTRED-16-5-510x665-2-1.jpg",800,463,false],"woocommerce_gallery_thumbnail":["https:\/\/praxas.com\/wp-content\/uploads\/UTRED-16-5-510x665-2-1-150x87.jpg",150,87,true]},"uagb_author_info":{"display_name":"Alex James","author_link":"https:\/\/praxas.com\/es\/author\/"},"uagb_comment_info":0,"uagb_excerpt":"-30\u00b0C a 65\u00b0C Visualizaci\u00f3n de la temperatura y del estado de la alarma Generaci\u00f3n autom\u00e1tica de PDF Ideal para canales de distribuci\u00f3n multietapa","_links":{"self":[{"href":"https:\/\/praxas.com\/es\/wp-json\/wp\/v2\/product\/42027","targetHints":{"allow":["GET"]}}],"collection":[{"href":"https:\/\/praxas.com\/es\/wp-json\/wp\/v2\/product"}],"about":[{"href":"https:\/\/praxas.com\/es\/wp-json\/wp\/v2\/types\/product"}],"wp:featuredmedia":[{"embeddable":true,"href":"https:\/\/praxas.com\/es\/wp-json\/wp\/v2\/media\/42034"}],"wp:attachment":[{"href":"https:\/\/praxas.com\/es\/wp-json\/wp\/v2\/media?parent=42027"}],"wp:term":[{"taxonomy":"product_brand","embeddable":true,"href":"https:\/\/praxas.com\/es\/wp-json\/wp\/v2\/product_brand?post=42027"},{"taxonomy":"product_cat","embeddable":true,"href":"https:\/\/praxas.com\/es\/wp-json\/wp\/v2\/product_cat?post=42027"},{"taxonomy":"product_tag","embeddable":true,"href":"https:\/\/praxas.com\/es\/wp-json\/wp\/v2\/product_tag?post=42027"}],"curies":[{"name":"wp","href":"https:\/\/api.w.org\/{rel}","templated":true}]}}