{"id":42947,"date":"2024-11-15T16:29:05","date_gmt":"2024-11-15T15:29:05","guid":{"rendered":"https:\/\/praxas.com\/product\/uncategorized\/lt5geo\/"},"modified":"2026-04-17T09:36:20","modified_gmt":"2026-04-17T07:36:20","slug":"lt5geo","status":"publish","type":"product","link":"https:\/\/praxas.com\/es\/product\/registradores-de-datos\/registradores-de-datos-de-temperatura\/lt5geo\/","title":{"rendered":"Registrador de Datos Celular LT5GEO"},"content":{"rendered":"<p style=\"text-align: center;\"><strong>*Ten en cuenta que este dispositivo requiere un cable USB-C, que puedes encontrar <a href=\"https:\/\/praxas.com\/es\/product\/registradores-de-datos\/accesorios-es\/cable-usb-c-05m\/\">aqu\u00ed*<\/a>.<\/strong><\/p>\n<p>&nbsp;<\/p>\n<p>Presentamos la Soluci\u00f3n de Seguimiento de Env\u00edos LT5GEO: un completo dispositivo de seguimiento en tiempo real que ofrece opciones de un solo uso y multiuso, dise\u00f1ado para garantizar que tus env\u00edos llegan sanos y salvos y en condiciones \u00f3ptimas.<\/p>\n<p>La LT5GEO proporciona notificaciones instant\u00e1neas si se produce cualquier desviaci\u00f3n de los par\u00e1metros preestablecidos, con alertas enviadas por llamada telef\u00f3nica, SMS, WhatsApp o correo electr\u00f3nico para garantizar que tus contactos designados puedan tomar medidas inmediatas. Adem\u00e1s, recibir\u00e1s notificaciones de llegada por SMS o correo electr\u00f3nico cuando la mercanc\u00eda llegue a su destino. <\/p>\n<p>Este potente dispositivo de monitorizaci\u00f3n aprovecha la tecnolog\u00eda celular 4G\/5G (con 2G de reserva) para un seguimiento fiable de la ubicaci\u00f3n. El Modo de Vuelo Autom\u00e1tico permite el registro seguro de datos durante el tr\u00e1nsito a\u00e9reo; las transmisiones se detienen en vuelo pero se reanudan al aterrizar, cargando autom\u00e1ticamente los datos m\u00e1s recientes a <a href=\"https:\/\/praxas.com\/logtag-online\/\">LogTag\u00ae Online<\/a>. <\/p>\n<p>La LT5GEO rastrea tanto la ubicaci\u00f3n como el estado de tu env\u00edo con un conjunto de sensores avanzados que controlan la <strong>humedad, la luz, los golpes y la temperatura<\/strong>. Las actualizaciones en tiempo real son accesibles a trav\u00e9s de LogTag\u00ae Online, que puedes consultar a trav\u00e9s de cualquier navegador web o sobre la marcha con la aplicaci\u00f3n LogTag\u00ae Mobile. Rastrea f\u00e1cilmente el estado y la ubicaci\u00f3n de tu env\u00edo sin depender de las actualizaciones del transportista, y aseg\u00farate de que tus mercanc\u00edas est\u00e1n protegidas de los peligros ambientales y de temperatura.  <\/p>\n<p>Para aplicaciones de uso \u00fanico o m\u00faltiple, el LT5GEO es f\u00e1cil de manejar, con un sencillo bot\u00f3n de inicio\/parada y un retardo de inicio configurable para una configuraci\u00f3n flexible. El registrador puede almacenar hasta 16.320 lecturas a bordo, ampliables a 1 mill\u00f3n de lecturas en LogTag\u00ae Online, proporcionando una retenci\u00f3n de datos exhaustiva e informes de env\u00edo automatizados accesibles globalmente. <\/p>\n<p>Fabricado para cumplir las estrictas normas del sector, como FCC, CE, DO-160H y FDA 21 CFR Parte 11, el LT5GEO ofrece una fiabilidad sin igual para la supervisi\u00f3n de env\u00edos, manteni\u00e9ndote informado en todo momento.<\/p>\n","protected":false},"excerpt":{"rendered":"<ul>\n<li>Controla la temperatura, la humedad, la luz, los golpes y el GPS<\/li>\n<li>Seguimiento de la ubicaci\u00f3n en tiempo real<\/li>\n<li>Alertas instant\u00e1neas por SMS, correo electr\u00f3nico, WhatsApp<\/li>\n<li>Modo de vuelo autom\u00e1tico para tr\u00e1nsito a\u00e9reo<\/li>\n<li>Carga de datos en LogTag\u00ae Online<\/li>\n<li>Opciones de uso \u00fanico y m\u00faltiple<\/li>\n<\/ul>\n","protected":false},"featured_media":42934,"template":"","meta":{"_acf_changed":false,"content-type":"","_uag_custom_page_level_css":""},"product_brand":[],"product_cat":[1637,1601,1610],"product_tag":[2515],"class_list":{"0":"post-42947","1":"product","2":"type-product","3":"status-publish","4":"has-post-thumbnail","6":"product_cat-registradores-de-datos","7":"product_cat-registradores-de-datos-de-temperatura","8":"product_cat-temperatura-y-humedad","9":"product_tag-logtag-es","11":"first","12":"instock","13":"taxable","14":"shipping-taxable","15":"purchasable","16":"product-type-variable"},"bundled_by":[],"bundle_stock_status":"instock","bundle_stock_quantity":null,"bundle_virtual":false,"bundle_layout":"","bundle_add_to_cart_form_location":"","bundle_editable_in_cart":false,"bundle_sold_individually_context":"","bundle_item_grouping":"","bundle_min_size":"","bundle_max_size":"","bundle_price":[],"bundled_items":[],"bundle_sell_ids":[],"acf":[],"spectra_custom_meta":{"hubwoo_ecomm_pro_id":["31417275612"],"_product_attributes":["a:2:{s:16:\"pa_make-a-choice\";a:6:{s:4:\"name\";s:16:\"pa_make-a-choice\";s:5:\"value\";s:0:\"\";s:8:\"position\";i:0;s:10:\"is_visible\";i:1;s:12:\"is_variation\";i:1;s:11:\"is_taxonomy\";i:1;}s:16:\"pa_product-brand\";a:6:{s:4:\"name\";s:16:\"pa_product-brand\";s:5:\"value\";s:0:\"\";s:8:\"position\";i:1;s:10:\"is_visible\";i:1;s:12:\"is_variation\";i:0;s:11:\"is_taxonomy\";i:1;}}"],"attr_label_translations":["a:1:{s:2:\"es\";a:1:{s:13:\"make-a-choice\";s:5:\"Elige\";}}"],"_wcml_average_rating":[null],"_wcml_review_count":[null],"_wcml_rating_count":[null],"_backorders":["no"],"_download_limit":["-1"],"_download_expiry":["-1"],"_downloadable":["no"],"_manage_stock":["no"],"_sku":["LT_5GEO"],"_stock_status":["instock"],"_sold_individually":["no"],"_tax_class":[""],"_tax_status":["taxable"],"_virtual":["no"],"_weight":["0.175"],"_width":["6.8"],"_height":["9"],"_length":["2.5"],"total_sales":["48"],"product_datasheet":[""],"_product_datasheet":["field_650ad7d6ea3a0"],"connectivity":["Cellular"],"_connectivity":["field_64dce263bb57c"],"brand":["LogTag"],"_brand":["field_64ddf62ed2593"],"brand_image":[""],"_brand_image":["field_650c5e7c84cae"],"_specifications_table":["field_65044e1db92a8"],"_display_data_alarm":["field_667d647bcb066"],"_resources":["field_650849c6945ee"],"_calibration":["field_66a0ddd599972"],"_accessories":["field_650849e6945f0"],"_faqs":["field_650859523d8d5"],"_calibration_suitable_ids_gb":["field_654b4c4acb54a"],"_calibration_suitable_ids_us":["field_654b4c56cb54b"],"_show_in_calibration_suitable":["field_654cfb691d345"],"_shipping":["field_66852535c98a5"],"_refrigerant_cabinet":["field_66852557c98a6"],"_main_specifications":["field_66855b25b1245"],"_usd_price_4":["field_651570dcac479"],"_usd_price_9":["field_6515713eb4807"],"_usd_price_24":["field_65157141b4809"],"_usd_price_49":["field_65157140b4808"],"_usd_price_99":["field_6515715bb480a"],"_gbp_price_4":["field_6515716e83bfa"],"_gbp_price_9":["field_6515724783bfb"],"_gbp_price_24":["field_6515724b83bfc"],"_gbp_price_49":["field_6515725983bfd"],"_gbp_price_99":["field_6515725d83bfe"],"_usdhk_price_4":["field_6515726f83bff"],"_usdhk_price_9":["field_6515727c83c00"],"_usdhk_price_24":["field_6515728083c01"],"_usdhk_price_49":["field_6515728983c02"],"_usdhk_price_99":["field_6515728e83c03"],"stock_options":["In stock"],"_stock_options":["field_6544b605dc7f9"],"_top_nav_excluded":[""],"_cms_nav_minihome":[""],"wcml_sync_hash":["a:1:{s:15:\"postmeta_fields\";s:32:\"27af67be6cf5b1b37bd289e06bb58970\";}"],"_thumbnail_id":["42934"],"_product_image_gallery":["42940,42946"],"_last_translation_edit_mode":["translation-editor"],"_wpml_word_count":["448"],"_price":["73.50","156.80"],"min_temp":["-30"],"max_temp":["70"],"_min_temp":["field_67ea5eb4e0a77"],"_max_temp":["field_67ea5f81e0a79"],"rank_math_primary_product_cat":["0"],"_other_features":["field_686fa2aa98dce"],"rank_math_title":["LT5GEO: Potente Seguimiento en Tiempo Real %sep% %sitename%"],"rank_math_description":["Rastrea los env\u00edos en tiempo real con LT5GEO. Controla la temperatura, la humedad, la luz y el GPS, y recibe alertas instant\u00e1neas para una seguridad total. "],"rank_math_focus_keyword":["LT5GEO"],"_crosssell_ids":["a:1:{i:0;i:7257;}"],"specifications_table":["<table class=\"specifications\">\n<tbody>\n<tr class=\"even-row\">\n<td class=\"left-td\">Modelo del producto<\/td>\n<td>LT5GEO<\/td>\n<\/tr>\n<tr class=\"odd-row\">\n<td class=\"left-td\">Conectividad<\/td>\n<td>LTE Cat M1\/EGPRS<\/td>\n<\/tr>\n<tr class=\"even-row\">\n<td class=\"left-td\">Rango de medici\u00f3n del sensor<\/td>\n<td>-30 \u00b0C a +70 \u00b0C (-22 \u00b0F a +158 \u00b0F)<\/td>\n<\/tr>\n<tr class=\"odd-row\">\n<td class=\"left-td\">Temperatura de funcionamiento<\/td>\n<td>De -30 \u00b0C a +70 \u00b0C (de -22 \u00b0F a +158 \u00b0F)<\/td>\n<\/tr>\n<tr class=\"even-row\">\n<td class=\"left-td\">Temperatura de almacenamiento<\/td>\n<td>De 0 \u00b0C a +40 \u00b0C (de +32 \u00b0F a +104 \u00b0F)<\/td>\n<\/tr>\n<tr class=\"odd-row\">\n<td class=\"left-td\">Rango de medici\u00f3n de la humedad<\/td>\n<td>0 %HR a 100 %HR (sin condensaci\u00f3n), con limitaciones<\/td>\n<\/tr>\n<tr class=\"even-row\">\n<td class=\"left-td\">Rango de humedad de funcionamiento<\/td>\n<td>0 %HR a 100 %HR (sin condensaci\u00f3n), con limitaciones<\/td>\n<\/tr>\n<tr class=\"odd-row\">\n<td class=\"left-td\">Rango de humedad de almacenamiento<\/td>\n<td>5 a 95 % HR sin condensaci\u00f3n<\/td>\n<\/tr>\n<tr class=\"even-row\">\n<td class=\"left-td\">Precisi\u00f3n de la lectura de temperatura<\/td>\n<td>\u00b10,45 \u00b0C (\u00b10,8 \u00b0F) para +0 \u00b0C a +50 \u00b0C; \u00b10,8 \u00b0C (\u00b11,4 \u00b0F) para +50 \u00b0C a +70 \u00b0C; \u00b10,95 \u00b0C (\u00b11,7 \u00b0F) para -40 \u00b0C a +0 \u00b0C<\/td>\n<\/tr>\n<tr class=\"odd-row\">\n<td class=\"left-td\">Precisi\u00f3n de la lectura de humedad<\/td>\n<td>\u00b13 %HR para 20 %HR a 80 %HR; \u00b15 %HR para 0 %HR a 20 %HR y 80 %HR a 100 %HR<\/td>\n<\/tr>\n<tr class=\"even-row\">\n<td class=\"left-td\">Alcance del sensor de luz<\/td>\n<td>0 - 120.000 lux<\/td>\n<\/tr>\n<tr class=\"odd-row\">\n<td class=\"left-td\">Rango del sensor de choque<\/td>\n<td>0-16g<\/td>\n<\/tr>\n<tr class=\"even-row\">\n<td class=\"left-td\">Resoluci\u00f3n del sensor de choque<\/td>\n<td>0,1g (1 <sup>m\/s2<\/sup>)<\/td>\n<\/tr>\n<tr class=\"odd-row\">\n<td class=\"left-td\">Frecuencia de muestreo del sensor de choque<\/td>\n<td>25 Hz<\/td>\n<\/tr>\n<tr class=\"even-row\">\n<td class=\"left-td\">Capacidad de registro de datos<\/td>\n<td>16.320 lecturas (1 mill\u00f3n con LogTag\u00ae Online)<\/td>\n<\/tr>\n<tr class=\"odd-row\">\n<td class=\"left-td\">Intervalo de transmisi\u00f3n<\/td>\n<td>1-24 horas, ajustable<\/td>\n<\/tr>\n<tr class=\"even-row\">\n<td class=\"left-td\">Intervalo de muestreo<\/td>\n<td>10 minutos<\/td>\n<\/tr>\n<tr class=\"odd-row\">\n<td class=\"left-td\">Opciones de inicio de registro<\/td>\n<td>Inicio mediante pulsador, retardo configurable (de 1 minuto a 72 horas)<\/td>\n<\/tr>\n<tr class=\"even-row\">\n<td class=\"left-td\">Clasificaci\u00f3n medioambiental<\/td>\n<td>IP61<\/td>\n<\/tr>\n<tr class=\"odd-row\">\n<td class=\"left-td\">Software<\/td>\n<td>LogTag\u00ae Online, aplicaci\u00f3n m\u00f3vil LogTag\u00ae opcional<\/td>\n<\/tr>\n<tr class=\"even-row\">\n<td class=\"left-td\">Tipo de pila<\/td>\n<td>Hidruro met\u00e1lico de n\u00edquel (NiMH) recargable sin litio<\/td>\n<\/tr>\n<tr class=\"odd-row\">\n<td class=\"left-td\">Duraci\u00f3n de la bater\u00eda<\/td>\n<td>90 d\u00edas (30 minutos de registro, 60 minutos de carga)<\/td>\n<\/tr>\n<tr class=\"even-row\">\n<td class=\"left-td\">Interfaz de conexi\u00f3n<\/td>\n<td>USB 2.0 \/ USB Tipo-C<\/td>\n<\/tr>\n<tr class=\"odd-row\">\n<td class=\"left-td\">Dimensiones<\/td>\n<td>90 mm (alto) x 68 mm (ancho) x 25 mm (largo)<\/td>\n<\/tr>\n<tr class=\"even-row\">\n<td class=\"left-td\">Peso<\/td>\n<td>175g<\/td>\n<\/tr>\n<tr class=\"odd-row\">\n<td class=\"left-td\">Material de la caja<\/td>\n<td>Policarbonato<\/td>\n<\/tr>\n<\/tbody>\n<\/table>\n\u00a0"],"resources":["<ul class=\"resources-list\">\n \t<li><img src=\"https:\/\/praxas.com\/wp-content\/uploads\/document-icon.png\" alt=\"Icono de documento\"><a href=\"https:\/\/praxas.com\/wp-content\/uploads\/LT5GEO-Brochure.pdf\">Folleto LogTag LT5GEO<\/a><\/li>\n \t<li><img src=\"https:\/\/praxas.com\/wp-content\/uploads\/document-icon.png\" alt=\"Icono de documento\"><a href=\"https:\/\/praxas.com\/wp-content\/uploads\/LT5GEO-Sell-Sheet.pdf\">Hoja de Venta LogTag LT5GEO<\/a><\/li>\n \t<li><img src=\"https:\/\/praxas.com\/wp-content\/uploads\/document-icon.png\" alt=\"Icono de documento\"><a href=\"https:\/\/praxas.com\/wp-content\/uploads\/LT5GEO-FAQ-Document.pdf\">LogTag LT5GEO Preguntas frecuentes<\/a><\/li>\n<\/ul>\n\u00a0\n\n\u00a0\n<div style=\"text-align: center;\">\n<div style=\"display: inline-block; margin: 10px;\"><iframe title=\"Reproductor de v\u00eddeo de YouTube\" src=\"https:\/\/www.youtube.com\/embed\/i8Dj_F3I8ks\" width=\"448\" height=\"252\" frameborder=\"0\" allowfullscreen=\"allowfullscreen\"><\/iframe><\/div>\n<div style=\"display: inline-block; margin: 10px;\"><iframe title=\"Reproductor de v\u00eddeo de YouTube\" src=\"https:\/\/www.youtube.com\/embed\/DVeD0GFj5bg\" width=\"448\" height=\"252\" frameborder=\"0\" allowfullscreen=\"allowfullscreen\"><\/iframe><\/div>\n<\/div>"],"accessories":["[products skus=\"CABLE USB C 0.5M\"]"],"rank_math_internal_links_processed":["1"],"_uag_page_assets":["a:9:{s:3:\"css\";s:0:\"\";s:2:\"js\";s:0:\"\";s:18:\"current_block_list\";a:0:{}s:8:\"uag_flag\";b:0;s:11:\"uag_version\";s:10:\"1777020109\";s:6:\"gfonts\";a:0:{}s:10:\"gfonts_url\";s:0:\"\";s:12:\"gfonts_files\";a:0:{}s:14:\"uag_faq_layout\";b:0;}"],"_max_variation_price":[""],"_max_variation_regular_price":[""],"_max_variation_sale_price":[""],"_min_variation_price":[""],"_min_variation_regular_price":[""],"_min_variation_sale_price":[""],"_regular_price":[""],"_sale_price":[""],"_wc_pb_base_regular_price":[""],"_wc_pb_base_sale_price":[""],"_wc_pb_base_price":[""],"_wc_sw_max_price":[""],"_wc_sw_max_regular_price":[""],"_wc_rating_count":[""],"_wc_review_count":[""],"_wc_average_rating":[0]},"uagb_featured_image_src":{"full":["https:\/\/praxas.com\/wp-content\/uploads\/LOGTAG.jpg",800,420,false],"thumbnail":["https:\/\/praxas.com\/wp-content\/uploads\/LOGTAG-150x150.jpg",150,150,true],"medium":["https:\/\/praxas.com\/wp-content\/uploads\/LOGTAG-300x158.jpg",300,158,true],"medium_large":["https:\/\/praxas.com\/wp-content\/uploads\/LOGTAG-768x403.jpg",768,403,true],"large":["https:\/\/praxas.com\/wp-content\/uploads\/LOGTAG.jpg",800,420,false],"1536x1536":["https:\/\/praxas.com\/wp-content\/uploads\/LOGTAG.jpg",800,420,false],"2048x2048":["https:\/\/praxas.com\/wp-content\/uploads\/LOGTAG.jpg",800,420,false],"crunchify-admin-post-featured-image":["https:\/\/praxas.com\/wp-content\/uploads\/LOGTAG-120x63.jpg",120,63,true],"commercegurus-pdp-large":["https:\/\/praxas.com\/wp-content\/uploads\/LOGTAG.jpg",800,420,false],"commercegurus-plp-mobile":["https:\/\/praxas.com\/wp-content\/uploads\/LOGTAG-441x232.jpg",441,232,true],"cgkit_image_swatch":["https:\/\/praxas.com\/wp-content\/uploads\/LOGTAG-100x100.jpg",100,100,true],"woocommerce_thumbnail":["https:\/\/praxas.com\/wp-content\/uploads\/LOGTAG-350x184.jpg",350,184,true],"woocommerce_single":["https:\/\/praxas.com\/wp-content\/uploads\/LOGTAG.jpg",800,420,false],"woocommerce_gallery_thumbnail":["https:\/\/praxas.com\/wp-content\/uploads\/LOGTAG-150x79.jpg",150,79,true]},"uagb_author_info":{"display_name":"Claudia Arts Rutten","author_link":"https:\/\/praxas.com\/es\/author\/"},"uagb_comment_info":0,"uagb_excerpt":"Controla la temperatura, la humedad, la luz, los golpes y el GPS Seguimiento de la ubicaci\u00f3n en tiempo real Alertas instant\u00e1neas por SMS, correo electr\u00f3nico, WhatsApp Modo de vuelo autom\u00e1tico para tr\u00e1nsito a\u00e9reo Carga de datos en LogTag\u00ae Online Opciones de uso \u00fanico y m\u00faltiple","_links":{"self":[{"href":"https:\/\/praxas.com\/es\/wp-json\/wp\/v2\/product\/42947","targetHints":{"allow":["GET"]}}],"collection":[{"href":"https:\/\/praxas.com\/es\/wp-json\/wp\/v2\/product"}],"about":[{"href":"https:\/\/praxas.com\/es\/wp-json\/wp\/v2\/types\/product"}],"wp:featuredmedia":[{"embeddable":true,"href":"https:\/\/praxas.com\/es\/wp-json\/wp\/v2\/media\/42934"}],"wp:attachment":[{"href":"https:\/\/praxas.com\/es\/wp-json\/wp\/v2\/media?parent=42947"}],"wp:term":[{"taxonomy":"product_brand","embeddable":true,"href":"https:\/\/praxas.com\/es\/wp-json\/wp\/v2\/product_brand?post=42947"},{"taxonomy":"product_cat","embeddable":true,"href":"https:\/\/praxas.com\/es\/wp-json\/wp\/v2\/product_cat?post=42947"},{"taxonomy":"product_tag","embeddable":true,"href":"https:\/\/praxas.com\/es\/wp-json\/wp\/v2\/product_tag?post=42947"}],"curies":[{"name":"wp","href":"https:\/\/api.w.org\/{rel}","templated":true}]}}