{"id":46160,"date":"2025-02-24T17:12:41","date_gmt":"2025-02-24T16:12:41","guid":{"rendered":"https:\/\/praxas.com\/product\/sin%20categor\u00eda\/el-usb-vacx\/"},"modified":"2025-12-01T15:23:28","modified_gmt":"2025-12-01T14:23:28","slug":"el-usb-vacx","status":"publish","type":"product","link":"https:\/\/praxas.com\/es\/product\/registradores-de-datos\/seguimiento-de-la-vacuna\/el-usb-vacx\/","title":{"rendered":"EL-USB-VACX"},"content":{"rendered":"<p data-start=\"176\" data-end=\"537\">El monitor de vacunas EL-USB-VACX est\u00e1 dise\u00f1ado para realizar un seguimiento preciso de las temperaturas en frigor\u00edficos y congeladores, salvaguardando las valiosas vacunas de desviaciones que podr\u00edan comprometer su eficacia. Este fiable registrador de datos garantiza un control preciso tanto durante el almacenamiento como durante el transporte, lo que lo convierte en una soluci\u00f3n esencial para mantener la integridad de las vacunas. <\/p>\n<h3 data-start=\"539\" data-end=\"561\"><strong data-start=\"543\" data-end=\"559\">Caracter\u00edsticas principales<\/strong><\/h3>\n<ul data-start=\"563\" data-end=\"1398\">\n<li data-start=\"563\" data-end=\"721\">\n<p data-start=\"565\" data-end=\"721\"><strong data-start=\"565\" data-end=\"591\">Amplio rango de temperaturas<\/strong>: mide con precisi\u00f3n temperaturas de -40 \u00b0C a +60 \u00b0C, cumpliendo los requisitos cr\u00edticos de almacenamiento de una amplia gama de vacunas.<\/p>\n<\/li>\n<li data-start=\"723\" data-end=\"852\">\n<p data-start=\"725\" data-end=\"852\"><strong data-start=\"725\" data-end=\"751\">Amplio almacenamiento de datos<\/strong> &#8211; Registra m\u00e1s de 1.000.000 de lecturas, creando un registro hist\u00f3rico detallado de las fluctuaciones de temperatura.<\/p>\n<\/li>\n<li data-start=\"854\" data-end=\"1000\">\n<p data-start=\"856\" data-end=\"1000\"><strong data-start=\"856\" data-end=\"891\">Simulaci\u00f3n de vacunas a base de glicol<\/strong> &#8211; Reduce las falsas alarmas imitando la respuesta t\u00e9rmica de las vacunas, lo que garantiza una supervisi\u00f3n altamente fiable.<\/p>\n<\/li>\n<li data-start=\"1002\" data-end=\"1107\">\n<p data-start=\"1004\" data-end=\"1107\"><strong data-start=\"1004\" data-end=\"1033\">Sonda Inteligente de Alta Precisi\u00f3n<\/strong> &#8211; Proporciona lecturas precisas de la temperatura para una recogida de datos fiable.<\/p>\n<\/li>\n<li data-start=\"1109\" data-end=\"1258\">\n<p data-start=\"1111\" data-end=\"1258\"><strong data-start=\"1111\" data-end=\"1140\">Calibraci\u00f3n intercambiable en caliente<\/strong> &#8211; Permite recalibrar in situ sin interrumpir las operaciones ni tener que enviar el aparato a reparar.<\/p>\n<\/li>\n<li data-start=\"1260\" data-end=\"1398\">\n<p data-start=\"1262\" data-end=\"1398\"><strong data-start=\"1262\" data-end=\"1282\">Software integrado<\/strong>: permite a los usuarios realizar gr\u00e1ficos y configurar ajustes directamente en el dispositivo, lo que simplifica la gesti\u00f3n y el an\u00e1lisis de los datos.<\/p>\n<\/li>\n<\/ul>\n<h3 data-start=\"1400\" data-end=\"1457\"><strong data-start=\"1404\" data-end=\"1455\">Proteger las vacunas, salvaguardar la salud p\u00fablica<\/strong><\/h3>\n<p data-start=\"1459\" data-end=\"1740\">El monitor de vacunas EL-USB-VACX es una herramienta esencial para centros sanitarios, farmacias e instituciones de investigaci\u00f3n. Al proporcionar un control preciso de la temperatura y una gesti\u00f3n eficiente de los datos, desempe\u00f1a un papel crucial en el mantenimiento de la eficacia de las vacunas y en la seguridad de los pacientes. <\/p>\n","protected":false},"excerpt":{"rendered":"<ul>\n<li>  Monitor de vacunas<\/li>\n<li>-40 a +60\u00b0C<\/li>\n<li>Almacena m\u00e1s de 1.000.000 de lecturas<\/li>\n<li>Alarmas configurables<\/li>\n<li>Sonda intercambiable en caliente<\/li>\n<li>Sonda inteligente de alta precisi\u00f3n<\/li>\n<\/ul>\n","protected":false},"featured_media":46134,"template":"","meta":{"_acf_changed":false,"content-type":"","_uag_custom_page_level_css":""},"product_brand":[],"product_cat":[1617,1601],"product_tag":[2435,3957,1618],"class_list":{"0":"post-46160","1":"product","2":"type-product","3":"status-publish","4":"has-post-thumbnail","6":"product_cat-seguimiento-de-la-vacuna","7":"product_cat-registradores-de-datos-de-temperatura","8":"product_tag-easylog-es","9":"product_tag-sondas-inteligentes","10":"product_tag-usb-es","12":"first","13":"instock","14":"taxable","15":"shipping-taxable","16":"purchasable","17":"product-type-simple"},"bundled_by":[],"bundle_stock_status":"instock","bundle_stock_quantity":null,"bundle_virtual":false,"bundle_layout":"","bundle_add_to_cart_form_location":"","bundle_editable_in_cart":false,"bundle_sold_individually_context":"","bundle_item_grouping":"","bundle_min_size":"","bundle_max_size":"","bundle_price":[],"bundled_items":[],"bundle_sell_ids":[],"acf":[],"spectra_custom_meta":{"hubwoo_ecomm_pro_id":["20314916704"],"_wcml_average_rating":[null],"_wcml_review_count":[null],"_wcml_rating_count":[null],"_backorders":["no"],"_download_limit":["-1"],"_download_expiry":["-1"],"_downloadable":["no"],"_manage_stock":["no"],"_sku":["EL-USB-VACX"],"_stock_status":["instock"],"_sold_individually":["no"],"_tax_class":[""],"_tax_status":["taxable"],"_virtual":["no"],"_weight":["0.134"],"_width":["6.8"],"_height":["2.3"],"_length":["8"],"total_sales":["0"],"product_datasheet":[""],"_product_datasheet":["field_650ad7d6ea3a0"],"connectivity":["USB"],"_connectivity":["field_64dce263bb57c"],"brand":["EasyLog"],"_brand":["field_64ddf62ed2593"],"brand_image":[""],"_brand_image":["field_650c5e7c84cae"],"_specifications_table":["field_65044e1db92a8"],"_display_data_alarm":["field_667d647bcb066"],"_resources":["field_650849c6945ee"],"_calibration":["field_66a0ddd599972"],"_accessories":["field_650849e6945f0"],"_faqs":["field_650859523d8d5"],"_calibration_suitable_ids_gb":["field_654b4c4acb54a"],"_calibration_suitable_ids_us":["field_654b4c56cb54b"],"_show_in_calibration_suitable":["field_654cfb691d345"],"_shipping":["field_66852535c98a5"],"_refrigerant_cabinet":["field_66852557c98a6"],"_main_specifications":["field_66855b25b1245"],"_usd_price_4":["field_651570dcac479"],"_usd_price_9":["field_6515713eb4807"],"_usd_price_24":["field_65157141b4809"],"_usd_price_49":["field_65157140b4808"],"_usd_price_99":["field_6515715bb480a"],"_gbp_price_4":["field_6515716e83bfa"],"_gbp_price_9":["field_6515724783bfb"],"_gbp_price_24":["field_6515724b83bfc"],"_gbp_price_49":["field_6515725983bfd"],"_gbp_price_99":["field_6515725d83bfe"],"_usdhk_price_4":["field_6515726f83bff"],"_usdhk_price_9":["field_6515727c83c00"],"_usdhk_price_24":["field_6515728083c01"],"_usdhk_price_49":["field_6515728983c02"],"_usdhk_price_99":["field_6515728e83c03"],"stock_options":["In stock"],"_stock_options":["field_6544b605dc7f9"],"_top_nav_excluded":[""],"_cms_nav_minihome":[""],"wcml_sync_hash":["a:1:{s:15:\"postmeta_fields\";s:32:\"654b63068d2cb48eb39132cbaaa10bef\";}"],"attr_label_translations":["a:0:{}"],"_product_attributes":["a:1:{s:16:\"pa_product-brand\";a:6:{s:4:\"name\";s:16:\"pa_product-brand\";s:5:\"value\";s:0:\"\";s:8:\"position\";i:0;s:10:\"is_visible\";i:1;s:12:\"is_variation\";i:0;s:11:\"is_taxonomy\";i:1;}}"],"_thumbnail_id":["46134"],"_product_image_gallery":["46110,46128"],"_crosssell_ids":["a:0:{}"],"min_temp":["-40"],"_min_temp":["field_67ea5eb4e0a77"],"_max_temp":["field_67ea5f81e0a79"],"max_temp":["60"],"_last_translation_edit_mode":["translation-editor"],"_wpml_word_count":["331"],"rank_math_primary_product_cat":["100"],"_regular_price":["208.79"],"_price":["208.79"],"_other_features":["field_686fa2aa98dce"],"rank_math_title":["%title%%sep% Monitor de vacunas esenciales %sep% %sitename%"],"rank_math_focus_keyword":["Monitor de vacunas"],"specifications_table":["<table class=\"specifications\">\n<tbody>\n<tr class=\"even-row\">\n<td class=\"left-td\">Rango de medici\u00f3n de la temperatura<\/td>\n<td>-40 a +60\u00b0C \/ -40 a +140\u00b0F<\/td>\n<\/tr>\n<tr class=\"odd-row\">\n<td class=\"left-td\">Precisi\u00f3n t\u00edpica del rango de medici\u00f3n de la temperatura<\/td>\n<td>\u00b10,1\u00b0C (-10 a +60\u00b0C) \/ \u00b10,2\u00b0F (+14 a +140\u00b0F)<\/td>\n<\/tr>\n<tr class=\"even-row\">\n<td class=\"left-td\">Precisi\u00f3n m\u00e1xima de la medici\u00f3n de temperatura<\/td>\n<td>\u00b10,5\u00b0C (-40 a +60\u00b0C) \/ \u00b10,9\u00b0F (-40 a +140\u00b0F)<\/td>\n<\/tr>\n<tr class=\"odd-row\">\n<td class=\"left-td\">Resoluci\u00f3n de la medici\u00f3n de temperatura<\/td>\n<td>0,01\u00b0C (0,02\u00b0F)<\/td>\n<\/tr>\n<tr class=\"even-row\">\n<td class=\"left-td\">Resoluci\u00f3n de la indicaci\u00f3n de temperatura<\/td>\n<td>0.01<\/td>\n<\/tr>\n<tr class=\"odd-row\">\n<td class=\"left-td\">Periodo de registro (seleccionable por el usuario)<\/td>\n<td>De 1 minuto a 24 horas<\/td>\n<\/tr>\n<tr class=\"even-row\">\n<td class=\"left-td\">Modos inteligentes<\/td>\n<td>Inmediato, pulsar para iniciar, inicio retardado, activado por temperatura<\/td>\n<\/tr>\n<tr class=\"odd-row\">\n<td class=\"left-td\">Capacidad de memoria interna<\/td>\n<td>M\u00e1s de 1.000.000 de lecturas<\/td>\n<\/tr>\n<tr class=\"even-row\">\n<td class=\"left-td\">Sirena<\/td>\n<td>Sirena de alarma integrada<\/td>\n<\/tr>\n<tr class=\"odd-row\">\n<td class=\"left-td\">Entorno de funcionamiento (registrador)<\/td>\n<td>-20 a +60\u00b0C, 5 a 85%HR, 75 a 106kPa<\/td>\n<\/tr>\n<tr class=\"even-row\">\n<td class=\"left-td\">Entorno de transporte<\/td>\n<td>-20 a +60\u00b0C, 5 a 85%HR, 75 a 106kPa<\/td>\n<\/tr>\n<tr class=\"odd-row\">\n<td class=\"left-td\">Protecci\u00f3n contra la entrada<\/td>\n<td>Registrador IP4X, Sonda: IP67<\/td>\n<\/tr>\n<tr class=\"even-row\">\n<td class=\"left-td\">Grado de contaminaci\u00f3n del entorno de uso previsto<\/td>\n<td>2<\/td>\n<\/tr>\n<tr class=\"odd-row\">\n<td class=\"left-td\">Duraci\u00f3n de la bater\u00eda<\/td>\n<td>6 meses<\/td>\n<\/tr>\n<tr class=\"even-row\">\n<td class=\"left-td\">Bater\u00eda interna<\/td>\n<td>3,7V, 1750mAh, 6,475Wh, Li-ion<\/td>\n<\/tr>\n<tr class=\"odd-row\">\n<td class=\"left-td\">Tensi\u00f3n de alimentaci\u00f3n USB<\/td>\n<td>4,5 a 5,5VDC, 500mA<\/td>\n<\/tr>\n<tr class=\"even-row\">\n<td class=\"left-td\">Dimensiones (registrador)<\/td>\n<td>80 x 68 x 23 mm (3,15 x 2,68 x 0,91\u2033)<\/td>\n<\/tr>\n<tr class=\"odd-row\">\n<td class=\"left-td\">Peso neto<\/td>\n<td>134g<\/td>\n<\/tr>\n<tr class=\"even-row\">\n<td class=\"left-td\">Tornillos de fijaci\u00f3n mural recomendados<\/td>\n<td>4 x 20 mm, cabeza avellanada, empotrada en cruz, acero inoxidable<\/td>\n<\/tr>\n<\/tbody>\n<\/table>"],"resources":["<ul class=\"resources-list\">\n \t<li style=\"list-style-type: none;\">\n<ul class=\"resources-list\">\n \t<li><img src=\"https:\/\/praxas.com\/wp-content\/uploads\/document-icon.png\" alt=\"Icono de documento\"><a href=\"https:\/\/praxas.com\/wp-content\/uploads\/Datasheet_EL-USB-VACX_Iss1_09-2024.pdf\">Hoja de datos EL-USB-VACX<\/a><\/li>\n \t<li><img src=\"https:\/\/praxas.com\/wp-content\/uploads\/document-icon.png\" alt=\"Icono de documento\"><a href=\"https:\/\/praxas.com\/wp-content\/uploads\/help-guide-3-network-requirements-and-settings-12-09-2022_issue-6-5.pdf\">Requisitos y configuraci\u00f3n de la red<\/a><\/li>\n \t<li><img src=\"https:\/\/praxas.com\/wp-content\/uploads\/document-icon.png\" alt=\"Icono de documento\"><a href=\"https:\/\/praxas.com\/wp-content\/uploads\/EASYLOG-VERSION-EL-USB-TPXCS-_VFC-311-USB-QSG-v8.pdf\">Gu\u00eda de inicio r\u00e1pido EL-USB<\/a><\/li>\n \t<li><img src=\"https:\/\/praxas.com\/wp-content\/uploads\/document-icon.png\" alt=\"Icono de documento\"><a href=\"https:\/\/praxas.com\/wp-content\/uploads\/bs-en-12830-record-of-compliance-issue-1-6.pdf\">BS EN 12830:2021 Registro de conformidad<\/a><\/li>\n \t<li><img src=\"https:\/\/praxas.com\/wp-content\/uploads\/document-icon.png\" alt=\"Icono de documento\"><a href=\"https:\/\/praxas.com\/wp-content\/uploads\/Declaration-of-Conformity_EL-USB-TPX_iss2.pdf\">EL-USB-TPX+ Declaraci\u00f3n de conformidad<\/a><\/li>\n<\/ul>\n<\/li>\n<\/ul>\n<a class=\"button button-secondary\" href=\"http:\/\/praxas.com\/support\/\">M\u00e1s apoyo<\/a>"],"accessories":["[products skus=\"EL-WiFi Wall Bracket\"]"],"_uag_page_assets":["a:9:{s:3:\"css\";s:0:\"\";s:2:\"js\";s:0:\"\";s:18:\"current_block_list\";a:0:{}s:8:\"uag_flag\";b:0;s:11:\"uag_version\";s:10:\"1777052440\";s:6:\"gfonts\";a:0:{}s:10:\"gfonts_url\";s:0:\"\";s:12:\"gfonts_files\";a:0:{}s:14:\"uag_faq_layout\";b:0;}"],"_max_variation_price":[""],"_max_variation_regular_price":[""],"_max_variation_sale_price":[""],"_min_variation_price":[""],"_min_variation_regular_price":[""],"_min_variation_sale_price":[""],"_sale_price":[""],"_wc_pb_base_regular_price":[""],"_wc_pb_base_sale_price":[""],"_wc_pb_base_price":[""],"_wc_sw_max_price":[""],"_wc_sw_max_regular_price":[""],"_wc_rating_count":[""],"_wc_review_count":[""],"_wc_average_rating":[0]},"uagb_featured_image_src":{"full":["https:\/\/praxas.com\/wp-content\/uploads\/EL-USB-VACX-2.jpg",800,463,false],"thumbnail":["https:\/\/praxas.com\/wp-content\/uploads\/EL-USB-VACX-2-150x150.jpg",150,150,true],"medium":["https:\/\/praxas.com\/wp-content\/uploads\/EL-USB-VACX-2-300x174.jpg",300,174,true],"medium_large":["https:\/\/praxas.com\/wp-content\/uploads\/EL-USB-VACX-2-768x444.jpg",768,444,true],"large":["https:\/\/praxas.com\/wp-content\/uploads\/EL-USB-VACX-2.jpg",800,463,false],"1536x1536":["https:\/\/praxas.com\/wp-content\/uploads\/EL-USB-VACX-2.jpg",800,463,false],"2048x2048":["https:\/\/praxas.com\/wp-content\/uploads\/EL-USB-VACX-2.jpg",800,463,false],"crunchify-admin-post-featured-image":["https:\/\/praxas.com\/wp-content\/uploads\/EL-USB-VACX-2-120x69.jpg",120,69,true],"commercegurus-pdp-large":["https:\/\/praxas.com\/wp-content\/uploads\/EL-USB-VACX-2.jpg",800,463,false],"commercegurus-plp-mobile":["https:\/\/praxas.com\/wp-content\/uploads\/EL-USB-VACX-2-441x255.jpg",441,255,true],"cgkit_image_swatch":["https:\/\/praxas.com\/wp-content\/uploads\/EL-USB-VACX-2-100x100.jpg",100,100,true],"woocommerce_thumbnail":["https:\/\/praxas.com\/wp-content\/uploads\/EL-USB-VACX-2-350x203.jpg",350,203,true],"woocommerce_single":["https:\/\/praxas.com\/wp-content\/uploads\/EL-USB-VACX-2.jpg",800,463,false],"woocommerce_gallery_thumbnail":["https:\/\/praxas.com\/wp-content\/uploads\/EL-USB-VACX-2-150x87.jpg",150,87,true]},"uagb_author_info":{"display_name":"Alex James","author_link":"https:\/\/praxas.com\/es\/author\/"},"uagb_comment_info":0,"uagb_excerpt":"Monitor de vacunas -40 a +60\u00b0C Almacena m\u00e1s de 1.000.000 de lecturas Alarmas configurables Sonda intercambiable en caliente Sonda inteligente de alta precisi\u00f3n","_links":{"self":[{"href":"https:\/\/praxas.com\/es\/wp-json\/wp\/v2\/product\/46160","targetHints":{"allow":["GET"]}}],"collection":[{"href":"https:\/\/praxas.com\/es\/wp-json\/wp\/v2\/product"}],"about":[{"href":"https:\/\/praxas.com\/es\/wp-json\/wp\/v2\/types\/product"}],"wp:featuredmedia":[{"embeddable":true,"href":"https:\/\/praxas.com\/es\/wp-json\/wp\/v2\/media\/46134"}],"wp:attachment":[{"href":"https:\/\/praxas.com\/es\/wp-json\/wp\/v2\/media?parent=46160"}],"wp:term":[{"taxonomy":"product_brand","embeddable":true,"href":"https:\/\/praxas.com\/es\/wp-json\/wp\/v2\/product_brand?post=46160"},{"taxonomy":"product_cat","embeddable":true,"href":"https:\/\/praxas.com\/es\/wp-json\/wp\/v2\/product_cat?post=46160"},{"taxonomy":"product_tag","embeddable":true,"href":"https:\/\/praxas.com\/es\/wp-json\/wp\/v2\/product_tag?post=46160"}],"curies":[{"name":"wp","href":"https:\/\/api.w.org\/{rel}","templated":true}]}}