{"id":47625,"date":"2025-02-28T13:39:34","date_gmt":"2025-02-28T12:39:34","guid":{"rendered":"https:\/\/praxas.com\/product\/sin%20categor\u00eda\/congelador-vertical-uluf-p620-mv\/"},"modified":"2026-01-19T13:36:26","modified_gmt":"2026-01-19T12:36:26","slug":"congelador-vertical-uluf-p620-mv","status":"publish","type":"product","link":"https:\/\/praxas.com\/es\/product\/refrigeracion_productos\/congeladores-de-baja-temperatura\/congelador-vertical-uluf-p620-mv\/","title":{"rendered":"Congelador vertical ULUF P620 MV"},"content":{"rendered":"<p>El ULUF P620 MV es un congelador de temperatura ultrabaja (ULT) de alto rendimiento, dise\u00f1ado para proporcionar una protecci\u00f3n y eficacia excepcionales de las muestras. Con la avanzada tecnolog\u00eda TRUE DUAL\u2122, garantiza que tus muestras se mantengan de forma segura a -70 \u00b0C, incluso en el improbable caso de que falle el compresor. <\/p>\n<p><strong>La ULUF P620 MV:<\/strong><\/p>\n<ul>\n<li>Alcanza los -80\u00b0C en menos de 4 horas, gracias a un potente sistema de refrigeraci\u00f3n y un robusto aislamiento de poliuretano y paneles aislados al vac\u00edo, que garantizan temperaturas constantes incluso con aperturas frecuentes de la puerta.<\/li>\n<li>Utiliza refrigerantes naturales con un bajo Potencial de Agotamiento de la Capa de Ozono (PAO) y Potencial de Calentamiento Global (PCG), lo que favorece la sostenibilidad medioambiental al tiempo que reduce tanto el consumo de energ\u00eda como los costes de funcionamiento.<\/li>\n<li>Funciona en un rango multivoltaje de 100 a 240 voltios, ofreciendo compatibilidad global y rendimiento estable, sin necesidad de adaptadores o transformadores adicionales.<\/li>\n<li>Equipado con el avanzado controlador V700, que incorpora alarmas esenciales y un modo ECO para optimizar la eficiencia energ\u00e9tica y mantener temperaturas uniformes.<\/li>\n<li>Dise\u00f1ado con un tirador de puerta ergon\u00f3mico, cerradura integrada y llave de tarjeta de bloqueo inteligente RFID para mayor seguridad, junto con cuatro puertas interiores extra\u00edbles con cierres magn\u00e9ticos para facilitar el mantenimiento y la descongelaci\u00f3n.<\/li>\n<li>Incluye las modernas estanter\u00edas Integraline, que est\u00e1n perforadas, son ajustables y soportan hasta 50 kg, ofreciendo soluciones de almacenamiento flexibles y duraderas.<\/li>\n<\/ul>\n<p>Al combinar tecnolog\u00eda punta con funciones f\u00e1ciles de usar y un enfoque centrado en la responsabilidad medioambiental, el ULUF P620 MV es la elecci\u00f3n ideal para los laboratorios que necesitan un almacenamiento fiable a temperatura ultrabaja.<\/p>\n","protected":false},"excerpt":{"rendered":"<ul>\n<li>-40\u02daC \/ -86\u02daC<\/li>\n<li>Ultra baja temperatura &#8211; 614 L<\/li>\n<li class=\"fLight\">Excelente rendimiento de refrigeraci\u00f3n<\/li>\n<li>Ahorro de espacio<\/li>\n<li>Sistema de refrigeraci\u00f3n TRUE DUAL<\/li>\n<li>Formulaciones sin CFC\/HCFC<\/li>\n<\/ul>\n","protected":false},"featured_media":46407,"template":"","meta":{"_acf_changed":false,"content-type":"","_uag_custom_page_level_css":""},"product_brand":[],"product_cat":[1795,1796],"product_tag":[2526,2638,2842],"class_list":{"0":"post-47625","1":"product","2":"type-product","3":"status-publish","4":"has-post-thumbnail","6":"product_cat-congeladores-de-baja-temperatura","7":"product_cat-congeladores-de-temperatura-ultrabaja-86c","8":"product_tag-arctiko-es","9":"product_tag-congelador","10":"product_tag-multitension","11":"product_shipping_class-pesado","13":"first","14":"instock","15":"taxable","16":"shipping-taxable","17":"purchasable","18":"product-type-simple"},"bundled_by":[],"bundle_stock_status":"instock","bundle_stock_quantity":null,"bundle_virtual":false,"bundle_layout":"","bundle_add_to_cart_form_location":"","bundle_editable_in_cart":false,"bundle_sold_individually_context":"","bundle_item_grouping":"","bundle_min_size":"","bundle_max_size":"","bundle_price":[],"bundled_items":[],"bundle_sell_ids":[],"acf":[],"spectra_custom_meta":{"hubwoo_ecomm_pro_id":["21784059946"],"_wcml_average_rating":[null],"_wcml_review_count":[null],"_wcml_rating_count":[null],"_backorders":["no"],"_download_limit":["0"],"_download_expiry":["0"],"_downloadable":["no"],"_manage_stock":["no"],"_sku":["P620MV"],"_stock_status":["instock"],"_sold_individually":["no"],"_tax_class":[""],"_tax_status":["taxable"],"_virtual":["no"],"_weight":["387"],"_width":["115"],"_height":["225"],"_length":["127"],"total_sales":["0"],"product_datasheet":[""],"_product_datasheet":["field_650ad7d6ea3a0"],"connectivity":[""],"_connectivity":["field_64dce263bb57c"],"brand":["Arctiko"],"_brand":["field_64ddf62ed2593"],"brand_image":[""],"_brand_image":["field_650c5e7c84cae"],"_specifications_table":["field_65044e1db92a8"],"_display_data_alarm":["field_667d647bcb066"],"_resources":["field_650849c6945ee"],"_calibration":["field_66a0ddd599972"],"_accessories":["field_650849e6945f0"],"_faqs":["field_650859523d8d5"],"_calibration_suitable_ids_gb":["field_654b4c4acb54a"],"_calibration_suitable_ids_us":["field_654b4c56cb54b"],"_show_in_calibration_suitable":["field_654cfb691d345"],"_shipping":["field_66852535c98a5"],"_refrigerant_cabinet":["field_66852557c98a6"],"_main_specifications":["field_66855b25b1245"],"_usd_price_4":["field_651570dcac479"],"_usd_price_9":["field_6515713eb4807"],"_usd_price_24":["field_65157141b4809"],"_usd_price_49":["field_65157140b4808"],"_usd_price_99":["field_6515715bb480a"],"_gbp_price_4":["field_6515716e83bfa"],"_gbp_price_9":["field_6515724783bfb"],"_gbp_price_24":["field_6515724b83bfc"],"_gbp_price_49":["field_6515725983bfd"],"_gbp_price_99":["field_6515725d83bfe"],"_usdhk_price_4":["field_6515726f83bff"],"_usdhk_price_9":["field_6515727c83c00"],"_usdhk_price_24":["field_6515728083c01"],"_usdhk_price_49":["field_6515728983c02"],"_usdhk_price_99":["field_6515728e83c03"],"stock_options":["In stock"],"_stock_options":["field_6544b605dc7f9"],"min_temp":["-86"],"max_temp":["-40"],"_min_temp":["field_67ea5eb4e0a77"],"_max_temp":["field_67ea5f81e0a79"],"_top_nav_excluded":[""],"_cms_nav_minihome":[""],"wcml_sync_hash":["a:1:{s:15:\"postmeta_fields\";s:32:\"5d083f3dfd77685c44b6c8376c3b6ad8\";}"],"attr_label_translations":["a:0:{}"],"_product_attributes":["a:4:{s:16:\"pa_product-brand\";a:6:{s:4:\"name\";s:16:\"pa_product-brand\";s:5:\"value\";s:0:\"\";s:8:\"position\";i:0;s:10:\"is_visible\";i:1;s:12:\"is_variation\";i:0;s:11:\"is_taxonomy\";i:1;}s:19:\"pa_product-features\";a:6:{s:4:\"name\";s:19:\"pa_product-features\";s:5:\"value\";s:0:\"\";s:8:\"position\";i:1;s:10:\"is_visible\";i:1;s:12:\"is_variation\";i:0;s:11:\"is_taxonomy\";i:1;}s:11:\"pa_capacity\";a:6:{s:4:\"name\";s:11:\"pa_capacity\";s:5:\"value\";s:0:\"\";s:8:\"position\";i:2;s:10:\"is_visible\";i:1;s:12:\"is_variation\";i:0;s:11:\"is_taxonomy\";i:1;}s:14:\"pa_temperature\";a:6:{s:4:\"name\";s:14:\"pa_temperature\";s:5:\"value\";s:0:\"\";s:8:\"position\";i:3;s:10:\"is_visible\";i:1;s:12:\"is_variation\";i:0;s:11:\"is_taxonomy\";i:1;}}"],"_thumbnail_id":["46407"],"_product_image_gallery":["46407,46413,46419"],"_crosssell_ids":["a:0:{}"],"_wpml_word_count":["350"],"_last_translation_edit_mode":["translation-editor"],"rank_math_primary_product_cat":["417"],"_other_features_arctiko":["field_668524f8c98a4"],"shipping":["<table class=\"specifications\">\n<tbody>\n<tr>\n<td class=\"left-td\">Peso de env\u00edo (kg)<\/td>\n<td>387<\/td>\n<\/tr>\n<tr>\n<td class=\"left-td\">Dimensiones de env\u00edo AnxPrxAl (cm)<\/td>\n<td>115 x 127 x 225<\/td>\n<\/tr>\n<tr>\n<td class=\"left-td\">Volumen de env\u00edo (m\u00b3)<\/td>\n<td>3,29<\/td>\n<\/tr>\n<\/tbody>\n<\/table>"],"_regular_price":["14045"],"_price":["14045"],"_other_features":["field_686fa2aa98dce"],"rank_math_description":["El ULUF P620 MV es un congelador ULT de alto rendimiento que ofrece una protecci\u00f3n excepcional de las muestras | -40\u02daC \/ -86\u02daC | Ultra Low-Temperature - 614 L"],"rank_math_focus_keyword":["ULUF P620 MV"],"display_data_alarm":["<table class=\"specifications\">\n<tbody>\n<tr>\n<td class=\"left-td\">Alarma (mostrada como texto, no como c\u00f3digos)<\/td>\n<td>S\u00ed<\/td>\n<\/tr>\n<tr>\n<td class=\"left-td\">Alarma visual \/ ac\u00fastica<\/td>\n<td>S\u00ed \/ S\u00ed<\/td>\n<\/tr>\n<tr>\n<td class=\"left-td\">Alarma de fallo de alimentaci\u00f3n<\/td>\n<td>S\u00ed<\/td>\n<\/tr>\n<tr>\n<td class=\"left-td\">Alarma ajustable de alta \/ baja temperatura<\/td>\n<td>S\u00ed \/ S\u00ed<\/td>\n<\/tr>\n<tr>\n<td class=\"left-td\">Alarma de puerta abierta<\/td>\n<td>S\u00ed<\/td>\n<\/tr>\n<tr>\n<td class=\"left-td\">Alarma de fallo de sonda<\/td>\n<td>S\u00ed<\/td>\n<\/tr>\n<tr>\n<td class=\"left-td\">Alarma de bater\u00eda baja<\/td>\n<td>S\u00ed<\/td>\n<\/tr>\n<tr>\n<td class=\"left-td\">Alarma de fallo del compresor<\/td>\n<td>S\u00ed<\/td>\n<\/tr>\n<tr>\n<td class=\"left-td\">Bater\u00eda de reserva para alarmas (aprox. horas)<\/td>\n<td>72<\/td>\n<\/tr>\n<tr>\n<td class=\"left-td\">Contacto sin tensi\u00f3n para alarma remota (por ejemplo, m\u00f3dulo de alarma GSM)<\/td>\n<td>S\u00ed<\/td>\n<\/tr>\n<tr>\n<td class=\"left-td\">Registrador electr\u00f3nico de datos<\/td>\n<td>S\u00ed<\/td>\n<\/tr>\n<tr>\n<td class=\"left-td\">Puerto RS 485<\/td>\n<td>Opcional<\/td>\n<\/tr>\n<tr>\n<td class=\"left-td\">Puerto USB para actualizaci\u00f3n de software y descarga de datos<\/td>\n<td>S\u00ed<\/td>\n<\/tr>\n<tr>\n<td class=\"left-td\">Registrador gr\u00e1fico de temperatura<\/td>\n<td>Opcional<\/td>\n<\/tr>\n<tr>\n<td class=\"left-td\">Tipo de pantalla<\/td>\n<td>Pantalla t\u00e1ctil de 7<\/td>\n<\/tr>\n<tr>\n<td class=\"left-td\">N\u00famero de sondas de referencia opcionales<\/td>\n<td>0 (1 sonda de referencia incluida de serie)<\/td>\n<\/tr>\n<tr>\n<td class=\"left-td\">Protecci\u00f3n por contrase\u00f1a para encender\/apagar la unidad<\/td>\n<td>S\u00ed<\/td>\n<\/tr>\n<tr>\n<td class=\"left-td\">Gr\u00e1fico de temperatura en pantalla<\/td>\n<td>S\u00ed<\/td>\n<\/tr>\n<\/tbody>\n<\/table>"],"other_features":["<table class=\"specifications\">\n<tbody>\n<tr>\n<td class=\"left-td\">Puerto de liberaci\u00f3n de vac\u00edo<\/td>\n<td>S\u00ed<\/td>\n<\/tr>\n<tr>\n<td class=\"left-td\">Funci\u00f3n anticongelante<\/td>\n<td>S\u00ed<\/td>\n<\/tr>\n<tr>\n<td class=\"left-td\">Puerto de acceso para sonda externa, etc. (di\u00e1metro int. mm)<\/td>\n<td>12<\/td>\n<\/tr>\n<tr>\n<td class=\"left-td\">Luz<\/td>\n<td>S\u00ed<\/td>\n<\/tr>\n<tr>\n<td class=\"left-td\">Cerradura con llave<\/td>\n<td>S\u00ed<\/td>\n<\/tr>\n<tr>\n<td class=\"left-td\">Ruedas (total uds.) \/ ruedas con freno (uds.)<\/td>\n<td>4 \/ 2<\/td>\n<\/tr>\n<tr>\n<td class=\"left-td\">Subtapas \/ puertas interiores (uds.)<\/td>\n<td>4<\/td>\n<\/tr>\n<tr>\n<td class=\"left-td\">Estantes fijos (uds.) \/ estantes regulables (uds.)<\/td>\n<td>1 \/ 2<\/td>\n<\/tr>\n<tr>\n<td class=\"left-td\">M\u00e1x. no. de estantes (uds.) \/ m\u00e1x. recomendado no. de estantes (uds.)<\/td>\n<td>5 \/ 5<\/td>\n<\/tr>\n<tr>\n<td class=\"left-td\">M\u00e1x. carga por balda (kg)<\/td>\n<td>50<\/td>\n<\/tr>\n<tr>\n<td class=\"left-td\">Capacidad total de cajas de 50 mm Separadores 9x9 (unidades)<\/td>\n<td>440<\/td>\n<\/tr>\n<tr>\n<td class=\"left-td\">Capacidad total de cajas de 75 mm Separadores 9x9 (unidades)<\/td>\n<td>280<\/td>\n<\/tr>\n<tr>\n<td class=\"left-td\">Capacidad total de cajas de 96 mm Separadores 9x9 (unidades)<\/td>\n<td>200<\/td>\n<\/tr>\n<tr>\n<td class=\"left-td\">M\u00e1x. capacidad de muestras en cajas Arctiko 10x10 (uds.)<\/td>\n<td>44.200<\/td>\n<\/tr>\n<\/tbody>\n<\/table>"],"refrigerant_cabinet":["<table class=\"specifications\">\n<tbody>\n<tr>\n<td class=\"left-td\">N\u00famero de compresores<\/td>\n<td>2<\/td>\n<\/tr>\n<tr>\n<td class=\"left-td\">Refrigerante<\/td>\n<td>GG20<\/td>\n<\/tr>\n<tr>\n<td class=\"left-td\">Material del armario interior<\/td>\n<td>acero inoxidable<\/td>\n<\/tr>\n<tr>\n<td class=\"left-td\">Material exterior del armario<\/td>\n<td>acero pintado<\/td>\n<\/tr>\n<tr>\n<td class=\"left-td\">Color (mueble exterior)<\/td>\n<td>blanco<\/td>\n<\/tr>\n<tr>\n<td class=\"left-td\">Tipo de espuma<\/td>\n<td>poliuretano<\/td>\n<\/tr>\n<tr>\n<td class=\"left-td\">Paneles VIP aislados al vac\u00edo<\/td>\n<td>S\u00ed<\/td>\n<\/tr>\n<\/tbody>\n<\/table>"],"main_specifications":["<table class=\"specifications\">\n<tbody>\n<tr>\n<td class=\"left-td\">C\u00f3digo de art\u00edculo<\/td>\n<td>1000049<\/td>\n<\/tr>\n<tr>\n<td class=\"left-td\">Gama de temperaturas (\u02daC)<\/td>\n<td>-40 \/ -86<\/td>\n<\/tr>\n<tr>\n<td class=\"left-td\">M\u00e1x. temperatura ambiente (\u02daC)<\/td>\n<td>32<\/td>\n<\/tr>\n<tr>\n<td class=\"left-td\">Capacidad (L)<\/td>\n<td>614<\/td>\n<\/tr>\n<tr>\n<td class=\"left-td\">Dimensiones exteriores AnxPxAl (mm)<\/td>\n<td>1035 x 859,5 x 1999<\/td>\n<\/tr>\n<tr>\n<td class=\"left-td\">Dimensiones interiores AnxPrxAl (mm)<\/td>\n<td>746 x 620 x 1320<\/td>\n<\/tr>\n<tr>\n<td class=\"left-td\">Peso (KG)<\/td>\n<td>247<\/td>\n<\/tr>\n<tr>\n<td class=\"left-td\">Aislamiento (mm)<\/td>\n<td>120<\/td>\n<\/tr>\n<tr>\n<td class=\"left-td\">Tecnolog\u00eda de refrigeraci\u00f3n<\/td>\n<td>sistema dual \/ est\u00e1tico<\/td>\n<\/tr>\n<tr>\n<td class=\"left-td\">Modelo de controlador \/ tipo de sonda<\/td>\n<td>V700 \/ PT100<\/td>\n<\/tr>\n<tr>\n<td class=\"left-td\">Alimentaci\u00f3n (V)<\/td>\n<td>de 100 a 240<\/td>\n<\/tr>\n<tr>\n<td class=\"left-td\">Frecuencia (Hz)<\/td>\n<td>50 \/ 60<\/td>\n<\/tr>\n<tr>\n<td class=\"left-td\">Consumo de energ\u00eda (kWh\/24h)<\/td>\n<td>8,4<\/td>\n<\/tr>\n<\/tbody>\n<\/table>"],"other_features_arctiko":["<table class=\"specifications\">\n<tbody>\n<tr>\n<td class=\"left-td\">Puerto de liberaci\u00f3n de vac\u00edo<\/td>\n<td>S\u00ed<\/td>\n<\/tr>\n<tr>\n<td class=\"left-td\">Funci\u00f3n anticongelante<\/td>\n<td>S\u00ed<\/td>\n<\/tr>\n<tr>\n<td class=\"left-td\">Puerto de acceso para sonda externa, etc. (di\u00e1metro int. mm)<\/td>\n<td>12<\/td>\n<\/tr>\n<tr>\n<td class=\"left-td\">Luz<\/td>\n<td>S\u00ed<\/td>\n<\/tr>\n<tr>\n<td class=\"left-td\">Cerradura con llave<\/td>\n<td>S\u00ed<\/td>\n<\/tr>\n<tr>\n<td class=\"left-td\">Ruedas (total uds.) \/ ruedas con freno (uds.)<\/td>\n<td>4 \/ 2<\/td>\n<\/tr>\n<tr>\n<td class=\"left-td\">Subtapas \/ puertas interiores (uds.)<\/td>\n<td>4<\/td>\n<\/tr>\n<tr>\n<td class=\"left-td\">Estantes fijos (uds.) \/ estantes regulables (uds.)<\/td>\n<td>1 \/ 2<\/td>\n<\/tr>\n<tr>\n<td class=\"left-td\">M\u00e1x. no. de estantes (uds.) \/ m\u00e1x. recomendado no. de estantes (uds.)<\/td>\n<td>5 \/ 5<\/td>\n<\/tr>\n<tr>\n<td class=\"left-td\">M\u00e1x. carga por balda (kg)<\/td>\n<td>50<\/td>\n<\/tr>\n<tr>\n<td class=\"left-td\">Capacidad total de cajas de 50 mm Separadores 9x9 (unidades)<\/td>\n<td>440<\/td>\n<\/tr>\n<tr>\n<td class=\"left-td\">Capacidad total de cajas de 75 mm Separadores 9x9 (unidades)<\/td>\n<td>280<\/td>\n<\/tr>\n<tr>\n<td class=\"left-td\">Capacidad total de cajas de 96 mm Separadores 9x9 (unidades)<\/td>\n<td>200<\/td>\n<\/tr>\n<tr>\n<td class=\"left-td\">M\u00e1x. capacidad de muestras en cajas Arctiko 10x10 (uds.)<\/td>\n<td>44.200<\/td>\n<\/tr>\n<\/tbody>\n<\/table>"],"_uag_page_assets":["a:9:{s:3:\"css\";s:0:\"\";s:2:\"js\";s:0:\"\";s:18:\"current_block_list\";a:0:{}s:8:\"uag_flag\";b:0;s:11:\"uag_version\";s:10:\"1777052440\";s:6:\"gfonts\";a:0:{}s:10:\"gfonts_url\";s:0:\"\";s:12:\"gfonts_files\";a:0:{}s:14:\"uag_faq_layout\";b:0;}"],"_max_variation_price":[""],"_max_variation_regular_price":[""],"_max_variation_sale_price":[""],"_min_variation_price":[""],"_min_variation_regular_price":[""],"_min_variation_sale_price":[""],"_sale_price":[""],"_wc_pb_base_regular_price":[""],"_wc_pb_base_sale_price":[""],"_wc_pb_base_price":[""],"_wc_sw_max_price":[""],"_wc_sw_max_regular_price":[""],"_wc_rating_count":[""],"_wc_review_count":[""],"_wc_average_rating":[0]},"uagb_featured_image_src":{"full":["https:\/\/praxas.com\/wp-content\/uploads\/ULUF-P620MV-Closed-Front.jpg",800,463,false],"thumbnail":["https:\/\/praxas.com\/wp-content\/uploads\/ULUF-P620MV-Closed-Front-150x150.jpg",150,150,true],"medium":["https:\/\/praxas.com\/wp-content\/uploads\/ULUF-P620MV-Closed-Front-300x174.jpg",300,174,true],"medium_large":["https:\/\/praxas.com\/wp-content\/uploads\/ULUF-P620MV-Closed-Front-768x444.jpg",768,444,true],"large":["https:\/\/praxas.com\/wp-content\/uploads\/ULUF-P620MV-Closed-Front.jpg",800,463,false],"1536x1536":["https:\/\/praxas.com\/wp-content\/uploads\/ULUF-P620MV-Closed-Front.jpg",800,463,false],"2048x2048":["https:\/\/praxas.com\/wp-content\/uploads\/ULUF-P620MV-Closed-Front.jpg",800,463,false],"crunchify-admin-post-featured-image":["https:\/\/praxas.com\/wp-content\/uploads\/ULUF-P620MV-Closed-Front-120x69.jpg",120,69,true],"commercegurus-pdp-large":["https:\/\/praxas.com\/wp-content\/uploads\/ULUF-P620MV-Closed-Front.jpg",800,463,false],"commercegurus-plp-mobile":["https:\/\/praxas.com\/wp-content\/uploads\/ULUF-P620MV-Closed-Front-441x255.jpg",441,255,true],"cgkit_image_swatch":["https:\/\/praxas.com\/wp-content\/uploads\/ULUF-P620MV-Closed-Front-100x100.jpg",100,100,true],"woocommerce_thumbnail":["https:\/\/praxas.com\/wp-content\/uploads\/ULUF-P620MV-Closed-Front-350x203.jpg",350,203,true],"woocommerce_single":["https:\/\/praxas.com\/wp-content\/uploads\/ULUF-P620MV-Closed-Front.jpg",800,463,false],"woocommerce_gallery_thumbnail":["https:\/\/praxas.com\/wp-content\/uploads\/ULUF-P620MV-Closed-Front-150x87.jpg",150,87,true]},"uagb_author_info":{"display_name":"Alex James","author_link":"https:\/\/praxas.com\/es\/author\/"},"uagb_comment_info":0,"uagb_excerpt":"-40\u02daC \/ -86\u02daC Ultra baja temperatura - 614 L Excelente rendimiento de refrigeraci\u00f3n Ahorro de espacio Sistema de refrigeraci\u00f3n TRUE DUAL Formulaciones sin CFC\/HCFC","_links":{"self":[{"href":"https:\/\/praxas.com\/es\/wp-json\/wp\/v2\/product\/47625","targetHints":{"allow":["GET"]}}],"collection":[{"href":"https:\/\/praxas.com\/es\/wp-json\/wp\/v2\/product"}],"about":[{"href":"https:\/\/praxas.com\/es\/wp-json\/wp\/v2\/types\/product"}],"wp:featuredmedia":[{"embeddable":true,"href":"https:\/\/praxas.com\/es\/wp-json\/wp\/v2\/media\/46407"}],"wp:attachment":[{"href":"https:\/\/praxas.com\/es\/wp-json\/wp\/v2\/media?parent=47625"}],"wp:term":[{"taxonomy":"product_brand","embeddable":true,"href":"https:\/\/praxas.com\/es\/wp-json\/wp\/v2\/product_brand?post=47625"},{"taxonomy":"product_cat","embeddable":true,"href":"https:\/\/praxas.com\/es\/wp-json\/wp\/v2\/product_cat?post=47625"},{"taxonomy":"product_tag","embeddable":true,"href":"https:\/\/praxas.com\/es\/wp-json\/wp\/v2\/product_tag?post=47625"}],"curies":[{"name":"wp","href":"https:\/\/api.w.org\/{rel}","templated":true}]}}