{"id":49046,"date":"2025-05-09T13:09:18","date_gmt":"2025-05-09T11:09:18","guid":{"rendered":"https:\/\/praxas.com\/product\/sin%20categor\u00eda\/refrigerador-biomedico-vertical-grande-lr-650\/"},"modified":"2026-01-20T10:26:17","modified_gmt":"2026-01-20T09:26:17","slug":"refrigerador-biomedico-vertical-grande-lr-650","status":"publish","type":"product","link":"https:\/\/praxas.com\/es\/product\/refrigeracion_productos\/frigorificos\/refrigerador-biomedico-vertical-grande-lr-650\/","title":{"rendered":"Refrigerador Biom\u00e9dico Vertical Grande LR 650"},"content":{"rendered":"<p>El refrigerador vertical grande <strong>LR 650<\/strong> de ARCTIKO es una soluci\u00f3n de vanguardia dise\u00f1ada para satisfacer los estrictos requisitos de las aplicaciones biom\u00e9dicas. Este frigor\u00edfico de puerta maciza, ecol\u00f3gico y de bajo consumo energ\u00e9tico, tiene una capacidad de 614 L y un control preciso de la temperatura en un rango de +2 \u00b0C a +8 \u00b0C. <\/p>\n<p><i class=\"fa-solid fa-circle-check\" style=\"color: #009ee0;\"><\/i> <strong>CERTIFICADO ENERGY<\/strong> STAR<br \/>\nCertificado Energy Star, que garantiza una eficiencia energ\u00e9tica excepcional y un impacto medioambiental reducido, al tiempo que mantiene un rendimiento superior en aplicaciones de almacenamiento sensibles a la temperatura.<\/p>\n<p><i class=\"fa-solid fa-circle-check\" style=\"color: #009ee0;\"><\/i> <strong>REGISTRADOR DE DATOS INTEGRADO<\/strong><br \/>\nCombinando un control preciso de la temperatura para un almacenamiento \u00f3ptimo de las muestras y el cumplimiento de la normativa, el registrador de datos integrado te proporciona un control sobre la marcha mediante gr\u00e1ficos detallados, alarmas y ajustes accesibles a trav\u00e9s de la conexi\u00f3n Bluetooth de tu tel\u00e9fono a la pantalla de la unidad.<\/p>\n<p><i class=\"fa-solid fa-circle-check\" style=\"color: #009ee0;\"><\/i> <strong>REFRIGERACI\u00d3N<\/strong> POR AIRE FORZADO<br \/>\nLa refrigeraci\u00f3n por aire forzado proporciona una excelente estabilidad de la temperatura. Forzar el flujo de aire alrededor de los objetos almacenados garantiza una r\u00e1pida recuperaci\u00f3n de la temperatura tras la apertura de la puerta. <\/p>\n<p><i class=\"fa-solid fa-circle-check\" style=\"color: #009ee0;\"><\/i> <strong>SEGURIDAD<\/strong> CON CERRADURA DE LLAVE<br \/>\nEquipada con una cerradura de llave segura, que proporciona una capa adicional de protecci\u00f3n para los contenidos valiosos y evita el acceso no autorizado. Esta caracter\u00edstica garantiza la integridad y confidencialidad de los objetos almacenados, por lo que es ideal para entornos en los que la seguridad es primordial.<\/p>\n<p><i class=\"fa-solid fa-circle-check\" style=\"color: #009ee0;\"><\/i> <strong>FUNCIONES DE ALARMA<\/strong><br \/>\nLas alarmas visuales y ac\u00fasticas de temperatura alta\/baja, puerta abierta, fallo de sonda, fallo de alimentaci\u00f3n y bater\u00eda baja garantizan que puedas reaccionar r\u00e1pidamente en el improbable caso de que se produzca un problema de alimentaci\u00f3n, equipo o proceso.<\/p>\n<p><i class=\"fa-solid fa-circle-check\" style=\"color: #009ee0;\"><\/i> <strong>REFRIGERANTE QUE CUMPLE CON LAS<\/strong> NORMAS <strong>SNAP\/EPA<\/strong><br \/>\nUtiliza refrigerantes que cumplen plenamente las normas de la Agencia de Protecci\u00f3n Medioambiental (EPA) y de la Pol\u00edtica de Nuevas Alternativas Significativas (SNAP), lo que garantiza un funcionamiento responsable con el medio ambiente sin comprometer el rendimiento ni la seguridad.<\/p>\n","protected":false},"excerpt":{"rendered":"<ul>\n<li>+2\u00b0C \/ +8\u00b0C,<\/li>\n<li>Modelo vertical &#8211; 614L<\/li>\n<li>Certificado Energy Star<\/li>\n<li>Registrador de datos integrado<\/li>\n<li>Refrigeraci\u00f3n por aire forzado<\/li>\n<li>Seguridad de la cerradura con llave<\/li>\n<li>Refrigerante conforme a SNAP\/EPA<\/li>\n<\/ul>\n","protected":false},"featured_media":48981,"template":"","meta":{"_acf_changed":false,"content-type":"","_uag_custom_page_level_css":""},"product_brand":[],"product_cat":[1822,1826,1774],"product_tag":[3763],"class_list":{"0":"post-49046","1":"product","2":"type-product","3":"status-publish","4":"has-post-thumbnail","6":"product_cat-frigorificos","7":"product_cat-2c-8c-refrigeradores-biomedicos","8":"product_cat-refrigeracion_productos","9":"product_tag-flexaline-es-2","10":"product_shipping_class-pesado","12":"first","13":"instock","14":"taxable","15":"shipping-taxable","16":"purchasable","17":"product-type-simple"},"bundled_by":[],"bundle_stock_status":"instock","bundle_stock_quantity":null,"bundle_virtual":false,"bundle_layout":"","bundle_add_to_cart_form_location":"","bundle_editable_in_cart":false,"bundle_sold_individually_context":"","bundle_item_grouping":"","bundle_min_size":"","bundle_max_size":"","bundle_price":[],"bundled_items":[],"bundle_sell_ids":[],"acf":[],"spectra_custom_meta":{"hubwoo_ecomm_pro_id":["23110021244"],"_wcml_average_rating":[null],"_wcml_review_count":[null],"_wcml_rating_count":[null],"_backorders":["no"],"_download_limit":["0"],"_download_expiry":["0"],"_downloadable":["no"],"_manage_stock":["no"],"_sku":["1600026"],"_stock_status":["instock"],"_sold_individually":["no"],"_tax_class":[""],"_tax_status":["taxable"],"_virtual":["no"],"_weight":["124"],"_width":["91"],"_height":["221"],"_length":["81"],"total_sales":["0"],"product_datasheet":[""],"_product_datasheet":["field_650ad7d6ea3a0"],"connectivity":["Bluetooth"],"_connectivity":["field_64dce263bb57c"],"brand":["Arctiko"],"_brand":["field_64ddf62ed2593"],"brand_image":[""],"_brand_image":["field_650c5e7c84cae"],"_specifications_table":["field_65044e1db92a8"],"_display_data_alarm":["field_667d647bcb066"],"_resources":["field_650849c6945ee"],"_calibration":["field_66a0ddd599972"],"_accessories":["field_650849e6945f0"],"_faqs":["field_650859523d8d5"],"_calibration_suitable_ids_gb":["field_654b4c4acb54a"],"_calibration_suitable_ids_us":["field_654b4c56cb54b"],"_show_in_calibration_suitable":["field_654cfb691d345"],"_shipping":["field_66852535c98a5"],"_refrigerant_cabinet":["field_66852557c98a6"],"_main_specifications":["field_66855b25b1245"],"_usd_price_4":["field_651570dcac479"],"_usd_price_9":["field_6515713eb4807"],"_usd_price_24":["field_65157141b4809"],"_usd_price_49":["field_65157140b4808"],"_usd_price_99":["field_6515715bb480a"],"_gbp_price_4":["field_6515716e83bfa"],"_gbp_price_9":["field_6515724783bfb"],"_gbp_price_24":["field_6515724b83bfc"],"_gbp_price_49":["field_6515725983bfd"],"_gbp_price_99":["field_6515725d83bfe"],"_usdhk_price_4":["field_6515726f83bff"],"_usdhk_price_9":["field_6515727c83c00"],"_usdhk_price_24":["field_6515728083c01"],"_usdhk_price_49":["field_6515728983c02"],"_usdhk_price_99":["field_6515728e83c03"],"stock_options":["In stock"],"_stock_options":["field_6544b605dc7f9"],"min_temp":["2"],"max_temp":["8"],"_min_temp":["field_67ea5eb4e0a77"],"_max_temp":["field_67ea5f81e0a79"],"_top_nav_excluded":[""],"_cms_nav_minihome":[""],"wcml_sync_hash":["a:1:{s:15:\"postmeta_fields\";s:32:\"36f3d7848f718682e5ff160edc7aa68c\";}"],"attr_label_translations":["a:0:{}"],"_product_attributes":["a:4:{s:16:\"pa_product-brand\";a:6:{s:4:\"name\";s:16:\"pa_product-brand\";s:5:\"value\";s:0:\"\";s:8:\"position\";i:0;s:10:\"is_visible\";i:1;s:12:\"is_variation\";i:0;s:11:\"is_taxonomy\";i:1;}s:15:\"pa_product-type\";a:6:{s:4:\"name\";s:15:\"pa_product-type\";s:5:\"value\";s:0:\"\";s:8:\"position\";i:1;s:10:\"is_visible\";i:1;s:12:\"is_variation\";i:0;s:11:\"is_taxonomy\";i:1;}s:19:\"pa_product-features\";a:6:{s:4:\"name\";s:19:\"pa_product-features\";s:5:\"value\";s:0:\"\";s:8:\"position\";i:2;s:10:\"is_visible\";i:1;s:12:\"is_variation\";i:0;s:11:\"is_taxonomy\";i:1;}s:14:\"pa_temperature\";a:6:{s:4:\"name\";s:14:\"pa_temperature\";s:5:\"value\";s:0:\"\";s:8:\"position\";i:3;s:10:\"is_visible\";i:1;s:12:\"is_variation\";i:0;s:11:\"is_taxonomy\";i:1;}}"],"_thumbnail_id":["48981"],"_product_image_gallery":[""],"_crosssell_ids":["a:0:{}"],"_wpml_word_count":["415"],"_last_translation_edit_mode":["translation-editor"],"rank_math_primary_product_cat":["411"],"_other_features_arctiko":["field_668524f8c98a4"],"shipping":["\u00a0\n<table class=\"specifications\">\n<tbody>\n<tr>\n<td class=\"left-td\">Peso de env\u00edo (kg)<\/td>\n<td>150<\/td>\n<\/tr>\n<tr>\n<td class=\"left-td\">Dimensiones de env\u00edo AnxPrxAl (cm)<\/td>\n<td>813X 914X2210<\/td>\n<\/tr>\n<tr>\n<td class=\"left-td\">Volumen de env\u00edo (m\u00b3)<\/td>\n<td>3.10<\/td>\n<\/tr>\n<\/tbody>\n<\/table>"],"_regular_price":["4695"],"_price":["4695"],"_other_features":["field_686fa2aa98dce"],"rank_math_title":["LR 650: Refrigerador Biom\u00e9dico Vertical Grande | Arctiko"],"rank_math_description":["El refrigerador biom\u00e9dico vertical grande Arctiko LR 650 ofrece las prestaciones superiores necesarias para una amplia gama de aplicaciones biom\u00e9dicas.\n"],"rank_math_focus_keyword":["lr 650"],"specifications_table":["<table class=\"specifications\">\n<tbody>\n<tr class=\"even-row\">\n<td class=\"left-td\">C\u00f3digo de art\u00edculo<\/td>\n<td>1600026<\/td>\n<\/tr>\n<tr class=\"odd-row\">\n<td class=\"left-td\">Rango de temperatura (\u00b0C)<\/td>\n<td>+2 \/ +8<\/td>\n<\/tr>\n<tr class=\"even-row\">\n<td class=\"left-td\">Rango de temperatura (\u00b0F)<\/td>\n<td>+35.6 \/ +46.4<\/td>\n<\/tr>\n<tr class=\"odd-row\">\n<td class=\"left-td\">M\u00e1x. Temperatura ambiente (\u00b0C)<\/td>\n<td>+40<\/td>\n<\/tr>\n<tr class=\"even-row\">\n<td class=\"left-td\">Capacidad (L)<\/td>\n<td>614<\/td>\n<\/tr>\n<tr class=\"even-row\">\n<td class=\"left-td\">Capacidad (pies c\u00fabicos)<\/td>\n<td>22<\/td>\n<\/tr>\n<tr class=\"even-row\">\n<td class=\"left-td\">Dimensiones exteriores AnxPxAl (mm)<\/td>\n<td>711x787x2007<\/td>\n<\/tr>\n<tr class=\"even-row\">\n<td class=\"left-td\">Dimensiones interiores AnxPrxAl (mm)<\/td>\n<td>610x660x1524<\/td>\n<\/tr>\n<tr class=\"even-row\">\n<td class=\"left-td\">Peso (lb)<\/td>\n<td>275<\/td>\n<\/tr>\n<tr class=\"even-row\">\n<td class=\"left-td\">Peso (kg)<\/td>\n<td>125<\/td>\n<\/tr>\n<tr class=\"even-row\">\n<td class=\"left-td\">Aislamiento (pulgadas)<\/td>\n<td>2.63<\/td>\n<\/tr>\n<tr class=\"even-row\">\n<td class=\"left-td\">Aislamiento (mm)<\/td>\n<td>60<\/td>\n<\/tr>\n<tr class=\"even-row\">\n<td class=\"left-td\">Tecnolog\u00eda de refrigeraci\u00f3n<\/td>\n<td>Aire forzado<\/td>\n<\/tr>\n<tr class=\"odd-row\">\n<td class=\"left-td\">Modelo de controlador \/ Tipo de sonda<\/td>\n<td>Carel iJS\/NTC<\/td>\n<\/tr>\n<tr class=\"even-row\">\n<td class=\"left-td\">Fuente de alimentaci\u00f3n (V)<\/td>\n<td>115<\/td>\n<\/tr>\n<tr class=\"odd-row\">\n<td class=\"left-td\">Frecuencia (Hz)<\/td>\n<td>60<\/td>\n<\/tr>\n<tr class=\"even-row\">\n<td class=\"left-td\">Consumo de energ\u00eda (KWH\/24H)<\/td>\n<td>3.81<\/td>\n<\/tr>\n<tr class=\"odd-row\">\n<td class=\"left-td\">AMP (A)<\/td>\n<td>3.2<\/td>\n<\/tr>\n<tr class=\"even-row\">\n<td class=\"left-td\">Potencia (vatios)<\/td>\n<td>290<\/td>\n<\/tr>\n<tr class=\"odd-row\">\n<td class=\"left-td\">Potencia en caballos (CV)<\/td>\n<td>1\/5<\/td>\n<\/tr>\n<\/tbody>\n<\/table>"],"display_data_alarm":["<table class=\"specifications\">\n<tbody>\n<tr class=\"even-row\">\n<td class=\"left-td\">Visualizaci\u00f3n de Alarma Como Texto - No C\u00f3digos<\/td>\n<td>S\u00ed<\/td>\n<\/tr>\n<tr class=\"odd-row\">\n<td class=\"left-td\">Alarma Visual \/ Ac\u00fastica<\/td>\n<td>S\u00ed \/ S\u00ed<\/td>\n<\/tr>\n<tr class=\"even-row\">\n<td class=\"left-td\">Alarma de fallo de alimentaci\u00f3n<\/td>\n<td>S\u00ed<\/td>\n<\/tr>\n<tr class=\"odd-row\">\n<td class=\"left-td\">Alarma ajustable de temperatura alta\/baja<\/td>\n<td>S\u00ed \/ S\u00ed<\/td>\n<\/tr>\n<tr class=\"even-row\">\n<td class=\"left-td\">Alarma de puerta abierta<\/td>\n<td>S\u00ed<\/td>\n<\/tr>\n<tr class=\"odd-row\">\n<td class=\"left-td\">Alarma de fallo de sonda<\/td>\n<td>S\u00ed<\/td>\n<\/tr>\n<tr class=\"even-row\">\n<td class=\"left-td\">Alarma de bater\u00eda baja<\/td>\n<td>S\u00ed<\/td>\n<\/tr>\n<tr class=\"odd-row\">\n<td class=\"left-td\">Alarma de fallo del compresor<\/td>\n<td>S\u00ed<\/td>\n<\/tr>\n<tr class=\"even-row\">\n<td class=\"left-td\">Contacto sin tensi\u00f3n para alarma remota (por ejemplo, m\u00f3dulo de alarma GSM)<\/td>\n<td>S\u00ed<\/td>\n<\/tr>\n<tr class=\"odd-row\">\n<td class=\"left-td\">Registrador electr\u00f3nico de datos<\/td>\n<td>S\u00ed<\/td>\n<\/tr>\n<tr class=\"even-row\">\n<td class=\"left-td\">Registrador gr\u00e1fico de temperatura<\/td>\n<td>Opcional<\/td>\n<\/tr>\n<tr class=\"odd-row\">\n<td class=\"left-td\">Descarga de datos por Bluetooth<\/td>\n<td>S\u00ed<\/td>\n<\/tr>\n<tr class=\"even-row\">\n<td class=\"left-td\">N\u00famero De Sondas De Referencia Opcionales<\/td>\n<td>2<\/td>\n<\/tr>\n<tr class=\"odd-row\">\n<td class=\"left-td\">Pantalla bloqueable para evitar apagados accidentales<\/td>\n<td>S\u00ed<\/td>\n<\/tr>\n<tr class=\"even-row\">\n<td class=\"left-td\">Gr\u00e1fico de temperatura disponible a trav\u00e9s de la app<\/td>\n<td>Bluetooth<\/td>\n<\/tr>\n<\/tbody>\n<\/table>"],"resources":["<ul class=\"resources-list\">\n \t<li><img src=\"https:\/\/praxas.com\/wp-content\/uploads\/document-icon.png\" alt=\"Icono de documento\"><a href=\"https:\/\/arctiko.com\/wp-content\/uploads\/Arctiko-Datasheets-LR650-04-2025_Rest-Of-The-World.pdf\" target=\"_blank\" rel=\"noopener\">Ficha t\u00e9cnica del producto LR 650<\/a><\/li>\n \t<li><img src=\"https:\/\/praxas.com\/wp-content\/uploads\/document-icon.png\" alt=\"Icono de documento\"><a href=\"https:\/\/arctiko.com\/wp-content\/uploads\/5088263-01-Dimensionstegning-LR-650.pdf\">LR 650 Plano de dimensiones<\/a><\/li>\n \t<li><img src=\"https:\/\/praxas.com\/wp-content\/uploads\/document-icon.png\" alt=\"Icono de documento\"><a href=\"https:\/\/arctiko.com\/wp-content\/uploads\/5086150-01-El-diagram-for-LR_PR_LF_350_650_1350.pdf\">Esquema el\u00e9ctrico<\/a><\/li>\n \t<li><img src=\"https:\/\/praxas.com\/wp-content\/uploads\/document-icon.png\" alt=\"Icono de documento\"><a href=\"https:\/\/arctiko.com\/wp-content\/uploads\/5080503-02-GB-Operating-instructions-LR350_650_1350-PR650_1350-LF650_1350.pdf\">Instrucciones de uso<\/a><\/li>\n \t<li><img src=\"https:\/\/praxas.com\/wp-content\/uploads\/document-icon.png\" alt=\"Icono de documento\"><a href=\"\/wp-content\/uploads\/5082536-03-safety-datasheet-r290.pdf\" target=\"_blank\" rel=\"noopener\">Ficha de seguridad R290<\/a><\/li>\n \t<li><img src=\"https:\/\/praxas.com\/wp-content\/uploads\/document-icon.png\" alt=\"Icono de documento\"><a href=\"\/wp-content\/uploads\/2022-certifikat-iso-9001-arctiko-as.pdf\" target=\"_blank\" rel=\"noopener\">ISO 9001<\/a><\/li>\n<\/ul>"],"other_features":["<table class=\"specifications\">\n<tbody>\n<tr class=\"even-row\">\n<td class=\"left-td\">Desescarche autom\u00e1tico<\/td>\n<td>S\u00ed<\/td>\n<\/tr>\n<tr class=\"odd-row\">\n<td class=\"left-td\">Funci\u00f3n anticongelante<\/td>\n<td>No<\/td>\n<\/tr>\n<tr class=\"even-row\">\n<td class=\"left-td\">Puerto de liberaci\u00f3n de vac\u00edo<\/td>\n<td>No<\/td>\n<\/tr>\n<tr class=\"odd-row\">\n<td class=\"left-td\">Puerto de acceso para sonda externa, etc.<\/td>\n<td>S\u00ed<\/td>\n<\/tr>\n<tr class=\"even-row\">\n<td class=\"left-td\">Luz<\/td>\n<td>S\u00ed<\/td>\n<\/tr>\n<tr class=\"odd-row\">\n<td class=\"left-td\">Cerradura con llave<\/td>\n<td>S\u00ed<\/td>\n<\/tr>\n<tr class=\"even-row\">\n<td class=\"left-td\">Ruedas (Total Piezas) \/ Ruedas Con Freno (Piezas)<\/td>\n<td>4 \/ 2<\/td>\n<\/tr>\n<tr class=\"odd-row\">\n<td class=\"left-td\">Pies fijos (uds.) \/ Pies niveladores (uds.)<\/td>\n<td>No<\/td>\n<\/tr>\n<tr class=\"even-row\">\n<td class=\"left-td\">Subtapas O Puertas Interiores (uds.)<\/td>\n<td>No<\/td>\n<\/tr>\n<tr class=\"odd-row\">\n<td class=\"left-td\">Puertas reversibles (uds.)<\/td>\n<td>S\u00ed<\/td>\n<\/tr>\n<tr class=\"even-row\">\n<td class=\"left-td\">Estantes Fijos (Uds.) \/ Estantes Ajustables (Uds.)<\/td>\n<td>3<\/td>\n<\/tr>\n<tr class=\"odd-row\">\n<td class=\"left-td\">M\u00e1x. No. De Estantes (Uds.) \/ Max. Recomendado No. De Estantes (uds.)<\/td>\n<td>6<\/td>\n<\/tr>\n<tr class=\"even-row\">\n<td class=\"left-td\">Carga m\u00e1xima por balda (Kg)<\/td>\n<td>45<\/td>\n<\/tr>\n<tr class=\"odd-row\">\n<td class=\"left-td\">Cajones regulables (uds.)<\/td>\n<td>Opcional<\/td>\n<\/tr>\n<\/tbody>\n<\/table>"],"refrigerant_cabinet":["<table class=\"specifications\">\n<tbody>\n<tr class=\"even-row\">\n<td class=\"left-td\">N\u00famero de compresores<\/td>\n<td>1<\/td>\n<\/tr>\n<tr class=\"odd-row\">\n<td class=\"left-td\">Refrigerante<\/td>\n<td>R290<\/td>\n<\/tr>\n<tr class=\"even-row\">\n<td class=\"left-td\">Material del armario interior<\/td>\n<td>Acero inoxidable<\/td>\n<\/tr>\n<tr class=\"odd-row\">\n<td class=\"left-td\">Material exterior del armario<\/td>\n<td>Acero pintado<\/td>\n<\/tr>\n<tr class=\"even-row\">\n<td class=\"left-td\">Color (armario exterior)<\/td>\n<td>Blanco<\/td>\n<\/tr>\n<tr class=\"odd-row\">\n<td class=\"left-td\">Agente espumante<\/td>\n<td>Poliuretano<\/td>\n<\/tr>\n<\/tbody>\n<\/table>\n\u00a0"],"other_features_arctiko":["<table class=\"specifications\">\n<tbody>\n<tr class=\"even-row\">\n<td class=\"left-td\">Desescarche autom\u00e1tico<\/td>\n<td>S\u00ed<\/td>\n<\/tr>\n<tr class=\"odd-row\">\n<td class=\"left-td\">Funci\u00f3n anticongelante<\/td>\n<td>No<\/td>\n<\/tr>\n<tr class=\"even-row\">\n<td class=\"left-td\">Puerto de liberaci\u00f3n de vac\u00edo<\/td>\n<td>No<\/td>\n<\/tr>\n<tr class=\"odd-row\">\n<td class=\"left-td\">Puerto de acceso para sonda externa, etc.<\/td>\n<td>S\u00ed<\/td>\n<\/tr>\n<tr class=\"even-row\">\n<td class=\"left-td\">Luz<\/td>\n<td>S\u00ed<\/td>\n<\/tr>\n<tr class=\"odd-row\">\n<td class=\"left-td\">Cerradura con llave<\/td>\n<td>S\u00ed<\/td>\n<\/tr>\n<tr class=\"even-row\">\n<td class=\"left-td\">Ruedas (Total Piezas) \/ Ruedas Con Freno (Piezas)<\/td>\n<td>4 \/ 2<\/td>\n<\/tr>\n<tr class=\"odd-row\">\n<td class=\"left-td\">Pies fijos (uds.) \/ Pies niveladores (uds.)<\/td>\n<td>No<\/td>\n<\/tr>\n<tr class=\"even-row\">\n<td class=\"left-td\">Subtapas O Puertas Interiores (uds.)<\/td>\n<td>No<\/td>\n<\/tr>\n<tr class=\"odd-row\">\n<td class=\"left-td\">Puertas reversibles (uds.)<\/td>\n<td>S\u00ed<\/td>\n<\/tr>\n<tr class=\"even-row\">\n<td class=\"left-td\">Estantes Fijos (Uds.) \/ Estantes Ajustables (Uds.)<\/td>\n<td>3<\/td>\n<\/tr>\n<tr class=\"odd-row\">\n<td class=\"left-td\">M\u00e1x. No. De Estantes (Uds.) \/ Max. Recomendado No. De Estantes (uds.)<\/td>\n<td>6<\/td>\n<\/tr>\n<tr class=\"even-row\">\n<td class=\"left-td\">Carga m\u00e1xima por balda (Kg)<\/td>\n<td>45<\/td>\n<\/tr>\n<tr class=\"odd-row\">\n<td class=\"left-td\">Cajones regulables (uds.)<\/td>\n<td>Opcional<\/td>\n<\/tr>\n<\/tbody>\n<\/table>"],"_uag_page_assets":["a:9:{s:3:\"css\";s:0:\"\";s:2:\"js\";s:0:\"\";s:18:\"current_block_list\";a:0:{}s:8:\"uag_flag\";b:0;s:11:\"uag_version\";s:10:\"1777052440\";s:6:\"gfonts\";a:0:{}s:10:\"gfonts_url\";s:0:\"\";s:12:\"gfonts_files\";a:0:{}s:14:\"uag_faq_layout\";b:0;}"],"_max_variation_price":[""],"_max_variation_regular_price":[""],"_max_variation_sale_price":[""],"_min_variation_price":[""],"_min_variation_regular_price":[""],"_min_variation_sale_price":[""],"_sale_price":[""],"_wc_pb_base_regular_price":[""],"_wc_pb_base_sale_price":[""],"_wc_pb_base_price":[""],"_wc_sw_max_price":[""],"_wc_sw_max_regular_price":[""],"_wc_rating_count":[""],"_wc_review_count":[""],"_wc_average_rating":[0]},"uagb_featured_image_src":{"full":["https:\/\/praxas.com\/wp-content\/uploads\/LR650-800x463-1.jpg",800,463,false],"thumbnail":["https:\/\/praxas.com\/wp-content\/uploads\/LR650-800x463-1-150x150.jpg",150,150,true],"medium":["https:\/\/praxas.com\/wp-content\/uploads\/LR650-800x463-1-300x174.jpg",300,174,true],"medium_large":["https:\/\/praxas.com\/wp-content\/uploads\/LR650-800x463-1-768x444.jpg",768,444,true],"large":["https:\/\/praxas.com\/wp-content\/uploads\/LR650-800x463-1.jpg",800,463,false],"1536x1536":["https:\/\/praxas.com\/wp-content\/uploads\/LR650-800x463-1.jpg",800,463,false],"2048x2048":["https:\/\/praxas.com\/wp-content\/uploads\/LR650-800x463-1.jpg",800,463,false],"crunchify-admin-post-featured-image":["https:\/\/praxas.com\/wp-content\/uploads\/LR650-800x463-1-120x69.jpg",120,69,true],"commercegurus-pdp-large":["https:\/\/praxas.com\/wp-content\/uploads\/LR650-800x463-1.jpg",800,463,false],"commercegurus-plp-mobile":["https:\/\/praxas.com\/wp-content\/uploads\/LR650-800x463-1-441x255.jpg",441,255,true],"cgkit_image_swatch":["https:\/\/praxas.com\/wp-content\/uploads\/LR650-800x463-1-100x100.jpg",100,100,true],"woocommerce_thumbnail":["https:\/\/praxas.com\/wp-content\/uploads\/LR650-800x463-1-350x203.jpg",350,203,true],"woocommerce_single":["https:\/\/praxas.com\/wp-content\/uploads\/LR650-800x463-1.jpg",800,463,false],"woocommerce_gallery_thumbnail":["https:\/\/praxas.com\/wp-content\/uploads\/LR650-800x463-1-150x87.jpg",150,87,true]},"uagb_author_info":{"display_name":"Alex James","author_link":"https:\/\/praxas.com\/es\/author\/"},"uagb_comment_info":0,"uagb_excerpt":"+2\u00b0C \/ +8\u00b0C, Modelo vertical - 614L Certificado Energy Star Registrador de datos integrado Refrigeraci\u00f3n por aire forzado Seguridad de la cerradura con llave Refrigerante conforme a SNAP\/EPA","_links":{"self":[{"href":"https:\/\/praxas.com\/es\/wp-json\/wp\/v2\/product\/49046","targetHints":{"allow":["GET"]}}],"collection":[{"href":"https:\/\/praxas.com\/es\/wp-json\/wp\/v2\/product"}],"about":[{"href":"https:\/\/praxas.com\/es\/wp-json\/wp\/v2\/types\/product"}],"wp:featuredmedia":[{"embeddable":true,"href":"https:\/\/praxas.com\/es\/wp-json\/wp\/v2\/media\/48981"}],"wp:attachment":[{"href":"https:\/\/praxas.com\/es\/wp-json\/wp\/v2\/media?parent=49046"}],"wp:term":[{"taxonomy":"product_brand","embeddable":true,"href":"https:\/\/praxas.com\/es\/wp-json\/wp\/v2\/product_brand?post=49046"},{"taxonomy":"product_cat","embeddable":true,"href":"https:\/\/praxas.com\/es\/wp-json\/wp\/v2\/product_cat?post=49046"},{"taxonomy":"product_tag","embeddable":true,"href":"https:\/\/praxas.com\/es\/wp-json\/wp\/v2\/product_tag?post=49046"}],"curies":[{"name":"wp","href":"https:\/\/api.w.org\/{rel}","templated":true}]}}