{"id":49545,"date":"2025-06-18T12:50:47","date_gmt":"2025-06-18T10:50:47","guid":{"rendered":"https:\/\/praxas.com\/product\/sin%20categor\u00eda\/extension-de-sensor-externo-stx-50\/"},"modified":"2025-10-09T10:24:36","modified_gmt":"2025-10-09T08:24:36","slug":"extension-de-sensor-externo-stx-50","status":"publish","type":"product","link":"https:\/\/praxas.com\/es\/product\/registradores-de-datos\/accesorios-es\/extension-de-sensor-externo-stx-50\/","title":{"rendered":"Extensi\u00f3n de sensor externo STX-50"},"content":{"rendered":"<p data-start=\"214\" data-end=\"278\"><strong data-start=\"218\" data-end=\"278\">Cable de extensi\u00f3n del sensor externo LogTag STX-50 &#8211; 5 metros<\/strong><\/p>\n<p data-start=\"280\" data-end=\"525\">El LogTag STX-50 es un cable alargador de 5 metros dise\u00f1ado para su uso con sensores de temperatura externos ST10 y ST100 en aplicaciones industriales ligeras. Permite una mayor flexibilidad en la colocaci\u00f3n de los sensores cuando no es posible la conexi\u00f3n directa con el registrador. <\/p>\n<p data-start=\"527\" data-end=\"822\">El cable est\u00e1 terminado con un enchufe MCX e incorpora un manguito protector flexible en el extremo de la toma para garantizar una conexi\u00f3n con clasificaci\u00f3n IP61 cuando se acopla. Construido con materiales aptos para uso alimentario de la FDA y acero inoxidable 316 en el extremo del sensor, el STX-50 puede utilizarse en entornos que exijan el cumplimiento de normas de higiene. <\/p>\n<p data-start=\"824\" data-end=\"871\"><strong data-start=\"824\" data-end=\"871\">Caracter\u00edsticas principales del cable alargador STX-50:<\/strong><\/p>\n<ul data-start=\"873\" data-end=\"1127\">\n<li data-start=\"873\" data-end=\"901\">\n<p data-start=\"875\" data-end=\"901\">Longitud de cable de 5 m (~16&#8217;5&#8243;)<\/p>\n<\/li>\n<li data-start=\"902\" data-end=\"951\">\n<p data-start=\"904\" data-end=\"951\">Compatible con los sensores de las series ST10 y ST100<\/p>\n<\/li>\n<li data-start=\"952\" data-end=\"995\">\n<p data-start=\"954\" data-end=\"995\">Conexi\u00f3n del sensor con clasificaci\u00f3n IP61 cuando est\u00e1 acoplado<\/p>\n<\/li>\n<li data-start=\"996\" data-end=\"1033\">\n<p data-start=\"998\" data-end=\"1033\">Rango de funcionamiento: de -46 \u00b0C a +74 \u00b0C<\/p>\n<\/li>\n<li data-start=\"1034\" data-end=\"1076\">\n<p data-start=\"1036\" data-end=\"1076\">Materiales aptos para uso alimentario de la FDA en el extremo del sensor<\/p>\n<\/li>\n<li data-start=\"1077\" data-end=\"1127\">\n<p data-start=\"1079\" data-end=\"1127\">No compatible con las sondas inteligentes CP10 o CP100<\/p>\n<\/li>\n<\/ul>\n<p data-start=\"1129\" data-end=\"1210\">Nota: Dise\u00f1ado para instalaci\u00f3n permanente, no para conexi\u00f3n\/desconexi\u00f3n frecuente.<\/p>\n","protected":false},"excerpt":{"rendered":"<ul>\n<li>Compatible con los sensores ST10\/ST100<\/li>\n<li>Rango de funcionamiento -46 \u00b0C a +74 \u00b0C<\/li>\n<li>Conexi\u00f3n acoplada con clasificaci\u00f3n IP61<\/li>\n<li>Materiales aptos para uso alimentario FDA (extremo del sensor)<\/li>\n<\/ul>\n","protected":false},"featured_media":49534,"template":"","meta":{"_acf_changed":false,"content-type":"","_uag_custom_page_level_css":""},"product_brand":[],"product_cat":[1553],"product_tag":[2515,1605],"class_list":{"0":"post-49545","1":"product","2":"type-product","3":"status-publish","4":"has-post-thumbnail","6":"product_cat-accesorios-es","7":"product_tag-logtag-es","8":"product_tag-sonda-externa","10":"first","11":"instock","12":"taxable","13":"shipping-taxable","14":"purchasable","15":"product-type-simple"},"bundled_by":[],"bundle_stock_status":"instock","bundle_stock_quantity":null,"bundle_virtual":false,"bundle_layout":"","bundle_add_to_cart_form_location":"","bundle_editable_in_cart":false,"bundle_sold_individually_context":"","bundle_item_grouping":"","bundle_min_size":"","bundle_max_size":"","bundle_price":[],"bundled_items":[],"bundle_sell_ids":[],"acf":[],"spectra_custom_meta":{"hubwoo_ecomm_pro_id":["25018653991"],"_wcml_average_rating":[null],"_wcml_review_count":[null],"_wcml_rating_count":[null],"_backorders":["no"],"_download_limit":["-1"],"_download_expiry":["-1"],"_downloadable":["no"],"_manage_stock":["no"],"_sku":["STX-50"],"_stock_status":["instock"],"_sold_individually":["no"],"_tax_class":[""],"_tax_status":["taxable"],"_virtual":["no"],"total_sales":["0"],"_regular_price":["38.50"],"_price":["38.50"],"product_datasheet":[""],"_product_datasheet":["field_650ad7d6ea3a0"],"connectivity":[""],"_connectivity":["field_64dce263bb57c"],"brand":["LogTag"],"_brand":["field_64ddf62ed2593"],"brand_image":[""],"_brand_image":["field_650c5e7c84cae"],"_specifications_table":["field_65044e1db92a8"],"_display_data_alarm":["field_667d647bcb066"],"_resources":["field_650849c6945ee"],"_calibration":["field_66a0ddd599972"],"_accessories":["field_650849e6945f0"],"_faqs":["field_650859523d8d5"],"_calibration_suitable_ids_gb":["field_654b4c4acb54a"],"_calibration_suitable_ids_us":["field_654b4c56cb54b"],"_show_in_calibration_suitable":["field_654cfb691d345"],"_other_features":["field_668524f8c98a4"],"_shipping":["field_66852535c98a5"],"_refrigerant_cabinet":["field_66852557c98a6"],"_main_specifications":["field_66855b25b1245"],"_usd_price_4":["field_651570dcac479"],"_usd_price_9":["field_6515713eb4807"],"_usd_price_24":["field_65157141b4809"],"_usd_price_49":["field_65157140b4808"],"_usd_price_99":["field_6515715bb480a"],"_gbp_price_4":["field_6515716e83bfa"],"_gbp_price_9":["field_6515724783bfb"],"_gbp_price_24":["field_6515724b83bfc"],"_gbp_price_49":["field_6515725983bfd"],"_gbp_price_99":["field_6515725d83bfe"],"_usdhk_price_4":["field_6515726f83bff"],"_usdhk_price_9":["field_6515727c83c00"],"_usdhk_price_24":["field_6515728083c01"],"_usdhk_price_49":["field_6515728983c02"],"_usdhk_price_99":["field_6515728e83c03"],"stock_options":["In stock"],"_stock_options":["field_6544b605dc7f9"],"rank_math_primary_product_cat":["147"],"min_temp":["-46"],"max_temp":["73"],"_min_temp":["field_67ea5eb4e0a77"],"_max_temp":["field_67ea5f81e0a79"],"_top_nav_excluded":[""],"_cms_nav_minihome":[""],"wcml_sync_hash":["a:1:{s:15:\"postmeta_fields\";s:32:\"4bed1a98581066834b813d0871b13889\";}"],"attr_label_translations":["a:0:{}"],"_product_attributes":["a:1:{s:16:\"pa_product-brand\";a:6:{s:4:\"name\";s:16:\"pa_product-brand\";s:5:\"value\";s:0:\"\";s:8:\"position\";i:0;s:10:\"is_visible\";i:1;s:12:\"is_variation\";i:0;s:11:\"is_taxonomy\";i:1;}}"],"_thumbnail_id":["49534"],"_product_image_gallery":["49540"],"_crosssell_ids":["a:0:{}"],"_wpml_word_count":["231"],"_last_translation_edit_mode":["translation-editor"],"rank_math_focus_keyword":["STX-50"],"resources":["<ul class=\"resources-list\">\n \t<li><img src=\"https:\/\/praxas.com\/wp-content\/uploads\/document-icon.png\" alt=\"Icono de documento\"><a href=\"https:\/\/praxas.com\/wp-content\/uploads\/LogTag-STX-50-Brochure.pdf\">Folleto LogTag STX-50<\/a><\/li>\n<\/ul>"],"_uag_page_assets":["a:9:{s:3:\"css\";s:0:\"\";s:2:\"js\";s:0:\"\";s:18:\"current_block_list\";a:0:{}s:8:\"uag_flag\";b:0;s:11:\"uag_version\";s:10:\"1775212209\";s:6:\"gfonts\";a:0:{}s:10:\"gfonts_url\";s:0:\"\";s:12:\"gfonts_files\";a:0:{}s:14:\"uag_faq_layout\";b:0;}"],"_max_variation_price":[""],"_max_variation_regular_price":[""],"_max_variation_sale_price":[""],"_min_variation_price":[""],"_min_variation_regular_price":[""],"_min_variation_sale_price":[""],"_sale_price":[""],"_wc_pb_base_regular_price":[""],"_wc_pb_base_sale_price":[""],"_wc_pb_base_price":[""],"_wc_sw_max_price":[""],"_wc_sw_max_regular_price":[""],"_wc_rating_count":[""],"_wc_review_count":[""],"_wc_average_rating":[0]},"uagb_featured_image_src":{"full":["https:\/\/praxas.com\/wp-content\/uploads\/STX-50-web1.jpg",1200,680,false],"thumbnail":["https:\/\/praxas.com\/wp-content\/uploads\/STX-50-web1-150x150.jpg",150,150,true],"medium":["https:\/\/praxas.com\/wp-content\/uploads\/STX-50-web1-300x170.jpg",300,170,true],"medium_large":["https:\/\/praxas.com\/wp-content\/uploads\/STX-50-web1-768x435.jpg",768,435,true],"large":["https:\/\/praxas.com\/wp-content\/uploads\/STX-50-web1-1024x580.jpg",1024,580,true],"1536x1536":["https:\/\/praxas.com\/wp-content\/uploads\/STX-50-web1.jpg",1200,680,false],"2048x2048":["https:\/\/praxas.com\/wp-content\/uploads\/STX-50-web1.jpg",1200,680,false],"crunchify-admin-post-featured-image":["https:\/\/praxas.com\/wp-content\/uploads\/STX-50-web1-120x68.jpg",120,68,true],"commercegurus-pdp-large":["https:\/\/praxas.com\/wp-content\/uploads\/STX-50-web1-990x561.jpg",990,561,true],"commercegurus-plp-mobile":["https:\/\/praxas.com\/wp-content\/uploads\/STX-50-web1-441x250.jpg",441,250,true],"cgkit_image_swatch":["https:\/\/praxas.com\/wp-content\/uploads\/STX-50-web1-100x100.jpg",100,100,true],"woocommerce_thumbnail":["https:\/\/praxas.com\/wp-content\/uploads\/STX-50-web1-350x198.jpg",350,198,true],"woocommerce_single":["https:\/\/praxas.com\/wp-content\/uploads\/STX-50-web1-800x453.jpg",800,453,true],"woocommerce_gallery_thumbnail":["https:\/\/praxas.com\/wp-content\/uploads\/STX-50-web1-150x85.jpg",150,85,true]},"uagb_author_info":{"display_name":"Alex James","author_link":"https:\/\/praxas.com\/es\/author\/"},"uagb_comment_info":0,"uagb_excerpt":"Compatible con los sensores ST10\/ST100 Rango de funcionamiento -46 \u00b0C a +74 \u00b0C Conexi\u00f3n acoplada con clasificaci\u00f3n IP61 Materiales aptos para uso alimentario FDA (extremo del sensor)","_links":{"self":[{"href":"https:\/\/praxas.com\/es\/wp-json\/wp\/v2\/product\/49545","targetHints":{"allow":["GET"]}}],"collection":[{"href":"https:\/\/praxas.com\/es\/wp-json\/wp\/v2\/product"}],"about":[{"href":"https:\/\/praxas.com\/es\/wp-json\/wp\/v2\/types\/product"}],"wp:featuredmedia":[{"embeddable":true,"href":"https:\/\/praxas.com\/es\/wp-json\/wp\/v2\/media\/49534"}],"wp:attachment":[{"href":"https:\/\/praxas.com\/es\/wp-json\/wp\/v2\/media?parent=49545"}],"wp:term":[{"taxonomy":"product_brand","embeddable":true,"href":"https:\/\/praxas.com\/es\/wp-json\/wp\/v2\/product_brand?post=49545"},{"taxonomy":"product_cat","embeddable":true,"href":"https:\/\/praxas.com\/es\/wp-json\/wp\/v2\/product_cat?post=49545"},{"taxonomy":"product_tag","embeddable":true,"href":"https:\/\/praxas.com\/es\/wp-json\/wp\/v2\/product_tag?post=49545"}],"curies":[{"name":"wp","href":"https:\/\/api.w.org\/{rel}","templated":true}]}}