{"id":49594,"date":"2025-06-18T13:49:38","date_gmt":"2025-06-18T11:49:38","guid":{"rendered":"https:\/\/praxas.com\/product\/sin%20categor\u00eda\/indicador-de-temperatura-tict\/"},"modified":"2025-10-09T10:24:00","modified_gmt":"2025-10-09T08:24:00","slug":"indicador-de-temperatura-tict","status":"publish","type":"product","link":"https:\/\/praxas.com\/es\/product\/registradores-de-datos\/registradores-de-datos-de-temperatura\/indicador-de-temperatura-tict\/","title":{"rendered":"Indicador de temperatura TICT"},"content":{"rendered":"<p data-start=\"161\" data-end=\"225\"><strong data-start=\"165\" data-end=\"225\">LogTag TICT &#8211; Indicador de temperatura de 45 d\u00edas con 4 alarmas<\/strong><\/p>\n<p data-start=\"227\" data-end=\"565\">El LogTag TICT es un indicador de temperatura de bajo coste y un solo uso, dise\u00f1ado para controlar las mercanc\u00edas durante el transporte hasta 45 d\u00edas. Dispone de dos l\u00edmites de alarma preestablecidos, uno alto y otro bajo, y proporciona informaci\u00f3n visual clara mediante un indicador de \u201cTic\u201d (\u2713) o \u201cCruz\u201d (\u2717), lo que facilita la evaluaci\u00f3n de si las condiciones se mantuvieron dentro de los l\u00edmites aceptables. <\/p>\n<p data-start=\"567\" data-end=\"811\">El TICT tambi\u00e9n registra las temperaturas m\u00ednimas y m\u00e1ximas diarias, lo que permite revisar r\u00e1pidamente las estad\u00edsticas clave de temperatura a lo largo del viaje. Dispone de perfiles preconfigurados de f\u00e1brica para las aplicaciones m\u00e1s comunes, y de perfiles personalizados bajo pedido. <\/p>\n<p data-start=\"813\" data-end=\"830\"><strong data-start=\"813\" data-end=\"830\">Caracter\u00edsticas principales:<\/strong><\/p>\n<ul data-start=\"832\" data-end=\"1127\">\n<li data-start=\"832\" data-end=\"874\">\n<p data-start=\"834\" data-end=\"874\">Controla la temperatura hasta 45 d\u00edas<\/p>\n<\/li>\n<li data-start=\"875\" data-end=\"919\">\n<p data-start=\"877\" data-end=\"919\">Dos umbrales de alarma superior e inferior<\/p>\n<\/li>\n<li data-start=\"920\" data-end=\"971\">\n<p data-start=\"922\" data-end=\"971\">Pantalla LCD \u201cTic\u201d \/ \u201cCruz\u201d para estado inmediato<\/p>\n<\/li>\n<li data-start=\"972\" data-end=\"1016\">\n<p data-start=\"974\" data-end=\"1016\">Se conservan las estad\u00edsticas diarias de temperatura m\u00edn.\/m\u00e1x.<\/p>\n<\/li>\n<li data-start=\"1017\" data-end=\"1075\">\n<p data-start=\"1019\" data-end=\"1075\">Perfiles configurados de f\u00e1brica (opciones personalizadas disponibles)<\/p>\n<\/li>\n<li data-start=\"1076\" data-end=\"1127\">\n<p data-start=\"1078\" data-end=\"1127\">Ideal para aplicaciones de transporte y cadena de fr\u00edo<\/p>\n<\/li>\n<\/ul>\n","protected":false},"excerpt":{"rendered":"<ul>\n<li data-start=\"1161\" data-end=\"1211\">\n<p data-start=\"1163\" data-end=\"1211\">Duraci\u00f3n del control de la temperatura: hasta 45 d\u00edas<\/p>\n<\/li>\n<li data-start=\"1212\" data-end=\"1249\">\n<p data-start=\"1214\" data-end=\"1249\">Dos l\u00edmites de alarma alto y dos bajos<\/p>\n<\/li>\n<li data-start=\"1250\" data-end=\"1293\">\n<p data-start=\"1252\" data-end=\"1293\">Indicaci\u00f3n \u201cTic\u201d \/ \u201cCruz\u201d para borrar el estado<\/p>\n<\/li>\n<li data-start=\"1294\" data-end=\"1331\">\n<p data-start=\"1296\" data-end=\"1331\">Registro diario de temperaturas m\u00edn.\/m\u00e1x.<\/p>\n<\/li>\n<li data-start=\"1332\" data-end=\"1365\">\n<p data-start=\"1334\" data-end=\"1365\">Dise\u00f1o desechable, de un solo uso<\/p>\n<\/li>\n<li data-start=\"1366\" data-end=\"1417\">\n<p data-start=\"1368\" data-end=\"1417\">Disponibles perfiles de monitorizaci\u00f3n preestablecidos o personalizados<\/p>\n<\/li>\n<\/ul>\n","protected":false},"featured_media":49584,"template":"","meta":{"_acf_changed":false,"content-type":"","_uag_custom_page_level_css":""},"product_brand":[],"product_cat":[1601,1637],"product_tag":[2515,2266],"class_list":{"0":"post-49594","1":"product","2":"type-product","3":"status-publish","4":"has-post-thumbnail","6":"product_cat-registradores-de-datos-de-temperatura","7":"product_cat-registradores-de-datos","8":"product_tag-logtag-es","9":"product_tag-temperatura-es","11":"first","12":"instock","13":"taxable","14":"shipping-taxable","15":"purchasable","16":"product-type-simple"},"bundled_by":[],"bundle_stock_status":"instock","bundle_stock_quantity":null,"bundle_virtual":false,"bundle_layout":"","bundle_add_to_cart_form_location":"","bundle_editable_in_cart":false,"bundle_sold_individually_context":"","bundle_item_grouping":"","bundle_min_size":"","bundle_max_size":"","bundle_price":[],"bundled_items":[],"bundle_sell_ids":[],"acf":[],"spectra_custom_meta":{"hubwoo_ecomm_pro_id":["24988743771"],"_wcml_average_rating":[null],"_wcml_review_count":[null],"_wcml_rating_count":[null],"_backorders":["no"],"_download_limit":["-1"],"_download_expiry":["-1"],"_downloadable":["no"],"_manage_stock":["no"],"_sku":["TICT"],"_stock_status":["instock"],"_sold_individually":["no"],"_tax_class":[""],"_tax_status":["taxable"],"_virtual":["no"],"total_sales":["0"],"_regular_price":["14.00"],"_price":["14.00"],"product_datasheet":[""],"_product_datasheet":["field_650ad7d6ea3a0"],"connectivity":[""],"_connectivity":["field_64dce263bb57c"],"brand":["LogTag"],"_brand":["field_64ddf62ed2593"],"brand_image":[""],"_brand_image":["field_650c5e7c84cae"],"_specifications_table":["field_65044e1db92a8"],"_display_data_alarm":["field_667d647bcb066"],"_resources":["field_650849c6945ee"],"_calibration":["field_66a0ddd599972"],"_accessories":["field_650849e6945f0"],"_faqs":["field_650859523d8d5"],"_calibration_suitable_ids_gb":["field_654b4c4acb54a"],"_calibration_suitable_ids_us":["field_654b4c56cb54b"],"_show_in_calibration_suitable":["field_654cfb691d345"],"_other_features":["field_668524f8c98a4"],"_shipping":["field_66852535c98a5"],"_refrigerant_cabinet":["field_66852557c98a6"],"_main_specifications":["field_66855b25b1245"],"_usd_price_4":["field_651570dcac479"],"_usd_price_9":["field_6515713eb4807"],"_usd_price_24":["field_65157141b4809"],"_usd_price_49":["field_65157140b4808"],"_usd_price_99":["field_6515715bb480a"],"_gbp_price_4":["field_6515716e83bfa"],"_gbp_price_9":["field_6515724783bfb"],"_gbp_price_24":["field_6515724b83bfc"],"_gbp_price_49":["field_6515725983bfd"],"_gbp_price_99":["field_6515725d83bfe"],"_usdhk_price_4":["field_6515726f83bff"],"_usdhk_price_9":["field_6515727c83c00"],"_usdhk_price_24":["field_6515728083c01"],"_usdhk_price_49":["field_6515728983c02"],"_usdhk_price_99":["field_6515728e83c03"],"stock_options":["In stock"],"_stock_options":["field_6544b605dc7f9"],"rank_math_primary_product_cat":["87"],"min_temp":["-25"],"max_temp":["60"],"_min_temp":["field_67ea5eb4e0a77"],"_max_temp":["field_67ea5f81e0a79"],"_top_nav_excluded":[""],"_cms_nav_minihome":[""],"wcml_sync_hash":["a:1:{s:15:\"postmeta_fields\";s:32:\"5361dd9e183c516eb9f3cc9f8bfe1bf2\";}"],"attr_label_translations":["a:0:{}"],"_product_attributes":["a:1:{s:16:\"pa_product-brand\";a:6:{s:4:\"name\";s:16:\"pa_product-brand\";s:5:\"value\";s:0:\"\";s:8:\"position\";i:0;s:10:\"is_visible\";i:1;s:12:\"is_variation\";i:0;s:11:\"is_taxonomy\";i:1;}}"],"_thumbnail_id":["49584"],"_product_image_gallery":["49590"],"_crosssell_ids":["a:0:{}"],"_wpml_word_count":["253"],"_last_translation_edit_mode":["translation-editor"],"rank_math_focus_keyword":["TICT"],"specifications_table":["<table class=\"w-full\">\n<tbody>\n<tr>\n<td class=\"text-base font-semibold font-gray\">Rango de medici\u00f3n del sensor<\/td>\n<td class=\"text-base font-gray-300\">-25 \u00b0C a +60 \u00b0C (-13 \u00b0F a +140 \u00b0F)<\/td>\n<\/tr>\n<tr>\n<td class=\"text-base font-semibold font-gray\">Temperatura de funcionamiento<\/td>\n<td class=\"text-base font-gray-300\">De -25 \u00b0C a +60 \u00b0C (de -13 \u00b0F a +140 \u00b0F)<\/td>\n<\/tr>\n<tr>\n<td class=\"text-base font-semibold font-gray\">Precisi\u00f3n de lectura de la temperatura nominal<\/td>\n<td class=\"text-base font-gray-300\">Mejor que \u00b10,5 \u00b0C para -10 \u00b0C a +25 \u00b0C\nMejor que \u00b11,0 \u00b0C para -25 \u00b0C a -10 \u00b0C\nMejor que \u00b11,0 \u00b0C para +25 \u00b0C a +60 \u00b0C\nEl rendimiento real suele ser mucho mejor que los valores nominales.\nLas cifras de precisi\u00f3n se pueden mejorar recalibrando.<\/td>\n<\/tr>\n<tr>\n<td class=\"text-base font-semibold font-gray\">Resoluci\u00f3n de la lectura de la temperatura nominal<\/td>\n<td class=\"text-base font-gray-300\">0,1 \u00b0C para -20 \u00b0C a +60 \u00b0C.\nLogTag Analyzer\u00ae muestra actualmente con un decimal de \u00b0C o \u00b0F. La resoluci\u00f3n nativa es la que est\u00e1 almacenada en el LogTag\u00ae. <\/td>\n<\/tr>\n<tr>\n<td class=\"text-base font-semibold font-gray\">Tiempo de reacci\u00f3n del sensor<\/td>\n<td class=\"text-base font-gray-300\">Normalmente inferior a 7 minutos (T90) en aire en movimiento (1 m\/s)<\/td>\n<\/tr>\n<tr>\n<td class=\"text-base font-semibold font-gray\">Intervalo de muestreo<\/td>\n<td class=\"text-base font-gray-300\">Preajustado de f\u00e1brica entre 1 y 59 minutos; intervalo de 5 minutos para el perfil 0001<\/td>\n<\/tr>\n<tr>\n<td class=\"text-base font-semibold font-gray\">Opciones de inicio de registro<\/td>\n<td class=\"text-base font-gray-300\">Arranque mediante pulsador. Preajuste de f\u00e1brica entre 1 y 255 minutos; retardo de 60 minutos para el perfil 0001 <\/td>\n<\/tr>\n<tr>\n<td class=\"text-base font-semibold font-gray\">Grabaci\u00f3n Indicaci\u00f3n<\/td>\n<td class=\"text-base font-gray-300\">OK \u2714 = La temperatura se ha mantenido dentro de los l\u00edmites de alarma\nRechazar X = Se ha generado un evento de alarma<\/td>\n<\/tr>\n<tr>\n<td class=\"text-base font-semibold font-gray\">Eventos de alarma<\/td>\n<td class=\"text-base font-gray-300\">Cuatro eventos de alarma preestablecidos de f\u00e1brica, dos por exceso de temperatura y dos por defecto.\nCada evento de alarma puede ser de rechazo instant\u00e1neo o acumulativo. Tambi\u00e9n se puede desactivar <\/td>\n<\/tr>\n<tr>\n<td class=\"text-base font-semibold font-gray\">Medioambiental<\/td>\n<td class=\"text-base font-gray-300\">IP64<\/td>\n<\/tr>\n<tr>\n<td class=\"text-base font-semibold font-gray\">Fuente de alimentaci\u00f3n<\/td>\n<td class=\"text-base font-gray-300\">Pila CR2032 3V LiMnO2 (fija)<\/td>\n<\/tr>\n<tr>\n<td class=\"text-base font-semibold font-gray\">Duraci\u00f3n de la bater\u00eda<\/td>\n<td class=\"text-base font-gray-300\">Duraci\u00f3n m\u00e1xima de almacenamiento de 5 a\u00f1os antes de \u201carrancar\u201d\nPeriodo de monitorizaci\u00f3n: 45 d\u00edas\nPeriodo m\u00e1ximo de accesibilidad (visualizaci\u00f3n) de 6 meses despu\u00e9s de \u201cparada\u201d<\/td>\n<\/tr>\n<tr>\n<td class=\"text-base font-semibold font-gray\">Reloj en tiempo real<\/td>\n<td class=\"text-base font-gray-300\">Reloj de tiempo real incorporado\nPrecisi\u00f3n nominal \u00b125ppm a 25 \u00b0C (equivalente a 2,5 segundos\/d\u00eda)\nEl coeficiente de temperatura nominal es de -0,034 \u00b10,006ppm\/\u00b0C (es decir, normalmente +\/- 0,00294 segundos\/d\u00eda\/\u00b0C)<\/td>\n<\/tr>\n<tr>\n<td class=\"text-base font-semibold font-gray\">Tama\u00f1o<\/td>\n<td class=\"text-base font-gray-300\">71,5 mm(An) x 33,0 mm(Al) x 8,6 mm(T)<\/td>\n<\/tr>\n<tr>\n<td class=\"text-base font-semibold font-gray\">Peso<\/td>\n<td class=\"text-base font-gray-300\">23g<\/td>\n<\/tr>\n<tr>\n<td class=\"text-base font-semibold font-gray\">Material de la caja<\/td>\n<td class=\"text-base font-gray-300\">Policarbonato<\/td>\n<\/tr>\n<\/tbody>\n<\/table>"],"resources":["<ul class=\"resources-list\">\n \t<li><img src=\"https:\/\/praxas.com\/wp-content\/uploads\/document-icon.png\" alt=\"Icono de documento\"><a href=\"https:\/\/praxas.com\/wp-content\/uploads\/LogTag_TICT_Brochure_F.pdf\">Folleto LogTag TICT<\/a><\/li>\n \t<li><img src=\"https:\/\/praxas.com\/wp-content\/uploads\/document-icon.png\" alt=\"Icono de documento\"><a href=\"https:\/\/praxas.com\/wp-content\/uploads\/TICT_Product_User_Guide.pdf\">Gu\u00eda del usuario de LogTag TICT<\/a><\/li>\n<\/ul>"],"_uag_page_assets":["a:9:{s:3:\"css\";s:0:\"\";s:2:\"js\";s:0:\"\";s:18:\"current_block_list\";a:0:{}s:8:\"uag_flag\";b:0;s:11:\"uag_version\";s:10:\"1777052440\";s:6:\"gfonts\";a:0:{}s:10:\"gfonts_url\";s:0:\"\";s:12:\"gfonts_files\";a:0:{}s:14:\"uag_faq_layout\";b:0;}"],"rank_math_internal_links_processed":["1"],"_max_variation_price":[""],"_max_variation_regular_price":[""],"_max_variation_sale_price":[""],"_min_variation_price":[""],"_min_variation_regular_price":[""],"_min_variation_sale_price":[""],"_sale_price":[""],"_wc_pb_base_regular_price":[""],"_wc_pb_base_sale_price":[""],"_wc_pb_base_price":[""],"_wc_sw_max_price":[""],"_wc_sw_max_regular_price":[""],"_wc_rating_count":[""],"_wc_review_count":[""],"_wc_average_rating":[0]},"uagb_featured_image_src":{"full":["https:\/\/praxas.com\/wp-content\/uploads\/TICT.jpg",1200,680,false],"thumbnail":["https:\/\/praxas.com\/wp-content\/uploads\/TICT-150x150.jpg",150,150,true],"medium":["https:\/\/praxas.com\/wp-content\/uploads\/TICT-300x170.jpg",300,170,true],"medium_large":["https:\/\/praxas.com\/wp-content\/uploads\/TICT-768x435.jpg",768,435,true],"large":["https:\/\/praxas.com\/wp-content\/uploads\/TICT-1024x580.jpg",1024,580,true],"1536x1536":["https:\/\/praxas.com\/wp-content\/uploads\/TICT.jpg",1200,680,false],"2048x2048":["https:\/\/praxas.com\/wp-content\/uploads\/TICT.jpg",1200,680,false],"crunchify-admin-post-featured-image":["https:\/\/praxas.com\/wp-content\/uploads\/TICT-120x68.jpg",120,68,true],"commercegurus-pdp-large":["https:\/\/praxas.com\/wp-content\/uploads\/TICT-990x561.jpg",990,561,true],"commercegurus-plp-mobile":["https:\/\/praxas.com\/wp-content\/uploads\/TICT-441x250.jpg",441,250,true],"cgkit_image_swatch":["https:\/\/praxas.com\/wp-content\/uploads\/TICT-100x100.jpg",100,100,true],"woocommerce_thumbnail":["https:\/\/praxas.com\/wp-content\/uploads\/TICT-350x198.jpg",350,198,true],"woocommerce_single":["https:\/\/praxas.com\/wp-content\/uploads\/TICT-800x453.jpg",800,453,true],"woocommerce_gallery_thumbnail":["https:\/\/praxas.com\/wp-content\/uploads\/TICT-150x85.jpg",150,85,true]},"uagb_author_info":{"display_name":"Alex James","author_link":"https:\/\/praxas.com\/es\/author\/"},"uagb_comment_info":0,"uagb_excerpt":"Duraci\u00f3n del control de la temperatura: hasta 45 d\u00edas Dos l\u00edmites de alarma alto y dos bajos Indicaci\u00f3n \u201cTic\u201d \/ \u201cCruz\u201d para borrar el estado Registro diario de temperaturas m\u00edn.\/m\u00e1x. Dise\u00f1o desechable, de un solo uso Disponibles perfiles de monitorizaci\u00f3n preestablecidos o personalizados","_links":{"self":[{"href":"https:\/\/praxas.com\/es\/wp-json\/wp\/v2\/product\/49594","targetHints":{"allow":["GET"]}}],"collection":[{"href":"https:\/\/praxas.com\/es\/wp-json\/wp\/v2\/product"}],"about":[{"href":"https:\/\/praxas.com\/es\/wp-json\/wp\/v2\/types\/product"}],"wp:featuredmedia":[{"embeddable":true,"href":"https:\/\/praxas.com\/es\/wp-json\/wp\/v2\/media\/49584"}],"wp:attachment":[{"href":"https:\/\/praxas.com\/es\/wp-json\/wp\/v2\/media?parent=49594"}],"wp:term":[{"taxonomy":"product_brand","embeddable":true,"href":"https:\/\/praxas.com\/es\/wp-json\/wp\/v2\/product_brand?post=49594"},{"taxonomy":"product_cat","embeddable":true,"href":"https:\/\/praxas.com\/es\/wp-json\/wp\/v2\/product_cat?post=49594"},{"taxonomy":"product_tag","embeddable":true,"href":"https:\/\/praxas.com\/es\/wp-json\/wp\/v2\/product_tag?post=49594"}],"curies":[{"name":"wp","href":"https:\/\/api.w.org\/{rel}","templated":true}]}}