{"id":49695,"date":"2025-06-18T16:21:11","date_gmt":"2025-06-18T14:21:11","guid":{"rendered":"https:\/\/praxas.com\/product\/sin%20categor\u00eda\/registrador-de-temperatura-tred30-16u\/"},"modified":"2025-10-09T10:23:34","modified_gmt":"2025-10-09T08:23:34","slug":"registrador-de-temperatura-tred30-16u","status":"publish","type":"product","link":"https:\/\/praxas.com\/es\/product\/registradores-de-datos\/registradores-de-datos-de-temperatura\/registrador-de-temperatura-tred30-16u\/","title":{"rendered":"Registrador de temperatura TRED30-16U"},"content":{"rendered":"<p data-start=\"217\" data-end=\"289\"><strong data-start=\"221\" data-end=\"289\">LogTag TRED30-16U &#8211; Registrador de temperatura con sonda externa y USB-C<\/strong><\/p>\n<p data-start=\"291\" data-end=\"559\">El LogTag TRED30-16U es un registrador de datos de temperatura mejorado que incorpora una conexi\u00f3n USB-C para la descarga directa de datos, sin necesidad de una base de interfaz. Registra m\u00e1s de 17.500 lecturas y proporciona hasta 60 d\u00edas de datos resumidos en pantalla mediante una pantalla LCD clara y f\u00e1cil de leer. <\/p>\n<p data-start=\"561\" data-end=\"805\">Compatible con sondas externas Smart y est\u00e1ndar, el TRED30-16U admite una amplia monitorizaci\u00f3n de la temperatura, desde -40 \u00b0C hasta +99 \u00b0C. Las alarmas visuales y ac\u00fasticas indican las infracciones de temperatura, mientras que un s\u00edmbolo \u2713 o \u2717 muestra el estado actual de un vistazo. <\/p>\n<p data-start=\"807\" data-end=\"924\">Ideal para transporte, almacenamiento o cualquier aplicaci\u00f3n que requiera un control a largo plazo de gran precisi\u00f3n con un acceso r\u00e1pido a los datos.<\/p>\n<p data-start=\"926\" data-end=\"943\"><strong data-start=\"926\" data-end=\"943\">Caracter\u00edsticas principales:<\/strong><\/p>\n<ul data-start=\"945\" data-end=\"1263\">\n<li data-start=\"945\" data-end=\"979\">\n<p data-start=\"947\" data-end=\"979\">Medidas de -40 \u00b0C a +99 \u00b0C<\/p>\n<\/li>\n<li data-start=\"980\" data-end=\"1011\">\n<p data-start=\"982\" data-end=\"1011\">Almacena m\u00e1s de 17.500 lecturas<\/p>\n<\/li>\n<li data-start=\"1012\" data-end=\"1055\">\n<p data-start=\"1014\" data-end=\"1055\">La gran pantalla LCD muestra 60 d\u00edas de datos resumidos<\/p>\n<\/li>\n<li data-start=\"1056\" data-end=\"1091\">\n<p data-start=\"1058\" data-end=\"1091\">Puerto USB-C para un acceso r\u00e1pido a los datos<\/p>\n<\/li>\n<li data-start=\"1092\" data-end=\"1137\">\n<p data-start=\"1094\" data-end=\"1137\">Compatible con sondas Smart y est\u00e1ndar<\/p>\n<\/li>\n<li data-start=\"1138\" data-end=\"1176\">\n<p data-start=\"1140\" data-end=\"1176\">Alarmas ac\u00fasticas y visuales incorporadas<\/p>\n<\/li>\n<li data-start=\"1177\" data-end=\"1215\">\n<p data-start=\"1179\" data-end=\"1215\">Pila de bot\u00f3n sustituible por el usuario<\/p>\n<\/li>\n<li data-start=\"1216\" data-end=\"1263\">\n<p data-start=\"1218\" data-end=\"1263\">Tambi\u00e9n funciona con la interfaz tradicional de 3 patillas<\/p>\n<\/li>\n<\/ul>\n","protected":false},"excerpt":{"rendered":"<ul>\n<li data-start=\"1297\" data-end=\"1336\">-40 \u00b0C a +99 \u00b0C<\/li>\n<li data-start=\"1337\" data-end=\"1379\">Registra m\u00e1s de 17.500 lecturas durante m\u00e1s de 60 d\u00edas<\/li>\n<li data-start=\"1380\" data-end=\"1412\">Conectividad USB-C y de 3 clavijas<\/li>\n<li data-start=\"1413\" data-end=\"1458\">LCD con estado visual y resumen de 60 d\u00edas<\/li>\n<li data-start=\"1459\" data-end=\"1496\">Alarma ac\u00fastica + \u2713\/\u2717 pantalla de alerta<\/li>\n<\/ul>\n","protected":false},"featured_media":49649,"template":"","meta":{"_acf_changed":false,"content-type":"","_uag_custom_page_level_css":""},"product_brand":[],"product_cat":[1601,1637],"product_tag":[2515,2266],"class_list":{"0":"post-49695","1":"product","2":"type-product","3":"status-publish","4":"has-post-thumbnail","6":"product_cat-registradores-de-datos-de-temperatura","7":"product_cat-registradores-de-datos","8":"product_tag-logtag-es","9":"product_tag-temperatura-es","11":"first","12":"instock","13":"taxable","14":"shipping-taxable","15":"purchasable","16":"product-type-variable"},"bundled_by":[],"bundle_stock_status":"instock","bundle_stock_quantity":null,"bundle_virtual":false,"bundle_layout":"","bundle_add_to_cart_form_location":"","bundle_editable_in_cart":false,"bundle_sold_individually_context":"","bundle_item_grouping":"","bundle_min_size":"","bundle_max_size":"","bundle_price":[],"bundled_items":[],"bundle_sell_ids":[],"acf":[],"spectra_custom_meta":{"hubwoo_ecomm_pro_id":["25021385054"],"_wcml_average_rating":[null],"_wcml_review_count":[null],"_wcml_rating_count":[null],"_backorders":["no"],"_download_limit":["-1"],"_download_expiry":["-1"],"_downloadable":["no"],"_manage_stock":["no"],"_sku":["TRED30-16U"],"_stock_status":["instock"],"_sold_individually":["no"],"_tax_class":[""],"_tax_status":["taxable"],"_virtual":["no"],"total_sales":["2"],"_price":["79.80","107.80","112.70","113.40","114.80","116.20","117.60"],"product_datasheet":[""],"_product_datasheet":["field_650ad7d6ea3a0"],"connectivity":["USB"],"_connectivity":["field_64dce263bb57c"],"brand":["LogTag"],"_brand":["field_64ddf62ed2593"],"brand_image":[""],"_brand_image":["field_650c5e7c84cae"],"_specifications_table":["field_65044e1db92a8"],"_display_data_alarm":["field_667d647bcb066"],"_resources":["field_650849c6945ee"],"_calibration":["field_66a0ddd599972"],"_accessories":["field_650849e6945f0"],"_faqs":["field_650859523d8d5"],"_calibration_suitable_ids_gb":["field_654b4c4acb54a"],"_calibration_suitable_ids_us":["field_654b4c56cb54b"],"_show_in_calibration_suitable":["field_654cfb691d345"],"_other_features":["field_668524f8c98a4"],"_shipping":["field_66852535c98a5"],"_refrigerant_cabinet":["field_66852557c98a6"],"_main_specifications":["field_66855b25b1245"],"_usd_price_4":["field_651570dcac479"],"_usd_price_9":["field_6515713eb4807"],"_usd_price_24":["field_65157141b4809"],"_usd_price_49":["field_65157140b4808"],"_usd_price_99":["field_6515715bb480a"],"_gbp_price_4":["field_6515716e83bfa"],"_gbp_price_9":["field_6515724783bfb"],"_gbp_price_24":["field_6515724b83bfc"],"_gbp_price_49":["field_6515725983bfd"],"_gbp_price_99":["field_6515725d83bfe"],"_usdhk_price_4":["field_6515726f83bff"],"_usdhk_price_9":["field_6515727c83c00"],"_usdhk_price_24":["field_6515728083c01"],"_usdhk_price_49":["field_6515728983c02"],"_usdhk_price_99":["field_6515728e83c03"],"stock_options":["In stock"],"_stock_options":["field_6544b605dc7f9"],"min_temp":["-40"],"max_temp":["99"],"_min_temp":["field_67ea5eb4e0a77"],"_max_temp":["field_67ea5f81e0a79"],"_top_nav_excluded":[""],"_cms_nav_minihome":[""],"wcml_sync_hash":["a:1:{s:15:\"postmeta_fields\";s:32:\"290725e2088e35a413c96412eaedb67d\";}"],"attr_label_translations":["a:0:{}"],"_product_attributes":["a:2:{s:16:\"pa_product-brand\";a:6:{s:4:\"name\";s:16:\"pa_product-brand\";s:5:\"value\";s:0:\"\";s:8:\"position\";i:0;s:10:\"is_visible\";i:1;s:12:\"is_variation\";i:0;s:11:\"is_taxonomy\";i:1;}s:22:\"pa_logtag-probe-choice\";a:6:{s:4:\"name\";s:22:\"pa_logtag-probe-choice\";s:5:\"value\";s:0:\"\";s:8:\"position\";i:1;s:10:\"is_visible\";i:1;s:12:\"is_variation\";i:1;s:11:\"is_taxonomy\";i:1;}}"],"_thumbnail_id":["49649"],"_product_image_gallery":["49673,49667,49661,49655,49679"],"_crosssell_ids":["a:0:{}"],"_wpml_word_count":["236"],"rank_math_primary_product_cat":["87"],"_last_translation_edit_mode":["translation-editor"],"_global_unique_id":["850040258486"],"rank_math_focus_keyword":["TRED30-16U"],"specifications_table":["<table class=\"w-full\">\n<tbody>\n<tr>\n<td class=\"text-base font-semibold font-gray\">Rango de medici\u00f3n del sensor externo<\/td>\n<td class=\"text-base font-gray-300\">-40 \u00b0C a +99 \u00b0C (-40 \u00b0F a +210 \u00b0F)<\/td>\n<\/tr>\n<tr>\n<td class=\"text-base font-semibold font-gray\">Temperatura de funcionamiento<\/td>\n<td class=\"text-base font-gray-300\">-30\u00b0C a +60\u00b0C (-22\u00b0F a +140\u00b0F)<\/td>\n<\/tr>\n<tr>\n<td class=\"text-base font-semibold font-gray\">Temperatura de almacenamiento<\/td>\n<td class=\"text-base font-gray-300\">-10\u00b0C a +40\u00b0C (14\u00b0F a +104\u00b0F)<\/td>\n<\/tr>\n<tr>\n<td class=\"text-base font-semibold font-gray\">Precisi\u00f3n de lectura de la temperatura nominal<\/td>\n<td class=\"text-base font-gray-300\">Mejor que \u00b10,5\u00b0C (\u00b10,9\u00b0F) para -20\u00b0C a +40\u00b0C (-4\u00b0F a +104\u00b0F), normalmente \u00b10,3\u00b0C (0,6\u00b0F).\nMejor que \u00b10,8\u00b0C (\u00b11.4\u00b0F) para -40\u00b0C a -20\u00b0C (-40\u00b0F a -4\u00b0F), normalmente \u00b10,5\u00b0C (0,9\u00b0F).\nMejor que \u00b10,8\u00b0C (\u00b11,4\u00b0F) para +40\u00b0C a +70\u00b0C (+104\u00b0F a +158\u00b0F), normalmente \u00b10.7\u00b0C (1,3\u00b0F).\nMejor que \u00b11,2\u00b0C (\u00b12,2\u00b0F) para +70\u00b0C a +99\u00b0C (+158\u00b0F a +210\u00b0F), normalmente \u00b11\u00b0C (1,8\u00b0F).\nEl rendimiento real suele ser mucho mejor que los valores nominales.\nLas cifras de precisi\u00f3n pueden mejorarse recalibrando.<\/td>\n<\/tr>\n<tr>\n<td class=\"text-base font-semibold font-gray\">Resoluci\u00f3n de la lectura de la temperatura nominal<\/td>\n<td class=\"text-base font-gray-300\">0,1\u00b0C (0,2\u00b0F) para mediciones de -40\u00b0C a +50\u00b0C (-40\u00b0F a +122\u00b0F).\n0,2\u00b0C (0,4\u00b0F) para mediciones de +50\u00b0C a +70\u00b0C (+122\u00b0F a +158\u00b0F).\n0,3\u00b0C (0,5\u00b0F) para mediciones de +70\u00b0C a +80\u00b0C (+158\u00b0F a +176\u00b0F).\n0,4\u00b0C-0,6\u00b0C (0,7\u00b0F a 1\u00b0F) para mediciones de +80\u00b0C a +99\u00b0C (+176\u00b0F a +210\u00b0F).\nLogTag Analyzer\u00ae muestra actualmente con un decimal de \u00b0C o \u00b0F. La resoluci\u00f3n nativa es la que est\u00e1 almacenada en el LogTag\u00ae. <\/td>\n<\/tr>\n<tr>\n<td class=\"text-base font-semibold font-gray\">Tiempo de reacci\u00f3n del sensor<\/td>\n<td class=\"text-base font-gray-300\">Normalmente inferior a 2 minutos (T90) en aire en movimiento (1 m\/s) para los tipos ST100T, ST100H y ST100S<\/td>\n<\/tr>\n<tr>\n<td class=\"text-base font-semibold font-gray\">Capacidad de grabaci\u00f3n<\/td>\n<td class=\"text-base font-gray-300\">17.526 lecturas de temperatura. 60 d\u00edas @ 5min de registro.\nMemoria de estad\u00edsticas resumidas diarias (para mostrar en la pantalla LCD): hasta 30 d\u00edas de estad\u00edsticas de M\u00e1x\/M\u00edn\/duraci\u00f3n y activaci\u00f3n de alarmas <\/td>\n<\/tr>\n<tr>\n<td class=\"text-base font-semibold font-gray\">Intervalo de muestreo<\/td>\n<td class=\"text-base font-gray-300\">Configurable de 30 segundos a cada hora<\/td>\n<\/tr>\n<tr>\n<td class=\"text-base font-semibold font-gray\">Opciones de inicio de registro<\/td>\n<td class=\"text-base font-gray-300\">Inicio mediante pulsador o fecha y hora espec\u00edficas. Retardo de arranque opcional de hasta 18 horas <\/td>\n<\/tr>\n<tr>\n<td class=\"text-base font-semibold font-gray\">Indicaci\u00f3n de grabaci\u00f3n<\/td>\n<td class=\"text-base font-gray-300\">Indicador de estado \"GRABANDO\"<\/td>\n<\/tr>\n<tr>\n<td class=\"text-base font-semibold font-gray\">Tiempo de descarga<\/td>\n<td class=\"text-base font-gray-300\">Normalmente menos de 10 segundos para la memoria completa (17.526 lecturas) utilizando la conexi\u00f3n USB, dependiendo del ordenador<\/td>\n<\/tr>\n<tr>\n<td class=\"text-base font-semibold font-gray\">Medioambiental<\/td>\n<td class=\"text-base font-gray-300\">IP61 (cuando se monta verticalmente o se cuelga)<\/td>\n<\/tr>\n<tr>\n<td class=\"text-base font-semibold font-gray\">Fuente de alimentaci\u00f3n<\/td>\n<td class=\"text-base font-gray-300\">Pila de bot\u00f3n LiMnO2 CR2032 de 3 V, reemplazable por el usuario<\/td>\n<\/tr>\n<tr>\n<td class=\"text-base font-semibold font-gray\">Duraci\u00f3n de la bater\u00eda<\/td>\n<td class=\"text-base font-gray-300\">1 a\u00f1o de almacenamiento, seguido de 1 a\u00f1o de funcionamiento con uso normal (registro de 6 minutos, estad\u00edsticas revisadas en la pantalla no m\u00e1s de una vez al d\u00eda durante no m\u00e1s de 30 segundos cada vez, descarga de datos mensual)\nNOTA: La activaci\u00f3n continua de la alarma ac\u00fastica reducir\u00e1 la vida \u00fatil de la bater\u00eda. Cuando se active una alarma, debes borrarla y restablecerla lo antes posible. <\/td>\n<\/tr>\n<tr>\n<td class=\"text-base font-semibold font-gray\">Reloj en tiempo real<\/td>\n<td class=\"text-base font-gray-300\">Reloj de tiempo real incorporado\nPrecisi\u00f3n nominal \u00b125ppm @ 25\u00b0C (equivalente a 2,5 segundos\/d\u00eda)\nEl coeficiente de temperatura nominal es de -0,034 \u00b10,006ppm\/\u00b0C (es decir, normalmente +\/- 0,00294 segundos\/d\u00eda\/\u00b0C).<\/td>\n<\/tr>\n<tr>\n<td class=\"text-base font-semibold font-gray\">Longitud del cable est\u00e1ndar del sensor remoto<\/td>\n<td class=\"text-base font-gray-300\">Est\u00e1ndar: 1,5 m (4'11\u2033)\nExtendido: 3 m (9'10\u2033) (M\u00e1ximo recomendado)<\/td>\n<\/tr>\n<tr>\n<td class=\"text-base font-semibold font-gray\">Tipo de cable del sensor remoto<\/td>\n<td class=\"text-base font-gray-300\">PTFE (apto para contacto con alimentos seg\u00fan la FDA), coaxial<\/td>\n<\/tr>\n<tr>\n<td class=\"text-base font-semibold font-gray\">Tama\u00f1o<\/td>\n<td class=\"text-base font-gray-300\">93 mm(A) x 54,5 mm(A) x 8,6 mm(T)<\/td>\n<\/tr>\n<tr>\n<td class=\"text-base font-semibold font-gray\">Peso<\/td>\n<td class=\"text-base font-gray-300\">41g<\/td>\n<\/tr>\n<tr>\n<td class=\"text-base font-semibold font-gray\">Material de la caja<\/td>\n<td class=\"text-base font-gray-300\">Policarbonato<\/td>\n<\/tr>\n<\/tbody>\n<\/table>"],"resources":["<ul class=\"resources-list\">\n \t<li><img src=\"https:\/\/praxas.com\/wp-content\/uploads\/document-icon.png\" alt=\"Icono de documento\"><a href=\"https:\/\/praxas.com\/wp-content\/uploads\/LogTag_TRED30-16U_Brochure.pdf\">Folleto LogTag TRED30-16U<\/a><\/li>\n \t<li><img src=\"https:\/\/praxas.com\/wp-content\/uploads\/document-icon.png\" alt=\"Icono de documento\"><a href=\"https:\/\/praxas.com\/wp-content\/uploads\/TRED30-16U-QuickStartGuide-1.pdf\">LogTag TRED30-16U Gu\u00eda del usuario<\/a><\/li>\n<\/ul>"],"accessories":["[products skus=\"LTI-HID,WMB-1,Buffer Bottle\"]"],"_uag_page_assets":["a:9:{s:3:\"css\";s:0:\"\";s:2:\"js\";s:0:\"\";s:18:\"current_block_list\";a:0:{}s:8:\"uag_flag\";b:0;s:11:\"uag_version\";s:10:\"1777052440\";s:6:\"gfonts\";a:0:{}s:10:\"gfonts_url\";s:0:\"\";s:12:\"gfonts_files\";a:0:{}s:14:\"uag_faq_layout\";b:0;}"],"rank_math_internal_links_processed":["1"],"_max_variation_price":[""],"_max_variation_regular_price":[""],"_max_variation_sale_price":[""],"_min_variation_price":[""],"_min_variation_regular_price":[""],"_min_variation_sale_price":[""],"_regular_price":[""],"_sale_price":[""],"_wc_pb_base_regular_price":[""],"_wc_pb_base_sale_price":[""],"_wc_pb_base_price":[""],"_wc_sw_max_price":[""],"_wc_sw_max_regular_price":[""],"_wc_rating_count":[""],"_wc_review_count":[""],"_wc_average_rating":[0]},"uagb_featured_image_src":{"full":["https:\/\/praxas.com\/wp-content\/uploads\/TRED30-16U_face-on.jpg",1200,680,false],"thumbnail":["https:\/\/praxas.com\/wp-content\/uploads\/TRED30-16U_face-on-150x150.jpg",150,150,true],"medium":["https:\/\/praxas.com\/wp-content\/uploads\/TRED30-16U_face-on-300x170.jpg",300,170,true],"medium_large":["https:\/\/praxas.com\/wp-content\/uploads\/TRED30-16U_face-on-768x435.jpg",768,435,true],"large":["https:\/\/praxas.com\/wp-content\/uploads\/TRED30-16U_face-on-1024x580.jpg",1024,580,true],"1536x1536":["https:\/\/praxas.com\/wp-content\/uploads\/TRED30-16U_face-on.jpg",1200,680,false],"2048x2048":["https:\/\/praxas.com\/wp-content\/uploads\/TRED30-16U_face-on.jpg",1200,680,false],"crunchify-admin-post-featured-image":["https:\/\/praxas.com\/wp-content\/uploads\/TRED30-16U_face-on-120x68.jpg",120,68,true],"commercegurus-pdp-large":["https:\/\/praxas.com\/wp-content\/uploads\/TRED30-16U_face-on-990x561.jpg",990,561,true],"commercegurus-plp-mobile":["https:\/\/praxas.com\/wp-content\/uploads\/TRED30-16U_face-on-441x250.jpg",441,250,true],"cgkit_image_swatch":["https:\/\/praxas.com\/wp-content\/uploads\/TRED30-16U_face-on-100x100.jpg",100,100,true],"woocommerce_thumbnail":["https:\/\/praxas.com\/wp-content\/uploads\/TRED30-16U_face-on-350x198.jpg",350,198,true],"woocommerce_single":["https:\/\/praxas.com\/wp-content\/uploads\/TRED30-16U_face-on-800x453.jpg",800,453,true],"woocommerce_gallery_thumbnail":["https:\/\/praxas.com\/wp-content\/uploads\/TRED30-16U_face-on-150x85.jpg",150,85,true]},"uagb_author_info":{"display_name":"Alex James","author_link":"https:\/\/praxas.com\/es\/author\/"},"uagb_comment_info":0,"uagb_excerpt":"-40 \u00b0C a +99 \u00b0C Registra m\u00e1s de 17.500 lecturas durante m\u00e1s de 60 d\u00edas Conectividad USB-C y de 3 clavijas LCD con estado visual y resumen de 60 d\u00edas Alarma ac\u00fastica + \u2713\/\u2717 pantalla de alerta","_links":{"self":[{"href":"https:\/\/praxas.com\/es\/wp-json\/wp\/v2\/product\/49695","targetHints":{"allow":["GET"]}}],"collection":[{"href":"https:\/\/praxas.com\/es\/wp-json\/wp\/v2\/product"}],"about":[{"href":"https:\/\/praxas.com\/es\/wp-json\/wp\/v2\/types\/product"}],"wp:featuredmedia":[{"embeddable":true,"href":"https:\/\/praxas.com\/es\/wp-json\/wp\/v2\/media\/49649"}],"wp:attachment":[{"href":"https:\/\/praxas.com\/es\/wp-json\/wp\/v2\/media?parent=49695"}],"wp:term":[{"taxonomy":"product_brand","embeddable":true,"href":"https:\/\/praxas.com\/es\/wp-json\/wp\/v2\/product_brand?post=49695"},{"taxonomy":"product_cat","embeddable":true,"href":"https:\/\/praxas.com\/es\/wp-json\/wp\/v2\/product_cat?post=49695"},{"taxonomy":"product_tag","embeddable":true,"href":"https:\/\/praxas.com\/es\/wp-json\/wp\/v2\/product_tag?post=49695"}],"curies":[{"name":"wp","href":"https:\/\/api.w.org\/{rel}","templated":true}]}}