{"id":49697,"date":"2025-06-18T16:26:55","date_gmt":"2025-06-18T14:26:55","guid":{"rendered":"https:\/\/praxas.com\/product\/sin%20categor\u00eda\/registrador-de-baja-temperatura-trel30-16\/"},"modified":"2025-10-09T10:23:20","modified_gmt":"2025-10-09T08:23:20","slug":"registrador-de-baja-temperatura-trel30-16","status":"publish","type":"product","link":"https:\/\/praxas.com\/es\/product\/registradores-de-datos\/registradores-de-datos-de-temperatura\/registrador-de-baja-temperatura-trel30-16\/","title":{"rendered":"Registrador de baja temperatura TREL30-16"},"content":{"rendered":"<p data-start=\"253\" data-end=\"322\"><strong data-start=\"257\" data-end=\"322\">LogTag TREL30-16 &#8211; Registrador de datos con sonda externa de baja temperatura<\/strong><\/p>\n<p data-start=\"324\" data-end=\"537\">El LogTag TREL30-16 es un fiable registrador de datos de temperatura dise\u00f1ado para aplicaciones de baja temperatura, con soporte para sondas externas y una clara pantalla LCD que muestra un resumen de 30 d\u00edas de las condiciones de temperatura.<\/p>\n<p data-start=\"539\" data-end=\"807\">Registra hasta 15.900 lecturas en un amplio rango de medici\u00f3n de -90 \u00b0C a +40 \u00b0C y dispone de alarmas visuales y ac\u00fasticas para resaltar cualquier incumplimiento de la temperatura. El s\u00edmbolo de estado \u2713 o \u2717 y los marcadores diarios facilitan la revisi\u00f3n de si se ha producido alguna desviaci\u00f3n. <\/p>\n<p data-start=\"809\" data-end=\"997\">Compatible con sondas est\u00e1ndar, el dispositivo ofrece opciones de calibraci\u00f3n flexibles y es ideal para su uso en el almacenamiento o transporte de la cadena de fr\u00edo.<\/p>\n<p data-start=\"999\" data-end=\"1016\"><strong data-start=\"999\" data-end=\"1016\">Caracter\u00edsticas principales:<\/strong><\/p>\n<ul data-start=\"1018\" data-end=\"1337\">\n<li data-start=\"1018\" data-end=\"1057\">\n<p data-start=\"1020\" data-end=\"1057\">Rango de temperatura: de -90 \u00b0C a +40 \u00b0C<\/p>\n<\/li>\n<li data-start=\"1058\" data-end=\"1090\">\n<p data-start=\"1060\" data-end=\"1090\">Almacena hasta 15.900 lecturas<\/p>\n<\/li>\n<li data-start=\"1091\" data-end=\"1129\">\n<p data-start=\"1093\" data-end=\"1129\">Resumen de 30 d\u00edas en una gran pantalla LCD<\/p>\n<\/li>\n<li data-start=\"1130\" data-end=\"1169\">\n<p data-start=\"1132\" data-end=\"1169\">Indicadores de alarma ac\u00fasticos y visuales<\/p>\n<\/li>\n<li data-start=\"1222\" data-end=\"1260\">\n<p data-start=\"1224\" data-end=\"1260\">Funciona con la sonda externa ST10M-15<\/p>\n<\/li>\n<li data-start=\"1261\" data-end=\"1337\">\n<p data-start=\"1263\" data-end=\"1337\">El estado de la bater\u00eda, el estado de grabaci\u00f3n y la lectura actual se muestran en pantalla<\/p>\n<\/li>\n<\/ul>\n","protected":false},"excerpt":{"rendered":"<ul>\n<li data-start=\"1371\" data-end=\"1410\">-90 \u00b0C a +40 \u00b0C<\/li>\n<li data-start=\"1411\" data-end=\"1443\">Hasta 15.900 lecturas almacenadas<\/li>\n<li data-start=\"1444\" data-end=\"1484\">Resumen LCD de 30 d\u00edas con estado de alarma<\/li>\n<li data-start=\"1485\" data-end=\"1520\">Alarma ac\u00fastica e indicador \u2713\/\u2717.<\/li>\n<li data-start=\"1554\" data-end=\"1586\">Utiliza la sonda externa ST10M-15<\/li>\n<\/ul>\n","protected":false},"featured_media":49687,"template":"","meta":{"_acf_changed":false,"content-type":"","_uag_custom_page_level_css":""},"product_brand":[],"product_cat":[1601,1637],"product_tag":[2515,2266],"class_list":{"0":"post-49697","1":"product","2":"type-product","3":"status-publish","4":"has-post-thumbnail","6":"product_cat-registradores-de-datos-de-temperatura","7":"product_cat-registradores-de-datos","8":"product_tag-logtag-es","9":"product_tag-temperatura-es","11":"first","12":"instock","13":"taxable","14":"shipping-taxable","15":"purchasable","16":"product-type-variable"},"bundled_by":[],"bundle_stock_status":"instock","bundle_stock_quantity":null,"bundle_virtual":false,"bundle_layout":"","bundle_add_to_cart_form_location":"","bundle_editable_in_cart":false,"bundle_sold_individually_context":"","bundle_item_grouping":"","bundle_min_size":"","bundle_max_size":"","bundle_price":[],"bundled_items":[],"bundle_sell_ids":[],"acf":[],"spectra_custom_meta":{"hubwoo_ecomm_pro_id":["25030879358"],"_wcml_average_rating":[null],"_wcml_review_count":[null],"_wcml_rating_count":[null],"_backorders":["no"],"_download_limit":["-1"],"_download_expiry":["-1"],"_downloadable":["no"],"_manage_stock":["no"],"_sku":["TREL30-16"],"_stock_status":["instock"],"_sold_individually":["no"],"_tax_class":[""],"_tax_status":["taxable"],"_virtual":["no"],"total_sales":["0"],"_price":["72.10","107.10","110.60"],"product_datasheet":[""],"_product_datasheet":["field_650ad7d6ea3a0"],"connectivity":["Interface Cradle"],"_connectivity":["field_64dce263bb57c"],"brand":["LogTag"],"_brand":["field_64ddf62ed2593"],"brand_image":[""],"_brand_image":["field_650c5e7c84cae"],"_specifications_table":["field_65044e1db92a8"],"_display_data_alarm":["field_667d647bcb066"],"_resources":["field_650849c6945ee"],"_calibration":["field_66a0ddd599972"],"_accessories":["field_650849e6945f0"],"_faqs":["field_650859523d8d5"],"_calibration_suitable_ids_gb":["field_654b4c4acb54a"],"_calibration_suitable_ids_us":["field_654b4c56cb54b"],"_show_in_calibration_suitable":["field_654cfb691d345"],"_other_features":["field_668524f8c98a4"],"_shipping":["field_66852535c98a5"],"_refrigerant_cabinet":["field_66852557c98a6"],"_main_specifications":["field_66855b25b1245"],"_usd_price_4":["field_651570dcac479"],"_usd_price_9":["field_6515713eb4807"],"_usd_price_24":["field_65157141b4809"],"_usd_price_49":["field_65157140b4808"],"_usd_price_99":["field_6515715bb480a"],"_gbp_price_4":["field_6515716e83bfa"],"_gbp_price_9":["field_6515724783bfb"],"_gbp_price_24":["field_6515724b83bfc"],"_gbp_price_49":["field_6515725983bfd"],"_gbp_price_99":["field_6515725d83bfe"],"_usdhk_price_4":["field_6515726f83bff"],"_usdhk_price_9":["field_6515727c83c00"],"_usdhk_price_24":["field_6515728083c01"],"_usdhk_price_49":["field_6515728983c02"],"_usdhk_price_99":["field_6515728e83c03"],"stock_options":["In stock"],"_stock_options":["field_6544b605dc7f9"],"rank_math_primary_product_cat":["87"],"min_temp":["-90"],"max_temp":["40"],"_min_temp":["field_67ea5eb4e0a77"],"_max_temp":["field_67ea5f81e0a79"],"_top_nav_excluded":[""],"_cms_nav_minihome":[""],"wcml_sync_hash":["a:1:{s:15:\"postmeta_fields\";s:32:\"a1b69e3b826835e95f4a30b7144a7f9a\";}"],"attr_label_translations":["a:0:{}"],"_product_attributes":["a:2:{s:16:\"pa_product-brand\";a:6:{s:4:\"name\";s:16:\"pa_product-brand\";s:5:\"value\";s:0:\"\";s:8:\"position\";i:0;s:10:\"is_visible\";i:1;s:12:\"is_variation\";i:0;s:11:\"is_taxonomy\";i:1;}s:22:\"pa_logtag-probe-choice\";a:6:{s:4:\"name\";s:22:\"pa_logtag-probe-choice\";s:5:\"value\";s:0:\"\";s:8:\"position\";i:1;s:10:\"is_visible\";i:1;s:12:\"is_variation\";i:1;s:11:\"is_taxonomy\";i:1;}}"],"_thumbnail_id":["49687"],"_product_image_gallery":["49694"],"_crosssell_ids":["a:0:{}"],"_wpml_word_count":["214"],"_last_translation_edit_mode":["translation-editor"],"_global_unique_id":["850040258240"],"rank_math_focus_keyword":["TREL30-16"],"specifications_table":["<table class=\"w-full\">\n<tbody>\n<tr>\n<td class=\"text-base font-semibold font-gray\">Rango de medici\u00f3n del sensor externo<\/td>\n<td class=\"text-base font-gray-300\">TREL30-16\n-90\u00b0C a +40\u00b0C (-130\u00b0F a +104\u00b0F).<\/td>\n<\/tr>\n<tr>\n<td class=\"text-base font-semibold font-gray\">Temperatura de funcionamiento<\/td>\n<td class=\"text-base font-gray-300\">TREL30-16\n-30\u00b0C a +60\u00b0C (-22\u00b0F a +140\u00b0F).<\/td>\n<\/tr>\n<tr>\n<td class=\"text-base font-semibold font-gray\">Temperatura de almacenamiento<\/td>\n<td class=\"text-base font-gray-300\">TREL30-16\n-10\u00b0C a +40\u00b0C (14\u00b0F a +104\u00b0F).<\/td>\n<\/tr>\n<tr>\n<td class=\"text-base font-semibold font-gray\">Precisi\u00f3n de lectura de la temperatura nominal<\/td>\n<td class=\"text-base font-gray-300\">TREL30-16\nMejor que \u00b10,5\u00b0C para -20\u00b0C a +10\u00b0C (-4\u00b0F a 50\u00b0F).\nMejor que \u00b10,7\u00b0C para -50\u00b0C a -20\u00b0C (-58\u00b0F a -4\u00b0F) y +10\u00b0C a +30\u00b0C (50\u00b0F a 86\u00b0F).\nMejor que \u00b11\u00b0C para -80\u00b0C a -50\u00b0C (-112\u00b0F a -58\u00b0F) y +30\u00b0C a +40\u00b0C (86\u00b0F a 104\u00b0F).\nMejor que \u00b11,8\u00b0C para -90\u00b0C a -80\u00b0C (-130\u00b0F a -112\u00b0F ).\nEl rendimiento real suele ser mucho mejor que los valores nominales.\nLas cifras de precisi\u00f3n pueden mejorarse recalibrando.\nCuando se utiliza con la Sonda Inteligente CP11, consulta la hoja de datos de la CP11 para leer la precisi\u00f3n.<\/td>\n<\/tr>\n<tr>\n<td class=\"text-base font-semibold font-gray\">Resoluci\u00f3n de la lectura de la temperatura nominal<\/td>\n<td class=\"text-base font-gray-300\">TREL30-16\n0,1\u00b0C (0,2\u00b0F) para mediciones de -80\u00b0C a 0\u00b0C (-112\u00b0F a 32\u00b0F).\n0,2\u00b0C (0,4\u00b0F) para mediciones de 0\u00b0C a 18\u00b0C (32\u00b0F a 64,4\u00b0F) y de -90\u00b0C a -80\u00b0C (-130\u00b0F a -112\u00b0F).\n0.3\u00b0C (0,5\u00b0F) para mediciones de 18\u00b0C a 30\u00b0C (64,4\u00b0F a 86\u00b0F).\n0,5\u00b0C (0,9\u00b0F) para mediciones de 30\u00b0C a 40\u00b0C (86\u00b0F a 104\u00b0F).\nLogTag Analyzer\u00ae muestra actualmente con un decimal de \u00b0C o \u00b0F. La resoluci\u00f3n nativa es la que est\u00e1 almacenada en el LogTag\u00ae. <\/td>\n<\/tr>\n<tr>\n<td class=\"text-base font-semibold font-gray\">Capacidad de grabaci\u00f3n<\/td>\n<td class=\"text-base font-gray-300\">15.905 lecturas de temperatura. 66 d\u00edas @ 6min de registro.\nMemoria de estad\u00edsticas resumidas diarias (para mostrar en la pantalla LCD): hasta 30 d\u00edas de estad\u00edsticas de M\u00e1x\/M\u00edn\/duraci\u00f3n y activaci\u00f3n de alarmas. <\/td>\n<\/tr>\n<tr>\n<td class=\"text-base font-semibold font-gray\">Tiempo de reacci\u00f3n del sensor<\/td>\n<td class=\"text-base font-gray-300\">Normalmente inferior a 2 minutos(T90) en aire en movimiento (1m\/s) para el tipo ST10S.<\/td>\n<\/tr>\n<tr>\n<td class=\"text-base font-semibold font-gray\">Intervalo de muestreo<\/td>\n<td class=\"text-base font-gray-300\">Configurable de 30 segundos a cada hora.<\/td>\n<\/tr>\n<tr>\n<td class=\"text-base font-semibold font-gray\">Opciones de inicio de registro<\/td>\n<td class=\"text-base font-gray-300\">Inicio mediante pulsador o fecha y hora espec\u00edficas. Retardo de arranque opcional de hasta 18 horas. <\/td>\n<\/tr>\n<tr>\n<td class=\"text-base font-semibold font-gray\">Indicaci\u00f3n de grabaci\u00f3n<\/td>\n<td class=\"text-base font-gray-300\">Indicador de estado \u201cREC\u201d.<\/td>\n<\/tr>\n<tr>\n<td class=\"text-base font-semibold font-gray\">Tiempo de descarga<\/td>\n<td class=\"text-base font-gray-300\">Normalmente menos de 10 segundos para la memoria completa (15.905 lecturas), seg\u00fan el ordenador o el dispositivo de lectura utilizado.<\/td>\n<\/tr>\n<tr>\n<td class=\"text-base font-semibold font-gray\">Medioambiental<\/td>\n<td class=\"text-base font-gray-300\">IP61 (cuando se monta verticalmente o se cuelga).<\/td>\n<\/tr>\n<tr>\n<td class=\"text-base font-semibold font-gray\">Fuente de alimentaci\u00f3n<\/td>\n<td class=\"text-base font-gray-300\">CR2032 3V LiMnO2<\/td>\n<\/tr>\n<tr>\n<td class=\"text-base font-semibold font-gray\">Duraci\u00f3n de la bater\u00eda<\/td>\n<td class=\"text-base font-gray-300\">Vida \u00fatil de 1 a\u00f1o antes del \u201carranque\u201d (si est\u00e1 en modo de hibernaci\u00f3n), seguido de:\n1 a\u00f1o de funcionamiento con un uso normal (registro de 6 minutos, estad\u00edsticas revisadas en la pantalla no m\u00e1s de una vez al d\u00eda durante no m\u00e1s de 30 segundos cada vez, descarga de datos mensual).\nNOTA: La activaci\u00f3n continua de la alarma ac\u00fastica reducir\u00e1 la vida \u00fatil de la bater\u00eda. Cuando se active una alarma, debes borrarla y restablecerla lo antes posible. <\/td>\n<\/tr>\n<tr>\n<td class=\"text-base font-semibold font-gray\">Reloj en tiempo real<\/td>\n<td class=\"text-base font-gray-300\">Reloj de tiempo real incorporado.\nPrecisi\u00f3n nominal \u00b125ppm a 25\u00b0C (equivalente a 2,5 segundos\/d\u00eda).\nEl coeficiente de temperatura nominal es -0,034 \u00b10,006ppm\/\u00b0C (es decir, normalmente +\/- 0,00294 segundos\/d\u00eda\/\u00b0C).<\/td>\n<\/tr>\n<tr>\n<td class=\"text-base font-semibold font-gray\">Longitud del cable est\u00e1ndar del sensor remoto<\/td>\n<td class=\"text-base font-gray-300\">Est\u00e1ndar: 0,5 m (19\u2033).\nExtendido: 3 m (9'10\u2033) (M\u00e1ximo recomendado).<\/td>\n<\/tr>\n<tr>\n<td class=\"text-base font-semibold font-gray\">Tipo de cable del sensor remoto<\/td>\n<td class=\"text-base font-gray-300\">PTFE (apto para contacto con alimentos seg\u00fan la FDA), coaxial.<\/td>\n<\/tr>\n<tr>\n<td class=\"text-base font-semibold font-gray\">Tama\u00f1o<\/td>\n<td class=\"text-base font-gray-300\">93 mm(A) x 54,5 mm(A) x 8,6 mm(T).<\/td>\n<\/tr>\n<tr>\n<td class=\"text-base font-semibold font-gray\">Peso<\/td>\n<td class=\"text-base font-gray-300\">41 g sin sonda externa.<\/td>\n<\/tr>\n<tr>\n<td class=\"text-base font-semibold font-gray\">Material de la carcasa<\/td>\n<td class=\"text-base font-gray-300\">Policarbonato.<\/td>\n<\/tr>\n<\/tbody>\n<\/table>"],"resources":["<ul class=\"resources-list\">\n \t<li><img src=\"https:\/\/praxas.com\/wp-content\/uploads\/document-icon.png\" alt=\"Icono de documento\"><a href=\"https:\/\/praxas.com\/wp-content\/uploads\/LogTag_TREL30-16_Brochure.pdf\">Folleto LogTag TREL30-16<\/a><\/li>\n \t<li><img src=\"https:\/\/praxas.com\/wp-content\/uploads\/document-icon.png\" alt=\"Icono de documento\"><a href=\"https:\/\/praxas.com\/wp-content\/uploads\/TREL30-16_Product_User_Guide.pdf\">Gu\u00eda del usuario de LogTag TREL30-16<\/a><\/li>\n \t<li><img src=\"https:\/\/praxas.com\/wp-content\/uploads\/document-icon.png\" alt=\"Icono de documento\"><a href=\"https:\/\/praxas.com\/wp-content\/uploads\/TREL30-16-Quick-Start-Guide.pdf\">Gu\u00eda de inicio r\u00e1pido de LogTag TREL30-16<\/a><\/li>\n<\/ul>"],"accessories":["[products skus=\"LTI-HID,WMB-1,Buffer Bottle\"]"],"_uag_page_assets":["a:9:{s:3:\"css\";s:0:\"\";s:2:\"js\";s:0:\"\";s:18:\"current_block_list\";a:0:{}s:8:\"uag_flag\";b:0;s:11:\"uag_version\";s:10:\"1777295789\";s:6:\"gfonts\";a:0:{}s:10:\"gfonts_url\";s:0:\"\";s:12:\"gfonts_files\";a:0:{}s:14:\"uag_faq_layout\";b:0;}"],"rank_math_internal_links_processed":["1"],"_max_variation_price":[""],"_max_variation_regular_price":[""],"_max_variation_sale_price":[""],"_min_variation_price":[""],"_min_variation_regular_price":[""],"_min_variation_sale_price":[""],"_regular_price":[""],"_sale_price":[""],"_wc_pb_base_regular_price":[""],"_wc_pb_base_sale_price":[""],"_wc_pb_base_price":[""],"_wc_sw_max_price":[""],"_wc_sw_max_regular_price":[""],"_wc_rating_count":[""],"_wc_review_count":[""],"_wc_average_rating":[0]},"uagb_featured_image_src":{"full":["https:\/\/praxas.com\/wp-content\/uploads\/TREL30-16-Front.jpg",1200,680,false],"thumbnail":["https:\/\/praxas.com\/wp-content\/uploads\/TREL30-16-Front-150x150.jpg",150,150,true],"medium":["https:\/\/praxas.com\/wp-content\/uploads\/TREL30-16-Front-300x170.jpg",300,170,true],"medium_large":["https:\/\/praxas.com\/wp-content\/uploads\/TREL30-16-Front-768x435.jpg",768,435,true],"large":["https:\/\/praxas.com\/wp-content\/uploads\/TREL30-16-Front-1024x580.jpg",1024,580,true],"1536x1536":["https:\/\/praxas.com\/wp-content\/uploads\/TREL30-16-Front.jpg",1200,680,false],"2048x2048":["https:\/\/praxas.com\/wp-content\/uploads\/TREL30-16-Front.jpg",1200,680,false],"crunchify-admin-post-featured-image":["https:\/\/praxas.com\/wp-content\/uploads\/TREL30-16-Front-120x68.jpg",120,68,true],"commercegurus-pdp-large":["https:\/\/praxas.com\/wp-content\/uploads\/TREL30-16-Front-990x561.jpg",990,561,true],"commercegurus-plp-mobile":["https:\/\/praxas.com\/wp-content\/uploads\/TREL30-16-Front-441x250.jpg",441,250,true],"cgkit_image_swatch":["https:\/\/praxas.com\/wp-content\/uploads\/TREL30-16-Front-100x100.jpg",100,100,true],"woocommerce_thumbnail":["https:\/\/praxas.com\/wp-content\/uploads\/TREL30-16-Front-350x198.jpg",350,198,true],"woocommerce_single":["https:\/\/praxas.com\/wp-content\/uploads\/TREL30-16-Front-800x453.jpg",800,453,true],"woocommerce_gallery_thumbnail":["https:\/\/praxas.com\/wp-content\/uploads\/TREL30-16-Front-150x85.jpg",150,85,true]},"uagb_author_info":{"display_name":"Alex James","author_link":"https:\/\/praxas.com\/es\/author\/"},"uagb_comment_info":0,"uagb_excerpt":"-90 \u00b0C a +40 \u00b0C Hasta 15.900 lecturas almacenadas Resumen LCD de 30 d\u00edas con estado de alarma Alarma ac\u00fastica e indicador \u2713\/\u2717. Utiliza la sonda externa ST10M-15","_links":{"self":[{"href":"https:\/\/praxas.com\/es\/wp-json\/wp\/v2\/product\/49697","targetHints":{"allow":["GET"]}}],"collection":[{"href":"https:\/\/praxas.com\/es\/wp-json\/wp\/v2\/product"}],"about":[{"href":"https:\/\/praxas.com\/es\/wp-json\/wp\/v2\/types\/product"}],"wp:featuredmedia":[{"embeddable":true,"href":"https:\/\/praxas.com\/es\/wp-json\/wp\/v2\/media\/49687"}],"wp:attachment":[{"href":"https:\/\/praxas.com\/es\/wp-json\/wp\/v2\/media?parent=49697"}],"wp:term":[{"taxonomy":"product_brand","embeddable":true,"href":"https:\/\/praxas.com\/es\/wp-json\/wp\/v2\/product_brand?post=49697"},{"taxonomy":"product_cat","embeddable":true,"href":"https:\/\/praxas.com\/es\/wp-json\/wp\/v2\/product_cat?post=49697"},{"taxonomy":"product_tag","embeddable":true,"href":"https:\/\/praxas.com\/es\/wp-json\/wp\/v2\/product_tag?post=49697"}],"curies":[{"name":"wp","href":"https:\/\/api.w.org\/{rel}","templated":true}]}}