{"id":50224,"date":"2025-06-23T10:41:27","date_gmt":"2025-06-23T08:41:27","guid":{"rendered":"https:\/\/praxas.com\/product\/sin%20categor\u00eda\/utrel30-16-registrador-de-baja-temperatura\/"},"modified":"2025-10-09T10:22:02","modified_gmt":"2025-10-09T08:22:02","slug":"utrel30-16-registrador-de-baja-temperatura","status":"publish","type":"product","link":"https:\/\/praxas.com\/es\/product\/registradores-de-datos\/registradores-de-datos-de-temperatura\/utrel30-16-registrador-de-baja-temperatura\/","title":{"rendered":"UTREL30-16 Registrador de Baja Temperatura"},"content":{"rendered":"<p data-start=\"199\" data-end=\"272\"><strong data-start=\"203\" data-end=\"272\">LogTag UTREL30-16 &#8211; Registrador de datos LCD multicanal de baja temperatura<\/strong><\/p>\n<p data-start=\"274\" data-end=\"537\">El LogTag UTREL30-16 es un registrador de datos de temperatura de doble canal dise\u00f1ado para la supervisi\u00f3n de temperaturas ultrabajas. Puede registrar y almacenar hasta 32.000 lecturas de temperatura, ofreciendo una soluci\u00f3n fiable para la cadena de fr\u00edo y las aplicaciones sensibles a la temperatura a largo plazo. <\/p>\n<p data-start=\"539\" data-end=\"789\">Su pantalla grande y clara proporciona una visi\u00f3n general de la temperatura actual, el estado de grabaci\u00f3n y las notificaciones de alarma de hasta 30 d\u00edas. Un prominente s\u00edmbolo \u2717 y una alerta ac\u00fastica opcional te avisar\u00e1n si se han superado los l\u00edmites de alarma preestablecidos. <\/p>\n<p data-start=\"791\" data-end=\"928\">Ideal para su uso con la sonda externa ST10, el UTREL30-16 es una elecci\u00f3n fiable para un control preciso y continuo de las bajas temperaturas.<\/p>\n<p data-start=\"930\" data-end=\"947\"><strong data-start=\"930\" data-end=\"947\">Caracter\u00edsticas principales:<\/strong><\/p>\n<ul data-start=\"949\" data-end=\"1257\">\n<li data-start=\"949\" data-end=\"1004\">\n<p data-start=\"951\" data-end=\"1004\">Rango de medici\u00f3n: de -90\u00b0C a +40\u00b0C (en funci\u00f3n de la sonda)<\/p>\n<\/li>\n<li data-start=\"1005\" data-end=\"1038\">\n<p data-start=\"1007\" data-end=\"1038\">Registra hasta 32.000 lecturas<\/p>\n<\/li>\n<li data-start=\"1039\" data-end=\"1099\">\n<p data-start=\"1041\" data-end=\"1099\">La pantalla LCD muestra el estado de la alarma y la temperatura hasta 30 d\u00edas<\/p>\n<\/li>\n<li data-start=\"1100\" data-end=\"1136\">\n<p data-start=\"1102\" data-end=\"1136\">Alarma ac\u00fastica con indicador LED<\/p>\n<\/li>\n<li data-start=\"1137\" data-end=\"1161\">\n<p data-start=\"1139\" data-end=\"1161\">Soporte de doble canal<\/p>\n<\/li>\n<li data-start=\"1162\" data-end=\"1219\">\n<p data-start=\"1164\" data-end=\"1219\">Compatible con la sonda externa ST10<\/p>\n<\/li>\n<li data-start=\"1220\" data-end=\"1257\">\n<p data-start=\"1222\" data-end=\"1257\">Dispositivo multiusos a pilas<\/p>\n<\/li>\n<\/ul>\n","protected":false},"excerpt":{"rendered":"<ul>\n<li data-start=\"1291\" data-end=\"1323\">-90\u00b0C a +40\u00b0C<\/li>\n<li data-start=\"1324\" data-end=\"1356\">Almacena hasta 32.000 lecturas<\/li>\n<li data-start=\"1357\" data-end=\"1396\">Gran pantalla LCD con indicador de alarma de 30 d\u00edas<\/li>\n<li data-start=\"1397\" data-end=\"1426\">Alarma ac\u00fastica + LED de alerta<\/li>\n<li data-start=\"1427\" data-end=\"1459\">Admite sonda externa ST10<\/li>\n<\/ul>\n","protected":false},"featured_media":50221,"template":"","meta":{"_acf_changed":false,"content-type":"","_uag_custom_page_level_css":""},"product_brand":[],"product_cat":[1601,1637],"product_tag":[2515,2266,1618],"class_list":{"0":"post-50224","1":"product","2":"type-product","3":"status-publish","4":"has-post-thumbnail","6":"product_cat-registradores-de-datos-de-temperatura","7":"product_cat-registradores-de-datos","8":"product_tag-logtag-es","9":"product_tag-temperatura-es","10":"product_tag-usb-es","12":"first","13":"instock","14":"taxable","15":"shipping-taxable","16":"purchasable","17":"product-type-variable"},"bundled_by":[],"bundle_stock_status":"instock","bundle_stock_quantity":null,"bundle_virtual":false,"bundle_layout":"","bundle_add_to_cart_form_location":"","bundle_editable_in_cart":false,"bundle_sold_individually_context":"","bundle_item_grouping":"","bundle_min_size":"","bundle_max_size":"","bundle_price":[],"bundled_items":[],"bundle_sell_ids":[],"acf":[],"spectra_custom_meta":{"hubwoo_ecomm_pro_id":["25138474263"],"_wcml_average_rating":[null],"_wcml_review_count":[null],"_wcml_rating_count":[null],"_backorders":["no"],"_download_limit":["-1"],"_download_expiry":["-1"],"_downloadable":["no"],"_manage_stock":["no"],"_sku":["UTREL30-16"],"_stock_status":["instock"],"_sold_individually":["no"],"_tax_class":[""],"_tax_status":["taxable"],"_virtual":["no"],"total_sales":["1"],"_price":["134.40","169.40","172.90"],"product_datasheet":[""],"_product_datasheet":["field_650ad7d6ea3a0"],"connectivity":["USB"],"_connectivity":["field_64dce263bb57c"],"brand":["LogTag"],"_brand":["field_64ddf62ed2593"],"brand_image":[""],"_brand_image":["field_650c5e7c84cae"],"_specifications_table":["field_65044e1db92a8"],"_display_data_alarm":["field_667d647bcb066"],"_resources":["field_650849c6945ee"],"_calibration":["field_66a0ddd599972"],"_accessories":["field_650849e6945f0"],"_faqs":["field_650859523d8d5"],"_calibration_suitable_ids_gb":["field_654b4c4acb54a"],"_calibration_suitable_ids_us":["field_654b4c56cb54b"],"_show_in_calibration_suitable":["field_654cfb691d345"],"_other_features":["field_668524f8c98a4"],"_shipping":["field_66852535c98a5"],"_refrigerant_cabinet":["field_66852557c98a6"],"_main_specifications":["field_66855b25b1245"],"_usd_price_4":["field_651570dcac479"],"_usd_price_9":["field_6515713eb4807"],"_usd_price_24":["field_65157141b4809"],"_usd_price_49":["field_65157140b4808"],"_usd_price_99":["field_6515715bb480a"],"_gbp_price_4":["field_6515716e83bfa"],"_gbp_price_9":["field_6515724783bfb"],"_gbp_price_24":["field_6515724b83bfc"],"_gbp_price_49":["field_6515725983bfd"],"_gbp_price_99":["field_6515725d83bfe"],"_usdhk_price_4":["field_6515726f83bff"],"_usdhk_price_9":["field_6515727c83c00"],"_usdhk_price_24":["field_6515728083c01"],"_usdhk_price_49":["field_6515728983c02"],"_usdhk_price_99":["field_6515728e83c03"],"stock_options":["In stock"],"_stock_options":["field_6544b605dc7f9"],"rank_math_primary_product_cat":["87"],"min_temp":["-90"],"max_temp":["40"],"_min_temp":["field_67ea5eb4e0a77"],"_max_temp":["field_67ea5f81e0a79"],"_top_nav_excluded":[""],"_cms_nav_minihome":[""],"wcml_sync_hash":["a:1:{s:15:\"postmeta_fields\";s:32:\"60c3ac6aa8af417b33eb5dcafd69e9a4\";}"],"attr_label_translations":["a:0:{}"],"_product_attributes":["a:2:{s:16:\"pa_product-brand\";a:6:{s:4:\"name\";s:16:\"pa_product-brand\";s:5:\"value\";s:0:\"\";s:8:\"position\";i:0;s:10:\"is_visible\";i:1;s:12:\"is_variation\";i:0;s:11:\"is_taxonomy\";i:1;}s:22:\"pa_logtag-probe-choice\";a:6:{s:4:\"name\";s:22:\"pa_logtag-probe-choice\";s:5:\"value\";s:0:\"\";s:8:\"position\";i:1;s:10:\"is_visible\";i:1;s:12:\"is_variation\";i:1;s:11:\"is_taxonomy\";i:1;}}"],"_thumbnail_id":["50221"],"_product_image_gallery":["50215"],"_crosssell_ids":["a:0:{}"],"_wpml_word_count":["220"],"_last_translation_edit_mode":["translation-editor"],"_global_unique_id":["850040258059"],"rank_math_focus_keyword":["UTREL30-16"],"specifications_table":["<table class=\"w-full\">\n<tbody>\n<tr>\n<td class=\"text-base font-semibold font-gray\">Rango de medici\u00f3n del sensor externo<\/td>\n<td class=\"text-base font-gray-300\">De -90\u00b0C a +40\u00b0C (de -130\u00b0F a +104\u00b0F).<\/td>\n<\/tr>\n<tr>\n<td class=\"text-base font-semibold font-gray\">Temperatura de funcionamiento<\/td>\n<td class=\"text-base font-gray-300\">-30\u00b0C a +60\u00b0C (-22\u00b0F a +140\u00b0F)\n0-99% HR (sin condensaci\u00f3n)<\/td>\n<\/tr>\n<tr>\n<td class=\"text-base font-semibold font-gray\">Temperatura de almacenamiento<\/td>\n<td class=\"text-base font-gray-300\">De 0\u00b0C a +40\u00b0C (de 32\u00b0F a +104\u00b0F).<\/td>\n<\/tr>\n<tr>\n<td class=\"text-base font-semibold font-gray\">Resoluci\u00f3n de temperatura nominal<\/td>\n<td class=\"text-base font-gray-300\">Mejor que 0,1\u00b0C (0,2\u00b0F) para mediciones de -80\u00b0C a 10\u00b0C (-112\u00b0F a 50\u00b0F)\nMejor que 0,2\u00b0C (0,4\u00b0F) para mediciones de 10\u00b0C a 20\u00b0C (50\u00b0F a 68\u00b0F) y de -90\u00b0C a -80\u00b0C (-130\u00b0F a -112\u00b0F)\nMejor que 0.3\u00b0C (0,5\u00b0F) para mediciones de 20\u00b0C a 30\u00b0C (68\u00b0F a 86\u00b0F)\nMejor que 0,5\u00b0C (0,9\u00b0F) para mediciones de 30\u00b0C a 40\u00b0C (86\u00b0F a 104\u00b0F)\nEl Analizador LogTag muestra actualmente con un decimal de \u00b0C o \u00b0F. La resoluci\u00f3n nativa es la que est\u00e1 almacenada en el LogTag\u00ae. <\/td>\n<\/tr>\n<tr>\n<td class=\"text-base font-semibold font-gray\">Tiempo de reacci\u00f3n del sensor<\/td>\n<td class=\"text-base font-gray-300\">Normalmente inferior a 2 minutos (T90) en aire en movimiento (1 m\/s) para el tipo ST10S<\/td>\n<\/tr>\n<tr>\n<td class=\"text-base font-semibold font-gray\">Precisi\u00f3n de lectura de la temperatura nominal<\/td>\n<td class=\"text-base font-gray-300\">Mejor que \u00b10,5\u00b0C para -20\u00b0C a +10\u00b0C (-4\u00b0F a 50\u00b0F)\nMejor que \u00b10.7\u00b0C para -50\u00b0C a -20\u00b0C (-58\u00b0F a -4\u00b0F) y +10\u00b0C a +30\u00b0C (50\u00b0F a 86\u00b0F)\nMejor que \u00b11\u00b0C para -80\u00b0C a -50\u00b0C (-112\u00b0F a -58\u00b0F ) y +30\u00b0C a +40\u00b0C (86\u00b0F a 104\u00b0F)\nMejor que \u00b11,8\u00b0C para -90\u00b0C a -80\u00b0C (-130\u00b0F a -112\u00b0F)<\/td>\n<\/tr>\n<tr>\n<td class=\"text-base font-semibold font-gray\">Conectividad de la sonda<\/td>\n<td class=\"text-base font-gray-300\">Hasta 2<\/td>\n<\/tr>\n<tr>\n<td class=\"text-base font-semibold font-gray\">Compatibilidad de la sonda<\/td>\n<td class=\"text-base font-gray-300\">Todas las sondas externas de termistor de precisi\u00f3n ST10 pueden conectarse indistintamente al UTREL30-16.\nConsulta la secci\u00f3n Accesorios para ver las sondas externas compatibles. Se pueden utilizar diferentes modelos de sonda para cada canal. No es compatible con las sondas ST100.  <\/td>\n<\/tr>\n<tr>\n<td class=\"text-base font-semibold font-gray\">Capacidad de grabaci\u00f3n<\/td>\n<td class=\"text-base font-gray-300\">32.000 de memoria de registro total. Proporciona 16.000 lecturas de temperatura por canal.\nMemoria de estad\u00edsticas resumidas por d\u00edas (para mostrar en la pantalla LCD): hasta 30 d\u00edas de estad\u00edsticas de M\u00edn\/M\u00e1x\/duraci\u00f3n y activaci\u00f3n de alarmas. <\/td>\n<\/tr>\n<tr>\n<td class=\"text-base font-semibold font-gray\">Intervalo de muestreo<\/td>\n<td class=\"text-base font-gray-300\">Configurable de 30 segundos a 18 horas. (Registro t\u00edpico de 5 minutos) <\/td>\n<\/tr>\n<tr>\n<td class=\"text-base font-semibold font-gray\">Alarmas<\/td>\n<td class=\"text-base font-gray-300\">Hasta 6 alarmas configurables para cada canal.\nPosibilidad de configurar la alarma por separado para el Canal 1 y el Canal 2.<\/td>\n<\/tr>\n<tr>\n<td class=\"text-base font-semibold font-gray\">Opciones de inicio de registro<\/td>\n<td class=\"text-base font-gray-300\">Inicio mediante pulsador (con retardo de inicio configurable de 1 minuto a 72 horas) o fecha y hora espec\u00edficas.<\/td>\n<\/tr>\n<tr>\n<td class=\"text-base font-semibold font-gray\">Tiempo de descarga<\/td>\n<td class=\"text-base font-gray-300\">Normalmente, con la memoria llena (32.000 lecturas) en menos de 20 segundos.<\/td>\n<\/tr>\n<tr>\n<td class=\"text-base font-semibold font-gray\">Medioambiental<\/td>\n<td class=\"text-base font-gray-300\">IP61 (cuando se monta verticalmente o se cuelga con la tapa antipolvo USB colocada).<\/td>\n<\/tr>\n<tr>\n<td class=\"text-base font-semibold font-gray\">Fuente de alimentaci\u00f3n<\/td>\n<td class=\"text-base font-gray-300\">5 V mediante toma micro USB o 2 pilas AAA de 1,5 V. Pila de bot\u00f3n CR2032 LiMnO2 (s\u00f3lo funci\u00f3n de registro de reserva). <\/td>\n<\/tr>\n<tr>\n<td class=\"text-base font-semibold font-gray\">Duraci\u00f3n de la pila<\/td>\n<td class=\"text-base font-gray-300\">Pila AAA hasta 12 meses - si la unidad funciona sin alimentaci\u00f3n el\u00e9ctrica.<\/td>\n<\/tr>\n<tr>\n<td class=\"text-base font-semibold font-gray\">Reloj en tiempo real<\/td>\n<td class=\"text-base font-gray-300\">Reloj de tiempo real incorporado.\nPrecisi\u00f3n t\u00edpica \u00b125ppm @ 25\u00b0C (equivalente a 2,5 segundos\/d\u00eda).\nEl coeficiente de temperatura nominal es -0,034 \u00b10,006ppm\/\u00b0C (es decir, t\u00edpicamente +\/- 0,00294 segundos\/d\u00eda\/\u00b0C).<\/td>\n<\/tr>\n<tr>\n<td class=\"text-base font-semibold font-gray\">Interfaz de conexi\u00f3n<\/td>\n<td class=\"text-base font-gray-300\">Toma USB 2.0 \/ Micro USB.<\/td>\n<\/tr>\n<tr>\n<td class=\"text-base font-semibold font-gray\">Longitudes est\u00e1ndar del cable de la sonda remota<\/td>\n<td class=\"text-base font-gray-300\">Est\u00e1ndar: 1,5 m (4'11\").\nExtendido: 3 m (m\u00e1ximo recomendado).<\/td>\n<\/tr>\n<tr>\n<td class=\"text-base font-semibold font-gray\">Tipo de cable de la sonda remota<\/td>\n<td class=\"text-base font-gray-300\">Coaxial de PTFE (apto para contacto con alimentos seg\u00fan la FDA).<\/td>\n<\/tr>\n<tr>\n<td class=\"text-base font-semibold font-gray\">Tama\u00f1o<\/td>\n<td class=\"text-base font-gray-300\">141 mm(A) x 72 mm(A) x 18 mm(T).<\/td>\n<\/tr>\n<tr>\n<td class=\"text-base font-semibold font-gray\">Peso<\/td>\n<td class=\"text-base font-gray-300\">156 g con pilas AAA, (132 g - sin sonda ni pilas AAA).<\/td>\n<\/tr>\n<tr>\n<td class=\"text-base font-semibold font-gray\">Material de la carcasa<\/td>\n<td class=\"text-base font-gray-300\">Policarbonato.<\/td>\n<\/tr>\n<\/tbody>\n<\/table>"],"resources":["<ul class=\"resources-list\">\n \t<li><img src=\"https:\/\/praxas.com\/wp-content\/uploads\/document-icon.png\" alt=\"Icono de documento\"><a href=\"https:\/\/praxas.com\/wp-content\/uploads\/LogTag_UTREL30-16_Brochure.pdf\">Folleto LogTag UTREL30-16<\/a><\/li>\n \t<li><img src=\"https:\/\/praxas.com\/wp-content\/uploads\/document-icon.png\" alt=\"Icono de documento\"><a href=\"https:\/\/praxas.com\/wp-content\/uploads\/UTREL30-16-QuickStartGuide.pdf\">Gu\u00eda de inicio r\u00e1pido de LogTag UTREL30-16<\/a><\/li>\n<\/ul>"],"accessories":["[products skus=\"WBM-02,Buffer Bottle\"]"],"_uag_page_assets":["a:9:{s:3:\"css\";s:0:\"\";s:2:\"js\";s:0:\"\";s:18:\"current_block_list\";a:0:{}s:8:\"uag_flag\";b:0;s:11:\"uag_version\";s:10:\"1777052440\";s:6:\"gfonts\";a:0:{}s:10:\"gfonts_url\";s:0:\"\";s:12:\"gfonts_files\";a:0:{}s:14:\"uag_faq_layout\";b:0;}"],"rank_math_internal_links_processed":["1"],"_max_variation_price":[""],"_max_variation_regular_price":[""],"_max_variation_sale_price":[""],"_min_variation_price":[""],"_min_variation_regular_price":[""],"_min_variation_sale_price":[""],"_regular_price":[""],"_sale_price":[""],"_wc_pb_base_regular_price":[""],"_wc_pb_base_sale_price":[""],"_wc_pb_base_price":[""],"_wc_sw_max_price":[""],"_wc_sw_max_regular_price":[""],"_wc_rating_count":[""],"_wc_review_count":[""],"_wc_average_rating":[0]},"uagb_featured_image_src":{"full":["https:\/\/praxas.com\/wp-content\/uploads\/UTREL30-16-3probe.jpg",1200,680,false],"thumbnail":["https:\/\/praxas.com\/wp-content\/uploads\/UTREL30-16-3probe-150x150.jpg",150,150,true],"medium":["https:\/\/praxas.com\/wp-content\/uploads\/UTREL30-16-3probe-300x170.jpg",300,170,true],"medium_large":["https:\/\/praxas.com\/wp-content\/uploads\/UTREL30-16-3probe-768x435.jpg",768,435,true],"large":["https:\/\/praxas.com\/wp-content\/uploads\/UTREL30-16-3probe-1024x580.jpg",1024,580,true],"1536x1536":["https:\/\/praxas.com\/wp-content\/uploads\/UTREL30-16-3probe.jpg",1200,680,false],"2048x2048":["https:\/\/praxas.com\/wp-content\/uploads\/UTREL30-16-3probe.jpg",1200,680,false],"crunchify-admin-post-featured-image":["https:\/\/praxas.com\/wp-content\/uploads\/UTREL30-16-3probe-120x68.jpg",120,68,true],"commercegurus-pdp-large":["https:\/\/praxas.com\/wp-content\/uploads\/UTREL30-16-3probe-990x561.jpg",990,561,true],"commercegurus-plp-mobile":["https:\/\/praxas.com\/wp-content\/uploads\/UTREL30-16-3probe-441x250.jpg",441,250,true],"cgkit_image_swatch":["https:\/\/praxas.com\/wp-content\/uploads\/UTREL30-16-3probe-100x100.jpg",100,100,true],"woocommerce_thumbnail":["https:\/\/praxas.com\/wp-content\/uploads\/UTREL30-16-3probe-350x198.jpg",350,198,true],"woocommerce_single":["https:\/\/praxas.com\/wp-content\/uploads\/UTREL30-16-3probe-800x453.jpg",800,453,true],"woocommerce_gallery_thumbnail":["https:\/\/praxas.com\/wp-content\/uploads\/UTREL30-16-3probe-150x85.jpg",150,85,true]},"uagb_author_info":{"display_name":"Alex James","author_link":"https:\/\/praxas.com\/es\/author\/"},"uagb_comment_info":0,"uagb_excerpt":"-90\u00b0C a +40\u00b0C Almacena hasta 32.000 lecturas Gran pantalla LCD con indicador de alarma de 30 d\u00edas Alarma ac\u00fastica + LED de alerta Admite sonda externa ST10","_links":{"self":[{"href":"https:\/\/praxas.com\/es\/wp-json\/wp\/v2\/product\/50224","targetHints":{"allow":["GET"]}}],"collection":[{"href":"https:\/\/praxas.com\/es\/wp-json\/wp\/v2\/product"}],"about":[{"href":"https:\/\/praxas.com\/es\/wp-json\/wp\/v2\/types\/product"}],"wp:featuredmedia":[{"embeddable":true,"href":"https:\/\/praxas.com\/es\/wp-json\/wp\/v2\/media\/50221"}],"wp:attachment":[{"href":"https:\/\/praxas.com\/es\/wp-json\/wp\/v2\/media?parent=50224"}],"wp:term":[{"taxonomy":"product_brand","embeddable":true,"href":"https:\/\/praxas.com\/es\/wp-json\/wp\/v2\/product_brand?post=50224"},{"taxonomy":"product_cat","embeddable":true,"href":"https:\/\/praxas.com\/es\/wp-json\/wp\/v2\/product_cat?post=50224"},{"taxonomy":"product_tag","embeddable":true,"href":"https:\/\/praxas.com\/es\/wp-json\/wp\/v2\/product_tag?post=50224"}],"curies":[{"name":"wp","href":"https:\/\/api.w.org\/{rel}","templated":true}]}}