{"id":50241,"date":"2025-06-23T11:04:22","date_gmt":"2025-06-23T09:04:22","guid":{"rendered":"https:\/\/praxas.com\/product\/sin%20categor\u00eda\/registrador-de-baja-temperatura-utrel30-wifi\/"},"modified":"2025-10-09T10:21:32","modified_gmt":"2025-10-09T08:21:32","slug":"registrador-de-baja-temperatura-utrel30-wifi","status":"publish","type":"product","link":"https:\/\/praxas.com\/es\/product\/registradores-de-datos\/registradores-de-datos-de-temperatura\/registrador-de-baja-temperatura-utrel30-wifi\/","title":{"rendered":"Registrador de Baja Temperatura UTREL30-WiFi"},"content":{"rendered":"<p data-start=\"214\" data-end=\"289\"><strong data-start=\"218\" data-end=\"289\">LogTag UTREL30-WiFi &#8211; Registrador de datos WiFi de doble canal y baja temperatura<\/strong><\/p>\n<p data-start=\"291\" data-end=\"639\">El LogTag UTREL30-WiFi es un registrador de datos de baja temperatura de doble canal que carga autom\u00e1ticamente los datos de temperatura en tiempo real a trav\u00e9s de WiFi a tu cuenta en la nube LogTag Online. Dise\u00f1ado para una supervisi\u00f3n precisa y continua, admite dos sondas externas y proporciona acceso instant\u00e1neo a datos en directo e hist\u00f3ricos sin necesidad de descargas manuales. <\/p>\n<p data-start=\"641\" data-end=\"888\">Con una capacidad de 32.000 lecturas (16.000 por canal), una gran pantalla de f\u00e1cil lectura y alarmas ac\u00fasticas y visuales integradas, es ideal para la supervisi\u00f3n de la cadena de fr\u00edo, vacunas y laboratorios, donde es esencial un seguimiento fiable y remoto de la temperatura.<\/p>\n<p data-start=\"890\" data-end=\"907\"><strong data-start=\"890\" data-end=\"907\">Caracter\u00edsticas principales:<\/strong><\/p>\n<ul data-start=\"909\" data-end=\"1259\">\n<li data-start=\"909\" data-end=\"959\">\n<p data-start=\"911\" data-end=\"959\">Mide de -90\u00b0C a +40\u00b0C (en funci\u00f3n de la sonda)<\/p>\n<\/li>\n<li data-start=\"960\" data-end=\"1013\">\n<p data-start=\"962\" data-end=\"1013\">Registro de dos canales, 16.000 lecturas por canal<\/p>\n<\/li>\n<li data-start=\"1014\" data-end=\"1070\">\n<p data-start=\"1016\" data-end=\"1070\">Carga autom\u00e1tica en tiempo real v\u00eda WiFi a LogTag Online<\/p>\n<\/li>\n<li data-start=\"1071\" data-end=\"1116\">\n<p data-start=\"1073\" data-end=\"1116\">Pantalla LCD con resumen de alarmas de 30 d\u00edas de un vistazo<\/p>\n<\/li>\n<li data-start=\"1117\" data-end=\"1156\">\n<p data-start=\"1119\" data-end=\"1156\">Indicadores de alarma ac\u00fasticos y visuales<\/p>\n<\/li>\n<li data-start=\"1157\" data-end=\"1215\">\n<p data-start=\"1159\" data-end=\"1215\">Compatible con sondas externas ST10<\/p>\n<\/li>\n<li data-start=\"1216\" data-end=\"1259\">\n<p data-start=\"1218\" data-end=\"1259\">Formato multiusos con bater\u00eda de larga duraci\u00f3n<\/p>\n<\/li>\n<\/ul>\n","protected":false},"excerpt":{"rendered":"<ul>\n<li data-start=\"1293\" data-end=\"1330\">-90\u00b0C a +40\u00b0C<\/li>\n<li data-start=\"1331\" data-end=\"1372\">Doble canal, capacidad de 32.000 lecturas<\/li>\n<li data-start=\"1373\" data-end=\"1415\">Carga WiFi en tiempo real a LogTag Online<\/li>\n<li data-start=\"1416\" data-end=\"1447\">Resumen de alarmas de 30 d\u00edas en la pantalla LCD<\/li>\n<li data-start=\"1448\" data-end=\"1486\">Alarmas ac\u00fasticas y visuales incorporadas<\/li>\n<\/ul>\n","protected":false},"featured_media":50240,"template":"","meta":{"_acf_changed":false,"content-type":"","_uag_custom_page_level_css":""},"product_brand":[],"product_cat":[1601,1637],"product_tag":[2515,2266,1559],"class_list":{"0":"post-50241","1":"product","2":"type-product","3":"status-publish","4":"has-post-thumbnail","6":"product_cat-registradores-de-datos-de-temperatura","7":"product_cat-registradores-de-datos","8":"product_tag-logtag-es","9":"product_tag-temperatura-es","10":"product_tag-wifi-es","12":"first","13":"instock","14":"taxable","15":"shipping-taxable","16":"purchasable","17":"product-type-variable"},"bundled_by":[],"bundle_stock_status":"instock","bundle_stock_quantity":null,"bundle_virtual":false,"bundle_layout":"","bundle_add_to_cart_form_location":"","bundle_editable_in_cart":false,"bundle_sold_individually_context":"","bundle_item_grouping":"","bundle_min_size":"","bundle_max_size":"","bundle_price":[],"bundled_items":[],"bundle_sell_ids":[],"acf":[],"spectra_custom_meta":{"hubwoo_ecomm_pro_id":["25077978799"],"_wcml_average_rating":[null],"_wcml_review_count":[null],"_wcml_rating_count":[null],"_backorders":["no"],"_download_limit":["-1"],"_download_expiry":["-1"],"_downloadable":["no"],"_manage_stock":["no"],"_sku":["UTREL30-WIFI"],"_stock_status":["instock"],"_sold_individually":["no"],"_tax_class":[""],"_tax_status":["taxable"],"_virtual":["no"],"total_sales":["0"],"_price":["229.60","264.60","268.10"],"product_datasheet":[""],"_product_datasheet":["field_650ad7d6ea3a0"],"connectivity":["WiFi"],"_connectivity":["field_64dce263bb57c"],"brand":["LogTag"],"_brand":["field_64ddf62ed2593"],"brand_image":[""],"_brand_image":["field_650c5e7c84cae"],"_specifications_table":["field_65044e1db92a8"],"_display_data_alarm":["field_667d647bcb066"],"_resources":["field_650849c6945ee"],"_calibration":["field_66a0ddd599972"],"_accessories":["field_650849e6945f0"],"_faqs":["field_650859523d8d5"],"_calibration_suitable_ids_gb":["field_654b4c4acb54a"],"_calibration_suitable_ids_us":["field_654b4c56cb54b"],"_show_in_calibration_suitable":["field_654cfb691d345"],"_other_features":["field_668524f8c98a4"],"_shipping":["field_66852535c98a5"],"_refrigerant_cabinet":["field_66852557c98a6"],"_main_specifications":["field_66855b25b1245"],"_usd_price_4":["field_651570dcac479"],"_usd_price_9":["field_6515713eb4807"],"_usd_price_24":["field_65157141b4809"],"_usd_price_49":["field_65157140b4808"],"_usd_price_99":["field_6515715bb480a"],"_gbp_price_4":["field_6515716e83bfa"],"_gbp_price_9":["field_6515724783bfb"],"_gbp_price_24":["field_6515724b83bfc"],"_gbp_price_49":["field_6515725983bfd"],"_gbp_price_99":["field_6515725d83bfe"],"_usdhk_price_4":["field_6515726f83bff"],"_usdhk_price_9":["field_6515727c83c00"],"_usdhk_price_24":["field_6515728083c01"],"_usdhk_price_49":["field_6515728983c02"],"_usdhk_price_99":["field_6515728e83c03"],"stock_options":["In stock"],"_stock_options":["field_6544b605dc7f9"],"rank_math_primary_product_cat":["87"],"min_temp":["-90"],"max_temp":["40"],"_min_temp":["field_67ea5eb4e0a77"],"_max_temp":["field_67ea5f81e0a79"],"_top_nav_excluded":[""],"_cms_nav_minihome":[""],"wcml_sync_hash":["a:1:{s:15:\"postmeta_fields\";s:32:\"19251acf1aedb7c6da1b26ce3ff41f6b\";}"],"attr_label_translations":["a:0:{}"],"_product_attributes":["a:2:{s:16:\"pa_product-brand\";a:6:{s:4:\"name\";s:16:\"pa_product-brand\";s:5:\"value\";s:0:\"\";s:8:\"position\";i:0;s:10:\"is_visible\";i:1;s:12:\"is_variation\";i:0;s:11:\"is_taxonomy\";i:1;}s:22:\"pa_logtag-probe-choice\";a:6:{s:4:\"name\";s:22:\"pa_logtag-probe-choice\";s:5:\"value\";s:0:\"\";s:8:\"position\";i:1;s:10:\"is_visible\";i:1;s:12:\"is_variation\";i:1;s:11:\"is_taxonomy\";i:1;}}"],"_thumbnail_id":["50240"],"_product_image_gallery":["50234"],"_crosssell_ids":["a:0:{}"],"_wpml_word_count":["224"],"_last_translation_edit_mode":["translation-editor"],"_global_unique_id":["850040258066"],"rank_math_focus_keyword":["UTREL30-WiFi"],"specifications_table":["<table class=\"w-full\">\n<tbody>\n<tr>\n<td class=\"text-base font-semibold font-gray\">Rango de medici\u00f3n del sensor externo<\/td>\n<td class=\"text-base font-gray-300\">De -90\u00b0C a +40\u00b0C (de -130\u00b0F a +104\u00b0F).<\/td>\n<\/tr>\n<tr>\n<td class=\"text-base font-semibold font-gray\">Temperatura de funcionamiento<\/td>\n<td class=\"text-base font-gray-300\">De -30\u00b0C a +60\u00b0C (de -22\u00b0F a +140\u00b0F).<\/td>\n<\/tr>\n<tr>\n<td class=\"text-base font-semibold font-gray\">Resoluci\u00f3n de temperatura nominal<\/td>\n<td class=\"text-base font-gray-300\">0,1\u00b0C (0,2\u00b0F) para mediciones de -80\u00b0C a 10\u00b0C (-112\u00b0F a 50\u00b0F)\n0,2\u00b0C (0,4\u00b0F) para mediciones de 10\u00b0C a 20\u00b0C (50\u00b0F a 68\u00b0F) y de -90\u00b0C a -80\u00b0C (-130\u00b0F a -112\u00b0F)\n0,3\u00b0C (0.5\u00b0F) para mediciones de 20\u00b0C a 30\u00b0C (68\u00b0F a 86\u00b0F)\n0,5\u00b0C (0,9\u00b0F) para mediciones de 30\u00b0C a 40\u00b0C (86\u00b0F a 104\u00b0F)\nEl Analizador LogTag muestra actualmente con un decimal de \u00b0C o \u00b0F. La resoluci\u00f3n nativa es la que est\u00e1 almacenada en el LogTag\u00ae. <\/td>\n<\/tr>\n<tr>\n<td class=\"text-base font-semibold font-gray\">Precisi\u00f3n de lectura de la temperatura nominal<\/td>\n<td class=\"text-base font-gray-300\">Mejor que \u00b10,5\u00b0C para -20\u00b0C a +10\u00b0C (-4\u00b0F a 50\u00b0F)\nMejor que \u00b10.7\u00b0C para -50\u00b0C a -20\u00b0C (-58\u00b0F a -4\u00b0F) y +10\u00b0C a +30\u00b0C (50\u00b0F a 86\u00b0F)\nMejor que \u00b11\u00b0C para -80\u00b0C a -50\u00b0C (-112\u00b0F a -58\u00b0F ) y +30\u00b0C a +40\u00b0C (86\u00b0F a 104\u00b0F)\nMejor que \u00b11,8\u00b0C para -90\u00b0C a -80\u00b0C (-130\u00b0F a -112\u00b0F)<\/td>\n<\/tr>\n<tr>\n<td class=\"text-base font-semibold font-gray\">Conectividad de la sonda<\/td>\n<td class=\"text-base font-gray-300\">Hasta 2<\/td>\n<\/tr>\n<tr>\n<td class=\"text-base font-semibold font-gray\">Compatibilidad de la sonda<\/td>\n<td class=\"text-base font-gray-300\">Todas las sondas externas de termistor de precisi\u00f3n ST100 pueden conectarse indistintamente al UTREL30-WiFi. Consulta la p\u00e1gina de Sondas externas en el sitio web de LogTag North America. <\/td>\n<\/tr>\n<tr>\n<td class=\"text-base font-semibold font-gray\">Capacidad de grabaci\u00f3n<\/td>\n<td class=\"text-base font-gray-300\">32.000 de memoria de registro total. Proporciona 16.000 lecturas de temperatura por canal.\nMemoria de estad\u00edsticas resumidas por d\u00edas (para mostrar en la pantalla LCD): hasta 30 d\u00edas de estad\u00edsticas de M\u00edn\/M\u00e1x\/duraci\u00f3n y activaci\u00f3n de alarmas. <\/td>\n<\/tr>\n<tr>\n<td class=\"text-base font-semibold font-gray\">Intervalo de muestreo<\/td>\n<td class=\"text-base font-gray-300\">Configurable de 30 segundos a 18 horas.<\/td>\n<\/tr>\n<tr>\n<td class=\"text-base font-semibold font-gray\">Opciones de inicio de registro<\/td>\n<td class=\"text-base font-gray-300\">Inicio mediante pulsador (con retardo de inicio configurable de 1 minuto a 72 horas) o fecha y hora espec\u00edficas.<\/td>\n<\/tr>\n<tr>\n<td class=\"text-base font-semibold font-gray\">Tiempo de descarga<\/td>\n<td class=\"text-base font-gray-300\">Normalmente, con la memoria llena (32.130 lecturas) en menos de 10 segundos.<\/td>\n<\/tr>\n<tr>\n<td class=\"text-base font-semibold font-gray\">Medioambiental<\/td>\n<td class=\"text-base font-gray-300\">IP61 (cuando se monta verticalmente o se cuelga).<\/td>\n<\/tr>\n<tr>\n<td class=\"text-base font-semibold font-gray\">Calibraci\u00f3n<\/td>\n<td class=\"text-base font-gray-300\">Calibrado en f\u00e1brica con equipo de referencia equivalente al NIST. Certificado de calibraci\u00f3n disponible previa solicitud. <\/td>\n<\/tr>\n<tr>\n<td class=\"text-base font-semibold font-gray\">Fuente de alimentaci\u00f3n<\/td>\n<td class=\"text-base font-gray-300\">5 V mediante toma micro USB o, 2 pilas alcalinas AAA de 1,5 V,\nCR2032 LiMnO2 de 3 V (s\u00f3lo funci\u00f3n de registro de reserva)<\/td>\n<\/tr>\n<tr>\n<td class=\"text-base font-semibold font-gray\">Duraci\u00f3n de la bater\u00eda<\/td>\n<td class=\"text-base font-gray-300\">Normalmente, el dispositivo debe alimentarse mediante USB.\nLas pilas AAA proporcionan energ\u00eda de reserva hasta 2 meses <\/td>\n<\/tr>\n<tr>\n<td class=\"text-base font-semibold font-gray\">Interfaz de conexi\u00f3n<\/td>\n<td class=\"text-base font-gray-300\">Conector USB 2.0 \/ Micro USB.<\/td>\n<\/tr>\n<tr>\n<td class=\"text-base font-semibold font-gray\">WiFi<\/td>\n<td class=\"text-base font-gray-300\">802.11 b\/g\/n<\/td>\n<\/tr>\n<tr>\n<td class=\"text-base font-semibold font-gray\">M\u00e9todos de autenticaci\u00f3n WiFi<\/td>\n<td class=\"text-base font-gray-300\">Abierto, WPA2\/PSK (con o sin PMF), EAP-PEAP, EAP-TTLS<\/td>\n<\/tr>\n<tr>\n<td class=\"text-base font-semibold font-gray\">Bluetooth<\/td>\n<td class=\"text-base font-gray-300\">Normalmente, el dispositivo debe alimentarse mediante USB.\nLas pilas AAA proporcionan energ\u00eda de reserva hasta 2 meses <\/td>\n<\/tr>\n<tr>\n<td class=\"text-base font-semibold font-gray\">Interfaz de conexi\u00f3n<\/td>\n<td class=\"text-base font-gray-300\">Conector USB 2.0 \/ Micro USB.<\/td>\n<\/tr>\n<tr>\n<td class=\"text-base font-semibold font-gray\">WiFi<\/td>\n<td class=\"text-base font-gray-300\">802.11 b\/g\/n<\/td>\n<\/tr>\n<tr>\n<td class=\"text-base font-semibold font-gray\">M\u00e9todos de autenticaci\u00f3n WiFi<\/td>\n<td class=\"text-base font-gray-300\">Abierto, WPA2\/PSK (con o sin PMF), EAP-PEAP, EAP-TTLS<\/td>\n<\/tr>\n<tr>\n<td class=\"text-base font-semibold font-gray\">Bluetooth<\/td>\n<td class=\"text-base font-gray-300\">Bluetooth\u00ae V4.2 BR\/EDR y Bluetooth LE\u00ae.<\/td>\n<\/tr>\n<tr>\n<td class=\"text-base font-semibold font-gray\">Tama\u00f1o<\/td>\n<td class=\"text-base font-gray-300\">141 mm(A) x 72 mm(A) x 18 mm(T).<\/td>\n<\/tr>\n<tr>\n<td class=\"text-base font-semibold font-gray\">Peso<\/td>\n<td class=\"text-base font-gray-300\">158 g con pilas AAA, (134 g - sin sonda ni pilas AAA).<\/td>\n<\/tr>\n<tr>\n<td class=\"text-base font-semibold font-gray\">Material de la carcasa<\/td>\n<td class=\"text-base font-gray-300\">Policarbonato.<\/td>\n<\/tr>\n<\/tbody>\n<\/table>"],"resources":["<ul class=\"resources-list\">\n \t<li><img src=\"https:\/\/praxas.com\/wp-content\/uploads\/document-icon.png\" alt=\"Icono de documento\"><a href=\"https:\/\/praxas.com\/wp-content\/uploads\/LogTag_UTREL30-WiFi_Brochure.pdf\">Folleto LogTag UTREL30-WiFi<\/a><\/li>\n \t<li><img src=\"https:\/\/praxas.com\/wp-content\/uploads\/document-icon.png\" alt=\"Icono de documento\"><a href=\"https:\/\/praxas.com\/wp-content\/uploads\/UTREL30-WiFi-QuickStartGuide.pdf\">Gu\u00eda de inicio r\u00e1pido de LogTag UTREL30-WiFi<\/a><\/li>\n \t<li><img src=\"https:\/\/praxas.com\/wp-content\/uploads\/document-icon.png\" alt=\"Icono de documento\"><a href=\"https:\/\/praxas.com\/wp-content\/uploads\/Bluetooth_Connection_Guide-1.pdf\">Gu\u00eda Bluetooth LogTag UTREL30-WiFi<\/a><\/li>\n<\/ul>"],"accessories":["[products skus=\"WBM-02,Buffer Bottle\"]"],"_uag_page_assets":["a:9:{s:3:\"css\";s:0:\"\";s:2:\"js\";s:0:\"\";s:18:\"current_block_list\";a:0:{}s:8:\"uag_flag\";b:0;s:11:\"uag_version\";s:10:\"1777052440\";s:6:\"gfonts\";a:0:{}s:10:\"gfonts_url\";s:0:\"\";s:12:\"gfonts_files\";a:0:{}s:14:\"uag_faq_layout\";b:0;}"],"rank_math_internal_links_processed":["1"],"_max_variation_price":[""],"_max_variation_regular_price":[""],"_max_variation_sale_price":[""],"_min_variation_price":[""],"_min_variation_regular_price":[""],"_min_variation_sale_price":[""],"_regular_price":[""],"_sale_price":[""],"_wc_pb_base_regular_price":[""],"_wc_pb_base_sale_price":[""],"_wc_pb_base_price":[""],"_wc_sw_max_price":[""],"_wc_sw_max_regular_price":[""],"_wc_rating_count":[""],"_wc_review_count":[""],"_wc_average_rating":[0]},"uagb_featured_image_src":{"full":["https:\/\/praxas.com\/wp-content\/uploads\/UTREL30-WiFi.jpg",1200,680,false],"thumbnail":["https:\/\/praxas.com\/wp-content\/uploads\/UTREL30-WiFi-150x150.jpg",150,150,true],"medium":["https:\/\/praxas.com\/wp-content\/uploads\/UTREL30-WiFi-300x170.jpg",300,170,true],"medium_large":["https:\/\/praxas.com\/wp-content\/uploads\/UTREL30-WiFi-768x435.jpg",768,435,true],"large":["https:\/\/praxas.com\/wp-content\/uploads\/UTREL30-WiFi-1024x580.jpg",1024,580,true],"1536x1536":["https:\/\/praxas.com\/wp-content\/uploads\/UTREL30-WiFi.jpg",1200,680,false],"2048x2048":["https:\/\/praxas.com\/wp-content\/uploads\/UTREL30-WiFi.jpg",1200,680,false],"crunchify-admin-post-featured-image":["https:\/\/praxas.com\/wp-content\/uploads\/UTREL30-WiFi-120x68.jpg",120,68,true],"commercegurus-pdp-large":["https:\/\/praxas.com\/wp-content\/uploads\/UTREL30-WiFi-990x561.jpg",990,561,true],"commercegurus-plp-mobile":["https:\/\/praxas.com\/wp-content\/uploads\/UTREL30-WiFi-441x250.jpg",441,250,true],"cgkit_image_swatch":["https:\/\/praxas.com\/wp-content\/uploads\/UTREL30-WiFi-100x100.jpg",100,100,true],"woocommerce_thumbnail":["https:\/\/praxas.com\/wp-content\/uploads\/UTREL30-WiFi-350x198.jpg",350,198,true],"woocommerce_single":["https:\/\/praxas.com\/wp-content\/uploads\/UTREL30-WiFi-800x453.jpg",800,453,true],"woocommerce_gallery_thumbnail":["https:\/\/praxas.com\/wp-content\/uploads\/UTREL30-WiFi-150x85.jpg",150,85,true]},"uagb_author_info":{"display_name":"Alex James","author_link":"https:\/\/praxas.com\/es\/author\/"},"uagb_comment_info":0,"uagb_excerpt":"-90\u00b0C a +40\u00b0C Doble canal, capacidad de 32.000 lecturas Carga WiFi en tiempo real a LogTag Online Resumen de alarmas de 30 d\u00edas en la pantalla LCD Alarmas ac\u00fasticas y visuales incorporadas","_links":{"self":[{"href":"https:\/\/praxas.com\/es\/wp-json\/wp\/v2\/product\/50241","targetHints":{"allow":["GET"]}}],"collection":[{"href":"https:\/\/praxas.com\/es\/wp-json\/wp\/v2\/product"}],"about":[{"href":"https:\/\/praxas.com\/es\/wp-json\/wp\/v2\/types\/product"}],"wp:featuredmedia":[{"embeddable":true,"href":"https:\/\/praxas.com\/es\/wp-json\/wp\/v2\/media\/50240"}],"wp:attachment":[{"href":"https:\/\/praxas.com\/es\/wp-json\/wp\/v2\/media?parent=50241"}],"wp:term":[{"taxonomy":"product_brand","embeddable":true,"href":"https:\/\/praxas.com\/es\/wp-json\/wp\/v2\/product_brand?post=50241"},{"taxonomy":"product_cat","embeddable":true,"href":"https:\/\/praxas.com\/es\/wp-json\/wp\/v2\/product_cat?post=50241"},{"taxonomy":"product_tag","embeddable":true,"href":"https:\/\/praxas.com\/es\/wp-json\/wp\/v2\/product_tag?post=50241"}],"curies":[{"name":"wp","href":"https:\/\/api.w.org\/{rel}","templated":true}]}}